{"id":6693,"date":"2022-08-31T07:23:50","date_gmt":"2022-08-31T07:23:50","guid":{"rendered":"https:\/\/bozita.com\/fi\/sosiaalista-koiranpentusi-kouluta-koirasi-tottumaan-uusiin-ymparistoihin\/"},"modified":"2023-02-27T14:46:59","modified_gmt":"2023-02-27T14:46:59","slug":"sosiaalista-koiranpentusi-kouluta-koirasi-tottumaan-uusiin-ymparistoihin","status":"publish","type":"page","link":"https:\/\/bozita.com\/fi\/koirasi-kehitys\/sosiaalista-koiranpentusi-kouluta-koirasi-tottumaan-uusiin-ymparistoihin\/","title":{"rendered":"Sosiaalista koiranpentusi &#8211; kouluta koirasi tottumaan uusiin ymp\u00e4rist\u00f6ihin"},"content":{"rendered":"\t\t<section class=\"small-hero\">\n\t\t\t<div class=\"container\">\n\t\t\t\t<h1 class=\"small-hero-title\">Sosiaalista koiranpentusi &#8211; kouluta koirasi tottumaan uusiin ymp\u00e4rist\u00f6ihin<\/h1>\t\t\t<\/div>\n\t\t\t<\/div>\n\t\t<\/section>\n\t\n\n\t<div class=\"text-box-warp\">\n\t\t<div class=\"container\">\n\t\t\t<div class=\"text-content\">\n\t\t\t\t<p>Milloin ja miten koiranpennun sosiaalistaminen ja ymp\u00e4rist\u00f6kouluttaminen pit\u00e4\u00e4 aloittaa?<br \/>\nAlkuvaiheessa koiranpennut ovat eritt\u00e4in vastaanottavaisia sosiaalisille virikkeille, joten se on t\u00e4ydellinen vaihe aloittaa sosiaalistaminen ja ymp\u00e4rist\u00f6nvaihdoksiin totuttaminen. Kun koulutat pennun tottumaan uusiin ymp\u00e4rist\u00f6ihin luot perusteet rauhalliselle ja itsevarmalle koiralle, joka p\u00e4rj\u00e4\u00e4 hyvin uusissa olosuhteissa ja ihmisten kanssa. Bozita on luonut &#8221;tarkistuslistan&#8221; joistakin tutuista tilanteista, joissa voit sosiaalistaa koiraasi ja opetella uusiin tilanteisiin tottumista.<\/p>\n<h2>PENTUKOULUTUS &#8211; YMP\u00c4RIST\u00d6KOULUTUS KASVATTAJAN KANSSA<\/h2>\n<p>Tutkimukset osoittavat, ett\u00e4 pennun kokemuksen niin sanotun sosiaalistamisvaiheen (aika, jolloin pentu on vastaanottavaisimmillaan sosiaalisille virikkeille) aikana vaikuttavat suuresti sen loppuel\u00e4m\u00e4\u00e4n. Kasvattajan vastuu on sosiaalistaa pentu ja aloittaa sen ym\u00e4rist\u00f6koulutus p\u00e4\u00e4st\u00e4m\u00e4ll\u00e4 pentu osalliseksi jokap\u00e4iv\u00e4ist\u00e4 el\u00e4m\u00e4\u00e4 kaikkine k\u00e4\u00e4nteineen. 5-6 viikon i\u00e4st\u00e4 l\u00e4htien ihmiskontaktien tulisi alkaa pentua kiinnostaa. Rapsuttelu, leikki ja k\u00e4sittely ovat kaikki t\u00e4rkeit\u00e4 pennun onnistuneessa sosiaalistamisessa ja niit\u00e4 pit\u00e4isi tehd\u00e4 koko pentueen kanssa ja joka pennun kanssa yksitellen. Pennut, joilta puuttuu s\u00e4\u00e4nn\u00f6llinen ihmiskontakti kokevat usein uusiin tilanteisiin sopeutumisen hankalammaksi. Kun pentu 8-9 viikon ik\u00e4isen\u00e4 muuttaa uuteen kotiinsa on t\u00e4rke\u00e4\u00e4, ett\u00e4 uusi omistaja jatkaa kasvattajan aloittamaa sosiaalistamista. Pennut ovat hyvin alttiita oppimaan 8-12 viikon ik\u00e4isin\u00e4 ja niiden kokemukset silloin luovat usein pysyvi\u00e4 muistoja. Se on t\u00e4rke\u00e4 jakso sosiaalisesta n\u00e4k\u00f6kulmasta, koiran persoonallisuuden perustat luodaan tuona aikana. <\/p>\n<h2>SOSIAALISTA PENTUSI SUUNNITELMALLISESTI<\/h2>\n<p>Uusiin ymp\u00e4rist\u00f6ihin tottumisen ja pennun sosiaalistamisen ei tarvitse olla monimutkaista. Jos koira saa tulla omistajan mukaan mahdollisimman usein tapahtuu totuttaminen itsest\u00e4\u00e4n. Mutta voit aina luoda &#8221;ymp\u00e4rist\u00f6koulutussuunnitelman&#8221;, tarkistuslistan siit\u00e4 mit\u00e4 haluat pentusi kokevan. Sit\u00e4 ei tarvitse seurata orjallisesti ja jos pennulta j\u00e4\u00e4 jokin kohta v\u00e4list\u00e4 voi sen aina tehd\u00e4 v\u00e4h\u00e4n my\u00f6h\u00e4isemm\u00e4ss\u00e4 vaiheessa. Koira on vastaanottavainen koko el\u00e4m\u00e4ns\u00e4 ajan. Vuosien aikana karttuneesta tavasta poisoppiminen vaatii vain enemm\u00e4n aikaa ja k\u00e4rsiv\u00e4llisyytt\u00e4. Sovella ymp\u00e4rist\u00f6koulutus koiran el\u00e4m\u00e4ntilanteeseen. Jos asut maaseudulla keskity ensinn\u00e4 asioihin, joita koira kokee siell\u00e4. Jos asut kaupungissa koulutuksen tulisi vastata kaupunkimaisia kokemuksia.<\/p>\n<h3>SOSIAALISTAMISEN JA YMP\u00c4RIST\u00d6KOULUTUKSEN TARKISTUSLISTA KOIRILLE JA KOIRANPENNUILLE<\/h3>\n<p>Alla on 11 kohtaa, jotka on hyv\u00e4 sis\u00e4llytt\u00e4\u00e4 suunnitelmaasi koiran ymp\u00e4rist\u00f6koulutuksesta<\/p>\n<ol>\n<li><strong>Totuta koira kotonasi erilaisiin \u00e4\u00e4niin<\/strong>\u00c4l\u00e4 hiiviskele kotona ollaksesi h\u00e4iritsem\u00e4tt\u00e4 pentua vaan annan el\u00e4m\u00e4n jatkua tavallisena. Totuta pentu televisioon, p\u00f6lynimuriin, ruohonleikkuriin, hiustenkuivaajaan, puhelimeen, ovikelloon, r\u00e4miseviin kattiloihin ja pannuihin ja kaikkiin muihin normaaleihin kodin \u00e4\u00e4niin.<\/li>\n<li><strong>Anna koiran tavata muita ihmisi\u00e4<\/strong> Koirasi t\u00e4ytyy hyv\u00e4ksy\u00e4 toisten ihmisten kosketus (taputtaminen, koskeminen, nostelu, suun tarkastelu, korviin katsominen jne.), etenkin kun k\u00e4ytte el\u00e4inl\u00e4\u00e4k\u00e4riss\u00e4. Vastaan voi my\u00f6s tulla tilanteita, jolloin tarvitset jonkun muun hoitamaan koiraasi kuten sairaus, loukkaantuminen tai pitempi matka. Pennun on my\u00f6s hyv\u00e4 tottua erin\u00e4k\u00f6isiin ihmisiin ja eri tavoin liikkuviin ihmisiin, kuten rullatuolissa olevat, rullaluistelijat, py\u00f6r\u00e4ilij\u00e4t jne.<\/li>\n<li><strong>Totuta koirasi lapsiin<\/strong> Lapset ovat aikuisia \u00e4\u00e4nekk\u00e4\u00e4mpi\u00e4 ja liikkuvat eri tavoin. Jos sinulle ei ole lasta l\u00e4hipiiriss\u00e4 k\u00e4vele koulun ohi ja anna lasten tulla taputtamaan koiraa, muutama kerrallaan. \u00c4l\u00e4 koskaan j\u00e4t\u00e4 koiraa yksin pikkulapsen kanssa!<\/li>\n<li><strong>Koiratapaamiset &#8211; anna koirasi kohdata muita koiria <\/strong>Koirasi pit\u00e4\u00e4 oppia koirien kieli ja ihmisen on &#8211; ymm\u00e4rrett\u00e4vist\u00e4 syist\u00e4 &#8211; t\u00e4t\u00e4 mahdoton opettaa. Mit\u00e4 useampia yst\u00e4v\u00e4llisi\u00e4 koiria &#8211; suuria ja pieni\u00e4 &#8211; pentusi kohtaa sen parempi sen itsetunto on uusia koiria tavatessaan. Anna pennun leikki\u00e4 yst\u00e4v\u00e4llisten vanhempien koirien kanssa. Koirakontaktien puuttumisen on todistettu aiheuttavan puutteita koirien v\u00e4lisess\u00e4 kommunikaatiossa. \u00c4l\u00e4 odota 12-viikon rokotuksen j\u00e4lkeist\u00e4 aikaa. Pennulla on rokotetulta \u00e4idilt\u00e4\u00e4n perittyj\u00e4 vasta-aineita, joten rokotetun aikuisen koiran v\u00e4litt\u00e4m\u00e4n tartunnan riski on pieni. Sosiaalistamisen hy\u00f6dyt ovat paljon tartunnan riski\u00e4 suuremmat. <\/li>\n<li><strong>Anna koiran tutkia erilaisia alustoja<\/strong> K\u00e4velyt\u00e4 pentua nurmikolla, soralla, lumessa, puulattialla, matoilla, kallioilla, hiekalla, vedess\u00e4 jne. Erilaisiin alustoihin tottuminen antaa varmuutta liikkumiseen erilaisissa ym\u00e4rist\u00f6iss\u00e4<\/li>\n<li><strong>Matkusta koiran kanssa linja-autolla, junalla ja veneell\u00e4<\/strong> Mit\u00e4 useampiin liikennev\u00e4lineisiin koira tottuu, sit\u00e4 enemm\u00e4n vapautta liikkua sinulla on. Aloita aina lyhyill\u00e4 matkoilla, 5 minuuttia riitt\u00e4\u00e4, ja varmista, ett\u00e4 matkan lopuksi tapahtuu jotain mukavaa, esimerkiksi mets\u00e4k\u00e4vely. Pidenn\u00e4 matkoja v\u00e4hitellen. Muista, ett\u00e4 koiran pit\u00e4\u00e4 aina olla valjaissa tai h\u00e4kiss\u00e4 kun ajat. Koiran pit\u00e4minen vapaana autossa on Ruotsissa laitonta. <\/li>\n<li><strong>Vie koira ihmisvilin\u00e4\u00e4n<\/strong>Kiireisi\u00e4 paikkoja tulee vastaan riippumatta siit\u00e4 miss\u00e4 asut. N\u00e4m\u00e4 tarkoittavat koiralle paljon hajuja ja \u00e4\u00e4ni\u00e4. P\u00e4\u00e4asiassa koirasi n\u00e4kee ihmisten jalkoja. Totuta koirasi v\u00e4hitellen ihmisvilin\u00e4\u00e4n. Pient\u00e4 koiraa on hyv\u00e4 pit\u00e4\u00e4 syliss\u00e4, jotta sen p\u00e4\u00e4lle ei tallata.<\/li>\n<li><strong>K\u00e4vele koirasi kanssa tunneleissa ja siltojen yli<\/strong> K\u00e4vele koirasi kanssa tunneleissa ja siltojen yli totuttaaksesi sen liikenteen \u00e4\u00e4niin. Tunneleissa on my\u00f6s pime\u00e4\u00e4 ja \u00e4\u00e4net muuttuvat kummallisiksi.<\/li>\n<li><strong>Kulje  koiran kanssa hississ\u00e4 ja portaissa<\/strong> Harjoitelkaa portaissa k\u00e4vely\u00e4, mutta ei liian pitk\u00e4\u00e4n. Portaat rasittavat koiran lihaksia ja niveli\u00e4 kun ne eiv\u00e4t ole viel\u00e4 t\u00e4ysin kehittyneet. V\u00e4lt\u00e4 hissej\u00e4 jos et voi pit\u00e4\u00e4 koiraa syliss\u00e4, sill\u00e4 ne voivat olla pelottavia ja vaarallisia. Koiran h\u00e4nt\u00e4 tai tassu saattaa j\u00e4\u00e4d\u00e4 puristuksiin. Harjoitelkaa hissill\u00e4 kulkemista, jotta sei ole my\u00f6hemm\u00e4ss\u00e4 vaiheessa vieras kokemus.<\/li>\n<li><strong>Tutustuta koirasi maaseutuun ja kaupunkiin<\/strong> Vaihtakaa maisemaa usein! Ota koira maaseudulta kaupunkiin tai p\u00e4invastoin (riippuen siit\u00e4 miss\u00e4 asut) ja tutustuta pentu uusiin asioihin kuten muihin el\u00e4imiin, huutaviin ihmisiin, suurin koneisiin, rakennusty\u00f6maihin jne.<\/li>\n<li><strong>Totuta koira koviin ja yll\u00e4tt\u00e4viin \u00e4\u00e4niin<\/strong>Koiran totuttaminen koviin ja yll\u00e4tt\u00e4viin \u00e4\u00e4niin kuten ukkoseen, laukauksiin ja ilotulitteisiin vie aikaa ja pit\u00e4\u00e4 tehd\u00e4 rauhassa. On olemassa t\u00e4h\u00e4n suunniteltuja aplikaatioita ja CD-levyj\u00e4, jotka sis\u00e4lt\u00e4v\u00e4t erilaisia \u00e4\u00e4ni\u00e4. Aloita alhaisella \u00e4\u00e4nenvoimakkuudella ja nosta sit\u00e4 kun koiran itsevarmuus kasvaa.<\/li>\n<\/ol>\n<h2>YMP\u00c4RIST\u00d6KOULUTUKSEN PIT\u00c4\u00c4 TAPAHTUA KOIRAN TAHDILLA<\/h2>\n<p>T\u00e4rkein asia koiran sosiaalistamisessa ja ymp\u00e4rist\u00f6koulutuksessa on, ett\u00e4 se pysyy hyv\u00e4ss\u00e4 mielentilassa ja kaikki tutustuminen tapahtuu luonnollisella ja rauhallisella tavalla. Anna pennulle aikaa tottua uusiin ilmi\u00f6ihin tahdilla, joka sille sopii ja pid\u00e4 huoli ett\u00e4 se p\u00e4\u00e4see per\u00e4\u00e4ntym\u00e4\u00e4n jos tilanne tuntuu vaikealta. Koirasi ei saa tuntea oloaan paineistetuksi ja uhatuksi. On parempi ottaa askel taaksep\u00e4in ja jatkaa my\u00f6hemmin. Jos pentu altistetaan voimakkaille aistituntemuksille, jotka pelottavat sit\u00e4 t\u00e4ss\u00e4 el\u00e4m\u00e4nvaiheessa se voi vaikuttaa reaktioihin loppuel\u00e4m\u00e4n ajan. K\u00e4ytt\u00e4ydy omistajana aina rauhallisesti ja hallitusti sosiaalistamisen aikana. Kun jotain yll\u00e4tt\u00e4v\u00e4\u00e4 tapahtuu koirat hakevat vahvistusta lauman johtajalta ja jos sin\u00e4 olet poissa tolaltasi my\u00f6s koira ahdistuu tilanteesta. Sinun pit\u00e4isi aina olla koirasi el\u00e4m\u00e4ss\u00e4 rauhallinen ja turvallinen asia, jotta se tiet\u00e4\u00e4 olevansa turvassa.  <\/p>\n\t\t\t<\/div>\n\t\t<\/div>\n\t<\/div>\n\n\n\n\t<section class=\"block related-articles\">\n\t\t<div class=\"container\">\n\t\t\t<h2>Aiheeseen liittyvi\u00e4 artikkeleita<\/h2>\n\t\t\t<div class=\"row justify-content-center\">\n\t\t\t\t\t\t\t\t\t\t<div class=\"col-sm-6 col-md-6 col-lg-3\">\n\t\t\t\t\t\t\t\t\t\t\t\t\t\t<div class=\"card \">\n\t\t\t\t\t\t\t\t\t\t\t\t\t\t\t\t\t<img decoding=\"async\"  src=\"https:\/\/bozita.com\/fi\/wp-content\/uploads\/sites\/11\/2021\/06\/bozita-smakgaranti-hundmat-kattmat.jpeg\" alt=\"\">\n\t\t\t\t\t\t\t\t\t\t\t\t\t\t\t\t\t<!-- <img decoding=\"async\" src=\"\n\t\t\t\t\t\t\t\t\t\t\t\t\t\t\t\t\t\t\t\t\" alt=\"\n\t\t\t\t\t\t\t\t\t\t\t\t\t\t\t\t\t\t\t\t\t\t\t\t\t\t\t\"> -->\n\t\t\t\t\t\t\t\t<div class=\"card-body\">\n\t\t\t\t\t\t\t\t\t\t\t\t\t\t\t\t\t\t\t<h6>Koirakurssit ja aktiviteetit<\/h6>\n\t\t\t\t\t\t\t\t\t\t\t\t\t\t\t\t\t\t\t<a href=\"https:\/\/bozita.com\/fi\/aktiovoi-koirasi\/koirakurssit-ja-aktiviteetit\/\">Lue lis\u00e4\u00e4 &nbsp; ><\/a>\n\t\t\t\t\t\t\t\t<\/div>\n\t\t\t\t\t\t\t<\/div>\n\t\t\t\t\t\t<\/div>\n\n\t\t\t\t\t\t\t\t\t\t\t<div class=\"col-sm-6 col-md-6 col-lg-3\">\n\t\t\t\t\t\t\t\t\t\t\t\t\t\t<div class=\"card \">\n\t\t\t\t\t\t\t\t\t\t\t\t\t\t\t\t\t<img decoding=\"async\"  src=\"https:\/\/bozita.com\/fi\/wp-content\/uploads\/sites\/11\/2021\/08\/bozita-hundvalp-spokalder-plotsliga-radslor.jpeg\" alt=\"\">\n\t\t\t\t\t\t\t\t\t\t\t\t\t\t\t\t\t<!-- <img decoding=\"async\" src=\"\n\t\t\t\t\t\t\t\t\t\t\t\t\t\t\t\t\t\t\t\t\" alt=\"\n\t\t\t\t\t\t\t\t\t\t\t\t\t\t\t\t\t\t\t\t\t\t\t\t\t\t\t\"> -->\n\t\t\t\t\t\t\t\t<div class=\"card-body\">\n\t\t\t\t\t\t\t\t\t\t\t\t\t\t\t\t\t\t\t<h6>Koiran m\u00f6rk\u00f6ik\u00e4 &#8211; pelk\u00e4\u00e4k\u00f6 koirasi yht&#8217;\u00e4kki\u00e4 kaikkea?<\/h6>\n\t\t\t\t\t\t\t\t\t\t\t\t\t\t\t\t\t\t\t<a href=\"https:\/\/bozita.com\/fi\/koirasi-kehitys\/koiran-morkoika-pelkaako-koirasi-yhtakkia-kaikkea\/\">Lue lis\u00e4\u00e4 &nbsp; ><\/a>\n\t\t\t\t\t\t\t\t<\/div>\n\t\t\t\t\t\t\t<\/div>\n\t\t\t\t\t\t<\/div>\n\n\t\t\t\t\t\t\t\t\t\t\t<div class=\"col-sm-6 col-md-6 col-lg-3\">\n\t\t\t\t\t\t\t\t\t\t\t\t\t\t<div class=\"card \">\n\t\t\t\t\t\t\t\t\t\t\t\t\t\t\t\t\t<img decoding=\"async\"  src=\"https:\/\/bozita.com\/fi\/wp-content\/uploads\/sites\/11\/2021\/08\/bozita-hund-tonaring.jpeg\" alt=\"\">\n\t\t\t\t\t\t\t\t\t\t\t\t\t\t\t\t\t<!-- <img decoding=\"async\" src=\"\n\t\t\t\t\t\t\t\t\t\t\t\t\t\t\t\t\t\t\t\t\" alt=\"\n\t\t\t\t\t\t\t\t\t\t\t\t\t\t\t\t\t\t\t\t\t\t\t\t\t\t\t\"> -->\n\t\t\t\t\t\t\t\t<div class=\"card-body\">\n\t\t\t\t\t\t\t\t\t\t\t\t\t\t\t\t\t\t\t<h6>Koiran nuoruus &#8211; vinkkej\u00e4 koiran teini-ik\u00e4\u00e4n<\/h6>\n\t\t\t\t\t\t\t\t\t\t\t\t\t\t\t\t\t\t\t<a href=\"https:\/\/bozita.com\/fi\/koirasi-kehitys\/koiran-nuoruus-vinkkeja-koiran-teini-ikaan\/\">Lue lis\u00e4\u00e4 &nbsp; ><\/a>\n\t\t\t\t\t\t\t\t<\/div>\n\t\t\t\t\t\t\t<\/div>\n\t\t\t\t\t\t<\/div>\n\n\t\t\t\t\t\t\t\t\t\t\t\t<\/div>\n\t\t<\/div>\n\t<\/section>\n","protected":false},"excerpt":{"rendered":"","protected":false},"author":1,"featured_media":6694,"parent":6554,"menu_order":0,"comment_status":"closed","ping_status":"closed","template":"guternberg.php","meta":{"footnotes":""},"acf":[],"yoast_head":"<!-- This site is optimized with the Yoast SEO plugin v21.3 - https:\/\/yoast.com\/wordpress\/plugins\/seo\/ -->\n<title>Sosiaalista koiranpentusi - kouluta koirasi tottumaan uusiin ymp\u00e4rist\u00f6ihin - Bozita Finland<\/title>\n<meta name=\"description\" content=\"Ymp\u00e4rist\u00f6kouluta ja sosiaalista koirasi. Anna pentusi tavata muita koiria ja totuta se koiratapaamisiin. Seuraa tarkistuslistaamme koirasi tottutamiseksi uusiin ymp\u00e4rist\u00f6ihin.\" \/>\n<meta name=\"robots\" content=\"index, follow, max-snippet:-1, max-image-preview:large, max-video-preview:-1\" \/>\n<link rel=\"canonical\" href=\"https:\/\/bozita.com\/fi\/koirasi-kehitys\/sosiaalista-koiranpentusi-kouluta-koirasi-tottumaan-uusiin-ymparistoihin\/\" \/>\n<meta property=\"og:locale\" content=\"fi_FI\" \/>\n<meta property=\"og:type\" content=\"article\" \/>\n<meta property=\"og:title\" content=\"Sosiaalista koiranpentusi - kouluta koirasi tottumaan uusiin ymp\u00e4rist\u00f6ihin - Bozita Finland\" \/>\n<meta property=\"og:description\" content=\"Ymp\u00e4rist\u00f6kouluta ja sosiaalista koirasi. Anna pentusi tavata muita koiria ja totuta se koiratapaamisiin. Seuraa tarkistuslistaamme koirasi tottutamiseksi uusiin ymp\u00e4rist\u00f6ihin.\" \/>\n<meta property=\"og:url\" content=\"https:\/\/bozita.com\/fi\/koirasi-kehitys\/sosiaalista-koiranpentusi-kouluta-koirasi-tottumaan-uusiin-ymparistoihin\/\" \/>\n<meta property=\"og:site_name\" content=\"Bozita Finland\" \/>\n<meta property=\"article:modified_time\" content=\"2023-02-27T14:46:59+00:00\" \/>\n<meta property=\"og:image\" content=\"https:\/\/bozita.com\/fi\/wp-content\/uploads\/sites\/11\/2021\/08\/bozita-hundvalp-miljotraning-socialisering.jpeg\" \/>\n\t<meta property=\"og:image:width\" content=\"800\" \/>\n\t<meta property=\"og:image:height\" content=\"533\" \/>\n\t<meta property=\"og:image:type\" content=\"image\/jpeg\" \/>\n<meta name=\"twitter:card\" content=\"summary_large_image\" \/>\n<!-- \/ Yoast SEO plugin. -->","yoast_head_json":{"title":"Sosiaalista koiranpentusi - kouluta koirasi tottumaan uusiin ymp\u00e4rist\u00f6ihin - Bozita Finland","description":"Ymp\u00e4rist\u00f6kouluta ja sosiaalista koirasi. Anna pentusi tavata muita koiria ja totuta se koiratapaamisiin. Seuraa tarkistuslistaamme koirasi tottutamiseksi uusiin ymp\u00e4rist\u00f6ihin.","robots":{"index":"index","follow":"follow","max-snippet":"max-snippet:-1","max-image-preview":"max-image-preview:large","max-video-preview":"max-video-preview:-1"},"canonical":"https:\/\/bozita.com\/fi\/koirasi-kehitys\/sosiaalista-koiranpentusi-kouluta-koirasi-tottumaan-uusiin-ymparistoihin\/","og_locale":"fi_FI","og_type":"article","og_title":"Sosiaalista koiranpentusi - kouluta koirasi tottumaan uusiin ymp\u00e4rist\u00f6ihin - Bozita Finland","og_description":"Ymp\u00e4rist\u00f6kouluta ja sosiaalista koirasi. Anna pentusi tavata muita koiria ja totuta se koiratapaamisiin. Seuraa tarkistuslistaamme koirasi tottutamiseksi uusiin ymp\u00e4rist\u00f6ihin.","og_url":"https:\/\/bozita.com\/fi\/koirasi-kehitys\/sosiaalista-koiranpentusi-kouluta-koirasi-tottumaan-uusiin-ymparistoihin\/","og_site_name":"Bozita Finland","article_modified_time":"2023-02-27T14:46:59+00:00","og_image":[{"width":800,"height":533,"url":"https:\/\/bozita.com\/fi\/wp-content\/uploads\/sites\/11\/2021\/08\/bozita-hundvalp-miljotraning-socialisering.jpeg","type":"image\/jpeg"}],"twitter_card":"summary_large_image","schema":{"@context":"https:\/\/schema.org","@graph":[{"@type":"WebPage","@id":"https:\/\/bozita.com\/fi\/koirasi-kehitys\/sosiaalista-koiranpentusi-kouluta-koirasi-tottumaan-uusiin-ymparistoihin\/","url":"https:\/\/bozita.com\/fi\/koirasi-kehitys\/sosiaalista-koiranpentusi-kouluta-koirasi-tottumaan-uusiin-ymparistoihin\/","name":"Sosiaalista koiranpentusi - kouluta koirasi tottumaan uusiin ymp\u00e4rist\u00f6ihin - Bozita Finland","isPartOf":{"@id":"https:\/\/bozita.com\/fi\/#website"},"datePublished":"2022-08-31T07:23:50+00:00","dateModified":"2023-02-27T14:46:59+00:00","description":"Ymp\u00e4rist\u00f6kouluta ja sosiaalista koirasi. Anna pentusi tavata muita koiria ja totuta se koiratapaamisiin. Seuraa tarkistuslistaamme koirasi tottutamiseksi uusiin ymp\u00e4rist\u00f6ihin.","breadcrumb":{"@id":"https:\/\/bozita.com\/fi\/koirasi-kehitys\/sosiaalista-koiranpentusi-kouluta-koirasi-tottumaan-uusiin-ymparistoihin\/#breadcrumb"},"inLanguage":"fi","potentialAction":[{"@type":"ReadAction","target":["https:\/\/bozita.com\/fi\/koirasi-kehitys\/sosiaalista-koiranpentusi-kouluta-koirasi-tottumaan-uusiin-ymparistoihin\/"]}]},{"@type":"BreadcrumbList","@id":"https:\/\/bozita.com\/fi\/koirasi-kehitys\/sosiaalista-koiranpentusi-kouluta-koirasi-tottumaan-uusiin-ymparistoihin\/#breadcrumb","itemListElement":[{"@type":"ListItem","position":1,"name":"Koti","item":"https:\/\/bozita.com\/fi\/"},{"@type":"ListItem","position":2,"name":"Koirasi kehitys","item":"https:\/\/bozita.com\/fi\/koirasi-kehitys\/"},{"@type":"ListItem","position":3,"name":"Sosiaalista koiranpentusi &#8211; kouluta koirasi tottumaan uusiin ymp\u00e4rist\u00f6ihin"}]},{"@type":"WebSite","@id":"https:\/\/bozita.com\/fi\/#website","url":"https:\/\/bozita.com\/fi\/","name":"Bozita Finland","description":"","potentialAction":[{"@type":"SearchAction","target":{"@type":"EntryPoint","urlTemplate":"https:\/\/bozita.com\/fi\/?s={search_term_string}"},"query-input":"required name=search_term_string"}],"inLanguage":"fi"}]}},"_links":{"self":[{"href":"https:\/\/bozita.com\/fi\/wp-json\/wp\/v2\/pages\/6693"}],"collection":[{"href":"https:\/\/bozita.com\/fi\/wp-json\/wp\/v2\/pages"}],"about":[{"href":"https:\/\/bozita.com\/fi\/wp-json\/wp\/v2\/types\/page"}],"author":[{"embeddable":true,"href":"https:\/\/bozita.com\/fi\/wp-json\/wp\/v2\/users\/1"}],"replies":[{"embeddable":true,"href":"https:\/\/bozita.com\/fi\/wp-json\/wp\/v2\/comments?post=6693"}],"version-history":[{"count":3,"href":"https:\/\/bozita.com\/fi\/wp-json\/wp\/v2\/pages\/6693\/revisions"}],"predecessor-version":[{"id":8130,"href":"https:\/\/bozita.com\/fi\/wp-json\/wp\/v2\/pages\/6693\/revisions\/8130"}],"up":[{"embeddable":true,"href":"https:\/\/bozita.com\/fi\/wp-json\/wp\/v2\/pages\/6554"}],"wp:featuredmedia":[{"embeddable":true,"href":"https:\/\/bozita.com\/fi\/wp-json\/wp\/v2\/media\/6694"}],"wp:attachment":[{"href":"https:\/\/bozita.com\/fi\/wp-json\/wp\/v2\/media?parent=6693"}],"curies":[{"name":"wp","href":"https:\/\/api.w.org\/{rel}","templated":true}]}}