{"id":6795,"date":"2022-08-31T07:24:43","date_gmt":"2022-08-31T07:24:43","guid":{"rendered":"https:\/\/bozita.com\/fi\/miksi-valita-bozita\/"},"modified":"2023-02-27T14:20:20","modified_gmt":"2023-02-27T14:20:20","slug":"miksi-valita-bozita","status":"publish","type":"page","link":"https:\/\/bozita.com\/fi\/miksi-valita-bozita\/","title":{"rendered":"Miksi valita Bozita"},"content":{"rendered":"\n<section class=\"block video\">\n\t<img decoding=\"async\" id=\"videoImg\" src=\"https:\/\/bozita.com\/fi\/wp-content\/uploads\/sites\/11\/2021\/08\/Anette-Andersson_100320_5628_HIRES@2x-_optimised.png\" alt=\"\">\t\n\t<div class=\"overlay\">\n\t\t<div class=\"container\">\n\t\t\t<div class=\"row\">\n\t\t\t\t<div class=\"col-md-7 col-lg-6\">\n\t\t\t\t\t<h4>RUOTSALAINEN LUONNOLLINEN LAATU<\/h4>\n\t\t\t\t\t<h1>Miksi valita Bozita<\/h1>\n\t\t\t\t\t\t\t\t\t\t<!-- <a class=\"btn btn-default\" href=\"#\"><i class=\"fas fa-play\"><\/i> WATCH THE VIDEO<\/a> -->\n\t\t\t\t\t<button type=\"button\" class=\"btn btn-default video-btn\" data-toggle=\"modal\" data-src=\"https:\/\/www.youtube.com\/embed\/O4jvVbFY51w\"  data-target=\"#myModal\">\n\t\t\t\t\t\t<i class=\"fas fa-play\"><\/i> Katso video\t\t\t\t\t<\/button>\n\n\t\t\t\t\t<div class=\"modal fade\" id=\"myModal\" tabindex=\"-1\" role=\"dialog\" aria-labelledby=\"exampleModalLabel\" aria-hidden=\"true\">\n\t\t\t\t\t\t<div class=\"modal-dialog modal-dialog-centered\" role=\"document\">\n\t\t\t\t\t\t\t<div class=\"modal-content\">\n\t\t\t\t\t\t\t\t<div class=\"modal-body\">\n\t\t\t\t\t\t\t\t\t<button type=\"button\" class=\"close\" data-dismiss=\"modal\" aria-label=\"Close\">\n\t\t\t\t\t\t\t\t\t\t<span aria-hidden=\"true\">Close X<\/span>\n\t\t\t\t\t\t\t\t\t<\/button>\n\t\t\t\t\t\t\t\t\t<!-- 16:9 aspect ratio -->\n\t\t\t\t\t\t\t\t\t<div class=\"embed-responsive embed-responsive-16by9\">\n\t\t\t\t\t\t\t\t\t\t<iframe class=\"embed-responsive-item\" src=\"\" id=\"video\" allowscriptaccess=\"always\" allow=\"autoplay\"><\/iframe>\n\t\t\t\t\t\t\t\t\t<\/div>\n\t\t\t\t\t\t\t\t<\/div>\n\t\t\t\t\t\t\t<\/div>\n\t\t\t\t\t\t<\/div>\n\t\t\t\t\t<\/div>\n\t\t\t\t<\/div>\n\t\t\t<\/div>\n\n\t\t<\/div>\n\t<\/div>\n<\/section>\n<script>\n\tvar videoImg    = 1;   \n\tvar videoSource = 'https:\/\/www.youtube.com\/embed\/O4jvVbFY51w'; \n<\/script>\n\n\n\t<div class=\"text-box-warp\">\n\t\t<div class=\"container\">\n\t\t\t<div class=\"text-content\">\n\t\t\t\t<h2>RUOTSALAINEN PERINT\u00d6MME<\/h2>\n<p>Ruotsilla on rikas er\u00e4maa ja uniikki fauna sek\u00e4 lis\u00e4ksi my\u00f6s poikkeuksellisen puhdas ilma ja vesi. Kunnioituksesta el\u00e4imi\u00e4 ja ymp\u00e4r\u00f6iv\u00e4\u00e4 luontoa kohtaan valitsemme ainesosamme Pohjoisesta luonnosta tai valikoiduilta, filosofiamme jakavilta, ruotsalaisilta maatiloilta. Kissat ja koirat ovat el\u00e4m\u00e4mme jakavia kumppaneina ja niiden hyvinvointi perustuu terveelliseen ruokavalioon sek\u00e4 aktiiviseen el\u00e4m\u00e4ntapaan. Se on kuitenkin enemm\u00e4n kuin vain ruokaa kulhossa, kyse on my\u00f6s siit\u00e4 miten sen valmistamme.<\/p>\n<h2>UUSIUTUVA ENERGIA, LUONNOLLISET AINESOSAT, YMP\u00c4RIST\u00d6YST\u00c4V\u00c4LLISET PAKKAUKSET<\/h2>\n<p>Kest\u00e4vyys, ymp\u00e4rist\u00f6 ja yhteinen tulevaisuutemme mieless\u00e4, olemme uudistaneet keitti\u00f6mme V\u00e5rg\u00e5rdassa toimimaan 100 prosenttisesti uusiutuvalla energialla. Lis\u00e4ksi se on elintarvikesertifioitu ISO 2200 mukaisesti vuodesta 2007. Bozitan tuotteissaan k\u00e4ytt\u00e4m\u00e4t ainesosat tulevat mahdollisimman suuressa m\u00e4\u00e4rin ruotsalaisilta tuottajilta. M\u00e4in voit olla varma, ett\u00e4 tuotteet on kehitetty tiukan el\u00e4insuojelulains\u00e4\u00e4d\u00e4nn\u00f6n mukaisesti. Lains\u00e4\u00e4d\u00e4nt\u00f6 kielt\u00e4\u00e4 muun muassa kasvuhormonien k\u00e4yt\u00f6n ja rajoittaa tarkasti antibioottien k\u00e4ytt\u00e4mist\u00e4. Ruoka on pakattu ymp\u00e4rist\u00f6yst\u00e4v\u00e4llisiin pakkauksiin ymp\u00e4rist\u00f6vaikutuksen minimoimiseksi.<\/p>\n<ul>\n<li><a title=\"Climate smart packaging\" href=\"https:\/\/bozita.com\/fi\/tetra-recart-ymparistoystavallinen-pakkaus-markaruoalle\/?lang=fi\" data-udi=\"umb:\/\/document\/4a233b8b868245eaac63d1c20c186d05\"><u>Tetra Recart<sup>\u00ae<\/sup>, ymp\u00e4rist\u00f6yst\u00e4v\u00e4llinen pakkaus m\u00e4rk\u00e4ruoalle<\/u><\/a><\/li>\n<\/ul>\n<h2>SUUNNITELTU YHDESS\u00c4 ASIANTUNTIJOIDEMME KANSSA<\/h2>\n<p>Menestys ei tule vahingossa! Voidaksemme jatkuvasti kehitt\u00e4\u00e4 tuotteitamme, teemme tiivist\u00e4 yhteisty\u00f6t\u00e4 l\u00e4hettil\u00e4idemme kanssa. He ovat kaikki kokeneita kissan- ja koiranomistajia, joilla on v\u00f6ill\u00e4\u00e4n useiden kilpailujen voittoja. Tutustu heihin ja anna heid\u00e4n ohjata sinua l\u00f6yt\u00e4m\u00e4\u00e4n koirasi tarpeisiin sopiva ruoka ja aktiviteetti.<\/p>\n<ul>\n<li><a title=\"Bozita's ambassadors\" href=\"https:\/\/bozita.com\/fi\/lahettilaat\/?lang=fi\" data-id=\"6403\"><u>Tutustu Bozitan l\u00e4hettil\u00e4isiin<\/u><\/a><\/li>\n<\/ul>\n\t\t\t<\/div>\n\t\t<\/div>\n\t<\/div>\n\n\n\t<section class=\"block section-promos\">\n\t\t<div class=\"container\">\n\t\t\t<div class=\"row\">\n\t\t\t\t\t\t\t\t\t\t<div class=\"col-md-6 col-lg-4 condensed_V2\">\n\t\t\t\t\t\t\t<div class=\"card\">\n\t\t\t\t\t\t\t\t\t\t\t\t\t\t\t\t\t<img decoding=\"async\" class=\"card-img-top\" src=\"https:\/\/bozita.com\/fi\/wp-content\/uploads\/sites\/11\/2021\/06\/bozita-about-us.jpeg\" alt=\"\">\n\t\t\t\t\t\t\t\t\t\t\t\t\t\t\t\t<div class=\"card-body\">\n\t\t\t\t\t\t\t\t\t<h5 class=\"card-title\">Bozitasta<\/h5>\n\t\t\t\t\t\t\t\t\t<p class=\"card-text\">Olemme valmistaneet koiran- ja kissanruokaa jo yli 100 vuoden ajan! Kaikki ruokamme valmistetaan V\u00e5rg\u00e5rdassa korkealaatuisimmista ainesosista.<\/p>\n\t\t\t\t\t\t\t\t\t\t\t\t\t\t\t\t\t\t\t<a target=\"\" href=\"https:\/\/bozita.com\/fi\/bozitasta\/\" class=\"btn btn-white\">Bozitasta<\/a>\n\t\t\t\t\t\t\t\t\t\t\t\t\t\t\t\t\t\t<\/div>\n\t\t\t\t\t\t\t<\/div>\n\t\t\t\t\t\t<\/div>\n\t\t\t\t\t\t\t\t\t\t\t\t<div class=\"col-md-6 col-lg-4 condensed_V2\">\n\t\t\t\t\t\t\t<div class=\"card\">\n\t\t\t\t\t\t\t\t\t\t\t\t\t\t\t\t\t<img decoding=\"async\" class=\"card-img-top\" src=\"https:\/\/bozita.com\/fi\/wp-content\/uploads\/sites\/11\/2021\/06\/bozita-breeders-club-dog-cat.jpeg\" alt=\"\">\n\t\t\t\t\t\t\t\t\t\t\t\t\t\t\t\t<div class=\"card-body\">\n\t\t\t\t\t\t\t\t\t<h5 class=\"card-title\">Kasvattajille<\/h5>\n\t\t\t\t\t\t\t\t\t<p class=\"card-text\">Jos olet kissan- tai koirankasvattaja, jolla on v\u00e4hint\u00e4\u00e4n yksi pentue joka kolmas vuosi, voit liitty\u00e4 kasvattajien seuraamme, Bozita Breeders Clubiin.<\/p>\n\t\t\t\t\t\t\t\t\t\t\t\t\t\t\t\t\t\t\t<a target=\"\" href=\"https:\/\/bozita.com\/fi\/bozita-breeders-club\/\" class=\"btn btn-white\">Bozita Breeders Club<\/a>\n\t\t\t\t\t\t\t\t\t\t\t\t\t\t\t\t\t\t<\/div>\n\t\t\t\t\t\t\t<\/div>\n\t\t\t\t\t\t<\/div>\n\t\t\t\t\t\t\t\t\t\t\t\t<div class=\"col-md-6 col-lg-4 condensed_V2\">\n\t\t\t\t\t\t\t<div class=\"card\">\n\t\t\t\t\t\t\t\t\t\t\t\t\t\t\t\t\t<img decoding=\"async\" class=\"card-img-top\" src=\"https:\/\/bozita.com\/fi\/wp-content\/uploads\/sites\/11\/2021\/06\/bozita-hallbarhet.jpeg\" alt=\"\">\n\t\t\t\t\t\t\t\t\t\t\t\t\t\t\t\t<div class=\"card-body\">\n\t\t\t\t\t\t\t\t\t<h5 class=\"card-title\">Kest\u00e4vyys<\/h5>\n\t\t\t\t\t\t\t\t\t<p class=\"card-text\">Tavoitteemme on valmistaa kaikkein parasta koiran- ja kissanruokaa huolehtien kest\u00e4vyydest\u00e4, ymp\u00e4rist\u00f6st\u00e4 sek\u00e4 yhteisest\u00e4 tulevaisuudestamme.<\/p>\n\t\t\t\t\t\t\t\t\t\t\t\t\t\t\t\t\t\t\t<a target=\"\" href=\"https:\/\/bozita.com\/fi\/kestavaa-elaimille-ja-luonnolle\/\" class=\"btn btn-white\">Kest\u00e4vyys<\/a>\n\t\t\t\t\t\t\t\t\t\t\t\t\t\t\t\t\t\t<\/div>\n\t\t\t\t\t\t\t<\/div>\n\t\t\t\t\t\t<\/div>\n\t\t\t\t\t\t\t\t\t\t\t\t<div class=\"col-md-6 col-lg-4 condensed_V2\">\n\t\t\t\t\t\t\t<div class=\"card\">\n\t\t\t\t\t\t\t\t\t\t\t\t\t\t\t\t\t<img decoding=\"async\" class=\"card-img-top\" src=\"https:\/\/bozita.com\/fi\/wp-content\/uploads\/sites\/11\/2021\/06\/bozita-smakgaranti-hundmat-kattmat.jpeg\" alt=\"\">\n\t\t\t\t\t\t\t\t\t\t\t\t\t\t\t\t<div class=\"card-body\">\n\t\t\t\t\t\t\t\t\t<h5 class=\"card-title\">Makutakuu<\/h5>\n\t\t\t\t\t\t\t\t\t<p class=\"card-text\">Makutakuumme varmistaa, ett\u00e4 saat rahasi takaisin jos koirasi tai kissasi ei pid\u00e4 ruoastamme.<\/p>\n\t\t\t\t\t\t\t\t\t\t\t\t\t\t\t\t\t\t\t<a target=\"\" href=\"https:\/\/bozita.com\/fi\/makutakuu\/\" class=\"btn btn-white\">Makutakuu<\/a>\n\t\t\t\t\t\t\t\t\t\t\t\t\t\t\t\t\t\t<\/div>\n\t\t\t\t\t\t\t<\/div>\n\t\t\t\t\t\t<\/div>\n\t\t\t\t\t\t\t\t\t\t\t\t<div class=\"col-md-6 col-lg-4 condensed_V2\">\n\t\t\t\t\t\t\t<div class=\"card\">\n\t\t\t\t\t\t\t\t\t\t\t\t\t\t\t\t\t<img decoding=\"async\" class=\"card-img-top\" src=\"https:\/\/bozita.com\/fi\/wp-content\/uploads\/sites\/11\/2021\/06\/bozita-miljovanlig-forpackning-tetra-recart.jpeg\" alt=\"\">\n\t\t\t\t\t\t\t\t\t\t\t\t\t\t\t\t<div class=\"card-body\">\n\t\t\t\t\t\t\t\t\t<h5 class=\"card-title\">Pakkaukset<\/h5>\n\t\t\t\t\t\t\t\t\t<p class=\"card-text\">Monet m\u00e4rk\u00e4ruoistamme ovat Tetra Recart -pakkauksissa. Se on ymp\u00e4rist\u00f6yst\u00e4v\u00e4llinen a pakkausratkaisu, jonka voit kierr\u00e4tt\u00e4\u00e4 muun kierr\u00e4tyspaperin kanssa.<\/p>\n\t\t\t\t\t\t\t\t\t\t\t\t\t\t\t\t\t\t\t<a target=\"\" href=\"https:\/\/bozita.com\/fi\/tetra-recart-ymparistoystavallinen-pakkaus-markaruoalle\/\" class=\"btn btn-white\">Tetra Recart\u00ae \u2013 ymp\u00e4rist\u00f6yst\u00e4v\u00e4llinen pakkaus m\u00e4rk\u00e4ruoalle<\/a>\n\t\t\t\t\t\t\t\t\t\t\t\t\t\t\t\t\t\t<\/div>\n\t\t\t\t\t\t\t<\/div>\n\t\t\t\t\t\t<\/div>\n\t\t\t\t\t\t\t\t\t\t\t\t<div class=\"col-md-6 col-lg-4 condensed_V2\">\n\t\t\t\t\t\t\t<div class=\"card\">\n\t\t\t\t\t\t\t\t\t\t\t\t\t\t\t\t\t<img decoding=\"async\" class=\"card-img-top\" src=\"\" alt=\"\">\n\t\t\t\t\t\t\t\t\t\t\t\t\t\t\t\t<div class=\"card-body\">\n\t\t\t\t\t\t\t\t\t<h5 class=\"card-title\">L\u00e4hettil\u00e4\u00e4t<\/h5>\n\t\t\t\t\t\t\t\t\t<p class=\"card-text\">N\u00e4ist\u00e4 syist\u00e4  l\u00e4hettil\u00e4\u00e4mme valitsevat Bozitan<\/p>\n\t\t\t\t\t\t\t\t\t\t\t\t\t\t\t\t\t\t\t<a target=\"\" href=\"https:\/\/bozita.com\/fi\/lahettilaat\/\" class=\"btn btn-white\">L\u00e4hettil\u00e4\u00e4t<\/a>\n\t\t\t\t\t\t\t\t\t\t\t\t\t\t\t\t\t\t<\/div>\n\t\t\t\t\t\t\t<\/div>\n\t\t\t\t\t\t<\/div>\n\t\t\t\t\t\t\t\t\t\t\t\t<div class=\"col-md-6 col-lg-4 condensed_V2\">\n\t\t\t\t\t\t\t<div class=\"card\">\n\t\t\t\t\t\t\t\t\t\t\t\t\t\t\t\t\t<img decoding=\"async\" class=\"card-img-top\" src=\"https:\/\/bozita.com\/fi\/wp-content\/uploads\/sites\/11\/2021\/06\/bozita-tassalyckan-katthem-provsmakare-produktutveckling.jpeg\" alt=\"\">\n\t\t\t\t\t\t\t\t\t\t\t\t\t\t\t\t<div class=\"card-body\">\n\t\t\t\t\t\t\t\t\t<h5 class=\"card-title\">Testaajaryhm\u00e4mme<\/h5>\n\t\t\t\t\t\t\t\t\t<p class=\"card-text\">Noin kolmekymment\u00e4 kissaa asuu Tassalyckanin kissakodissa. Ne auttavat meit\u00e4 maistamalla ja kehitt\u00e4m\u00e4ll\u00e4 kissojen m\u00e4rk\u00e4- ja kuivaruokia.<\/p>\n\t\t\t\t\t\t\t\t\t\t\t\t\t\t\t\t\t\t\t<a target=\"\" href=\"https:\/\/bozita.com\/fi\/kissakoti-tassalyckan\/\" class=\"btn btn-white\">Tassalyckanin kissakoti<\/a>\n\t\t\t\t\t\t\t\t\t\t\t\t\t\t\t\t\t\t<\/div>\n\t\t\t\t\t\t\t<\/div>\n\t\t\t\t\t\t<\/div>\n\t\t\t\t\t\t\t\t\t<\/div>\n\t\t<\/div>\n\t<\/section>\n","protected":false},"excerpt":{"rendered":"","protected":false},"author":4,"featured_media":6786,"parent":0,"menu_order":0,"comment_status":"closed","ping_status":"closed","template":"guternberg.php","meta":{"footnotes":""},"acf":[],"yoast_head":"<!-- This site is optimized with the Yoast SEO plugin v21.3 - https:\/\/yoast.com\/wordpress\/plugins\/seo\/ -->\n<title>Miksi valita Bozita - Bozita Finland<\/title>\n<meta name=\"description\" content=\"Me n\u00e4emme kissat ja koirat el\u00e4m\u00e4nmittaisina kumppaneina ja tied\u00e4mme, ett\u00e4 niiden hyvinvointi perustuu terveelliseen ruokavalioon ja aktiiviseen el\u00e4m\u00e4ntapaan.\" \/>\n<meta name=\"robots\" content=\"index, follow, max-snippet:-1, max-image-preview:large, max-video-preview:-1\" \/>\n<link rel=\"canonical\" href=\"https:\/\/bozita.com\/fi\/miksi-valita-bozita\/\" \/>\n<meta property=\"og:locale\" content=\"fi_FI\" \/>\n<meta property=\"og:type\" content=\"article\" \/>\n<meta property=\"og:title\" content=\"Miksi valita Bozita - Bozita Finland\" \/>\n<meta property=\"og:description\" content=\"Me n\u00e4emme kissat ja koirat el\u00e4m\u00e4nmittaisina kumppaneina ja tied\u00e4mme, ett\u00e4 niiden hyvinvointi perustuu terveelliseen ruokavalioon ja aktiiviseen el\u00e4m\u00e4ntapaan.\" \/>\n<meta property=\"og:url\" content=\"https:\/\/bozita.com\/fi\/miksi-valita-bozita\/\" \/>\n<meta property=\"og:site_name\" content=\"Bozita Finland\" \/>\n<meta property=\"article:modified_time\" content=\"2023-02-27T14:20:20+00:00\" \/>\n<meta property=\"og:image\" content=\"https:\/\/bozita.com\/fi\/wp-content\/uploads\/sites\/11\/2021\/05\/Bozita-Home-Hero-Image-Dog-v2@2x-scaled.jpg\" \/>\n\t<meta property=\"og:image:width\" content=\"2560\" \/>\n\t<meta property=\"og:image:height\" content=\"1333\" \/>\n\t<meta property=\"og:image:type\" content=\"image\/jpeg\" \/>\n<meta name=\"twitter:card\" content=\"summary_large_image\" \/>\n<!-- \/ Yoast SEO plugin. -->","yoast_head_json":{"title":"Miksi valita Bozita - Bozita Finland","description":"Me n\u00e4emme kissat ja koirat el\u00e4m\u00e4nmittaisina kumppaneina ja tied\u00e4mme, ett\u00e4 niiden hyvinvointi perustuu terveelliseen ruokavalioon ja aktiiviseen el\u00e4m\u00e4ntapaan.","robots":{"index":"index","follow":"follow","max-snippet":"max-snippet:-1","max-image-preview":"max-image-preview:large","max-video-preview":"max-video-preview:-1"},"canonical":"https:\/\/bozita.com\/fi\/miksi-valita-bozita\/","og_locale":"fi_FI","og_type":"article","og_title":"Miksi valita Bozita - Bozita Finland","og_description":"Me n\u00e4emme kissat ja koirat el\u00e4m\u00e4nmittaisina kumppaneina ja tied\u00e4mme, ett\u00e4 niiden hyvinvointi perustuu terveelliseen ruokavalioon ja aktiiviseen el\u00e4m\u00e4ntapaan.","og_url":"https:\/\/bozita.com\/fi\/miksi-valita-bozita\/","og_site_name":"Bozita Finland","article_modified_time":"2023-02-27T14:20:20+00:00","og_image":[{"width":2560,"height":1333,"url":"https:\/\/bozita.com\/fi\/wp-content\/uploads\/sites\/11\/2021\/05\/Bozita-Home-Hero-Image-Dog-v2@2x-scaled.jpg","type":"image\/jpeg"}],"twitter_card":"summary_large_image","schema":{"@context":"https:\/\/schema.org","@graph":[{"@type":"WebPage","@id":"https:\/\/bozita.com\/fi\/miksi-valita-bozita\/","url":"https:\/\/bozita.com\/fi\/miksi-valita-bozita\/","name":"Miksi valita Bozita - Bozita Finland","isPartOf":{"@id":"https:\/\/bozita.com\/fi\/#website"},"datePublished":"2022-08-31T07:24:43+00:00","dateModified":"2023-02-27T14:20:20+00:00","description":"Me n\u00e4emme kissat ja koirat el\u00e4m\u00e4nmittaisina kumppaneina ja tied\u00e4mme, ett\u00e4 niiden hyvinvointi perustuu terveelliseen ruokavalioon ja aktiiviseen el\u00e4m\u00e4ntapaan.","breadcrumb":{"@id":"https:\/\/bozita.com\/fi\/miksi-valita-bozita\/#breadcrumb"},"inLanguage":"fi","potentialAction":[{"@type":"ReadAction","target":["https:\/\/bozita.com\/fi\/miksi-valita-bozita\/"]}]},{"@type":"BreadcrumbList","@id":"https:\/\/bozita.com\/fi\/miksi-valita-bozita\/#breadcrumb","itemListElement":[{"@type":"ListItem","position":1,"name":"Koti","item":"https:\/\/bozita.com\/fi\/"},{"@type":"ListItem","position":2,"name":"Miksi valita Bozita"}]},{"@type":"WebSite","@id":"https:\/\/bozita.com\/fi\/#website","url":"https:\/\/bozita.com\/fi\/","name":"Bozita Finland","description":"","potentialAction":[{"@type":"SearchAction","target":{"@type":"EntryPoint","urlTemplate":"https:\/\/bozita.com\/fi\/?s={search_term_string}"},"query-input":"required name=search_term_string"}],"inLanguage":"fi"}]}},"_links":{"self":[{"href":"https:\/\/bozita.com\/fi\/wp-json\/wp\/v2\/pages\/6795"}],"collection":[{"href":"https:\/\/bozita.com\/fi\/wp-json\/wp\/v2\/pages"}],"about":[{"href":"https:\/\/bozita.com\/fi\/wp-json\/wp\/v2\/types\/page"}],"author":[{"embeddable":true,"href":"https:\/\/bozita.com\/fi\/wp-json\/wp\/v2\/users\/4"}],"replies":[{"embeddable":true,"href":"https:\/\/bozita.com\/fi\/wp-json\/wp\/v2\/comments?post=6795"}],"version-history":[{"count":5,"href":"https:\/\/bozita.com\/fi\/wp-json\/wp\/v2\/pages\/6795\/revisions"}],"predecessor-version":[{"id":7761,"href":"https:\/\/bozita.com\/fi\/wp-json\/wp\/v2\/pages\/6795\/revisions\/7761"}],"wp:featuredmedia":[{"embeddable":true,"href":"https:\/\/bozita.com\/fi\/wp-json\/wp\/v2\/media\/6786"}],"wp:attachment":[{"href":"https:\/\/bozita.com\/fi\/wp-json\/wp\/v2\/media?parent=6795"}],"curies":[{"name":"wp","href":"https:\/\/api.w.org\/{rel}","templated":true}]}}