{"id":6896,"date":"2022-08-31T07:32:30","date_gmt":"2022-08-31T07:32:30","guid":{"rendered":"https:\/\/bozita.com\/fi\/vaihto-penturuoasta-aikuisen-koiran-ruokaan\/"},"modified":"2023-02-27T14:22:48","modified_gmt":"2023-02-27T14:22:48","slug":"vaihto-penturuoasta-aikuisen-koiran-ruokaan","status":"publish","type":"page","link":"https:\/\/bozita.com\/fi\/ravitsemus-ja-ruokavalio\/vaihto-penturuoasta-aikuisen-koiran-ruokaan\/","title":{"rendered":"Vaihto penturuoasta aikuisen koiran ruokaan"},"content":{"rendered":"\t\t<section class=\"small-hero\">\n\t\t\t<div class=\"container\">\n\t\t\t\t<h1 class=\"small-hero-title\">VAIHTO PENTURUOASTA AIKUISEN KOIRAN RUOKAAN<\/h1>\t\t\t<\/div>\n\t\t\t<\/div>\n\t\t<\/section>\n\t\n\n\t<div class=\"text-box-warp\">\n\t\t<div class=\"container\">\n\t\t\t<div class=\"text-content\">\n\t\t\t\t<p><strong>Koska koiran ruoka pit\u00e4\u00e4 vaihtaa? Kun koirasi on saavuttanut t\u00e4yden korkeuden ja painon se lasketaan aikuiseksi ja on aika vaihtaa penturuoasta aikuisen koiran ruokaan. Tee muutos hitaasti, jotta koiran ruoansulatus ei h\u00e4iriinny.<\/strong><\/p>\n<h2>KOSKA PENTURUOASTA PIT\u00c4\u00c4 VAIHTAA AIKUISEN KOIRAN RUOKAAN?<\/h2>\n<p>Vaihdon tulisi tapahtua kun koirasi on t\u00e4ysikasvuinen. Koiraa pidet\u00e4\u00e4n aikuisena &#8211; fyysisesti, ei henkisesti &#8211; kun se on saavuttanut t\u00e4yden korkeutensa ja painonsa. Koska t\u00e4m\u00e4 tapahtuu on rotukohtaista. Pienten ja isojen koirien t\u00e4ysikasvuisuuden saavuttamisessa on kuukausien ero.<\/p>\n<p>K\u00e4\u00e4pi\u00f6kokoiset, pienet ja keskikokoiset koirat, kuten chihuahuat ja springer spanielit saavuttavat aikuisuuden jossain 8-12 ik\u00e4kuukauden v\u00e4lill\u00e4. Suuret rodut, kuten labradorin noutajat ja kultaiset noutajat saavuttavat aikuisuuden my\u00f6hemmin, noin 12-15 kuukauden ik\u00e4isin\u00e4. Todella suuret rodut &#8211; tanskandoggit, Newfoundlandinkoirat jne. &#8211; kasvavat huomattavan paljon enemm\u00e4n ja tarvitsevat 18-24 kuukautta t\u00e4yden korkeuden ja painon saavuttamiseen.<\/p>\n<h3>Lue lis\u00e4\u00e4<\/h3>\n<ul>\n<li><a href=\"https:\/\/bozita.com\/fi\/pennun-kehitysvaiheet-pennusta-aikuiseksi-koiraksi\/\">Koirasi kehitys pennusta aikuisuuteen<\/a><\/li>\n<li><a href=\"https:\/\/bozita.com\/fi\/kuinka-paljon-pennun-pitaa-syoda-ja-mika-on-paras-ruoka\/?lang=fi\">Kuinka paljon ja usein pennun pit\u00e4isi sy\u00f6d\u00e4 ja mik\u00e4 on paras penturuoka?<\/a><\/li>\n<\/ul>\n<h2>RUOAN VAIHTAMINEN &#8211; TEE SE ASTEITTAIN<\/h2>\n<p>Vatsaongelmien, kuten ripuli, v\u00e4ltt\u00e4miseksi vaihdon penturuoasta aikuisen koiran ruokaan tulee tapahtua vaiheittain, jotta koiran ruoansulatus ehtii tottua uuteen ruokaan,. Korvaa siis aina osa pennun ruoasta aikuisen koiran ruoalla 14-28 p\u00e4iv\u00e4n ajan. Lis\u00e4\u00e4 aikuisen koiran ruoan osuutta vaiheittain kunnes koko ruoka on aikuisen ruokaa.<\/p>\n<h2>M\u00c4RK\u00c4RUOKA TARJOAA UUSIA MAKUEL\u00c4MYKSI\u00c4 JA ON HYV\u00c4 NESTEEN L\u00c4HDE<\/h2>\n<p>Koirat eiv\u00e4t tarvitse vaihtelevaa ruokalistaa ja jos koirasi on terve ei yleens\u00e4 ole painavia syit\u00e4 ruoan vaihtelulle. Jos kuitenkin haluat tarjota uusia makuja ja vaihdella ruoan koostumusta voit tarjoilla v\u00e4lill\u00e4 kuivaruoan sijasta m\u00e4rk\u00e4ruokaa. Se on hyv\u00e4 nesteen l\u00e4hde ja voit t\u00e4ll\u00e4 tavalla helposti lis\u00e4t\u00e4 koirasi saaman nesteen m\u00e4\u00e4r\u00e4\u00e4, esimerkiksi sen tehdess\u00e4 raskasta ty\u00f6t\u00e4 tai kuumaan kes\u00e4aikaan.<\/p>\n<h2>L\u00d6YD\u00c4 PENNULLESI TAI KOIRALLESI OIKEA RUOKA<\/h2>\n<ul>\n<li><a href=\"https:\/\/bozita.com\/fi\/koiranruoka\/\">Bozita koiranruoka<\/a>\u00a0&#8211; tutustu koko Ruotsissa valmistettuun valikoimaamme<\/li>\n<li><a href=\"https:\/\/bozita.com\/fi\/bozita-koirien-markaruoka\/?lang=fi\">Bozita koiran m\u00e4rk\u00e4ruoka<\/a><\/li>\n<li><a href=\"https:\/\/bozita.com\/fi\/kuivaruoka\/\">Bozita koiran kuivaruoka<\/a><\/li>\n<li><a href=\"https:\/\/bozita.com\/fi\/bozita-ruotsissa-valmistettua-penturuokaa\/?lang=fi\">Bozita penturuoka sek\u00e4 kantavien ja imett\u00e4vien narttujen ruoka<\/a><\/li>\n<\/ul>\n<h2>RUOTSISSA VALMISTETTUA KORKEALAATUISTA KOIRANRUOKAA<\/h2>\n\t\t\t<\/div>\n\t\t<\/div>\n\t<\/div>\n\n\n\t<section class=\"block section-promos\">\n\t\t<div class=\"container\">\n\t\t\t<div class=\"row\">\n\t\t\t\t\t\t\t\t\t\t<div class=\" col-md-6 condensed_V1\">\n\t\t\t\t\t\t\t<div class=\"card\">\n\t\t\t\t\t\t\t\t\t\t\t\t\t\t\t\t\t<img decoding=\"async\" class=\"card-img-top\" src=\"https:\/\/bozita.com\/fi\/wp-content\/uploads\/sites\/11\/2021\/08\/bozita-robur-hundfoder-torrfoder.jpg\" alt=\"\">\n\t\t\t\t\t\t\t\t\t\t\t\t\t\t\t\t<div class=\"card-body\">\n\t\t\t\t\t\t\t\t\t<h5 class=\"card-title\">BOZITA ROBUR &#8211; GLUTEENITON PREMIUM-TASOINEN KOIRANRUOKA<\/h5>\n\t\t\t\t\t\t\t\t\t<p class=\"card-text\">Bozita Robur on ruotsalaista, gluteenitonta eritt\u00e4in laadukasta premium-koiranruokaa korkeaan suoritustasoon ja hyv\u00e4\u00e4n ruoan sulavuuteen. Bozita Roburia sy\u00f6v\u00e4t koirat ovat valmiita kaikkeen.<\/p>\n\t\t\t\t\t\t\t\t\t\t\t\t\t\t\t\t\t<\/div>\n\t\t\t\t\t\t\t<\/div>\n\t\t\t\t\t\t<\/div>\n\t\t\t\t\t\t\t\t\t\t\t\t<div class=\" col-md-6 condensed_V1\">\n\t\t\t\t\t\t\t<div class=\"card\">\n\t\t\t\t\t\t\t\t\t\t\t\t\t\t\t\t\t<img decoding=\"async\" class=\"card-img-top\" src=\"https:\/\/bozita.com\/fi\/wp-content\/uploads\/sites\/11\/2021\/08\/bozita-torrfoder-vatfoder.jpg\" alt=\"\">\n\t\t\t\t\t\t\t\t\t\t\t\t\t\t\t\t<div class=\"card-body\">\n\t\t\t\t\t\t\t\t\t<h5 class=\"card-title\">BOZITA &#8211; RUOTSALAISTA LAATURUOKAA<\/h5>\n\t\t\t\t\t\t\t\t\t<p class=\"card-text\">Bozita on korkealaatuista ruotsalaista koiranruokaa aktiivisille koirille. Valikoimassamme on sek\u00e4 kuivaruokaa, ett\u00e4 m\u00e4rk\u00e4ruokaa kaikenrotuisille ja -kokoisille koirille. Valikoima sis\u00e4lt\u00e4\u00e4 my\u00f6s viljattomia ruokia ja erityisesti herkk\u00e4ihoisille tai -vatsaisille koirille kehitettyj\u00e4 ruokia.<\/p>\n\t\t\t\t\t\t\t\t\t\t\t\t\t\t\t\t\t<\/div>\n\t\t\t\t\t\t\t<\/div>\n\t\t\t\t\t\t<\/div>\n\t\t\t\t\t\t\t\t\t<\/div>\n\t\t<\/div>\n\t<\/section>\n\n\n<section class=\"block product-promos\">\n\t<div class=\"container\">\n\t\t<div class=\"row align-items-center\">\n\t\t\t<div class=\"col-md-5\">\n\t\t\t\t<div class=\"prdt__promos-heading\">\n\t\t\t\t\t<h3>\n\t\t\t\t\t\tSuosikkejamme\t\t\t\t\t<\/h3>\n\t\t\t\t\t\t\t\t\t\t\t<span><a class=\"btn btn-primary\" href=\"https:\/\/bozita.com\/fi\/koiranruoka\/\" target=\"\">Tutustu tuotteisiin<\/a><\/span>\n\t\t\t\t\t\t\t\t\t\t<\/div>\n\t\t\t<\/div>\n\t\t\t<div class=\"col-md-7\">\n\t\t\t\t\t\t\t\t\t<div class=\"owl-carousel owl-theme product-promo-carousel\">\n\t\t\t\t\t\t\t\t\t\t\t\t\t<a href=\"https:\/\/bozita.com\/fi\/koiranruoka\/bozita-robur-adult-maintenance-old\/\">\n\t\t\t\t\t\t\t\t<div class=\"blk__prdt-item\">\n\t\t\t\t\t\t\t\t\t<figure>\n\t\t\t\t\t\t\t\t\t\t<img loading=\"lazy\" decoding=\"async\" width=\"1000\" height=\"1000\" src=\"https:\/\/bozita.com\/fi\/wp-content\/uploads\/sites\/11\/2021\/05\/adult-maintenance.jpg\" class=\"attachment-post-thumbnail size-post-thumbnail wp-post-image\" alt=\"BOZITA ROBUR ADULT MAINTENANCE\" srcset=\"https:\/\/bozita.com\/fi\/wp-content\/uploads\/sites\/11\/2021\/05\/adult-maintenance.jpg 1000w, https:\/\/bozita.com\/fi\/wp-content\/uploads\/sites\/11\/2021\/05\/adult-maintenance-300x300.jpg 300w, https:\/\/bozita.com\/fi\/wp-content\/uploads\/sites\/11\/2021\/05\/adult-maintenance-150x150.jpg 150w, https:\/\/bozita.com\/fi\/wp-content\/uploads\/sites\/11\/2021\/05\/adult-maintenance-768x768.jpg 768w\" sizes=\"(max-width: 1000px) 100vw, 1000px\" \/>\t\t\t\t\t\t\t\t\t\t\t\t\t\t\t\t\t\t\t<\/figure>\n\t\t\t\t\t\t\t\t\t<h4 class=\"carousel-title\"><\/h4>\n\t\t\t\t\t\t\t\t\t<span class=\"carousel-category\">BOZITA ROBUR ADULT MAINTENANCE<\/span>\n\t\t\t\t\t\t\t\t\t  \n\t\t\t\t\t\t\t\t\t<ul class=\"category-list\">\n\t\t\t\t\t\t\t\t\t\t\t\t\t\t\t\t\t\t\t\t\t\t\t<li class=\"svg-image\">\n\t\t\t\t\t\t\t\t\t\t\t\t\t\t<img decoding=\"async\" src=\"https:\/\/bozita.com\/fi\/wp-content\/uploads\/sites\/11\/2023\/09\/icon-wheat-free.svg\" \/>\n\t\t\t\t\t\t\t\t\t\t\t\t\t<\/li>\n\t\t\t\t\t\t\t\t\t\t\t\t\t\t\t\t\t\t\t\t\t\t\t\t\t\t\t\t\t\t\t\t\t\t\t\t<li class=\"svg-image\">\n\t\t\t\t\t\t\t\t\t\t\t\t\t\t<img decoding=\"async\" src=\"https:\/\/bozita.com\/fi\/wp-content\/uploads\/sites\/11\/2023\/09\/icon-flavour-chicken.svg\" \/>\n\t\t\t\t\t\t\t\t\t\t\t\t\t<\/li>\n\t\t\t\t\t\t\t\t\t\t\t\t\t\t\t\t\t\t\t\t\t\t<\/ul>       \n\n\t\t\t\t\t\t\t\t<\/div>\n\t\t\t\t\t\t\t<\/a>\n\t\t\t\t\t\t\t\t\t\t\t\t\t\t\t\t\t\t\t\t<a href=\"https:\/\/bozita.com\/fi\/koiranruoka\/bozita-robur-sensitive-single-protein-lammas-riisi-old\/\">\n\t\t\t\t\t\t\t\t<div class=\"blk__prdt-item\">\n\t\t\t\t\t\t\t\t\t<figure>\n\t\t\t\t\t\t\t\t\t\t<img loading=\"lazy\" decoding=\"async\" width=\"400\" height=\"457\" src=\"https:\/\/bozita.com\/fi\/wp-content\/uploads\/sites\/11\/2021\/06\/2034-bozita-roburt-sensitive-single-protein-lamb-rice.png\" class=\"attachment-post-thumbnail size-post-thumbnail wp-post-image\" alt=\"BOZITA ROBUR SENSITIVE SINGLE PROTEIN LAMB &amp; RICE\" srcset=\"https:\/\/bozita.com\/fi\/wp-content\/uploads\/sites\/11\/2021\/06\/2034-bozita-roburt-sensitive-single-protein-lamb-rice.png 400w, https:\/\/bozita.com\/fi\/wp-content\/uploads\/sites\/11\/2021\/06\/2034-bozita-roburt-sensitive-single-protein-lamb-rice-263x300.png 263w\" sizes=\"(max-width: 400px) 100vw, 400px\" \/>\t\t\t\t\t\t\t\t\t\t\t\t\t\t\t\t\t\t\t<\/figure>\n\t\t\t\t\t\t\t\t\t<h4 class=\"carousel-title\"><\/h4>\n\t\t\t\t\t\t\t\t\t<span class=\"carousel-category\">BOZITA ROBUR SENSITIVE SINGLE PROTEIN LAMB &amp; RICE<\/span>\n\t\t\t\t\t\t\t\t\t  \n\t\t\t\t\t\t\t\t\t<ul class=\"category-list\">\n\t\t\t\t\t\t\t\t\t\t\t\t\t\t\t\t\t\t\t\t\t\t\t<li class=\"svg-image\">\n\t\t\t\t\t\t\t\t\t\t\t\t\t\t<img decoding=\"async\" src=\"https:\/\/bozita.com\/fi\/wp-content\/uploads\/sites\/11\/2023\/09\/icon-wheat-free.svg\" \/>\n\t\t\t\t\t\t\t\t\t\t\t\t\t<\/li>\n\t\t\t\t\t\t\t\t\t\t\t\t\t\t\t\t\t\t\t\t\t\t\t\t\t\t\t\t\t\t\t\t\t\t\t\t<li class=\"svg-image\">\n\t\t\t\t\t\t\t\t\t\t\t\t\t\t<img decoding=\"async\" src=\"https:\/\/bozita.com\/fi\/wp-content\/uploads\/sites\/11\/2023\/09\/icon-flavour-lamb.svg\" \/>\n\t\t\t\t\t\t\t\t\t\t\t\t\t<\/li>\n\t\t\t\t\t\t\t\t\t\t\t\t\t\t\t\t\t\t\t\t\t\t<\/ul>       \n\n\t\t\t\t\t\t\t\t<\/div>\n\t\t\t\t\t\t\t<\/a>\n\t\t\t\t\t\t\t\t\t\t\t\t\t\t\t\t\t\t<\/div>\n\t\t\t\t\t\t\t<\/div>\n\t\t<\/div>\n\t<\/div>\n<\/section>\n<script>\njQuery(document).ready(function($) {\n\tjQuery('.product-promo-carousel').owlCarousel({\n\tloop: true,\n\tmargin: 10,\n\tresponsiveClass: true,\n\tresponsive: {\n\t\t0: {\n\t\titems: 1,\n\t\tnav: true\n\t\t},\n\t\t600: {\n\t\titems: 1,\n\t\tnav: true\n\t\t},\n\t\t1000: {\n\t\titems: 2,\n\t\tnav: true,\n\t\t}\n\t}\n\t})\n\tjQuery(\".owl-prev\").html('<span><<\/span>');\n\tjQuery(\".owl-next\").html('<span>><\/span>');\n\n\tvar slider = jQuery('.promo-slider-list');\n\tslider.owlCarousel();\n\tjQuery('.nextbtn-a').click(function() {\n\tslider.trigger('next.owl.carousel');\n\t})\n\t\/\/ Go to the previous item\n\tjQuery('.prebtn-a').click(function() {\n\tslider.trigger('prev.owl.carousel', [300]);\n\t})\n});\n<\/script>\n\n\n\n\t<section class=\"block related-articles\">\n\t\t<div class=\"container\">\n\t\t\t<h2>Aiheeseen liittyvi\u00e4 artikkeleita<\/h2>\n\t\t\t<div class=\"row justify-content-center\">\n\t\t\t\t\t\t\t\t\t\t<div class=\"col-sm-6 col-md-6 col-lg-3\">\n\t\t\t\t\t\t\t\t\t\t\t\t\t\t<div class=\"card \">\n\t\t\t\t\t\t\t\t\t\t\t\t\t\t\t\t\t<img decoding=\"async\"  src=\"https:\/\/bozita.com\/fi\/wp-content\/uploads\/sites\/11\/2021\/08\/bozita-hundens-utveckling-stadier.jpeg\" alt=\"\">\n\t\t\t\t\t\t\t\t\t\t\t\t\t\t\t\t\t<!-- <img decoding=\"async\" src=\"\n\t\t\t\t\t\t\t\t\t\t\t\t\t\t\t\t\t\t\t\t\" alt=\"\n\t\t\t\t\t\t\t\t\t\t\t\t\t\t\t\t\t\t\t\t\t\t\t\t\t\t\t\"> -->\n\t\t\t\t\t\t\t\t<div class=\"card-body\">\n\t\t\t\t\t\t\t\t\t\t\t\t\t\t\t\t\t\t\t<h6>Pennun kehitysvaiheet &#8211; pennusta aikuiseksi koiraksi<\/h6>\n\t\t\t\t\t\t\t\t\t\t\t\t\t\t\t\t\t\t\t<a href=\"https:\/\/bozita.com\/fi\/koirasi-kehitys\/pennun-kehitysvaiheet-pennusta-aikuiseksi-koiraksi\/\">Lue lis\u00e4\u00e4 &nbsp; ><\/a>\n\t\t\t\t\t\t\t\t<\/div>\n\t\t\t\t\t\t\t<\/div>\n\t\t\t\t\t\t<\/div>\n\n\t\t\t\t\t\t\t\t\t\t\t<div class=\"col-sm-6 col-md-6 col-lg-3\">\n\t\t\t\t\t\t\t\t\t\t\t\t\t\t<div class=\"card \">\n\t\t\t\t\t\t\t\t\t\t\t\t\t\t\t\t\t<img decoding=\"async\"  src=\"https:\/\/bozita.com\/fi\/wp-content\/uploads\/sites\/11\/2021\/08\/bozita-hund-tonaring.jpeg\" alt=\"\">\n\t\t\t\t\t\t\t\t\t\t\t\t\t\t\t\t\t<!-- <img decoding=\"async\" src=\"\n\t\t\t\t\t\t\t\t\t\t\t\t\t\t\t\t\t\t\t\t\" alt=\"\n\t\t\t\t\t\t\t\t\t\t\t\t\t\t\t\t\t\t\t\t\t\t\t\t\t\t\t\"> -->\n\t\t\t\t\t\t\t\t<div class=\"card-body\">\n\t\t\t\t\t\t\t\t\t\t\t\t\t\t\t\t\t\t\t<h6>Koiran nuoruus &#8211; vinkkej\u00e4 koiran teini-ik\u00e4\u00e4n<\/h6>\n\t\t\t\t\t\t\t\t\t\t\t\t\t\t\t\t\t\t\t<a href=\"https:\/\/bozita.com\/fi\/koirasi-kehitys\/koiran-nuoruus-vinkkeja-koiran-teini-ikaan\/\">Lue lis\u00e4\u00e4 &nbsp; ><\/a>\n\t\t\t\t\t\t\t\t<\/div>\n\t\t\t\t\t\t\t<\/div>\n\t\t\t\t\t\t<\/div>\n\n\t\t\t\t\t\t\t\t\t\t\t<div class=\"col-sm-6 col-md-6 col-lg-3\">\n\t\t\t\t\t\t\t\t\t\t\t\t\t\t<div class=\"card \">\n\t\t\t\t\t\t\t\t\t\t\t\t\t\t\t\t\t<img decoding=\"async\"  src=\"https:\/\/bozita.com\/fi\/wp-content\/uploads\/sites\/11\/2021\/08\/bozita-hund-borsta-tander-hygien.jpeg\" alt=\"\">\n\t\t\t\t\t\t\t\t\t\t\t\t\t\t\t\t\t<!-- <img decoding=\"async\" src=\"\n\t\t\t\t\t\t\t\t\t\t\t\t\t\t\t\t\t\t\t\t\" alt=\"\n\t\t\t\t\t\t\t\t\t\t\t\t\t\t\t\t\t\t\t\t\t\t\t\t\t\t\t\"> -->\n\t\t\t\t\t\t\t\t<div class=\"card-body\">\n\t\t\t\t\t\t\t\t\t\t\t\t\t\t\t\t\t\t\t<h6>Koiran hammaskivi<\/h6>\n\t\t\t\t\t\t\t\t\t\t\t\t\t\t\t\t\t\t\t<a href=\"https:\/\/bozita.com\/fi\/koirasi-terveys\/koiran-hammaskivi\/\">Lue lis\u00e4\u00e4 &nbsp; ><\/a>\n\t\t\t\t\t\t\t\t<\/div>\n\t\t\t\t\t\t\t<\/div>\n\t\t\t\t\t\t<\/div>\n\n\t\t\t\t\t\t\t\t\t\t\t\t<\/div>\n\t\t<\/div>\n\t<\/section>\n","protected":false},"excerpt":{"rendered":"","protected":false},"author":1,"featured_media":6897,"parent":6653,"menu_order":0,"comment_status":"closed","ping_status":"closed","template":"guternberg.php","meta":{"footnotes":""},"acf":[],"yoast_head":"<!-- This site is optimized with the Yoast SEO plugin v21.3 - https:\/\/yoast.com\/wordpress\/plugins\/seo\/ -->\n<title>Vaihto penturuoasta aikuisen koiran ruokaan - Bozita Finland<\/title>\n<meta name=\"description\" content=\"Koska pit\u00e4\u00e4 siirty\u00e4 penturuoasta aikuisen koiran ruokaan? Vaihto kannattaa tehd\u00e4 asteittain, jotta pennun ruoansulatus ei h\u00e4iriinny.\" \/>\n<meta name=\"robots\" content=\"index, follow, max-snippet:-1, max-image-preview:large, max-video-preview:-1\" \/>\n<link rel=\"canonical\" href=\"https:\/\/bozita.com\/fi\/ravitsemus-ja-ruokavalio\/vaihto-penturuoasta-aikuisen-koiran-ruokaan\/\" \/>\n<meta property=\"og:locale\" content=\"fi_FI\" \/>\n<meta property=\"og:type\" content=\"article\" \/>\n<meta property=\"og:title\" content=\"Vaihto penturuoasta aikuisen koiran ruokaan - Bozita Finland\" \/>\n<meta property=\"og:description\" content=\"Koska pit\u00e4\u00e4 siirty\u00e4 penturuoasta aikuisen koiran ruokaan? Vaihto kannattaa tehd\u00e4 asteittain, jotta pennun ruoansulatus ei h\u00e4iriinny.\" \/>\n<meta property=\"og:url\" content=\"https:\/\/bozita.com\/fi\/ravitsemus-ja-ruokavalio\/vaihto-penturuoasta-aikuisen-koiran-ruokaan\/\" \/>\n<meta property=\"og:site_name\" content=\"Bozita Finland\" \/>\n<meta property=\"article:modified_time\" content=\"2023-02-27T14:22:48+00:00\" \/>\n<meta property=\"og:image\" content=\"https:\/\/bozita.com\/fi\/wp-content\/uploads\/sites\/11\/2021\/08\/bozita-hund-byta-valpfoder-vuxenfoder.jpeg\" \/>\n\t<meta property=\"og:image:width\" content=\"800\" \/>\n\t<meta property=\"og:image:height\" content=\"532\" \/>\n\t<meta property=\"og:image:type\" content=\"image\/jpeg\" \/>\n<meta name=\"twitter:card\" content=\"summary_large_image\" \/>\n<!-- \/ Yoast SEO plugin. -->","yoast_head_json":{"title":"Vaihto penturuoasta aikuisen koiran ruokaan - Bozita Finland","description":"Koska pit\u00e4\u00e4 siirty\u00e4 penturuoasta aikuisen koiran ruokaan? Vaihto kannattaa tehd\u00e4 asteittain, jotta pennun ruoansulatus ei h\u00e4iriinny.","robots":{"index":"index","follow":"follow","max-snippet":"max-snippet:-1","max-image-preview":"max-image-preview:large","max-video-preview":"max-video-preview:-1"},"canonical":"https:\/\/bozita.com\/fi\/ravitsemus-ja-ruokavalio\/vaihto-penturuoasta-aikuisen-koiran-ruokaan\/","og_locale":"fi_FI","og_type":"article","og_title":"Vaihto penturuoasta aikuisen koiran ruokaan - Bozita Finland","og_description":"Koska pit\u00e4\u00e4 siirty\u00e4 penturuoasta aikuisen koiran ruokaan? Vaihto kannattaa tehd\u00e4 asteittain, jotta pennun ruoansulatus ei h\u00e4iriinny.","og_url":"https:\/\/bozita.com\/fi\/ravitsemus-ja-ruokavalio\/vaihto-penturuoasta-aikuisen-koiran-ruokaan\/","og_site_name":"Bozita Finland","article_modified_time":"2023-02-27T14:22:48+00:00","og_image":[{"width":800,"height":532,"url":"https:\/\/bozita.com\/fi\/wp-content\/uploads\/sites\/11\/2021\/08\/bozita-hund-byta-valpfoder-vuxenfoder.jpeg","type":"image\/jpeg"}],"twitter_card":"summary_large_image","schema":{"@context":"https:\/\/schema.org","@graph":[{"@type":"WebPage","@id":"https:\/\/bozita.com\/fi\/ravitsemus-ja-ruokavalio\/vaihto-penturuoasta-aikuisen-koiran-ruokaan\/","url":"https:\/\/bozita.com\/fi\/ravitsemus-ja-ruokavalio\/vaihto-penturuoasta-aikuisen-koiran-ruokaan\/","name":"Vaihto penturuoasta aikuisen koiran ruokaan - Bozita Finland","isPartOf":{"@id":"https:\/\/bozita.com\/fi\/#website"},"datePublished":"2022-08-31T07:32:30+00:00","dateModified":"2023-02-27T14:22:48+00:00","description":"Koska pit\u00e4\u00e4 siirty\u00e4 penturuoasta aikuisen koiran ruokaan? Vaihto kannattaa tehd\u00e4 asteittain, jotta pennun ruoansulatus ei h\u00e4iriinny.","breadcrumb":{"@id":"https:\/\/bozita.com\/fi\/ravitsemus-ja-ruokavalio\/vaihto-penturuoasta-aikuisen-koiran-ruokaan\/#breadcrumb"},"inLanguage":"fi","potentialAction":[{"@type":"ReadAction","target":["https:\/\/bozita.com\/fi\/ravitsemus-ja-ruokavalio\/vaihto-penturuoasta-aikuisen-koiran-ruokaan\/"]}]},{"@type":"BreadcrumbList","@id":"https:\/\/bozita.com\/fi\/ravitsemus-ja-ruokavalio\/vaihto-penturuoasta-aikuisen-koiran-ruokaan\/#breadcrumb","itemListElement":[{"@type":"ListItem","position":1,"name":"Koti","item":"https:\/\/bozita.com\/fi\/"},{"@type":"ListItem","position":2,"name":"Ravitsemus ja ruokavalio","item":"https:\/\/bozita.com\/fi\/ravitsemus-ja-ruokavalio\/"},{"@type":"ListItem","position":3,"name":"Vaihto penturuoasta aikuisen koiran ruokaan"}]},{"@type":"WebSite","@id":"https:\/\/bozita.com\/fi\/#website","url":"https:\/\/bozita.com\/fi\/","name":"Bozita Finland","description":"","potentialAction":[{"@type":"SearchAction","target":{"@type":"EntryPoint","urlTemplate":"https:\/\/bozita.com\/fi\/?s={search_term_string}"},"query-input":"required name=search_term_string"}],"inLanguage":"fi"}]}},"_links":{"self":[{"href":"https:\/\/bozita.com\/fi\/wp-json\/wp\/v2\/pages\/6896"}],"collection":[{"href":"https:\/\/bozita.com\/fi\/wp-json\/wp\/v2\/pages"}],"about":[{"href":"https:\/\/bozita.com\/fi\/wp-json\/wp\/v2\/types\/page"}],"author":[{"embeddable":true,"href":"https:\/\/bozita.com\/fi\/wp-json\/wp\/v2\/users\/1"}],"replies":[{"embeddable":true,"href":"https:\/\/bozita.com\/fi\/wp-json\/wp\/v2\/comments?post=6896"}],"version-history":[{"count":15,"href":"https:\/\/bozita.com\/fi\/wp-json\/wp\/v2\/pages\/6896\/revisions"}],"predecessor-version":[{"id":8654,"href":"https:\/\/bozita.com\/fi\/wp-json\/wp\/v2\/pages\/6896\/revisions\/8654"}],"up":[{"embeddable":true,"href":"https:\/\/bozita.com\/fi\/wp-json\/wp\/v2\/pages\/6653"}],"wp:featuredmedia":[{"embeddable":true,"href":"https:\/\/bozita.com\/fi\/wp-json\/wp\/v2\/media\/6897"}],"wp:attachment":[{"href":"https:\/\/bozita.com\/fi\/wp-json\/wp\/v2\/media?parent=6896"}],"curies":[{"name":"wp","href":"https:\/\/api.w.org\/{rel}","templated":true}]}}