{"id":6901,"date":"2022-08-31T07:32:43","date_gmt":"2022-08-31T07:32:43","guid":{"rendered":"https:\/\/bozita.com\/fi\/miksi-sinun-tulisi-tunnistusmerkita-kissasi\/"},"modified":"2025-04-16T10:56:32","modified_gmt":"2025-04-16T10:56:32","slug":"miksi-sinun-tulisi-tunnistusmerkita-kissasi","status":"publish","type":"page","link":"https:\/\/bozita.com\/fi\/miksi-sinun-tulisi-tunnistusmerkita-kissasi\/","title":{"rendered":"Miksi sinun tulisi tunnistusmerkit\u00e4 kissasi"},"content":{"rendered":"\t\t<section class=\"small-hero\">\n\t\t\t<div class=\"container\">\n\t\t\t\t<h1 class=\"small-hero-title\">Miksi sinun tulisi tunnistusmerkit\u00e4 kissasi<\/h1>\t\t\t<\/div>\n\t\t\t<\/div>\n\t\t<\/section>\n\t\n\n\t<div class=\"text-box-warp\">\n\t\t<div class=\"container\">\n\t\t\t<div class=\"text-content\">\n\t\t\t\t<p>Kissan tunnistusmerkitseminen mikrosirulla ja itsesi rekister\u00f6iminen sen omistajaksi, lis\u00e4\u00e4 kissan kotiin palaamisen todenn\u00e4k\u00f6isyytt\u00e4 sen karatessa tai joutuessa onnettomuuteen. Jos matkustat kissasi kanssa ulkomaille, se t\u00e4ytyy lain mukaan mikrosiruttaa.<\/p>\n<h2>KISSAN TUNNISTUSMERKINT\u00c4 MIKROSIRULLA<\/h2>\n<p>Mikrosirutus on helppo ja nopea toimenpide, jossa pieni siru asetetaan kissan ihon alle. Sirun luetaan erityisell\u00e4 sirunlukijalla, joita on mm. el\u00e4inl\u00e4\u00e4k\u00e4reill\u00e4 ja poliisilla. Alle kuusiviikkoista kissaa ei voi siruttaa. Mikrosirun etuna on, ett\u00e4 se yleens\u00e4 kest\u00e4\u00e4 kissan koko el\u00e4m\u00e4n. Ulkomaille matkustaessa siruttaminen on v\u00e4ltt\u00e4m\u00e4t\u00f6nt\u00e4. Mikrosirun huono puoli on, ett\u00e4 sen pystyy lukemaan vain sirunlukijalla.<\/p>\n<p><strong>Lue lis\u00e4\u00e4<\/strong><\/p>\n<ul>\n<li><a title=\"How should I travel with my cat?\" href=\"https:\/\/bozita.com\/fi\/mika-on-paras-tapa-matkustaa-kissan-kanssa\/?lang=fi\" data-udi=\"umb:\/\/document\/fec4d02ed4ad4d5488a19dba4f98c9fc\">Kuinka matkustan kissani kanssa?<\/a><\/li>\n<\/ul>\n<h2>VAATIKO LAKI KISSAN TUNNISTUSMERKINT\u00c4\u00c4?<\/h2>\n<p>Jos et ole matkustamassa kissasi kanssa ulkomaille, laki ei vaadi sen tunnistusmerkitsemist\u00e4. Kissojen yst\u00e4v\u00e4t kuitenkin pyrkiv\u00e4t ajamaan lakeja tunnistusmerkinn\u00e4n pakollisuudesta parantaakseen kissojen mainetta ja v\u00e4hent\u00e4\u00e4kseen kulkukissojen m\u00e4\u00e4r\u00e4\u00e4.<\/p>\n<h2>MUISTA REKISTER\u00d6ID\u00c4 OMISTAJUUTESI KISSAN TUNNISTUMERKITSEMISEN J\u00c4LKEEN<\/h2>\n<ul>\n<li><\/li>\n<\/ul>\n<h2>MIT\u00c4 TEHD\u00c4 JOS TAPAAT EKSYNEEN KISSAN<\/h2>\n<p>Jos kohtaat eksyneen oloisen kissan tai ep\u00e4ilet sen karanneen kotoaan voit joko vied\u00e4 kissan el\u00e4inl\u00e4\u00e4k\u00e4riin tai l\u00f6yt\u00f6el\u00e4intaloon.<\/p>\n<ul>\n<li><\/li>\n<\/ul>\n<p>Mik\u00e4li kissan omistaja ei ole rekister\u00f6itynyt tai kissan tunnistusmerkint\u00e4 on niin uusi, ettei sit\u00e4 ole viel\u00e4 rekister\u00f6ity, et saa rekistereist\u00e4 tuloksia. Silloin voit yritt\u00e4\u00e4 etsi\u00e4 omistajaa l\u00f6yt\u00f6el\u00e4intalon, poliisin tai muiden foorumien, kuten sosiaalisen median, kautta.<\/p>\n\t\t\t<\/div>\n\t\t<\/div>\n\t<\/div>\n\n\n\n\t<section class=\"block related-articles\">\n\t\t<div class=\"container\">\n\t\t\t<h2>Aiheeseen liittyvi\u00e4 artikkeleita<\/h2>\n\t\t\t<div class=\"row justify-content-center\">\n\t\t\t\t\t\t\t\t\t\t<div class=\"col-sm-6 col-md-6 col-lg-3\">\n\t\t\t\t\t\t\t\t\t\t\t\t\t\t<div class=\"card \">\n\t\t\t\t\t\t\t\t\t\t\t\t\t\t\t\t\t<img decoding=\"async\"  src=\"https:\/\/bozita.com\/fi\/wp-content\/uploads\/sites\/11\/2021\/08\/bozita-introducera-katt-till-nytt-hem.jpg\" alt=\"\">\n\t\t\t\t\t\t\t\t\t\t\t\t\t\t\t\t\t<!-- <img decoding=\"async\" src=\"\n\t\t\t\t\t\t\t\t\t\t\t\t\t\t\t\t\t\t\t\t\" alt=\"\n\t\t\t\t\t\t\t\t\t\t\t\t\t\t\t\t\t\t\t\t\t\t\t\t\t\t\t\"> -->\n\t\t\t\t\t\t\t\t<div class=\"card-body\">\n\t\t\t\t\t\t\t\t\t\t\t\t\t\t\t\t\t\t\t<h6>Kissan totuttaminen uuteen kotiin<\/h6>\n\t\t\t\t\t\t\t\t\t\t\t\t\t\t\t\t\t\t\t<a href=\"https:\/\/bozita.com\/fi\/kissan-hankinta\/kissan-totuttaminen-uuteen-kotiin\/\">Lue lis\u00e4\u00e4 &nbsp; ><\/a>\n\t\t\t\t\t\t\t\t<\/div>\n\t\t\t\t\t\t\t<\/div>\n\t\t\t\t\t\t<\/div>\n\n\t\t\t\t\t\t\t\t\t\t\t<div class=\"col-sm-6 col-md-6 col-lg-3\">\n\t\t\t\t\t\t\t\t\t\t\t\t\t\t<div class=\"card \">\n\t\t\t\t\t\t\t\t\t\t\t\t\t\t\t\t\t<img decoding=\"async\"  src=\"https:\/\/bozita.com\/fi\/wp-content\/uploads\/sites\/11\/2025\/03\/bozita_swedish-natural-quality-compass.jpg\" alt=\"\">\n\t\t\t\t\t\t\t\t\t\t\t\t\t\t\t\t\t<!-- <img decoding=\"async\" src=\"\n\t\t\t\t\t\t\t\t\t\t\t\t\t\t\t\t\t\t\t\t\" alt=\"\n\t\t\t\t\t\t\t\t\t\t\t\t\t\t\t\t\t\t\t\t\t\t\t\t\t\t\t\"> -->\n\t\t\t\t\t\t\t\t<div class=\"card-body\">\n\t\t\t\t\t\t\t\t\t\t\t\t\t\t\t\t\t\t\t<h6>Koska voit p\u00e4\u00e4st\u00e4\u00e4 kissanpennun ulos ensimm\u00e4ist\u00e4 kertaa?<\/h6>\n\t\t\t\t\t\t\t\t\t\t\t\t\t\t\t\t\t\t\t<a href=\"https:\/\/bozita.com\/fi\/kissan-hankinta\/koska-voit-paastaa-kissanpennun-ulos-ensimmaista-kertaa\/\">Lue lis\u00e4\u00e4 &nbsp; ><\/a>\n\t\t\t\t\t\t\t\t<\/div>\n\t\t\t\t\t\t\t<\/div>\n\t\t\t\t\t\t<\/div>\n\n\t\t\t\t\t\t\t\t\t\t\t<div class=\"col-sm-6 col-md-6 col-lg-3\">\n\t\t\t\t\t\t\t\t\t\t\t\t\t\t<div class=\"card \">\n\t\t\t\t\t\t\t\t\t\t\t\t\t\t\t\t\t<img decoding=\"async\"  src=\"https:\/\/bozita.com\/fi\/wp-content\/uploads\/sites\/11\/2021\/08\/bozita-lamna-katt-ensam.jpg\" alt=\"\">\n\t\t\t\t\t\t\t\t\t\t\t\t\t\t\t\t\t<!-- <img decoding=\"async\" src=\"\n\t\t\t\t\t\t\t\t\t\t\t\t\t\t\t\t\t\t\t\t\" alt=\"\n\t\t\t\t\t\t\t\t\t\t\t\t\t\t\t\t\t\t\t\t\t\t\t\t\t\t\t\"> -->\n\t\t\t\t\t\t\t\t<div class=\"card-body\">\n\t\t\t\t\t\t\t\t\t\t\t\t\t\t\t\t\t\t\t<h6>Kuinka pitk\u00e4\u00e4n kissa voi olla yksin?<\/h6>\n\t\t\t\t\t\t\t\t\t\t\t\t\t\t\t\t\t\t\t<a href=\"https:\/\/bozita.com\/fi\/kuinka-pitkaan-kissa-voi-olla-yksin\/\">Lue lis\u00e4\u00e4 &nbsp; ><\/a>\n\t\t\t\t\t\t\t\t<\/div>\n\t\t\t\t\t\t\t<\/div>\n\t\t\t\t\t\t<\/div>\n\n\t\t\t\t\t\t\t\t\t\t\t\t<\/div>\n\t\t<\/div>\n\t<\/section>\n","protected":false},"excerpt":{"rendered":"","protected":false},"author":1,"featured_media":11179,"parent":0,"menu_order":0,"comment_status":"closed","ping_status":"closed","template":"guternberg.php","meta":{"footnotes":""},"acf":[],"yoast_head":"<!-- This site is optimized with the Yoast SEO plugin v21.3 - https:\/\/yoast.com\/wordpress\/plugins\/seo\/ -->\n<title>Miksi sinun tulisi tunnistusmerkit\u00e4 kissasi - Bozita Finland<\/title>\n<meta name=\"description\" content=\"Kissan tunnistusmerkitseminen mikrosirulla tai tatuoimalla tarkoittaa, ett\u00e4 sen pystyy j\u00e4ljitt\u00e4m\u00e4\u00e4n sinuun jos se karkaa. Molemmissa tavoissa on hyv\u00e4t ja huonot puolensa.\" \/>\n<meta name=\"robots\" content=\"index, follow, max-snippet:-1, max-image-preview:large, max-video-preview:-1\" \/>\n<link rel=\"canonical\" href=\"https:\/\/bozita.com\/fi\/miksi-sinun-tulisi-tunnistusmerkita-kissasi\/\" \/>\n<meta property=\"og:locale\" content=\"fi_FI\" \/>\n<meta property=\"og:type\" content=\"article\" \/>\n<meta property=\"og:title\" content=\"Miksi sinun tulisi tunnistusmerkit\u00e4 kissasi - Bozita Finland\" \/>\n<meta property=\"og:description\" content=\"Kissan tunnistusmerkitseminen mikrosirulla tai tatuoimalla tarkoittaa, ett\u00e4 sen pystyy j\u00e4ljitt\u00e4m\u00e4\u00e4n sinuun jos se karkaa. Molemmissa tavoissa on hyv\u00e4t ja huonot puolensa.\" \/>\n<meta property=\"og:url\" content=\"https:\/\/bozita.com\/fi\/miksi-sinun-tulisi-tunnistusmerkita-kissasi\/\" \/>\n<meta property=\"og:site_name\" content=\"Bozita Finland\" \/>\n<meta property=\"article:modified_time\" content=\"2025-04-16T10:56:32+00:00\" \/>\n<meta property=\"og:image\" content=\"https:\/\/bozita.com\/fi\/wp-content\/uploads\/sites\/11\/2025\/03\/bozita_swedish-natural-quality-compass.jpg\" \/>\n\t<meta property=\"og:image:width\" content=\"800\" \/>\n\t<meta property=\"og:image:height\" content=\"533\" \/>\n\t<meta property=\"og:image:type\" content=\"image\/jpeg\" \/>\n<meta name=\"twitter:card\" content=\"summary_large_image\" \/>\n<!-- \/ Yoast SEO plugin. -->","yoast_head_json":{"title":"Miksi sinun tulisi tunnistusmerkit\u00e4 kissasi - Bozita Finland","description":"Kissan tunnistusmerkitseminen mikrosirulla tai tatuoimalla tarkoittaa, ett\u00e4 sen pystyy j\u00e4ljitt\u00e4m\u00e4\u00e4n sinuun jos se karkaa. Molemmissa tavoissa on hyv\u00e4t ja huonot puolensa.","robots":{"index":"index","follow":"follow","max-snippet":"max-snippet:-1","max-image-preview":"max-image-preview:large","max-video-preview":"max-video-preview:-1"},"canonical":"https:\/\/bozita.com\/fi\/miksi-sinun-tulisi-tunnistusmerkita-kissasi\/","og_locale":"fi_FI","og_type":"article","og_title":"Miksi sinun tulisi tunnistusmerkit\u00e4 kissasi - Bozita Finland","og_description":"Kissan tunnistusmerkitseminen mikrosirulla tai tatuoimalla tarkoittaa, ett\u00e4 sen pystyy j\u00e4ljitt\u00e4m\u00e4\u00e4n sinuun jos se karkaa. Molemmissa tavoissa on hyv\u00e4t ja huonot puolensa.","og_url":"https:\/\/bozita.com\/fi\/miksi-sinun-tulisi-tunnistusmerkita-kissasi\/","og_site_name":"Bozita Finland","article_modified_time":"2025-04-16T10:56:32+00:00","og_image":[{"width":800,"height":533,"url":"https:\/\/bozita.com\/fi\/wp-content\/uploads\/sites\/11\/2025\/03\/bozita_swedish-natural-quality-compass.jpg","type":"image\/jpeg"}],"twitter_card":"summary_large_image","schema":{"@context":"https:\/\/schema.org","@graph":[{"@type":"WebPage","@id":"https:\/\/bozita.com\/fi\/miksi-sinun-tulisi-tunnistusmerkita-kissasi\/","url":"https:\/\/bozita.com\/fi\/miksi-sinun-tulisi-tunnistusmerkita-kissasi\/","name":"Miksi sinun tulisi tunnistusmerkit\u00e4 kissasi - Bozita Finland","isPartOf":{"@id":"https:\/\/bozita.com\/fi\/#website"},"datePublished":"2022-08-31T07:32:43+00:00","dateModified":"2025-04-16T10:56:32+00:00","description":"Kissan tunnistusmerkitseminen mikrosirulla tai tatuoimalla tarkoittaa, ett\u00e4 sen pystyy j\u00e4ljitt\u00e4m\u00e4\u00e4n sinuun jos se karkaa. Molemmissa tavoissa on hyv\u00e4t ja huonot puolensa.","breadcrumb":{"@id":"https:\/\/bozita.com\/fi\/miksi-sinun-tulisi-tunnistusmerkita-kissasi\/#breadcrumb"},"inLanguage":"fi","potentialAction":[{"@type":"ReadAction","target":["https:\/\/bozita.com\/fi\/miksi-sinun-tulisi-tunnistusmerkita-kissasi\/"]}]},{"@type":"BreadcrumbList","@id":"https:\/\/bozita.com\/fi\/miksi-sinun-tulisi-tunnistusmerkita-kissasi\/#breadcrumb","itemListElement":[{"@type":"ListItem","position":1,"name":"Koti","item":"https:\/\/bozita.com\/fi\/"},{"@type":"ListItem","position":2,"name":"Miksi sinun tulisi tunnistusmerkit\u00e4 kissasi"}]},{"@type":"WebSite","@id":"https:\/\/bozita.com\/fi\/#website","url":"https:\/\/bozita.com\/fi\/","name":"Bozita Finland","description":"","potentialAction":[{"@type":"SearchAction","target":{"@type":"EntryPoint","urlTemplate":"https:\/\/bozita.com\/fi\/?s={search_term_string}"},"query-input":"required name=search_term_string"}],"inLanguage":"fi"}]}},"_links":{"self":[{"href":"https:\/\/bozita.com\/fi\/wp-json\/wp\/v2\/pages\/6901"}],"collection":[{"href":"https:\/\/bozita.com\/fi\/wp-json\/wp\/v2\/pages"}],"about":[{"href":"https:\/\/bozita.com\/fi\/wp-json\/wp\/v2\/types\/page"}],"author":[{"embeddable":true,"href":"https:\/\/bozita.com\/fi\/wp-json\/wp\/v2\/users\/1"}],"replies":[{"embeddable":true,"href":"https:\/\/bozita.com\/fi\/wp-json\/wp\/v2\/comments?post=6901"}],"version-history":[{"count":12,"href":"https:\/\/bozita.com\/fi\/wp-json\/wp\/v2\/pages\/6901\/revisions"}],"predecessor-version":[{"id":11458,"href":"https:\/\/bozita.com\/fi\/wp-json\/wp\/v2\/pages\/6901\/revisions\/11458"}],"wp:featuredmedia":[{"embeddable":true,"href":"https:\/\/bozita.com\/fi\/wp-json\/wp\/v2\/media\/11179"}],"wp:attachment":[{"href":"https:\/\/bozita.com\/fi\/wp-json\/wp\/v2\/media?parent=6901"}],"curies":[{"name":"wp","href":"https:\/\/api.w.org\/{rel}","templated":true}]}}