{"id":6903,"date":"2022-08-31T07:32:56","date_gmt":"2022-08-31T07:32:56","guid":{"rendered":"https:\/\/bozita.com\/fi\/pennun-itsenaisyyden-harjoittelu-kouluta-koirasi-olemaan-yksin\/"},"modified":"2025-03-03T12:11:40","modified_gmt":"2025-03-03T12:11:40","slug":"pennun-itsenaisyyden-harjoittelu-kouluta-koirasi-olemaan-yksin","status":"publish","type":"page","link":"https:\/\/bozita.com\/fi\/koirasi-kehitys\/pennun-itsenaisyyden-harjoittelu-kouluta-koirasi-olemaan-yksin\/","title":{"rendered":"Pennun itsen\u00e4isyyden harjoittelu &#8211; kouluta koirasi olemaan yksin"},"content":{"rendered":"\t\t<section class=\"small-hero\">\n\t\t\t<div class=\"container\">\n\t\t\t\t<h1 class=\"small-hero-title\">Pennun itsen\u00e4isyyden harjoittelu &#8211; kouluta koirasi olemaan yksin<\/h1>\t\t\t<\/div>\n\t\t\t<\/div>\n\t\t<\/section>\n\t\n\n\t<div class=\"text-box-warp\">\n\t\t<div class=\"container\">\n\t\t\t<div class=\"text-content\">\n\t\t\t\t<p>Kaikkien koiranomistajien t\u00e4ytyy toisinaan voida j\u00e4tt\u00e4\u00e4 koira yksin, mutta koska koira on seurasta nauttiva laumael\u00e4in, sen tottuminen yksinoloon voi vied\u00e4 aikaa. Sinun t\u00e4ytyy kouluttaa pentusi tai koirasi olemaan yksin. Neuvomme aloittamaan harjoittelun aikaisin, koiran ollessa viel\u00e4 pentu ja v\u00e4hitellen lis\u00e4\u00e4m\u00e4\u00e4n vaikeusastetta pentusi tahdin mukaisesti. T\u00e4m\u00e4 v\u00e4hent\u00e4\u00e4 destruktiivisen k\u00e4yt\u00f6ksen, kuten haukkumisen tai tavaroiden pureskelun, riski\u00e4 koiran ollessa yksin.<\/p>\n<h2>MILLOIN PENNUN ITSEN\u00c4ISYYSHARJOITTELUN VOI ALOITTAA?<\/h2>\n<p>Voit aloittaa pennun koulutuksen kun se tuntee olonsa turvalliseksi kotona. Tottumisessa menee yleens\u00e4 pari viikkoa kotiintulosta. Alle kuuden kuukauden ik\u00e4ist\u00e4 pentua ei pit\u00e4isi j\u00e4tt\u00e4\u00e4 yksin kuin lyhyiksi hetkiksi, mutta on viisasta alkaa harjoitella pitempi\u00e4 yksinoloja varten.<\/p>\n<p>Jokainen koira on erilainen, joten yksinolon harjoittelussa on t\u00e4rke\u00e4\u00e4 noudattaa pennulle sopivaa tahtia. Tavoite on aina rauhallinen koira, joka ei hermostu yksin j\u00e4\u00e4dess\u00e4\u00e4n.<\/p>\n<h2>ITSEN\u00c4ISYYSHARJOITTELUN ALOITTAMINEN<\/h2>\n<p>Ensimm\u00e4inen askel harjoittelussa on totuttaa pentu siihen, ett\u00e4 et ole sen kanssa samassa huoneessa. Harjoitelkaa usein, mutta lyhyiss\u00e4 jaksoissa.<\/p>\n<p>Laita jokin este, kuten vauvan portti tai kangas kahden huoneen v\u00e4liin. Mene huoneeseen ajoittain, jotta pentu n\u00e4kee sinut mutta ei seuraa sinua. \u00c4l\u00e4 anna periksi jos pentusi hermostuu ja alkaa vinkua harjoittelun aikana. Mene sen sijaan huoneeseen, kun pentu rauhoittuu. Puhu sille yst\u00e4v\u00e4llisesti, mutta \u00e4l\u00e4 tee suurta numeroa l\u00e4htemisest\u00e4 tai huoneeseen palaamisesta.<\/p>\n<p>Mik\u00e4li pentusi on aivan poissa tolaltaan eik\u00e4 osoita rauhoittumisen merkkej\u00e4 sinun pit\u00e4\u00e4 tietenkin menn\u00e4 takaisin, mutta \u00e4l\u00e4 siin\u00e4k\u00e4\u00e4n tapauksessa anna sille erityist\u00e4 huomiota. Toista harjoitus v\u00e4h\u00e4n my\u00f6hemm\u00e4ss\u00e4 vaiheessa.<\/p>\n<p>Varmista, ett\u00e4 pennulla on lelu ja s\u00e4nky, mutta \u00e4l\u00e4 h\u00f6ss\u00f6t\u00e4 liiaksi tai lahjo sit\u00e4 ruoalla tai herkuilla.<\/p>\n<p>Yleens\u00e4 muutaman viikon j\u00e4lkeen hermostuneemmatkin pennut pystyv\u00e4t olemaan yksi huoneessa lyhyen ajan.<\/p>\n<h2>VAIKEUTA HARJOITUKSIA V\u00c4HITELLEN<\/h2>\n<p>Lis\u00e4\u00e4 itsen\u00e4isyysharjoittelun haastavuutta asteittain poistumalla kotoa kokonaan hetkeksi. Alkuun roskien vieminen saattaa riitt\u00e4\u00e4, mutta pian voit k\u00e4yd\u00e4 kaupassa ja sen j\u00e4lkeen pian jo elokuvissa. L\u00e4hde ja palaa aina kotiin samalla tavalla kuin huoneharjoittelussa teit.<\/p>\n<p>Hyvin koulutettu aikuinen koira p\u00e4rj\u00e4\u00e4 yleens\u00e4 nelj\u00e4-viisi tuntia yksin ongelmitta.<\/p>\n<p>&nbsp;<\/p>\n\t\t\t<\/div>\n\t\t<\/div>\n\t<\/div>\n\n\n\n\t<section class=\"block related-articles\">\n\t\t<div class=\"container\">\n\t\t\t<h2>AIheeseen liittyvi\u00e4 artikkeleita<\/h2>\n\t\t\t<div class=\"row justify-content-center\">\n\t\t\t\t\t\t\t\t\t\t<div class=\"col-sm-6 col-md-6 col-lg-3\">\n\t\t\t\t\t\t\t\t\t\t\t\t\t\t<div class=\"card \">\n\t\t\t\t\t\t\t\t\t\t\t\t\t\t\t\t\t<img decoding=\"async\"  src=\"https:\/\/bozita.com\/fi\/wp-content\/uploads\/sites\/11\/2021\/08\/bozita-hundvalp-spokalder-plotsliga-radslor.jpeg\" alt=\"\">\n\t\t\t\t\t\t\t\t\t\t\t\t\t\t\t\t\t<!-- <img decoding=\"async\" src=\"\n\t\t\t\t\t\t\t\t\t\t\t\t\t\t\t\t\t\t\t\t\" alt=\"\n\t\t\t\t\t\t\t\t\t\t\t\t\t\t\t\t\t\t\t\t\t\t\t\t\t\t\t\"> -->\n\t\t\t\t\t\t\t\t<div class=\"card-body\">\n\t\t\t\t\t\t\t\t\t\t\t\t\t\t\t\t\t\t\t<h6>Koiran m\u00f6rk\u00f6ik\u00e4 &#8211; pelk\u00e4\u00e4k\u00f6 koirasi yht&#8217;\u00e4kki\u00e4 kaikkea?<\/h6>\n\t\t\t\t\t\t\t\t\t\t\t\t\t\t\t\t\t\t\t<a href=\"https:\/\/bozita.com\/fi\/koirasi-kehitys\/koiran-morkoika-pelkaako-koirasi-yhtakkia-kaikkea\/\">Lue lis\u00e4\u00e4 &nbsp; ><\/a>\n\t\t\t\t\t\t\t\t<\/div>\n\t\t\t\t\t\t\t<\/div>\n\t\t\t\t\t\t<\/div>\n\n\t\t\t\t\t\t\t\t\t\t\t<div class=\"col-sm-6 col-md-6 col-lg-3\">\n\t\t\t\t\t\t\t\t\t\t\t\t\t\t<div class=\"card \">\n\t\t\t\t\t\t\t\t\t\t\t\t\t\t\t\t\t<img decoding=\"async\"  src=\"https:\/\/bozita.com\/fi\/wp-content\/uploads\/sites\/11\/2021\/08\/bozita-hundvalp-miljotraning-socialisering.jpeg\" alt=\"\">\n\t\t\t\t\t\t\t\t\t\t\t\t\t\t\t\t\t<!-- <img decoding=\"async\" src=\"\n\t\t\t\t\t\t\t\t\t\t\t\t\t\t\t\t\t\t\t\t\" alt=\"\n\t\t\t\t\t\t\t\t\t\t\t\t\t\t\t\t\t\t\t\t\t\t\t\t\t\t\t\"> -->\n\t\t\t\t\t\t\t\t<div class=\"card-body\">\n\t\t\t\t\t\t\t\t\t\t\t\t\t\t\t\t\t\t\t<h6>Sosiaalista koiranpentusi &#8211; kouluta koirasi tottumaan uusiin ymp\u00e4rist\u00f6ihin<\/h6>\n\t\t\t\t\t\t\t\t\t\t\t\t\t\t\t\t\t\t\t<a href=\"https:\/\/bozita.com\/fi\/koirasi-kehitys\/sosiaalista-koiranpentusi-kouluta-koirasi-tottumaan-uusiin-ymparistoihin\/\">Lue lis\u00e4\u00e4 &nbsp; ><\/a>\n\t\t\t\t\t\t\t\t<\/div>\n\t\t\t\t\t\t\t<\/div>\n\t\t\t\t\t\t<\/div>\n\n\t\t\t\t\t\t\t\t\t\t\t<div class=\"col-sm-6 col-md-6 col-lg-3\">\n\t\t\t\t\t\t\t\t\t\t\t\t\t\t<div class=\"card \">\n\t\t\t\t\t\t\t\t\t\t\t\t\t\t\t\t\t<img decoding=\"async\"  src=\"https:\/\/bozita.com\/fi\/wp-content\/uploads\/sites\/11\/2021\/06\/bozita-smakgaranti-hundmat-kattmat.jpeg\" alt=\"\">\n\t\t\t\t\t\t\t\t\t\t\t\t\t\t\t\t\t<!-- <img decoding=\"async\" src=\"\n\t\t\t\t\t\t\t\t\t\t\t\t\t\t\t\t\t\t\t\t\" alt=\"\n\t\t\t\t\t\t\t\t\t\t\t\t\t\t\t\t\t\t\t\t\t\t\t\t\t\t\t\"> -->\n\t\t\t\t\t\t\t\t<div class=\"card-body\">\n\t\t\t\t\t\t\t\t\t\t\t\t\t\t\t\t\t\t\t<h6>Koirakurssit ja aktiviteetit<\/h6>\n\t\t\t\t\t\t\t\t\t\t\t\t\t\t\t\t\t\t\t<a href=\"https:\/\/bozita.com\/fi\/aktiovoi-koirasi\/koirakurssit-ja-aktiviteetit\/\">Lue lis\u00e4\u00e4 &nbsp; ><\/a>\n\t\t\t\t\t\t\t\t<\/div>\n\t\t\t\t\t\t\t<\/div>\n\t\t\t\t\t\t<\/div>\n\n\t\t\t\t\t\t\t\t\t\t\t\t<\/div>\n\t\t<\/div>\n\t<\/section>\n","protected":false},"excerpt":{"rendered":"","protected":false},"author":1,"featured_media":6904,"parent":6554,"menu_order":0,"comment_status":"closed","ping_status":"closed","template":"guternberg.php","meta":{"footnotes":""},"acf":[],"yoast_head":"<!-- This site is optimized with the Yoast SEO plugin v21.3 - https:\/\/yoast.com\/wordpress\/plugins\/seo\/ -->\n<title>Pennun itsen\u00e4isyyden harjoittelu - kouluta koirasi olemaan yksin - Bozita Finland<\/title>\n<meta name=\"description\" content=\"Vinkkej\u00e4 koiran tai koiranpennun yksin olemisen harjoitteluun. Miten harjoittelet pennun yksin j\u00e4tt\u00e4mist\u00e4? Kuinka kauan pentu voi olla yksin? L\u00f6yd\u00e4t vastaukset kysymyksiin t\u00e4st\u00e4.\" \/>\n<meta name=\"robots\" content=\"index, follow, max-snippet:-1, max-image-preview:large, max-video-preview:-1\" \/>\n<link rel=\"canonical\" href=\"https:\/\/bozita.com\/fi\/koirasi-kehitys\/pennun-itsenaisyyden-harjoittelu-kouluta-koirasi-olemaan-yksin\/\" \/>\n<meta property=\"og:locale\" content=\"fi_FI\" \/>\n<meta property=\"og:type\" content=\"article\" \/>\n<meta property=\"og:title\" content=\"Pennun itsen\u00e4isyyden harjoittelu - kouluta koirasi olemaan yksin - Bozita Finland\" \/>\n<meta property=\"og:description\" content=\"Vinkkej\u00e4 koiran tai koiranpennun yksin olemisen harjoitteluun. Miten harjoittelet pennun yksin j\u00e4tt\u00e4mist\u00e4? Kuinka kauan pentu voi olla yksin? L\u00f6yd\u00e4t vastaukset kysymyksiin t\u00e4st\u00e4.\" \/>\n<meta property=\"og:url\" content=\"https:\/\/bozita.com\/fi\/koirasi-kehitys\/pennun-itsenaisyyden-harjoittelu-kouluta-koirasi-olemaan-yksin\/\" \/>\n<meta property=\"og:site_name\" content=\"Bozita Finland\" \/>\n<meta property=\"article:modified_time\" content=\"2025-03-03T12:11:40+00:00\" \/>\n<meta property=\"og:image\" content=\"https:\/\/bozita.com\/fi\/wp-content\/uploads\/sites\/11\/2021\/08\/bozita-hundvalp-ensam-trana.jpeg\" \/>\n\t<meta property=\"og:image:width\" content=\"800\" \/>\n\t<meta property=\"og:image:height\" content=\"533\" \/>\n\t<meta property=\"og:image:type\" content=\"image\/jpeg\" \/>\n<meta name=\"twitter:card\" content=\"summary_large_image\" \/>\n<!-- \/ Yoast SEO plugin. -->","yoast_head_json":{"title":"Pennun itsen\u00e4isyyden harjoittelu - kouluta koirasi olemaan yksin - Bozita Finland","description":"Vinkkej\u00e4 koiran tai koiranpennun yksin olemisen harjoitteluun. Miten harjoittelet pennun yksin j\u00e4tt\u00e4mist\u00e4? Kuinka kauan pentu voi olla yksin? L\u00f6yd\u00e4t vastaukset kysymyksiin t\u00e4st\u00e4.","robots":{"index":"index","follow":"follow","max-snippet":"max-snippet:-1","max-image-preview":"max-image-preview:large","max-video-preview":"max-video-preview:-1"},"canonical":"https:\/\/bozita.com\/fi\/koirasi-kehitys\/pennun-itsenaisyyden-harjoittelu-kouluta-koirasi-olemaan-yksin\/","og_locale":"fi_FI","og_type":"article","og_title":"Pennun itsen\u00e4isyyden harjoittelu - kouluta koirasi olemaan yksin - Bozita Finland","og_description":"Vinkkej\u00e4 koiran tai koiranpennun yksin olemisen harjoitteluun. Miten harjoittelet pennun yksin j\u00e4tt\u00e4mist\u00e4? Kuinka kauan pentu voi olla yksin? L\u00f6yd\u00e4t vastaukset kysymyksiin t\u00e4st\u00e4.","og_url":"https:\/\/bozita.com\/fi\/koirasi-kehitys\/pennun-itsenaisyyden-harjoittelu-kouluta-koirasi-olemaan-yksin\/","og_site_name":"Bozita Finland","article_modified_time":"2025-03-03T12:11:40+00:00","og_image":[{"width":800,"height":533,"url":"https:\/\/bozita.com\/fi\/wp-content\/uploads\/sites\/11\/2021\/08\/bozita-hundvalp-ensam-trana.jpeg","type":"image\/jpeg"}],"twitter_card":"summary_large_image","schema":{"@context":"https:\/\/schema.org","@graph":[{"@type":"WebPage","@id":"https:\/\/bozita.com\/fi\/koirasi-kehitys\/pennun-itsenaisyyden-harjoittelu-kouluta-koirasi-olemaan-yksin\/","url":"https:\/\/bozita.com\/fi\/koirasi-kehitys\/pennun-itsenaisyyden-harjoittelu-kouluta-koirasi-olemaan-yksin\/","name":"Pennun itsen\u00e4isyyden harjoittelu - kouluta koirasi olemaan yksin - Bozita Finland","isPartOf":{"@id":"https:\/\/bozita.com\/fi\/#website"},"datePublished":"2022-08-31T07:32:56+00:00","dateModified":"2025-03-03T12:11:40+00:00","description":"Vinkkej\u00e4 koiran tai koiranpennun yksin olemisen harjoitteluun. Miten harjoittelet pennun yksin j\u00e4tt\u00e4mist\u00e4? Kuinka kauan pentu voi olla yksin? L\u00f6yd\u00e4t vastaukset kysymyksiin t\u00e4st\u00e4.","breadcrumb":{"@id":"https:\/\/bozita.com\/fi\/koirasi-kehitys\/pennun-itsenaisyyden-harjoittelu-kouluta-koirasi-olemaan-yksin\/#breadcrumb"},"inLanguage":"fi","potentialAction":[{"@type":"ReadAction","target":["https:\/\/bozita.com\/fi\/koirasi-kehitys\/pennun-itsenaisyyden-harjoittelu-kouluta-koirasi-olemaan-yksin\/"]}]},{"@type":"BreadcrumbList","@id":"https:\/\/bozita.com\/fi\/koirasi-kehitys\/pennun-itsenaisyyden-harjoittelu-kouluta-koirasi-olemaan-yksin\/#breadcrumb","itemListElement":[{"@type":"ListItem","position":1,"name":"Koti","item":"https:\/\/bozita.com\/fi\/"},{"@type":"ListItem","position":2,"name":"Koirasi kehitys","item":"https:\/\/bozita.com\/fi\/koirasi-kehitys\/"},{"@type":"ListItem","position":3,"name":"Pennun itsen\u00e4isyyden harjoittelu &#8211; kouluta koirasi olemaan yksin"}]},{"@type":"WebSite","@id":"https:\/\/bozita.com\/fi\/#website","url":"https:\/\/bozita.com\/fi\/","name":"Bozita Finland","description":"","potentialAction":[{"@type":"SearchAction","target":{"@type":"EntryPoint","urlTemplate":"https:\/\/bozita.com\/fi\/?s={search_term_string}"},"query-input":"required name=search_term_string"}],"inLanguage":"fi"}]}},"_links":{"self":[{"href":"https:\/\/bozita.com\/fi\/wp-json\/wp\/v2\/pages\/6903"}],"collection":[{"href":"https:\/\/bozita.com\/fi\/wp-json\/wp\/v2\/pages"}],"about":[{"href":"https:\/\/bozita.com\/fi\/wp-json\/wp\/v2\/types\/page"}],"author":[{"embeddable":true,"href":"https:\/\/bozita.com\/fi\/wp-json\/wp\/v2\/users\/1"}],"replies":[{"embeddable":true,"href":"https:\/\/bozita.com\/fi\/wp-json\/wp\/v2\/comments?post=6903"}],"version-history":[{"count":5,"href":"https:\/\/bozita.com\/fi\/wp-json\/wp\/v2\/pages\/6903\/revisions"}],"predecessor-version":[{"id":11172,"href":"https:\/\/bozita.com\/fi\/wp-json\/wp\/v2\/pages\/6903\/revisions\/11172"}],"up":[{"embeddable":true,"href":"https:\/\/bozita.com\/fi\/wp-json\/wp\/v2\/pages\/6554"}],"wp:featuredmedia":[{"embeddable":true,"href":"https:\/\/bozita.com\/fi\/wp-json\/wp\/v2\/media\/6904"}],"wp:attachment":[{"href":"https:\/\/bozita.com\/fi\/wp-json\/wp\/v2\/media?parent=6903"}],"curies":[{"name":"wp","href":"https:\/\/api.w.org\/{rel}","templated":true}]}}