{"id":6908,"date":"2022-08-31T07:33:10","date_gmt":"2022-08-31T07:33:10","guid":{"rendered":"https:\/\/bozita.com\/fi\/kantavien-ja-imettavien-narttujen-ruokinta\/"},"modified":"2023-02-27T14:45:00","modified_gmt":"2023-02-27T14:45:00","slug":"kantavien-ja-imettavien-narttujen-ruokinta","status":"publish","type":"page","link":"https:\/\/bozita.com\/fi\/ravitsemus-ja-ruokavalio\/kantavien-ja-imettavien-narttujen-ruokinta\/","title":{"rendered":"Kantavien ja imett\u00e4vien narttujen ruokinta"},"content":{"rendered":"\t\t<section class=\"small-hero\">\n\t\t\t<div class=\"container\">\n\t\t\t\t<h1 class=\"small-hero-title\">Kantavien ja imett\u00e4vien narttujen ruokinta<\/h1>\t\t\t<\/div>\n\t\t\t<\/div>\n\t\t<\/section>\n\t\n\n\t<div class=\"text-box-warp\">\n\t\t<div class=\"container\">\n\t\t\t<div class=\"text-content\">\n\t\t\t\t<p>Pentujen ruokaan ja ruokintaan kiinnitet\u00e4\u00e4n usein paljon huomiota, jotta ne selvi\u00e4v\u00e4t ja kasvavat terveiksi koiriksi. On kuitenkin v\u00e4hint\u00e4\u00e4n yht\u00e4 t\u00e4rke\u00e4\u00e4 antaa kantavalle nartulle oikeanlaista ruokaa. Koiranomistajana haluat pit\u00e4\u00e4 huolta siit\u00e4, ett\u00e4 koirasi saa oikeanlaista ruokaa ja pysyy hyv\u00e4ss\u00e4 kunnossa ennen parittelua, tiineyden ja imett\u00e4misen aikana,. Mutta mit\u00e4 ruokaa kantavalle nartulle pit\u00e4\u00e4 antaa?<\/p>\n<h2>KOIRAN PIT\u00c4\u00c4 OLLA HYV\u00c4SS\u00c4 KUNNOSSA<\/h2>\n<p>Koiran on t\u00e4rke\u00e4\u00e4 olla huippukunnossa ennen parittelua ja tiineyden aikana. Jos narttu on alipainoinen se sis\u00e4lt\u00e4\u00e4 riskin siit\u00e4, ettei se sy\u00f6 tarpeeksi ravitakseen itsens\u00e4 ja kohdussa kasvavat pennut. T\u00e4m\u00e4 voi johtaa pentujen alhaisiin syntym\u00e4painoihin ja sen kautta korkeampaan kuolleisuuteen. My\u00f6s nartun pysyminen terveen\u00e4 imett\u00e4misen aikana vaarantuu. Jos narttu toisaalta on ylipainoinen eritt\u00e4in suurien pentujen ja vaikean synnytyksen riski kasvaa.<\/p>\n<h2>KANTAVILLE NARTUILLE R\u00c4\u00c4T\u00c4L\u00d6ITY\u00c4 RUOKAA<\/h2>\n<p>Tiineyden ensimm\u00e4isen puoliskon aikana pennut kasvavat vain 30% kokoisiksi syntym\u00e4koostaan. T\u00e4st\u00e4 syyst\u00e4 nartuilla ei oikeastaan ole tarvetta saada enemm\u00e4n ravintoa t\u00e4m\u00e4n jakson aikana, mutta voi olla hyv\u00e4 ajatus lis\u00e4t\u00e4 ruokaan penturuokaa t\u00e4ss\u00e4 vaiheessa. Korkeaproteiininen ja paljon rasvaa sis\u00e4lt\u00e4v\u00e4 penturuoka on my\u00f6s sopivaa kantaville ja imett\u00e4ville nartuille, sill\u00e4 se on eritt\u00e4in energiatiivist\u00e4. Ruoan energiatiiviys on kantaville nartuille t\u00e4rke\u00e4\u00e4, sill\u00e4 n\u00e4in ne varmasti saavat kaiken tarvitsemansa ravinnon. T\u00e4m\u00e4 puolestaan on t\u00e4rke\u00e4\u00e4, jotta pennut kasvavat hyvin tiineyden aikana ja narttu pystyy tuottamaan niille tarpeeksi maitoa menett\u00e4m\u00e4tt\u00e4 liikaa painoa imett\u00e4misen aikana.<\/p>\n<p>Tiineyden puoliv\u00e4lin j\u00e4lkeen pentujen kasvu kiihtyy, joten voit alkaa lis\u00e4t\u00e4 nartun ruoan m\u00e4\u00e4r\u00e4\u00e4. Yksi suositus on antaa nartulle 30-50 prosenttia enemm\u00e4n ruokaa tiineyden toisen jakson alusta l\u00e4htien synnytykseen asti. Pid\u00e4 kuitenkin huoli siit\u00e4, ettei narttu liho enemp\u00e4\u00e4 kuin 15-25 prosenttia normaaliin painoonsa n\u00e4hden.<\/p>\n<ul>\n<li><a href=\"https:\/\/bozita.com\/fi\/bozita-ruotsissa-valmistettua-penturuokaa\/?lang=fi\">Penturuoka ja ruoka kantaville ja imett\u00e4ville nartuille<\/a><\/li>\n<\/ul>\n<h2>VESI ON ERITYISEN T\u00c4RKE\u00c4\u00c4 IMETT\u00c4MISEN AIKANA<\/h2>\n<p>Pentujen synnytty\u00e4, imett\u00e4misen aikana, on eritt\u00e4in t\u00e4rke\u00e4\u00e4 ett\u00e4 emo saa tarpeeksi nestett\u00e4, sill\u00e4 pentujen juoma maito on 78 prosenttisesti vett\u00e4. Sijoita kulho pentujen ulottumattomiin, jotta turhalta l\u00e4ikkymiselt\u00e4 v\u00e4ltyt\u00e4\u00e4n. Voi olla vaikeaa saada narttu juomaan tarpeeksi, joten ruoan liottaminen vedess\u00e4 voi olla hyv\u00e4 keino lis\u00e4t\u00e4 nesteen m\u00e4\u00e4r\u00e4\u00e4.<\/p>\n<p>Pentujen m\u00e4\u00e4r\u00e4 ratkaisee kuinka paljon enemm\u00e4n nartun tulee imett\u00e4misen aikana sy\u00f6d\u00e4, mutta hyv\u00e4 nyrkkis\u00e4\u00e4nt\u00f6 on antaa 2-3 kertaa normaalia enemm\u00e4n ruokaa kiivaimman imett\u00e4misen aikana. T\u00e4m\u00e4 jakso ajoittuu yleens\u00e4 viikoille 3-4, jonka j\u00e4lkeen voit alkaa v\u00e4hent\u00e4\u00e4 ruoan m\u00e4\u00e4r\u00e4\u00e4 pentujen siirtyess\u00e4 pelk\u00e4st\u00e4 maidosta kiinte\u00e4\u00e4n ruokaan. Jos pentujen vatsat ovat sekaisin imett\u00e4misen aikana se johtuu yleens\u00e4 siit\u00e4, ett\u00e4 emo saa liikaa ruokaa. V\u00e4henn\u00e4 ruoan m\u00e4\u00e4r\u00e4\u00e4 v\u00e4h\u00e4n ja huomaat pentujen vatsaongelmien v\u00e4henev\u00e4n.  <\/p>\n<h2>KANTAVAN NARTUN RUOKINTA &#8211; BOZITA ROBUR MOTHER &amp; PUPPY<\/h2>\n<p>Bozita Robur Mother &amp; Puppy on t\u00e4ysravinto koiranpennuille, kasvaville koirille sek\u00e4 kantaville ja imett\u00e4ville nartuille.  Se on vehn\u00e4t\u00f6n ja sis\u00e4lt\u00e4\u00e4 paljon proteiinia. Bozita Robur Mother &amp; Puppy XL -ruoan palat ovat hieman suurempia isojen korien tarpeisiin sopien.<\/p>\n\t\t\t<\/div>\n\t\t<\/div>\n\t<\/div>\n\n\n<section class=\"block product-promos\">\n\t<div class=\"container\">\n\t\t<div class=\"row align-items-center\">\n\t\t\t<div class=\"col-md-5\">\n\t\t\t\t<div class=\"prdt__promos-heading\">\n\t\t\t\t\t<h3>\n\t\t\t\t\t\tPENNUILLE JA KASVAVILLE NUORILLE KOIRILLE SOPIVA RUOKA\t\t\t\t\t<\/h3>\n\t\t\t\t\t\t\t\t\t<\/div>\n\t\t\t<\/div>\n\t\t\t<div class=\"col-md-7\">\n\t\t\t\t\t\t\t\t\t<div class=\"owl-carousel owl-theme product-promo-carousel\">\n\t\t\t\t\t\t\t\t\t\t\t\t\t<a href=\"https:\/\/bozita.com\/fi\/koiranruoka\/bozita-robur-mother-puppy-old\/\">\n\t\t\t\t\t\t\t\t<div class=\"blk__prdt-item\">\n\t\t\t\t\t\t\t\t\t<figure>\n\t\t\t\t\t\t\t\t\t\t<img loading=\"lazy\" decoding=\"async\" width=\"400\" height=\"457\" src=\"https:\/\/bozita.com\/fi\/wp-content\/uploads\/sites\/11\/2021\/06\/2035-bozita-robur-mother-puppy.png\" class=\"attachment-post-thumbnail size-post-thumbnail wp-post-image\" alt=\"BOZITA ROBUR MOTHER &amp; PUPPY\" srcset=\"https:\/\/bozita.com\/fi\/wp-content\/uploads\/sites\/11\/2021\/06\/2035-bozita-robur-mother-puppy.png 400w, https:\/\/bozita.com\/fi\/wp-content\/uploads\/sites\/11\/2021\/06\/2035-bozita-robur-mother-puppy-263x300.png 263w\" sizes=\"(max-width: 400px) 100vw, 400px\" \/>\t\t\t\t\t\t\t\t\t\t\t\t\t\t\t\t\t\t\t<\/figure>\n\t\t\t\t\t\t\t\t\t<h4 class=\"carousel-title\"><\/h4>\n\t\t\t\t\t\t\t\t\t<span class=\"carousel-category\">BOZITA ROBUR MOTHER &amp; PUPPY<\/span>\n\t\t\t\t\t\t\t\t\t  \n\t\t\t\t\t\t\t\t\t<ul class=\"category-list\">\n\t\t\t\t\t\t\t\t\t\t\t\t\t\t\t\t\t\t\t\t\t\t\t<li class=\"svg-image\">\n\t\t\t\t\t\t\t\t\t\t\t\t\t\t<img decoding=\"async\" src=\"https:\/\/bozita.com\/fi\/wp-content\/uploads\/sites\/11\/2023\/09\/icon-wheat-free.svg\" \/>\n\t\t\t\t\t\t\t\t\t\t\t\t\t<\/li>\n\t\t\t\t\t\t\t\t\t\t\t\t\t\t\t\t\t\t\t\t\t\t\t\t\t\t\t\t\t\t\t\t\t\t\t\t<li class=\"svg-image\">\n\t\t\t\t\t\t\t\t\t\t\t\t\t\t<img decoding=\"async\" src=\"https:\/\/bozita.com\/fi\/wp-content\/uploads\/sites\/11\/2023\/09\/icon-flavour-chicken.svg\" \/>\n\t\t\t\t\t\t\t\t\t\t\t\t\t<\/li>\n\t\t\t\t\t\t\t\t\t\t\t\t\t\t\t\t\t\t\t\t\t\t<\/ul>       \n\n\t\t\t\t\t\t\t\t<\/div>\n\t\t\t\t\t\t\t<\/a>\n\t\t\t\t\t\t\t\t\t\t\t\t\t\t\t\t\t\t\t\t<a href=\"https:\/\/bozita.com\/fi\/koiranruoka\/bozita-robur-mother-puppy-xl-old\/\">\n\t\t\t\t\t\t\t\t<div class=\"blk__prdt-item\">\n\t\t\t\t\t\t\t\t\t<figure>\n\t\t\t\t\t\t\t\t\t\t<img loading=\"lazy\" decoding=\"async\" width=\"400\" height=\"457\" src=\"https:\/\/bozita.com\/fi\/wp-content\/uploads\/sites\/11\/2021\/06\/2036-bozita-robur-mother-puppy-xl.png\" class=\"attachment-post-thumbnail size-post-thumbnail wp-post-image\" alt=\"ACTIVE &amp; STERILISED &#8211; LAMB\" srcset=\"https:\/\/bozita.com\/fi\/wp-content\/uploads\/sites\/11\/2021\/06\/2036-bozita-robur-mother-puppy-xl.png 400w, https:\/\/bozita.com\/fi\/wp-content\/uploads\/sites\/11\/2021\/06\/2036-bozita-robur-mother-puppy-xl-263x300.png 263w\" sizes=\"(max-width: 400px) 100vw, 400px\" \/>\t\t\t\t\t\t\t\t\t\t\t\t\t\t\t\t\t\t\t<\/figure>\n\t\t\t\t\t\t\t\t\t<h4 class=\"carousel-title\"><\/h4>\n\t\t\t\t\t\t\t\t\t<span class=\"carousel-category\">BOZITA ROBUR MOTHER &amp; PUPPY XL<\/span>\n\t\t\t\t\t\t\t\t\t  \n\t\t\t\t\t\t\t\t\t<ul class=\"category-list\">\n\t\t\t\t\t\t\t\t\t\t\t\t\t\t\t\t\t\t\t\t\t\t\t<li class=\"svg-image\">\n\t\t\t\t\t\t\t\t\t\t\t\t\t\t<img decoding=\"async\" src=\"https:\/\/bozita.com\/fi\/wp-content\/uploads\/sites\/11\/2023\/09\/icon-wheat-free.svg\" \/>\n\t\t\t\t\t\t\t\t\t\t\t\t\t<\/li>\n\t\t\t\t\t\t\t\t\t\t\t\t\t\t\t\t\t\t\t\t\t\t\t\t\t\t\t\t\t\t\t\t\t\t\t\t<li class=\"svg-image\">\n\t\t\t\t\t\t\t\t\t\t\t\t\t\t<img decoding=\"async\" src=\"https:\/\/bozita.com\/fi\/wp-content\/uploads\/sites\/11\/2023\/09\/icon-flavour-chicken.svg\" \/>\n\t\t\t\t\t\t\t\t\t\t\t\t\t<\/li>\n\t\t\t\t\t\t\t\t\t\t\t\t\t\t\t\t\t\t\t\t\t\t<\/ul>       \n\n\t\t\t\t\t\t\t\t<\/div>\n\t\t\t\t\t\t\t<\/a>\n\t\t\t\t\t\t\t\t\t\t\t\t\t\t\t\t\t\t<\/div>\n\t\t\t\t\t\t\t<\/div>\n\t\t<\/div>\n\t<\/div>\n<\/section>\n<script>\njQuery(document).ready(function($) {\n\tjQuery('.product-promo-carousel').owlCarousel({\n\tloop: true,\n\tmargin: 10,\n\tresponsiveClass: true,\n\tresponsive: {\n\t\t0: {\n\t\titems: 1,\n\t\tnav: true\n\t\t},\n\t\t600: {\n\t\titems: 1,\n\t\tnav: true\n\t\t},\n\t\t1000: {\n\t\titems: 2,\n\t\tnav: true,\n\t\t}\n\t}\n\t})\n\tjQuery(\".owl-prev\").html('<span><<\/span>');\n\tjQuery(\".owl-next\").html('<span>><\/span>');\n\n\tvar slider = jQuery('.promo-slider-list');\n\tslider.owlCarousel();\n\tjQuery('.nextbtn-a').click(function() {\n\tslider.trigger('next.owl.carousel');\n\t})\n\t\/\/ Go to the previous item\n\tjQuery('.prebtn-a').click(function() {\n\tslider.trigger('prev.owl.carousel', [300]);\n\t})\n});\n<\/script>\n\n\n\t<div class=\"text-box-warp\">\n\t\t<div class=\"container\">\n\t\t\t<div class=\"text-content\">\n\t\t\t\t<h2>PENNUN RUOKKIMINEN<\/h2>\n<p>Lue t\u00e4\u00e4ll\u00e4 mit\u00e4 pennun tulisi sy\u00f6d\u00e4 ja kuinka paljon ruokaa ne tarvitsevat p\u00e4ivitt\u00e4in.<\/p>\n<ul>\n<li><a href=\"https:\/\/bozita.com\/fi\/kuinka-paljon-pennun-pitaa-syoda-ja-mika-on-paras-ruoka\/?lang=fi\">Kuinka paljon pennun tulisi sy\u00f6d\u00e4 ja mik\u00e4 on paras penturuoka?<\/a><\/li>\n<\/ul>\n\t\t\t<\/div>\n\t\t<\/div>\n\t<\/div>\n\n\n\n\t<section class=\"block related-articles\">\n\t\t<div class=\"container\">\n\t\t\t<h2>Aiheeseen liittyvi\u00e4 artikkeleita<\/h2>\n\t\t\t<div class=\"row justify-content-center\">\n\t\t\t\t\t\t\t\t\t\t<div class=\"col-sm-6 col-md-6 col-lg-3\">\n\t\t\t\t\t\t\t\t\t\t\t\t\t\t<div class=\"card \">\n\t\t\t\t\t\t\t\t\t\t\t\t\t\t\t\t\t<img decoding=\"async\"  src=\"https:\/\/bozita.com\/fi\/wp-content\/uploads\/sites\/11\/2021\/06\/bozita-utfodra-valp.jpg\" alt=\"\">\n\t\t\t\t\t\t\t\t\t\t\t\t\t\t\t\t\t<!-- <img decoding=\"async\" src=\"\n\t\t\t\t\t\t\t\t\t\t\t\t\t\t\t\t\t\t\t\t\" alt=\"\n\t\t\t\t\t\t\t\t\t\t\t\t\t\t\t\t\t\t\t\t\t\t\t\t\t\t\t\"> -->\n\t\t\t\t\t\t\t\t<div class=\"card-body\">\n\t\t\t\t\t\t\t\t\t\t\t\t\t\t\t\t\t\t\t<h6>Kuinka paljon pennun pit\u00e4\u00e4 sy\u00f6d\u00e4 ja mik\u00e4 on paras ruoka?<\/h6>\n\t\t\t\t\t\t\t\t\t\t\t\t\t\t\t\t\t\t\t<a href=\"https:\/\/bozita.com\/fi\/ravitsemus-ja-ruokavalio\/kuinka-paljon-pennun-pitaa-syoda-ja-mika-on-paras-ruoka\/\">Lue lis\u00e4\u00e4 &nbsp; ><\/a>\n\t\t\t\t\t\t\t\t<\/div>\n\t\t\t\t\t\t\t<\/div>\n\t\t\t\t\t\t<\/div>\n\n\t\t\t\t\t\t\t\t\t\t\t<div class=\"col-sm-6 col-md-6 col-lg-3\">\n\t\t\t\t\t\t\t\t\t\t\t\t\t\t<div class=\"card \">\n\t\t\t\t\t\t\t\t\t\t\t\t\t\t\t\t\t<img decoding=\"async\"  src=\"https:\/\/bozita.com\/fi\/wp-content\/uploads\/sites\/11\/2021\/08\/bozita-hund-byta-valpfoder-vuxenfoder.jpeg\" alt=\"\">\n\t\t\t\t\t\t\t\t\t\t\t\t\t\t\t\t\t<!-- <img decoding=\"async\" src=\"\n\t\t\t\t\t\t\t\t\t\t\t\t\t\t\t\t\t\t\t\t\" alt=\"\n\t\t\t\t\t\t\t\t\t\t\t\t\t\t\t\t\t\t\t\t\t\t\t\t\t\t\t\"> -->\n\t\t\t\t\t\t\t\t<div class=\"card-body\">\n\t\t\t\t\t\t\t\t\t\t\t\t\t\t\t\t\t\t\t<h6>Vaihto penturuoasta aikuisen koiran ruokaan<\/h6>\n\t\t\t\t\t\t\t\t\t\t\t\t\t\t\t\t\t\t\t<a href=\"https:\/\/bozita.com\/fi\/ravitsemus-ja-ruokavalio\/vaihto-penturuoasta-aikuisen-koiran-ruokaan\/\">Lue lis\u00e4\u00e4 &nbsp; ><\/a>\n\t\t\t\t\t\t\t\t<\/div>\n\t\t\t\t\t\t\t<\/div>\n\t\t\t\t\t\t<\/div>\n\n\t\t\t\t\t\t\t\t\t\t\t<div class=\"col-sm-6 col-md-6 col-lg-3\">\n\t\t\t\t\t\t\t\t\t\t\t\t\t\t<div class=\"card \">\n\t\t\t\t\t\t\t\t\t\t\t\t\t\t\t\t\t<img decoding=\"async\"  src=\"https:\/\/bozita.com\/fi\/wp-content\/uploads\/sites\/11\/2021\/08\/bozita-hund-borsta-tander-hygien.jpeg\" alt=\"\">\n\t\t\t\t\t\t\t\t\t\t\t\t\t\t\t\t\t<!-- <img decoding=\"async\" src=\"\n\t\t\t\t\t\t\t\t\t\t\t\t\t\t\t\t\t\t\t\t\" alt=\"\n\t\t\t\t\t\t\t\t\t\t\t\t\t\t\t\t\t\t\t\t\t\t\t\t\t\t\t\"> -->\n\t\t\t\t\t\t\t\t<div class=\"card-body\">\n\t\t\t\t\t\t\t\t\t\t\t\t\t\t\t\t\t\t\t<h6>Koiran hammaskivi<\/h6>\n\t\t\t\t\t\t\t\t\t\t\t\t\t\t\t\t\t\t\t<a href=\"https:\/\/bozita.com\/fi\/koirasi-terveys\/koiran-hammaskivi\/\">Lue lis\u00e4\u00e4 &nbsp; ><\/a>\n\t\t\t\t\t\t\t\t<\/div>\n\t\t\t\t\t\t\t<\/div>\n\t\t\t\t\t\t<\/div>\n\n\t\t\t\t\t\t\t\t\t\t\t\t<\/div>\n\t\t<\/div>\n\t<\/section>\n","protected":false},"excerpt":{"rendered":"","protected":false},"author":1,"featured_media":6910,"parent":6653,"menu_order":0,"comment_status":"closed","ping_status":"closed","template":"guternberg.php","meta":{"footnotes":""},"acf":[],"yoast_head":"<!-- This site is optimized with the Yoast SEO plugin v21.3 - https:\/\/yoast.com\/wordpress\/plugins\/seo\/ -->\n<title>Kantavien ja imett\u00e4vien narttujen ruokinta - Bozita Finland<\/title>\n<meta name=\"description\" content=\"Mit\u00e4 kantavan nartun tulisi sy\u00f6d\u00e4? Nartun terveys on edellytys terveille pennuille. Lue lis\u00e4\u00e4 kantavan ja imett\u00e4v\u00e4n nartun ruokinnasta,\" \/>\n<meta name=\"robots\" content=\"index, follow, max-snippet:-1, max-image-preview:large, max-video-preview:-1\" \/>\n<link rel=\"canonical\" href=\"https:\/\/bozita.com\/fi\/ravitsemus-ja-ruokavalio\/kantavien-ja-imettavien-narttujen-ruokinta\/\" \/>\n<meta property=\"og:locale\" content=\"fi_FI\" \/>\n<meta property=\"og:type\" content=\"article\" \/>\n<meta property=\"og:title\" content=\"Kantavien ja imett\u00e4vien narttujen ruokinta - Bozita Finland\" \/>\n<meta property=\"og:description\" content=\"Mit\u00e4 kantavan nartun tulisi sy\u00f6d\u00e4? Nartun terveys on edellytys terveille pennuille. Lue lis\u00e4\u00e4 kantavan ja imett\u00e4v\u00e4n nartun ruokinnasta,\" \/>\n<meta property=\"og:url\" content=\"https:\/\/bozita.com\/fi\/ravitsemus-ja-ruokavalio\/kantavien-ja-imettavien-narttujen-ruokinta\/\" \/>\n<meta property=\"og:site_name\" content=\"Bozita Finland\" \/>\n<meta property=\"article:modified_time\" content=\"2023-02-27T14:45:00+00:00\" \/>\n<meta property=\"og:image\" content=\"https:\/\/bozita.com\/fi\/wp-content\/uploads\/sites\/11\/2021\/08\/bozita-utfodring-tik-draktig-digivande.jpeg\" \/>\n\t<meta property=\"og:image:width\" content=\"800\" \/>\n\t<meta property=\"og:image:height\" content=\"533\" \/>\n\t<meta property=\"og:image:type\" content=\"image\/jpeg\" \/>\n<meta name=\"twitter:card\" content=\"summary_large_image\" \/>\n<!-- \/ Yoast SEO plugin. -->","yoast_head_json":{"title":"Kantavien ja imett\u00e4vien narttujen ruokinta - Bozita Finland","description":"Mit\u00e4 kantavan nartun tulisi sy\u00f6d\u00e4? Nartun terveys on edellytys terveille pennuille. Lue lis\u00e4\u00e4 kantavan ja imett\u00e4v\u00e4n nartun ruokinnasta,","robots":{"index":"index","follow":"follow","max-snippet":"max-snippet:-1","max-image-preview":"max-image-preview:large","max-video-preview":"max-video-preview:-1"},"canonical":"https:\/\/bozita.com\/fi\/ravitsemus-ja-ruokavalio\/kantavien-ja-imettavien-narttujen-ruokinta\/","og_locale":"fi_FI","og_type":"article","og_title":"Kantavien ja imett\u00e4vien narttujen ruokinta - Bozita Finland","og_description":"Mit\u00e4 kantavan nartun tulisi sy\u00f6d\u00e4? Nartun terveys on edellytys terveille pennuille. Lue lis\u00e4\u00e4 kantavan ja imett\u00e4v\u00e4n nartun ruokinnasta,","og_url":"https:\/\/bozita.com\/fi\/ravitsemus-ja-ruokavalio\/kantavien-ja-imettavien-narttujen-ruokinta\/","og_site_name":"Bozita Finland","article_modified_time":"2023-02-27T14:45:00+00:00","og_image":[{"width":800,"height":533,"url":"https:\/\/bozita.com\/fi\/wp-content\/uploads\/sites\/11\/2021\/08\/bozita-utfodring-tik-draktig-digivande.jpeg","type":"image\/jpeg"}],"twitter_card":"summary_large_image","schema":{"@context":"https:\/\/schema.org","@graph":[{"@type":"WebPage","@id":"https:\/\/bozita.com\/fi\/ravitsemus-ja-ruokavalio\/kantavien-ja-imettavien-narttujen-ruokinta\/","url":"https:\/\/bozita.com\/fi\/ravitsemus-ja-ruokavalio\/kantavien-ja-imettavien-narttujen-ruokinta\/","name":"Kantavien ja imett\u00e4vien narttujen ruokinta - Bozita Finland","isPartOf":{"@id":"https:\/\/bozita.com\/fi\/#website"},"datePublished":"2022-08-31T07:33:10+00:00","dateModified":"2023-02-27T14:45:00+00:00","description":"Mit\u00e4 kantavan nartun tulisi sy\u00f6d\u00e4? Nartun terveys on edellytys terveille pennuille. Lue lis\u00e4\u00e4 kantavan ja imett\u00e4v\u00e4n nartun ruokinnasta,","breadcrumb":{"@id":"https:\/\/bozita.com\/fi\/ravitsemus-ja-ruokavalio\/kantavien-ja-imettavien-narttujen-ruokinta\/#breadcrumb"},"inLanguage":"fi","potentialAction":[{"@type":"ReadAction","target":["https:\/\/bozita.com\/fi\/ravitsemus-ja-ruokavalio\/kantavien-ja-imettavien-narttujen-ruokinta\/"]}]},{"@type":"BreadcrumbList","@id":"https:\/\/bozita.com\/fi\/ravitsemus-ja-ruokavalio\/kantavien-ja-imettavien-narttujen-ruokinta\/#breadcrumb","itemListElement":[{"@type":"ListItem","position":1,"name":"Koti","item":"https:\/\/bozita.com\/fi\/"},{"@type":"ListItem","position":2,"name":"Ravitsemus ja ruokavalio","item":"https:\/\/bozita.com\/fi\/ravitsemus-ja-ruokavalio\/"},{"@type":"ListItem","position":3,"name":"Kantavien ja imett\u00e4vien narttujen ruokinta"}]},{"@type":"WebSite","@id":"https:\/\/bozita.com\/fi\/#website","url":"https:\/\/bozita.com\/fi\/","name":"Bozita Finland","description":"","potentialAction":[{"@type":"SearchAction","target":{"@type":"EntryPoint","urlTemplate":"https:\/\/bozita.com\/fi\/?s={search_term_string}"},"query-input":"required name=search_term_string"}],"inLanguage":"fi"}]}},"_links":{"self":[{"href":"https:\/\/bozita.com\/fi\/wp-json\/wp\/v2\/pages\/6908"}],"collection":[{"href":"https:\/\/bozita.com\/fi\/wp-json\/wp\/v2\/pages"}],"about":[{"href":"https:\/\/bozita.com\/fi\/wp-json\/wp\/v2\/types\/page"}],"author":[{"embeddable":true,"href":"https:\/\/bozita.com\/fi\/wp-json\/wp\/v2\/users\/1"}],"replies":[{"embeddable":true,"href":"https:\/\/bozita.com\/fi\/wp-json\/wp\/v2\/comments?post=6908"}],"version-history":[{"count":7,"href":"https:\/\/bozita.com\/fi\/wp-json\/wp\/v2\/pages\/6908\/revisions"}],"predecessor-version":[{"id":8640,"href":"https:\/\/bozita.com\/fi\/wp-json\/wp\/v2\/pages\/6908\/revisions\/8640"}],"up":[{"embeddable":true,"href":"https:\/\/bozita.com\/fi\/wp-json\/wp\/v2\/pages\/6653"}],"wp:featuredmedia":[{"embeddable":true,"href":"https:\/\/bozita.com\/fi\/wp-json\/wp\/v2\/media\/6910"}],"wp:attachment":[{"href":"https:\/\/bozita.com\/fi\/wp-json\/wp\/v2\/media?parent=6908"}],"curies":[{"name":"wp","href":"https:\/\/api.w.org\/{rel}","templated":true}]}}