{"id":6916,"date":"2022-08-31T07:33:34","date_gmt":"2022-08-31T07:33:34","guid":{"rendered":"https:\/\/bozita.com\/fi\/koiranruokaa-herkkavatsaisille-koirille\/"},"modified":"2024-10-08T07:48:13","modified_gmt":"2024-10-08T07:48:13","slug":"koiranruokaa-herkkavatsaisille-koirille","status":"publish","type":"page","link":"https:\/\/bozita.com\/fi\/koiranruokaa-herkkavatsaisille-koirille\/","title":{"rendered":"Koiranruokaa herkk\u00e4vatsaisille koirille"},"content":{"rendered":"\t\t<section class=\"small-hero\">\n\t\t\t<div class=\"container\">\n\t\t\t\t<h1 class=\"small-hero-title\">Koiranruokaa herkk\u00e4vatsaisille koirille<\/h1>\t\t\t<\/div>\n\t\t\t<\/div>\n\t\t<\/section>\n\t\n\n\t<div class=\"text-box-warp\">\n\t\t<div class=\"container\">\n\t\t\t<div class=\"text-content\">\n\t\t\t\t<p><strong>Aivan kuten ihmisill\u00e4, koirilla voi olla herkk\u00e4 vatsa. Jos koira on herkk\u00e4vatsainen sen on t\u00e4rke\u00e4\u00e4 saada oikeanlaista ruokaa, jotta ruoansulatus toimii, ravinteet imeytyv\u00e4t ja koira pysyy vahvana ja terveen\u00e4. Jatkuvasti sekaisin oleva vatsa voi aiheuttaa monenlaisia terveysongelmia, johtuen siit\u00e4 ett\u00e4 immuunij\u00e4rjestelm\u00e4n teho heikkenee vatsan ollessa levoton. <\/strong><\/p>\n<p>Parhaiten herkk\u00e4vatsaiselle koiralle sopiva ruoka vaihtelee yksil\u00f6llisesti riippuen herkk\u00e4vatsaisuuden syyst\u00e4. Usein koirat reagoivat liian energiatiiviiseen ruokaan ts. rasvaisempiin ruokiin. Usein kokeillaan proteiininl\u00e4hteen vaihtamista el\u00e4inproteiinista toiseen vatsaongelmien v\u00e4hent\u00e4miseksi.<\/p>\n<h2>MIST\u00c4 TIED\u00c4T TARVITSEEKO KOIRASI ERITYIST\u00c4 RUOKAA HERKK\u00c4VATSAISILLE?<\/h2>\n<p>Koirasi ulosteet voivat antaa hy\u00f6dyllisi\u00e4 vihjeit\u00e4 sen vatsan kunnosta. Pitk\u00e4\u00e4n kest\u00e4v\u00e4 l\u00f6ys\u00e4 vatsa kertoo siit\u00e4, ettei nykyinen koiranruoka ole koiralle sopiva. Herkk\u00e4vatsaiset koirat reagoivat voimakkaammin ruoan muutoksiin, puruluihin ja muihin herkkuihin. Herkk\u00e4vatsaisen koiran kest\u00e4\u00e4 my\u00f6s pitemp\u00e4\u00e4n tottua uuteen ruokaan, joten k\u00e4rsiv\u00e4llisyyt\u00e4 kysyt\u00e4\u00e4n ruoan vaihdoissa. Sinun on hyv\u00e4 olla tietoinen siit\u00e4, ett\u00e4 vatsaongelmat ruoan vaihdon yhteydess\u00e4 voivat kertoa koiran herkk\u00e4vatsaisuudesta.<\/p>\n<h2>KOIRIEN RIPULI<\/h2>\n<p>Toisinaan koirat k\u00e4rsiv\u00e4t ripulista ja sekaisin olevasta vatsasta. Useimmiten t\u00e4m\u00e4 on t\u00e4ysin vaaratonta, esimerkiksi jokin muutos ruoassa tai sy\u00f6mosess\u00e4 on saattanut sekoittaa suolistoflooran.<\/p>\n<p>T\u00e4m\u00e4 menee yleens\u00e4 nopeasti ohi. Voit auttaa koiraa ottamalla sen ruoan pois kunnes ripulin oireet katoavat ja vatsa rauhoittuu. Koiran pit\u00e4\u00e4 olla mahdollista juoda paljon ripulista k\u00e4rsiess\u00e4\u00e4n, koska ne kuivuvat helposti. Kun koiran vatsa on j\u00e4lleen rauhoittunut, voit alkaa ruokkia sit\u00e4 v\u00e4h\u00e4n tai keitt\u00e4\u00e4 sille pieni\u00e4 annoksia riisi\u00e4. Tarkkaile alkaako koira j\u00e4lleen oirehtia. Jos alkaa olet antanut sille liikaa ruokaa liian varhain.<\/p>\n<h2>KOIRAN RIPULI, KOSKA EL\u00c4INL\u00c4\u00c4K\u00c4RIIN?<\/h2>\n<p>Tarkkaile ripulista k\u00e4rsiv\u00e4\u00e4 koiraasi. Jos havaitset verta, el\u00e4inl\u00e4\u00e4k\u00e4riin pit\u00e4\u00e4 l\u00e4hte\u00e4 heti. My\u00f6s yleiskunnon heikentyminen tai oireiden pitkittyminen edellytt\u00e4\u00e4 l\u00e4\u00e4k\u00e4rik\u00e4ynti\u00e4. Pentujen kohdalla el\u00e4inl\u00e4\u00e4k\u00e4riin kannattaa l\u00e4hte\u00e4 ripulin kohdalla herk\u00e4sti, sill\u00e4 tila saattaa muuttua pennulle nopeasti vakavaksi kun se menett\u00e4\u00e4 paljon nestett\u00e4. Ota aina yhteytt\u00e4 el\u00e4inl\u00e4\u00e4k\u00e4riin jos olosi on ep\u00e4varma.<\/p>\n<h2>KOIRIEN VATSAONGELMIEN EHK\u00c4ISEMINEN<\/h2>\n<p>Koirasi vatsaongelmien ja ripulin ehk\u00e4iseminen voi olla helpommin sanottu kuin tehty. Koirat ovat taitavia l\u00f6yt\u00e4m\u00e4\u00e4n pureskeltavaa ollessaan k\u00e4velyill\u00e4 ja t\u00e4hteet voivat helposti sekoittaa vatsan ja aiheuttaa ripulia. Paras neuvo on l\u00f6yt\u00e4\u00e4 niiden vatsan harmonialle parhaiten sopiva ruoka, joka edesauttaa vatsan tasapainoa. Sopiva koiranruoka parantaa koirasi vastustuskyky\u00e4 vatsaa sekottavia asioita kohtaan. Pid\u00e4 my\u00f6s koiraasi silm\u00e4ll\u00e4 ollessasi sen kanssa ulkona, jotta se ei p\u00e4\u00e4see sy\u00f6m\u00e4\u00e4n mit\u00e4\u00e4n sopimatonta.<\/p>\n<h2>BOZITA KOIRANRUOKA HERKK\u00c4VATSAISILLE<\/h2>\n<p>Vaihtelee koirasta koiraan mille vatsa on herkk\u00e4 ja perimm\u00e4isen syyn l\u00f6yt\u00e4miseen tarvitaan el\u00e4inl\u00e4\u00e4k\u00e4rin apua. Usein energiatiivis (korkean rasvapitoisuus) ruoka ja tietyt valkuaiset sek\u00e4 viljat voivat sekoittaa koiran vatsaa. Bozitan ravitsemustieteilij\u00e4t ovat kehitt\u00e4neet koiran vatsalle hell\u00e4varaisia ruokia.<\/p>\n<p>L\u00f6yt\u00e4\u00e4ksesi Bozitan koiranruoat herkk\u00e4vatsaisille, mene koiranruokasivuillemme ja suodata valikoima herkk\u00e4vatsaisuuden mukaan.<\/p>\n<p><strong>Lue lis\u00e4\u00e4<\/strong><\/p>\n<ul>\n<li><a href=\"https:\/\/bozita.com\/fi\/viljaton-koiranruoka-kaikki-mita-sinun-tarvitsee-tietaa\/\">Viljaton koiranruoka &#8211; kaikki tarvitsemasi tieto<\/a><\/li>\n<li><a href=\"https:\/\/bozita.com\/fi\/bozita-koirien-markaruoka\/?lang=fi\">Bozita koirien m\u00e4rk\u00e4ruoka<\/a><\/li>\n<li><a href=\"https:\/\/bozita.com\/fi\/kuivaruoka\/\">Bozita koirien kuivaruoka<\/a><\/li>\n<li><a href=\"https:\/\/bozita.com\/fi\/vaihto-penturuoasta-aikuisen-koiran-ruokaan\/?lang=fi\">Bozita penturuoka<\/a><\/li>\n<\/ul>\n\t\t\t<\/div>\n\t\t<\/div>\n\t<\/div>\n","protected":false},"excerpt":{"rendered":"","protected":false},"author":1,"featured_media":0,"parent":0,"menu_order":0,"comment_status":"closed","ping_status":"closed","template":"guternberg.php","meta":{"footnotes":""},"acf":[],"yoast_head":"<!-- This site is optimized with the Yoast SEO plugin v21.3 - https:\/\/yoast.com\/wordpress\/plugins\/seo\/ -->\n<title>Koiranruokaa herkk\u00e4vatsaisille koirille - Bozita Finland<\/title>\n<meta name=\"description\" content=\"Jos koira on herkk\u00e4vatsainen sen on t\u00e4rke\u00e4 saada oikeanlaista koiranruokaa, jotta sen vatsa pysyy tasapainossa, ruoan ravinteet ehtiv\u00e4t imeyty\u00e4 ja koira pysyy terveen\u00e4,\" \/>\n<meta name=\"robots\" content=\"index, follow, max-snippet:-1, max-image-preview:large, max-video-preview:-1\" \/>\n<link rel=\"canonical\" href=\"https:\/\/bozita.com\/fi\/koiranruokaa-herkkavatsaisille-koirille\/\" \/>\n<meta property=\"og:locale\" content=\"fi_FI\" \/>\n<meta property=\"og:type\" content=\"article\" \/>\n<meta property=\"og:title\" content=\"Koiranruokaa herkk\u00e4vatsaisille koirille - Bozita Finland\" \/>\n<meta property=\"og:description\" content=\"Jos koira on herkk\u00e4vatsainen sen on t\u00e4rke\u00e4 saada oikeanlaista koiranruokaa, jotta sen vatsa pysyy tasapainossa, ruoan ravinteet ehtiv\u00e4t imeyty\u00e4 ja koira pysyy terveen\u00e4,\" \/>\n<meta property=\"og:url\" content=\"https:\/\/bozita.com\/fi\/koiranruokaa-herkkavatsaisille-koirille\/\" \/>\n<meta property=\"og:site_name\" content=\"Bozita Finland\" \/>\n<meta property=\"article:modified_time\" content=\"2024-10-08T07:48:13+00:00\" \/>\n<meta property=\"og:image\" content=\"https:\/\/bozita.com\/fi\/wp-content\/uploads\/sites\/11\/2021\/08\/bozita_swedish-natural-quality.jpg\" \/>\n\t<meta property=\"og:image:width\" content=\"800\" \/>\n\t<meta property=\"og:image:height\" content=\"533\" \/>\n\t<meta property=\"og:image:type\" content=\"image\/jpeg\" \/>\n<meta name=\"twitter:card\" content=\"summary_large_image\" \/>\n<!-- \/ Yoast SEO plugin. -->","yoast_head_json":{"title":"Koiranruokaa herkk\u00e4vatsaisille koirille - Bozita Finland","description":"Jos koira on herkk\u00e4vatsainen sen on t\u00e4rke\u00e4 saada oikeanlaista koiranruokaa, jotta sen vatsa pysyy tasapainossa, ruoan ravinteet ehtiv\u00e4t imeyty\u00e4 ja koira pysyy terveen\u00e4,","robots":{"index":"index","follow":"follow","max-snippet":"max-snippet:-1","max-image-preview":"max-image-preview:large","max-video-preview":"max-video-preview:-1"},"canonical":"https:\/\/bozita.com\/fi\/koiranruokaa-herkkavatsaisille-koirille\/","og_locale":"fi_FI","og_type":"article","og_title":"Koiranruokaa herkk\u00e4vatsaisille koirille - Bozita Finland","og_description":"Jos koira on herkk\u00e4vatsainen sen on t\u00e4rke\u00e4 saada oikeanlaista koiranruokaa, jotta sen vatsa pysyy tasapainossa, ruoan ravinteet ehtiv\u00e4t imeyty\u00e4 ja koira pysyy terveen\u00e4,","og_url":"https:\/\/bozita.com\/fi\/koiranruokaa-herkkavatsaisille-koirille\/","og_site_name":"Bozita Finland","article_modified_time":"2024-10-08T07:48:13+00:00","og_image":[{"width":800,"height":533,"url":"https:\/\/bozita.com\/fi\/wp-content\/uploads\/sites\/11\/2021\/08\/bozita_swedish-natural-quality.jpg","type":"image\/jpeg"}],"twitter_card":"summary_large_image","schema":{"@context":"https:\/\/schema.org","@graph":[{"@type":"WebPage","@id":"https:\/\/bozita.com\/fi\/koiranruokaa-herkkavatsaisille-koirille\/","url":"https:\/\/bozita.com\/fi\/koiranruokaa-herkkavatsaisille-koirille\/","name":"Koiranruokaa herkk\u00e4vatsaisille koirille - Bozita Finland","isPartOf":{"@id":"https:\/\/bozita.com\/fi\/#website"},"datePublished":"2022-08-31T07:33:34+00:00","dateModified":"2024-10-08T07:48:13+00:00","description":"Jos koira on herkk\u00e4vatsainen sen on t\u00e4rke\u00e4 saada oikeanlaista koiranruokaa, jotta sen vatsa pysyy tasapainossa, ruoan ravinteet ehtiv\u00e4t imeyty\u00e4 ja koira pysyy terveen\u00e4,","breadcrumb":{"@id":"https:\/\/bozita.com\/fi\/koiranruokaa-herkkavatsaisille-koirille\/#breadcrumb"},"inLanguage":"fi","potentialAction":[{"@type":"ReadAction","target":["https:\/\/bozita.com\/fi\/koiranruokaa-herkkavatsaisille-koirille\/"]}]},{"@type":"BreadcrumbList","@id":"https:\/\/bozita.com\/fi\/koiranruokaa-herkkavatsaisille-koirille\/#breadcrumb","itemListElement":[{"@type":"ListItem","position":1,"name":"Koti","item":"https:\/\/bozita.com\/fi\/"},{"@type":"ListItem","position":2,"name":"Koiranruokaa herkk\u00e4vatsaisille koirille"}]},{"@type":"WebSite","@id":"https:\/\/bozita.com\/fi\/#website","url":"https:\/\/bozita.com\/fi\/","name":"Bozita Finland","description":"","potentialAction":[{"@type":"SearchAction","target":{"@type":"EntryPoint","urlTemplate":"https:\/\/bozita.com\/fi\/?s={search_term_string}"},"query-input":"required name=search_term_string"}],"inLanguage":"fi"}]}},"_links":{"self":[{"href":"https:\/\/bozita.com\/fi\/wp-json\/wp\/v2\/pages\/6916"}],"collection":[{"href":"https:\/\/bozita.com\/fi\/wp-json\/wp\/v2\/pages"}],"about":[{"href":"https:\/\/bozita.com\/fi\/wp-json\/wp\/v2\/types\/page"}],"author":[{"embeddable":true,"href":"https:\/\/bozita.com\/fi\/wp-json\/wp\/v2\/users\/1"}],"replies":[{"embeddable":true,"href":"https:\/\/bozita.com\/fi\/wp-json\/wp\/v2\/comments?post=6916"}],"version-history":[{"count":10,"href":"https:\/\/bozita.com\/fi\/wp-json\/wp\/v2\/pages\/6916\/revisions"}],"predecessor-version":[{"id":11076,"href":"https:\/\/bozita.com\/fi\/wp-json\/wp\/v2\/pages\/6916\/revisions\/11076"}],"wp:attachment":[{"href":"https:\/\/bozita.com\/fi\/wp-json\/wp\/v2\/media?parent=6916"}],"curies":[{"name":"wp","href":"https:\/\/api.w.org\/{rel}","templated":true}]}}