{"id":6925,"date":"2022-08-31T07:34:11","date_gmt":"2022-08-31T07:34:11","guid":{"rendered":"https:\/\/bozita.com\/fi\/kissan-anatomia-ja-fysiologia\/"},"modified":"2025-03-05T08:51:13","modified_gmt":"2025-03-05T08:51:13","slug":"kissan-anatomia-ja-fysiologia","status":"publish","type":"page","link":"https:\/\/bozita.com\/fi\/kissan-kehitys\/kissan-anatomia-ja-fysiologia\/","title":{"rendered":"Kissan anatomia ja fysiologia"},"content":{"rendered":"\t\t<section class=\"small-hero\">\n\t\t\t<div class=\"container\">\n\t\t\t\t<h1 class=\"small-hero-title\">Kissan anatomia ja fysiologia<\/h1>\t\t\t<\/div>\n\t\t\t<\/div>\n\t\t<\/section>\n\t\n\n\t<div class=\"text-box-warp\">\n\t\t<div class=\"container\">\n\t\t\t<div class=\"text-content\">\n\t\t\t\t<p><strong>Kissoja on monenlaisia ja eri rotuisia, mutta niiden vartalot toimivat p\u00e4\u00e4asiassa samalla tavalla. Niill\u00e4 on muiden saalistajien tavoin nopeat refleksit ja joustavat kehot, jotta vaarojen pakeneminen tai saaliin kiinniottaminen onnistuu. Ymm\u00e4rt\u00e4\u00e4ksesi kissan k\u00e4ytt\u00e4ytymist\u00e4 ja niiden kehon toimintaa saat t\u00e4st\u00e4 lis\u00e4tietoa kissan anatomiaan (kuinka se on rakennettu) ja fysiologiaan (kuinka se toimii).<\/strong><\/p>\n<h2>KISSAT N\u00c4KEV\u00c4T HYVIN PIME\u00c4SS\u00c4<\/h2>\n<p>Kissan silm\u00e4n rakenne antaa sille hyv\u00e4n pime\u00e4n\u00e4\u00f6n, joka on t\u00e4rke\u00e4 osa kissan anatomiaa. Kissan n\u00e4k\u00f6kentt\u00e4 on 285 astetta ja noin puolet silmien n\u00e4k\u00f6kentist\u00e4 ovat p\u00e4\u00e4llekk\u00e4isi\u00e4. Kissat ovat tunnetaan ter\u00e4v\u00e4st\u00e4 ja hyv\u00e4st\u00e4 pime\u00e4n\u00e4\u00f6st\u00e4\u00e4n. Tutkijat ovat selvitt\u00e4neet, ett\u00e4 \u00f6isin aktiivisten nis\u00e4kk\u00e4iden silm\u00e4t eroavat muiden el\u00e4inten silmist\u00e4 ja kissa n\u00e4kee pime\u00e4ss\u00e4 kuusi kertaa ihmist\u00e4 paremmin. Niiden silmiss\u00e4 on miljoonia pieni\u00e4 linssej\u00e4, jotka vangitsevat valoa, joten pienikin valon m\u00e4\u00e4r\u00e4 pimeydess\u00e4 riitt\u00e4\u00e4 kissalle. T\u00e4ysin pime\u00e4ss\u00e4 ne eiv\u00e4t kuitenkaan luota silmiins\u00e4 vaan tuntokarvoihinsa sek\u00e4 haju- ja kuuloaisteihinsa.  Kissan verkkokalvon takana on valoa heijasta pinta, mik\u00e4 saa niiden silm\u00e4t loistamaan jos niihin osuu pime\u00e4ss\u00e4 kirkkaampaa valoa.  <\/p>\n<h2>KISSAN ANATOMIA &#8211; LUUSTO JA LIHAKSET<\/h2>\n<p>Kissan luusto ja lihakset ovat suunniteltu mets\u00e4st\u00e4miseen. Kissan keho koostuu rustoista ja luustosta, joka rakentuu jopa 282 luusta. Luusto varastoi kissan tarvitsemaa fosforia ja kalsiumia. Kissan anatomia ja fysiologia tekee siit\u00e4 erinomaisen mets\u00e4st\u00e4j\u00e4n. Kissalla on hyvin kehittynyt lihaksisto, etenkin jaloissa, sel\u00e4ss\u00e4 ja leuoissa, kaikki onnistuneeseen mets\u00e4st\u00e4miseen sopien. Kissalla on eritt\u00e4in liikkuva, joustava selk\u00e4ranka. Hyv\u00e4 liikkuvuus tekee saaliin per\u00e4ss\u00e4 hiipimisest\u00e4 helpompaa, my\u00f6s esteiden alittaminen ja ylitt\u00e4minen helpottuu joustavuuden ansiosta. Jalkojen ja sel\u00e4n vahva lihaksisto mahdollistaa kissan pystysuoran kiipe\u00e4misen kynsien avulla, esimerkiksi puihin. Kynsien rakenne ei ole suunniteltu alasp\u00e4in kiipe\u00e4miseen, mink\u00e4 takia kissat usein j\u00e4\u00e4v\u00e4t puihin jumiin.<\/p>\n<h2>IHO JA TURKKI SUOJELEVAT JA L\u00c4MMITT\u00c4V\u00c4T<\/h2>\n<p>Ihon ja turkin tarkoitus on suojella kissaa. Ihon rauhaset eritt\u00e4v\u00e4t my\u00f6s feromoneja, joita kissa k\u00e4ytt\u00e4\u00e4 merkkaamaan reviiri\u00e4\u00e4n. T\u00e4st\u00e4 syyst\u00e4 huomaat kissasi hankaavan itse\u00e4\u00e4n huonekaluja vasten kotona. Kissan turkkin on hyvin tiivis ja kun karva on t\u00e4ysin kasvanut se ei en\u00e4\u00e4 pitene. Turkissa on kolmea erilaista karvaa, joilla kaikilla on oma funktionsa, niin lyhyt- kuin pitk\u00e4karvaisilla kissoilla.<\/p>\n<ul>\n<li><strong>Peitinkarva<\/strong>\u00a0on uloimmainen kerros sileit\u00e4 ja tasaisia karvoja. T\u00e4m\u00e4 antaa kissalle sen v\u00e4rin ja suojaa sit\u00e4 kosteudelta..<\/li>\n<li><strong>Aluskarva<\/strong>on peitinkarvan alla ja antaa lis\u00e4suojaa. Aluskarva on sekoitus karvaa ja villaa.<\/li>\n<li><strong>Untuvakarva<\/strong> on ohutta ja pehm\u00e4\u00e4 karvaa l\u00e4hinn\u00e4 kissan vartaloa. Se pit\u00e4\u00e4 kissan l\u00e4mpim\u00e4n\u00e4. <\/li>\n<\/ul>\n<h2>KISSAN ANATOMIA &#8211; VATSA JA SUOLISTO<\/h2>\n<p>Vatsan ja suoliston on toimittava hyvin, jotta kissan sy\u00f6m\u00e4n ruoan ravinteet imeytyv\u00e4t. Kissan syljess\u00e4 ei ole ihmisen syljen tavoin ruoansulatusentsyymej\u00e4, joten ne eiv\u00e4t pureskele ruokaansa yht\u00e4 pitk\u00e4\u00e4n. Kissan ruoansulatus alkaa vatsassa. Ruokaa hajoaa ruoansulatuskanavassa, jotta ravinteet p\u00e4\u00e4sev\u00e4t imeytym\u00e4\u00e4n. Entsyymit sulattavat tehokkaasti rasvaa ja proteiinia, mutta hiilihydraattia huonommin. T\u00e4st\u00e4 syyst\u00e4 kissan ei pid\u00e4 sy\u00f6d\u00e4 paljon hiilihydraatteja. Kissan vatsa on PH-arvoltaan eritt\u00e4in hapokas, mik\u00e4 pit\u00e4\u00e4 sen puhtaana ja antaa luonnollisen suojan ruoansulatuselimist\u00f6n tulehduksia vastaan.<\/p>\n\t\t\t<\/div>\n\t\t<\/div>\n\t<\/div>\n\n\n\n\t<section class=\"block related-articles\">\n\t\t<div class=\"container\">\n\t\t\t<h2>Aiheeseen liittyvi\u00e4 artikkeleita<\/h2>\n\t\t\t<div class=\"row justify-content-center\">\n\t\t\t\t\t\t\t\t\t\t<div class=\"col-sm-6 col-md-6 col-lg-3\">\n\t\t\t\t\t\t\t\t\t\t\t\t\t\t<div class=\"card \">\n\t\t\t\t\t\t\t\t\t\t\t\t\t\t\t\t\t<img decoding=\"async\"  src=\"https:\/\/bozita.com\/fi\/wp-content\/uploads\/sites\/11\/2021\/08\/bozita-kattens-historia-domesticering.jpg\" alt=\"\">\n\t\t\t\t\t\t\t\t\t\t\t\t\t\t\t\t\t<!-- <img decoding=\"async\" src=\"\n\t\t\t\t\t\t\t\t\t\t\t\t\t\t\t\t\t\t\t\t\" alt=\"\n\t\t\t\t\t\t\t\t\t\t\t\t\t\t\t\t\t\t\t\t\t\t\t\t\t\t\t\"> -->\n\t\t\t\t\t\t\t\t<div class=\"card-body\">\n\t\t\t\t\t\t\t\t\t\t\t\t\t\t\t\t\t\t\t<h6>Kissojen historiaa<\/h6>\n\t\t\t\t\t\t\t\t\t\t\t\t\t\t\t\t\t\t\t<a href=\"https:\/\/bozita.com\/fi\/kissan-kehitys\/kissojen-historiaa\/\">Lue lis\u00e4\u00e4 &nbsp; ><\/a>\n\t\t\t\t\t\t\t\t<\/div>\n\t\t\t\t\t\t\t<\/div>\n\t\t\t\t\t\t<\/div>\n\n\t\t\t\t\t\t\t\t\t\t\t<div class=\"col-sm-6 col-md-6 col-lg-3\">\n\t\t\t\t\t\t\t\t\t\t\t\t\t\t<div class=\"card \">\n\t\t\t\t\t\t\t\t\t\t\t\t\t\t\t\t\t<img decoding=\"async\"  src=\"https:\/\/bozita.com\/fi\/wp-content\/uploads\/sites\/11\/2021\/08\/bozita-kattens-kroppssprak.jpg\" alt=\"\">\n\t\t\t\t\t\t\t\t\t\t\t\t\t\t\t\t\t<!-- <img decoding=\"async\" src=\"\n\t\t\t\t\t\t\t\t\t\t\t\t\t\t\t\t\t\t\t\t\" alt=\"\n\t\t\t\t\t\t\t\t\t\t\t\t\t\t\t\t\t\t\t\t\t\t\t\t\t\t\t\"> -->\n\t\t\t\t\t\t\t\t<div class=\"card-body\">\n\t\t\t\t\t\t\t\t\t\t\t\t\t\t\t\t\t\t\t<h6>Kissan k\u00e4yt\u00f6s ja kehonkieli<\/h6>\n\t\t\t\t\t\t\t\t\t\t\t\t\t\t\t\t\t\t\t<a href=\"https:\/\/bozita.com\/fi\/kissan-kehitys\/kissan-kaytos-ja-kehonkieli\/\">Lue lis\u00e4\u00e4 &nbsp; ><\/a>\n\t\t\t\t\t\t\t\t<\/div>\n\t\t\t\t\t\t\t<\/div>\n\t\t\t\t\t\t<\/div>\n\n\t\t\t\t\t\t\t\t\t\t\t<div class=\"col-sm-6 col-md-6 col-lg-3\">\n\t\t\t\t\t\t\t\t\t\t\t\t\t\t<div class=\"card \">\n\t\t\t\t\t\t\t\t\t\t\t\t\t\t\t\t\t<img decoding=\"async\"  src=\"https:\/\/bozita.com\/fi\/wp-content\/uploads\/sites\/11\/2021\/08\/bozita-aktivera-innekatt.jpg\" alt=\"\">\n\t\t\t\t\t\t\t\t\t\t\t\t\t\t\t\t\t<!-- <img decoding=\"async\" src=\"\n\t\t\t\t\t\t\t\t\t\t\t\t\t\t\t\t\t\t\t\t\" alt=\"\n\t\t\t\t\t\t\t\t\t\t\t\t\t\t\t\t\t\t\t\t\t\t\t\t\t\t\t\"> -->\n\t\t\t\t\t\t\t\t<div class=\"card-body\">\n\t\t\t\t\t\t\t\t\t\t\t\t\t\t\t\t\t\t\t<h6>Aktivoi kissaasi<\/h6>\n\t\t\t\t\t\t\t\t\t\t\t\t\t\t\t\t\t\t\t<a href=\"https:\/\/bozita.com\/fi\/kissan-aktivoiminen\/aktivoi-kissasi\/\">Lue lis\u00e4\u00e4 &nbsp; ><\/a>\n\t\t\t\t\t\t\t\t<\/div>\n\t\t\t\t\t\t\t<\/div>\n\t\t\t\t\t\t<\/div>\n\n\t\t\t\t\t\t\t\t\t\t\t\t<\/div>\n\t\t<\/div>\n\t<\/section>\n","protected":false},"excerpt":{"rendered":"","protected":false},"author":1,"featured_media":11179,"parent":7239,"menu_order":0,"comment_status":"closed","ping_status":"closed","template":"guternberg.php","meta":{"footnotes":""},"acf":[],"yoast_head":"<!-- This site is optimized with the Yoast SEO plugin v21.3 - https:\/\/yoast.com\/wordpress\/plugins\/seo\/ -->\n<title>Kissan anatomia ja fysiologia - Bozita Finland<\/title>\n<meta name=\"description\" content=\"Tutustu t\u00e4ss\u00e4 kissan anatomiaan (kuinka se on rakennettu) ja fysiologiaan (kuinka se toimii): kissan luusto, lihakset, iho, turkki, vatsa, suolisto\" \/>\n<meta name=\"robots\" content=\"index, follow, max-snippet:-1, max-image-preview:large, max-video-preview:-1\" \/>\n<link rel=\"canonical\" href=\"https:\/\/bozita.com\/fi\/kissan-kehitys\/kissan-anatomia-ja-fysiologia\/\" \/>\n<meta property=\"og:locale\" content=\"fi_FI\" \/>\n<meta property=\"og:type\" content=\"article\" \/>\n<meta property=\"og:title\" content=\"Kissan anatomia ja fysiologia - Bozita Finland\" \/>\n<meta property=\"og:description\" content=\"Tutustu t\u00e4ss\u00e4 kissan anatomiaan (kuinka se on rakennettu) ja fysiologiaan (kuinka se toimii): kissan luusto, lihakset, iho, turkki, vatsa, suolisto\" \/>\n<meta property=\"og:url\" content=\"https:\/\/bozita.com\/fi\/kissan-kehitys\/kissan-anatomia-ja-fysiologia\/\" \/>\n<meta property=\"og:site_name\" content=\"Bozita Finland\" \/>\n<meta property=\"article:modified_time\" content=\"2025-03-05T08:51:13+00:00\" \/>\n<meta property=\"og:image\" content=\"https:\/\/bozita.com\/fi\/wp-content\/uploads\/sites\/11\/2025\/03\/bozita_swedish-natural-quality-compass.jpg\" \/>\n\t<meta property=\"og:image:width\" content=\"800\" \/>\n\t<meta property=\"og:image:height\" content=\"533\" \/>\n\t<meta property=\"og:image:type\" content=\"image\/jpeg\" \/>\n<meta name=\"twitter:card\" content=\"summary_large_image\" \/>\n<!-- \/ Yoast SEO plugin. -->","yoast_head_json":{"title":"Kissan anatomia ja fysiologia - Bozita Finland","description":"Tutustu t\u00e4ss\u00e4 kissan anatomiaan (kuinka se on rakennettu) ja fysiologiaan (kuinka se toimii): kissan luusto, lihakset, iho, turkki, vatsa, suolisto","robots":{"index":"index","follow":"follow","max-snippet":"max-snippet:-1","max-image-preview":"max-image-preview:large","max-video-preview":"max-video-preview:-1"},"canonical":"https:\/\/bozita.com\/fi\/kissan-kehitys\/kissan-anatomia-ja-fysiologia\/","og_locale":"fi_FI","og_type":"article","og_title":"Kissan anatomia ja fysiologia - Bozita Finland","og_description":"Tutustu t\u00e4ss\u00e4 kissan anatomiaan (kuinka se on rakennettu) ja fysiologiaan (kuinka se toimii): kissan luusto, lihakset, iho, turkki, vatsa, suolisto","og_url":"https:\/\/bozita.com\/fi\/kissan-kehitys\/kissan-anatomia-ja-fysiologia\/","og_site_name":"Bozita Finland","article_modified_time":"2025-03-05T08:51:13+00:00","og_image":[{"width":800,"height":533,"url":"https:\/\/bozita.com\/fi\/wp-content\/uploads\/sites\/11\/2025\/03\/bozita_swedish-natural-quality-compass.jpg","type":"image\/jpeg"}],"twitter_card":"summary_large_image","schema":{"@context":"https:\/\/schema.org","@graph":[{"@type":"WebPage","@id":"https:\/\/bozita.com\/fi\/kissan-kehitys\/kissan-anatomia-ja-fysiologia\/","url":"https:\/\/bozita.com\/fi\/kissan-kehitys\/kissan-anatomia-ja-fysiologia\/","name":"Kissan anatomia ja fysiologia - Bozita Finland","isPartOf":{"@id":"https:\/\/bozita.com\/fi\/#website"},"datePublished":"2022-08-31T07:34:11+00:00","dateModified":"2025-03-05T08:51:13+00:00","description":"Tutustu t\u00e4ss\u00e4 kissan anatomiaan (kuinka se on rakennettu) ja fysiologiaan (kuinka se toimii): kissan luusto, lihakset, iho, turkki, vatsa, suolisto","breadcrumb":{"@id":"https:\/\/bozita.com\/fi\/kissan-kehitys\/kissan-anatomia-ja-fysiologia\/#breadcrumb"},"inLanguage":"fi","potentialAction":[{"@type":"ReadAction","target":["https:\/\/bozita.com\/fi\/kissan-kehitys\/kissan-anatomia-ja-fysiologia\/"]}]},{"@type":"BreadcrumbList","@id":"https:\/\/bozita.com\/fi\/kissan-kehitys\/kissan-anatomia-ja-fysiologia\/#breadcrumb","itemListElement":[{"@type":"ListItem","position":1,"name":"Koti","item":"https:\/\/bozita.com\/fi\/"},{"@type":"ListItem","position":2,"name":"Kissan kehitys","item":"https:\/\/bozita.com\/fi\/kissan-kehitys\/"},{"@type":"ListItem","position":3,"name":"Kissan anatomia ja fysiologia"}]},{"@type":"WebSite","@id":"https:\/\/bozita.com\/fi\/#website","url":"https:\/\/bozita.com\/fi\/","name":"Bozita Finland","description":"","potentialAction":[{"@type":"SearchAction","target":{"@type":"EntryPoint","urlTemplate":"https:\/\/bozita.com\/fi\/?s={search_term_string}"},"query-input":"required name=search_term_string"}],"inLanguage":"fi"}]}},"_links":{"self":[{"href":"https:\/\/bozita.com\/fi\/wp-json\/wp\/v2\/pages\/6925"}],"collection":[{"href":"https:\/\/bozita.com\/fi\/wp-json\/wp\/v2\/pages"}],"about":[{"href":"https:\/\/bozita.com\/fi\/wp-json\/wp\/v2\/types\/page"}],"author":[{"embeddable":true,"href":"https:\/\/bozita.com\/fi\/wp-json\/wp\/v2\/users\/1"}],"replies":[{"embeddable":true,"href":"https:\/\/bozita.com\/fi\/wp-json\/wp\/v2\/comments?post=6925"}],"version-history":[{"count":4,"href":"https:\/\/bozita.com\/fi\/wp-json\/wp\/v2\/pages\/6925\/revisions"}],"predecessor-version":[{"id":11188,"href":"https:\/\/bozita.com\/fi\/wp-json\/wp\/v2\/pages\/6925\/revisions\/11188"}],"up":[{"embeddable":true,"href":"https:\/\/bozita.com\/fi\/wp-json\/wp\/v2\/pages\/7239"}],"wp:featuredmedia":[{"embeddable":true,"href":"https:\/\/bozita.com\/fi\/wp-json\/wp\/v2\/media\/11179"}],"wp:attachment":[{"href":"https:\/\/bozita.com\/fi\/wp-json\/wp\/v2\/media?parent=6925"}],"curies":[{"name":"wp","href":"https:\/\/api.w.org\/{rel}","templated":true}]}}