{"id":6927,"date":"2022-08-31T07:34:35","date_gmt":"2022-08-31T07:34:35","guid":{"rendered":"https:\/\/bozita.com\/fi\/kissojen-historiaa\/"},"modified":"2025-03-05T08:50:13","modified_gmt":"2025-03-05T08:50:13","slug":"kissojen-historiaa","status":"publish","type":"page","link":"https:\/\/bozita.com\/fi\/kissan-kehitys\/kissojen-historiaa\/","title":{"rendered":"Kissojen historiaa"},"content":{"rendered":"\t\t<section class=\"small-hero\">\n\t\t\t<div class=\"container\">\n\t\t\t\t<h1 class=\"small-hero-title\">Kissojen historiaa<\/h1>\t\t\t<\/div>\n\t\t\t<\/div>\n\t\t<\/section>\n\t\n\n\t<div class=\"text-box-warp\">\n\t\t<div class=\"container\">\n\t\t\t<div class=\"text-content\">\n\t\t\t\t<p><strong>Kissa on ollut kesytetty tuhansia vuosia ja sen asema on muuttunut tuholaistorjujasta rakastetuksi perheenj\u00e4seneksi.<\/strong><\/p>\n<h2>TUHOLAISTEN TORJUJASTA SEURALAISEKSI<\/h2>\n<p>Nykyajan kotikissat periytyv\u00e4t villikissoista, jotka kesytettiin tuhansia vuosia sitten. Tutkijat uskovat kissan tulleen ihmisen seuralaiseksi kiitos sen kyvyn pit\u00e4\u00e4 tuholaiset, etenkin jyrsij\u00e4t, poissa ruokavarastoista. Kissalla on kiehtova historia. Kissoja pidettiin suuressa arvossa Egyptin valtakunnassa vuosia ennen Kristusta, mutta kesti kauan ennen kuin kissaa alettiin arvostaa Euroopassa. Kissan suosio on kasvanut 1800-luvulta l\u00e4htien ja t\u00e4n\u00e4 p\u00e4iv\u00e4n\u00e4 Ruotsissa ja monessa muussa Euroopan maassa on enemm\u00e4n kissoja kuin koiria. Matkallaan tuholaistorujujasta arvostetuksi perheenj\u00e4seneksi kissat ovat vuosien kuluessa l\u00f6yt\u00e4neet paikkansa kodeissamme ja syd\u00e4miss\u00e4mme.<\/p>\n<h2>KISSAN METS\u00c4STYSVAISTOT S\u00c4ILYV\u00c4T<\/h2>\n<p>Vaikka kissa on p\u00e4\u00e4asiassa kotiel\u00e4in ja huolimatta jalostuksellisista yrityksist\u00e4 on osoittautunut vaikeaksi lievent\u00e4\u00e4 kissan mets\u00e4stysvietti\u00e4, kuten monet kissanomistajat tiet\u00e4v\u00e4t. Yksi syy t\u00e4lle lienee se, ett\u00e4 ihminen on vasta \u00e4skett\u00e4in keksinyt keinoja vastata kissan ravitsemuksellisiin tarpeisiin tasapainoisilla ruoilla, kuten <a title=\"Wet food\" href=\"https:\/\/bozita.com\/fi\/markaruoka\/?lang=fi\" data-udi=\"umb:\/\/document\/57f7b7be60854fe1807d05e0e13c7d76\">m\u00e4rk\u00e4ruoalla<\/a> ja <a title=\"Dry food\" href=\"https:\/\/bozita.com\/fi\/bozita-kissan-kuivaruoka\/?lang=fi\" data-udi=\"umb:\/\/document\/09352a7a3c0f43b182327530c04244af\">kuivaruoalla<\/a>. Kissojen on aikaisemmin t\u00e4ytynyt hankkia itselleen t\u00e4rkeit\u00e4 ravinteita saalista, vaikka ihminen onkin vastannut p\u00e4ivitt\u00e4isest\u00e4 ruokinnasta.<\/p>\n<h2>ONKO KISSA TODELLA KESYTETTY?<\/h2>\n<p>Monet tutkijat ovat halki kissan historian kysyneet, ja kysyv\u00e4t edelleen, onko kissa todella kesytetty. Kysymyksen syyn\u00e4 on, ett\u00e4 kissa ei ole yht\u00e4 riippuvainen ihmisest\u00e4 kuin koira ja niiden k\u00e4ytt\u00e4ytyminen eroaa huomattavasti. Kissat eiv\u00e4t toisinaan ole koiran lailla yst\u00e4v\u00e4llisi\u00e4. Tutkijoiden mielipiteet eroavat toisten pit\u00e4ess\u00e4 kissaa selke\u00e4sti kesytettyn\u00e4 ja toisten taas &#8221;semikesyn\u00e4&#8221;. Oli miten oli, Bozitan mielest\u00e4 kissa on mahtava seuralainen, vaikka se ei sit\u00e4 aina n\u00e4yt\u00e4.<\/p>\n\t\t\t<\/div>\n\t\t<\/div>\n\t<\/div>\n\n\n\n\t<section class=\"block related-articles\">\n\t\t<div class=\"container\">\n\t\t\t<h2>Aiheeseen liittyvi\u00e4 artikkeleita<\/h2>\n\t\t\t<div class=\"row justify-content-center\">\n\t\t\t\t\t\t\t\t\t\t<div class=\"col-sm-6 col-md-6 col-lg-3\">\n\t\t\t\t\t\t\t\t\t\t\t\t\t\t<div class=\"card \">\n\t\t\t\t\t\t\t\t\t\t\t\t\t\t\t\t\t<img decoding=\"async\"  src=\"https:\/\/bozita.com\/fi\/wp-content\/uploads\/sites\/11\/2021\/08\/bozita-introducera-katter-for-varandra-elin-hirsch.jpg\" alt=\"\">\n\t\t\t\t\t\t\t\t\t\t\t\t\t\t\t\t\t<!-- <img decoding=\"async\" src=\"\n\t\t\t\t\t\t\t\t\t\t\t\t\t\t\t\t\t\t\t\t\" alt=\"\n\t\t\t\t\t\t\t\t\t\t\t\t\t\t\t\t\t\t\t\t\t\t\t\t\t\t\t\"> -->\n\t\t\t\t\t\t\t\t<div class=\"card-body\">\n\t\t\t\t\t\t\t\t\t\t\t\t\t\t\t\t\t\t\t<h6>Kissasi tutustuttaminen toiseen kissaan<\/h6>\n\t\t\t\t\t\t\t\t\t\t\t\t\t\t\t\t\t\t\t<a href=\"https:\/\/bozita.com\/fi\/kissan-kehitys\/kissasi-toiseen-kissaan-tutustuttaminen\/\">Lue lis\u00e4\u00e4 &nbsp; ><\/a>\n\t\t\t\t\t\t\t\t<\/div>\n\t\t\t\t\t\t\t<\/div>\n\t\t\t\t\t\t<\/div>\n\n\t\t\t\t\t\t\t\t\t\t\t<div class=\"col-sm-6 col-md-6 col-lg-3\">\n\t\t\t\t\t\t\t\t\t\t\t\t\t\t<div class=\"card \">\n\t\t\t\t\t\t\t\t\t\t\t\t\t\t\t\t\t<img decoding=\"async\"  src=\"https:\/\/bozita.com\/fi\/wp-content\/uploads\/sites\/11\/2021\/08\/bozita-introducera-katt-till-nytt-hem.jpg\" alt=\"\">\n\t\t\t\t\t\t\t\t\t\t\t\t\t\t\t\t\t<!-- <img decoding=\"async\" src=\"\n\t\t\t\t\t\t\t\t\t\t\t\t\t\t\t\t\t\t\t\t\" alt=\"\n\t\t\t\t\t\t\t\t\t\t\t\t\t\t\t\t\t\t\t\t\t\t\t\t\t\t\t\"> -->\n\t\t\t\t\t\t\t\t<div class=\"card-body\">\n\t\t\t\t\t\t\t\t\t\t\t\t\t\t\t\t\t\t\t<h6>Kissan totuttaminen uuteen kotiin<\/h6>\n\t\t\t\t\t\t\t\t\t\t\t\t\t\t\t\t\t\t\t<a href=\"https:\/\/bozita.com\/fi\/kissan-hankinta\/kissan-totuttaminen-uuteen-kotiin\/\">Lue lis\u00e4\u00e4 &nbsp; ><\/a>\n\t\t\t\t\t\t\t\t<\/div>\n\t\t\t\t\t\t\t<\/div>\n\t\t\t\t\t\t<\/div>\n\n\t\t\t\t\t\t\t\t\t\t\t<div class=\"col-sm-6 col-md-6 col-lg-3\">\n\t\t\t\t\t\t\t\t\t\t\t\t\t\t<div class=\"card \">\n\t\t\t\t\t\t\t\t\t\t\t\t\t\t\t\t\t<img decoding=\"async\"  src=\"https:\/\/bozita.com\/fi\/wp-content\/uploads\/sites\/11\/2021\/08\/bozita-katter-ar-kottatare.jpg\" alt=\"\">\n\t\t\t\t\t\t\t\t\t\t\t\t\t\t\t\t\t<!-- <img decoding=\"async\" src=\"\n\t\t\t\t\t\t\t\t\t\t\t\t\t\t\t\t\t\t\t\t\" alt=\"\n\t\t\t\t\t\t\t\t\t\t\t\t\t\t\t\t\t\t\t\t\t\t\t\t\t\t\t\"> -->\n\t\t\t\t\t\t\t\t<div class=\"card-body\">\n\t\t\t\t\t\t\t\t\t\t\t\t\t\t\t\t\t\t\t<h6>Mit\u00e4 kissat sy\u00f6v\u00e4t?<\/h6>\n\t\t\t\t\t\t\t\t\t\t\t\t\t\t\t\t\t\t\t<a href=\"https:\/\/bozita.com\/fi\/ravinto-ja-ruokavalio\/mita-kissat-syovat\/\">Lue lis\u00e4\u00e4 &nbsp; ><\/a>\n\t\t\t\t\t\t\t\t<\/div>\n\t\t\t\t\t\t\t<\/div>\n\t\t\t\t\t\t<\/div>\n\n\t\t\t\t\t\t\t\t\t\t\t\t<\/div>\n\t\t<\/div>\n\t<\/section>\n","protected":false},"excerpt":{"rendered":"","protected":false},"author":1,"featured_media":6928,"parent":7239,"menu_order":0,"comment_status":"closed","ping_status":"closed","template":"guternberg.php","meta":{"footnotes":""},"acf":[],"yoast_head":"<!-- This site is optimized with the Yoast SEO plugin v21.3 - https:\/\/yoast.com\/wordpress\/plugins\/seo\/ -->\n<title>Kissojen historiaa - Bozita Finland<\/title>\n<meta name=\"description\" content=\"Kissat ja ihmiset ovat el\u00e4neet yhdess\u00e4 tuhansia vuosia - mutta kuinka kesy kissa oikeastaan on? Lue t\u00e4st\u00e4 lis\u00e4\u00e4 kissojen kiehtovasta historiasta.\" \/>\n<meta name=\"robots\" content=\"index, follow, max-snippet:-1, max-image-preview:large, max-video-preview:-1\" \/>\n<link rel=\"canonical\" href=\"https:\/\/bozita.com\/fi\/kissan-kehitys\/kissojen-historiaa\/\" \/>\n<meta property=\"og:locale\" content=\"fi_FI\" \/>\n<meta property=\"og:type\" content=\"article\" \/>\n<meta property=\"og:title\" content=\"Kissojen historiaa - Bozita Finland\" \/>\n<meta property=\"og:description\" content=\"Kissat ja ihmiset ovat el\u00e4neet yhdess\u00e4 tuhansia vuosia - mutta kuinka kesy kissa oikeastaan on? Lue t\u00e4st\u00e4 lis\u00e4\u00e4 kissojen kiehtovasta historiasta.\" \/>\n<meta property=\"og:url\" content=\"https:\/\/bozita.com\/fi\/kissan-kehitys\/kissojen-historiaa\/\" \/>\n<meta property=\"og:site_name\" content=\"Bozita Finland\" \/>\n<meta property=\"article:modified_time\" content=\"2025-03-05T08:50:13+00:00\" \/>\n<meta property=\"og:image\" content=\"https:\/\/bozita.com\/fi\/wp-content\/uploads\/sites\/11\/2021\/08\/bozita-kattens-historia-domesticering.jpg\" \/>\n\t<meta property=\"og:image:width\" content=\"800\" \/>\n\t<meta property=\"og:image:height\" content=\"532\" \/>\n\t<meta property=\"og:image:type\" content=\"image\/jpeg\" \/>\n<meta name=\"twitter:card\" content=\"summary_large_image\" \/>\n<!-- \/ Yoast SEO plugin. -->","yoast_head_json":{"title":"Kissojen historiaa - Bozita Finland","description":"Kissat ja ihmiset ovat el\u00e4neet yhdess\u00e4 tuhansia vuosia - mutta kuinka kesy kissa oikeastaan on? Lue t\u00e4st\u00e4 lis\u00e4\u00e4 kissojen kiehtovasta historiasta.","robots":{"index":"index","follow":"follow","max-snippet":"max-snippet:-1","max-image-preview":"max-image-preview:large","max-video-preview":"max-video-preview:-1"},"canonical":"https:\/\/bozita.com\/fi\/kissan-kehitys\/kissojen-historiaa\/","og_locale":"fi_FI","og_type":"article","og_title":"Kissojen historiaa - Bozita Finland","og_description":"Kissat ja ihmiset ovat el\u00e4neet yhdess\u00e4 tuhansia vuosia - mutta kuinka kesy kissa oikeastaan on? Lue t\u00e4st\u00e4 lis\u00e4\u00e4 kissojen kiehtovasta historiasta.","og_url":"https:\/\/bozita.com\/fi\/kissan-kehitys\/kissojen-historiaa\/","og_site_name":"Bozita Finland","article_modified_time":"2025-03-05T08:50:13+00:00","og_image":[{"width":800,"height":532,"url":"https:\/\/bozita.com\/fi\/wp-content\/uploads\/sites\/11\/2021\/08\/bozita-kattens-historia-domesticering.jpg","type":"image\/jpeg"}],"twitter_card":"summary_large_image","schema":{"@context":"https:\/\/schema.org","@graph":[{"@type":"WebPage","@id":"https:\/\/bozita.com\/fi\/kissan-kehitys\/kissojen-historiaa\/","url":"https:\/\/bozita.com\/fi\/kissan-kehitys\/kissojen-historiaa\/","name":"Kissojen historiaa - Bozita Finland","isPartOf":{"@id":"https:\/\/bozita.com\/fi\/#website"},"datePublished":"2022-08-31T07:34:35+00:00","dateModified":"2025-03-05T08:50:13+00:00","description":"Kissat ja ihmiset ovat el\u00e4neet yhdess\u00e4 tuhansia vuosia - mutta kuinka kesy kissa oikeastaan on? Lue t\u00e4st\u00e4 lis\u00e4\u00e4 kissojen kiehtovasta historiasta.","breadcrumb":{"@id":"https:\/\/bozita.com\/fi\/kissan-kehitys\/kissojen-historiaa\/#breadcrumb"},"inLanguage":"fi","potentialAction":[{"@type":"ReadAction","target":["https:\/\/bozita.com\/fi\/kissan-kehitys\/kissojen-historiaa\/"]}]},{"@type":"BreadcrumbList","@id":"https:\/\/bozita.com\/fi\/kissan-kehitys\/kissojen-historiaa\/#breadcrumb","itemListElement":[{"@type":"ListItem","position":1,"name":"Koti","item":"https:\/\/bozita.com\/fi\/"},{"@type":"ListItem","position":2,"name":"Kissan kehitys","item":"https:\/\/bozita.com\/fi\/kissan-kehitys\/"},{"@type":"ListItem","position":3,"name":"Kissojen historiaa"}]},{"@type":"WebSite","@id":"https:\/\/bozita.com\/fi\/#website","url":"https:\/\/bozita.com\/fi\/","name":"Bozita Finland","description":"","potentialAction":[{"@type":"SearchAction","target":{"@type":"EntryPoint","urlTemplate":"https:\/\/bozita.com\/fi\/?s={search_term_string}"},"query-input":"required name=search_term_string"}],"inLanguage":"fi"}]}},"_links":{"self":[{"href":"https:\/\/bozita.com\/fi\/wp-json\/wp\/v2\/pages\/6927"}],"collection":[{"href":"https:\/\/bozita.com\/fi\/wp-json\/wp\/v2\/pages"}],"about":[{"href":"https:\/\/bozita.com\/fi\/wp-json\/wp\/v2\/types\/page"}],"author":[{"embeddable":true,"href":"https:\/\/bozita.com\/fi\/wp-json\/wp\/v2\/users\/1"}],"replies":[{"embeddable":true,"href":"https:\/\/bozita.com\/fi\/wp-json\/wp\/v2\/comments?post=6927"}],"version-history":[{"count":5,"href":"https:\/\/bozita.com\/fi\/wp-json\/wp\/v2\/pages\/6927\/revisions"}],"predecessor-version":[{"id":11213,"href":"https:\/\/bozita.com\/fi\/wp-json\/wp\/v2\/pages\/6927\/revisions\/11213"}],"up":[{"embeddable":true,"href":"https:\/\/bozita.com\/fi\/wp-json\/wp\/v2\/pages\/7239"}],"wp:featuredmedia":[{"embeddable":true,"href":"https:\/\/bozita.com\/fi\/wp-json\/wp\/v2\/media\/6928"}],"wp:attachment":[{"href":"https:\/\/bozita.com\/fi\/wp-json\/wp\/v2\/media?parent=6927"}],"curies":[{"name":"wp","href":"https:\/\/api.w.org\/{rel}","templated":true}]}}