{"id":6932,"date":"2022-08-31T07:34:51","date_gmt":"2022-08-31T07:34:51","guid":{"rendered":"https:\/\/bozita.com\/fi\/kissan-kaytos-ja-kehonkieli\/"},"modified":"2023-02-27T15:00:35","modified_gmt":"2023-02-27T15:00:35","slug":"kissan-kaytos-ja-kehonkieli","status":"publish","type":"page","link":"https:\/\/bozita.com\/fi\/kissan-kehitys\/kissan-kaytos-ja-kehonkieli\/","title":{"rendered":"Kissan k\u00e4yt\u00f6s ja kehonkieli"},"content":{"rendered":"\t\t<section class=\"small-hero\">\n\t\t\t<div class=\"container\">\n\t\t\t\t<h5>Tietoa<\/h5><h1 class=\"small-hero-title\">Kissan k\u00e4yt\u00f6s ja kehonkieli<\/h1><p><p>Kissanomistajan on mukava tiet\u00e4\u00e4 mit\u00e4 kissa kehonkielell\u00e4\u00e4n ja k\u00e4yt\u00f6ksell\u00e4\u00e4n viestitt\u00e4\u00e4. Ihmisten tavoin kissan kehonkieli kertoo enemm\u00e4n kuin tuhat sanaa &#8211; ja kissalla on paljon asiaa.<\/p>\n<\/p>\t\t\t<\/div>\n\t\t\t<\/div>\n\t\t<\/section>\n\t\n\n\t<div class=\"text-box-warp\">\n\t\t<div class=\"container\">\n\t\t\t<div class=\"text-content\">\n\t\t\t\t<p><strong>Riippumatta siit\u00e4, oletko kokenut kissanomistaja tai vasta saanut ensimm\u00e4isen karvaisen kaverisi kissan tunteita ja ajatuksia voi olla vaikea tulkita. Tietyt viestit ovat hyvin selvi\u00e4 toisten ollessa huomattavasti hienovaraisempia. Kissan h\u00e4nt\u00e4\u00e4, korvia ja kasvoja katsomalla voit tulkita mit\u00e4 signaaleja kissa l\u00e4hett\u00e4\u00e4 ja kuinka se kokee eri tilanteet.<\/strong><\/p>\n<h2>ONNELLISEN KISSAN K\u00c4YT\u00d6S<\/h2>\n<p>On usein helppo n\u00e4hd\u00e4 jos kissasi on onnellinen pitk\u00e4n aikaa, mutta lyhyemm\u00e4ll\u00e4 aikav\u00e4lill\u00e4 on muutamia kehonkielen vihjeit\u00e4, joita voit etsi\u00e4.<\/p>\n<p>Onnellinen kissa pit\u00e4\u00e4 yleens\u00e4 korvansa pystyss\u00e4 ja tuntokarvat rentoina. Jos sen silm\u00e4t ovat puoliksi kiinni tai r\u00e4psyv\u00e4t hitaasti kissasi tuntuu luultavasti olonsa rennoksi ja turvalliseksi. Seistess\u00e4\u00e4n se pit\u00e4\u00e4 h\u00e4nt\u00e4\u00e4ns\u00e4 pystyss\u00e4, h\u00e4nn\u00e4np\u00e4\u00e4n kaartuessa hieman. Maatessaan se makaa usein tassujen p\u00e4\u00e4ll\u00e4.<\/p>\n<h2>VIHAISEN KISSAN K\u00c4YT\u00d6S<\/h2>\n<p>Kuinka kissasi vihaisena k\u00e4ytt\u00e4ytyy riippuu siit\u00e4 kuinka vihainen se on. Se saattaa s\u00e4hist\u00e4, mutta voi my\u00f6s olla hiljaa. Se avaa usein suunsa n\u00e4ytt\u00e4\u00e4kseen hampaansa, silm\u00e4t ovat todella avoimet ja pupillit pienet.<\/p>\n<p>Kissan korvat ovat p\u00e4\u00e4nmy\u00f6t\u00e4iset ja osoittavat taaksep\u00e4in, tuntokarvat sojottavat poisp\u00e4in kasvoista. H\u00e4nt\u00e4 on joko pystyss\u00e4 tai kiertyneen\u00e4 kehon alle tai ymp\u00e4rille. Se pysyy joko pystyss\u00e4 n\u00e4ytt\u00e4\u00e4kseen mahdollisimman suurelta ja uhkaavalta tai makaa valmistautuessaan hy\u00f6kk\u00e4\u00e4m\u00e4\u00e4n. <\/p>\n<h2>HUOLESTUNEEN KISSAN K\u00c4YT\u00d6S<\/h2>\n<p>Kissat ovat eritt\u00e4in herkki\u00e4 muutoksille ja uusille tilanteille, Jos kissasi laskee p\u00e4\u00e4ns\u00e4 ja nostaa selk\u00e4\u00e4ns\u00e4, t\u00e4m\u00e4 voi olla huolestuneisuuden merkki.<br \/>\nSen h\u00e4nt\u00e4 liikkuu usein puolelta toiselle ja tuntokarvat osoittavat joko sivuille tai suoraan eteenp\u00e4in. Kun kissa on huolestunut sen silm\u00e4t ovat yleens\u00e4 selke\u00e4n auki ja pupillit ovat suurentuneet. Sen korvat liikkuvat ymp\u00e4rist\u00f6n tarkkailemiseksi ja jos se on todella hermostunut korvat voivat painua p\u00e4\u00e4t\u00e4 vasten.<\/p>\n<h2>PEL\u00c4STYNEEN KISSAN K\u00c4YT\u00d6S<\/h2>\n<p>Kun kissa pelk\u00e4\u00e4 se laskee p\u00e4\u00e4ns\u00e4 korvien ja tuntokarvojen painuessa p\u00e4\u00e4t\u00e4 vasten. Kissa voi joko liikuttaa h\u00e4nt\u00e4\u00e4ns\u00e4 puolelta toiselle tai piilottaa h\u00e4nn\u00e4n vartalon alle, silm\u00e4t ovat laajentuneet.<\/p>\n<p>Toisinaan kissa voi s\u00e4hist\u00e4 ja k\u00f6yrist\u00e4\u00e4 selk\u00e4\u00e4ns\u00e4 n\u00e4ytt\u00e4\u00e4kseen suurelta ja pelottavalta, mutta se saattaa my\u00f6s vain vet\u00e4yty\u00e4 ja paeta. Reagoi kissa miten hyv\u00e4ns\u00e4 on t\u00e4rke\u00e4 tunnistaa se ja poistaa mahdolliset uhat tai \u00e4rsykkeet. Yrit\u00e4 liikkua hitaasti ja rauhallisesti, jotta kissa ei koe sinuakin uhkana, vaan kokee ett\u00e4 olet rauhan ja turvan l\u00e4hde.<\/p>\n<h2>KUINKA TIED\u00c4T ETT\u00c4 KISSA ON RAUHOITTUNUT<\/h2>\n<p>Jos kissasi on ollut peloissaan tai ahdistunut on t\u00e4rke\u00e4 tunnistaa sen ruumiinkielest\u00e4 koska se alkaa taas tunta olonsa turvalliseksi. Kun kissa rentoutuu sen korvat, silm\u00e4t, tuntokarvat, vartalo ja h\u00e4nt\u00e4 rentoutuvat selv\u00e4sti, se alkaa usein venytell\u00e4 p\u00e4\u00e4st\u00e4kseen j\u00e4nnityksest\u00e4. Joskus kissa alkaa my\u00f6s haukotella tai sulkee silm\u00e4ns\u00e4 puoliksi &#8211; aivan kuten ollessaan rento.<\/p>\n\t\t\t<\/div>\n\t\t<\/div>\n\t<\/div>\n\n\n\n\t<section class=\"block related-articles\">\n\t\t<div class=\"container\">\n\t\t\t<h2>Aiheeseen liittyvi\u00e4 artikkeleita<\/h2>\n\t\t\t<div class=\"row justify-content-center\">\n\t\t\t\t\t\t\t\t\t\t<div class=\"col-sm-6 col-md-6 col-lg-3\">\n\t\t\t\t\t\t\t\t\t\t\t\t\t\t<div class=\"card \">\n\t\t\t\t\t\t\t\t\t\t\t\t\t\t\t\t\t<img decoding=\"async\"  src=\"https:\/\/bozita.com\/fi\/wp-content\/uploads\/sites\/11\/2021\/08\/bozita-socialisera-kattunge.jpg\" alt=\"\">\n\t\t\t\t\t\t\t\t\t\t\t\t\t\t\t\t\t<!-- <img decoding=\"async\" src=\"\n\t\t\t\t\t\t\t\t\t\t\t\t\t\t\t\t\t\t\t\t\" alt=\"\n\t\t\t\t\t\t\t\t\t\t\t\t\t\t\t\t\t\t\t\t\t\t\t\t\t\t\t\"> -->\n\t\t\t\t\t\t\t\t<div class=\"card-body\">\n\t\t\t\t\t\t\t\t\t\t\t\t\t\t\t\t\t\t\t<h6>Kissanpennut &#8211; kehitys ja sosiaalistaminen<\/h6>\n\t\t\t\t\t\t\t\t\t\t\t\t\t\t\t\t\t\t\t<a href=\"https:\/\/bozita.com\/fi\/kissan-kehitys\/kissanpennut-kehitys-ja-sosiaalistaminen\/\">Lue lis\u00e4\u00e4 &nbsp; ><\/a>\n\t\t\t\t\t\t\t\t<\/div>\n\t\t\t\t\t\t\t<\/div>\n\t\t\t\t\t\t<\/div>\n\n\t\t\t\t\t\t\t\t\t\t\t<div class=\"col-sm-6 col-md-6 col-lg-3\">\n\t\t\t\t\t\t\t\t\t\t\t\t\t\t<div class=\"card \">\n\t\t\t\t\t\t\t\t\t\t\t\t\t\t\t\t\t<img decoding=\"async\"  src=\"https:\/\/bozita.com\/fi\/wp-content\/uploads\/sites\/11\/2025\/03\/bozita_swedish-natural-quality-compass.jpg\" alt=\"\">\n\t\t\t\t\t\t\t\t\t\t\t\t\t\t\t\t\t<!-- <img decoding=\"async\" src=\"\n\t\t\t\t\t\t\t\t\t\t\t\t\t\t\t\t\t\t\t\t\" alt=\"\n\t\t\t\t\t\t\t\t\t\t\t\t\t\t\t\t\t\t\t\t\t\t\t\t\t\t\t\"> -->\n\t\t\t\t\t\t\t\t<div class=\"card-body\">\n\t\t\t\t\t\t\t\t\t\t\t\t\t\t\t\t\t\t\t<h6>Kissan anatomia ja fysiologia<\/h6>\n\t\t\t\t\t\t\t\t\t\t\t\t\t\t\t\t\t\t\t<a href=\"https:\/\/bozita.com\/fi\/kissan-kehitys\/kissan-anatomia-ja-fysiologia\/\">Lue lis\u00e4\u00e4 &nbsp; ><\/a>\n\t\t\t\t\t\t\t\t<\/div>\n\t\t\t\t\t\t\t<\/div>\n\t\t\t\t\t\t<\/div>\n\n\t\t\t\t\t\t\t\t\t\t\t<div class=\"col-sm-6 col-md-6 col-lg-3\">\n\t\t\t\t\t\t\t\t\t\t\t\t\t\t<div class=\"card \">\n\t\t\t\t\t\t\t\t\t\t\t\t\t\t\t\t\t<img decoding=\"async\"  src=\"https:\/\/bozita.com\/fi\/wp-content\/uploads\/sites\/11\/2021\/08\/bozita-kattens-historia-domesticering.jpg\" alt=\"\">\n\t\t\t\t\t\t\t\t\t\t\t\t\t\t\t\t\t<!-- <img decoding=\"async\" src=\"\n\t\t\t\t\t\t\t\t\t\t\t\t\t\t\t\t\t\t\t\t\" alt=\"\n\t\t\t\t\t\t\t\t\t\t\t\t\t\t\t\t\t\t\t\t\t\t\t\t\t\t\t\"> -->\n\t\t\t\t\t\t\t\t<div class=\"card-body\">\n\t\t\t\t\t\t\t\t\t\t\t\t\t\t\t\t\t\t\t<h6>Kissojen historiaa<\/h6>\n\t\t\t\t\t\t\t\t\t\t\t\t\t\t\t\t\t\t\t<a href=\"https:\/\/bozita.com\/fi\/kissan-kehitys\/kissojen-historiaa\/\">Lue lis\u00e4\u00e4 &nbsp; ><\/a>\n\t\t\t\t\t\t\t\t<\/div>\n\t\t\t\t\t\t\t<\/div>\n\t\t\t\t\t\t<\/div>\n\n\t\t\t\t\t\t\t\t\t\t\t\t<\/div>\n\t\t<\/div>\n\t<\/section>\n","protected":false},"excerpt":{"rendered":"","protected":false},"author":1,"featured_media":6933,"parent":7239,"menu_order":0,"comment_status":"closed","ping_status":"closed","template":"guternberg.php","meta":{"footnotes":""},"acf":[],"yoast_head":"<!-- This site is optimized with the Yoast SEO plugin v21.3 - https:\/\/yoast.com\/wordpress\/plugins\/seo\/ -->\n<title>Kissan k\u00e4yt\u00f6s ja kehonkieli - Bozita Finland<\/title>\n<meta name=\"description\" content=\"Opi tulkitsemaan kissan kehonkielt\u00e4 ja k\u00e4yt\u00f6st\u00e4. Tunnista kissan tunteet ja opi n\u00e4kem\u00e4\u00e4n jos se on onnellinen, rentoutunut, ahdistunut, pel\u00e4stynyt tai helpottunut\" \/>\n<meta name=\"robots\" content=\"index, follow, max-snippet:-1, max-image-preview:large, max-video-preview:-1\" \/>\n<link rel=\"canonical\" href=\"https:\/\/bozita.com\/fi\/kissan-kehitys\/kissan-kaytos-ja-kehonkieli\/\" \/>\n<meta property=\"og:locale\" content=\"fi_FI\" \/>\n<meta property=\"og:type\" content=\"article\" \/>\n<meta property=\"og:title\" content=\"Kissan k\u00e4yt\u00f6s ja kehonkieli - Bozita Finland\" \/>\n<meta property=\"og:description\" content=\"Opi tulkitsemaan kissan kehonkielt\u00e4 ja k\u00e4yt\u00f6st\u00e4. Tunnista kissan tunteet ja opi n\u00e4kem\u00e4\u00e4n jos se on onnellinen, rentoutunut, ahdistunut, pel\u00e4stynyt tai helpottunut\" \/>\n<meta property=\"og:url\" content=\"https:\/\/bozita.com\/fi\/kissan-kehitys\/kissan-kaytos-ja-kehonkieli\/\" \/>\n<meta property=\"og:site_name\" content=\"Bozita Finland\" \/>\n<meta property=\"article:modified_time\" content=\"2023-02-27T15:00:35+00:00\" \/>\n<meta property=\"og:image\" content=\"https:\/\/bozita.com\/fi\/wp-content\/uploads\/sites\/11\/2021\/08\/bozita-kattens-kroppssprak.jpg\" \/>\n\t<meta property=\"og:image:width\" content=\"800\" \/>\n\t<meta property=\"og:image:height\" content=\"533\" \/>\n\t<meta property=\"og:image:type\" content=\"image\/jpeg\" \/>\n<meta name=\"twitter:card\" content=\"summary_large_image\" \/>\n<!-- \/ Yoast SEO plugin. -->","yoast_head_json":{"title":"Kissan k\u00e4yt\u00f6s ja kehonkieli - Bozita Finland","description":"Opi tulkitsemaan kissan kehonkielt\u00e4 ja k\u00e4yt\u00f6st\u00e4. Tunnista kissan tunteet ja opi n\u00e4kem\u00e4\u00e4n jos se on onnellinen, rentoutunut, ahdistunut, pel\u00e4stynyt tai helpottunut","robots":{"index":"index","follow":"follow","max-snippet":"max-snippet:-1","max-image-preview":"max-image-preview:large","max-video-preview":"max-video-preview:-1"},"canonical":"https:\/\/bozita.com\/fi\/kissan-kehitys\/kissan-kaytos-ja-kehonkieli\/","og_locale":"fi_FI","og_type":"article","og_title":"Kissan k\u00e4yt\u00f6s ja kehonkieli - Bozita Finland","og_description":"Opi tulkitsemaan kissan kehonkielt\u00e4 ja k\u00e4yt\u00f6st\u00e4. Tunnista kissan tunteet ja opi n\u00e4kem\u00e4\u00e4n jos se on onnellinen, rentoutunut, ahdistunut, pel\u00e4stynyt tai helpottunut","og_url":"https:\/\/bozita.com\/fi\/kissan-kehitys\/kissan-kaytos-ja-kehonkieli\/","og_site_name":"Bozita Finland","article_modified_time":"2023-02-27T15:00:35+00:00","og_image":[{"width":800,"height":533,"url":"https:\/\/bozita.com\/fi\/wp-content\/uploads\/sites\/11\/2021\/08\/bozita-kattens-kroppssprak.jpg","type":"image\/jpeg"}],"twitter_card":"summary_large_image","schema":{"@context":"https:\/\/schema.org","@graph":[{"@type":"WebPage","@id":"https:\/\/bozita.com\/fi\/kissan-kehitys\/kissan-kaytos-ja-kehonkieli\/","url":"https:\/\/bozita.com\/fi\/kissan-kehitys\/kissan-kaytos-ja-kehonkieli\/","name":"Kissan k\u00e4yt\u00f6s ja kehonkieli - Bozita Finland","isPartOf":{"@id":"https:\/\/bozita.com\/fi\/#website"},"datePublished":"2022-08-31T07:34:51+00:00","dateModified":"2023-02-27T15:00:35+00:00","description":"Opi tulkitsemaan kissan kehonkielt\u00e4 ja k\u00e4yt\u00f6st\u00e4. Tunnista kissan tunteet ja opi n\u00e4kem\u00e4\u00e4n jos se on onnellinen, rentoutunut, ahdistunut, pel\u00e4stynyt tai helpottunut","breadcrumb":{"@id":"https:\/\/bozita.com\/fi\/kissan-kehitys\/kissan-kaytos-ja-kehonkieli\/#breadcrumb"},"inLanguage":"fi","potentialAction":[{"@type":"ReadAction","target":["https:\/\/bozita.com\/fi\/kissan-kehitys\/kissan-kaytos-ja-kehonkieli\/"]}]},{"@type":"BreadcrumbList","@id":"https:\/\/bozita.com\/fi\/kissan-kehitys\/kissan-kaytos-ja-kehonkieli\/#breadcrumb","itemListElement":[{"@type":"ListItem","position":1,"name":"Koti","item":"https:\/\/bozita.com\/fi\/"},{"@type":"ListItem","position":2,"name":"Kissan kehitys","item":"https:\/\/bozita.com\/fi\/kissan-kehitys\/"},{"@type":"ListItem","position":3,"name":"Kissan k\u00e4yt\u00f6s ja kehonkieli"}]},{"@type":"WebSite","@id":"https:\/\/bozita.com\/fi\/#website","url":"https:\/\/bozita.com\/fi\/","name":"Bozita Finland","description":"","potentialAction":[{"@type":"SearchAction","target":{"@type":"EntryPoint","urlTemplate":"https:\/\/bozita.com\/fi\/?s={search_term_string}"},"query-input":"required name=search_term_string"}],"inLanguage":"fi"}]}},"_links":{"self":[{"href":"https:\/\/bozita.com\/fi\/wp-json\/wp\/v2\/pages\/6932"}],"collection":[{"href":"https:\/\/bozita.com\/fi\/wp-json\/wp\/v2\/pages"}],"about":[{"href":"https:\/\/bozita.com\/fi\/wp-json\/wp\/v2\/types\/page"}],"author":[{"embeddable":true,"href":"https:\/\/bozita.com\/fi\/wp-json\/wp\/v2\/users\/1"}],"replies":[{"embeddable":true,"href":"https:\/\/bozita.com\/fi\/wp-json\/wp\/v2\/comments?post=6932"}],"version-history":[{"count":3,"href":"https:\/\/bozita.com\/fi\/wp-json\/wp\/v2\/pages\/6932\/revisions"}],"predecessor-version":[{"id":8037,"href":"https:\/\/bozita.com\/fi\/wp-json\/wp\/v2\/pages\/6932\/revisions\/8037"}],"up":[{"embeddable":true,"href":"https:\/\/bozita.com\/fi\/wp-json\/wp\/v2\/pages\/7239"}],"wp:featuredmedia":[{"embeddable":true,"href":"https:\/\/bozita.com\/fi\/wp-json\/wp\/v2\/media\/6933"}],"wp:attachment":[{"href":"https:\/\/bozita.com\/fi\/wp-json\/wp\/v2\/media?parent=6932"}],"curies":[{"name":"wp","href":"https:\/\/api.w.org\/{rel}","templated":true}]}}