{"id":6939,"date":"2022-08-31T07:35:25","date_gmt":"2022-08-31T07:35:25","guid":{"rendered":"https:\/\/bozita.com\/fi\/kissanpennut-kehitys-ja-sosiaalistaminen\/"},"modified":"2025-03-05T08:52:27","modified_gmt":"2025-03-05T08:52:27","slug":"kissanpennut-kehitys-ja-sosiaalistaminen","status":"publish","type":"page","link":"https:\/\/bozita.com\/fi\/kissan-kehitys\/kissanpennut-kehitys-ja-sosiaalistaminen\/","title":{"rendered":"Kissanpennut &#8211; kehitys ja sosiaalistaminen"},"content":{"rendered":"\t\t<section class=\"small-hero\">\n\t\t\t<div class=\"container\">\n\t\t\t\t<h1 class=\"small-hero-title\">Kissanpennut &#8211; kehitys ja sosiaalistaminen<\/h1>\t\t\t<\/div>\n\t\t\t<\/div>\n\t\t<\/section>\n\t\n\n\t<div class=\"text-box-warp\">\n\t\t<div class=\"container\">\n\t\t\t<div class=\"text-content\">\n\t\t\t\t<p><strong>Jotta voit antaa kissallesi parhaat mahdolliset edellytykset t\u00e4yteen ja aktiiviseen el\u00e4m\u00e4\u00e4n on useita huomioitavia asioita. Kissan ensikokemuksilla on suuri vaikutus sen luonteeseen, my\u00f6hemp\u00e4\u00e4n k\u00e4ytt\u00e4ytymiseen ja kuinka ne k\u00e4sittelev\u00e4t uusia tilanteita. T\u00e4m\u00e4 on erityisen t\u00e4rke\u00e4\u00e4 niin sanotun sosiaalistamisvaiheen aikana, jolloin kissanpennun mallit sosiaaliselle k\u00e4ytt\u00e4ytymiselle kehittyv\u00e4t sen kokemusten perusteella.<br \/>\nKissanpennun kehityksen kannalta on t\u00e4rke\u00e4\u00e4, ett\u00e4 t\u00e4h\u00e4n vaiheeseen liittyy mahdollisimman paljon hyvi\u00e4 muistoja, vaikka kissanpennun suhde ihmisiin jatkaa kehittymist\u00e4\u00e4n sen nelj\u00e4n ensimm\u00e4isen elinkuukauden ajan.<\/strong><\/p>\n<h2>KISSANPENNUN KEHITYSVAIHEET<\/h2>\n<p>Kissanpennun k\u00e4ytt\u00e4ytymisen kehitysvaiheet voidaan jakaa kolmeen jaksoon: vastasyntynyt, sosiaalistuminen ja nuoruus.<\/p>\n<h3>VAIHE 1: VASTASYNTYNYT<\/h3>\n<p>Kissanpentu syntyy sokeana ja kuurona, joten vastasyntyneen\u00e4 &#8211; syntym\u00e4st\u00e4 noin kahden viikon ik\u00e4iseksi &#8211; se luottaa vaistoihinsa, l\u00e4mp\u00f6\u00f6n ja hajuaistiin. T\u00e4m\u00e4n jakson aikana sen selviytyminen on t\u00e4ysin riippuvaista emosta.<br \/>\nNoin kahden viikon ik\u00e4isen\u00e4 kissanpentu avaa silm\u00e4ns\u00e4 ja sosiaalistumisen jakso alkaa.<\/p>\n<h3>VAIHE 2: SOSIAALISTUMINEN<\/h3>\n<p>Ik\u00e4 kahden ja seitsem\u00e4n viikon v\u00e4lill\u00e4 on herkk\u00e4\u00e4 aikaa kissanpennun kehityksess\u00e4.<\/p>\n<p>Kuulo ja tasapaino kehittyv\u00e4t, se leikkii pentueen sisarustensa kanssa, oppii kanssak\u00e4ymist\u00e4 muiden kanssa ja alkaa hitaasti mutta varmasti sy\u00f6d\u00e4 kiinte\u00e4\u00e4 ruokaa. Sosiaalistumisvaiheessa kissanpentu on erityisen avoin uusille kokemuksille, kuten sosiaalisille kontakteille.<\/p>\n<p>On t\u00e4rke\u00e4\u00e4, ett\u00e4 kissanpentu saa t\u00e4ss\u00e4 vaiheessa paljon positiivisia kontakteja perheenj\u00e4senten ja yst\u00e4vien kanssa, jotta se sosiaalistuu onnistuneesti ja oppii nauttimaan ihmisten seurasta.<\/p>\n<p>Sama p\u00e4tee kontaktiin muiden el\u00e4inten, kuten koirien, kanssa.<\/p>\n<p><strong>Lue lis\u00e4\u00e4<\/strong><\/p>\n<ul>\n<li><a title=\"How to introduce your cat to your dog in three simple steps\" href=\"https:\/\/bozita.com\/fi\/kolme-yksinkertaista-askelta-lemmikkiesi-toisiinsa-tutustuttamiseksi\/?lang=fi\" data-udi=\"umb:\/\/document\/351f118ad7b34daab8eac9b80e62a297\">Kolme askelta kissasi koiraan totuttamiseen<\/a><\/li>\n<\/ul>\n<h3>VAIHE 3: NUORUUS<\/h3>\n<p>Nuoruusvaihe alkaa kissanpennun ollessa noin kahdeksan viikon ik\u00e4inen ja jatkuu sukukypsyyden saavuttamiseen asti (t\u00e4m\u00e4 tapahtuu yleens\u00e4 noin 5-6 kuukauden ik\u00e4isen\u00e4, rotujen v\u00e4lill\u00e4 on kuitenkin eroja). T\u00e4n\u00e4 aikana kissanpennusta kasvaa itsen\u00e4inen, emostaan erossa p\u00e4rj\u00e4\u00e4v\u00e4, yksil\u00f6 (t\u00e4ss\u00e4 vaiheessa maidon imeminen loppuu ja kissanpentu siirtyy sy\u00f6m\u00e4\u00e4n kiinte\u00e4\u00e4 ruokaa).<br \/>\nRuotsissa kissanpennun voi erottaa emostaan 12 viikon ik\u00e4isen\u00e4. T\u00e4m\u00e4n i\u00e4n saavutettuaan kissanpentu eroaa emostaan ilman eroon liittyvi\u00e4 ongelmia, se oppii my\u00f6s tulemaan toimeen uudessa sosiaalisessa ymp\u00e4rist\u00f6ss\u00e4.<\/p>\n<h2>KUINKA KISSANPENTU KOTIUTUU UUTEEN KOTIIN<\/h2>\n<p>Kun kissanpentu saapuu uuteen kotiin sen sosiaalisten taitojen kehittymisen on t\u00e4rke\u00e4 jatkua saumattomasti. Vaikka kissanpentu on sosiaalistumisvaiheessa vastaanottavaisimmillaan sosiaalisille kontakteille, sen suhde ihmisiin kehittyy nelj\u00e4n kuukauden ik\u00e4\u00e4n saakka.<br \/>\nRakentaaksesi hyv\u00e4n suhteen kissanpentuun on t\u00e4rke\u00e4\u00e4 luoda paljon positiivisia assosiaatioita uuden perheen ja kissanpennun v\u00e4lille. Voit luoda n\u00e4it\u00e4 yhteyksi\u00e4 leikkim\u00e4ll\u00e4 pennun kanssa, ruokkimalla sit\u00e4, antamalla herkkuja ja k\u00e4ytt\u00e4ytym\u00e4ll\u00e4 yleisen positiivisesti kissanpentua kohtaan.<br \/>\n<strong>Muista:<\/strong><\/p>\n<ul>\n<li>Minimoi loukkaantumisriski antamalla kissanpennulle turvallisia leluja, joilla se ei voi satuttaa itse\u00e4\u00e4n. \u00c4l\u00e4 rohkaise kissaa leikkim\u00e4\u00e4n k\u00e4sill\u00e4si tai jaloillasi ja pid\u00e4 lelut erossa vartalostasi.<\/li>\n<li>Herkkujen antaminen on hyv\u00e4 tapa luoda kissanpentuun positiivinen suhde, mutta varo ruokkimasta sit\u00e4 liikaa.<\/li>\n<\/ul>\n\t\t\t<\/div>\n\t\t<\/div>\n\t<\/div>\n\n\n\n\t<section class=\"block related-articles\">\n\t\t<div class=\"container\">\n\t\t\t<h2>Aiheeseen liittyvi\u00e4 artikkeleita<\/h2>\n\t\t\t<div class=\"row justify-content-center\">\n\t\t\t\t\t\t\t\t\t\t<div class=\"col-sm-6 col-md-6 col-lg-3\">\n\t\t\t\t\t\t\t\t\t\t\t\t\t\t<div class=\"card \">\n\t\t\t\t\t\t\t\t\t\t\t\t\t\t\t\t\t<img decoding=\"async\"  src=\"https:\/\/bozita.com\/fi\/wp-content\/uploads\/sites\/11\/2025\/03\/bozita_swedish-natural-quality-compass.jpg\" alt=\"\">\n\t\t\t\t\t\t\t\t\t\t\t\t\t\t\t\t\t<!-- <img decoding=\"async\" src=\"\n\t\t\t\t\t\t\t\t\t\t\t\t\t\t\t\t\t\t\t\t\" alt=\"\n\t\t\t\t\t\t\t\t\t\t\t\t\t\t\t\t\t\t\t\t\t\t\t\t\t\t\t\"> -->\n\t\t\t\t\t\t\t\t<div class=\"card-body\">\n\t\t\t\t\t\t\t\t\t\t\t\t\t\t\t\t\t\t\t<h6>Kissan anatomia ja fysiologia<\/h6>\n\t\t\t\t\t\t\t\t\t\t\t\t\t\t\t\t\t\t\t<a href=\"https:\/\/bozita.com\/fi\/kissan-kehitys\/kissan-anatomia-ja-fysiologia\/\">Lue lis\u00e4\u00e4 &nbsp; ><\/a>\n\t\t\t\t\t\t\t\t<\/div>\n\t\t\t\t\t\t\t<\/div>\n\t\t\t\t\t\t<\/div>\n\n\t\t\t\t\t\t\t\t\t\t\t<div class=\"col-sm-6 col-md-6 col-lg-3\">\n\t\t\t\t\t\t\t\t\t\t\t\t\t\t<div class=\"card \">\n\t\t\t\t\t\t\t\t\t\t\t\t\t\t\t\t\t<img decoding=\"async\"  src=\"https:\/\/bozita.com\/fi\/wp-content\/uploads\/sites\/11\/2021\/08\/bozita-kattens-kroppssprak.jpg\" alt=\"\">\n\t\t\t\t\t\t\t\t\t\t\t\t\t\t\t\t\t<!-- <img decoding=\"async\" src=\"\n\t\t\t\t\t\t\t\t\t\t\t\t\t\t\t\t\t\t\t\t\" alt=\"\n\t\t\t\t\t\t\t\t\t\t\t\t\t\t\t\t\t\t\t\t\t\t\t\t\t\t\t\"> -->\n\t\t\t\t\t\t\t\t<div class=\"card-body\">\n\t\t\t\t\t\t\t\t\t\t\t\t\t\t\t\t\t\t\t<h6>Kissan k\u00e4yt\u00f6s ja kehonkieli<\/h6>\n\t\t\t\t\t\t\t\t\t\t\t\t\t\t\t\t\t\t\t<a href=\"https:\/\/bozita.com\/fi\/kissan-kehitys\/kissan-kaytos-ja-kehonkieli\/\">Lue lis\u00e4\u00e4 &nbsp; ><\/a>\n\t\t\t\t\t\t\t\t<\/div>\n\t\t\t\t\t\t\t<\/div>\n\t\t\t\t\t\t<\/div>\n\n\t\t\t\t\t\t\t\t\t\t\t<div class=\"col-sm-6 col-md-6 col-lg-3\">\n\t\t\t\t\t\t\t\t\t\t\t\t\t\t<div class=\"card \">\n\t\t\t\t\t\t\t\t\t\t\t\t\t\t\t\t\t<img decoding=\"async\"  src=\"https:\/\/bozita.com\/fi\/wp-content\/uploads\/sites\/11\/2021\/08\/bozita-introducera-katter-for-varandra-elin-hirsch.jpg\" alt=\"\">\n\t\t\t\t\t\t\t\t\t\t\t\t\t\t\t\t\t<!-- <img decoding=\"async\" src=\"\n\t\t\t\t\t\t\t\t\t\t\t\t\t\t\t\t\t\t\t\t\" alt=\"\n\t\t\t\t\t\t\t\t\t\t\t\t\t\t\t\t\t\t\t\t\t\t\t\t\t\t\t\"> -->\n\t\t\t\t\t\t\t\t<div class=\"card-body\">\n\t\t\t\t\t\t\t\t\t\t\t\t\t\t\t\t\t\t\t<h6>Kissasi tutustuttaminen toiseen kissaan<\/h6>\n\t\t\t\t\t\t\t\t\t\t\t\t\t\t\t\t\t\t\t<a href=\"https:\/\/bozita.com\/fi\/kissan-kehitys\/kissasi-toiseen-kissaan-tutustuttaminen\/\">Lue lis\u00e4\u00e4 &nbsp; ><\/a>\n\t\t\t\t\t\t\t\t<\/div>\n\t\t\t\t\t\t\t<\/div>\n\t\t\t\t\t\t<\/div>\n\n\t\t\t\t\t\t\t\t\t\t\t\t<\/div>\n\t\t<\/div>\n\t<\/section>\n","protected":false},"excerpt":{"rendered":"","protected":false},"author":1,"featured_media":6940,"parent":7239,"menu_order":0,"comment_status":"closed","ping_status":"closed","template":"guternberg.php","meta":{"footnotes":""},"acf":[],"yoast_head":"<!-- This site is optimized with the Yoast SEO plugin v21.3 - https:\/\/yoast.com\/wordpress\/plugins\/seo\/ -->\n<title>Kissanpennut - kehitys ja sosiaalistaminen - Bozita Finland<\/title>\n<meta name=\"description\" content=\"Lue t\u00e4st\u00e4 kissanpennun ja kissan kehityksest\u00e4 ja opi ymm\u00e4rt\u00e4m\u00e4\u00e4n kuinka annat sille hyv\u00e4n el\u00e4m\u00e4n ja toimivat suhteet ihmisten maailmaan.\" \/>\n<meta name=\"robots\" content=\"index, follow, max-snippet:-1, max-image-preview:large, max-video-preview:-1\" \/>\n<link rel=\"canonical\" href=\"https:\/\/bozita.com\/fi\/kissan-kehitys\/kissanpennut-kehitys-ja-sosiaalistaminen\/\" \/>\n<meta property=\"og:locale\" content=\"fi_FI\" \/>\n<meta property=\"og:type\" content=\"article\" \/>\n<meta property=\"og:title\" content=\"Kissanpennut - kehitys ja sosiaalistaminen - Bozita Finland\" \/>\n<meta property=\"og:description\" content=\"Lue t\u00e4st\u00e4 kissanpennun ja kissan kehityksest\u00e4 ja opi ymm\u00e4rt\u00e4m\u00e4\u00e4n kuinka annat sille hyv\u00e4n el\u00e4m\u00e4n ja toimivat suhteet ihmisten maailmaan.\" \/>\n<meta property=\"og:url\" content=\"https:\/\/bozita.com\/fi\/kissan-kehitys\/kissanpennut-kehitys-ja-sosiaalistaminen\/\" \/>\n<meta property=\"og:site_name\" content=\"Bozita Finland\" \/>\n<meta property=\"article:modified_time\" content=\"2025-03-05T08:52:27+00:00\" \/>\n<meta property=\"og:image\" content=\"https:\/\/bozita.com\/fi\/wp-content\/uploads\/sites\/11\/2021\/08\/bozita-socialisera-kattunge.jpg\" \/>\n\t<meta property=\"og:image:width\" content=\"800\" \/>\n\t<meta property=\"og:image:height\" content=\"535\" \/>\n\t<meta property=\"og:image:type\" content=\"image\/jpeg\" \/>\n<meta name=\"twitter:card\" content=\"summary_large_image\" \/>\n<!-- \/ Yoast SEO plugin. -->","yoast_head_json":{"title":"Kissanpennut - kehitys ja sosiaalistaminen - Bozita Finland","description":"Lue t\u00e4st\u00e4 kissanpennun ja kissan kehityksest\u00e4 ja opi ymm\u00e4rt\u00e4m\u00e4\u00e4n kuinka annat sille hyv\u00e4n el\u00e4m\u00e4n ja toimivat suhteet ihmisten maailmaan.","robots":{"index":"index","follow":"follow","max-snippet":"max-snippet:-1","max-image-preview":"max-image-preview:large","max-video-preview":"max-video-preview:-1"},"canonical":"https:\/\/bozita.com\/fi\/kissan-kehitys\/kissanpennut-kehitys-ja-sosiaalistaminen\/","og_locale":"fi_FI","og_type":"article","og_title":"Kissanpennut - kehitys ja sosiaalistaminen - Bozita Finland","og_description":"Lue t\u00e4st\u00e4 kissanpennun ja kissan kehityksest\u00e4 ja opi ymm\u00e4rt\u00e4m\u00e4\u00e4n kuinka annat sille hyv\u00e4n el\u00e4m\u00e4n ja toimivat suhteet ihmisten maailmaan.","og_url":"https:\/\/bozita.com\/fi\/kissan-kehitys\/kissanpennut-kehitys-ja-sosiaalistaminen\/","og_site_name":"Bozita Finland","article_modified_time":"2025-03-05T08:52:27+00:00","og_image":[{"width":800,"height":535,"url":"https:\/\/bozita.com\/fi\/wp-content\/uploads\/sites\/11\/2021\/08\/bozita-socialisera-kattunge.jpg","type":"image\/jpeg"}],"twitter_card":"summary_large_image","schema":{"@context":"https:\/\/schema.org","@graph":[{"@type":"WebPage","@id":"https:\/\/bozita.com\/fi\/kissan-kehitys\/kissanpennut-kehitys-ja-sosiaalistaminen\/","url":"https:\/\/bozita.com\/fi\/kissan-kehitys\/kissanpennut-kehitys-ja-sosiaalistaminen\/","name":"Kissanpennut - kehitys ja sosiaalistaminen - Bozita Finland","isPartOf":{"@id":"https:\/\/bozita.com\/fi\/#website"},"datePublished":"2022-08-31T07:35:25+00:00","dateModified":"2025-03-05T08:52:27+00:00","description":"Lue t\u00e4st\u00e4 kissanpennun ja kissan kehityksest\u00e4 ja opi ymm\u00e4rt\u00e4m\u00e4\u00e4n kuinka annat sille hyv\u00e4n el\u00e4m\u00e4n ja toimivat suhteet ihmisten maailmaan.","breadcrumb":{"@id":"https:\/\/bozita.com\/fi\/kissan-kehitys\/kissanpennut-kehitys-ja-sosiaalistaminen\/#breadcrumb"},"inLanguage":"fi","potentialAction":[{"@type":"ReadAction","target":["https:\/\/bozita.com\/fi\/kissan-kehitys\/kissanpennut-kehitys-ja-sosiaalistaminen\/"]}]},{"@type":"BreadcrumbList","@id":"https:\/\/bozita.com\/fi\/kissan-kehitys\/kissanpennut-kehitys-ja-sosiaalistaminen\/#breadcrumb","itemListElement":[{"@type":"ListItem","position":1,"name":"Koti","item":"https:\/\/bozita.com\/fi\/"},{"@type":"ListItem","position":2,"name":"Kissan kehitys","item":"https:\/\/bozita.com\/fi\/kissan-kehitys\/"},{"@type":"ListItem","position":3,"name":"Kissanpennut &#8211; kehitys ja sosiaalistaminen"}]},{"@type":"WebSite","@id":"https:\/\/bozita.com\/fi\/#website","url":"https:\/\/bozita.com\/fi\/","name":"Bozita Finland","description":"","potentialAction":[{"@type":"SearchAction","target":{"@type":"EntryPoint","urlTemplate":"https:\/\/bozita.com\/fi\/?s={search_term_string}"},"query-input":"required name=search_term_string"}],"inLanguage":"fi"}]}},"_links":{"self":[{"href":"https:\/\/bozita.com\/fi\/wp-json\/wp\/v2\/pages\/6939"}],"collection":[{"href":"https:\/\/bozita.com\/fi\/wp-json\/wp\/v2\/pages"}],"about":[{"href":"https:\/\/bozita.com\/fi\/wp-json\/wp\/v2\/types\/page"}],"author":[{"embeddable":true,"href":"https:\/\/bozita.com\/fi\/wp-json\/wp\/v2\/users\/1"}],"replies":[{"embeddable":true,"href":"https:\/\/bozita.com\/fi\/wp-json\/wp\/v2\/comments?post=6939"}],"version-history":[{"count":4,"href":"https:\/\/bozita.com\/fi\/wp-json\/wp\/v2\/pages\/6939\/revisions"}],"predecessor-version":[{"id":11214,"href":"https:\/\/bozita.com\/fi\/wp-json\/wp\/v2\/pages\/6939\/revisions\/11214"}],"up":[{"embeddable":true,"href":"https:\/\/bozita.com\/fi\/wp-json\/wp\/v2\/pages\/7239"}],"wp:featuredmedia":[{"embeddable":true,"href":"https:\/\/bozita.com\/fi\/wp-json\/wp\/v2\/media\/6940"}],"wp:attachment":[{"href":"https:\/\/bozita.com\/fi\/wp-json\/wp\/v2\/media?parent=6939"}],"curies":[{"name":"wp","href":"https:\/\/api.w.org\/{rel}","templated":true}]}}