{"id":6949,"date":"2022-08-31T07:36:02","date_gmt":"2022-08-31T07:36:02","guid":{"rendered":"https:\/\/bozita.com\/fi\/elama-kissan-kanssa\/"},"modified":"2025-03-05T11:21:47","modified_gmt":"2025-03-05T11:21:47","slug":"elama-kissan-kanssa","status":"publish","type":"page","link":"https:\/\/bozita.com\/fi\/elama-kissan-kanssa\/","title":{"rendered":"El\u00e4m\u00e4 kissan kanssa"},"content":{"rendered":"\n\t\t<section class=\"small-hero-with-image\">\n\t\t\t\t\t\t\t<img decoding=\"async\" class=\"background-image\" src=\"https:\/\/bozita.com\/fi\/wp-content\/uploads\/sites\/11\/2021\/06\/bozita-livet-med-katt.jpg\" alt=\"\">\n\t\t\t\t\t\t\t<div class=\"overlay-v1 \">\n\t\t\t\t<div class=\"container\">\n\t\t\t\t\t<div class=\"row\">\n\t\t\t\t\t\t<div class=\"col-md-6 col-lg-5\">\n\t\t\t\t\t\t\t<h1>El\u00e4m\u00e4 kissan kanssa<\/h1>\t\t\t\t\t\t<\/div>\n\t\t\t\t\t<\/div>\n\t\t\t\t<\/div>\n\t\t\t<\/div>\n\t\t<\/section>\n\t\t\n\n\t<div class=\"text-box-warp\">\n\t\t<div class=\"container\">\n\t\t\t<div class=\"text-content\">\n\t\t\t\t<p>Suunnitteletko kissan hankintaa? Se on erinomainen ajatus! El\u00e4m\u00e4 kissan kanssa on ihanaa. Kissat ovat mahtavia el\u00e4imi\u00e4. Ne ovat itsen\u00e4isi\u00e4, \u00e4lykk\u00e4it\u00e4, eritt\u00e4in lojaaleja ja riippuvaisia perheest\u00e4\u00e4n. Kissan omistamisessa on paljon huomioon otettavaa. On t\u00e4rke\u00e4\u00e4 harkita p\u00e4\u00e4t\u00f6st\u00e4 huolellisesti.<\/p>\n<ul>\n<li><a href=\"https:\/\/bozita.com\/fi\/kissan-hankinta\/\">Huomioitavia asioita ennen kuin hankit kissan<\/a><\/li>\n<\/ul>\n<p>Oletko p\u00e4\u00e4tt\u00e4nyt hankkia kissan vai onko sinulla kissa kotona jo? Bozita voi auttaa sinua tarjoamalla tietoa alkuajasta yhdess\u00e4, kuinka huolehtia kissasta ja ennen kaikkea siit\u00e4 mit\u00e4 kissan tulisi sy\u00f6d\u00e4 voidakseen hyvin.<\/p>\n<ul>\n<li><a href=\"https:\/\/bozita.com\/fi\/pida-kissasi-terveena\/?lang=fi\">Vinkkej\u00e4 ja neuvoja kissasta huolehtimiseen<\/a><\/li>\n<li><a href=\"https:\/\/bozita.com\/fi\/kissanruoka\/?lang=fi\">Bozita kissanruoka<\/a> &#8211; <a href=\"https:\/\/bozita.com\/fi\/bozita-kissan-kuivaruoka\/?lang=fi\">kuivaruoka<\/a>\u00a0ja <a href=\"https:\/\/bozita.com\/fi\/markaruoka\/?lang=fi\">m\u00e4rk\u00e4ruoka<\/a> kissoille<\/li>\n<\/ul>\n\t\t\t<\/div>\n\t\t<\/div>\n\t<\/div>\n\n\n\t<section class=\"block section-promos\">\n\t\t<div class=\"container\">\n\t\t\t<div class=\"row\">\n\t\t\t\t\t\t\t\t\t\t<div class=\"col-md-6\">\n\t\t\t\t\t\t\t<div class=\"card\">\n\t\t\t\t\t\t\t\t\t\t\t\t\t\t\t\t\t<img decoding=\"async\" class=\"card-img-top\" src=\"https:\/\/bozita.com\/fi\/wp-content\/uploads\/sites\/11\/2021\/08\/buying-cat-promo-kitten.jpg\" alt=\"\">\n\t\t\t\t\t\t\t\t\t\t\t\t\t\t\t\t<div class=\"card-body\">\n\t\t\t\t\t\t\t\t\t<h5 class=\"card-title\">Kissan hankinta<\/h5>\n\t\t\t\t\t\t\t\t\t<p class=\"card-text\"><\/p>\n\t\t\t\t\t\t\t\t\t\t\t\t\t\t\t\t\t\t\t<a target=\"\" href=\"https:\/\/bozita.com\/fi\/kissan-hankinta\/\" class=\"btn btn-white\">Kissan hankinta<\/a>\n\t\t\t\t\t\t\t\t\t\t\t\t\t\t\t\t\t\t<\/div>\n\t\t\t\t\t\t\t<\/div>\n\t\t\t\t\t\t<\/div>\n\t\t\t\t\t\t\t\t\t\t\t\t<div class=\"col-md-6\">\n\t\t\t\t\t\t\t<div class=\"card\">\n\t\t\t\t\t\t\t\t\t\t\t\t\t\t\t\t\t<img decoding=\"async\" class=\"card-img-top\" src=\"https:\/\/bozita.com\/fi\/wp-content\/uploads\/sites\/11\/2021\/06\/bozita-nutrition-kost-katt.jpg\" alt=\"\">\n\t\t\t\t\t\t\t\t\t\t\t\t\t\t\t\t<div class=\"card-body\">\n\t\t\t\t\t\t\t\t\t<h5 class=\"card-title\">Ravitsemus &amp; ruokavalio<\/h5>\n\t\t\t\t\t\t\t\t\t<p class=\"card-text\"><\/p>\n\t\t\t\t\t\t\t\t\t\t\t\t\t\t\t\t\t\t\t<a target=\"\" href=\"https:\/\/bozita.com\/fi\/ravinto-ja-ruokavalio\/\" class=\"btn btn-white\">Ravitsemus ja ruokavalio<\/a>\n\t\t\t\t\t\t\t\t\t\t\t\t\t\t\t\t\t\t<\/div>\n\t\t\t\t\t\t\t<\/div>\n\t\t\t\t\t\t<\/div>\n\t\t\t\t\t\t\t\t\t\t\t\t<div class=\"col-md-6\">\n\t\t\t\t\t\t\t<div class=\"card\">\n\t\t\t\t\t\t\t\t\t\t\t\t\t\t\t\t\t<img decoding=\"async\" class=\"card-img-top\" src=\"https:\/\/bozita.com\/fi\/wp-content\/uploads\/sites\/11\/2021\/06\/bozita-katt-utveckling.jpg\" alt=\"\">\n\t\t\t\t\t\t\t\t\t\t\t\t\t\t\t\t<div class=\"card-body\">\n\t\t\t\t\t\t\t\t\t<h5 class=\"card-title\">Kissan kehitysvaiheet<\/h5>\n\t\t\t\t\t\t\t\t\t<p class=\"card-text\"><\/p>\n\t\t\t\t\t\t\t\t\t\t\t\t\t\t\t\t\t\t\t<a target=\"\" href=\"https:\/\/bozita.com\/fi\/kissan-kehitys\/\" class=\"btn btn-white\">Kissan kehitysvaiheet<\/a>\n\t\t\t\t\t\t\t\t\t\t\t\t\t\t\t\t\t\t<\/div>\n\t\t\t\t\t\t\t<\/div>\n\t\t\t\t\t\t<\/div>\n\t\t\t\t\t\t\t\t\t\t\t\t<div class=\"col-md-6\">\n\t\t\t\t\t\t\t<div class=\"card\">\n\t\t\t\t\t\t\t\t\t\t\t\t\t\t\t\t\t<img decoding=\"async\" class=\"card-img-top\" src=\"https:\/\/bozita.com\/fi\/wp-content\/uploads\/sites\/11\/2021\/06\/bozita-katt-halsa.jpg\" alt=\"\">\n\t\t\t\t\t\t\t\t\t\t\t\t\t\t\t\t<div class=\"card-body\">\n\t\t\t\t\t\t\t\t\t<h5 class=\"card-title\">Kissan terveys<\/h5>\n\t\t\t\t\t\t\t\t\t<p class=\"card-text\"><\/p>\n\t\t\t\t\t\t\t\t\t\t\t\t\t\t\t\t\t\t\t<a target=\"\" href=\"https:\/\/bozita.com\/fi\/pida-kissasi-terveena\/\" class=\"btn btn-white\">Kissan terveys<\/a>\n\t\t\t\t\t\t\t\t\t\t\t\t\t\t\t\t\t\t<\/div>\n\t\t\t\t\t\t\t<\/div>\n\t\t\t\t\t\t<\/div>\n\t\t\t\t\t\t\t\t\t<\/div>\n\t\t<\/div>\n\t<\/section>\n\n\n<section class=\"block product-promos\">\n\t<div class=\"container\">\n\t\t<div class=\"row align-items-center\">\n\t\t\t<div class=\"col-md-5\">\n\t\t\t\t<div class=\"prdt__promos-heading\">\n\t\t\t\t\t<h3>\n\t\t\t\t\t\tRuotsissa valmistettuja suosikkejamme\t\t\t\t\t<\/h3>\n\t\t\t\t\t\t\t\t\t<\/div>\n\t\t\t<\/div>\n\t\t\t<div class=\"col-md-7\">\n\t\t\t\t\t\t\t\t\t<div class=\"owl-carousel owl-theme product-promo-carousel\">\n\t\t\t\t\t\t\t\t\t\t\t\t\t<a href=\"https:\/\/bozita.com\/fi\/kissanruoka\/bozita-indoor-sterilised-viljaton-poro\/\">\n\t\t\t\t\t\t\t\t<div class=\"blk__prdt-item\">\n\t\t\t\t\t\t\t\t\t<figure>\n\t\t\t\t\t\t\t\t\t\t<img loading=\"lazy\" decoding=\"async\" width=\"600\" height=\"600\" src=\"https:\/\/bozita.com\/fi\/wp-content\/uploads\/sites\/11\/2024\/07\/31221-03-Bozita-Dry-Cat-Indoor-Sterilised-Reindeer-GF-2kg-Bag.jpg\" class=\"attachment-post-thumbnail size-post-thumbnail wp-post-image\" alt=\"\" srcset=\"https:\/\/bozita.com\/fi\/wp-content\/uploads\/sites\/11\/2024\/07\/31221-03-Bozita-Dry-Cat-Indoor-Sterilised-Reindeer-GF-2kg-Bag.jpg 600w, https:\/\/bozita.com\/fi\/wp-content\/uploads\/sites\/11\/2024\/07\/31221-03-Bozita-Dry-Cat-Indoor-Sterilised-Reindeer-GF-2kg-Bag-300x300.jpg 300w, https:\/\/bozita.com\/fi\/wp-content\/uploads\/sites\/11\/2024\/07\/31221-03-Bozita-Dry-Cat-Indoor-Sterilised-Reindeer-GF-2kg-Bag-150x150.jpg 150w\" sizes=\"(max-width: 600px) 100vw, 600px\" \/>\t\t\t\t\t\t\t\t\t\t\t\t\t\t\t\t\t\t\t<\/figure>\n\t\t\t\t\t\t\t\t\t<h4 class=\"carousel-title\"><\/h4>\n\t\t\t\t\t\t\t\t\t<span class=\"carousel-category\">INDOOR &amp; STERILISED -REINDEER<\/span>\n\t\t\t\t\t\t\t\t\t  \n\t\t\t\t\t\t\t\t\t<ul class=\"category-list\">\n\t\t\t\t\t\t\t\t\t\t\t\t\t\t\t\t\t\t\t\t\t\t\t<li class=\"svg-image\">\n\t\t\t\t\t\t\t\t\t\t\t\t\t\t<img decoding=\"async\" src=\"https:\/\/bozita.com\/fi\/wp-content\/uploads\/sites\/11\/2023\/09\/icon-grain-free.svg\" \/>\n\t\t\t\t\t\t\t\t\t\t\t\t\t<\/li>\n\t\t\t\t\t\t\t\t\t\t\t\t\t\t\t\t\t\t\t\t\t\t\t\t\t\t\t\t\t\t\t\t\t\t\t\t<li class=\"svg-image\">\n\t\t\t\t\t\t\t\t\t\t\t\t\t\t<img decoding=\"async\" src=\"https:\/\/bozita.com\/fi\/wp-content\/uploads\/sites\/11\/2023\/09\/icon-flavour-reindeer.svg\" \/>\n\t\t\t\t\t\t\t\t\t\t\t\t\t<\/li>\n\t\t\t\t\t\t\t\t\t\t\t\t\t\t\t\t\t\t\t\t\t\t<\/ul>       \n\n\t\t\t\t\t\t\t\t<\/div>\n\t\t\t\t\t\t\t<\/a>\n\t\t\t\t\t\t\t\t\t\t\t\t\t\t\t\t\t\t\t\t<a href=\"https:\/\/bozita.com\/fi\/kissanruoka\/bozita-active-sterilised-viljaton-lammas\/\">\n\t\t\t\t\t\t\t\t<div class=\"blk__prdt-item\">\n\t\t\t\t\t\t\t\t\t<figure>\n\t\t\t\t\t\t\t\t\t\t<img loading=\"lazy\" decoding=\"async\" width=\"600\" height=\"600\" src=\"https:\/\/bozita.com\/fi\/wp-content\/uploads\/sites\/11\/2025\/03\/bozita-dry-cat-active-sterilised-lamb-gf-2kg-bag-31321.jpg\" class=\"attachment-post-thumbnail size-post-thumbnail wp-post-image\" alt=\"\" srcset=\"https:\/\/bozita.com\/fi\/wp-content\/uploads\/sites\/11\/2025\/03\/bozita-dry-cat-active-sterilised-lamb-gf-2kg-bag-31321.jpg 600w, https:\/\/bozita.com\/fi\/wp-content\/uploads\/sites\/11\/2025\/03\/bozita-dry-cat-active-sterilised-lamb-gf-2kg-bag-31321-300x300.jpg 300w, https:\/\/bozita.com\/fi\/wp-content\/uploads\/sites\/11\/2025\/03\/bozita-dry-cat-active-sterilised-lamb-gf-2kg-bag-31321-150x150.jpg 150w\" sizes=\"(max-width: 600px) 100vw, 600px\" \/>\t\t\t\t\t\t\t\t\t\t\t\t\t\t\t\t\t\t\t<\/figure>\n\t\t\t\t\t\t\t\t\t<h4 class=\"carousel-title\"><\/h4>\n\t\t\t\t\t\t\t\t\t<span class=\"carousel-category\">ACTIVE &amp; STERILISED &#8211; LAMB<\/span>\n\t\t\t\t\t\t\t\t\t  \n\t\t\t\t\t\t\t\t\t<ul class=\"category-list\">\n\t\t\t\t\t\t\t\t\t\t\t\t\t\t\t\t\t\t\t\t\t\t\t<li class=\"svg-image\">\n\t\t\t\t\t\t\t\t\t\t\t\t\t\t<img decoding=\"async\" src=\"https:\/\/bozita.com\/fi\/wp-content\/uploads\/sites\/11\/2023\/09\/icon-grain-free.svg\" \/>\n\t\t\t\t\t\t\t\t\t\t\t\t\t<\/li>\n\t\t\t\t\t\t\t\t\t\t\t\t\t\t\t\t\t\t\t\t\t\t\t\t\t\t\t\t\t\t\t\t\t\t\t\t<li class=\"svg-image\">\n\t\t\t\t\t\t\t\t\t\t\t\t\t\t<img decoding=\"async\" src=\"https:\/\/bozita.com\/fi\/wp-content\/uploads\/sites\/11\/2023\/09\/icon-flavour-lamb.svg\" \/>\n\t\t\t\t\t\t\t\t\t\t\t\t\t<\/li>\n\t\t\t\t\t\t\t\t\t\t\t\t\t\t\t\t\t\t\t\t\t\t<\/ul>       \n\n\t\t\t\t\t\t\t\t<\/div>\n\t\t\t\t\t\t\t<\/a>\n\t\t\t\t\t\t\t\t\t\t\t\t\t\t\t\t\t\t\t\t\t\t\t\t\t\t\t<a href=\"https:\/\/bozita.com\/fi\/koiranruoka\/bozita-lohenpalat-hyytelossa-koira\/\">\n\t\t\t\t\t\t\t\t<div class=\"blk__prdt-item\">\n\t\t\t\t\t\t\t\t\t<figure>\n\t\t\t\t\t\t\t\t\t\t<img loading=\"lazy\" decoding=\"async\" width=\"800\" height=\"800\" src=\"https:\/\/bozita.com\/fi\/wp-content\/uploads\/sites\/11\/2022\/08\/Bozita_Salmon_370g_Tetra_Collabra.jpg\" class=\"attachment-post-thumbnail size-post-thumbnail wp-post-image\" alt=\"BOZITA PALOJA HYYTEL\u00d6SS\u00c4, SIS\u00c4LT\u00c4\u00c4 LOHTA\" srcset=\"https:\/\/bozita.com\/fi\/wp-content\/uploads\/sites\/11\/2022\/08\/Bozita_Salmon_370g_Tetra_Collabra.jpg 800w, https:\/\/bozita.com\/fi\/wp-content\/uploads\/sites\/11\/2022\/08\/Bozita_Salmon_370g_Tetra_Collabra-300x300.jpg 300w, https:\/\/bozita.com\/fi\/wp-content\/uploads\/sites\/11\/2022\/08\/Bozita_Salmon_370g_Tetra_Collabra-150x150.jpg 150w, https:\/\/bozita.com\/fi\/wp-content\/uploads\/sites\/11\/2022\/08\/Bozita_Salmon_370g_Tetra_Collabra-768x768.jpg 768w\" sizes=\"(max-width: 800px) 100vw, 800px\" \/>\t\t\t\t\t\t\t\t\t\t\t\t\t\t\t\t\t\t\t<\/figure>\n\t\t\t\t\t\t\t\t\t<h4 class=\"carousel-title\"><\/h4>\n\t\t\t\t\t\t\t\t\t<span class=\"carousel-category\">BOZITA PALOJA HYYTEL\u00d6SS\u00c4, SIS\u00c4LT\u00c4\u00c4 LOHTA<\/span>\n\t\t\t\t\t\t\t\t\t  \n\t\t\t\t\t\t\t\t\t<ul class=\"category-list\">\n\t\t\t\t\t\t\t\t\t\t\t\t\t\t\t\t\t\t\t\t\t\t\t<li class=\"svg-image\">\n\t\t\t\t\t\t\t\t\t\t\t\t\t\t<img decoding=\"async\" src=\"https:\/\/bozita.com\/fi\/wp-content\/uploads\/sites\/11\/2023\/09\/icon-grain-free.svg\" \/>\n\t\t\t\t\t\t\t\t\t\t\t\t\t<\/li>\n\t\t\t\t\t\t\t\t\t\t\t\t\t\t\t\t\t\t\t\t\t\t\t\t\t\t\t\t\t\t\t\t\t\t\t\t<li class=\"svg-image\">\n\t\t\t\t\t\t\t\t\t\t\t\t\t\t<img decoding=\"async\" src=\"https:\/\/bozita.com\/fi\/wp-content\/uploads\/sites\/11\/2023\/09\/icon-flavour-salmon.svg\" \/>\n\t\t\t\t\t\t\t\t\t\t\t\t\t<\/li>\n\t\t\t\t\t\t\t\t\t\t\t\t\t\t\t\t\t\t\t\t\t\t<\/ul>       \n\n\t\t\t\t\t\t\t\t<\/div>\n\t\t\t\t\t\t\t<\/a>\n\t\t\t\t\t\t\t\t\t\t\t\t\t\t\t\t\t\t\t\t<a href=\"https:\/\/bozita.com\/fi\/kissanruoka\/bozita-poro-palat-kastikkeessa-yksittaispakkaus\/\">\n\t\t\t\t\t\t\t\t<div class=\"blk__prdt-item\">\n\t\t\t\t\t\t\t\t\t<figure>\n\t\t\t\t\t\t\t\t\t\t<img loading=\"lazy\" decoding=\"async\" width=\"600\" height=\"600\" src=\"https:\/\/bozita.com\/fi\/wp-content\/uploads\/sites\/11\/2024\/02\/Bozita-cat-pouch-reindeer-chunks-in-sauce.jpg\" class=\"attachment-post-thumbnail size-post-thumbnail wp-post-image\" alt=\"\" srcset=\"https:\/\/bozita.com\/fi\/wp-content\/uploads\/sites\/11\/2024\/02\/Bozita-cat-pouch-reindeer-chunks-in-sauce.jpg 600w, https:\/\/bozita.com\/fi\/wp-content\/uploads\/sites\/11\/2024\/02\/Bozita-cat-pouch-reindeer-chunks-in-sauce-300x300.jpg 300w, https:\/\/bozita.com\/fi\/wp-content\/uploads\/sites\/11\/2024\/02\/Bozita-cat-pouch-reindeer-chunks-in-sauce-150x150.jpg 150w\" sizes=\"(max-width: 600px) 100vw, 600px\" \/>\t\t\t\t\t\t\t\t\t\t\t\t\t\t\t\t\t\t\t<\/figure>\n\t\t\t\t\t\t\t\t\t<h4 class=\"carousel-title\"><\/h4>\n\t\t\t\t\t\t\t\t\t<span class=\"carousel-category\">PALOJA KASTIKKEESSA, SIS\u00c4LT\u00c4\u00c4 POROA<\/span>\n\t\t\t\t\t\t\t\t\t  \n\t\t\t\t\t\t\t\t\t<ul class=\"category-list\">\n\t\t\t\t\t\t\t\t\t\t\t\t\t\t\t\t\t\t\t\t\t\t\t<li class=\"svg-image\">\n\t\t\t\t\t\t\t\t\t\t\t\t\t\t<img decoding=\"async\" src=\"https:\/\/bozita.com\/fi\/wp-content\/uploads\/sites\/11\/2023\/09\/icon-grain-free.svg\" \/>\n\t\t\t\t\t\t\t\t\t\t\t\t\t<\/li>\n\t\t\t\t\t\t\t\t\t\t\t\t\t\t\t\t\t\t\t\t\t\t\t\t\t\t\t\t\t\t\t\t\t\t\t\t<li class=\"svg-image\">\n\t\t\t\t\t\t\t\t\t\t\t\t\t\t<img decoding=\"async\" src=\"https:\/\/bozita.com\/fi\/wp-content\/uploads\/sites\/11\/2023\/09\/icon-flavour-reindeer.svg\" \/>\n\t\t\t\t\t\t\t\t\t\t\t\t\t<\/li>\n\t\t\t\t\t\t\t\t\t\t\t\t\t\t\t\t\t\t\t\t\t\t<\/ul>       \n\n\t\t\t\t\t\t\t\t<\/div>\n\t\t\t\t\t\t\t<\/a>\n\t\t\t\t\t\t\t\t\t\t\t\t\t\t\t\t\t\t<\/div>\n\t\t\t\t\t\t\t<\/div>\n\t\t<\/div>\n\t<\/div>\n<\/section>\n<script>\njQuery(document).ready(function($) {\n\tjQuery('.product-promo-carousel').owlCarousel({\n\tloop: true,\n\tmargin: 10,\n\tresponsiveClass: true,\n\tresponsive: {\n\t\t0: {\n\t\titems: 1,\n\t\tnav: true\n\t\t},\n\t\t600: {\n\t\titems: 1,\n\t\tnav: true\n\t\t},\n\t\t1000: {\n\t\titems: 2,\n\t\tnav: true,\n\t\t}\n\t}\n\t})\n\tjQuery(\".owl-prev\").html('<span><<\/span>');\n\tjQuery(\".owl-next\").html('<span>><\/span>');\n\n\tvar slider = jQuery('.promo-slider-list');\n\tslider.owlCarousel();\n\tjQuery('.nextbtn-a').click(function() {\n\tslider.trigger('next.owl.carousel');\n\t})\n\t\/\/ Go to the previous item\n\tjQuery('.prebtn-a').click(function() {\n\tslider.trigger('prev.owl.carousel', [300]);\n\t})\n});\n<\/script>\n\n\n\t\t<section class=\"block full-width-promo \">\n\t\t<div class=\"overlay-v2\">\n\t\t\t\t\t\t\t\t<img decoding=\"async\" class=\"background-image-v2\" src=\"https:\/\/bozita.com\/fi\/wp-content\/uploads\/sites\/11\/2021\/06\/bozita-feline-vatfoder.jpg\" alt=\"\">\n\t\t\t\t\t\t\t\t<div class=\"container\">\n\t\t\t\t<div class=\"row\">\n\t\t\t\t\t<div class=\"col-md-6 col-lg-5\">\n\t\t\t\t\t\t<h5>LIITY BOZITA BREEDERS CLUB:IIN<\/h5><h1>Oletko kissankasvattaja?<\/h1><p>LUE LIS\u00c4\u00c4 EDUISTA JA SITOUMUKSISTA\r\n<\/p>\t\t\t\t\t\t<a class=\"btn btn-white\" href=\"https:\/\/bozita.com\/fi\/bozita-breeders-club\/\">Bozita Breeders Club<\/a>\t\t\t\t\t<\/div>\n\t\t\t\t<\/div>\n\t\t\t<\/div>\n\t\t<\/div>\n\t<\/section>\n","protected":false},"excerpt":{"rendered":"","protected":false},"author":4,"featured_media":6950,"parent":0,"menu_order":0,"comment_status":"closed","ping_status":"closed","template":"guternberg.php","meta":{"footnotes":""},"acf":[],"yoast_head":"<!-- This site is optimized with the Yoast SEO plugin v21.3 - https:\/\/yoast.com\/wordpress\/plugins\/seo\/ -->\n<title>El\u00e4m\u00e4 kissan kanssa - Bozita Finland<\/title>\n<meta name=\"description\" content=\"Ennen kissan hankkimista ja kissanomistajan vastuita: ensimm\u00e4inen aika yhdess\u00e4, huolenpito, aktivoiminen, terveys, ravitsemus ja kissanruoka.\" \/>\n<meta name=\"robots\" content=\"index, follow, max-snippet:-1, max-image-preview:large, max-video-preview:-1\" \/>\n<link rel=\"canonical\" href=\"https:\/\/bozita.com\/fi\/elama-kissan-kanssa\/\" \/>\n<meta property=\"og:locale\" content=\"fi_FI\" \/>\n<meta property=\"og:type\" content=\"article\" \/>\n<meta property=\"og:title\" content=\"El\u00e4m\u00e4 kissan kanssa - Bozita Finland\" \/>\n<meta property=\"og:description\" content=\"Ennen kissan hankkimista ja kissanomistajan vastuita: ensimm\u00e4inen aika yhdess\u00e4, huolenpito, aktivoiminen, terveys, ravitsemus ja kissanruoka.\" \/>\n<meta property=\"og:url\" content=\"https:\/\/bozita.com\/fi\/elama-kissan-kanssa\/\" \/>\n<meta property=\"og:site_name\" content=\"Bozita Finland\" \/>\n<meta property=\"article:modified_time\" content=\"2025-03-05T11:21:47+00:00\" \/>\n<meta property=\"og:image\" content=\"https:\/\/bozita.com\/fi\/wp-content\/uploads\/sites\/11\/2021\/06\/bozita-livet-med-katt.jpg\" \/>\n\t<meta property=\"og:image:width\" content=\"1600\" \/>\n\t<meta property=\"og:image:height\" content=\"578\" \/>\n\t<meta property=\"og:image:type\" content=\"image\/jpeg\" \/>\n<meta name=\"twitter:card\" content=\"summary_large_image\" \/>\n<!-- \/ Yoast SEO plugin. -->","yoast_head_json":{"title":"El\u00e4m\u00e4 kissan kanssa - Bozita Finland","description":"Ennen kissan hankkimista ja kissanomistajan vastuita: ensimm\u00e4inen aika yhdess\u00e4, huolenpito, aktivoiminen, terveys, ravitsemus ja kissanruoka.","robots":{"index":"index","follow":"follow","max-snippet":"max-snippet:-1","max-image-preview":"max-image-preview:large","max-video-preview":"max-video-preview:-1"},"canonical":"https:\/\/bozita.com\/fi\/elama-kissan-kanssa\/","og_locale":"fi_FI","og_type":"article","og_title":"El\u00e4m\u00e4 kissan kanssa - Bozita Finland","og_description":"Ennen kissan hankkimista ja kissanomistajan vastuita: ensimm\u00e4inen aika yhdess\u00e4, huolenpito, aktivoiminen, terveys, ravitsemus ja kissanruoka.","og_url":"https:\/\/bozita.com\/fi\/elama-kissan-kanssa\/","og_site_name":"Bozita Finland","article_modified_time":"2025-03-05T11:21:47+00:00","og_image":[{"width":1600,"height":578,"url":"https:\/\/bozita.com\/fi\/wp-content\/uploads\/sites\/11\/2021\/06\/bozita-livet-med-katt.jpg","type":"image\/jpeg"}],"twitter_card":"summary_large_image","schema":{"@context":"https:\/\/schema.org","@graph":[{"@type":"WebPage","@id":"https:\/\/bozita.com\/fi\/elama-kissan-kanssa\/","url":"https:\/\/bozita.com\/fi\/elama-kissan-kanssa\/","name":"El\u00e4m\u00e4 kissan kanssa - Bozita Finland","isPartOf":{"@id":"https:\/\/bozita.com\/fi\/#website"},"datePublished":"2022-08-31T07:36:02+00:00","dateModified":"2025-03-05T11:21:47+00:00","description":"Ennen kissan hankkimista ja kissanomistajan vastuita: ensimm\u00e4inen aika yhdess\u00e4, huolenpito, aktivoiminen, terveys, ravitsemus ja kissanruoka.","breadcrumb":{"@id":"https:\/\/bozita.com\/fi\/elama-kissan-kanssa\/#breadcrumb"},"inLanguage":"fi","potentialAction":[{"@type":"ReadAction","target":["https:\/\/bozita.com\/fi\/elama-kissan-kanssa\/"]}]},{"@type":"BreadcrumbList","@id":"https:\/\/bozita.com\/fi\/elama-kissan-kanssa\/#breadcrumb","itemListElement":[{"@type":"ListItem","position":1,"name":"Koti","item":"https:\/\/bozita.com\/fi\/"},{"@type":"ListItem","position":2,"name":"El\u00e4m\u00e4 kissan kanssa"}]},{"@type":"WebSite","@id":"https:\/\/bozita.com\/fi\/#website","url":"https:\/\/bozita.com\/fi\/","name":"Bozita Finland","description":"","potentialAction":[{"@type":"SearchAction","target":{"@type":"EntryPoint","urlTemplate":"https:\/\/bozita.com\/fi\/?s={search_term_string}"},"query-input":"required name=search_term_string"}],"inLanguage":"fi"}]}},"_links":{"self":[{"href":"https:\/\/bozita.com\/fi\/wp-json\/wp\/v2\/pages\/6949"}],"collection":[{"href":"https:\/\/bozita.com\/fi\/wp-json\/wp\/v2\/pages"}],"about":[{"href":"https:\/\/bozita.com\/fi\/wp-json\/wp\/v2\/types\/page"}],"author":[{"embeddable":true,"href":"https:\/\/bozita.com\/fi\/wp-json\/wp\/v2\/users\/4"}],"replies":[{"embeddable":true,"href":"https:\/\/bozita.com\/fi\/wp-json\/wp\/v2\/comments?post=6949"}],"version-history":[{"count":17,"href":"https:\/\/bozita.com\/fi\/wp-json\/wp\/v2\/pages\/6949\/revisions"}],"predecessor-version":[{"id":11256,"href":"https:\/\/bozita.com\/fi\/wp-json\/wp\/v2\/pages\/6949\/revisions\/11256"}],"wp:featuredmedia":[{"embeddable":true,"href":"https:\/\/bozita.com\/fi\/wp-json\/wp\/v2\/media\/6950"}],"wp:attachment":[{"href":"https:\/\/bozita.com\/fi\/wp-json\/wp\/v2\/media?parent=6949"}],"curies":[{"name":"wp","href":"https:\/\/api.w.org\/{rel}","templated":true}]}}