{"id":6961,"date":"2022-08-31T07:36:48","date_gmt":"2022-08-31T07:36:48","guid":{"rendered":"https:\/\/bozita.com\/fi\/viljaton-koiranruoka-kaikki-mita-sinun-tarvitsee-tietaa\/"},"modified":"2023-02-27T14:50:02","modified_gmt":"2023-02-27T14:50:02","slug":"viljaton-koiranruoka-kaikki-mita-sinun-tarvitsee-tietaa","status":"publish","type":"page","link":"https:\/\/bozita.com\/fi\/viljaton-koiranruoka-kaikki-mita-sinun-tarvitsee-tietaa\/","title":{"rendered":"VIljaton koiranruoka &#8211; kaikki mit\u00e4 sinun tarvitsee tiet\u00e4\u00e4"},"content":{"rendered":"\t\t<section class=\"small-hero\">\n\t\t\t<div class=\"container\">\n\t\t\t\t<h1 class=\"small-hero-title\">VIljaton koiranruoka &#8211; kaikki mit\u00e4 sinun tarvitsee tiet\u00e4\u00e4<\/h1>\t\t\t<\/div>\n\t\t\t<\/div>\n\t\t<\/section>\n\t\n\n\t<div class=\"text-box-warp\">\n\t\t<div class=\"container\">\n\t\t\t<div class=\"text-content\">\n\t\t\t\t<p>Kun tietoisuus siit\u00e4 mit\u00e4 sy\u00f6mme kasvaa, tulemme yh\u00e4 tietoisammiksi my\u00f6s siit\u00e4 mit\u00e4 annamme koirillemme sy\u00f6t\u00e4v\u00e4ksi. Korkealaatuisien koiranruoan kysynt\u00e4 on kasvanut viime aikoina. Miksi antaisin sit\u00e4 koiralleni, mitk\u00e4 hy\u00f6dyt ovat ja mit\u00e4 minun tulisi tiet\u00e4\u00e4? Bozitan ravitsemustieteilij\u00e4 Cecilia Hjelm selitt\u00e4\u00e4 konseptit. Cecilia on koulutettu lemmikkiagronomi, erikoistunut ravitsemukseen ja yksi tuotekehittelij\u00f6ist\u00e4mme. H\u00e4nell\u00e4 on syv\u00e4\u00e4 tiet\u00e4myst\u00e4 ravintoaineista, ainesosista sek\u00e4 laillisista vaatimuksista. Cecilia tiet\u00e4\u00e4 kuinka ruokit koirasi parhaalla mahdollisella tavalla.<\/p>\n<h2>MIT\u00c4 ON VILJATON KOIRANRUOKA?<\/h2>\n<p>VIljaton koiranruoka ei sis\u00e4ll\u00e4 viljoiksi luokiteltuja ainesosia. Usein viljoiksi miellet\u00e4\u00e4n klassiset viljat kuten vehn\u00e4, kaura ja maissi. Mutta my\u00f6s riisi lasketaan viljaksi, eik\u00e4 sit\u00e4 k\u00e4ytet\u00e4 Bozitan viljattomissa ruoissa. Viljojen sijaan ruoat sis\u00e4lt\u00e4v\u00e4t erityyppisi\u00e4 ainesosia, kuten perunaa, herneit\u00e4 ja linssej\u00e4. Bozita on valinnut k\u00e4ytt\u00e4\u00e4 perunaa ja hernett\u00e4 viljattomissa kuivaruoissaan, m\u00e4rk\u00e4ruokien sis\u00e4lt\u00e4ess\u00e4 el\u00e4inper\u00e4isi\u00e4 ainesosia sek\u00e4 mineraaleja.<br \/>\nSyy perunan ja herneiden k\u00e4ytt\u00e4miselle kuivaruoassa on, ett\u00e4 niit\u00e4 tarvitaan ruoan muodon vuoksi, n\u00e4in on mahdollista tehd\u00e4 &#8221;nappuloita&#8221;.<br \/>\n\u200bPeruna ja herneet sis\u00e4lt\u00e4v\u00e4t t\u00e4rkkellyst\u00e4, joka kuumentaessa toimii liimana ja auttaa sitomaan kaikki ainesosat yhdeksi taikinaksi, josta sitten koiranruoan nappulat muotoillaan.<\/p>\n<h2>MIKSI VALITA VILJATON KOIRANRUOKA?<\/h2>\n<p>Pit\u00e4isik\u00f6 minun valita viljaton koiranruoka? Viljattoman ruoan valinnalle on monia syit\u00e4, mutta vehn\u00e4lle herkkien koirien omistajille viljaton on yleens\u00e4 selke\u00e4 valinta. Monet koiranomistajat kokevat, ett\u00e4 viljaton ruoka sopii heid\u00e4n koirilleen hyvin. Gluteenitonta koiranruokaa etsiv\u00e4t koiranomistajat voivat antaa koirilleen viljatonta koiranruokaa sill\u00e4 se ei sis\u00e4ll\u00e4 gluteenia.<\/p>\n<h2>SOPIIKO VILJATON KOIRANRUOKA KAIKILLE KOIRILLE?<\/h2>\n<p>Yksinkertainen vastaus on: ei. Koirat ovat yksil\u00f6llisi\u00e4 aivan ihmisten tavoin ja vaikka viljaton ruoka sopii monille koirille, toiset voivat paremmin sy\u00f6dess\u00e4\u00e4n muita ruokia. T\u00e4rkeint\u00e4 on l\u00f6yt\u00e4\u00e4 koiranruoka, joka saa koirasi voimaan hyvin. Hyv\u00e4\u00e4 ruokaa sy\u00f6v\u00e4 hyvinvoiva koira voi el\u00e4\u00e4 kanssasi aktiivista el\u00e4m\u00e4\u00e4. T\u00e4m\u00e4 on kaikkein t\u00e4rkeint\u00e4 kun koiranomistajat valitsevat koirilleen ruokaa. Bozitalla on laaja valikoima viljattomia ja vehn\u00e4tt\u00f6mi\u00e4 koiranruokia. Kaikki valmistettu V\u00e5rg\u00e5rdassa. <a href=\"https:\/\/bozita.com\/fi\/dog-food\/bozita-robur-mother-puppy\/\">Bozita Robur Mother &amp; Puppy<\/a> on vehn\u00e4t\u00f6n koiranruoka, joka on erityisesti suunniteltu koiranpennuille, kasvaville nuorille koirille sek\u00e4 kantaville ja imett\u00e4ville nartuille.<\/p>\n<h2>MIT\u00c4 MINUN TULISI MUISTAA KUN ANNAN KOIRALLENI VILJATONTA RUOKAA?<\/h2>\n<p>Kuten muiden ruokien suhteen, ruoki koiraasi suositusten mukaan sopeuttaen ruoan m\u00e4\u00e4r\u00e4n koirasi painon, aktiivisuustason ja yksil\u00f6llisten tarpeiden mukaan.<br \/>\nJos sinulla on gluteenille tai vehn\u00e4lle herkk\u00e4 koira, muista ett\u00e4 monet herkut saattavat sis\u00e4lt\u00e4\u00e4 viljoja.<br \/>\nTutustu sis\u00e4llysluetteloon huolellisesti, jotta varmasti annat koirallesi viljattomia herkkupaloja.<br \/>\n\u200b<\/p>\n<h2>BOZITA VILJATON KOIRAN M\u00c4RK\u00c4RUOKA JA KUIVARUOKA<\/h2>\n<p>Bozita Robur on Ruotsissa valmistettu eritt\u00e4in laadukas viljaton tai vehn\u00e4t\u00f6n premium-tason koiranruoka, joka on valmistettu laadukkaista ainesosista. Se sis\u00e4lt\u00e4\u00e4 korkean m\u00e4\u00e4r\u00e4n tuoretta ruotsalaista lihaa, joka varmistaa hyv\u00e4n maun ja sulavuuden,<\/p>\n<p><a href=\"https:\/\/bozita.com\/fi\/products\/bozita-robur-sensitive-viljaton-kana\/\">Bozita Robur &#8211; viljaton kuivaruoka<\/a><\/p>\n<p>Kaikki Bozitan m\u00e4rk\u00e4ruoat ovat viljattomia ja sis\u00e4lt\u00e4v\u00e4t korkean m\u00e4\u00e4r\u00e4n el\u00e4inproteiinia.<\/p>\n<p><a href=\"https:\/\/bozita.com\/fi\/bozita-koirien-markaruoka\/?lang=fi\">Bozita koiran m\u00e4rk\u00e4ruoka<\/a><\/p>\n\t\t\t<\/div>\n\t\t<\/div>\n\t<\/div>\n\n\n<section class=\"block full-section-promo\">\n\t<div class=\"container\">\n\t\t<div class=\"mb-3 row align-items-center \n\t\t\t\t\">\n\t\t\t<div class=\"col-md-6\">\n\t\t\t\t\t\t\t\t\t<img decoding=\"async\" src=\"https:\/\/bozita.com\/fi\/wp-content\/uploads\/sites\/11\/2021\/08\/cecilia-hjelm-promo.jpg\" alt=\"\">\n\t\t\t\t\t\n\t\t\t<\/div>\n\t\t\t<div class=\"col-md-6\">\n\t\t\t\t<h2>CECILIA HJELM <\/h2><p>Koulutettu lemmikkiagrologi ja ravitsemusasiantuntija <\/p>\t\t\t<\/div>\n\t\t<\/div>\n\n\n\t<\/div>\n<\/section>\n","protected":false},"excerpt":{"rendered":"","protected":false},"author":1,"featured_media":0,"parent":0,"menu_order":0,"comment_status":"closed","ping_status":"closed","template":"guternberg.php","meta":{"footnotes":""},"acf":[],"yoast_head":"<!-- This site is optimized with the Yoast SEO plugin v21.3 - https:\/\/yoast.com\/wordpress\/plugins\/seo\/ -->\n<title>VIljaton koiranruoka - kaikki mit\u00e4 sinun tarvitsee tiet\u00e4\u00e4 - Bozita Finland<\/title>\n<meta name=\"description\" content=\"VIljaton koiranruoka ei sis\u00e4ll\u00e4 viljoiksi luokiteltuja ainesosia. Miksi valita viljaton koiranruoka? T\u00e4ss\u00e4 on kaikki mit\u00e4 sinun tarvitse tiet\u00e4\u00e4.\" \/>\n<meta name=\"robots\" content=\"index, follow, max-snippet:-1, max-image-preview:large, max-video-preview:-1\" \/>\n<link rel=\"canonical\" href=\"https:\/\/bozita.com\/fi\/viljaton-koiranruoka-kaikki-mita-sinun-tarvitsee-tietaa\/\" \/>\n<meta property=\"og:locale\" content=\"fi_FI\" \/>\n<meta property=\"og:type\" content=\"article\" \/>\n<meta property=\"og:title\" content=\"VIljaton koiranruoka - kaikki mit\u00e4 sinun tarvitsee tiet\u00e4\u00e4 - Bozita Finland\" \/>\n<meta property=\"og:description\" content=\"VIljaton koiranruoka ei sis\u00e4ll\u00e4 viljoiksi luokiteltuja ainesosia. Miksi valita viljaton koiranruoka? T\u00e4ss\u00e4 on kaikki mit\u00e4 sinun tarvitse tiet\u00e4\u00e4.\" \/>\n<meta property=\"og:url\" content=\"https:\/\/bozita.com\/fi\/viljaton-koiranruoka-kaikki-mita-sinun-tarvitsee-tietaa\/\" \/>\n<meta property=\"og:site_name\" content=\"Bozita Finland\" \/>\n<meta property=\"article:modified_time\" content=\"2023-02-27T14:50:02+00:00\" \/>\n<meta property=\"og:image\" content=\"https:\/\/bozita.com\/fi\/wp-content\/uploads\/sites\/11\/2021\/08\/bozita_swedish-natural-quality.jpg\" \/>\n\t<meta property=\"og:image:width\" content=\"800\" \/>\n\t<meta property=\"og:image:height\" content=\"533\" \/>\n\t<meta property=\"og:image:type\" content=\"image\/jpeg\" \/>\n<meta name=\"twitter:card\" content=\"summary_large_image\" \/>\n<!-- \/ Yoast SEO plugin. -->","yoast_head_json":{"title":"VIljaton koiranruoka - kaikki mit\u00e4 sinun tarvitsee tiet\u00e4\u00e4 - Bozita Finland","description":"VIljaton koiranruoka ei sis\u00e4ll\u00e4 viljoiksi luokiteltuja ainesosia. Miksi valita viljaton koiranruoka? T\u00e4ss\u00e4 on kaikki mit\u00e4 sinun tarvitse tiet\u00e4\u00e4.","robots":{"index":"index","follow":"follow","max-snippet":"max-snippet:-1","max-image-preview":"max-image-preview:large","max-video-preview":"max-video-preview:-1"},"canonical":"https:\/\/bozita.com\/fi\/viljaton-koiranruoka-kaikki-mita-sinun-tarvitsee-tietaa\/","og_locale":"fi_FI","og_type":"article","og_title":"VIljaton koiranruoka - kaikki mit\u00e4 sinun tarvitsee tiet\u00e4\u00e4 - Bozita Finland","og_description":"VIljaton koiranruoka ei sis\u00e4ll\u00e4 viljoiksi luokiteltuja ainesosia. Miksi valita viljaton koiranruoka? T\u00e4ss\u00e4 on kaikki mit\u00e4 sinun tarvitse tiet\u00e4\u00e4.","og_url":"https:\/\/bozita.com\/fi\/viljaton-koiranruoka-kaikki-mita-sinun-tarvitsee-tietaa\/","og_site_name":"Bozita Finland","article_modified_time":"2023-02-27T14:50:02+00:00","og_image":[{"width":800,"height":533,"url":"https:\/\/bozita.com\/fi\/wp-content\/uploads\/sites\/11\/2021\/08\/bozita_swedish-natural-quality.jpg","type":"image\/jpeg"}],"twitter_card":"summary_large_image","schema":{"@context":"https:\/\/schema.org","@graph":[{"@type":"WebPage","@id":"https:\/\/bozita.com\/fi\/viljaton-koiranruoka-kaikki-mita-sinun-tarvitsee-tietaa\/","url":"https:\/\/bozita.com\/fi\/viljaton-koiranruoka-kaikki-mita-sinun-tarvitsee-tietaa\/","name":"VIljaton koiranruoka - kaikki mit\u00e4 sinun tarvitsee tiet\u00e4\u00e4 - Bozita Finland","isPartOf":{"@id":"https:\/\/bozita.com\/fi\/#website"},"datePublished":"2022-08-31T07:36:48+00:00","dateModified":"2023-02-27T14:50:02+00:00","description":"VIljaton koiranruoka ei sis\u00e4ll\u00e4 viljoiksi luokiteltuja ainesosia. Miksi valita viljaton koiranruoka? T\u00e4ss\u00e4 on kaikki mit\u00e4 sinun tarvitse tiet\u00e4\u00e4.","breadcrumb":{"@id":"https:\/\/bozita.com\/fi\/viljaton-koiranruoka-kaikki-mita-sinun-tarvitsee-tietaa\/#breadcrumb"},"inLanguage":"fi","potentialAction":[{"@type":"ReadAction","target":["https:\/\/bozita.com\/fi\/viljaton-koiranruoka-kaikki-mita-sinun-tarvitsee-tietaa\/"]}]},{"@type":"BreadcrumbList","@id":"https:\/\/bozita.com\/fi\/viljaton-koiranruoka-kaikki-mita-sinun-tarvitsee-tietaa\/#breadcrumb","itemListElement":[{"@type":"ListItem","position":1,"name":"Koti","item":"https:\/\/bozita.com\/fi\/"},{"@type":"ListItem","position":2,"name":"VIljaton koiranruoka &#8211; kaikki mit\u00e4 sinun tarvitsee tiet\u00e4\u00e4"}]},{"@type":"WebSite","@id":"https:\/\/bozita.com\/fi\/#website","url":"https:\/\/bozita.com\/fi\/","name":"Bozita Finland","description":"","potentialAction":[{"@type":"SearchAction","target":{"@type":"EntryPoint","urlTemplate":"https:\/\/bozita.com\/fi\/?s={search_term_string}"},"query-input":"required name=search_term_string"}],"inLanguage":"fi"}]}},"_links":{"self":[{"href":"https:\/\/bozita.com\/fi\/wp-json\/wp\/v2\/pages\/6961"}],"collection":[{"href":"https:\/\/bozita.com\/fi\/wp-json\/wp\/v2\/pages"}],"about":[{"href":"https:\/\/bozita.com\/fi\/wp-json\/wp\/v2\/types\/page"}],"author":[{"embeddable":true,"href":"https:\/\/bozita.com\/fi\/wp-json\/wp\/v2\/users\/1"}],"replies":[{"embeddable":true,"href":"https:\/\/bozita.com\/fi\/wp-json\/wp\/v2\/comments?post=6961"}],"version-history":[{"count":3,"href":"https:\/\/bozita.com\/fi\/wp-json\/wp\/v2\/pages\/6961\/revisions"}],"predecessor-version":[{"id":7928,"href":"https:\/\/bozita.com\/fi\/wp-json\/wp\/v2\/pages\/6961\/revisions\/7928"}],"wp:attachment":[{"href":"https:\/\/bozita.com\/fi\/wp-json\/wp\/v2\/media?parent=6961"}],"curies":[{"name":"wp","href":"https:\/\/api.w.org\/{rel}","templated":true}]}}