{"id":6963,"date":"2022-08-31T07:37:02","date_gmt":"2022-08-31T07:37:02","guid":{"rendered":"https:\/\/bozita.com\/fi\/koiran-morkoika-pelkaako-koirasi-yhtakkia-kaikkea\/"},"modified":"2025-03-05T09:58:18","modified_gmt":"2025-03-05T09:58:18","slug":"koiran-morkoika-pelkaako-koirasi-yhtakkia-kaikkea","status":"publish","type":"page","link":"https:\/\/bozita.com\/fi\/koirasi-kehitys\/koiran-morkoika-pelkaako-koirasi-yhtakkia-kaikkea\/","title":{"rendered":"Koiran m\u00f6rk\u00f6ik\u00e4 &#8211; pelk\u00e4\u00e4k\u00f6 koirasi yht&#8217;\u00e4kki\u00e4 kaikkea?"},"content":{"rendered":"\t\t<section class=\"small-hero\">\n\t\t\t<div class=\"container\">\n\t\t\t\t<h1 class=\"small-hero-title\">Koiran m\u00f6rk\u00f6ik\u00e4 &#8211; pelk\u00e4\u00e4k\u00f6 koirasi yht&#8217;\u00e4kki\u00e4 kaikkea?<\/h1>\t\t\t<\/div>\n\t\t\t<\/div>\n\t\t<\/section>\n\t\n\n\t<div class=\"text-box-warp\">\n\t\t<div class=\"container\">\n\t\t\t<div class=\"text-content\">\n\t\t\t\t<p>Jos huomaat noin 5 kuukautta vanhan koiranpentusi alkavan s\u00e4ikky\u00e4 tuttuja asioita, t\u00e4m\u00e4 johtuu luultavasti niinsanotusta pelkovaiheesta.\u00a0Pelkovaihe osuu yleens\u00e4 koiran murrosi\u00e4n alkamiseen mutta ei kest\u00e4 yht\u00e4 kauan. Olemalla vaiheesta tietoinen voit opastaa koirasi pelkovaiheen l\u00e4pi ilman riskej\u00e4 aikuisuuteen j\u00e4\u00e4vist\u00e4 ongelmista.<\/p>\n<h2>KOSKA KOIRIEN JA KOIRANPENTUJEN PELKOVAIHE ON?<\/h2>\n<p>Pelkovaihe osuu yleens\u00e4 5-7 ik\u00e4kuukauden v\u00e4lille, nuoruuden ja murrosi\u00e4n v\u00e4liin, samaan aikaan kun koira saavuttaa sukukypsyyden. Kun sukukypsyys saavutetaan, koiran aivot ovat kaoottisessa tilassa hormonien vuoksi (estrogeeni- ja testosteronitasojen heitelless\u00e4) ja koira on usein v\u00e4hemm\u00e4n sosiaalinen ja vihamielisempi muita kohtaan.<\/p>\n<p><strong>Lue lis\u00e4\u00e4<\/strong><\/p>\n<ul>\n<li><a href=\"https:\/\/bozita.com\/fi\/pennun-kehitysvaiheet-pennusta-aikuiseksi-koiraksi\/\">Koiran nuoruusvaihe<\/a><\/li>\n<li><a href=\"https:\/\/bozita.com\/fi\/pennun-kehitysvaiheet-pennusta-aikuiseksi-koiraksi\/\">Nuoren koiran kehitys<\/a><\/li>\n<\/ul>\n<h2>KOIRASI ALKAA PEL\u00c4T\u00c4 KAIKKEA<\/h2>\n<p>T\u00e4m\u00e4n jakson aikana koira voi alkaa selitt\u00e4m\u00e4tt\u00f6m\u00e4sti pel\u00e4t\u00e4 asioita ja ilmi\u00f6it\u00e4, jotka ovat aiemmin olleet sille yhdentekevi\u00e4, kuten roskap\u00f6ntt\u00f6 ja leijuvat lehdet. Koira voi yht&#8217;\u00e4kki\u00e4 kokea, ett\u00e4 muut muodostavat laumalle uhan. Voit my\u00f6s huomata ett\u00e4 koira lakkaa tottelemasta sinua ja teeskentelee ettei kuule kun yrit\u00e4t saada sen kuuntelemaan.<\/p>\n<p>Tiettyjen teorioiden mukaan pelkojakso juontaa juurensa aikaan, jolloin koirat eliv\u00e4t villein\u00e4 laumoissa. Kun sukukypsyyden saavuttaneet urokset alkoivat liikkua lauman ulkopuolella, niiden piti olla erityisen tarkkaavaisia ja valppaita ja t\u00e4m\u00e4 k\u00e4yt\u00f6s n\u00e4kyy yh\u00e4.<\/p>\n<h2>PELKOJAKSON AIKANA &#8211; HUOLEHDI KOIRASI PELOISTA OIKEALLA TAVALLA<\/h2>\n<p>Tietoisuus koiran el\u00e4m\u00e4n eri vaiheista sen matkalla pennusta aikuisuuteen auttaa ymm\u00e4rt\u00e4m\u00e4\u00e4n koiran ja k\u00e4yt\u00f6st\u00e4 ja tekee eri vaiheiden tuomien muutoksen hyv\u00e4ksymisest\u00e4 helpompaa. \u00c4l\u00e4 kuitenkaan luota siihen, ett\u00e4 ongelmat katoavat itsest\u00e4\u00e4n. Ep\u00e4toivottuja k\u00e4yt\u00f6smalleja on hyv\u00e4 ty\u00f6st\u00e4\u00e4, jotta niist\u00e4 p\u00e4\u00e4see ajoissa eroon ja n\u00e4in ne eiv\u00e4t muodosta suurempia ongelmia koiran my\u00f6h\u00e4isemm\u00e4ss\u00e4 el\u00e4m\u00e4ss\u00e4.<br \/>\nN\u00e4in k\u00e4sittelet ongelmia hyv\u00e4ll\u00e4 tavalla.<\/p>\n<h3>PID\u00c4 KIINNI S\u00c4\u00c4NN\u00d6IST\u00c4 PELKOVAIHEEN AIKANA<\/h3>\n<p>Jotta p\u00e4\u00e4set pelkovaiheen ohi koirasi kanssa ilman aikuisik\u00e4\u00e4n jatkuvia ongelmia on sinun ja muiden perheenj\u00e4senten t\u00e4rke\u00e4\u00e4 olla johdonmukaisia k\u00e4yt\u00f6ksess\u00e4nne ja s\u00e4\u00e4nt\u00f6jen noudattamisen suhteen. Mik\u00e4li k\u00e4skyt eiv\u00e4t en\u00e4\u00e4 toimi palaa pentuajan koulutukseen ja kertaa silloin opitut asiat.<\/p>\n<h3>JATKA KOIRASI TOTUTTAMISTA UUSIIN OLOSUHTEISIIN<\/h3>\n<p>Ota koirasi mahdollisuuksien mukaan aina mukaasi, jotta se tottuu vaihteleviin ymp\u00e4rist\u00f6ihin.<\/p>\n<p><strong>Lue lis\u00e4\u00e4<\/strong><\/p>\n<ul>\n<li><a title=\"Environment training with your puppy\" href=\"https:\/\/bozita.com\/fi\/pennun-itsenaisyyden-harjoittelu-kouluta-koirasi-olemaan-yksin\/?lang=fi\">Tarkistuslista koirasi sosiaalistamiseen ja erilaisiin ymp\u00e4rist\u00f6ihin totuttamiseen<\/a><\/li>\n<\/ul>\n<h3>KOHTA VAARAT, \u00c4L\u00c4 SUOJELE KOIRAASI LIIKAA<\/h3>\n<p>Kohtaa koiraa pelottavat asiat n\u00e4ytt\u00e4m\u00e4ll\u00e4 niiden olevan vaarattomia. Taputa vaarallista roskas\u00e4ili\u00f6t\u00e4, kuten se olisi maailman luonnollisin asia. \u00c4l\u00e4 vahvista koirasi pelon tunteita antamalla sille huomiota tai s\u00e4\u00e4lim\u00e4ll\u00e4 sit\u00e4.<\/p>\n<p>\u00c4l\u00e4 kuitenkaan koskaan pakota koiraasi kanssak\u00e4ymiseen sit\u00e4 pelottavien asioiden kanssa. Yrit\u00e4 vakuuttaa koirasi her\u00e4tt\u00e4m\u00e4ll\u00e4 sen uteliaisuus ja sit\u00e4 kautta tutustumaan pelottaviin esineisiin.<\/p>\n<p>Kun koira pel\u00e4styy jotain mihin et voi vaikuttaa, kuten teid\u00e4t ohittavaa py\u00f6r\u00e4ilij\u00e4\u00e4, pyri ohjaamaan koiran mielenkiinto johonkin muuhun, kuten leluun tai herkkupalaan.<\/p>\n<p>Jos koira ei p\u00e4\u00e4se pelostaan heti, menk\u00e4\u00e4 takaisin samaan paikkaan kunnes se ei en\u00e4\u00e4 ole koiralle vaikeaa. Palkitse koirasi pelkojensa voittamisesta.<\/p>\n<p>\u00c4l\u00e4 unohtako pit\u00e4\u00e4 yhdess\u00e4 hauskaa! L\u00f6yd\u00e4 aktiviteetteja, joista molemmat nautitte.<\/p>\n<p><strong>Lue lis\u00e4\u00e4<\/strong><\/p>\n<ul>\n<li><a title=\"Improve your relationship with your dog with fun activities and courses\" href=\"https:\/\/bozita.com\/fi\/koirakurssit-ja-aktiviteetit\/?lang=fi\">Kehit\u00e4 suhdettasi koiraasi hauskojen aktiviteettien kautta<\/a><\/li>\n<\/ul>\n\t\t\t<\/div>\n\t\t<\/div>\n\t<\/div>\n\n\n\n\t<section class=\"block related-articles\">\n\t\t<div class=\"container\">\n\t\t\t<h2>Aiheeseen liittyvi\u00e4 artikkeleita<\/h2>\n\t\t\t<div class=\"row justify-content-center\">\n\t\t\t\t\t\t\t\t\t\t<div class=\"col-sm-6 col-md-6 col-lg-3\">\n\t\t\t\t\t\t\t\t\t\t\t\t\t\t<div class=\"card \">\n\t\t\t\t\t\t\t\t\t\t\t\t\t\t\t\t\t<img decoding=\"async\"  src=\"https:\/\/bozita.com\/fi\/wp-content\/uploads\/sites\/11\/2021\/08\/bozita-hundens-utveckling-stadier.jpeg\" alt=\"\">\n\t\t\t\t\t\t\t\t\t\t\t\t\t\t\t\t\t<!-- <img decoding=\"async\" src=\"\n\t\t\t\t\t\t\t\t\t\t\t\t\t\t\t\t\t\t\t\t\" alt=\"\n\t\t\t\t\t\t\t\t\t\t\t\t\t\t\t\t\t\t\t\t\t\t\t\t\t\t\t\"> -->\n\t\t\t\t\t\t\t\t<div class=\"card-body\">\n\t\t\t\t\t\t\t\t\t\t\t\t\t\t\t\t\t\t\t<h6>Pennun kehitysvaiheet &#8211; pennusta aikuiseksi koiraksi<\/h6>\n\t\t\t\t\t\t\t\t\t\t\t\t\t\t\t\t\t\t\t<a href=\"https:\/\/bozita.com\/fi\/koirasi-kehitys\/pennun-kehitysvaiheet-pennusta-aikuiseksi-koiraksi\/\">Lue lis\u00e4\u00e4 &nbsp; ><\/a>\n\t\t\t\t\t\t\t\t<\/div>\n\t\t\t\t\t\t\t<\/div>\n\t\t\t\t\t\t<\/div>\n\n\t\t\t\t\t\t\t\t\t\t\t<div class=\"col-sm-6 col-md-6 col-lg-3\">\n\t\t\t\t\t\t\t\t\t\t\t\t\t\t<div class=\"card \">\n\t\t\t\t\t\t\t\t\t\t\t\t\t\t\t\t\t<img decoding=\"async\"  src=\"https:\/\/bozita.com\/fi\/wp-content\/uploads\/sites\/11\/2021\/08\/bozita-hund-tonaring.jpeg\" alt=\"\">\n\t\t\t\t\t\t\t\t\t\t\t\t\t\t\t\t\t<!-- <img decoding=\"async\" src=\"\n\t\t\t\t\t\t\t\t\t\t\t\t\t\t\t\t\t\t\t\t\" alt=\"\n\t\t\t\t\t\t\t\t\t\t\t\t\t\t\t\t\t\t\t\t\t\t\t\t\t\t\t\"> -->\n\t\t\t\t\t\t\t\t<div class=\"card-body\">\n\t\t\t\t\t\t\t\t\t\t\t\t\t\t\t\t\t\t\t<h6>Koiran nuoruus &#8211; vinkkej\u00e4 koiran teini-ik\u00e4\u00e4n<\/h6>\n\t\t\t\t\t\t\t\t\t\t\t\t\t\t\t\t\t\t\t<a href=\"https:\/\/bozita.com\/fi\/koirasi-kehitys\/koiran-nuoruus-vinkkeja-koiran-teini-ikaan\/\">Lue lis\u00e4\u00e4 &nbsp; ><\/a>\n\t\t\t\t\t\t\t\t<\/div>\n\t\t\t\t\t\t\t<\/div>\n\t\t\t\t\t\t<\/div>\n\n\t\t\t\t\t\t\t\t\t\t\t<div class=\"col-sm-6 col-md-6 col-lg-3\">\n\t\t\t\t\t\t\t\t\t\t\t\t\t\t<div class=\"card \">\n\t\t\t\t\t\t\t\t\t\t\t\t\t\t\t\t\t<img decoding=\"async\"  src=\"https:\/\/bozita.com\/fi\/wp-content\/uploads\/sites\/11\/2021\/08\/bozita-hundvalp-ensam-trana.jpeg\" alt=\"\">\n\t\t\t\t\t\t\t\t\t\t\t\t\t\t\t\t\t<!-- <img decoding=\"async\" src=\"\n\t\t\t\t\t\t\t\t\t\t\t\t\t\t\t\t\t\t\t\t\" alt=\"\n\t\t\t\t\t\t\t\t\t\t\t\t\t\t\t\t\t\t\t\t\t\t\t\t\t\t\t\"> -->\n\t\t\t\t\t\t\t\t<div class=\"card-body\">\n\t\t\t\t\t\t\t\t\t\t\t\t\t\t\t\t\t\t\t<h6>Pennun itsen\u00e4isyyden harjoittelu &#8211; kouluta koirasi olemaan yksin<\/h6>\n\t\t\t\t\t\t\t\t\t\t\t\t\t\t\t\t\t\t\t<a href=\"https:\/\/bozita.com\/fi\/koirasi-kehitys\/pennun-itsenaisyyden-harjoittelu-kouluta-koirasi-olemaan-yksin\/\">Lue lis\u00e4\u00e4 &nbsp; ><\/a>\n\t\t\t\t\t\t\t\t<\/div>\n\t\t\t\t\t\t\t<\/div>\n\t\t\t\t\t\t<\/div>\n\n\t\t\t\t\t\t\t\t\t\t\t\t<\/div>\n\t\t<\/div>\n\t<\/section>\n","protected":false},"excerpt":{"rendered":"","protected":false},"author":1,"featured_media":6964,"parent":6554,"menu_order":0,"comment_status":"closed","ping_status":"closed","template":"guternberg.php","meta":{"footnotes":""},"acf":[],"yoast_head":"<!-- This site is optimized with the Yoast SEO plugin v21.3 - https:\/\/yoast.com\/wordpress\/plugins\/seo\/ -->\n<title>Koiran m\u00f6rk\u00f6ik\u00e4 - pelk\u00e4\u00e4k\u00f6 koirasi yht&#039;\u00e4kki\u00e4 kaikkea? - Bozita Finland<\/title>\n<meta name=\"description\" content=\"&quot;M\u00f6rk\u00f6ik\u00e4&quot; voi olla selitys jos koirasi yht&#039;\u00e4kki\u00e4 alkaa pel\u00e4t\u00e4 kaikkea. M\u00f6rk\u00f6ik\u00e4 osuu yleens\u00e4 pennun 5-7 elinkuukaudelle. Lue Bozitan vinkit t\u00e4st\u00e4.\" \/>\n<meta name=\"robots\" content=\"index, follow, max-snippet:-1, max-image-preview:large, max-video-preview:-1\" \/>\n<link rel=\"canonical\" href=\"https:\/\/bozita.com\/fi\/koirasi-kehitys\/koiran-morkoika-pelkaako-koirasi-yhtakkia-kaikkea\/\" \/>\n<meta property=\"og:locale\" content=\"fi_FI\" \/>\n<meta property=\"og:type\" content=\"article\" \/>\n<meta property=\"og:title\" content=\"Koiran m\u00f6rk\u00f6ik\u00e4 - pelk\u00e4\u00e4k\u00f6 koirasi yht&#039;\u00e4kki\u00e4 kaikkea? - Bozita Finland\" \/>\n<meta property=\"og:description\" content=\"&quot;M\u00f6rk\u00f6ik\u00e4&quot; voi olla selitys jos koirasi yht&#039;\u00e4kki\u00e4 alkaa pel\u00e4t\u00e4 kaikkea. M\u00f6rk\u00f6ik\u00e4 osuu yleens\u00e4 pennun 5-7 elinkuukaudelle. Lue Bozitan vinkit t\u00e4st\u00e4.\" \/>\n<meta property=\"og:url\" content=\"https:\/\/bozita.com\/fi\/koirasi-kehitys\/koiran-morkoika-pelkaako-koirasi-yhtakkia-kaikkea\/\" \/>\n<meta property=\"og:site_name\" content=\"Bozita Finland\" \/>\n<meta property=\"article:modified_time\" content=\"2025-03-05T09:58:18+00:00\" \/>\n<meta property=\"og:image\" content=\"https:\/\/bozita.com\/fi\/wp-content\/uploads\/sites\/11\/2021\/08\/bozita-hundvalp-spokalder-plotsliga-radslor.jpeg\" \/>\n\t<meta property=\"og:image:width\" content=\"800\" \/>\n\t<meta property=\"og:image:height\" content=\"533\" \/>\n\t<meta property=\"og:image:type\" content=\"image\/jpeg\" \/>\n<meta name=\"twitter:card\" content=\"summary_large_image\" \/>\n<!-- \/ Yoast SEO plugin. -->","yoast_head_json":{"title":"Koiran m\u00f6rk\u00f6ik\u00e4 - pelk\u00e4\u00e4k\u00f6 koirasi yht'\u00e4kki\u00e4 kaikkea? - Bozita Finland","description":"\"M\u00f6rk\u00f6ik\u00e4\" voi olla selitys jos koirasi yht'\u00e4kki\u00e4 alkaa pel\u00e4t\u00e4 kaikkea. M\u00f6rk\u00f6ik\u00e4 osuu yleens\u00e4 pennun 5-7 elinkuukaudelle. Lue Bozitan vinkit t\u00e4st\u00e4.","robots":{"index":"index","follow":"follow","max-snippet":"max-snippet:-1","max-image-preview":"max-image-preview:large","max-video-preview":"max-video-preview:-1"},"canonical":"https:\/\/bozita.com\/fi\/koirasi-kehitys\/koiran-morkoika-pelkaako-koirasi-yhtakkia-kaikkea\/","og_locale":"fi_FI","og_type":"article","og_title":"Koiran m\u00f6rk\u00f6ik\u00e4 - pelk\u00e4\u00e4k\u00f6 koirasi yht'\u00e4kki\u00e4 kaikkea? - Bozita Finland","og_description":"\"M\u00f6rk\u00f6ik\u00e4\" voi olla selitys jos koirasi yht'\u00e4kki\u00e4 alkaa pel\u00e4t\u00e4 kaikkea. M\u00f6rk\u00f6ik\u00e4 osuu yleens\u00e4 pennun 5-7 elinkuukaudelle. Lue Bozitan vinkit t\u00e4st\u00e4.","og_url":"https:\/\/bozita.com\/fi\/koirasi-kehitys\/koiran-morkoika-pelkaako-koirasi-yhtakkia-kaikkea\/","og_site_name":"Bozita Finland","article_modified_time":"2025-03-05T09:58:18+00:00","og_image":[{"width":800,"height":533,"url":"https:\/\/bozita.com\/fi\/wp-content\/uploads\/sites\/11\/2021\/08\/bozita-hundvalp-spokalder-plotsliga-radslor.jpeg","type":"image\/jpeg"}],"twitter_card":"summary_large_image","schema":{"@context":"https:\/\/schema.org","@graph":[{"@type":"WebPage","@id":"https:\/\/bozita.com\/fi\/koirasi-kehitys\/koiran-morkoika-pelkaako-koirasi-yhtakkia-kaikkea\/","url":"https:\/\/bozita.com\/fi\/koirasi-kehitys\/koiran-morkoika-pelkaako-koirasi-yhtakkia-kaikkea\/","name":"Koiran m\u00f6rk\u00f6ik\u00e4 - pelk\u00e4\u00e4k\u00f6 koirasi yht'\u00e4kki\u00e4 kaikkea? - Bozita Finland","isPartOf":{"@id":"https:\/\/bozita.com\/fi\/#website"},"datePublished":"2022-08-31T07:37:02+00:00","dateModified":"2025-03-05T09:58:18+00:00","description":"\"M\u00f6rk\u00f6ik\u00e4\" voi olla selitys jos koirasi yht'\u00e4kki\u00e4 alkaa pel\u00e4t\u00e4 kaikkea. M\u00f6rk\u00f6ik\u00e4 osuu yleens\u00e4 pennun 5-7 elinkuukaudelle. Lue Bozitan vinkit t\u00e4st\u00e4.","breadcrumb":{"@id":"https:\/\/bozita.com\/fi\/koirasi-kehitys\/koiran-morkoika-pelkaako-koirasi-yhtakkia-kaikkea\/#breadcrumb"},"inLanguage":"fi","potentialAction":[{"@type":"ReadAction","target":["https:\/\/bozita.com\/fi\/koirasi-kehitys\/koiran-morkoika-pelkaako-koirasi-yhtakkia-kaikkea\/"]}]},{"@type":"BreadcrumbList","@id":"https:\/\/bozita.com\/fi\/koirasi-kehitys\/koiran-morkoika-pelkaako-koirasi-yhtakkia-kaikkea\/#breadcrumb","itemListElement":[{"@type":"ListItem","position":1,"name":"Koti","item":"https:\/\/bozita.com\/fi\/"},{"@type":"ListItem","position":2,"name":"Koirasi kehitys","item":"https:\/\/bozita.com\/fi\/koirasi-kehitys\/"},{"@type":"ListItem","position":3,"name":"Koiran m\u00f6rk\u00f6ik\u00e4 &#8211; pelk\u00e4\u00e4k\u00f6 koirasi yht&#8217;\u00e4kki\u00e4 kaikkea?"}]},{"@type":"WebSite","@id":"https:\/\/bozita.com\/fi\/#website","url":"https:\/\/bozita.com\/fi\/","name":"Bozita Finland","description":"","potentialAction":[{"@type":"SearchAction","target":{"@type":"EntryPoint","urlTemplate":"https:\/\/bozita.com\/fi\/?s={search_term_string}"},"query-input":"required name=search_term_string"}],"inLanguage":"fi"}]}},"_links":{"self":[{"href":"https:\/\/bozita.com\/fi\/wp-json\/wp\/v2\/pages\/6963"}],"collection":[{"href":"https:\/\/bozita.com\/fi\/wp-json\/wp\/v2\/pages"}],"about":[{"href":"https:\/\/bozita.com\/fi\/wp-json\/wp\/v2\/types\/page"}],"author":[{"embeddable":true,"href":"https:\/\/bozita.com\/fi\/wp-json\/wp\/v2\/users\/1"}],"replies":[{"embeddable":true,"href":"https:\/\/bozita.com\/fi\/wp-json\/wp\/v2\/comments?post=6963"}],"version-history":[{"count":8,"href":"https:\/\/bozita.com\/fi\/wp-json\/wp\/v2\/pages\/6963\/revisions"}],"predecessor-version":[{"id":11233,"href":"https:\/\/bozita.com\/fi\/wp-json\/wp\/v2\/pages\/6963\/revisions\/11233"}],"up":[{"embeddable":true,"href":"https:\/\/bozita.com\/fi\/wp-json\/wp\/v2\/pages\/6554"}],"wp:featuredmedia":[{"embeddable":true,"href":"https:\/\/bozita.com\/fi\/wp-json\/wp\/v2\/media\/6964"}],"wp:attachment":[{"href":"https:\/\/bozita.com\/fi\/wp-json\/wp\/v2\/media?parent=6963"}],"curies":[{"name":"wp","href":"https:\/\/api.w.org\/{rel}","templated":true}]}}