{"id":6968,"date":"2022-08-31T07:37:14","date_gmt":"2022-08-31T07:37:14","guid":{"rendered":"https:\/\/bozita.com\/fi\/koirien-sienimyrkytykset-ole-varuillasi-metsassa\/"},"modified":"2025-03-05T10:00:06","modified_gmt":"2025-03-05T10:00:06","slug":"koirien-sienimyrkytykset-ole-varuillasi-metsassa","status":"publish","type":"page","link":"https:\/\/bozita.com\/fi\/koirasi-terveys\/koirien-sienimyrkytykset-ole-varuillasi-metsassa\/","title":{"rendered":"Koirien sienimyrkytykset &#8211; ole varuillasi mets\u00e4ss\u00e4"},"content":{"rendered":"\t\t<section class=\"small-hero\">\n\t\t\t<div class=\"container\">\n\t\t\t\t<h1 class=\"small-hero-title\">Koirien sienimyrkytykset &#8211; ole varuillasi mets\u00e4ss\u00e4<\/h1>\t\t\t<\/div>\n\t\t\t<\/div>\n\t\t<\/section>\n\t\n\n\t<div class=\"text-box-warp\">\n\t\t<div class=\"container\">\n\t\t\t<div class=\"text-content\">\n\t\t\t\t<p>Agrian el\u00e4invakuutusten mukaan vuosittain ainakin 50 koiraa Ruotsissa k\u00e4rsii sienimyrkytyksen oireista. Oireet voivat olla lyhytaikaisia ja lievi\u00e4, mutta joissakin tapauksissa myrkytys voi johtaa koiran kuolemaan.<\/p>\n<p>Puut luopuvat lehdist\u00e4\u00e4n, ilma muuttuu sateiseksi ja l\u00e4mp\u00f6tilat laskevat. Syksy on saapunut. P\u00e4ivien lyhentyess\u00e4 osa p\u00e4\u00e4tt\u00e4\u00e4 k\u00e4\u00e4riyty\u00e4 huopaan kotona, kun toiset l\u00e4htev\u00e4t mets\u00e4\u00e4n aarrejahtiin. Sienien poimiminen saa monet l\u00e4htem\u00e4\u00e4n ulos ja my\u00f6s koiralle on vapauttavaa juosta vapaana mets\u00e4ss\u00e4 sinun etsiess\u00e4 mets\u00e4n kultaa. Sinun tulee kuitenkin sieniretken aikana muistaa olla yht\u00e4 valppaana koirasi kuin sienien suhteen. Syyn\u00e4 t\u00e4lle on se, ett\u00e4 mets\u00e4ss\u00e4 on sieni\u00e4, jotka ovat myrkyllisi\u00e4 niin koiralle kuin ihmisille ja koirasi sienimyrkytys voi olla todella vaarallinen. <\/p>\n<h2>SY\u00d6MISEST\u00c4 PIT\u00c4V\u00c4T KOIRAT OVAT SIENIMYRKYTYKSEN RISKIRYHM\u00c4\u00c4<\/h2>\n<p>Joka vuosi noin viisikymment\u00e4 koiraa k\u00e4rsii sienimyrkytyksest\u00e4. Jos olet todella huono-onninen myrkytys voi olla koiran henke\u00e4 uhkaava. Ole erityisen tarkkana jos koirasi rakastaa sy\u00f6mist\u00e4. Toisinaan vain myrkkysienen haistelu tai nuolaiseminen saattaa riitt\u00e4\u00e4 koiran vakavaan myrkytykseen.<\/p>\n<h2>KAIKKI OIREET EIV\u00c4T N\u00c4Y HETI<\/h2>\n<p>Oksentelu ja ripuli ovat tavallisia oireita. Toisissa tapauksissa on vaikea p\u00e4\u00e4tell\u00e4 onko kyseess\u00e4 myrkytys koska aikaa voi kulua ennen koiran sairastumista.<br \/>\nSuippumyrkkyseitikki, yksi pohjolan myrkyllisimmist\u00e4 sienist\u00e4 niin koiralle kuin ihmiselle, on sienilaji, jonka myrkyn aiheuttamat oireet n\u00e4kyv\u00e4t vasta p\u00e4ivi\u00e4 myrkytyksest\u00e4. Se vaikuttaa alkuun maksaan ja kun oireet alkavat n\u00e4ky\u00e4 voivat maksan vahingot jo olla kroonisia tai jopa henke\u00e4 uhkaavia<\/p>\n<h2>KOIRIEN SIENIMYRKYTYKSET &#8211; HAKEUDU EL\u00c4INL\u00c4\u00c4K\u00c4RIIN<\/h2>\n<p>Jos tied\u00e4 mit\u00e4 sient\u00e4 koirasi on sy\u00f6nyt se on hyv\u00e4 ottaa mukaan. Ihmisille myrkylliset sienet ovat yleens\u00e4 my\u00f6s koiralle vaarallisia. Voit lulea <a title=\"Poison Control Centre\" href=\"https:\/\/giftinformation.se\/svampregister\/\" target=\"_blank\" rel=\"noopener\">Myrkyryskeskuksesta<\/a>, lis\u00e4\u00e4 v\u00e4ltett\u00e4vist\u00e4 sienist\u00e4.<\/p>\n<h2>RUOTSIN VAARALLISIMMAT SIENET<\/h2>\n<ul>\n<li><a href=\"https:\/\/giftinformation.se\/svampregister\/rod-flugsvamp\/?listPageId=1563\">Punainen k\u00e4rp\u00e4ssieni<\/a><\/li>\n<li><a href=\"https:\/\/giftinformation.se\/svampregister\/brun-flugsvamp\/?listPageId=1563\">Ruskok\u00e4rp\u00e4ssieni<\/a><\/li>\n<li><a href=\"https:\/\/giftinformation.se\/svampregister\/panterflackig-flugsvamp\/?listPageId=1563\">Pantterik\u00e4rp\u00e4ssieni<\/a><\/li>\n<li><a href=\"https:\/\/giftinformation.se\/svampregister\/vit-flugsvamp\/?listPageId=1563\">Valkoinen k\u00e4rp\u00e4ssieni<\/a><\/li>\n<li><a href=\"https:\/\/giftinformation.se\/svampregister\/lomsk-flugsvamp\/?listPageId=1563\">Kavalak\u00e4rp\u00e4ssieni<\/a><\/li>\n<li><a href=\"https:\/\/giftinformation.se\/svampregister\/orangebrun-giftspindling\/?listPageId=1563\">Myrkkyseitikki<\/a><\/li>\n<li><a href=\"https:\/\/giftinformation.se\/svampregister\/toppig-giftspindling\/?listPageId=1563\">Suippumyrkkyseitikki<\/a><\/li>\n<li><a href=\"https:\/\/giftinformation.se\/svampregister\/stenmurkla\/?listPageId=1563\">Korvasieni<\/a><\/li>\n<\/ul>\n\t\t\t<\/div>\n\t\t<\/div>\n\t<\/div>\n\n\n\n\t<section class=\"block related-articles\">\n\t\t<div class=\"container\">\n\t\t\t<h2>Aiheeseen liittyvi\u00e4 artikkeleita<\/h2>\n\t\t\t<div class=\"row justify-content-center\">\n\t\t\t\t\t\t\t\t\t\t<div class=\"col-sm-6 col-md-6 col-lg-3\">\n\t\t\t\t\t\t\t\t\t\t\t\t\t\t<div class=\"card \">\n\t\t\t\t\t\t\t\t\t\t\t\t\t\t\t\t\t<img decoding=\"async\"  src=\"https:\/\/bozita.com\/fi\/wp-content\/uploads\/sites\/11\/2021\/08\/bozita-algblomning-algforgiftning.jpeg\" alt=\"\">\n\t\t\t\t\t\t\t\t\t\t\t\t\t\t\t\t\t<!-- <img decoding=\"async\" src=\"\n\t\t\t\t\t\t\t\t\t\t\t\t\t\t\t\t\t\t\t\t\" alt=\"\n\t\t\t\t\t\t\t\t\t\t\t\t\t\t\t\t\t\t\t\t\t\t\t\t\t\t\t\"> -->\n\t\t\t\t\t\t\t\t<div class=\"card-body\">\n\t\t\t\t\t\t\t\t\t\t\t\t\t\t\t\t\t\t\t<h6>Lev\u00e4kukinta ja koirat &#8211; mit\u00e4 sinun tulee tiet\u00e4\u00e4<\/h6>\n\t\t\t\t\t\t\t\t\t\t\t\t\t\t\t\t\t\t\t<a href=\"https:\/\/bozita.com\/fi\/koirasi-terveys\/levakukinta-ja-koirat-mita-sinun-tulee-tietaa\/\">Lue lis\u00e4\u00e4 &nbsp; ><\/a>\n\t\t\t\t\t\t\t\t<\/div>\n\t\t\t\t\t\t\t<\/div>\n\t\t\t\t\t\t<\/div>\n\n\t\t\t\t\t\t\t\t\t\t\t<div class=\"col-sm-6 col-md-6 col-lg-3\">\n\t\t\t\t\t\t\t\t\t\t\t\t\t\t<div class=\"card \">\n\t\t\t\t\t\t\t\t\t\t\t\t\t\t\t\t\t<img decoding=\"async\"  src=\"https:\/\/bozita.com\/fi\/wp-content\/uploads\/sites\/11\/2021\/08\/bozita-hund-huggormsbiten.jpeg\" alt=\"\">\n\t\t\t\t\t\t\t\t\t\t\t\t\t\t\t\t\t<!-- <img decoding=\"async\" src=\"\n\t\t\t\t\t\t\t\t\t\t\t\t\t\t\t\t\t\t\t\t\" alt=\"\n\t\t\t\t\t\t\t\t\t\t\t\t\t\t\t\t\t\t\t\t\t\t\t\t\t\t\t\"> -->\n\t\t\t\t\t\t\t\t<div class=\"card-body\">\n\t\t\t\t\t\t\t\t\t\t\t\t\t\t\t\t\t\t\t<h6>K\u00e4\u00e4rmeenpuremat &#8211; Kuinka suojautua<\/h6>\n\t\t\t\t\t\t\t\t\t\t\t\t\t\t\t\t\t\t\t<a href=\"https:\/\/bozita.com\/fi\/koirasi-terveys\/kaarmeenpuremat-kuinka-suojautua\/\">Lue lis\u00e4\u00e4 &nbsp; ><\/a>\n\t\t\t\t\t\t\t\t<\/div>\n\t\t\t\t\t\t\t<\/div>\n\t\t\t\t\t\t<\/div>\n\n\t\t\t\t\t\t\t\t\t\t\t<div class=\"col-sm-6 col-md-6 col-lg-3\">\n\t\t\t\t\t\t\t\t\t\t\t\t\t\t<div class=\"card \">\n\t\t\t\t\t\t\t\t\t\t\t\t\t\t\t\t\t<img decoding=\"async\"  src=\"https:\/\/bozita.com\/fi\/wp-content\/uploads\/sites\/11\/2021\/08\/bozita-hund-vaccinera.jpeg\" alt=\"\">\n\t\t\t\t\t\t\t\t\t\t\t\t\t\t\t\t\t<!-- <img decoding=\"async\" src=\"\n\t\t\t\t\t\t\t\t\t\t\t\t\t\t\t\t\t\t\t\t\" alt=\"\n\t\t\t\t\t\t\t\t\t\t\t\t\t\t\t\t\t\t\t\t\t\t\t\t\t\t\t\"> -->\n\t\t\t\t\t\t\t\t<div class=\"card-body\">\n\t\t\t\t\t\t\t\t\t\t\t\t\t\t\t\t\t\t\t<h6>Koirien ja koiranpentujen rokottaminen<\/h6>\n\t\t\t\t\t\t\t\t\t\t\t\t\t\t\t\t\t\t\t<a href=\"https:\/\/bozita.com\/fi\/koirasi-terveys\/koirien-ja-koiranpentujen-rokottaminen\/\">Lue lis\u00e4\u00e4 &nbsp; ><\/a>\n\t\t\t\t\t\t\t\t<\/div>\n\t\t\t\t\t\t\t<\/div>\n\t\t\t\t\t\t<\/div>\n\n\t\t\t\t\t\t\t\t\t\t\t\t<\/div>\n\t\t<\/div>\n\t<\/section>\n","protected":false},"excerpt":{"rendered":"","protected":false},"author":1,"featured_media":6969,"parent":6550,"menu_order":0,"comment_status":"closed","ping_status":"closed","template":"guternberg.php","meta":{"footnotes":""},"acf":[],"yoast_head":"<!-- This site is optimized with the Yoast SEO plugin v21.3 - https:\/\/yoast.com\/wordpress\/plugins\/seo\/ -->\n<title>Koirien sienimyrkytykset - ole varuillasi mets\u00e4ss\u00e4 - Bozita Finland<\/title>\n<meta name=\"description\" content=\"Myrkylliset sienet voivat aiheuttaa koirallesi sienimyrkytykseen. Jos ep\u00e4ilet koirallasi sienimyrkytyst\u00e4 vie se viipym\u00e4tt\u00e4 el\u00e4inl\u00e4\u00e4k\u00e4riin. Lue t\u00e4st\u00e4 lis\u00e4\u00e4.\" \/>\n<meta name=\"robots\" content=\"index, follow, max-snippet:-1, max-image-preview:large, max-video-preview:-1\" \/>\n<link rel=\"canonical\" href=\"https:\/\/bozita.com\/fi\/koirasi-terveys\/koirien-sienimyrkytykset-ole-varuillasi-metsassa\/\" \/>\n<meta property=\"og:locale\" content=\"fi_FI\" \/>\n<meta property=\"og:type\" content=\"article\" \/>\n<meta property=\"og:title\" content=\"Koirien sienimyrkytykset - ole varuillasi mets\u00e4ss\u00e4 - Bozita Finland\" \/>\n<meta property=\"og:description\" content=\"Myrkylliset sienet voivat aiheuttaa koirallesi sienimyrkytykseen. Jos ep\u00e4ilet koirallasi sienimyrkytyst\u00e4 vie se viipym\u00e4tt\u00e4 el\u00e4inl\u00e4\u00e4k\u00e4riin. Lue t\u00e4st\u00e4 lis\u00e4\u00e4.\" \/>\n<meta property=\"og:url\" content=\"https:\/\/bozita.com\/fi\/koirasi-terveys\/koirien-sienimyrkytykset-ole-varuillasi-metsassa\/\" \/>\n<meta property=\"og:site_name\" content=\"Bozita Finland\" \/>\n<meta property=\"article:modified_time\" content=\"2025-03-05T10:00:06+00:00\" \/>\n<meta property=\"og:image\" content=\"https:\/\/bozita.com\/fi\/wp-content\/uploads\/sites\/11\/2021\/08\/bozita-forgiftning-svamp-hund.jpeg\" \/>\n\t<meta property=\"og:image:width\" content=\"800\" \/>\n\t<meta property=\"og:image:height\" content=\"534\" \/>\n\t<meta property=\"og:image:type\" content=\"image\/jpeg\" \/>\n<meta name=\"twitter:card\" content=\"summary_large_image\" \/>\n<!-- \/ Yoast SEO plugin. -->","yoast_head_json":{"title":"Koirien sienimyrkytykset - ole varuillasi mets\u00e4ss\u00e4 - Bozita Finland","description":"Myrkylliset sienet voivat aiheuttaa koirallesi sienimyrkytykseen. Jos ep\u00e4ilet koirallasi sienimyrkytyst\u00e4 vie se viipym\u00e4tt\u00e4 el\u00e4inl\u00e4\u00e4k\u00e4riin. Lue t\u00e4st\u00e4 lis\u00e4\u00e4.","robots":{"index":"index","follow":"follow","max-snippet":"max-snippet:-1","max-image-preview":"max-image-preview:large","max-video-preview":"max-video-preview:-1"},"canonical":"https:\/\/bozita.com\/fi\/koirasi-terveys\/koirien-sienimyrkytykset-ole-varuillasi-metsassa\/","og_locale":"fi_FI","og_type":"article","og_title":"Koirien sienimyrkytykset - ole varuillasi mets\u00e4ss\u00e4 - Bozita Finland","og_description":"Myrkylliset sienet voivat aiheuttaa koirallesi sienimyrkytykseen. Jos ep\u00e4ilet koirallasi sienimyrkytyst\u00e4 vie se viipym\u00e4tt\u00e4 el\u00e4inl\u00e4\u00e4k\u00e4riin. Lue t\u00e4st\u00e4 lis\u00e4\u00e4.","og_url":"https:\/\/bozita.com\/fi\/koirasi-terveys\/koirien-sienimyrkytykset-ole-varuillasi-metsassa\/","og_site_name":"Bozita Finland","article_modified_time":"2025-03-05T10:00:06+00:00","og_image":[{"width":800,"height":534,"url":"https:\/\/bozita.com\/fi\/wp-content\/uploads\/sites\/11\/2021\/08\/bozita-forgiftning-svamp-hund.jpeg","type":"image\/jpeg"}],"twitter_card":"summary_large_image","schema":{"@context":"https:\/\/schema.org","@graph":[{"@type":"WebPage","@id":"https:\/\/bozita.com\/fi\/koirasi-terveys\/koirien-sienimyrkytykset-ole-varuillasi-metsassa\/","url":"https:\/\/bozita.com\/fi\/koirasi-terveys\/koirien-sienimyrkytykset-ole-varuillasi-metsassa\/","name":"Koirien sienimyrkytykset - ole varuillasi mets\u00e4ss\u00e4 - Bozita Finland","isPartOf":{"@id":"https:\/\/bozita.com\/fi\/#website"},"datePublished":"2022-08-31T07:37:14+00:00","dateModified":"2025-03-05T10:00:06+00:00","description":"Myrkylliset sienet voivat aiheuttaa koirallesi sienimyrkytykseen. Jos ep\u00e4ilet koirallasi sienimyrkytyst\u00e4 vie se viipym\u00e4tt\u00e4 el\u00e4inl\u00e4\u00e4k\u00e4riin. Lue t\u00e4st\u00e4 lis\u00e4\u00e4.","breadcrumb":{"@id":"https:\/\/bozita.com\/fi\/koirasi-terveys\/koirien-sienimyrkytykset-ole-varuillasi-metsassa\/#breadcrumb"},"inLanguage":"fi","potentialAction":[{"@type":"ReadAction","target":["https:\/\/bozita.com\/fi\/koirasi-terveys\/koirien-sienimyrkytykset-ole-varuillasi-metsassa\/"]}]},{"@type":"BreadcrumbList","@id":"https:\/\/bozita.com\/fi\/koirasi-terveys\/koirien-sienimyrkytykset-ole-varuillasi-metsassa\/#breadcrumb","itemListElement":[{"@type":"ListItem","position":1,"name":"Koti","item":"https:\/\/bozita.com\/fi\/"},{"@type":"ListItem","position":2,"name":"Koirasi terveys","item":"https:\/\/bozita.com\/fi\/koirasi-terveys\/"},{"@type":"ListItem","position":3,"name":"Koirien sienimyrkytykset &#8211; ole varuillasi mets\u00e4ss\u00e4"}]},{"@type":"WebSite","@id":"https:\/\/bozita.com\/fi\/#website","url":"https:\/\/bozita.com\/fi\/","name":"Bozita Finland","description":"","potentialAction":[{"@type":"SearchAction","target":{"@type":"EntryPoint","urlTemplate":"https:\/\/bozita.com\/fi\/?s={search_term_string}"},"query-input":"required name=search_term_string"}],"inLanguage":"fi"}]}},"_links":{"self":[{"href":"https:\/\/bozita.com\/fi\/wp-json\/wp\/v2\/pages\/6968"}],"collection":[{"href":"https:\/\/bozita.com\/fi\/wp-json\/wp\/v2\/pages"}],"about":[{"href":"https:\/\/bozita.com\/fi\/wp-json\/wp\/v2\/types\/page"}],"author":[{"embeddable":true,"href":"https:\/\/bozita.com\/fi\/wp-json\/wp\/v2\/users\/1"}],"replies":[{"embeddable":true,"href":"https:\/\/bozita.com\/fi\/wp-json\/wp\/v2\/comments?post=6968"}],"version-history":[{"count":4,"href":"https:\/\/bozita.com\/fi\/wp-json\/wp\/v2\/pages\/6968\/revisions"}],"predecessor-version":[{"id":11237,"href":"https:\/\/bozita.com\/fi\/wp-json\/wp\/v2\/pages\/6968\/revisions\/11237"}],"up":[{"embeddable":true,"href":"https:\/\/bozita.com\/fi\/wp-json\/wp\/v2\/pages\/6550"}],"wp:featuredmedia":[{"embeddable":true,"href":"https:\/\/bozita.com\/fi\/wp-json\/wp\/v2\/media\/6969"}],"wp:attachment":[{"href":"https:\/\/bozita.com\/fi\/wp-json\/wp\/v2\/media?parent=6968"}],"curies":[{"name":"wp","href":"https:\/\/api.w.org\/{rel}","templated":true}]}}