{"id":6973,"date":"2022-08-31T07:37:29","date_gmt":"2022-08-31T07:37:29","guid":{"rendered":"https:\/\/bozita.com\/fi\/koiran-hammaskivi\/"},"modified":"2025-03-05T09:59:23","modified_gmt":"2025-03-05T09:59:23","slug":"koiran-hammaskivi","status":"publish","type":"page","link":"https:\/\/bozita.com\/fi\/koirasi-terveys\/koiran-hammaskivi\/","title":{"rendered":"Koiran hammaskivi"},"content":{"rendered":"\t\t<section class=\"small-hero\">\n\t\t\t<div class=\"container\">\n\t\t\t\t<h1 class=\"small-hero-title\">Koiran hammaskivi<\/h1>\t\t\t<\/div>\n\t\t\t<\/div>\n\t\t<\/section>\n\t\n\n\t<div class=\"text-box-warp\">\n\t\t<div class=\"container\">\n\t\t\t<div class=\"text-content\">\n\t\t\t\t<p><strong>Koiran pysyv\u00e4t hampaat kasvavat sen ollessa noin nelikuinen ja ne pysyv\u00e4t koko koiran el\u00e4m\u00e4n. Hyv\u00e4n suun terveyden kannalta on t\u00e4rke\u00e4\u00e4 v\u00e4ltt\u00e4\u00e4 hammaskivi\u00e4 ja muita suun ongelmia. Paras keino t\u00e4h\u00e4n on koiran hampaiden s\u00e4\u00e4nn\u00f6llinen harjaaminen. Tarkista my\u00f6s koiran hampaat, purenta ja suu s\u00e4\u00e4nn\u00f6llisesti. Suun ongelmat aiheuttavat usein koirille lievi\u00e4 tai ei mit\u00e4\u00e4n oireita, joten ongelmia voi olla vaikea havaita.<\/strong><\/p>\n<h2>PID\u00c4 HUOLTA KOIRAN HAMPAISTA JA SUUN HYGIENIASTA<\/h2>\n<p>Koiran pysyvien hampaat kest\u00e4v\u00e4t hyv\u00e4ll\u00e4 huolenpidolla koko sen el\u00e4m\u00e4n. <\/p>\n<p>Tee koiran hampaiden harjaamisesta sek\u00e4 suun ja hampaiden tarkastamisesta s\u00e4\u00e4nn\u00f6llinen rutiini. Aloita harjoittelu katsomalla koiran suuhun sen ollessa pentu. Koiran on my\u00f6s hyv\u00e4 saada pureskella asioita hammaskiven v\u00e4ltt\u00e4miseksi, mutta pureskelu ei korvaa hampaiden harjaamista. V\u00e4lt\u00e4 liian kovia ydinluita, jotka voivat vahingoittaa koiran hampaita.<\/p>\n<p>Suun ongelmat aiheuttavat usein koirille lievi\u00e4 tai ei mit\u00e4\u00e4n oireita, joten ongelmia voi olla vaikea havaita. Ongelmien merkkin\u00e4 voi olla koiran halu sy\u00f6d\u00e4 kovan ruoan sijasta pehme\u00e4\u00e4 ruokaa, pureskelu vain toisella puolella tai ei lainkaan, pahanhajuinen hengitys ja liiallinen kuolaaminen, huono ruokahalu tai heiluvat hampaat. Ota yhteytt\u00e4 el\u00e4inl\u00e4\u00e4k\u00e4riin jos ep\u00e4ilet ongelmia.<\/p>\n<h2>HARJAA KOIRAN HAMPAAT HAMMASHARJALLA HAMMASKIVEN V\u00c4LTT\u00c4MISEKSI<\/h2>\n<p>My\u00f6s koirat saavat hampaisiinsa plakkia ruoant\u00e4hteist\u00e4 ja syljest\u00e4. Poistamattomasta plakista muodostuu hammaskive\u00e4, joka voi aiheuttaa koiralle vakavia ongelmia kuten ientulehduksia tai hampaiden irtoamista. Alttius hammaskivelle on yksil\u00f6llist\u00e4. Rodut, joilla on tiiviisti yhdess\u00e4 olevat hampaat saattavat todenn\u00e4k\u00f6isemmin saada hammaskive\u00e4. Vanhemmilla koirilla on kohonnut hammaskiven riski. Kevyen hammaskiven voi poistaa koiran hampaista harjaamalla niit\u00e4 hammasharjalla, mutta sitke\u00e4mpi hammaskivi t\u00e4ytyy poistaa nukutuksessa el\u00e4inl\u00e4\u00e4k\u00e4rin toimesta. <\/p>\n<p>Paras tapaa pit\u00e4\u00e4 koirasi suu terveen\u00e4 ja v\u00e4ltt\u00e4\u00e4 hammaskivi on rutiininomainen hampaiden harjaaminen ja koiran suun puhdistaminen plakista. Aloita kun koira on pentu, totuta koirasi hammasharjaan ja tee harjaamisesta s\u00e4\u00e4nn\u00f6llinen tapa. Alkuun 10 sekunnin harjaaminen saattaa riitt\u00e4\u00e4. Pidenn\u00e4 aikaa asteittain kunnes voit harjata kaikki koiran hampaat kiirehtim\u00e4tt\u00e4. <\/p>\n<p>Koirille on olemassa hyv\u00e4ntuoksuista ja -makuista hammastahnaa, mutta mekaaniset liikkeet ovat t\u00e4rkein asia. \u00c4l\u00e4 k\u00e4yt\u00e4 ihmisille suunniteltua hammastahnaa, koska sen sis\u00e4lt\u00e4m\u00e4 fluori ja muuta ainesosat voivat olla koiralle haitallisia. Mit\u00e4 hammasharjan valintaan tulee, voit valita melkein mink\u00e4 tahansa hammasharjan. Koirille on my\u00f6s suunniteltu erityisi\u00e4 hammasharjoja, joilla on helpompi tavoittaa koiran suun kaikki osat.<\/p>\n<p>Koirasi hampaiden tulisi olla valkoiset ja ienten vaaleanpunaiset. Koiran suussa voi olla tummempaa pigmentti\u00e4, aivan kuten ihossa ja turkissa.<\/p>\n<h2>PENNUN HAMPAAT<\/h2>\n<p>Koiran pentuhampaat alkavat puhjeta sen ollessa noin kolme viikkoa vanha. T\u00e4m\u00e4 tapahtuu yleens\u00e4 samaan aikaan kun emon maidontuotanto v\u00e4henee. Kaikki pentuhampaat ovat puhjenneet kuuden viikon ik\u00e4\u00e4n menness\u00e4. Kaikkiaan pennulla on 28 hammasta, 14 yl\u00e4leuassa ja 14 alaleuassa. Yl\u00e4leuan kulmahampaat puhkeavat yleens\u00e4 ensimm\u00e4isin\u00e4, niiden j\u00e4lkeen tulee yleens\u00e4 kuusi etuhammasta. Poskihampaat puhkeavat usein ensin alaleukaan.<\/p>\n<h2>KOIRAN PYSYV\u00c4T HAMPAAT<\/h2>\n<p>Koirasi ollessa noin nelikuinen pentuhampaiden tilalle kasvaa aikuisen koiran hampaat. Kaikki pysyv\u00e4t hampaat, yhteens\u00e4 42, ovat yleens\u00e4 puhjenneet koiran ollessa noin kuuden kuukauden ik\u00e4inen.<\/p>\n<p>Varmista, ett\u00e4 hampaat kasvavat odotetusti. Joskus pysyv\u00e4 hammas voi kasvaa maitohampaan viereen, t\u00e4t\u00e4 kutsutaan pysyv\u00e4ksi maitohampaaksi. Ilmi\u00f6 on pienill\u00e4 roduilla yleisempi. Ota aina yhteys el\u00e4inl\u00e4\u00e4k\u00e4riin pysyvien maitohampaiden poistamiseksi. Tilanpuute suussa voi johtaa tulehduksiin ja hammaskiveen koirasi hampaissa. El\u00e4inl\u00e4\u00e4k\u00e4ri n\u00e4kee my\u00f6s jos hampaita puuttuu ja havaitsee purentaongelmat jo aikaisessa vaiheessa.<\/p>\n<p>Pennun halu pureskella esineit\u00e4 lis\u00e4\u00e4ntyy juuri ennen hampaanvaihtoa. Hampaiden vaihtuessa pennun suu voi olla niin arka, ett\u00e4 ruokahalu v\u00e4liaikaisesti v\u00e4henee. Voit helpottaa prosessia liottamalla kuivaruokaa vedess\u00e4 tai vaihtamalla pehme\u00e4mp\u00e4\u00e4n ravintoon v\u00e4liaikaisesti.<\/p>\n<ul>\n<li><a title=\"Wet food\" href=\"https:\/\/bozita.com\/fi\/bozita-koirien-markaruoka\/?lang=fi\">Bozita koiran m\u00e4rk\u00e4ruoka<\/a><\/li>\n<\/ul>\n<p>Koiran hampaan juurikanavat sulkeutuvat sen ollessa 1,5-2 vuotta vanha. Ennen t\u00e4t\u00e4 sen hampaat ovat hauraammat. \u00c4l\u00e4 siis anna koiralle liian kovia luita tai pyyd\u00e4 niit\u00e4 noutamaan painavia asioita koiran ollessa nuori.<\/p>\n<h2>KOIRAN HYV\u00c4 PURENTA ON T\u00c4RKE\u00c4<\/h2>\n<p>Koiran purennan on t\u00e4rke\u00e4 olla kunnossa, jotta siit\u00e4 ei muodostu ongelmia, kuten hampaiden ylim\u00e4\u00e4r\u00e4ist\u00e4 rasitusta, kipua tai sy\u00f6misongelmia.<\/p>\n<p>Koiran sulkiessa leukansa yl\u00e4leuan etuhampaiden pit\u00e4isi koskea alaleuan etuhampaisiin, yl\u00e4hampaiden ollessa hieman alahampaiden edess\u00e4.<\/p>\n<h2>KOIRIEN HAMPAIDEN TOIMINTA<\/h2>\n<p>Aikuisella koiralla on 42 hammasta: 12 etuhammasta, 4 kulmahammasta, 16 etuposkihammasta ja 10 takaposkihammasta.<\/p>\n<p>Koirasi k\u00e4ytt\u00e4\u00e4 12 etuhammastaan (kuusi ylh\u00e4\u00e4ll\u00e4, kuusi alhaalla) jyrsi\u00e4kseen luusta lihaa tai raapiakseen.<\/p>\n<p>Kulmahampaat (2 ylh\u00e4\u00e4ll\u00e4, 2 alhaalla) tai &#8221;torahampaat&#8221; ovat koiran pisimm\u00e4t hampaat ja niit\u00e4 se k\u00e4ytt\u00e4\u00e4 tarttuakseen asioihin ja pit\u00e4\u00e4kseen ne aloillaan. Koira k\u00e4ytt\u00e4\u00e4 kulmahampaitaan my\u00f6s tapellessaan ja ne voivat aiheuttaa syvi\u00e4 haavoja. Koiran hampaan juuret ovat eritt\u00e4in pitk\u00e4t ja ne ovat lujasti kiinni. <\/p>\n<p>Etuposkihampaita on 16 (8 ylh\u00e4\u00e4ll\u00e4, 8 alhaalla). Koira k\u00e4ytt\u00e4\u00e4 n\u00e4it\u00e4 p\u00e4\u00e4asiassa tarttumiseen, takaposkihampaat ovat muotonsa takana hyv\u00e4t jauhamiseen ja pureskeluun. Takaposkihampaita on 10, 4 yl\u00e4leuassa ja 6 alaleuassa. Niiss\u00e4 on suuri purupinta ja koira k\u00e4ytt\u00e4\u00e4 niit\u00e4 ruoan murskaamiseen ja jauhamiseen. <\/p>\n<p>Alaleuan kahta suurinta takahammasta ja yl\u00e4leuan kahta suurinta takahammasta kutsutaan saalistushampaiksi. Hampaat ovat eritt\u00e4in vahvoja.<\/p>\n\t\t\t<\/div>\n\t\t<\/div>\n\t<\/div>\n\n\n\n\t<section class=\"block related-articles\">\n\t\t<div class=\"container\">\n\t\t\t<h2>Aiheeseen liittyvi\u00e4 artikkeleita<\/h2>\n\t\t\t<div class=\"row justify-content-center\">\n\t\t\t\t\t\t\t\t\t\t<div class=\"col-sm-6 col-md-6 col-lg-3\">\n\t\t\t\t\t\t\t\t\t\t\t\t\t\t<div class=\"card \">\n\t\t\t\t\t\t\t\t\t\t\t\t\t\t\t\t\t<img decoding=\"async\"  src=\"https:\/\/bozita.com\/fi\/wp-content\/uploads\/sites\/11\/2021\/06\/bozita-avmaska-hundvalp-hund.jpg\" alt=\"\">\n\t\t\t\t\t\t\t\t\t\t\t\t\t\t\t\t\t<!-- <img decoding=\"async\" src=\"\n\t\t\t\t\t\t\t\t\t\t\t\t\t\t\t\t\t\t\t\t\" alt=\"\n\t\t\t\t\t\t\t\t\t\t\t\t\t\t\t\t\t\t\t\t\t\t\t\t\t\t\t\"> -->\n\t\t\t\t\t\t\t\t<div class=\"card-body\">\n\t\t\t\t\t\t\t\t\t\t\t\t\t\t\t\t\t\t\t<h6>Koirien ja pentujen madottaminen<\/h6>\n\t\t\t\t\t\t\t\t\t\t\t\t\t\t\t\t\t\t\t<a href=\"https:\/\/bozita.com\/fi\/koirasi-terveys\/koirien-ja-pentujen-madottaminen\/\">Lue lis\u00e4\u00e4 &nbsp; ><\/a>\n\t\t\t\t\t\t\t\t<\/div>\n\t\t\t\t\t\t\t<\/div>\n\t\t\t\t\t\t<\/div>\n\n\t\t\t\t\t\t\t\t\t\t\t<div class=\"col-sm-6 col-md-6 col-lg-3\">\n\t\t\t\t\t\t\t\t\t\t\t\t\t\t<div class=\"card \">\n\t\t\t\t\t\t\t\t\t\t\t\t\t\t\t\t\t<img decoding=\"async\"  src=\"https:\/\/bozita.com\/fi\/wp-content\/uploads\/sites\/11\/2021\/08\/bozita-hund-vaccinera.jpeg\" alt=\"\">\n\t\t\t\t\t\t\t\t\t\t\t\t\t\t\t\t\t<!-- <img decoding=\"async\" src=\"\n\t\t\t\t\t\t\t\t\t\t\t\t\t\t\t\t\t\t\t\t\" alt=\"\n\t\t\t\t\t\t\t\t\t\t\t\t\t\t\t\t\t\t\t\t\t\t\t\t\t\t\t\"> -->\n\t\t\t\t\t\t\t\t<div class=\"card-body\">\n\t\t\t\t\t\t\t\t\t\t\t\t\t\t\t\t\t\t\t<h6>Koirien ja koiranpentujen rokottaminen<\/h6>\n\t\t\t\t\t\t\t\t\t\t\t\t\t\t\t\t\t\t\t<a href=\"https:\/\/bozita.com\/fi\/koirasi-terveys\/koirien-ja-koiranpentujen-rokottaminen\/\">Lue lis\u00e4\u00e4 &nbsp; ><\/a>\n\t\t\t\t\t\t\t\t<\/div>\n\t\t\t\t\t\t\t<\/div>\n\t\t\t\t\t\t<\/div>\n\n\t\t\t\t\t\t\t\t\t\t\t<div class=\"col-sm-6 col-md-6 col-lg-3\">\n\t\t\t\t\t\t\t\t\t\t\t\t\t\t<div class=\"card \">\n\t\t\t\t\t\t\t\t\t\t\t\t\t\t\t\t\t<img decoding=\"async\"  src=\"https:\/\/bozita.com\/fi\/wp-content\/uploads\/sites\/11\/2021\/08\/bozita-new-wet-food-range-for-dogs.jpeg\" alt=\"\">\n\t\t\t\t\t\t\t\t\t\t\t\t\t\t\t\t\t<!-- <img decoding=\"async\" src=\"\n\t\t\t\t\t\t\t\t\t\t\t\t\t\t\t\t\t\t\t\t\" alt=\"\n\t\t\t\t\t\t\t\t\t\t\t\t\t\t\t\t\t\t\t\t\t\t\t\t\t\t\t\"> -->\n\t\t\t\t\t\t\t\t<div class=\"card-body\">\n\t\t\t\t\t\t\t\t\t\t\t\t\t\t\t\t\t\t\t<h6>Bozita koirien m\u00e4rk\u00e4ruoka<\/h6>\n\t\t\t\t\t\t\t\t\t\t\t\t\t\t\t\t\t\t\t<a href=\"https:\/\/bozita.com\/fi\/bozita-koirien-markaruoka\/\">Lue lis\u00e4\u00e4 &nbsp; ><\/a>\n\t\t\t\t\t\t\t\t<\/div>\n\t\t\t\t\t\t\t<\/div>\n\t\t\t\t\t\t<\/div>\n\n\t\t\t\t\t\t\t\t\t\t\t\t<\/div>\n\t\t<\/div>\n\t<\/section>\n","protected":false},"excerpt":{"rendered":"","protected":false},"author":1,"featured_media":6974,"parent":6550,"menu_order":0,"comment_status":"closed","ping_status":"closed","template":"guternberg.php","meta":{"footnotes":""},"acf":[],"yoast_head":"<!-- This site is optimized with the Yoast SEO plugin v21.3 - https:\/\/yoast.com\/wordpress\/plugins\/seo\/ -->\n<title>Koiran hammaskivi - Bozita Finland<\/title>\n<meta name=\"description\" content=\"Harjaa koirasi hampaat p\u00e4ivitt\u00e4in ehk\u00e4ist\u00e4ksesi koiran hammaskivet. Lue t\u00e4st\u00e4 lis\u00e4\u00e4 koirasi hammasterveydest\u00e4, pennun hampaista, koirien hammasharjoista ja niiden hampaiden harjaamisesta.\" \/>\n<meta name=\"robots\" content=\"index, follow, max-snippet:-1, max-image-preview:large, max-video-preview:-1\" \/>\n<link rel=\"canonical\" href=\"https:\/\/bozita.com\/fi\/koirasi-terveys\/koiran-hammaskivi\/\" \/>\n<meta property=\"og:locale\" content=\"fi_FI\" \/>\n<meta property=\"og:type\" content=\"article\" \/>\n<meta property=\"og:title\" content=\"Koiran hammaskivi - Bozita Finland\" \/>\n<meta property=\"og:description\" content=\"Harjaa koirasi hampaat p\u00e4ivitt\u00e4in ehk\u00e4ist\u00e4ksesi koiran hammaskivet. Lue t\u00e4st\u00e4 lis\u00e4\u00e4 koirasi hammasterveydest\u00e4, pennun hampaista, koirien hammasharjoista ja niiden hampaiden harjaamisesta.\" \/>\n<meta property=\"og:url\" content=\"https:\/\/bozita.com\/fi\/koirasi-terveys\/koiran-hammaskivi\/\" \/>\n<meta property=\"og:site_name\" content=\"Bozita Finland\" \/>\n<meta property=\"article:modified_time\" content=\"2025-03-05T09:59:23+00:00\" \/>\n<meta property=\"og:image\" content=\"https:\/\/bozita.com\/fi\/wp-content\/uploads\/sites\/11\/2021\/08\/bozita-hund-borsta-tander-hygien.jpeg\" \/>\n\t<meta property=\"og:image:width\" content=\"800\" \/>\n\t<meta property=\"og:image:height\" content=\"533\" \/>\n\t<meta property=\"og:image:type\" content=\"image\/jpeg\" \/>\n<meta name=\"twitter:card\" content=\"summary_large_image\" \/>\n<!-- \/ Yoast SEO plugin. -->","yoast_head_json":{"title":"Koiran hammaskivi - Bozita Finland","description":"Harjaa koirasi hampaat p\u00e4ivitt\u00e4in ehk\u00e4ist\u00e4ksesi koiran hammaskivet. Lue t\u00e4st\u00e4 lis\u00e4\u00e4 koirasi hammasterveydest\u00e4, pennun hampaista, koirien hammasharjoista ja niiden hampaiden harjaamisesta.","robots":{"index":"index","follow":"follow","max-snippet":"max-snippet:-1","max-image-preview":"max-image-preview:large","max-video-preview":"max-video-preview:-1"},"canonical":"https:\/\/bozita.com\/fi\/koirasi-terveys\/koiran-hammaskivi\/","og_locale":"fi_FI","og_type":"article","og_title":"Koiran hammaskivi - Bozita Finland","og_description":"Harjaa koirasi hampaat p\u00e4ivitt\u00e4in ehk\u00e4ist\u00e4ksesi koiran hammaskivet. Lue t\u00e4st\u00e4 lis\u00e4\u00e4 koirasi hammasterveydest\u00e4, pennun hampaista, koirien hammasharjoista ja niiden hampaiden harjaamisesta.","og_url":"https:\/\/bozita.com\/fi\/koirasi-terveys\/koiran-hammaskivi\/","og_site_name":"Bozita Finland","article_modified_time":"2025-03-05T09:59:23+00:00","og_image":[{"width":800,"height":533,"url":"https:\/\/bozita.com\/fi\/wp-content\/uploads\/sites\/11\/2021\/08\/bozita-hund-borsta-tander-hygien.jpeg","type":"image\/jpeg"}],"twitter_card":"summary_large_image","schema":{"@context":"https:\/\/schema.org","@graph":[{"@type":"WebPage","@id":"https:\/\/bozita.com\/fi\/koirasi-terveys\/koiran-hammaskivi\/","url":"https:\/\/bozita.com\/fi\/koirasi-terveys\/koiran-hammaskivi\/","name":"Koiran hammaskivi - Bozita Finland","isPartOf":{"@id":"https:\/\/bozita.com\/fi\/#website"},"datePublished":"2022-08-31T07:37:29+00:00","dateModified":"2025-03-05T09:59:23+00:00","description":"Harjaa koirasi hampaat p\u00e4ivitt\u00e4in ehk\u00e4ist\u00e4ksesi koiran hammaskivet. Lue t\u00e4st\u00e4 lis\u00e4\u00e4 koirasi hammasterveydest\u00e4, pennun hampaista, koirien hammasharjoista ja niiden hampaiden harjaamisesta.","breadcrumb":{"@id":"https:\/\/bozita.com\/fi\/koirasi-terveys\/koiran-hammaskivi\/#breadcrumb"},"inLanguage":"fi","potentialAction":[{"@type":"ReadAction","target":["https:\/\/bozita.com\/fi\/koirasi-terveys\/koiran-hammaskivi\/"]}]},{"@type":"BreadcrumbList","@id":"https:\/\/bozita.com\/fi\/koirasi-terveys\/koiran-hammaskivi\/#breadcrumb","itemListElement":[{"@type":"ListItem","position":1,"name":"Koti","item":"https:\/\/bozita.com\/fi\/"},{"@type":"ListItem","position":2,"name":"Koirasi terveys","item":"https:\/\/bozita.com\/fi\/koirasi-terveys\/"},{"@type":"ListItem","position":3,"name":"Koiran hammaskivi"}]},{"@type":"WebSite","@id":"https:\/\/bozita.com\/fi\/#website","url":"https:\/\/bozita.com\/fi\/","name":"Bozita Finland","description":"","potentialAction":[{"@type":"SearchAction","target":{"@type":"EntryPoint","urlTemplate":"https:\/\/bozita.com\/fi\/?s={search_term_string}"},"query-input":"required name=search_term_string"}],"inLanguage":"fi"}]}},"_links":{"self":[{"href":"https:\/\/bozita.com\/fi\/wp-json\/wp\/v2\/pages\/6973"}],"collection":[{"href":"https:\/\/bozita.com\/fi\/wp-json\/wp\/v2\/pages"}],"about":[{"href":"https:\/\/bozita.com\/fi\/wp-json\/wp\/v2\/types\/page"}],"author":[{"embeddable":true,"href":"https:\/\/bozita.com\/fi\/wp-json\/wp\/v2\/users\/1"}],"replies":[{"embeddable":true,"href":"https:\/\/bozita.com\/fi\/wp-json\/wp\/v2\/comments?post=6973"}],"version-history":[{"count":4,"href":"https:\/\/bozita.com\/fi\/wp-json\/wp\/v2\/pages\/6973\/revisions"}],"predecessor-version":[{"id":11235,"href":"https:\/\/bozita.com\/fi\/wp-json\/wp\/v2\/pages\/6973\/revisions\/11235"}],"up":[{"embeddable":true,"href":"https:\/\/bozita.com\/fi\/wp-json\/wp\/v2\/pages\/6550"}],"wp:featuredmedia":[{"embeddable":true,"href":"https:\/\/bozita.com\/fi\/wp-json\/wp\/v2\/media\/6974"}],"wp:attachment":[{"href":"https:\/\/bozita.com\/fi\/wp-json\/wp\/v2\/media?parent=6973"}],"curies":[{"name":"wp","href":"https:\/\/api.w.org\/{rel}","templated":true}]}}