{"id":6978,"date":"2022-08-31T07:38:04","date_gmt":"2022-08-31T07:38:04","guid":{"rendered":"https:\/\/bozita.com\/fi\/kissan-hankinta\/"},"modified":"2025-03-04T08:09:18","modified_gmt":"2025-03-04T08:09:18","slug":"kissan-hankinta","status":"publish","type":"page","link":"https:\/\/bozita.com\/fi\/kissan-hankinta\/","title":{"rendered":"Kissan hankinta"},"content":{"rendered":"\n\t\t<section class=\"small-hero-with-image\">\n\t\t\t\t\t\t\t<img decoding=\"async\" class=\"background-image\" src=\"https:\/\/bozita.com\/fi\/wp-content\/uploads\/sites\/11\/2021\/08\/Bozita_Kitten_lax_optimized-new-a.png\" alt=\"\">\n\t\t\t\t\t\t\t<div class=\"overlay-v1 \">\n\t\t\t\t<div class=\"container\">\n\t\t\t\t\t<div class=\"row\">\n\t\t\t\t\t\t<div class=\"col-md-6 col-lg-5\">\n\t\t\t\t\t\t\t<h5>Tietoa<\/h5><h1>Kissan hankinta<\/h1>\t\t\t\t\t\t<\/div>\n\t\t\t\t\t<\/div>\n\t\t\t\t<\/div>\n\t\t\t<\/div>\n\t\t<\/section>\n\t\t\n\n\t<div class=\"text-box-warp\">\n\t\t<div class=\"container\">\n\t\t\t<div class=\"text-content\">\n\t\t\t\t<p>Suunnitteletko kissan ostamista tai adoptoimista? Pohdi asiaa huolella, ja lue kuinka parhaiten <a title=\"Cat health\" href=\"https:\/\/bozita.com\/fi\/pida-kissasi-terveena\/?lang=fi\" data-udi=\"umb:\/\/document\/5b96708448464f75a3c99297d5068226\"><u>huolehdit kissastasi<\/u><\/a>. Oletko valmis huolehtimaan kissasta monien tulevien vuosien ajan? S\u00f6p\u00f6 kissanpentu kasvaa ja kehittyy, ja terveen\u00e4 se voi el\u00e4\u00e4 reilusti yli 15 vuotta. Onko sinulla ajalliset ja taloudelliset resurssit kissan omistamiseen? Kissan kanssa tulee viett\u00e4\u00e4 aikaa ja kustannuksia tulee paitsi kissanruoasta ja kissanhiekasta, my\u00f6s el\u00e4inl\u00e4\u00e4k\u00e4rik\u00e4ynneist\u00e4, mahdollisista vakuutuksista jne. Kun olet harkinnut tarkasti kissan hankintaa, saattaa her\u00e4t\u00e4 kysymyksi\u00e4: kuinka l\u00f6yd\u00e4n vastuullisen kasvattajan, valitsenko urosksen vai naaraan, kissanpennun vaiko aikuisen kissan. Oletko aikeissa hankkia kissan, tai olet jo tuore kissanomistaja? Valmistaudu el\u00e4m\u00e4\u00e4n kissan kanssa, jotta saatte yhteiselle el\u00e4m\u00e4llenne mahdollisimman hyv\u00e4n alun.<\/p>\n<h2><a href=\"https:\/\/bozita.com\/fi\/kissan-totuttaminen-uuteen-kotiin\/?lang=fi\">Kissan totuttaminen uuteen kotiin<\/a><\/h2>\n<p>On paljon huomioitavaa, kun tuot kissan uuteen kotiin. Kissanomistajana haluat varmistaa, ett\u00e4 sinulla on oikeaa tietoa kissan tarpeista ja k\u00e4ytt\u00e4ytymisest\u00e4, ja ett\u00e4 noudatat my\u00f6s lemmikinomistajia koskevia lakeja. Olemme luoneet kaksi tarkistuslistaa helpottamaan kissan totuttamista uuteen kotiin. Ne sis\u00e4lt\u00e4v\u00e4t my\u00f6s k\u00e4yt\u00e4nn\u00f6n neuvoja siit\u00e4, miten kissan saa asettumaan ja tuntemaan olonsa kotoisaksi.<\/p>\n<h2><a href=\"https:\/\/bozita.com\/fi\/kissan-laatikkoharjoittelu\/?lang=fi\">N\u00e4in opetat kissan sis\u00e4siistiksi<\/a><\/h2>\n<p>Kissat ovat tunnetusti siistej\u00e4 el\u00e4imi\u00e4 eik\u00e4 kissan opettaminen kissanhiekkalaatikolla yleens\u00e4 ole kovinkaan vaikeaa. On kuitenkin muutamia seikkoja, joita kannattaa ajatella kun opetat kissaa k\u00e4ytt\u00e4m\u00e4\u00e4n kissanhiekkalaatikkoa uudessa kodissaan.<\/p>\n<h2><a href=\"https:\/\/bozita.com\/fi\/kuinka-pitkaan-kissa-voi-olla-yksin\/?lang=fi\">Kuinka pitk\u00e4\u00e4n kissa voi olla yksin?<\/a><\/h2>\n<p>Toisinaan kissanomistajien t\u00e4ytyy matkojen ajaksi j\u00e4tt\u00e4\u00e4 kissa kotiin, mutta yleiss\u00e4\u00e4nt\u00f6 on, ett\u00e4 kissa ei pysty huolehtimaan itsest\u00e4\u00e4n pitki\u00e4 aikoja. Laki el\u00e4inten hyvinvoinnista m\u00e4\u00e4ritt\u00e4\u00e4, ett\u00e4 kissan vointi on tarkastettava v\u00e4hint\u00e4\u00e4n kerran vuorokaudessa, tarvittaessa useamminkin. Terveen kissan tulisi my\u00f6s tavata ihmisi\u00e4 v\u00e4hint\u00e4\u00e4n kahdesti p\u00e4iv\u00e4ss\u00e4, ei vain ruoan ja juoman, vaan my\u00f6s sosiaalisen kontaktin takia.<\/p>\n<h2><a href=\"https:\/\/bozita.com\/fi\/miksi-sinun-tulisi-tunnistusmerkita-kissasi\/?lang=fi\">N\u00e4ist\u00e4 syist\u00e4 kissa pit\u00e4\u00e4 tunnistusmerkit\u00e4<\/a><\/h2>\n<p>Kissan tunnistusmerkitseminen itsesi rekister\u00f6iminen sen omistajaksi lis\u00e4\u00e4 mahdollisuuksia saada kissa takaisin kotiin jos se karkaa tai joutuu onnettomuuteen. Jos aiot matkustaa kissasi kanssa ulkomaille se pit\u00e4\u00e4 lain mukaan siruttaa.<\/p>\n<h2><a href=\"https:\/\/bozita.com\/fi\/koska-voit-paastaa-kissanpennun-ulos-ensimmaista-kertaa\/?lang=fi\">Koska kissanpennun voi p\u00e4\u00e4st\u00e4\u00e4 ensimm\u00e4isen kerran ulos?<\/a><\/h2>\n<p>Jos haluat kissastasi ulkokissan on t\u00e4rke\u00e4\u00e4, ett\u00e4 se ei mene ulos ennen kuin se on kokemukseen valmis ja olet varma, ett\u00e4 se on kissalle turvallista. Anna kissan olla ulkona vain lyhyit\u00e4 hetki\u00e4 alkuun, etenkin jos se on pentu.<\/p>\n\t\t\t<\/div>\n\t\t<\/div>\n\t<\/div>\n","protected":false},"excerpt":{"rendered":"","protected":false},"author":1,"featured_media":6979,"parent":0,"menu_order":0,"comment_status":"closed","ping_status":"closed","template":"guternberg.php","meta":{"footnotes":""},"acf":[],"yoast_head":"<!-- This site is optimized with the Yoast SEO plugin v21.3 - https:\/\/yoast.com\/wordpress\/plugins\/seo\/ -->\n<title>Kissan hankinta - Bozita Finland<\/title>\n<meta name=\"description\" content=\"Kissan ostaminen tai adoptoiminen vaatii v\u00e4h\u00e4n valmisteluja. Bozita auttaa sinua katsomaan asiaa monelta suunnalta.\" \/>\n<meta name=\"robots\" content=\"index, follow, max-snippet:-1, max-image-preview:large, max-video-preview:-1\" \/>\n<link rel=\"canonical\" href=\"https:\/\/bozita.com\/fi\/kissan-hankinta\/\" \/>\n<meta property=\"og:locale\" content=\"fi_FI\" \/>\n<meta property=\"og:type\" content=\"article\" \/>\n<meta property=\"og:title\" content=\"Kissan hankinta - Bozita Finland\" \/>\n<meta property=\"og:description\" content=\"Kissan ostaminen tai adoptoiminen vaatii v\u00e4h\u00e4n valmisteluja. Bozita auttaa sinua katsomaan asiaa monelta suunnalta.\" \/>\n<meta property=\"og:url\" content=\"https:\/\/bozita.com\/fi\/kissan-hankinta\/\" \/>\n<meta property=\"og:site_name\" content=\"Bozita Finland\" \/>\n<meta property=\"article:modified_time\" content=\"2025-03-04T08:09:18+00:00\" \/>\n<meta property=\"og:image\" content=\"https:\/\/bozita.com\/fi\/wp-content\/uploads\/sites\/11\/2021\/08\/Bozita_Kitten_lax_optimized-new.png\" \/>\n\t<meta property=\"og:image:width\" content=\"600\" \/>\n\t<meta property=\"og:image:height\" content=\"401\" \/>\n\t<meta property=\"og:image:type\" content=\"image\/png\" \/>\n<meta name=\"twitter:card\" content=\"summary_large_image\" \/>\n<!-- \/ Yoast SEO plugin. -->","yoast_head_json":{"title":"Kissan hankinta - Bozita Finland","description":"Kissan ostaminen tai adoptoiminen vaatii v\u00e4h\u00e4n valmisteluja. Bozita auttaa sinua katsomaan asiaa monelta suunnalta.","robots":{"index":"index","follow":"follow","max-snippet":"max-snippet:-1","max-image-preview":"max-image-preview:large","max-video-preview":"max-video-preview:-1"},"canonical":"https:\/\/bozita.com\/fi\/kissan-hankinta\/","og_locale":"fi_FI","og_type":"article","og_title":"Kissan hankinta - Bozita Finland","og_description":"Kissan ostaminen tai adoptoiminen vaatii v\u00e4h\u00e4n valmisteluja. Bozita auttaa sinua katsomaan asiaa monelta suunnalta.","og_url":"https:\/\/bozita.com\/fi\/kissan-hankinta\/","og_site_name":"Bozita Finland","article_modified_time":"2025-03-04T08:09:18+00:00","og_image":[{"width":600,"height":401,"url":"https:\/\/bozita.com\/fi\/wp-content\/uploads\/sites\/11\/2021\/08\/Bozita_Kitten_lax_optimized-new.png","type":"image\/png"}],"twitter_card":"summary_large_image","schema":{"@context":"https:\/\/schema.org","@graph":[{"@type":"WebPage","@id":"https:\/\/bozita.com\/fi\/kissan-hankinta\/","url":"https:\/\/bozita.com\/fi\/kissan-hankinta\/","name":"Kissan hankinta - Bozita Finland","isPartOf":{"@id":"https:\/\/bozita.com\/fi\/#website"},"datePublished":"2022-08-31T07:38:04+00:00","dateModified":"2025-03-04T08:09:18+00:00","description":"Kissan ostaminen tai adoptoiminen vaatii v\u00e4h\u00e4n valmisteluja. Bozita auttaa sinua katsomaan asiaa monelta suunnalta.","breadcrumb":{"@id":"https:\/\/bozita.com\/fi\/kissan-hankinta\/#breadcrumb"},"inLanguage":"fi","potentialAction":[{"@type":"ReadAction","target":["https:\/\/bozita.com\/fi\/kissan-hankinta\/"]}]},{"@type":"BreadcrumbList","@id":"https:\/\/bozita.com\/fi\/kissan-hankinta\/#breadcrumb","itemListElement":[{"@type":"ListItem","position":1,"name":"Koti","item":"https:\/\/bozita.com\/fi\/"},{"@type":"ListItem","position":2,"name":"Kissan hankinta"}]},{"@type":"WebSite","@id":"https:\/\/bozita.com\/fi\/#website","url":"https:\/\/bozita.com\/fi\/","name":"Bozita Finland","description":"","potentialAction":[{"@type":"SearchAction","target":{"@type":"EntryPoint","urlTemplate":"https:\/\/bozita.com\/fi\/?s={search_term_string}"},"query-input":"required name=search_term_string"}],"inLanguage":"fi"}]}},"_links":{"self":[{"href":"https:\/\/bozita.com\/fi\/wp-json\/wp\/v2\/pages\/6978"}],"collection":[{"href":"https:\/\/bozita.com\/fi\/wp-json\/wp\/v2\/pages"}],"about":[{"href":"https:\/\/bozita.com\/fi\/wp-json\/wp\/v2\/types\/page"}],"author":[{"embeddable":true,"href":"https:\/\/bozita.com\/fi\/wp-json\/wp\/v2\/users\/1"}],"replies":[{"embeddable":true,"href":"https:\/\/bozita.com\/fi\/wp-json\/wp\/v2\/comments?post=6978"}],"version-history":[{"count":9,"href":"https:\/\/bozita.com\/fi\/wp-json\/wp\/v2\/pages\/6978\/revisions"}],"predecessor-version":[{"id":11175,"href":"https:\/\/bozita.com\/fi\/wp-json\/wp\/v2\/pages\/6978\/revisions\/11175"}],"wp:featuredmedia":[{"embeddable":true,"href":"https:\/\/bozita.com\/fi\/wp-json\/wp\/v2\/media\/6979"}],"wp:attachment":[{"href":"https:\/\/bozita.com\/fi\/wp-json\/wp\/v2\/media?parent=6978"}],"curies":[{"name":"wp","href":"https:\/\/api.w.org\/{rel}","templated":true}]}}