{"id":6989,"date":"2022-08-31T07:39:01","date_gmt":"2022-08-31T07:39:01","guid":{"rendered":"https:\/\/bozita.com\/fi\/koirien-ja-koiranpentujen-rokottaminen\/"},"modified":"2025-03-05T09:59:46","modified_gmt":"2025-03-05T09:59:46","slug":"koirien-ja-koiranpentujen-rokottaminen","status":"publish","type":"page","link":"https:\/\/bozita.com\/fi\/koirasi-terveys\/koirien-ja-koiranpentujen-rokottaminen\/","title":{"rendered":"Koirien ja koiranpentujen rokottaminen"},"content":{"rendered":"\t\t<section class=\"small-hero\">\n\t\t\t<div class=\"container\">\n\t\t\t\t<h1 class=\"small-hero-title\">Koirien ja koiranpentujen rokottaminen<\/h1>\t\t\t<\/div>\n\t\t\t<\/div>\n\t\t<\/section>\n\t\n\n\t<div class=\"text-box-warp\">\n\t\t<div class=\"container\">\n\t\t\t<div class=\"text-content\">\n\t\t\t\t<p><strong>Rokottamalla koirasi v\u00e4lt\u00e4t turhia sairauksia ja hillitset niiden levi\u00e4mist\u00e4. Pentu rokotetaan yleens\u00e4 kasvattajan toimesta ennen kuin haet sen, mutta t\u00e4m\u00e4n j\u00e4lkeen rokotuksista huolehtiminen on uuden omistajan vastuulla. N\u00e4yttely- ja kilpakoirille on omat, osallistumista edellytt\u00e4v\u00e4t, s\u00e4\u00e4nn\u00f6t ja jos haluat matkustaa koirasi kanssa ulkomaille, selvit\u00e4 mitk\u00e4 s\u00e4\u00e4nn\u00f6t p\u00e4tev\u00e4t maahan tullessa ja l\u00e4htiess\u00e4.<\/strong><\/p>\n<h2>ROKOTA KOIRASI PARVOVIRUSTA, PENIKKATAUTIA JA HEPATIITTIA VASTAAN<\/h2>\n<p>Koirasi ensimm\u00e4iset rokotteet annetaan sen ollessa pentu. Koirien tulisi saada ensimm\u00e4iset rokotukset parvovirusta, penikkatautia ja hepatiittia vastaan niiden ollessa 7-8 viikon ik\u00e4isi\u00e4. Koska pentua ei eroteta emostaan ennen kahdeksan viikon ik\u00e4\u00e4, kasvasttaja huolehtii normaalisti n\u00e4ist\u00e4 rokotteista. Sopimuksessa pentua ostaessa on luettava, ett\u00e4 pentu on rokotettu. Lis\u00e4ksi el\u00e4inl\u00e4\u00e4k\u00e4rin kirjoittama rokotustodistus on luovutettava oston yhteydess\u00e4. Jos kasvattaja ei syyst\u00e4 tai toisesta ole rokottanut koiraa, uuden omistajan on pidett\u00e4v\u00e4 huoli siit\u00e4, ett\u00e4 koira saa rokotuksensa mahdollisimman pian. Rokotukset tulisi uusia koiran ollessa 12 viikon ja vuoden ik\u00e4inen. Riitt\u00e4v\u00e4n suojan saavuttamiseksi rokotusten t\u00e4ytyy olla s\u00e4\u00e4nn\u00f6llisi\u00e4. Suositeltu aikav\u00e4li koiran rokottamiselle on kolme vuotta. Rokottaminen parvovirusta, penikkatautia ja hepatiittia vastaan on erityisen t\u00e4rke\u00e4\u00e4 jos koirasi viett\u00e4\u00e4 aikaa paikoissa, joissa on paljon muita koiria, esimerkiksi koirapuistoissa, kilpailuissa tai n\u00e4yttelyiss\u00e4.<\/p>\n<h3>KOIRIEN PARVOVIRUS<\/h3>\n<p>Parvovirus (tunnetaan yleisesti nimell\u00e4 parvo) vaikuttaa p\u00e4\u00e4asiassa koiriin ja on eritt\u00e4in tarttuva. Pennut ovat erityisen haavoittuvia. Oksentelu, ripuli ja korkea kuume ovat tyypilliisi\u00e4 oireita. Parvovirusta on koiran ulosteessa ja se voi selvit\u00e4 tarttuvana pitk\u00e4n ajan sek\u00e4 sis\u00e4- ett\u00e4 ulkotiloissa. Korkean rokotusasteen vuoksi parvovirusta esiintyy harvoin ruotsalaisilla koirilla.<\/p>\n<h3>KOIRIEN PENIKKATAUTI<\/h3>\n<p>Penikkataudin saa yleens\u00e4 2-18 kuukauden ik\u00e4inen koira. Virusta on kuonon ja korvien eritteiss\u00e4 ja se levi\u00e4\u00e4 joko suoraan koiralta toiselle tai ep\u00e4suoraan ihmisten ja esineiden kautta. Taudin ensioireet ovat korkea kuume, velttous ja huono ruokahalu. My\u00f6h\u00e4isempiin oireisiin kuuluvat oksentelu, ripuli, silmien eritteet, ankara ysk\u00e4 ja m\u00e4rkiv\u00e4 ihottuma. Joskus my\u00f6s keskushermosto oireilee. Pennun rokottaminen aikaisessa vaiheessa on t\u00e4rke\u00e4\u00e4. Korkean rokotusasteen vuoksi penikkatautia esiintyy harvoin ruotsalaisilla koirilla.<\/p>\n<h3>KOIRIEN HEPATIITTI<\/h3>\n<p>Rokota koirasi hepatiittia vastaan. Koirien tarttuvan hepatiitin (HCC, hepatitis contagiosa canis) aiheuttaa virus, joka levi\u00e4\u00e4 useiden ruumiineritteiden v\u00e4lityksell\u00e4. Tavallisia oireita ovat ripuli, pahoinvointi ja vatsakipu, joka vaikuttaa koiran haluun liikkua.Suun ja silmien limakalvot ovat kalpeat ja\/tai keltaiset. Verenvuoto ja niskan, p\u00e4\u00e4n ja vartalon turvotus ovat my\u00f6s tavallisia. Vakava silm\u00e4tulehdus ei ole ep\u00e4tavallinen. T\u00e4st\u00e4 huolimatta, tietyt tartuttavat koirat ovat t\u00e4ysin oireettomia. Korkean rokotusasteen vuoksi koirien hepatiittia esiintyy harvoin ruotsalaisilla koirilla.<\/p>\n<h2>ROKOTA KOIRASI KENNELYSK\u00c4\u00c4 VASTAN<\/h2>\n<p>Kennelysk\u00e4ksi nimitet\u00e4\u00e4n hinkuysk\u00e4n kaltaisia oireita koirilla. Tyypillinen oire on akuutti ysk\u00e4nkohtaus, joka saattaa johtaa pahoinvointiin tai siihen, ett\u00e4 koira oksentaa valkoista limaa. Lyhyit\u00e4 kuumehuippuja saattaa my\u00f6s esiinty\u00e4. Koirat, jotka asuvat ymp\u00e4rist\u00f6ss\u00e4, jossa on paljon muita koiria tulisi rokottaa vuosittain. Vaikka tauti ei ole henke\u00e4 uhkaava, se on koiralle \u00e4\u00e4rimm\u00e4isen vaikea ja my\u00f6s eritt\u00e4in tarttuva. Rokote ei suojaa kaikkia kennelysk\u00e4\u00e4 aiheuttavia tartuttajia vastaan, mutta koirasi rokottaminen pienent\u00e4\u00e4 koirasi riski\u00e4 saada tauti ja tekee my\u00f6s oireista huomattavasti lievempi\u00e4.<\/p>\n<h2>KILPAKOIRIEN ROKOTTAMINEN<\/h2>\n<p>Kilpailuihin ja n\u00e4yttelyihin osallistuvien koirien on noudatettava erityisi\u00e4 s\u00e4\u00e4nt\u00f6j\u00e4 saadakseen osallistua. Lis\u00e4tietoa saat Ruotsin kennelliiton kipailu- ja mestaruuss\u00e4\u00e4nn\u00f6ist\u00e4, osiosta yleiset ohjeet kilpailuihin ja n\u00e4yttelyihin, kohta 1 Rokotukset.<\/p>\n<li><a title=\"The Swedish Kennel Club's show and championship rules\" href=\"https:\/\/www.skk.se\/sv\/Vara-dokument\/Regler--riktlinjer\/Utstallnings--och-championatregler\/\" target=\"_blank\" rel=\"noopener\">Ruotsin kennelliiton kipailu- ja mestaruuss\u00e4\u00e4nn\u00f6ist\u00e4<\/a><\/li>\n<\/ul>\n<h2>KOIRASI ROKOTTAMINEN ULKOMAANMATKOJA VARTEN<\/h2>\n<p>Kun matkustat ulkomaille on \u00e4\u00e4rimm\u00e4isen t\u00e4rke\u00e4\u00e4 selvitt\u00e4\u00e4 mitk\u00e4 rokotuss\u00e4\u00e4nn\u00f6t p\u00e4tev\u00e4t koirasi saapuessa ja l\u00e4htiess\u00e4 eri maista. Voit olla yhteydess\u00e4 maan suurl\u00e4hetyst\u00f6\u00f6n tietoja varten ja my\u00f6s kysy\u00e4 el\u00e4inl\u00e4\u00e4k\u00e4rilt\u00e4. Tietyt rokotteet pit\u00e4\u00e4 ottaa hyviss\u00e4 ajoin ennen matkaa. Muista, ett\u00e4 tietyiss\u00e4 maissa on tauteja, joita ei Ruotsissa ja ole ja jotka voivat my\u00f6s tarttua ihmiseen.<\/p>\n<ul>\n<li><a title=\"Travel abroad with a dog, Swedish Kennel Club\" href=\"https:\/\/www.skk.se\/sv\/hundagande\/tips-och-rad\/att-resa-med-hund\/resa-utomlands\/\" target=\"_blank\" rel=\"noopener\">Lue lis\u00e4\u00e4  ulkomaille matkustamisesta Ruotsin kennelliiton sivuilta<\/a><\/li>\n<\/ul>\n\t\t\t<\/div>\n\t\t<\/div>\n\t<\/div>\n\n\n\n\t<section class=\"block related-articles\">\n\t\t<div class=\"container\">\n\t\t\t<h2>Aiheeseen liittyvi\u00e4 artikkeleita<\/h2>\n\t\t\t<div class=\"row justify-content-center\">\n\t\t\t\t\t\t\t\t\t\t<div class=\"col-sm-6 col-md-6 col-lg-3\">\n\t\t\t\t\t\t\t\t\t\t\t\t\t\t<div class=\"card \">\n\t\t\t\t\t\t\t\t\t\t\t\t\t\t\t\t\t<img decoding=\"async\"  src=\"https:\/\/bozita.com\/fi\/wp-content\/uploads\/sites\/11\/2021\/06\/bozita-avmaska-hundvalp-hund.jpg\" alt=\"\">\n\t\t\t\t\t\t\t\t\t\t\t\t\t\t\t\t\t<!-- <img decoding=\"async\" src=\"\n\t\t\t\t\t\t\t\t\t\t\t\t\t\t\t\t\t\t\t\t\" alt=\"\n\t\t\t\t\t\t\t\t\t\t\t\t\t\t\t\t\t\t\t\t\t\t\t\t\t\t\t\"> -->\n\t\t\t\t\t\t\t\t<div class=\"card-body\">\n\t\t\t\t\t\t\t\t\t\t\t\t\t\t\t\t\t\t\t<h6>Koirien ja pentujen madottaminen<\/h6>\n\t\t\t\t\t\t\t\t\t\t\t\t\t\t\t\t\t\t\t<a href=\"https:\/\/bozita.com\/fi\/koirasi-terveys\/koirien-ja-pentujen-madottaminen\/\">Lue lis\u00e4\u00e4 &nbsp; ><\/a>\n\t\t\t\t\t\t\t\t<\/div>\n\t\t\t\t\t\t\t<\/div>\n\t\t\t\t\t\t<\/div>\n\n\t\t\t\t\t\t\t\t\t\t\t<div class=\"col-sm-6 col-md-6 col-lg-3\">\n\t\t\t\t\t\t\t\t\t\t\t\t\t\t<div class=\"card \">\n\t\t\t\t\t\t\t\t\t\t\t\t\t\t\t\t\t<img decoding=\"async\"  src=\"https:\/\/bozita.com\/fi\/wp-content\/uploads\/sites\/11\/2021\/08\/bozita-forgiftning-svamp-hund.jpeg\" alt=\"\">\n\t\t\t\t\t\t\t\t\t\t\t\t\t\t\t\t\t<!-- <img decoding=\"async\" src=\"\n\t\t\t\t\t\t\t\t\t\t\t\t\t\t\t\t\t\t\t\t\" alt=\"\n\t\t\t\t\t\t\t\t\t\t\t\t\t\t\t\t\t\t\t\t\t\t\t\t\t\t\t\"> -->\n\t\t\t\t\t\t\t\t<div class=\"card-body\">\n\t\t\t\t\t\t\t\t\t\t\t\t\t\t\t\t\t\t\t<h6>Koirien sienimyrkytykset &#8211; ole varuillasi mets\u00e4ss\u00e4<\/h6>\n\t\t\t\t\t\t\t\t\t\t\t\t\t\t\t\t\t\t\t<a href=\"https:\/\/bozita.com\/fi\/koirasi-terveys\/koirien-sienimyrkytykset-ole-varuillasi-metsassa\/\">Lue lis\u00e4\u00e4 &nbsp; ><\/a>\n\t\t\t\t\t\t\t\t<\/div>\n\t\t\t\t\t\t\t<\/div>\n\t\t\t\t\t\t<\/div>\n\n\t\t\t\t\t\t\t\t\t\t\t<div class=\"col-sm-6 col-md-6 col-lg-3\">\n\t\t\t\t\t\t\t\t\t\t\t\t\t\t<div class=\"card \">\n\t\t\t\t\t\t\t\t\t\t\t\t\t\t\t\t\t<img decoding=\"async\"  src=\"https:\/\/bozita.com\/fi\/wp-content\/uploads\/sites\/11\/2021\/08\/bozita-algblomning-algforgiftning.jpeg\" alt=\"\">\n\t\t\t\t\t\t\t\t\t\t\t\t\t\t\t\t\t<!-- <img decoding=\"async\" src=\"\n\t\t\t\t\t\t\t\t\t\t\t\t\t\t\t\t\t\t\t\t\" alt=\"\n\t\t\t\t\t\t\t\t\t\t\t\t\t\t\t\t\t\t\t\t\t\t\t\t\t\t\t\"> -->\n\t\t\t\t\t\t\t\t<div class=\"card-body\">\n\t\t\t\t\t\t\t\t\t\t\t\t\t\t\t\t\t\t\t<h6>Lev\u00e4kukinta ja koirat &#8211; mit\u00e4 sinun tulee tiet\u00e4\u00e4<\/h6>\n\t\t\t\t\t\t\t\t\t\t\t\t\t\t\t\t\t\t\t<a href=\"https:\/\/bozita.com\/fi\/koirasi-terveys\/levakukinta-ja-koirat-mita-sinun-tulee-tietaa\/\">Lue lis\u00e4\u00e4 &nbsp; ><\/a>\n\t\t\t\t\t\t\t\t<\/div>\n\t\t\t\t\t\t\t<\/div>\n\t\t\t\t\t\t<\/div>\n\n\t\t\t\t\t\t\t\t\t\t\t\t<\/div>\n\t\t<\/div>\n\t<\/section>\n","protected":false},"excerpt":{"rendered":"","protected":false},"author":1,"featured_media":6990,"parent":6550,"menu_order":0,"comment_status":"closed","ping_status":"closed","template":"guternberg.php","meta":{"footnotes":""},"acf":[],"yoast_head":"<!-- This site is optimized with the Yoast SEO plugin v21.3 - https:\/\/yoast.com\/wordpress\/plugins\/seo\/ -->\n<title>Koirien ja koiranpentujen rokottaminen - Bozita Finland<\/title>\n<meta name=\"description\" content=\"Neuvoja koirien ja koiranpentujen rokottamiseen. Kuinka usein ja koska koira tulisi rokottaa? On t\u00e4rke\u00e4\u00e4 rokottaa koira penikkatautia, parvovirusta ja hepatiittia vastaan.\" \/>\n<meta name=\"robots\" content=\"index, follow, max-snippet:-1, max-image-preview:large, max-video-preview:-1\" \/>\n<link rel=\"canonical\" href=\"https:\/\/bozita.com\/fi\/koirasi-terveys\/koirien-ja-koiranpentujen-rokottaminen\/\" \/>\n<meta property=\"og:locale\" content=\"fi_FI\" \/>\n<meta property=\"og:type\" content=\"article\" \/>\n<meta property=\"og:title\" content=\"Koirien ja koiranpentujen rokottaminen - Bozita Finland\" \/>\n<meta property=\"og:description\" content=\"Neuvoja koirien ja koiranpentujen rokottamiseen. Kuinka usein ja koska koira tulisi rokottaa? On t\u00e4rke\u00e4\u00e4 rokottaa koira penikkatautia, parvovirusta ja hepatiittia vastaan.\" \/>\n<meta property=\"og:url\" content=\"https:\/\/bozita.com\/fi\/koirasi-terveys\/koirien-ja-koiranpentujen-rokottaminen\/\" \/>\n<meta property=\"og:site_name\" content=\"Bozita Finland\" \/>\n<meta property=\"article:modified_time\" content=\"2025-03-05T09:59:46+00:00\" \/>\n<meta property=\"og:image\" content=\"https:\/\/bozita.com\/fi\/wp-content\/uploads\/sites\/11\/2021\/08\/bozita-hund-vaccinera.jpeg\" \/>\n\t<meta property=\"og:image:width\" content=\"800\" \/>\n\t<meta property=\"og:image:height\" content=\"532\" \/>\n\t<meta property=\"og:image:type\" content=\"image\/jpeg\" \/>\n<meta name=\"twitter:card\" content=\"summary_large_image\" \/>\n<!-- \/ Yoast SEO plugin. -->","yoast_head_json":{"title":"Koirien ja koiranpentujen rokottaminen - Bozita Finland","description":"Neuvoja koirien ja koiranpentujen rokottamiseen. Kuinka usein ja koska koira tulisi rokottaa? On t\u00e4rke\u00e4\u00e4 rokottaa koira penikkatautia, parvovirusta ja hepatiittia vastaan.","robots":{"index":"index","follow":"follow","max-snippet":"max-snippet:-1","max-image-preview":"max-image-preview:large","max-video-preview":"max-video-preview:-1"},"canonical":"https:\/\/bozita.com\/fi\/koirasi-terveys\/koirien-ja-koiranpentujen-rokottaminen\/","og_locale":"fi_FI","og_type":"article","og_title":"Koirien ja koiranpentujen rokottaminen - Bozita Finland","og_description":"Neuvoja koirien ja koiranpentujen rokottamiseen. Kuinka usein ja koska koira tulisi rokottaa? On t\u00e4rke\u00e4\u00e4 rokottaa koira penikkatautia, parvovirusta ja hepatiittia vastaan.","og_url":"https:\/\/bozita.com\/fi\/koirasi-terveys\/koirien-ja-koiranpentujen-rokottaminen\/","og_site_name":"Bozita Finland","article_modified_time":"2025-03-05T09:59:46+00:00","og_image":[{"width":800,"height":532,"url":"https:\/\/bozita.com\/fi\/wp-content\/uploads\/sites\/11\/2021\/08\/bozita-hund-vaccinera.jpeg","type":"image\/jpeg"}],"twitter_card":"summary_large_image","schema":{"@context":"https:\/\/schema.org","@graph":[{"@type":"WebPage","@id":"https:\/\/bozita.com\/fi\/koirasi-terveys\/koirien-ja-koiranpentujen-rokottaminen\/","url":"https:\/\/bozita.com\/fi\/koirasi-terveys\/koirien-ja-koiranpentujen-rokottaminen\/","name":"Koirien ja koiranpentujen rokottaminen - Bozita Finland","isPartOf":{"@id":"https:\/\/bozita.com\/fi\/#website"},"datePublished":"2022-08-31T07:39:01+00:00","dateModified":"2025-03-05T09:59:46+00:00","description":"Neuvoja koirien ja koiranpentujen rokottamiseen. Kuinka usein ja koska koira tulisi rokottaa? On t\u00e4rke\u00e4\u00e4 rokottaa koira penikkatautia, parvovirusta ja hepatiittia vastaan.","breadcrumb":{"@id":"https:\/\/bozita.com\/fi\/koirasi-terveys\/koirien-ja-koiranpentujen-rokottaminen\/#breadcrumb"},"inLanguage":"fi","potentialAction":[{"@type":"ReadAction","target":["https:\/\/bozita.com\/fi\/koirasi-terveys\/koirien-ja-koiranpentujen-rokottaminen\/"]}]},{"@type":"BreadcrumbList","@id":"https:\/\/bozita.com\/fi\/koirasi-terveys\/koirien-ja-koiranpentujen-rokottaminen\/#breadcrumb","itemListElement":[{"@type":"ListItem","position":1,"name":"Koti","item":"https:\/\/bozita.com\/fi\/"},{"@type":"ListItem","position":2,"name":"Koirasi terveys","item":"https:\/\/bozita.com\/fi\/koirasi-terveys\/"},{"@type":"ListItem","position":3,"name":"Koirien ja koiranpentujen rokottaminen"}]},{"@type":"WebSite","@id":"https:\/\/bozita.com\/fi\/#website","url":"https:\/\/bozita.com\/fi\/","name":"Bozita Finland","description":"","potentialAction":[{"@type":"SearchAction","target":{"@type":"EntryPoint","urlTemplate":"https:\/\/bozita.com\/fi\/?s={search_term_string}"},"query-input":"required name=search_term_string"}],"inLanguage":"fi"}]}},"_links":{"self":[{"href":"https:\/\/bozita.com\/fi\/wp-json\/wp\/v2\/pages\/6989"}],"collection":[{"href":"https:\/\/bozita.com\/fi\/wp-json\/wp\/v2\/pages"}],"about":[{"href":"https:\/\/bozita.com\/fi\/wp-json\/wp\/v2\/types\/page"}],"author":[{"embeddable":true,"href":"https:\/\/bozita.com\/fi\/wp-json\/wp\/v2\/users\/1"}],"replies":[{"embeddable":true,"href":"https:\/\/bozita.com\/fi\/wp-json\/wp\/v2\/comments?post=6989"}],"version-history":[{"count":4,"href":"https:\/\/bozita.com\/fi\/wp-json\/wp\/v2\/pages\/6989\/revisions"}],"predecessor-version":[{"id":11236,"href":"https:\/\/bozita.com\/fi\/wp-json\/wp\/v2\/pages\/6989\/revisions\/11236"}],"up":[{"embeddable":true,"href":"https:\/\/bozita.com\/fi\/wp-json\/wp\/v2\/pages\/6550"}],"wp:featuredmedia":[{"embeddable":true,"href":"https:\/\/bozita.com\/fi\/wp-json\/wp\/v2\/media\/6990"}],"wp:attachment":[{"href":"https:\/\/bozita.com\/fi\/wp-json\/wp\/v2\/media?parent=6989"}],"curies":[{"name":"wp","href":"https:\/\/api.w.org\/{rel}","templated":true}]}}