{"id":6994,"date":"2022-08-31T07:39:24","date_gmt":"2022-08-31T07:39:24","guid":{"rendered":"https:\/\/bozita.com\/fi\/kissasi-rokottaminen\/"},"modified":"2025-03-05T08:59:55","modified_gmt":"2025-03-05T08:59:55","slug":"kissasi-rokottaminen","status":"publish","type":"page","link":"https:\/\/bozita.com\/fi\/pida-kissasi-terveena\/kissasi-rokottaminen\/","title":{"rendered":"Kissasi rokottaminen"},"content":{"rendered":"\t\t<section class=\"small-hero\">\n\t\t\t<div class=\"container\">\n\t\t\t\t<h1 class=\"small-hero-title\">Kissasi rokottaminen<\/h1>\t\t\t<\/div>\n\t\t\t<\/div>\n\t\t<\/section>\n\t\n\n\t<div class=\"text-box-warp\">\n\t\t<div class=\"container\">\n\t\t\t<div class=\"text-content\">\n\t\t\t\t<p><strong>Kissasi rokottaminen on t\u00e4rke\u00e4\u00e4 niin sinun kuin muille kissoille. Rokottamalla kissasi pienenn\u00e4t sairauksen, kuten FPLV ja kissojen flunssan riski\u00e4 ja hillitset niiden levi\u00e4mist\u00e4.<\/strong><\/p>\n<h2>V\u00c4LT\u00c4 TAUDIT ROKOTTAMALLA KISSASI<\/h2>\n<p>FPLV on tavallinen ja eritt\u00e4in vakava parvoviruksen aiheuttama ruoansulatuselimist\u00f6n tauti. Se on eritt\u00e4in tarttuva ja sairastuneilla kissoilla on korkea kuolleisuusaste, joten kissasi rokottaminen on todella t\u00e4rke\u00e4\u00e4. Virus tarttuu yleens\u00e4 kontaktista sairastuneen kissan ulosteisiin ja on siksi eritt\u00e4in tavallinen.<\/p>\n<p>Kissan flunssan oireisiin kuuluu, ihmisten flunssan lailla, muun muassa ysk\u00e4, kuume, lihas- ja nieves\u00e4ryt, suun haavaumat ja hengitysvaikeudet. T\u00e4m\u00e4 on viel\u00e4 FPLV:a tavallisempi tauti ja sen aiheuttaja on yleens\u00e4 herpes- tai calicivirus. My\u00f6s t\u00e4m\u00e4 on tarttuva tauti ja kissasi rokottaminen sit\u00e4 vastaan on t\u00e4rke\u00e4\u00e4. Infektio levi\u00e4\u00e4 yleens\u00e4 kuonon, suun ja syljen kautta. Otollisissa olosuhteissa virus voi selvit\u00e4 jopa viikkoja, joten kissojen ei tarvitse edes kohdata viruksen v\u00e4littymiseen.<\/p>\n<h2>KOSKA KISSANPENTU PIT\u00c4ISI ROKOTTAA?<\/h2>\n<p>Rokota kissasi ensimm\u00e4isen kerran seitsem\u00e4n-kahdeksan viikon vanhana ja uudestaan viikolla 12. Tarkista kasvattajalta milloin ja mit\u00e4 tauteja vastaan kissa on saanut rokotuksia ennen kuin tuot sen kotiin. \u00c4l\u00e4 pid\u00e4 asioita itsest\u00e4\u00e4nselvin\u00e4 ja ota yhteytt\u00e4 el\u00e4inl\u00e4\u00e4k\u00e4riin jos sinulla on ep\u00e4ilyksi\u00e4.<\/p>\n<h2>KUINKA USEIN KISSA PIT\u00c4\u00c4 ROKOTTAA?<\/h2>\n<p>Kuinka usein kissa pit\u00e4\u00e4 rokottaa riippuu el\u00e4inl\u00e4\u00e4k\u00e4riaseman k\u00e4ytt\u00e4m\u00e4st\u00e4 rokotteesta, joten tarkista aina asia el\u00e4inl\u00e4\u00e4k\u00e4rilt\u00e4si. Tietyt rokotevalmistajat suosittelevat vuosittaisia rokotteita, toisten rokotteiden antavan suojaa jopa kolmen vuoden ajan.<\/p>\n<p>Sivuvaikutuksia saattaa ilmaantua p\u00e4iv\u00e4n-kaksi rokotuksen j\u00e4lkeen. Ne ovat yleens\u00e4 rokotuskohdan turvotusta, joskus my\u00f6s kuumetta. T\u00e4m\u00e4 on tavallista ja vaaratonta.<\/p>\n<h2>KISSAN ROKOTTAMINEN ULKOMAANMATKAA VARTEN<\/h2>\n<p>Kissalle pit\u00e4\u00e4 antaa ylim\u00e4\u00e4r\u00e4isi\u00e4 rokotteita jos se on l\u00e4hd\u00f6ss\u00e4 ulkomaille. Ruotsin perusrokotteet suojaavat FPLV:ta ja kissan flunssaa vastaan. Tietyiss\u00e4 EU maissa kissalta vaaditaan verikoe v\u00e4hint\u00e4\u00e4n 120 p\u00e4iv\u00e4\u00e4 rokotuksen j\u00e4lkeen, jotta riitt\u00e4v\u00e4st\u00e4 suojasta voidaan olla varmoja. Jos matkustat EU:ssa kissalla pit\u00e4\u00e4 olla voimassaolevat rokotukset ja sen pit\u00e4\u00e4 olla perusteellisesti rokotettu rabiesta vastaan.<\/p>\n<p>Ota yhteytt\u00e4 el\u00e4inl\u00e4\u00e4k\u00e4riin selvitt\u00e4\u00e4ksesi mit\u00e4 rokotteita kohdemaasi vaatii ja rokota kissasi hyviss\u00e4 ajoin ennen matkaa.<\/p>\n<h2>MY\u00d6S SIS\u00c4KISSAT TARVITSEVAT ROKOTTEITA<\/h2>\n<p>On t\u00e4rke\u00e4\u00e4 rokottaa niin sis\u00e4- kuin ulkokissat. Vaikka kissasi pysyttelisi p\u00e4\u00e4asiassa kotona sill\u00e4 on riski sairastua tavallisiin tauteihin. Suojaamaton sis\u00e4kissa voi sairastua kenkien tai vaatteiden mukana tulevista taudin aiheuttajista, kuten esimerkiksi ulosteesta.<\/p>\n\t\t\t<\/div>\n\t\t<\/div>\n\t<\/div>\n\n\n\n\t<section class=\"block related-articles\">\n\t\t<div class=\"container\">\n\t\t\t<h2>Aiheeseen liittyvi\u00e4 artikkeleita<\/h2>\n\t\t\t<div class=\"row justify-content-center\">\n\t\t\t\t\t\t\t\t\t\t<div class=\"col-sm-6 col-md-6 col-lg-3\">\n\t\t\t\t\t\t\t\t\t\t\t\t\t\t<div class=\"card \">\n\t\t\t\t\t\t\t\t\t\t\t\t\t\t\t\t\t<img decoding=\"async\"  src=\"https:\/\/bozita.com\/fi\/wp-content\/uploads\/sites\/11\/2021\/08\/bozita-kastrera-katt.jpeg\" alt=\"\">\n\t\t\t\t\t\t\t\t\t\t\t\t\t\t\t\t\t<!-- <img decoding=\"async\" src=\"\n\t\t\t\t\t\t\t\t\t\t\t\t\t\t\t\t\t\t\t\t\" alt=\"\n\t\t\t\t\t\t\t\t\t\t\t\t\t\t\t\t\t\t\t\t\t\t\t\t\t\t\t\"> -->\n\t\t\t\t\t\t\t\t<div class=\"card-body\">\n\t\t\t\t\t\t\t\t\t\t\t\t\t\t\t\t\t\t\t<h6>Kissan steriloimisella on monia etuja<\/h6>\n\t\t\t\t\t\t\t\t\t\t\t\t\t\t\t\t\t\t\t<a href=\"https:\/\/bozita.com\/fi\/pida-kissasi-terveena\/kissan-steriloimisella-on-monia-etuja\/\">Lue lis\u00e4\u00e4 &nbsp; ><\/a>\n\t\t\t\t\t\t\t\t<\/div>\n\t\t\t\t\t\t\t<\/div>\n\t\t\t\t\t\t<\/div>\n\n\t\t\t\t\t\t\t\t\t\t\t<div class=\"col-sm-6 col-md-6 col-lg-3\">\n\t\t\t\t\t\t\t\t\t\t\t\t\t\t<div class=\"card \">\n\t\t\t\t\t\t\t\t\t\t\t\t\t\t\t\t\t<img decoding=\"async\"  src=\"https:\/\/bozita.com\/fi\/wp-content\/uploads\/sites\/11\/2021\/08\/bozita-katt-ratt-hull-guide.jpeg\" alt=\"\">\n\t\t\t\t\t\t\t\t\t\t\t\t\t\t\t\t\t<!-- <img decoding=\"async\" src=\"\n\t\t\t\t\t\t\t\t\t\t\t\t\t\t\t\t\t\t\t\t\" alt=\"\n\t\t\t\t\t\t\t\t\t\t\t\t\t\t\t\t\t\t\t\t\t\t\t\t\t\t\t\"> -->\n\t\t\t\t\t\t\t\t<div class=\"card-body\">\n\t\t\t\t\t\t\t\t\t\t\t\t\t\t\t\t\t\t\t<h6>Kuinka paljon kissan tulisi painaa?<\/h6>\n\t\t\t\t\t\t\t\t\t\t\t\t\t\t\t\t\t\t\t<a href=\"https:\/\/bozita.com\/fi\/pida-kissasi-terveena\/kuinka-paljon-kissan-tulisi-painaa\/\">Lue lis\u00e4\u00e4 &nbsp; ><\/a>\n\t\t\t\t\t\t\t\t<\/div>\n\t\t\t\t\t\t\t<\/div>\n\t\t\t\t\t\t<\/div>\n\n\t\t\t\t\t\t\t\t\t\t\t<div class=\"col-sm-6 col-md-6 col-lg-3\">\n\t\t\t\t\t\t\t\t\t\t\t\t\t\t<div class=\"card \">\n\t\t\t\t\t\t\t\t\t\t\t\t\t\t\t\t\t<img decoding=\"async\"  src=\"https:\/\/bozita.com\/fi\/wp-content\/uploads\/sites\/11\/2025\/03\/bozita_swedish-natural-quality-compass.jpg\" alt=\"\">\n\t\t\t\t\t\t\t\t\t\t\t\t\t\t\t\t\t<!-- <img decoding=\"async\" src=\"\n\t\t\t\t\t\t\t\t\t\t\t\t\t\t\t\t\t\t\t\t\" alt=\"\n\t\t\t\t\t\t\t\t\t\t\t\t\t\t\t\t\t\t\t\t\t\t\t\t\t\t\t\"> -->\n\t\t\t\t\t\t\t\t<div class=\"card-body\">\n\t\t\t\t\t\t\t\t\t\t\t\t\t\t\t\t\t\t\t<h6>Kissan ja kissanpennun madottaminen<\/h6>\n\t\t\t\t\t\t\t\t\t\t\t\t\t\t\t\t\t\t\t<a href=\"https:\/\/bozita.com\/fi\/pida-kissasi-terveena\/kissan-ja-kissanpennun-madottaminen\/\">Lue lis\u00e4\u00e4 &nbsp; ><\/a>\n\t\t\t\t\t\t\t\t<\/div>\n\t\t\t\t\t\t\t<\/div>\n\t\t\t\t\t\t<\/div>\n\n\t\t\t\t\t\t\t\t\t\t\t\t<\/div>\n\t\t<\/div>\n\t<\/section>\n","protected":false},"excerpt":{"rendered":"","protected":false},"author":1,"featured_media":6995,"parent":6537,"menu_order":0,"comment_status":"closed","ping_status":"closed","template":"guternberg.php","meta":{"footnotes":""},"acf":[],"yoast_head":"<!-- This site is optimized with the Yoast SEO plugin v21.3 - https:\/\/yoast.com\/wordpress\/plugins\/seo\/ -->\n<title>Kissasi rokottaminen - Bozita Finland<\/title>\n<meta name=\"description\" content=\"Neuvoja kissojen rokottamiseen, kuinka usein ja koska kissa tulisi rokottaa? Jos aiot matkustaa ulkomaille sinun on rokotettava kissasi.\" \/>\n<meta name=\"robots\" content=\"index, follow, max-snippet:-1, max-image-preview:large, max-video-preview:-1\" \/>\n<link rel=\"canonical\" href=\"https:\/\/bozita.com\/fi\/pida-kissasi-terveena\/kissasi-rokottaminen\/\" \/>\n<meta property=\"og:locale\" content=\"fi_FI\" \/>\n<meta property=\"og:type\" content=\"article\" \/>\n<meta property=\"og:title\" content=\"Kissasi rokottaminen - Bozita Finland\" \/>\n<meta property=\"og:description\" content=\"Neuvoja kissojen rokottamiseen, kuinka usein ja koska kissa tulisi rokottaa? Jos aiot matkustaa ulkomaille sinun on rokotettava kissasi.\" \/>\n<meta property=\"og:url\" content=\"https:\/\/bozita.com\/fi\/pida-kissasi-terveena\/kissasi-rokottaminen\/\" \/>\n<meta property=\"og:site_name\" content=\"Bozita Finland\" \/>\n<meta property=\"article:modified_time\" content=\"2025-03-05T08:59:55+00:00\" \/>\n<meta property=\"og:image\" content=\"https:\/\/bozita.com\/fi\/wp-content\/uploads\/sites\/11\/2021\/08\/bozita-vaccinera-katt.jpg\" \/>\n\t<meta property=\"og:image:width\" content=\"800\" \/>\n\t<meta property=\"og:image:height\" content=\"535\" \/>\n\t<meta property=\"og:image:type\" content=\"image\/jpeg\" \/>\n<meta name=\"twitter:card\" content=\"summary_large_image\" \/>\n<!-- \/ Yoast SEO plugin. -->","yoast_head_json":{"title":"Kissasi rokottaminen - Bozita Finland","description":"Neuvoja kissojen rokottamiseen, kuinka usein ja koska kissa tulisi rokottaa? Jos aiot matkustaa ulkomaille sinun on rokotettava kissasi.","robots":{"index":"index","follow":"follow","max-snippet":"max-snippet:-1","max-image-preview":"max-image-preview:large","max-video-preview":"max-video-preview:-1"},"canonical":"https:\/\/bozita.com\/fi\/pida-kissasi-terveena\/kissasi-rokottaminen\/","og_locale":"fi_FI","og_type":"article","og_title":"Kissasi rokottaminen - Bozita Finland","og_description":"Neuvoja kissojen rokottamiseen, kuinka usein ja koska kissa tulisi rokottaa? Jos aiot matkustaa ulkomaille sinun on rokotettava kissasi.","og_url":"https:\/\/bozita.com\/fi\/pida-kissasi-terveena\/kissasi-rokottaminen\/","og_site_name":"Bozita Finland","article_modified_time":"2025-03-05T08:59:55+00:00","og_image":[{"width":800,"height":535,"url":"https:\/\/bozita.com\/fi\/wp-content\/uploads\/sites\/11\/2021\/08\/bozita-vaccinera-katt.jpg","type":"image\/jpeg"}],"twitter_card":"summary_large_image","schema":{"@context":"https:\/\/schema.org","@graph":[{"@type":"WebPage","@id":"https:\/\/bozita.com\/fi\/pida-kissasi-terveena\/kissasi-rokottaminen\/","url":"https:\/\/bozita.com\/fi\/pida-kissasi-terveena\/kissasi-rokottaminen\/","name":"Kissasi rokottaminen - Bozita Finland","isPartOf":{"@id":"https:\/\/bozita.com\/fi\/#website"},"datePublished":"2022-08-31T07:39:24+00:00","dateModified":"2025-03-05T08:59:55+00:00","description":"Neuvoja kissojen rokottamiseen, kuinka usein ja koska kissa tulisi rokottaa? Jos aiot matkustaa ulkomaille sinun on rokotettava kissasi.","breadcrumb":{"@id":"https:\/\/bozita.com\/fi\/pida-kissasi-terveena\/kissasi-rokottaminen\/#breadcrumb"},"inLanguage":"fi","potentialAction":[{"@type":"ReadAction","target":["https:\/\/bozita.com\/fi\/pida-kissasi-terveena\/kissasi-rokottaminen\/"]}]},{"@type":"BreadcrumbList","@id":"https:\/\/bozita.com\/fi\/pida-kissasi-terveena\/kissasi-rokottaminen\/#breadcrumb","itemListElement":[{"@type":"ListItem","position":1,"name":"Koti","item":"https:\/\/bozita.com\/fi\/"},{"@type":"ListItem","position":2,"name":"Pid\u00e4 kissasi terveen\u00e4","item":"https:\/\/bozita.com\/fi\/pida-kissasi-terveena\/"},{"@type":"ListItem","position":3,"name":"Kissasi rokottaminen"}]},{"@type":"WebSite","@id":"https:\/\/bozita.com\/fi\/#website","url":"https:\/\/bozita.com\/fi\/","name":"Bozita Finland","description":"","potentialAction":[{"@type":"SearchAction","target":{"@type":"EntryPoint","urlTemplate":"https:\/\/bozita.com\/fi\/?s={search_term_string}"},"query-input":"required name=search_term_string"}],"inLanguage":"fi"}]}},"_links":{"self":[{"href":"https:\/\/bozita.com\/fi\/wp-json\/wp\/v2\/pages\/6994"}],"collection":[{"href":"https:\/\/bozita.com\/fi\/wp-json\/wp\/v2\/pages"}],"about":[{"href":"https:\/\/bozita.com\/fi\/wp-json\/wp\/v2\/types\/page"}],"author":[{"embeddable":true,"href":"https:\/\/bozita.com\/fi\/wp-json\/wp\/v2\/users\/1"}],"replies":[{"embeddable":true,"href":"https:\/\/bozita.com\/fi\/wp-json\/wp\/v2\/comments?post=6994"}],"version-history":[{"count":5,"href":"https:\/\/bozita.com\/fi\/wp-json\/wp\/v2\/pages\/6994\/revisions"}],"predecessor-version":[{"id":11196,"href":"https:\/\/bozita.com\/fi\/wp-json\/wp\/v2\/pages\/6994\/revisions\/11196"}],"up":[{"embeddable":true,"href":"https:\/\/bozita.com\/fi\/wp-json\/wp\/v2\/pages\/6537"}],"wp:featuredmedia":[{"embeddable":true,"href":"https:\/\/bozita.com\/fi\/wp-json\/wp\/v2\/media\/6995"}],"wp:attachment":[{"href":"https:\/\/bozita.com\/fi\/wp-json\/wp\/v2\/media?parent=6994"}],"curies":[{"name":"wp","href":"https:\/\/api.w.org\/{rel}","templated":true}]}}