{"id":6999,"date":"2022-08-31T07:39:51","date_gmt":"2022-08-31T07:39:51","guid":{"rendered":"https:\/\/bozita.com\/fi\/mita-koira-ei-saa-syoda\/"},"modified":"2023-02-27T14:37:25","modified_gmt":"2023-02-27T14:37:25","slug":"mita-koira-ei-saa-syoda","status":"publish","type":"page","link":"https:\/\/bozita.com\/fi\/mita-koira-ei-saa-syoda\/","title":{"rendered":"Mit\u00e4 koira ei saa sy\u00f6d\u00e4"},"content":{"rendered":"\t\t<section class=\"small-hero\">\n\t\t\t<div class=\"container\">\n\t\t\t\t<h1 class=\"small-hero-title\">Mit\u00e4 koira ei saa sy\u00f6d\u00e4<\/h1>\t\t\t<\/div>\n\t\t\t<\/div>\n\t\t<\/section>\n\t\n\n\t<div class=\"text-box-warp\">\n\t\t<div class=\"container\">\n\t\t\t<div class=\"text-content\">\n\t\t\t\t<p>Koirien tulisi sy\u00f6d\u00e4 niiden vartalolle ja el\u00e4m\u00e4ntapaan sopivaa ruokaa. Mutta toisinaan koira voi saada maistaa ruokaasi tai k\u00e4ytt\u00e4mi\u00e4si elintarvikkeita. Silloin sinun on hyv\u00e4 tiet\u00e4\u00e4 mitk\u00e4 ruoat saattavat tehd\u00e4 koirasi sairaaksi tai jopa olla sille myrkyllisi\u00e4. Siksi on t\u00e4rke\u00e4 tiet\u00e4\u00e4 mitk\u00e4 koiran mahdollisesti saamat ruoat ovat sille haitallisia. Koulutettu lemmikkiagrologi ja koirien ravitsemukseen erikoistunut Bozitan ravitsemusasiantuntija Cecilia Hjelm kertoo sinulle lis\u00e4\u00e4.<\/p>\n<h2>MIT\u00c4 KOIRAN ON VAARALLISTA SY\u00d6D\u00c4<\/h2>\n<p>On valitettavasti ruokia, jotka ovat koiralle haitallisia tai jopa myrkyllisi\u00e4. Monet tiet\u00e4v\u00e4t, ett\u00e4 koiralle ei saa antaa suklaata tai sipulia. Usein ihmisten ruoat sis\u00e4lt\u00e4v\u00e4t paljon suolaa ja rasvaa, mik\u00e4 saattaa olla koiralle vahingollista. Mutta tied\u00e4tk\u00f6 mit\u00e4 muuta koira ei saa sy\u00f6d\u00e4?<\/p>\n<h2>KOIRAT JA SUKLAA &#8211; MIT\u00c4 KOIRAN EI PIT\u00c4ISI SY\u00d6D\u00c4<\/h2>\n<p>Suklaa, tai oikeastaan kaakao, sis\u00e4lt\u00e4\u00e4 koiralle myrkyllist\u00e4 teobromiinia. Kuinka koirasi t\u00e4h\u00e4n reagoi riippuu sen sy\u00f6m\u00e4st\u00e4 m\u00e4\u00e4r\u00e4st\u00e4 suhteessa painoon ja jos kyseess\u00e4 oli tumma suklaa vai vaaleampi suklaa. Mutta peruss\u00e4\u00e4nt\u00f6 on, ett\u00e4 koira ei saa sy\u00f6d\u00e4 suklaata lainkaan. Myrkytyksen oireita ovat t\u00e4rin\u00e4, lihasten v\u00e4r\u00e4htely, ripuli ja koiran lis\u00e4\u00e4ntynyt virtsaamisen tarve.<\/p>\n<h2>SAAVATKO KOIRAT SY\u00d6D\u00c4 VIINIRYP\u00c4LEIT\u00c4?<\/h2>\n<p>Yksitt\u00e4inen viiniryp\u00e4le ei ole koirallesi vaarallinen, mutta jos se sy\u00f6 niit\u00e4 liikaa ne voivat olla vahingollisia ja aiheuttaa munuaisten vajaatoimintaa. Vaikka herkkyys vaihtelee koirasta toiseen, v\u00e4lt\u00e4 viiniryp\u00e4leiden antamista koirallesi. T\u00e4m\u00e4 koskee niin vaaleita, vihreit\u00e4 kuin tummia ryp\u00e4leit\u00e4, siemenill\u00e4 tai ilman.<\/p>\n<h2>ONKO PERUNAN SY\u00d6MINEN KOIRALLE VAARALLISTA?<\/h2>\n<p>Keitetyn perunan sy\u00f6minen ei ole vaarallista. Raakaa perunaa koiran, tai ihmisen, ei kuitenkaan pid\u00e4 sy\u00f6d\u00e4 sill\u00e4 sen sulaa huonosti. Vihreiss\u00e4 perunoissa on lis\u00e4ksi korkeammat m\u00e4\u00e4r\u00e4t solaniinia, joka ei ole koiralle hyv\u00e4ksi. Jos koirasi on sy\u00f6nyt raakaa perunaa, oireet voivat olla oksentelua, ripulia, huimausta ja kramppeja.<\/p>\n<h2>ONKO AVOKADO KOIRALLE VAARALLISTA?<\/h2>\n<p>Ole varovainen avokadon suhteen, sill\u00e4 se sis\u00e4lt\u00e4\u00e4 persiinia, ainetta, joka saattaa vaikuttaa koiran maitorauhasiin ja syd\u00e4meen. Eli kyll\u00e4, avokado on koirille vaarallista. Aine on ihmisille vaaraton, mutta myrkyllinen l\u00e4hes kaikille lemmikkiel\u00e4imille. Myrkytysoireisiin kuuluvat hengitysvaikeudet, ripuli, oksentelu ja ysk\u00e4.<\/p>\n<h2>KOIRILLE MYRKYLLISET JA HAITALLISET RUOAT LISTATTUNA<\/h2>\n<p>Etsi alla olevalta listalta ruoka-aineita, joista olet ep\u00e4varma. Se sis\u00e4lt\u00e4\u00e4 koirille myrkyllisi\u00e4 ja vaarallisia ainesosia. Jos ep\u00e4ilet koirasi sy\u00f6neen jotakin myrkyllist\u00e4 tai sill\u00e4 esiintyy myrkytysoireita ota v\u00e4litt\u00f6m\u00e4sti yhteytt\u00e4 el\u00e4inl\u00e4\u00e4k\u00e4riin. Muista my\u00f6s, ett\u00e4 on ruokia, jotka selv\u00e4sti eiv\u00e4t ole koirallesi hyv\u00e4ksi, mutta puuttuvat listalta. Esimerkkein\u00e4 n\u00e4ist\u00e4 sipsit, suolap\u00e4hkin\u00e4t, kakut ja muut herkut, sokeriset ruoat, mausteiset ruoat mukaan lukien chili ja jalape\u00f1o, friteraatut ruoat ja kaikki liian suolainen ja rasvainen ruoka. Jos olet ruoasta ep\u00e4varma, \u00e4l\u00e4 anna sit\u00e4 koirallesi-<\/p>\n<ul>\n<li style=\"list-style-type: none;\">\n<ul>\n<li><strong>Aprikoosi<\/strong> &#8211; katso kivelliset hedelm\u00e4t.<\/li>\n<li><strong>Avokado<\/strong> &#8211; sis\u00e4lt\u00e4\u00e4 persiinia, joka saattaa vaikuttaa koiran maitorauhasiin ja syd\u00e4meen.<\/li>\n<li><strong>Leivinjauhe<\/strong> &#8211; sis\u00e4lt\u00e4\u00e4 ruokasoodaa, joka suurissa m\u00e4\u00e4riss\u00e4 nautittuna voi aiheuttaa lihaskramppeja ja syd\u00e4nongelmia.<\/li>\n<li><strong>Parsakaali<\/strong> <strong>raaka<\/strong> &#8211; keitetty parsakaali k\u00e4y hyvin, mutta raakana se voi sekoittaa koirasi kilpirauhasen.<\/li>\n<li><strong>Suklaa<\/strong> <strong>ja kaakao<\/strong> &#8211; sis\u00e4lt\u00e4\u00e4 teobromiinia, joka on koiralle myrkyllist\u00e4.<\/li>\n<li><strong>Sitrushedelm\u00e4t<\/strong> &#8211; voi johtaa allergioihin ja ruoansulatusongelmiin. Pienet m\u00e4\u00e4r\u00e4t eiv\u00e4t ole vaarallisia.<\/li>\n<li><strong>Taikina<\/strong> &#8211; k\u00e4yv\u00e4 taikina on koiralle haitallista.<\/li>\n<li><strong>Tammenterho<\/strong> &#8211; sis\u00e4lt\u00e4\u00e4 tanniinia, joka suurissa m\u00e4\u00e4rin voi olla kohtalokasta. Jopa pienet m\u00e4\u00e4r\u00e4t voivat aiheuttaa myrkytyksi\u00e4.<\/li>\n<li><strong>Glykoli<\/strong> &#8211; saattaa vaikuttaa kummalliselta, mutta se on makeaa ja koira saattaa hyvin maistaa sit\u00e4 jos sit\u00e4 p\u00e4\u00e4tyy lattialle.\u00a0Se on eritt\u00e4in myrkyllist\u00e4 jo pienin\u00e4 m\u00e4\u00e4rin\u00e4.<\/li>\n<li><strong>Ruohosipuli<\/strong> &#8211; katso sipulikasvit.<\/li>\n<li><strong>Sinihomejuuusto<\/strong> &#8211; sis\u00e4lt\u00e4\u00e4 roquefortiinia, joka on myrkyllinen home.<\/li>\n<li><strong>Kaakao<\/strong> &#8211; katso suklaa.<\/li>\n<li><strong>Kaneli<\/strong> &#8211; ei ole myrkyllist\u00e4, mutta voi aiheuttaa suun ja ruoansulatuselimist\u00f6n \u00e4rsytyst\u00e4.<\/li>\n<li><strong>Kofeiini ja kahvi<\/strong><\/li>\n<li><strong>Kirsikat<\/strong> &#8211; katso kivelliset hedelm\u00e4t.<\/li>\n<li><strong>Sipulikasvit<\/strong>, kuten sipuli, valkosipuli ja ruohosipuli ovat koirallesi eritt\u00e4in myrkyllisi\u00e4. P\u00e4tee sek\u00e4 raakaan, ett\u00e4 kypsennettyyn sipuliin. Sis\u00e4lt\u00e4\u00e4 koiralle myskyllist\u00e4 alisiiina.<\/li>\n<li><strong>Maissint\u00e4hk\u00e4t<\/strong> &#8211; t\u00e4hk\u00e4 on haitallinen &#8211; maissinjyv\u00e4t ovat erinomaista ruokaa. \u00c4l\u00e4 anna koirasi jyrsi\u00e4 t\u00e4hk\u00e4\u00e4. Jos se juuttuu suolistoon koira saattaa tarvita v\u00e4litt\u00f6m\u00e4n leikkauksen.<\/li>\n<li><strong>P\u00e4hkin\u00e4t<\/strong> -V\u00e4lt\u00e4 kaikenlaisten p\u00e4hkin\u00f6iden, kuten maap\u00e4hkin\u00f6iden ja saksanp\u00e4hkin\u00f6iden, antamista .<\/li>\n<li><strong>Luumut<\/strong> &#8211; katso kivelliset hedelm\u00e4t.<\/li>\n<li><strong>Peruna<\/strong> <strong>raaka<\/strong> &#8211; sis\u00e4lt\u00e4\u00e4 solaniinia, jolle koira voi olla herkk\u00e4. Koskee vain raakaa perunaa.<\/li>\n<li><strong>Raparperi<\/strong> &#8211; sis\u00e4lt\u00e4\u00e4 useampaa koiralle haitallista ainetta.<\/li>\n<li><strong>Rusinat<\/strong> &#8211; voivat aiheuttaa koiralle munuaisongelmia<\/li>\n<li><strong>Sahrami<\/strong> &#8211; voi aiheuttaa lievi\u00e4 myrkytysoireita.<\/li>\n<li><strong>Suola<\/strong> &#8211; my\u00f6s suolavesi ja hyvin suolaiset ruoat, kuten pekoni.<\/li>\n<li><strong>Kivelliset hedelm\u00e4t<\/strong> &#8211; esimerkiksi aprikoosi, kirsikat ja luumu. Kivi sis\u00e4lt\u00e4\u00e4 amygdaliinia<\/li>\n<li><strong>Pinaatti<\/strong> &#8211; ei ole myrkyllist\u00e4, mutta tulisi v\u00e4ltt\u00e4\u00e4.<\/li>\n<li><strong>Sienet<\/strong> &#8211; myrkkysienet ovat vaarallisia sek\u00e4 koiralle, ett\u00e4 sinulle.<\/li>\n<li><strong>Tomaatit<\/strong> &#8211; v\u00e4lt\u00e4 vihreiden tomaattien ruokkimista koirallesi, sill\u00e4 ne saattavat sis\u00e4lt\u00e4\u00e4 pieni\u00e4 m\u00e4\u00e4ri\u00e4 koiralle vahingollista tomatiinia.<\/li>\n<li><strong>Viiniryp\u00e4leet<\/strong> &#8211; voivat aiheuttaa munuaisongelmia.\u00a0Yksitt\u00e4inen viiniryp\u00e4le ei ole vaarallinen, mutta suuret m\u00e4\u00e4r\u00e4t ovat.<\/li>\n<li><strong>Valkosipuli<\/strong> &#8211; katso sipulikasvit<\/li>\n<li><strong>S\u00e4rkyl\u00e4\u00e4kkeet<\/strong> kuten parasetamoli, asetyylihappo ja muut l\u00e4\u00e4kkeet.<\/li>\n<li><strong>Ksylitoli<\/strong> &#8211; hammastahnassa, purukumissa ja sokerittomissa makeisissa k\u00e4ytett\u00e4v\u00e4 makeutusaine.<\/li>\n<li><strong>Munanvalkuainen<\/strong>\u00a0&#8211; raaka &#8211; sis\u00e4lt\u00e4\u00e4 avidinia. Keitettyn\u00e4 tai paistettuna koiralle harmiton.<\/li>\n<\/ul>\n<\/li>\n<\/ul>\n<blockquote>\n<h4>&#8221;Jos ep\u00e4ilet koirallasi myrkytyst\u00e4, ota aina yhteytt\u00e4 el\u00e4inl\u00e4\u00e4k\u00e4riin&#8221;<\/h4>\n<\/blockquote>\n<h4>Lue lis\u00e4\u00e4 koirien vaaroista<\/h4>\n<ul>\n<li><a href=\"https:\/\/bozita.com\/fi\/levakukinta-ja-koirat-mita-sinun-tulee-tietaa\/?lang=fi\">Lev\u00e4kukinta voi aiheuttaa koiralle lev\u00e4myrkytyksen<\/a><\/li>\n<li><a href=\"https:\/\/bozita.com\/fi\/koirien-lampohalvaukset-pida-koirasi-viileana-kesaisin\/\">Koirien l\u00e4mp\u00f6halvaukset &#8211; neuvoja ja vinkkej\u00e4 kuumiin olosuhteisiin<\/a><\/li>\n<li><a href=\"https:\/\/bozita.com\/fi\/kaarmeenpuremat-kuinka-suojautua\/?lang=fi\">K\u00e4\u00e4rmeen puremat &#8211; kuinka suojaudut<\/a><\/li>\n<li><a href=\"https:\/\/bozita.com\/fi\/koirien-sienimyrkytykset-ole-varuillasi-metsassa\/?lang=fi\">Sienimyrkytykset &#8211; ole varuillasi mets\u00e4ss\u00e4<\/a><\/li>\n<\/ul>\n\t\t\t<\/div>\n\t\t<\/div>\n\t<\/div>\n\n\n<section class=\"block full-section-promo\">\n\t<div class=\"container\">\n\t\t<div class=\"mb-3 row align-items-center \n\t\t\t\t\">\n\t\t\t<div class=\"col-md-6\">\n\t\t\t\t\t\t\t\t\t<img decoding=\"async\" src=\"https:\/\/bozita.com\/fi\/wp-content\/uploads\/sites\/11\/2021\/08\/cecilia-hjelm-promo.jpg\" alt=\"\">\n\t\t\t\t\t\n\t\t\t<\/div>\n\t\t\t<div class=\"col-md-6\">\n\t\t\t\t<h2>CECILIA HJELM <\/h2><p>Koulutettu lemmikkiagrologi ja ravitsemukseen erikoistunut  tuotekehittelij\u00e4 <\/p>\t\t\t<\/div>\n\t\t<\/div>\n\n\n\t<\/div>\n<\/section>\n","protected":false},"excerpt":{"rendered":"","protected":false},"author":1,"featured_media":0,"parent":0,"menu_order":0,"comment_status":"closed","ping_status":"closed","template":"guternberg.php","meta":{"footnotes":""},"acf":[],"yoast_head":"<!-- This site is optimized with the Yoast SEO plugin v21.3 - https:\/\/yoast.com\/wordpress\/plugins\/seo\/ -->\n<title>Mit\u00e4 koira ei saa sy\u00f6d\u00e4 - Bozita Finland<\/title>\n<meta name=\"description\" content=\"Koirat ja suklaa? Ent\u00e4 jos koira sy\u00f6 viiniryp\u00e4leit\u00e4? Mit\u00e4 koira ei saa sy\u00f6d\u00e4 ja mik\u00e4 on niille suorastaan vaarallista ruokaa? Bozita tarjoaa kysymyksiin vastauksia.\" \/>\n<meta name=\"robots\" content=\"index, follow, max-snippet:-1, max-image-preview:large, max-video-preview:-1\" \/>\n<link rel=\"canonical\" href=\"https:\/\/bozita.com\/fi\/mita-koira-ei-saa-syoda\/\" \/>\n<meta property=\"og:locale\" content=\"fi_FI\" \/>\n<meta property=\"og:type\" content=\"article\" \/>\n<meta property=\"og:title\" content=\"Mit\u00e4 koira ei saa sy\u00f6d\u00e4 - Bozita Finland\" \/>\n<meta property=\"og:description\" content=\"Koirat ja suklaa? Ent\u00e4 jos koira sy\u00f6 viiniryp\u00e4leit\u00e4? Mit\u00e4 koira ei saa sy\u00f6d\u00e4 ja mik\u00e4 on niille suorastaan vaarallista ruokaa? Bozita tarjoaa kysymyksiin vastauksia.\" \/>\n<meta property=\"og:url\" content=\"https:\/\/bozita.com\/fi\/mita-koira-ei-saa-syoda\/\" \/>\n<meta property=\"og:site_name\" content=\"Bozita Finland\" \/>\n<meta property=\"article:modified_time\" content=\"2023-02-27T14:37:25+00:00\" \/>\n<meta property=\"og:image\" content=\"https:\/\/bozita.com\/fi\/wp-content\/uploads\/sites\/11\/2021\/08\/bozita_swedish-natural-quality.jpg\" \/>\n\t<meta property=\"og:image:width\" content=\"800\" \/>\n\t<meta property=\"og:image:height\" content=\"533\" \/>\n\t<meta property=\"og:image:type\" content=\"image\/jpeg\" \/>\n<meta name=\"twitter:card\" content=\"summary_large_image\" \/>\n<!-- \/ Yoast SEO plugin. -->","yoast_head_json":{"title":"Mit\u00e4 koira ei saa sy\u00f6d\u00e4 - Bozita Finland","description":"Koirat ja suklaa? Ent\u00e4 jos koira sy\u00f6 viiniryp\u00e4leit\u00e4? Mit\u00e4 koira ei saa sy\u00f6d\u00e4 ja mik\u00e4 on niille suorastaan vaarallista ruokaa? Bozita tarjoaa kysymyksiin vastauksia.","robots":{"index":"index","follow":"follow","max-snippet":"max-snippet:-1","max-image-preview":"max-image-preview:large","max-video-preview":"max-video-preview:-1"},"canonical":"https:\/\/bozita.com\/fi\/mita-koira-ei-saa-syoda\/","og_locale":"fi_FI","og_type":"article","og_title":"Mit\u00e4 koira ei saa sy\u00f6d\u00e4 - Bozita Finland","og_description":"Koirat ja suklaa? Ent\u00e4 jos koira sy\u00f6 viiniryp\u00e4leit\u00e4? Mit\u00e4 koira ei saa sy\u00f6d\u00e4 ja mik\u00e4 on niille suorastaan vaarallista ruokaa? Bozita tarjoaa kysymyksiin vastauksia.","og_url":"https:\/\/bozita.com\/fi\/mita-koira-ei-saa-syoda\/","og_site_name":"Bozita Finland","article_modified_time":"2023-02-27T14:37:25+00:00","og_image":[{"width":800,"height":533,"url":"https:\/\/bozita.com\/fi\/wp-content\/uploads\/sites\/11\/2021\/08\/bozita_swedish-natural-quality.jpg","type":"image\/jpeg"}],"twitter_card":"summary_large_image","schema":{"@context":"https:\/\/schema.org","@graph":[{"@type":"WebPage","@id":"https:\/\/bozita.com\/fi\/mita-koira-ei-saa-syoda\/","url":"https:\/\/bozita.com\/fi\/mita-koira-ei-saa-syoda\/","name":"Mit\u00e4 koira ei saa sy\u00f6d\u00e4 - Bozita Finland","isPartOf":{"@id":"https:\/\/bozita.com\/fi\/#website"},"datePublished":"2022-08-31T07:39:51+00:00","dateModified":"2023-02-27T14:37:25+00:00","description":"Koirat ja suklaa? Ent\u00e4 jos koira sy\u00f6 viiniryp\u00e4leit\u00e4? Mit\u00e4 koira ei saa sy\u00f6d\u00e4 ja mik\u00e4 on niille suorastaan vaarallista ruokaa? Bozita tarjoaa kysymyksiin vastauksia.","breadcrumb":{"@id":"https:\/\/bozita.com\/fi\/mita-koira-ei-saa-syoda\/#breadcrumb"},"inLanguage":"fi","potentialAction":[{"@type":"ReadAction","target":["https:\/\/bozita.com\/fi\/mita-koira-ei-saa-syoda\/"]}]},{"@type":"BreadcrumbList","@id":"https:\/\/bozita.com\/fi\/mita-koira-ei-saa-syoda\/#breadcrumb","itemListElement":[{"@type":"ListItem","position":1,"name":"Koti","item":"https:\/\/bozita.com\/fi\/"},{"@type":"ListItem","position":2,"name":"Mit\u00e4 koira ei saa sy\u00f6d\u00e4"}]},{"@type":"WebSite","@id":"https:\/\/bozita.com\/fi\/#website","url":"https:\/\/bozita.com\/fi\/","name":"Bozita Finland","description":"","potentialAction":[{"@type":"SearchAction","target":{"@type":"EntryPoint","urlTemplate":"https:\/\/bozita.com\/fi\/?s={search_term_string}"},"query-input":"required name=search_term_string"}],"inLanguage":"fi"}]}},"_links":{"self":[{"href":"https:\/\/bozita.com\/fi\/wp-json\/wp\/v2\/pages\/6999"}],"collection":[{"href":"https:\/\/bozita.com\/fi\/wp-json\/wp\/v2\/pages"}],"about":[{"href":"https:\/\/bozita.com\/fi\/wp-json\/wp\/v2\/types\/page"}],"author":[{"embeddable":true,"href":"https:\/\/bozita.com\/fi\/wp-json\/wp\/v2\/users\/1"}],"replies":[{"embeddable":true,"href":"https:\/\/bozita.com\/fi\/wp-json\/wp\/v2\/comments?post=6999"}],"version-history":[{"count":3,"href":"https:\/\/bozita.com\/fi\/wp-json\/wp\/v2\/pages\/6999\/revisions"}],"predecessor-version":[{"id":7771,"href":"https:\/\/bozita.com\/fi\/wp-json\/wp\/v2\/pages\/6999\/revisions\/7771"}],"wp:attachment":[{"href":"https:\/\/bozita.com\/fi\/wp-json\/wp\/v2\/media?parent=6999"}],"curies":[{"name":"wp","href":"https:\/\/api.w.org\/{rel}","templated":true}]}}