{"id":7001,"date":"2022-08-31T07:40:22","date_gmt":"2022-08-31T07:40:22","guid":{"rendered":"https:\/\/bozita.com\/fi\/mita-ruokaa-ja-kuinka-paljon-koiran-pitaa-syoda-paivassa\/"},"modified":"2023-02-27T14:21:49","modified_gmt":"2023-02-27T14:21:49","slug":"mita-ruokaa-ja-kuinka-paljon-koiran-pitaa-syoda-paivassa","status":"publish","type":"page","link":"https:\/\/bozita.com\/fi\/mita-ruokaa-ja-kuinka-paljon-koiran-pitaa-syoda-paivassa\/","title":{"rendered":"Mit\u00e4 ruokaa ja kuinka paljon koiran pit\u00e4\u00e4 sy\u00f6d\u00e4 p\u00e4iv\u00e4ss\u00e4"},"content":{"rendered":"\t\t<section class=\"small-hero\">\n\t\t\t<div class=\"container\">\n\t\t\t\t<h1 class=\"small-hero-title\">Mit\u00e4 ruokaa ja kuinka paljon koiran pit\u00e4\u00e4 sy\u00f6d\u00e4 p\u00e4iv\u00e4ss\u00e4<\/h1>\t\t\t<\/div>\n\t\t\t<\/div>\n\t\t<\/section>\n\t\n\n\t<div class=\"text-box-warp\">\n\t\t<div class=\"container\">\n\t\t\t<div class=\"text-content\">\n\t\t\t\t<p>Hyv\u00e4 ja tasapainoinen koiranruoka on t\u00e4rke\u00e4 osa koirasi hyvinvointia ja terveytt\u00e4. Ihmisten tavoin, my\u00f6s koira tarvitsee tasapainoisen ruokavalion ja niiden on t\u00e4rke\u00e4 saada v\u00e4ltt\u00e4m\u00e4tt\u00f6m\u00e4t ravinteet el\u00e4m\u00e4ns\u00e4 kaikissa vaiheissa.<\/p>\n<h2>MIT\u00c4 KOIRAT SY\u00d6V\u00c4T<\/h2>\n<p>Koirat polveutuvat sudesta, joka on laumassa el\u00e4v\u00e4 lihansy\u00f6j\u00e4. Ensimm\u00e4iset sudet kesytettiin 30 000- 15 000 vuotta sitten ja niist\u00e4 tuli koiria. T\u00e4m\u00e4n j\u00e4lkeen on tapahtunut paljon ja koira on ulkon\u00e4\u00f6lt\u00e4\u00e4n hyvin erin\u00e4k\u00f6inen kuin susi. Toinen ero on, ett\u00e4 koiralla on paremmat edellytykset sulattaa t\u00e4rkkellyst\u00e4. T\u00e4m\u00e4 on johtanut keskusteluihin siit\u00e4, onko koira edelleen lihansy\u00f6j\u00e4 vai jos se pit\u00e4isi m\u00e4\u00e4ritell\u00e4 sekasy\u00f6j\u00e4ksi. Luokittelusta rippumatta koira tarvitsee hyv\u00e4\u00e4, tasapainoista koiranruokaa tukeakseen sen terveytt\u00e4 ja aktiivisuustasoa.<\/p>\n<p>All <a href=\"https:\/\/bozita.com\/fi\/koiranruoka\/?lang=fi\">Bozita&#8217; koiranruoka<\/a> on Ruotsissa valmistettua, koirien ravitsemukseen erikoistuneiden ravitsemustieteilij\u00f6iden kehitt\u00e4m\u00e4\u00e4 ruokaa. T\u00e4ysravinto tarkoittaa, ett\u00e4 ruoka sis\u00e4lt\u00e4\u00e4 kaikki koiran tarvitsemat ravintoaineet, oikeissa suhteissa. Valmistamme koirien kuivaruokaa ja m\u00e4rk\u00e4ruokaa tehtaallamme V\u00e5rg\u00e5rdassa. Lue t\u00e4st\u00e4 lis\u00e4\u00e4 l\u00f6yt\u00e4\u00e4ksesi koirallesi oikean ruoan<\/p>\n<h3>KUIVARUOKA<\/h3>\n<p>Kuivaruoka on koirien yleisin ruoka. Aineosista tehd\u00e4\u00e4n taikina, josta sitten muodostetaan pieni\u00e4 palloja. Kuivaruokaa on helppo k\u00e4sitell\u00e4 ja s\u00e4ilytt\u00e4\u00e4, niit\u00e4 on erilaisia vastaamaan kaikkien koirien tarpeisiin. Valitse ruoka koirasi i\u00e4n, aktiivisuustason ja koon mukaan. Bozitalla on my\u00f6s erityistarpeita omaaville koirille sopivia ruokia: vehn\u00e4t\u00f6nt\u00e4 ja viljatonta koiranruokaa, herkk\u00e4vatsaisille tai -ihoisille koirille sopivia ruokia, yhden proteiinil\u00e4hteen ruokia, ja ruokia koirille, joilla on taipumusta lihomiseen. Tutustu<a href=\"https:\/\/bozita.com\/fi\/kuivaruoka\/?lang=fi\">Bozitan kuivaruokavalikoimaan<\/a><b> <\/b>ja l\u00f6yd\u00e4 koirallesi juuri oikea ruoka.<\/p>\n<h3>m\u00e4rk\u00e4ruoat<\/h3>\n<p>M\u00e4rk\u00e4ruoka koirallesi on hyv\u00e4 l\u00e4hde nesteelle ja lis\u00e4energialle, sen voi tarjoilla t\u00e4ydellisen\u00e4 ateriana tai kuivaruoan lis\u00e4n\u00e4. Muista, ett\u00e4 m\u00e4rk\u00e4ruoka pit\u00e4\u00e4 k\u00e4ytt\u00e4\u00e4 melko pian pakkauksen avaamisesta. L\u00f6yd\u00e4t <a href=\"https:\/\/bozita.com\/fi\/bozita-koirien-markaruoka\/?lang=fi\">Bozitan m\u00e4rk\u00e4ruoat<\/a> t\u00e4\u00e4lt\u00e4.<\/p>\n<p><strong>Lue lis\u00e4\u00e4<\/strong><\/p>\n<ul>\n<li><a href=\"https:\/\/bozita.com\/fi\/bozita-ruotsissa-valmistettua-penturuokaa\/?lang=fi\">Penturuoka sek\u00e4 kantavien ja imett\u00e4vien narttujen ruoka <\/a><\/li>\n<li><a href=\"https:\/\/bozita.com\/fi\/mita-koira-ei-saa-syoda\/?lang=fi\">Mit\u00e4 koira ei saa sy\u00f6d\u00e4<\/a><\/li>\n<\/ul>\n<h2>MIT\u00c4 KOIRAT SY\u00d6V\u00c4T &#8211; PROTEIINI JA RASVA<\/h2>\n<p>Koirat tarvitsevat tietyn m\u00e4\u00e4r\u00e4n proteiinia ja oikeat m\u00e4\u00e4r\u00e4t t\u00e4rkeit\u00e4 aminohappoja ruoassaan suoriutuakseen ja voidakseen hyvin. Proteiini on ravintoaine, joka sis\u00e4lt\u00e4\u00e4 aminohappoja. Niit\u00e4 on 20 ja n\u00e4ist\u00e4 10 on v\u00e4ltt\u00e4m\u00e4tt\u00f6mi\u00e4, tarkoittaen ett\u00e4 koiran on saatava ne ravinnosta sill\u00e4 ne eiv\u00e4t tuota n\u00e4it\u00e4 itse.<\/p>\n<p>Proteiini on olennainen rakennusaine lihaksille ja kehon kudoksille, sit\u00e4 tarvitaan tietty m\u00e4\u00e4r\u00e4, jotta lihasmassa s\u00e4ilyy ja iho, turkki ja kynnet pysyv\u00e4t kunnossa. Jos koira saa proteiinia yli tarpeen, siit\u00e4 muodostuu energiaa. Proteiinia on sek\u00e4 el\u00e4inper\u00e4isiss\u00e4, ett\u00e4 kasvisper\u00e4isiss\u00e4 ainesosissa, mutta p\u00e4\u00e4s\u00e4\u00e4nt\u00f6isesti liha sis\u00e4lt\u00e4\u00e4 kasviksia enemm\u00e4n proteiinia.<\/p>\n<p>Rasva on eritt\u00e4in energiatiivis ravintoaine. Siin\u00e4 on itse asiassa kaksikertainen m\u00e4\u00e4r\u00e4 energiaa verrattuna proteiiniin tai hiilihydraatteihin. T\u00e4st\u00e4 johtuen pennuille ja eritt\u00e4in aktiivisille, suuren energiantarpeen omaaville, koirille suunnitelluissa ruoissa on usein enemm\u00e4n rasvaa. Rasvasta koira saa energian lis\u00e4ksi t\u00e4rkeit\u00e4 solujen rakennusaineita sek\u00e4 apua ravinteiden kuljettamiseen. Koirille on kaksi olennaisen t\u00e4rke\u00e4\u00e4 rasvahappoa, omega 3 ja 6. Koirasi t\u00e4ytyy saada n\u00e4m\u00e4 ruoastaan. Omega 3 ja 6 ovat eritt\u00e4in t\u00e4rkeit\u00e4 muun muassa turkin ja ihon terveydelle.<\/p>\n<h2>MIT\u00c4 KOIRAT SY\u00d6V\u00c4T &#8211; T\u00c4RKKELLYS<\/h2>\n<p>T\u00e4rkkellys kuuluu hiilihydraatteihin kuitujen ja erilaisten sokerien kanssa. Erona susiin, koirilla on enemm\u00e4n amylaasi nimist\u00e4 entsyymi\u00e4, joka pystyy hajottamaan t\u00e4rkkellyst\u00e4 ja mahdollistaa n\u00e4in sen suhteellisen vaivattoman sulattamisen. Vaikka koirilla on kyky hajottaa t\u00e4rkkellyst\u00e4, sen on oltava hyvin kypsennetty\u00e4 sulaakseen. Ravitsemuksellisen hy\u00f6dyn lis\u00e4ksi t\u00e4rkkellys helottaa kuivaruoan valmistamista. Kuumennettaessa, t\u00e4rkkellys toimii liisterin\u00e4, joka auttaa sitomaan eri ainesosat yhteen, jotta niist\u00e4 voi sitten helposti muotoilla palloja. Muun muassa peruna ja riisi sis&#8217;lt\u00e4v\u00e4t luonnostaan paljon t\u00e4rkkellyst\u00e4.<\/p>\n<h2>MIT\u00c4 KOIRAT SY\u00d6V\u00c4T &#8211; VITAMIINIT JA HIVENAINEET<\/h2>\n<p>Vitamiinit ja mineraalit ovat suuri ryhm\u00e4 ravintoaineita, joilla on erilaisia toimintoja. Esimerkiksi D-vitamiini on t\u00e4rke\u00e4 luille ja A-vitamiini puolestaan n\u00e4\u00f6lle ja immuunij\u00e4rjestelm\u00e4lle. Suurin osa hivenaineista ja vitamiineista tulee luonnollisesti el\u00e4in- ja kasvisper\u00e4isist\u00e4 tuotteista. Jotta koirasi varmasti saa kaikki t\u00e4rke\u00e4t vitamiinit ja mineraalit Bozita lis\u00e4\u00e4 niit\u00e4 v\u00e4h\u00e4n, jotta koirasi varmasti pysyy terveen\u00e4 ja vahvana.<\/p>\n<h2>KUINKA PALJON KOIRAN PIT\u00c4\u00c4 SY\u00d6D\u00c4 P\u00c4IV\u00c4SS\u00c4?<\/h2>\n<p>Koiran p\u00e4ivitt\u00e4iseen ruokam\u00e4\u00e4r\u00e4\u00e4n vaikuttavat sen koko, rotu, el\u00e4m\u00e4nvaihe ja aktiivisuustaso. Varmista, ett\u00e4 valitset ruoan joka sopii koirasi yksil\u00f6llisiin tarpeisiin ja noudata ruokintaopasta m\u00e4\u00e4rien suhteen. Muista, ett\u00e4 ruokintaoppaan suosituksiin ei lasketa herkkuja ja muita v\u00e4lipaloja, joita koirasi saattaa saada aterioiden v\u00e4liss\u00e4. Ruoantarve saattaa vaihdella suuresti ja riippuu paljon aktiivisuuden m\u00e4\u00e4r\u00e4st\u00e4. Sovella siis ruoan m\u00e4\u00e4r\u00e4 koirasi vartalotyypin ja kunnon mukaan.<\/p>\n<p>Kun etsit<a href=\"https:\/\/bozita.com\/fi\/koiranruoka\/?lang=fi\">Bozita koiranruokaa<\/a>, voit suodattaa tuotteita koiran el\u00e4m\u00e4nvaiheen, ruoan tyypin, koiran aktiivisuustason ja i\u00e4n mukaan. T\u00e4m\u00e4 helpottaa oikean ruoan l\u00f6yt\u00e4mist\u00e4. Jos koirallasi on makumieltymiyksi\u00e4, my\u00f6s maun mukaan voi suodattaa.<\/p>\n<h2>KUINKA USEIN KOIRAN PIT\u00c4\u00c4 SY\u00d6D\u00c4?<\/h2>\n<p>Koirat sy\u00f6v\u00e4t usein kahdesti p\u00e4iv\u00e4ss\u00e4, mutta jos koirasi on vaikea saada ateriaa kokonaan sy\u00f6ty\u00e4 voit jakaa sen pienempiin ja useammin tarjoiltaviin osiin. Muista, ett\u00e4 koira tarvitsee s\u00e4\u00e4nn\u00f6lliset ruoka-ajat ja sill\u00e4 pit\u00e4\u00e4 aina olla tarjolla raikasta vett\u00e4.  Jotta koirasi pysyy hyv\u00e4n painoisena, muista ottaa huomioon antamasi herkut kun tarjoilet ruokaa.<\/p>\n<p>Pennut sy\u00f6v\u00e4t useammin. Pienen vatsan turhan rasittamisen v\u00e4ltt\u00e4miseksi voit antaa pennulle pienempi\u00e4 aterioita 3-4 kertaa p\u00e4iv\u00e4ss\u00e4. Kun ne ovat hyvin pieni\u00e4 voit tarjoilla helposti sy\u00f6t\u00e4v\u00e4\u00e4 m\u00e4rk\u00e4ruokaa.<\/p>\n<p><strong>Lue lis\u00e4\u00e4<\/strong><\/p>\n<ul>\n<li><a href=\"https:\/\/bozita.com\/fi\/kuinka-paljon-pennun-pitaa-syoda-ja-mika-on-paras-ruoka\/?lang=fi\">Mit\u00e4 koiranpennun tulisi sy\u00f6d\u00e4 &#8211; ja kuinka paljon<\/a><\/li>\n<\/ul>\n<h2>MIT\u00c4 KOIRAT SY\u00d6V\u00c4T \u2013 BOZITAN SUOSITUKSET<\/h2>\n<ul>\n<li>Valitse koirasi kokoon, rotuun, el\u00e4m\u00e4nvaiheeseen ja aktiivisuustasoon sopiva t\u00e4ysravinto<\/li>\n<li>Anna koiralle koirille suunniteltua ruokaa.<\/li>\n<li>Pid\u00e4 ruokakupit ja ruokailualue puhtaina. Poista sy\u00f6m\u00e4tt\u00e4 j\u00e4\u00e4nyt ruoka.<\/li>\n<li>Varmista, ett\u00e4 koiralla on aina tarjolla vett\u00e4.<\/li>\n<li>Tarjoile kuivaruoan lis\u00e4ksi m\u00e4rk\u00e4ruokaa<\/li>\n<li>Pid\u00e4 koirasi normaalipainoisena v\u00e4ltt\u00e4\u00e4ksesi painoon liittyvi\u00e4 ongelmia<\/li>\n<li>Ole tietoinen siit\u00e4, mitk\u00e4 ruoat ovat koiralle haitallisia<\/li>\n<li>Valitse herkk\u00e4vatsaiselle koiralle erityisruoka<\/li>\n<\/ul>\n<p><strong>Lue lis\u00e4\u00e4<\/strong><\/p>\n<ul>\n<li><a href=\"https:\/\/bozita.com\/fi\/mita-koira-ei-saa-syoda\/?lang=fi\">Mit\u00e4 koiran ei tulisi sy\u00f6d\u00e4<\/a><\/li>\n<li><a href=\"https:\/\/bozita.com\/fi\/kantavien-ja-imettavien-narttujen-ruokinta\/?lang=fi\">Kantavat ja imett\u00e4v\u00e4t koirat<\/a><\/li>\n<li><a href=\"https:\/\/bozita.com\/fi\/vaihto-penturuoasta-aikuisen-koiran-ruokaan\/?lang=fi\">Vaihto penturuoasta aikuisen koiran ruokaan<\/a><\/li>\n<li><a href=\"https:\/\/bozita.com\/fi\/koiranruokaa-herkkavatsaisille-koirille\/?lang=fi\">Koiranruokaa herkk\u00e4vatsaisille<\/a><\/li>\n<li><a href=\"https:\/\/bozita.com\/fi\/viljaton-koiranruoka-kaikki-mita-sinun-tarvitsee-tietaa\/?lang=fi\">Viljaton koiranruoka &#8211; kaikki mit\u00e4 sinun tarvitsee tiet\u00e4\u00e4<\/a><\/li>\n<li><a href=\"https:\/\/bozita.com\/fi\/koiranruoka\/?lang=fi\">Bozita koiranruoka &#8211; kaikki mit\u00e4 sinun tarvitsee tiet\u00e4\u00e4<\/a><\/li>\n<\/ul>\n\t\t\t<\/div>\n\t\t<\/div>\n\t<\/div>\n\n\n<section class=\"block full-section-promo\">\n\t<div class=\"container\">\n\t\t<div class=\"mb-3 row align-items-center \n\t\t\t\t\">\n\t\t\t<div class=\"col-md-6\">\n\t\t\t\t\t\t\t\t\t<img decoding=\"async\" src=\"https:\/\/bozita.com\/fi\/wp-content\/uploads\/sites\/11\/2021\/08\/cecilia-hjelm-promo.jpg\" alt=\"\">\n\t\t\t\t\t\n\t\t\t<\/div>\n\t\t\t<div class=\"col-md-6\">\n\t\t\t\t<h2>CECILIA HJELM <\/h2><p>Koulutettu lemmikkiagrologi ja ravitsemukseen erikoistunut  tuotekehittelij\u00e4 <\/p>\t\t\t<\/div>\n\t\t<\/div>\n\n\n\t<\/div>\n<\/section>\n","protected":false},"excerpt":{"rendered":"","protected":false},"author":1,"featured_media":0,"parent":0,"menu_order":0,"comment_status":"closed","ping_status":"closed","template":"guternberg.php","meta":{"footnotes":""},"acf":[],"yoast_head":"<!-- This site is optimized with the Yoast SEO plugin v21.3 - https:\/\/yoast.com\/wordpress\/plugins\/seo\/ -->\n<title>Mit\u00e4 ruokaa ja kuinka paljon koiran pit\u00e4\u00e4 sy\u00f6d\u00e4 p\u00e4iv\u00e4ss\u00e4 - Bozita Finland<\/title>\n<meta name=\"description\" content=\"Hyv\u00e4 ja tasapainoinen koiranruoka on t\u00e4rke\u00e4 osa koirasi hyvinvointia. Bozita neuvoo mit\u00e4, kuinka paljon ja kuinka usein koiran pit\u00e4isi p\u00e4ivitt\u00e4in sy\u00f6d\u00e4\" \/>\n<meta name=\"robots\" content=\"index, follow, max-snippet:-1, max-image-preview:large, max-video-preview:-1\" \/>\n<link rel=\"canonical\" href=\"https:\/\/bozita.com\/fi\/mita-ruokaa-ja-kuinka-paljon-koiran-pitaa-syoda-paivassa\/\" \/>\n<meta property=\"og:locale\" content=\"fi_FI\" \/>\n<meta property=\"og:type\" content=\"article\" \/>\n<meta property=\"og:title\" content=\"Mit\u00e4 ruokaa ja kuinka paljon koiran pit\u00e4\u00e4 sy\u00f6d\u00e4 p\u00e4iv\u00e4ss\u00e4 - Bozita Finland\" \/>\n<meta property=\"og:description\" content=\"Hyv\u00e4 ja tasapainoinen koiranruoka on t\u00e4rke\u00e4 osa koirasi hyvinvointia. Bozita neuvoo mit\u00e4, kuinka paljon ja kuinka usein koiran pit\u00e4isi p\u00e4ivitt\u00e4in sy\u00f6d\u00e4\" \/>\n<meta property=\"og:url\" content=\"https:\/\/bozita.com\/fi\/mita-ruokaa-ja-kuinka-paljon-koiran-pitaa-syoda-paivassa\/\" \/>\n<meta property=\"og:site_name\" content=\"Bozita Finland\" \/>\n<meta property=\"article:modified_time\" content=\"2023-02-27T14:21:49+00:00\" \/>\n<meta property=\"og:image\" content=\"https:\/\/bozita.com\/fi\/wp-content\/uploads\/sites\/11\/2021\/08\/bozita_swedish-natural-quality.jpg\" \/>\n\t<meta property=\"og:image:width\" content=\"800\" \/>\n\t<meta property=\"og:image:height\" content=\"533\" \/>\n\t<meta property=\"og:image:type\" content=\"image\/jpeg\" \/>\n<meta name=\"twitter:card\" content=\"summary_large_image\" \/>\n<!-- \/ Yoast SEO plugin. -->","yoast_head_json":{"title":"Mit\u00e4 ruokaa ja kuinka paljon koiran pit\u00e4\u00e4 sy\u00f6d\u00e4 p\u00e4iv\u00e4ss\u00e4 - Bozita Finland","description":"Hyv\u00e4 ja tasapainoinen koiranruoka on t\u00e4rke\u00e4 osa koirasi hyvinvointia. Bozita neuvoo mit\u00e4, kuinka paljon ja kuinka usein koiran pit\u00e4isi p\u00e4ivitt\u00e4in sy\u00f6d\u00e4","robots":{"index":"index","follow":"follow","max-snippet":"max-snippet:-1","max-image-preview":"max-image-preview:large","max-video-preview":"max-video-preview:-1"},"canonical":"https:\/\/bozita.com\/fi\/mita-ruokaa-ja-kuinka-paljon-koiran-pitaa-syoda-paivassa\/","og_locale":"fi_FI","og_type":"article","og_title":"Mit\u00e4 ruokaa ja kuinka paljon koiran pit\u00e4\u00e4 sy\u00f6d\u00e4 p\u00e4iv\u00e4ss\u00e4 - Bozita Finland","og_description":"Hyv\u00e4 ja tasapainoinen koiranruoka on t\u00e4rke\u00e4 osa koirasi hyvinvointia. Bozita neuvoo mit\u00e4, kuinka paljon ja kuinka usein koiran pit\u00e4isi p\u00e4ivitt\u00e4in sy\u00f6d\u00e4","og_url":"https:\/\/bozita.com\/fi\/mita-ruokaa-ja-kuinka-paljon-koiran-pitaa-syoda-paivassa\/","og_site_name":"Bozita Finland","article_modified_time":"2023-02-27T14:21:49+00:00","og_image":[{"width":800,"height":533,"url":"https:\/\/bozita.com\/fi\/wp-content\/uploads\/sites\/11\/2021\/08\/bozita_swedish-natural-quality.jpg","type":"image\/jpeg"}],"twitter_card":"summary_large_image","schema":{"@context":"https:\/\/schema.org","@graph":[{"@type":"WebPage","@id":"https:\/\/bozita.com\/fi\/mita-ruokaa-ja-kuinka-paljon-koiran-pitaa-syoda-paivassa\/","url":"https:\/\/bozita.com\/fi\/mita-ruokaa-ja-kuinka-paljon-koiran-pitaa-syoda-paivassa\/","name":"Mit\u00e4 ruokaa ja kuinka paljon koiran pit\u00e4\u00e4 sy\u00f6d\u00e4 p\u00e4iv\u00e4ss\u00e4 - Bozita Finland","isPartOf":{"@id":"https:\/\/bozita.com\/fi\/#website"},"datePublished":"2022-08-31T07:40:22+00:00","dateModified":"2023-02-27T14:21:49+00:00","description":"Hyv\u00e4 ja tasapainoinen koiranruoka on t\u00e4rke\u00e4 osa koirasi hyvinvointia. Bozita neuvoo mit\u00e4, kuinka paljon ja kuinka usein koiran pit\u00e4isi p\u00e4ivitt\u00e4in sy\u00f6d\u00e4","breadcrumb":{"@id":"https:\/\/bozita.com\/fi\/mita-ruokaa-ja-kuinka-paljon-koiran-pitaa-syoda-paivassa\/#breadcrumb"},"inLanguage":"fi","potentialAction":[{"@type":"ReadAction","target":["https:\/\/bozita.com\/fi\/mita-ruokaa-ja-kuinka-paljon-koiran-pitaa-syoda-paivassa\/"]}]},{"@type":"BreadcrumbList","@id":"https:\/\/bozita.com\/fi\/mita-ruokaa-ja-kuinka-paljon-koiran-pitaa-syoda-paivassa\/#breadcrumb","itemListElement":[{"@type":"ListItem","position":1,"name":"Koti","item":"https:\/\/bozita.com\/fi\/"},{"@type":"ListItem","position":2,"name":"Mit\u00e4 ruokaa ja kuinka paljon koiran pit\u00e4\u00e4 sy\u00f6d\u00e4 p\u00e4iv\u00e4ss\u00e4"}]},{"@type":"WebSite","@id":"https:\/\/bozita.com\/fi\/#website","url":"https:\/\/bozita.com\/fi\/","name":"Bozita Finland","description":"","potentialAction":[{"@type":"SearchAction","target":{"@type":"EntryPoint","urlTemplate":"https:\/\/bozita.com\/fi\/?s={search_term_string}"},"query-input":"required name=search_term_string"}],"inLanguage":"fi"}]}},"_links":{"self":[{"href":"https:\/\/bozita.com\/fi\/wp-json\/wp\/v2\/pages\/7001"}],"collection":[{"href":"https:\/\/bozita.com\/fi\/wp-json\/wp\/v2\/pages"}],"about":[{"href":"https:\/\/bozita.com\/fi\/wp-json\/wp\/v2\/types\/page"}],"author":[{"embeddable":true,"href":"https:\/\/bozita.com\/fi\/wp-json\/wp\/v2\/users\/1"}],"replies":[{"embeddable":true,"href":"https:\/\/bozita.com\/fi\/wp-json\/wp\/v2\/comments?post=7001"}],"version-history":[{"count":3,"href":"https:\/\/bozita.com\/fi\/wp-json\/wp\/v2\/pages\/7001\/revisions"}],"predecessor-version":[{"id":7472,"href":"https:\/\/bozita.com\/fi\/wp-json\/wp\/v2\/pages\/7001\/revisions\/7472"}],"wp:attachment":[{"href":"https:\/\/bozita.com\/fi\/wp-json\/wp\/v2\/media?parent=7001"}],"curies":[{"name":"wp","href":"https:\/\/api.w.org\/{rel}","templated":true}]}}