{"id":7008,"date":"2022-08-31T07:40:51","date_gmt":"2022-08-31T07:40:51","guid":{"rendered":"https:\/\/bozita.com\/fi\/vaeltaminen-koiran-kanssa\/"},"modified":"2025-03-05T10:04:36","modified_gmt":"2025-03-05T10:04:36","slug":"vaeltaminen-koiran-kanssa","status":"publish","type":"page","link":"https:\/\/bozita.com\/fi\/aktiovoi-koirasi\/vaeltaminen-koiran-kanssa\/","title":{"rendered":"Vaeltaminen koiran kanssa"},"content":{"rendered":"\t\t<section class=\"small-hero\">\n\t\t\t<div class=\"container\">\n\t\t\t\t<h1 class=\"small-hero-title\">Vaeltaminen koiran kanssa<\/h1>\t\t\t<\/div>\n\t\t\t<\/div>\n\t\t<\/section>\n\t\n\n\t<div class=\"text-box-warp\">\n\t\t<div class=\"container\">\n\t\t\t<div class=\"text-content\">\n\t\t\t\t<p>Koiran kanssa voi harrastaa monenlaisia aktiviteetteja, joista alati yleistyv\u00e4 vaeltaminen on yksi. Ruotsissa on paljon reittej\u00e4, eik\u00e4 sinun v\u00e4ltt\u00e4m\u00e4tt\u00e4 tarvitse l\u00e4hte\u00e4 kauas kotoa l\u00f6yt\u00e4\u00e4ksesi kauniita polkuja.<\/p>\n<h2>MUISTETTAVAA KOIRAN KANSSA VAELTAESSA<\/h2>\n<p>Kannattaa kuitenkin pit\u00e4\u00e4 muutama asia mieless\u00e4 kun l\u00e4hdet koiran kanssa vaeltamaan.<\/p>\n<h3>OLE FYYSISESTI VALMISTAUTUNUT<\/h3>\n<p>Ensimm\u00e4inen t\u00e4rke\u00e4 asia kun ajattelet koiran kanssa vaeltamista on, ett\u00e4 olette molemmat fyysisesti valmiita valmitsemallenne reitille. Valitse reitti oman tasonne mukaan ja ota reittivalinnassa huomioon koiran ik\u00e4 ja kunto. T\u00e4m\u00e4 pienent\u00e4\u00e4 teid\u00e4n molempien loukkaantumisriski\u00e4. Pidenn\u00e4 ja vaikeuta reittej\u00e4 asteittain kun kykynne lis\u00e4\u00e4ntyv\u00e4t.<\/p>\n<h3>T\u00c4YDENN\u00c4 NESTE- JA ENERGIAVARASTOT<\/h3>\n<p>Koska koirasi liikkuu normaalia enemm\u00e4n vaelluksella t\u00e4m\u00e4 pit\u00e4\u00e4 ottaa huomioon ja nostaa ruoan m\u00e4\u00e4r\u00e4 vastaamaan rasitusta. Tauoilla hyv\u00e4 v\u00e4lipala on <a href=\"https:\/\/bozita.com\/fi\/bozita-koirien-markaruoka\/?lang=fi\">Bozitan m\u00e4rk\u00e4ruoka<\/a>. Se on erinomainen tapa antaa koiralle ei vain lis\u00e4energiaa vaan my\u00f6s nestett\u00e4. Voit my\u00f6s sekoittaa v\u00e4h\u00e4n m\u00e4rk\u00e4ruokaa veden sekaan ja n\u00e4in &#8221;huijaat&#8221; koiraa juomaan enemm\u00e4n. Nesteen riitt\u00e4v\u00e4 m\u00e4\u00e4r\u00e4 on eritt\u00e4in t\u00e4rke\u00e4 seikka vaeltaessa koiran kanssa, joten pakkaa mukaan v\u00e4h\u00e4n enemm\u00e4n vett\u00e4 kuin luulet tarvitsevanne. Kokoontaitettava ruokakuppi s\u00e4\u00e4st\u00e4\u00e4 rinkassa tilaa, sit\u00e4 voi k\u00e4ytt\u00e4\u00e4 sek\u00e4 ruoan ett\u00e4 veden tarjoiluun. Mik\u00e4li koirasi on harjoitellut satalalaukun k\u00e4ytt\u00e4mist\u00e4, se voi kantaa oman ruokansa ja vetens\u00e4.<\/p>\n<p><img loading=\"lazy\" decoding=\"async\" class=\"alignnone size-medium wp-image-1228\" src=\"https:\/\/bozita.midnightmachines.io\/se\/wp-content\/uploads\/sites\/5\/2021\/06\/bozita-vandra-med-hund-300x200.jpg\" alt=\"\" width=\"300\" height=\"200\" srcset=\"https:\/\/bozita.com\/fi\/wp-content\/uploads\/sites\/11\/2021\/06\/bozita-vandra-med-hund-300x200.jpg 300w, https:\/\/bozita.com\/fi\/wp-content\/uploads\/sites\/11\/2021\/06\/bozita-vandra-med-hund.jpg 500w\" sizes=\"(max-width: 300px) 100vw, 300px\" \/><\/p>\n<h3>VAELTAMINEN KOIRAN KANSSA &#8211; TARKISTA HIHNASSAPITOS\u00c4\u00c4NN\u00d6T<\/h3>\n<p>Toinen asia, joka on hyv\u00e4 tarkistaa on mink\u00e4laiset s\u00e4\u00e4nn\u00f6t hihnassaolon suhteen kohteessanne on. Tietyiss\u00e4 paikoissa, kuten luonnonsuojelualueilla, koiran pit\u00e4\u00e4 aina olla hihnassa.<\/p>\n<h3>LUE KANSALLISPUISTON S\u00c4\u00c4NN\u00d6T<\/h3>\n<p>Jos olet l\u00e4hd\u00f6ss\u00e4 koirasi kanssa vaeltamaan yhteen Ruotsin kansallispuistoista, tutustu s\u00e4\u00e4nt\u00f6ihin ennen l\u00e4ht\u00f6\u00e4. L\u00f6yd\u00e4t lis\u00e4tietoa t\u00e4\u00e4lt\u00e4 <a title=\"About National Parks in Sweden\" href=\"http:\/\/sverigesnationalparker.se\/om-sveriges-nationalparker\/\" target=\"_blank\" rel=\"noopener\">sverigesnationalparker.se\/om-sveriges-nationalparker<\/a>.<\/p>\n<h3>PAKKA MUKAAN ENSIAPUPAKKAUS KOIRALLESI<\/h3>\n<p>Pakkaa mukaan koiran ensiapupakkaus ja muista tassujen suojaaminen. Jos koira sattuu satuttamaan tassunsa voit joutua kantamaan sit\u00e4 hyvin pitk\u00e4n matkan. <\/p>\n<h3>KIRJOITA H\u00c4T\u00c4EL\u00c4INL\u00c4\u00c4K\u00c4RIN NUMERO MUISTIIN <\/h3>\n<p>Ota mukaan l\u00e4himm\u00e4n p\u00e4ivyst\u00e4v\u00e4n el\u00e4inl\u00e4\u00e4k\u00e4rin numero onnettomuuksien varalta kun olet vaeltamassa koirasi kanssa.<\/p>\n\t\t\t<\/div>\n\t\t<\/div>\n\t<\/div>\n\n\n\n\t<section class=\"block related-articles\">\n\t\t<div class=\"container\">\n\t\t\t<h2>Aiheeseen liittyvi\u00e4 artikkeleita<\/h2>\n\t\t\t<div class=\"row justify-content-center\">\n\t\t\t\t\t\t\t\t\t\t<div class=\"col-sm-6 col-md-6 col-lg-3\">\n\t\t\t\t\t\t\t\t\t\t\t\t\t\t<div class=\"card \">\n\t\t\t\t\t\t\t\t\t\t\t\t\t\t\t\t\t<img decoding=\"async\"  src=\"https:\/\/bozita.com\/fi\/wp-content\/uploads\/sites\/11\/2021\/08\/bozita-hund-reflexer-reflexvast.jpeg\" alt=\"\">\n\t\t\t\t\t\t\t\t\t\t\t\t\t\t\t\t\t<!-- <img decoding=\"async\" src=\"\n\t\t\t\t\t\t\t\t\t\t\t\t\t\t\t\t\t\t\t\t\" alt=\"\n\t\t\t\t\t\t\t\t\t\t\t\t\t\t\t\t\t\t\t\t\t\t\t\t\t\t\t\"> -->\n\t\t\t\t\t\t\t\t<div class=\"card-body\">\n\t\t\t\t\t\t\t\t\t\t\t\t\t\t\t\t\t\t\t<h6>Koiran heijastin &#8211; yksinkertainen henkivakuutus<\/h6>\n\t\t\t\t\t\t\t\t\t\t\t\t\t\t\t\t\t\t\t<a href=\"https:\/\/bozita.com\/fi\/aktiovoi-koirasi\/koiran-heijastin-yksinkertainen-henkivakuutus\/\">Lue lis\u00e4\u00e4 &nbsp; ><\/a>\n\t\t\t\t\t\t\t\t<\/div>\n\t\t\t\t\t\t\t<\/div>\n\t\t\t\t\t\t<\/div>\n\n\t\t\t\t\t\t\t\t\t\t\t<div class=\"col-sm-6 col-md-6 col-lg-3\">\n\t\t\t\t\t\t\t\t\t\t\t\t\t\t<div class=\"card \">\n\t\t\t\t\t\t\t\t\t\t\t\t\t\t\t\t\t<img decoding=\"async\"  src=\"https:\/\/bozita.com\/fi\/wp-content\/uploads\/sites\/11\/2021\/08\/bozita-ta-med-hunden-till-fjallen.jpeg\" alt=\"\">\n\t\t\t\t\t\t\t\t\t\t\t\t\t\t\t\t\t<!-- <img decoding=\"async\" src=\"\n\t\t\t\t\t\t\t\t\t\t\t\t\t\t\t\t\t\t\t\t\" alt=\"\n\t\t\t\t\t\t\t\t\t\t\t\t\t\t\t\t\t\t\t\t\t\t\t\t\t\t\t\"> -->\n\t\t\t\t\t\t\t\t<div class=\"card-body\">\n\t\t\t\t\t\t\t\t\t\t\t\t\t\t\t\t\t\t\t<h6>Loma koiran kanssa tuntureilla<\/h6>\n\t\t\t\t\t\t\t\t\t\t\t\t\t\t\t\t\t\t\t<a href=\"https:\/\/bozita.com\/fi\/aktiovoi-koirasi\/loma-koiran-kanssa-tuntureilla\/\">Lue lis\u00e4\u00e4 &nbsp; ><\/a>\n\t\t\t\t\t\t\t\t<\/div>\n\t\t\t\t\t\t\t<\/div>\n\t\t\t\t\t\t<\/div>\n\n\t\t\t\t\t\t\t\t\t\t\t<div class=\"col-sm-6 col-md-6 col-lg-3\">\n\t\t\t\t\t\t\t\t\t\t\t\t\t\t<div class=\"card \">\n\t\t\t\t\t\t\t\t\t\t\t\t\t\t\t\t\t<img decoding=\"async\"  src=\"https:\/\/bozita.com\/fi\/wp-content\/uploads\/sites\/11\/2021\/06\/bozita-smakgaranti-hundmat-kattmat.jpeg\" alt=\"\">\n\t\t\t\t\t\t\t\t\t\t\t\t\t\t\t\t\t<!-- <img decoding=\"async\" src=\"\n\t\t\t\t\t\t\t\t\t\t\t\t\t\t\t\t\t\t\t\t\" alt=\"\n\t\t\t\t\t\t\t\t\t\t\t\t\t\t\t\t\t\t\t\t\t\t\t\t\t\t\t\"> -->\n\t\t\t\t\t\t\t\t<div class=\"card-body\">\n\t\t\t\t\t\t\t\t\t\t\t\t\t\t\t\t\t\t\t<h6>Koirakurssit ja aktiviteetit<\/h6>\n\t\t\t\t\t\t\t\t\t\t\t\t\t\t\t\t\t\t\t<a href=\"https:\/\/bozita.com\/fi\/aktiovoi-koirasi\/koirakurssit-ja-aktiviteetit\/\">Lue lis\u00e4\u00e4 &nbsp; ><\/a>\n\t\t\t\t\t\t\t\t<\/div>\n\t\t\t\t\t\t\t<\/div>\n\t\t\t\t\t\t<\/div>\n\n\t\t\t\t\t\t\t\t\t\t\t\t<\/div>\n\t\t<\/div>\n\t<\/section>\n","protected":false},"excerpt":{"rendered":"","protected":false},"author":1,"featured_media":7010,"parent":6361,"menu_order":0,"comment_status":"closed","ping_status":"closed","template":"guternberg.php","meta":{"footnotes":""},"acf":[],"yoast_head":"<!-- This site is optimized with the Yoast SEO plugin v21.3 - https:\/\/yoast.com\/wordpress\/plugins\/seo\/ -->\n<title>Vaeltaminen koiran kanssa - Bozita Finland<\/title>\n<meta name=\"description\" content=\"Kun l\u00e4hdet koiran kanssa retkelle on hyv\u00e4 olla hyvin valmistautunut, jotta saatte k\u00e4velyst\u00e4 ihanan kokemuksen. Autamme muistamaan tarpeelliset asiat.\" \/>\n<meta name=\"robots\" content=\"index, follow, max-snippet:-1, max-image-preview:large, max-video-preview:-1\" \/>\n<link rel=\"canonical\" href=\"https:\/\/bozita.com\/fi\/aktiovoi-koirasi\/vaeltaminen-koiran-kanssa\/\" \/>\n<meta property=\"og:locale\" content=\"fi_FI\" \/>\n<meta property=\"og:type\" content=\"article\" \/>\n<meta property=\"og:title\" content=\"Vaeltaminen koiran kanssa - Bozita Finland\" \/>\n<meta property=\"og:description\" content=\"Kun l\u00e4hdet koiran kanssa retkelle on hyv\u00e4 olla hyvin valmistautunut, jotta saatte k\u00e4velyst\u00e4 ihanan kokemuksen. Autamme muistamaan tarpeelliset asiat.\" \/>\n<meta property=\"og:url\" content=\"https:\/\/bozita.com\/fi\/aktiovoi-koirasi\/vaeltaminen-koiran-kanssa\/\" \/>\n<meta property=\"og:site_name\" content=\"Bozita Finland\" \/>\n<meta property=\"article:modified_time\" content=\"2025-03-05T10:04:36+00:00\" \/>\n<meta property=\"og:image\" content=\"https:\/\/bozita.com\/fi\/wp-content\/uploads\/sites\/11\/2021\/08\/bozita-vandra-med-hund-300x200-1.jpg\" \/>\n\t<meta property=\"og:image:width\" content=\"300\" \/>\n\t<meta property=\"og:image:height\" content=\"200\" \/>\n\t<meta property=\"og:image:type\" content=\"image\/jpeg\" \/>\n<meta name=\"twitter:card\" content=\"summary_large_image\" \/>\n<!-- \/ Yoast SEO plugin. -->","yoast_head_json":{"title":"Vaeltaminen koiran kanssa - Bozita Finland","description":"Kun l\u00e4hdet koiran kanssa retkelle on hyv\u00e4 olla hyvin valmistautunut, jotta saatte k\u00e4velyst\u00e4 ihanan kokemuksen. Autamme muistamaan tarpeelliset asiat.","robots":{"index":"index","follow":"follow","max-snippet":"max-snippet:-1","max-image-preview":"max-image-preview:large","max-video-preview":"max-video-preview:-1"},"canonical":"https:\/\/bozita.com\/fi\/aktiovoi-koirasi\/vaeltaminen-koiran-kanssa\/","og_locale":"fi_FI","og_type":"article","og_title":"Vaeltaminen koiran kanssa - Bozita Finland","og_description":"Kun l\u00e4hdet koiran kanssa retkelle on hyv\u00e4 olla hyvin valmistautunut, jotta saatte k\u00e4velyst\u00e4 ihanan kokemuksen. Autamme muistamaan tarpeelliset asiat.","og_url":"https:\/\/bozita.com\/fi\/aktiovoi-koirasi\/vaeltaminen-koiran-kanssa\/","og_site_name":"Bozita Finland","article_modified_time":"2025-03-05T10:04:36+00:00","og_image":[{"width":300,"height":200,"url":"https:\/\/bozita.com\/fi\/wp-content\/uploads\/sites\/11\/2021\/08\/bozita-vandra-med-hund-300x200-1.jpg","type":"image\/jpeg"}],"twitter_card":"summary_large_image","schema":{"@context":"https:\/\/schema.org","@graph":[{"@type":"WebPage","@id":"https:\/\/bozita.com\/fi\/aktiovoi-koirasi\/vaeltaminen-koiran-kanssa\/","url":"https:\/\/bozita.com\/fi\/aktiovoi-koirasi\/vaeltaminen-koiran-kanssa\/","name":"Vaeltaminen koiran kanssa - Bozita Finland","isPartOf":{"@id":"https:\/\/bozita.com\/fi\/#website"},"datePublished":"2022-08-31T07:40:51+00:00","dateModified":"2025-03-05T10:04:36+00:00","description":"Kun l\u00e4hdet koiran kanssa retkelle on hyv\u00e4 olla hyvin valmistautunut, jotta saatte k\u00e4velyst\u00e4 ihanan kokemuksen. Autamme muistamaan tarpeelliset asiat.","breadcrumb":{"@id":"https:\/\/bozita.com\/fi\/aktiovoi-koirasi\/vaeltaminen-koiran-kanssa\/#breadcrumb"},"inLanguage":"fi","potentialAction":[{"@type":"ReadAction","target":["https:\/\/bozita.com\/fi\/aktiovoi-koirasi\/vaeltaminen-koiran-kanssa\/"]}]},{"@type":"BreadcrumbList","@id":"https:\/\/bozita.com\/fi\/aktiovoi-koirasi\/vaeltaminen-koiran-kanssa\/#breadcrumb","itemListElement":[{"@type":"ListItem","position":1,"name":"Koti","item":"https:\/\/bozita.com\/fi\/"},{"@type":"ListItem","position":2,"name":"Aktivoi koiraasi","item":"https:\/\/bozita.com\/fi\/aktiovoi-koirasi\/"},{"@type":"ListItem","position":3,"name":"Vaeltaminen koiran kanssa"}]},{"@type":"WebSite","@id":"https:\/\/bozita.com\/fi\/#website","url":"https:\/\/bozita.com\/fi\/","name":"Bozita Finland","description":"","potentialAction":[{"@type":"SearchAction","target":{"@type":"EntryPoint","urlTemplate":"https:\/\/bozita.com\/fi\/?s={search_term_string}"},"query-input":"required name=search_term_string"}],"inLanguage":"fi"}]}},"_links":{"self":[{"href":"https:\/\/bozita.com\/fi\/wp-json\/wp\/v2\/pages\/7008"}],"collection":[{"href":"https:\/\/bozita.com\/fi\/wp-json\/wp\/v2\/pages"}],"about":[{"href":"https:\/\/bozita.com\/fi\/wp-json\/wp\/v2\/types\/page"}],"author":[{"embeddable":true,"href":"https:\/\/bozita.com\/fi\/wp-json\/wp\/v2\/users\/1"}],"replies":[{"embeddable":true,"href":"https:\/\/bozita.com\/fi\/wp-json\/wp\/v2\/comments?post=7008"}],"version-history":[{"count":4,"href":"https:\/\/bozita.com\/fi\/wp-json\/wp\/v2\/pages\/7008\/revisions"}],"predecessor-version":[{"id":11242,"href":"https:\/\/bozita.com\/fi\/wp-json\/wp\/v2\/pages\/7008\/revisions\/11242"}],"up":[{"embeddable":true,"href":"https:\/\/bozita.com\/fi\/wp-json\/wp\/v2\/pages\/6361"}],"wp:featuredmedia":[{"embeddable":true,"href":"https:\/\/bozita.com\/fi\/wp-json\/wp\/v2\/media\/7010"}],"wp:attachment":[{"href":"https:\/\/bozita.com\/fi\/wp-json\/wp\/v2\/media?parent=7008"}],"curies":[{"name":"wp","href":"https:\/\/api.w.org\/{rel}","templated":true}]}}