{"id":7015,"date":"2022-08-31T07:41:10","date_gmt":"2022-08-31T07:41:10","guid":{"rendered":"https:\/\/bozita.com\/fi\/yhteenottosi-on-aina-tervetullut\/"},"modified":"2025-01-16T11:50:31","modified_gmt":"2025-01-16T11:50:31","slug":"yhteenottosi-on-aina-tervetullut","status":"publish","type":"page","link":"https:\/\/bozita.com\/fi\/yhteenottosi-on-aina-tervetullut\/","title":{"rendered":"Yhteydenottosi on aina tervetullut"},"content":{"rendered":"\t\t<section class=\"small-hero\">\n\t\t\t<div class=\"container\">\n\t\t\t\t<h1 class=\"small-hero-title\">Yhteydenottosi on aina tervetullut<\/h1>\t\t\t<\/div>\n\t\t\t<\/div>\n\t\t<\/section>\n\t\n\n\t<div class=\"text-box-warp\">\n\t\t<div class=\"container\">\n\t\t\t<div class=\"text-content\">\n\t\t\t\t<div class=\"article__introduction\">\n<p>Bozita\/Partner in Pet Food Nordics AB<br \/>\nDoggyv\u00e4gen 1<br \/>\n447 84 V\u00e5rg\u00e5rda<\/p>\n<p>Puh: <a href=\"tel:+46771646400\">+46771-64 64 00<\/a><\/p>\n<\/div>\n\t\t\t<\/div>\n\t\t<\/div>\n\t<\/div>\n\n\n\t<section class=\"block section-promos\">\n\t\t<div class=\"container\">\n\t\t\t<div class=\"row\">\n\t\t\t\t\t\t\t\t\t\t<div class=\"col-md-6 col-lg-4 condensed_V2\">\n\t\t\t\t\t\t\t<div class=\"card\">\n\t\t\t\t\t\t\t\t\t\t\t\t\t\t\t\t\t<img decoding=\"async\" class=\"card-img-top\" src=\"https:\/\/bozita.com\/fi\/wp-content\/uploads\/sites\/11\/2021\/06\/bozita-about-us.jpeg\" alt=\"\">\n\t\t\t\t\t\t\t\t\t\t\t\t\t\t\t\t<div class=\"card-body\">\n\t\t\t\t\t\t\t\t\t<h5 class=\"card-title\">TIETOA BOZITASTA<\/h5>\n\t\t\t\t\t\t\t\t\t<p class=\"card-text\">Olemme valmistaneet kissan- ja koiranruokaa yli 100 vuoden ajan! Kaikki lemmikkiruokamme on valmistettu V\u00e5rg\u00e5rdassa korkealaatuisimmista aineksista.<\/p>\n\t\t\t\t\t\t\t\t\t\t\t\t\t\t\t\t\t\t\t<a target=\"\" href=\"https:\/\/bozita.com\/fi\/bozitasta\/\" class=\"btn btn-white\">Tietoa Bozitasta<\/a>\n\t\t\t\t\t\t\t\t\t\t\t\t\t\t\t\t\t\t<\/div>\n\t\t\t\t\t\t\t<\/div>\n\t\t\t\t\t\t<\/div>\n\t\t\t\t\t\t\t\t\t\t\t\t<div class=\"col-md-6 col-lg-4 condensed_V2\">\n\t\t\t\t\t\t\t<div class=\"card\">\n\t\t\t\t\t\t\t\t\t\t\t\t\t\t\t\t\t<img decoding=\"async\" class=\"card-img-top\" src=\"https:\/\/bozita.com\/fi\/wp-content\/uploads\/sites\/11\/2021\/06\/bozita-breeders-club-dog-cat.jpeg\" alt=\"\">\n\t\t\t\t\t\t\t\t\t\t\t\t\t\t\t\t<div class=\"card-body\">\n\t\t\t\t\t\t\t\t\t<h5 class=\"card-title\">KASVATTAJILLE<\/h5>\n\t\t\t\t\t\t\t\t\t<p class=\"card-text\">Jos olet kissan- tai koirankasvattaja, jolla on v\u00e4hint\u00e4\u00e4n yksi pentua kolmessa vuodessa voit liitty\u00e4 klubiimme, Bozita Kasvattajien Klubi.<\/p>\n\t\t\t\t\t\t\t\t\t\t\t\t\t\t\t\t\t\t\t<a target=\"\" href=\"https:\/\/bozita.com\/fi\/bozita-breeders-club\/\" class=\"btn btn-white\">Bozita Kasvattajien Klubi<\/a>\n\t\t\t\t\t\t\t\t\t\t\t\t\t\t\t\t\t\t<\/div>\n\t\t\t\t\t\t\t<\/div>\n\t\t\t\t\t\t<\/div>\n\t\t\t\t\t\t\t\t\t\t\t\t<div class=\"col-md-6 col-lg-4 condensed_V2\">\n\t\t\t\t\t\t\t<div class=\"card\">\n\t\t\t\t\t\t\t\t\t\t\t\t\t\t\t\t\t<img decoding=\"async\" class=\"card-img-top\" src=\"https:\/\/bozita.com\/fi\/wp-content\/uploads\/sites\/11\/2021\/06\/bozita-hallbarhet.jpeg\" alt=\"\">\n\t\t\t\t\t\t\t\t\t\t\t\t\t\t\t\t<div class=\"card-body\">\n\t\t\t\t\t\t\t\t\t<h5 class=\"card-title\">Kest\u00e4vyys<\/h5>\n\t\t\t\t\t\t\t\t\t<p class=\"card-text\">Tavoitteenamme on tuottaa parasta koiran- ja kissanruokaa huomioiden kest\u00e4vyys, ymp\u00e4rist\u00f6 sek\u00e4 jaettu tulevaisuutemme.<\/p>\n\t\t\t\t\t\t\t\t\t\t\t\t\t\t\t\t\t\t\t<a target=\"\" href=\"https:\/\/bozita.com\/fi\/kestavaa-elaimille-ja-luonnolle\/\" class=\"btn btn-white\">Kest\u00e4v\u00e4\u00e4 \u2013 el\u00e4imille ja luonnolle<\/a>\n\t\t\t\t\t\t\t\t\t\t\t\t\t\t\t\t\t\t<\/div>\n\t\t\t\t\t\t\t<\/div>\n\t\t\t\t\t\t<\/div>\n\t\t\t\t\t\t\t\t\t\t\t\t<div class=\"col-md-6 col-lg-4 condensed_V2\">\n\t\t\t\t\t\t\t<div class=\"card\">\n\t\t\t\t\t\t\t\t\t\t\t\t\t\t\t\t\t<img decoding=\"async\" class=\"card-img-top\" src=\"https:\/\/bozita.com\/fi\/wp-content\/uploads\/sites\/11\/2021\/06\/bozita-smakgaranti-hundmat-kattmat.jpeg\" alt=\"\">\n\t\t\t\t\t\t\t\t\t\t\t\t\t\t\t\t<div class=\"card-body\">\n\t\t\t\t\t\t\t\t\t<h5 class=\"card-title\">MAKUTAKUU<\/h5>\n\t\t\t\t\t\t\t\t\t<p class=\"card-text\">Takuullamme saat rahasi takaisin mik\u00e4li kissasi tai koirasi ei pid\u00e4 ruoastamme.<\/p>\n\t\t\t\t\t\t\t\t\t\t\t\t\t\t\t\t\t\t\t<a target=\"\" href=\"https:\/\/bozita.com\/fi\/makutakuu\/\" class=\"btn btn-white\">MAKUTAKUU<\/a>\n\t\t\t\t\t\t\t\t\t\t\t\t\t\t\t\t\t\t<\/div>\n\t\t\t\t\t\t\t<\/div>\n\t\t\t\t\t\t<\/div>\n\t\t\t\t\t\t\t\t\t\t\t\t<div class=\"col-md-6 col-lg-4 condensed_V2\">\n\t\t\t\t\t\t\t<div class=\"card\">\n\t\t\t\t\t\t\t\t\t\t\t\t\t\t\t\t\t<img decoding=\"async\" class=\"card-img-top\" src=\"https:\/\/bozita.com\/fi\/wp-content\/uploads\/sites\/11\/2021\/06\/bozita-miljovanlig-forpackning-tetra-recart.jpeg\" alt=\"\">\n\t\t\t\t\t\t\t\t\t\t\t\t\t\t\t\t<div class=\"card-body\">\n\t\t\t\t\t\t\t\t\t<h5 class=\"card-title\">PAKKAUKSET<\/h5>\n\t\t\t\t\t\t\t\t\t<p class=\"card-text\">Monet m\u00e4rk\u00e4ruoistamme on Tetra Recart \u2013pakkauksessa. Se on ymp\u00e4rist\u00f6yst\u00e4v\u00e4llinen pakkaus, jonka voi kierr\u00e4tt\u00e4\u00e4 paperina ja pahvina.<\/p>\n\t\t\t\t\t\t\t\t\t\t\t\t\t\t\t\t\t\t\t<a target=\"\" href=\"https:\/\/bozita.com\/fi\/tetra-recart-ymparistoystavallinen-pakkaus-markaruoalle\/\" class=\"btn btn-white\">Tetra Recart\u00ae \u2013 m\u00e4rk\u00e4ruoan ymp\u00e4rist\u00f6yst\u00e4v\u00e4llinen pakkaus<\/a>\n\t\t\t\t\t\t\t\t\t\t\t\t\t\t\t\t\t\t<\/div>\n\t\t\t\t\t\t\t<\/div>\n\t\t\t\t\t\t<\/div>\n\t\t\t\t\t\t\t\t\t\t\t\t<div class=\"col-md-6 col-lg-4 condensed_V2\">\n\t\t\t\t\t\t\t<div class=\"card\">\n\t\t\t\t\t\t\t\t\t\t\t\t\t\t\t\t\t<img decoding=\"async\" class=\"card-img-top\" src=\"\" alt=\"\">\n\t\t\t\t\t\t\t\t\t\t\t\t\t\t\t\t<div class=\"card-body\">\n\t\t\t\t\t\t\t\t\t<h5 class=\"card-title\">L\u00c4HETTIL\u00c4\u00c4T<\/h5>\n\t\t\t\t\t\t\t\t\t<p class=\"card-text\">N\u00e4ist\u00e4 syist\u00e4 l\u00e4hettil\u00e4\u00e4mme valitsevat Bozitan<\/p>\n\t\t\t\t\t\t\t\t\t\t\t\t\t\t\t\t\t\t\t<a target=\"\" href=\"https:\/\/bozita.com\/fi\/lahettilaat\/\" class=\"btn btn-white\">L\u00e4hettil\u00e4\u00e4t<\/a>\n\t\t\t\t\t\t\t\t\t\t\t\t\t\t\t\t\t\t<\/div>\n\t\t\t\t\t\t\t<\/div>\n\t\t\t\t\t\t<\/div>\n\t\t\t\t\t\t\t\t\t\t\t\t<div class=\"col-md-6 col-lg-4 condensed_V2\">\n\t\t\t\t\t\t\t<div class=\"card\">\n\t\t\t\t\t\t\t\t\t\t\t\t\t\t\t\t\t<img decoding=\"async\" class=\"card-img-top\" src=\"https:\/\/bozita.com\/fi\/wp-content\/uploads\/sites\/11\/2021\/06\/bozita-tassalyckan-katthem-provsmakare-produktutveckling.jpeg\" alt=\"\">\n\t\t\t\t\t\t\t\t\t\t\t\t\t\t\t\t<div class=\"card-body\">\n\t\t\t\t\t\t\t\t\t<h5 class=\"card-title\">TESTIRAATIMME<\/h5>\n\t\t\t\t\t\t\t\t\t<p class=\"card-text\">Kolmekumment\u00e4 kiss asuu Tassalyckanin kissakodissa. T\u00e4m\u00e4 auttaa meit\u00e4 kissan m\u00e4rk\u00e4- ja kuivaruokien testaamisessa.<\/p>\n\t\t\t\t\t\t\t\t\t\t\t\t\t\t\t\t\t\t\t<a target=\"\" href=\"https:\/\/bozita.com\/fi\/kissakoti-tassalyckan\/\" class=\"btn btn-white\">Tassalyckanin kissakoti<\/a>\n\t\t\t\t\t\t\t\t\t\t\t\t\t\t\t\t\t\t<\/div>\n\t\t\t\t\t\t\t<\/div>\n\t\t\t\t\t\t<\/div>\n\t\t\t\t\t\t\t\t\t<\/div>\n\t\t<\/div>\n\t<\/section>\n","protected":false},"excerpt":{"rendered":"","protected":false},"author":4,"featured_media":0,"parent":0,"menu_order":0,"comment_status":"closed","ping_status":"closed","template":"guternberg.php","meta":{"footnotes":""},"acf":[],"yoast_head":"<!-- This site is optimized with the Yoast SEO plugin v21.3 - https:\/\/yoast.com\/wordpress\/plugins\/seo\/ -->\n<title>Yhteydenottosi on aina tervetullut - Bozita Finland<\/title>\n<meta name=\"description\" content=\"T\u00e4\u00e4lt\u00e4 l\u00f6yd\u00e4t osoitteen, puhelinnumeron ja s\u00e4hk\u00f6postiosoitteen Bozitalle V\u00e5rg\u00e5rdassa.\" \/>\n<meta name=\"robots\" content=\"index, follow, max-snippet:-1, max-image-preview:large, max-video-preview:-1\" \/>\n<link rel=\"canonical\" href=\"https:\/\/bozita.com\/fi\/yhteenottosi-on-aina-tervetullut\/\" \/>\n<meta property=\"og:locale\" content=\"fi_FI\" \/>\n<meta property=\"og:type\" content=\"article\" \/>\n<meta property=\"og:title\" content=\"Yhteydenottosi on aina tervetullut - Bozita Finland\" \/>\n<meta property=\"og:description\" content=\"T\u00e4\u00e4lt\u00e4 l\u00f6yd\u00e4t osoitteen, puhelinnumeron ja s\u00e4hk\u00f6postiosoitteen Bozitalle V\u00e5rg\u00e5rdassa.\" \/>\n<meta property=\"og:url\" content=\"https:\/\/bozita.com\/fi\/yhteenottosi-on-aina-tervetullut\/\" \/>\n<meta property=\"og:site_name\" content=\"Bozita Finland\" \/>\n<meta property=\"article:modified_time\" content=\"2025-01-16T11:50:31+00:00\" \/>\n<meta property=\"og:image\" content=\"https:\/\/bozita.com\/fi\/wp-content\/uploads\/sites\/11\/2021\/08\/bozita_swedish-natural-quality.jpg\" \/>\n\t<meta property=\"og:image:width\" content=\"800\" \/>\n\t<meta property=\"og:image:height\" content=\"533\" \/>\n\t<meta property=\"og:image:type\" content=\"image\/jpeg\" \/>\n<meta name=\"twitter:card\" content=\"summary_large_image\" \/>\n<!-- \/ Yoast SEO plugin. -->","yoast_head_json":{"title":"Yhteydenottosi on aina tervetullut - Bozita Finland","description":"T\u00e4\u00e4lt\u00e4 l\u00f6yd\u00e4t osoitteen, puhelinnumeron ja s\u00e4hk\u00f6postiosoitteen Bozitalle V\u00e5rg\u00e5rdassa.","robots":{"index":"index","follow":"follow","max-snippet":"max-snippet:-1","max-image-preview":"max-image-preview:large","max-video-preview":"max-video-preview:-1"},"canonical":"https:\/\/bozita.com\/fi\/yhteenottosi-on-aina-tervetullut\/","og_locale":"fi_FI","og_type":"article","og_title":"Yhteydenottosi on aina tervetullut - Bozita Finland","og_description":"T\u00e4\u00e4lt\u00e4 l\u00f6yd\u00e4t osoitteen, puhelinnumeron ja s\u00e4hk\u00f6postiosoitteen Bozitalle V\u00e5rg\u00e5rdassa.","og_url":"https:\/\/bozita.com\/fi\/yhteenottosi-on-aina-tervetullut\/","og_site_name":"Bozita Finland","article_modified_time":"2025-01-16T11:50:31+00:00","og_image":[{"width":800,"height":533,"url":"https:\/\/bozita.com\/fi\/wp-content\/uploads\/sites\/11\/2021\/08\/bozita_swedish-natural-quality.jpg","type":"image\/jpeg"}],"twitter_card":"summary_large_image","schema":{"@context":"https:\/\/schema.org","@graph":[{"@type":"WebPage","@id":"https:\/\/bozita.com\/fi\/yhteenottosi-on-aina-tervetullut\/","url":"https:\/\/bozita.com\/fi\/yhteenottosi-on-aina-tervetullut\/","name":"Yhteydenottosi on aina tervetullut - Bozita Finland","isPartOf":{"@id":"https:\/\/bozita.com\/fi\/#website"},"datePublished":"2022-08-31T07:41:10+00:00","dateModified":"2025-01-16T11:50:31+00:00","description":"T\u00e4\u00e4lt\u00e4 l\u00f6yd\u00e4t osoitteen, puhelinnumeron ja s\u00e4hk\u00f6postiosoitteen Bozitalle V\u00e5rg\u00e5rdassa.","breadcrumb":{"@id":"https:\/\/bozita.com\/fi\/yhteenottosi-on-aina-tervetullut\/#breadcrumb"},"inLanguage":"fi","potentialAction":[{"@type":"ReadAction","target":["https:\/\/bozita.com\/fi\/yhteenottosi-on-aina-tervetullut\/"]}]},{"@type":"BreadcrumbList","@id":"https:\/\/bozita.com\/fi\/yhteenottosi-on-aina-tervetullut\/#breadcrumb","itemListElement":[{"@type":"ListItem","position":1,"name":"Koti","item":"https:\/\/bozita.com\/fi\/"},{"@type":"ListItem","position":2,"name":"Yhteydenottosi on aina tervetullut"}]},{"@type":"WebSite","@id":"https:\/\/bozita.com\/fi\/#website","url":"https:\/\/bozita.com\/fi\/","name":"Bozita Finland","description":"","potentialAction":[{"@type":"SearchAction","target":{"@type":"EntryPoint","urlTemplate":"https:\/\/bozita.com\/fi\/?s={search_term_string}"},"query-input":"required name=search_term_string"}],"inLanguage":"fi"}]}},"_links":{"self":[{"href":"https:\/\/bozita.com\/fi\/wp-json\/wp\/v2\/pages\/7015"}],"collection":[{"href":"https:\/\/bozita.com\/fi\/wp-json\/wp\/v2\/pages"}],"about":[{"href":"https:\/\/bozita.com\/fi\/wp-json\/wp\/v2\/types\/page"}],"author":[{"embeddable":true,"href":"https:\/\/bozita.com\/fi\/wp-json\/wp\/v2\/users\/4"}],"replies":[{"embeddable":true,"href":"https:\/\/bozita.com\/fi\/wp-json\/wp\/v2\/comments?post=7015"}],"version-history":[{"count":13,"href":"https:\/\/bozita.com\/fi\/wp-json\/wp\/v2\/pages\/7015\/revisions"}],"predecessor-version":[{"id":11139,"href":"https:\/\/bozita.com\/fi\/wp-json\/wp\/v2\/pages\/7015\/revisions\/11139"}],"wp:attachment":[{"href":"https:\/\/bozita.com\/fi\/wp-json\/wp\/v2\/media?parent=7015"}],"curies":[{"name":"wp","href":"https:\/\/api.w.org\/{rel}","templated":true}]}}