{"id":7017,"date":"2022-08-31T07:41:28","date_gmt":"2022-08-31T07:41:28","guid":{"rendered":"https:\/\/bozita.com\/fi\/koirien-lampohalvaukset-pida-koirasi-viileana-kesaisin\/"},"modified":"2025-03-05T10:02:10","modified_gmt":"2025-03-05T10:02:10","slug":"koirien-lampohalvaukset-pida-koirasi-viileana-kesaisin","status":"publish","type":"page","link":"https:\/\/bozita.com\/fi\/koirasi-terveys\/koirien-lampohalvaukset-pida-koirasi-viileana-kesaisin\/","title":{"rendered":"Koirien l\u00e4mp\u00f6halvaukset &#8211; pid\u00e4 koirasi viile\u00e4n\u00e4 kes\u00e4isin"},"content":{"rendered":"\t\t<section class=\"small-hero\">\n\t\t\t<div class=\"container\">\n\t\t\t\t<h1 class=\"small-hero-title\">Koirien l\u00e4mp\u00f6halvaukset &#8211; pid\u00e4 koirasi viile\u00e4n\u00e4 kes\u00e4isin<\/h1>\t\t\t<\/div>\n\t\t\t<\/div>\n\t\t<\/section>\n\t\n\n\t<div class=\"text-box-warp\">\n\t\t<div class=\"container\">\n\t\t\t<div class=\"text-content\">\n\t\t\t\t<p>Nautimme l\u00e4mm\u00f6st\u00e4 ja my\u00f6s osa koirista pit\u00e4\u00e4 kev\u00e4\u00e4ll\u00e4 l\u00e4mpenev\u00e4st\u00e4 ilmasta. Koiran l\u00e4mm\u00f6ns\u00e4\u00e4telyj\u00e4rjestelm\u00e4 on kuitenkin erilainen, eik\u00e4 yht\u00e4 tehokas, kuin meid\u00e4n. Tuloksena koirat k\u00e4rsiv\u00e4t helpommin l\u00e4mp\u00f6halvauksista, joka voi olla niille henke\u00e4 uhkaava tila. Lue vinkkimme koirasi viile\u00e4n\u00e4 pit\u00e4miseksi.<\/p>\n<h2>L\u00c4MP\u00d6HALVAUS &#8211; KOIRILLA TODENN\u00c4K\u00d6ISEMPI<\/h2>\n<p>Koiran tapa poistaa ylim\u00e4\u00e4r\u00e4ist\u00e4 l\u00e4mp\u00f6\u00e4 on erilainen kuin ihmisen. Ihminen hikoilee, p\u00e4\u00e4see ylim\u00e4\u00e4r\u00e4isest\u00e4 l\u00e4mm\u00f6st\u00e4 eroon tehokkaasti eik\u00e4 n\u00e4in p\u00e4\u00e4se kuumumaan liikaa. Koira ei hikoile, joten ne s\u00e4\u00e4ntelev\u00e4t ruumiinl\u00e4mp\u00f6\u00e4\u00e4n muun muassaa l\u00e4\u00e4h\u00e4tt\u00e4m\u00e4ll\u00e4. Se ei kuitenkaan ole yht\u00e4 tehokasta kuin hikoilu ja siksi koirilla on suurempi riski l\u00e4mp\u00f6halvauksille. Kiinnit\u00e4 siis huomiota koirasi l\u00e4mp\u00f6\u00f6n ja l\u00e4mp\u00f6halvauksen v\u00e4ltt\u00e4miseen l\u00e4mp\u00f6tilojen kohotessa.<\/p>\n<h2>KOIRAT JA HELLE &#8211; VINKKEJ\u00c4<\/h2>\n<ul>\n<li><strong>Menk\u00e4\u00e4 k\u00e4velyille aamuisin ja iltaisin<\/strong>\u00a0\u2013 Tehk\u00e4\u00e4 pitemm\u00e4t lenkit aamulla ja my\u00f6h\u00e4\u00e4n illalla kun l\u00e4mp\u00f6tila yleens\u00e4 on alhaisempi. N\u00e4in koirasi voi k\u00e4vell\u00e4 pitemp\u00e4\u00e4n ilman l\u00e4mp\u00f6halvauksen riski\u00e4. K\u00e4yk\u00e4\u00e4 vain lyhyille lenkeill\u00e4 keskell\u00e4 p\u00e4iv\u00e4\u00e4.<\/li>\n<li><strong>V\u00e4ltt\u00e4k\u00e4\u00e4 asvalttia<\/strong> \u2013 Asvaltti l\u00e4mpenee yleens\u00e4 todella kuumaksi ja koirasi saattaa polttaa ja vahingoittaa tassunsa. Yrit\u00e4 l\u00f6yt\u00e4\u00e4 k\u00e4velyill\u00e4 muita alustoja.<\/li>\n<li><strong>Varjo ja vesi<\/strong> \u2013 Varmista, ett\u00e4 koirasi p\u00e4\u00e4see aina varjoon ja, ett\u00e4 sill\u00e4 on saatavilla vett\u00e4. M\u00e4rk\u00e4ruoka on hyv\u00e4 tapa antaa koirallesi v\u00e4h\u00e4n ylim\u00e4\u00e4r\u00e4ist\u00e4 nestett\u00e4. L\u00f6yd\u00e4t <a title=\"Wet food\" href=\"https:\/\/bozita.com\/fi\/bozita-koirien-markaruoka\/?lang=fi\">Bozitan koirien m\u00e4rk\u00e4ruoat<\/a> t\u00e4\u00e4lt\u00e4. Koirasi l\u00e4mp\u00f6halvauksen riski on korkea<\/li>\n<li><strong>\u00c4l\u00e4 koskaan j\u00e4t\u00e4 koiraa yksin kuumaan autoon\u00a0<\/strong>\u2013 Ei voi liiaksi toistaa ett\u00e4 kuuma auto ei ole koiralle oikea paikka.<\/li>\n<li><strong>V\u00e4lt\u00e4 julkista liikennett\u00e4<\/strong> \u2013 Linja-autot, raitiovaunut ja junat l\u00e4mpenev\u00e4t usein huomattavasti kun ulkona on kuuma. V\u00e4lt\u00e4 julkista liikennett\u00e4 p\u00e4iv\u00e4n kuumimpien tuntien aikana<\/li>\n<\/ul>\n<h2>KOIRAN L\u00c4MP\u00d6HALVAUS &#8211; OIREET<\/h2>\n<ul>\n<li>Koira hakeutuu veteen, viile\u00e4lle lattialle tai minne tahansa jossa se viilenee<\/li>\n<li>Koira l\u00e4\u00e4h\u00e4tt\u00e4\u00e4, kuolaa ja on levoton<\/li>\n<li>Pulssi on korkea<\/li>\n<li>Kuivat ja punoittavat ikenet<\/li>\n<li>Vakavan nestevajeen oireina koira voi olla hutera, saada hengitysvaikeuksia, oksennella ja k\u00e4rsi\u00e4 ripulista. Jos et ryhdy toimenpiteisiin koira saattaa ylikuumenemisen seurauksena menett\u00e4\u00e4 tajuntansa <\/li>\n<\/ul>\n<h2>OTA YHTEYTT\u00c4 EL\u00c4INL\u00c4\u00c4K\u00c4RIIN<\/h2>\n<p>Jos ep\u00e4ilet koirasi k\u00e4rsiv\u00e4n l\u00e4mp\u00f6halvauksesta ota yhteytt\u00e4 paikalliseen el\u00e4inl\u00e4\u00e4k\u00e4riin.<\/p>\n\t\t\t<\/div>\n\t\t<\/div>\n\t<\/div>\n\n\n\n\t<section class=\"block related-articles\">\n\t\t<div class=\"container\">\n\t\t\t<h2>Aiheeseen liittyvi\u00e4 artikkeleita<\/h2>\n\t\t\t<div class=\"row justify-content-center\">\n\t\t\t\t\t\t\t\t\t\t<div class=\"col-sm-6 col-md-6 col-lg-3\">\n\t\t\t\t\t\t\t\t\t\t\t\t\t\t<div class=\"card \">\n\t\t\t\t\t\t\t\t\t\t\t\t\t\t\t\t\t<img decoding=\"async\"  src=\"https:\/\/bozita.com\/fi\/wp-content\/uploads\/sites\/11\/2021\/08\/bozita-algblomning-algforgiftning.jpeg\" alt=\"\">\n\t\t\t\t\t\t\t\t\t\t\t\t\t\t\t\t\t<!-- <img decoding=\"async\" src=\"\n\t\t\t\t\t\t\t\t\t\t\t\t\t\t\t\t\t\t\t\t\" alt=\"\n\t\t\t\t\t\t\t\t\t\t\t\t\t\t\t\t\t\t\t\t\t\t\t\t\t\t\t\"> -->\n\t\t\t\t\t\t\t\t<div class=\"card-body\">\n\t\t\t\t\t\t\t\t\t\t\t\t\t\t\t\t\t\t\t<h6>Lev\u00e4kukinta ja koirat &#8211; mit\u00e4 sinun tulee tiet\u00e4\u00e4<\/h6>\n\t\t\t\t\t\t\t\t\t\t\t\t\t\t\t\t\t\t\t<a href=\"https:\/\/bozita.com\/fi\/koirasi-terveys\/levakukinta-ja-koirat-mita-sinun-tulee-tietaa\/\">Lue lis\u00e4\u00e4 &nbsp; ><\/a>\n\t\t\t\t\t\t\t\t<\/div>\n\t\t\t\t\t\t\t<\/div>\n\t\t\t\t\t\t<\/div>\n\n\t\t\t\t\t\t\t\t\t\t\t<div class=\"col-sm-6 col-md-6 col-lg-3\">\n\t\t\t\t\t\t\t\t\t\t\t\t\t\t<div class=\"card \">\n\t\t\t\t\t\t\t\t\t\t\t\t\t\t\t\t\t<img decoding=\"async\"  src=\"https:\/\/bozita.com\/fi\/wp-content\/uploads\/sites\/11\/2021\/08\/bozita-hund-huggormsbiten.jpeg\" alt=\"\">\n\t\t\t\t\t\t\t\t\t\t\t\t\t\t\t\t\t<!-- <img decoding=\"async\" src=\"\n\t\t\t\t\t\t\t\t\t\t\t\t\t\t\t\t\t\t\t\t\" alt=\"\n\t\t\t\t\t\t\t\t\t\t\t\t\t\t\t\t\t\t\t\t\t\t\t\t\t\t\t\"> -->\n\t\t\t\t\t\t\t\t<div class=\"card-body\">\n\t\t\t\t\t\t\t\t\t\t\t\t\t\t\t\t\t\t\t<h6>K\u00e4\u00e4rmeenpuremat &#8211; Kuinka suojautua<\/h6>\n\t\t\t\t\t\t\t\t\t\t\t\t\t\t\t\t\t\t\t<a href=\"https:\/\/bozita.com\/fi\/koirasi-terveys\/kaarmeenpuremat-kuinka-suojautua\/\">Lue lis\u00e4\u00e4 &nbsp; ><\/a>\n\t\t\t\t\t\t\t\t<\/div>\n\t\t\t\t\t\t\t<\/div>\n\t\t\t\t\t\t<\/div>\n\n\t\t\t\t\t\t\t\t\t\t\t<div class=\"col-sm-6 col-md-6 col-lg-3\">\n\t\t\t\t\t\t\t\t\t\t\t\t\t\t<div class=\"card \">\n\t\t\t\t\t\t\t\t\t\t\t\t\t\t\t\t\t<img decoding=\"async\"  src=\"https:\/\/bozita.com\/fi\/wp-content\/uploads\/sites\/11\/2021\/08\/bozita-hund-vaccinera.jpeg\" alt=\"\">\n\t\t\t\t\t\t\t\t\t\t\t\t\t\t\t\t\t<!-- <img decoding=\"async\" src=\"\n\t\t\t\t\t\t\t\t\t\t\t\t\t\t\t\t\t\t\t\t\" alt=\"\n\t\t\t\t\t\t\t\t\t\t\t\t\t\t\t\t\t\t\t\t\t\t\t\t\t\t\t\"> -->\n\t\t\t\t\t\t\t\t<div class=\"card-body\">\n\t\t\t\t\t\t\t\t\t\t\t\t\t\t\t\t\t\t\t<h6>Koirien ja koiranpentujen rokottaminen<\/h6>\n\t\t\t\t\t\t\t\t\t\t\t\t\t\t\t\t\t\t\t<a href=\"https:\/\/bozita.com\/fi\/koirasi-terveys\/koirien-ja-koiranpentujen-rokottaminen\/\">Lue lis\u00e4\u00e4 &nbsp; ><\/a>\n\t\t\t\t\t\t\t\t<\/div>\n\t\t\t\t\t\t\t<\/div>\n\t\t\t\t\t\t<\/div>\n\n\t\t\t\t\t\t\t\t\t\t\t\t<\/div>\n\t\t<\/div>\n\t<\/section>\n","protected":false},"excerpt":{"rendered":"","protected":false},"author":1,"featured_media":7018,"parent":6550,"menu_order":0,"comment_status":"closed","ping_status":"closed","template":"guternberg.php","meta":{"footnotes":""},"acf":[],"yoast_head":"<!-- This site is optimized with the Yoast SEO plugin v21.3 - https:\/\/yoast.com\/wordpress\/plugins\/seo\/ -->\n<title>Koirien l\u00e4mp\u00f6halvaukset - pid\u00e4 koirasi viile\u00e4n\u00e4 kes\u00e4isin - Bozita Finland<\/title>\n<meta name=\"description\" content=\"Koirat saavat l\u00e4mp\u00f6halvauksen ihmisi\u00e4 helpommin. Pid\u00e4 koirasi viile\u00e4n\u00e4 - lue vinkkimme koirien ja helteen varalle ja ehk\u00e4ise koirasi l\u00e4mp\u00f6halvaus.\" \/>\n<meta name=\"robots\" content=\"index, follow, max-snippet:-1, max-image-preview:large, max-video-preview:-1\" \/>\n<link rel=\"canonical\" href=\"https:\/\/bozita.com\/fi\/koirasi-terveys\/koirien-lampohalvaukset-pida-koirasi-viileana-kesaisin\/\" \/>\n<meta property=\"og:locale\" content=\"fi_FI\" \/>\n<meta property=\"og:type\" content=\"article\" \/>\n<meta property=\"og:title\" content=\"Koirien l\u00e4mp\u00f6halvaukset - pid\u00e4 koirasi viile\u00e4n\u00e4 kes\u00e4isin - Bozita Finland\" \/>\n<meta property=\"og:description\" content=\"Koirat saavat l\u00e4mp\u00f6halvauksen ihmisi\u00e4 helpommin. Pid\u00e4 koirasi viile\u00e4n\u00e4 - lue vinkkimme koirien ja helteen varalle ja ehk\u00e4ise koirasi l\u00e4mp\u00f6halvaus.\" \/>\n<meta property=\"og:url\" content=\"https:\/\/bozita.com\/fi\/koirasi-terveys\/koirien-lampohalvaukset-pida-koirasi-viileana-kesaisin\/\" \/>\n<meta property=\"og:site_name\" content=\"Bozita Finland\" \/>\n<meta property=\"article:modified_time\" content=\"2025-03-05T10:02:10+00:00\" \/>\n<meta property=\"og:image\" content=\"https:\/\/bozita.com\/fi\/wp-content\/uploads\/sites\/11\/2021\/08\/bozita-hund-sommarvarme-varmeslag.jpeg\" \/>\n\t<meta property=\"og:image:width\" content=\"800\" \/>\n\t<meta property=\"og:image:height\" content=\"535\" \/>\n\t<meta property=\"og:image:type\" content=\"image\/jpeg\" \/>\n<meta name=\"twitter:card\" content=\"summary_large_image\" \/>\n<!-- \/ Yoast SEO plugin. -->","yoast_head_json":{"title":"Koirien l\u00e4mp\u00f6halvaukset - pid\u00e4 koirasi viile\u00e4n\u00e4 kes\u00e4isin - Bozita Finland","description":"Koirat saavat l\u00e4mp\u00f6halvauksen ihmisi\u00e4 helpommin. Pid\u00e4 koirasi viile\u00e4n\u00e4 - lue vinkkimme koirien ja helteen varalle ja ehk\u00e4ise koirasi l\u00e4mp\u00f6halvaus.","robots":{"index":"index","follow":"follow","max-snippet":"max-snippet:-1","max-image-preview":"max-image-preview:large","max-video-preview":"max-video-preview:-1"},"canonical":"https:\/\/bozita.com\/fi\/koirasi-terveys\/koirien-lampohalvaukset-pida-koirasi-viileana-kesaisin\/","og_locale":"fi_FI","og_type":"article","og_title":"Koirien l\u00e4mp\u00f6halvaukset - pid\u00e4 koirasi viile\u00e4n\u00e4 kes\u00e4isin - Bozita Finland","og_description":"Koirat saavat l\u00e4mp\u00f6halvauksen ihmisi\u00e4 helpommin. Pid\u00e4 koirasi viile\u00e4n\u00e4 - lue vinkkimme koirien ja helteen varalle ja ehk\u00e4ise koirasi l\u00e4mp\u00f6halvaus.","og_url":"https:\/\/bozita.com\/fi\/koirasi-terveys\/koirien-lampohalvaukset-pida-koirasi-viileana-kesaisin\/","og_site_name":"Bozita Finland","article_modified_time":"2025-03-05T10:02:10+00:00","og_image":[{"width":800,"height":535,"url":"https:\/\/bozita.com\/fi\/wp-content\/uploads\/sites\/11\/2021\/08\/bozita-hund-sommarvarme-varmeslag.jpeg","type":"image\/jpeg"}],"twitter_card":"summary_large_image","schema":{"@context":"https:\/\/schema.org","@graph":[{"@type":"WebPage","@id":"https:\/\/bozita.com\/fi\/koirasi-terveys\/koirien-lampohalvaukset-pida-koirasi-viileana-kesaisin\/","url":"https:\/\/bozita.com\/fi\/koirasi-terveys\/koirien-lampohalvaukset-pida-koirasi-viileana-kesaisin\/","name":"Koirien l\u00e4mp\u00f6halvaukset - pid\u00e4 koirasi viile\u00e4n\u00e4 kes\u00e4isin - Bozita Finland","isPartOf":{"@id":"https:\/\/bozita.com\/fi\/#website"},"datePublished":"2022-08-31T07:41:28+00:00","dateModified":"2025-03-05T10:02:10+00:00","description":"Koirat saavat l\u00e4mp\u00f6halvauksen ihmisi\u00e4 helpommin. Pid\u00e4 koirasi viile\u00e4n\u00e4 - lue vinkkimme koirien ja helteen varalle ja ehk\u00e4ise koirasi l\u00e4mp\u00f6halvaus.","breadcrumb":{"@id":"https:\/\/bozita.com\/fi\/koirasi-terveys\/koirien-lampohalvaukset-pida-koirasi-viileana-kesaisin\/#breadcrumb"},"inLanguage":"fi","potentialAction":[{"@type":"ReadAction","target":["https:\/\/bozita.com\/fi\/koirasi-terveys\/koirien-lampohalvaukset-pida-koirasi-viileana-kesaisin\/"]}]},{"@type":"BreadcrumbList","@id":"https:\/\/bozita.com\/fi\/koirasi-terveys\/koirien-lampohalvaukset-pida-koirasi-viileana-kesaisin\/#breadcrumb","itemListElement":[{"@type":"ListItem","position":1,"name":"Koti","item":"https:\/\/bozita.com\/fi\/"},{"@type":"ListItem","position":2,"name":"Koirasi terveys","item":"https:\/\/bozita.com\/fi\/koirasi-terveys\/"},{"@type":"ListItem","position":3,"name":"Koirien l\u00e4mp\u00f6halvaukset &#8211; pid\u00e4 koirasi viile\u00e4n\u00e4 kes\u00e4isin"}]},{"@type":"WebSite","@id":"https:\/\/bozita.com\/fi\/#website","url":"https:\/\/bozita.com\/fi\/","name":"Bozita Finland","description":"","potentialAction":[{"@type":"SearchAction","target":{"@type":"EntryPoint","urlTemplate":"https:\/\/bozita.com\/fi\/?s={search_term_string}"},"query-input":"required name=search_term_string"}],"inLanguage":"fi"}]}},"_links":{"self":[{"href":"https:\/\/bozita.com\/fi\/wp-json\/wp\/v2\/pages\/7017"}],"collection":[{"href":"https:\/\/bozita.com\/fi\/wp-json\/wp\/v2\/pages"}],"about":[{"href":"https:\/\/bozita.com\/fi\/wp-json\/wp\/v2\/types\/page"}],"author":[{"embeddable":true,"href":"https:\/\/bozita.com\/fi\/wp-json\/wp\/v2\/users\/1"}],"replies":[{"embeddable":true,"href":"https:\/\/bozita.com\/fi\/wp-json\/wp\/v2\/comments?post=7017"}],"version-history":[{"count":5,"href":"https:\/\/bozita.com\/fi\/wp-json\/wp\/v2\/pages\/7017\/revisions"}],"predecessor-version":[{"id":11238,"href":"https:\/\/bozita.com\/fi\/wp-json\/wp\/v2\/pages\/7017\/revisions\/11238"}],"up":[{"embeddable":true,"href":"https:\/\/bozita.com\/fi\/wp-json\/wp\/v2\/pages\/6550"}],"wp:featuredmedia":[{"embeddable":true,"href":"https:\/\/bozita.com\/fi\/wp-json\/wp\/v2\/media\/7018"}],"wp:attachment":[{"href":"https:\/\/bozita.com\/fi\/wp-json\/wp\/v2\/media?parent=7017"}],"curies":[{"name":"wp","href":"https:\/\/api.w.org\/{rel}","templated":true}]}}