{"id":7022,"date":"2022-08-31T07:41:47","date_gmt":"2022-08-31T07:41:47","guid":{"rendered":"https:\/\/bozita.com\/fi\/tietosuojakaytantomme\/"},"modified":"2026-03-09T08:25:15","modified_gmt":"2026-03-09T08:25:15","slug":"tietosuojakaytantomme","status":"publish","type":"page","link":"https:\/\/bozita.com\/fi\/tietosuojakaytantomme\/","title":{"rendered":"Tietosuojak\u00e4yt\u00e4nt\u00f6mme"},"content":{"rendered":"\t\t<section class=\"small-hero\">\n\t\t\t<div class=\"container\">\n\t\t\t\t<h5>Bozita<\/h5><h1 class=\"small-hero-title\">Tietosuojak\u00e4yt\u00e4nt\u00f6mme<\/h1>\t\t\t<\/div>\n\t\t\t<\/div>\n\t\t<\/section>\n\t\n\n\t<div class=\"text-box-warp\">\n\t\t<div class=\"container\">\n\t\t\t<div class=\"text-content\">\n\t\t\t\t<p><strong>Kun olet yhteydess\u00e4 Partner in Pet Food Nordics AB:n \u2013 j\u00e4senen\u00e4 \/ kilpailuun osallistuvana \/ Doggyn kassa yhteyksiss\u00e4 olevana sinun pit\u00e4\u00e4 aina tuntea olosi turvalliseksi sen suhteen kuinka k\u00e4sittelemme henkil\u00f6kohtaisia tietojasi. EU:n tietosuoja-asetuksen (GDPR) johdosta sovellamme ja selvenn\u00e4mme tietosuojak\u00e4yt\u00e4nt\u00f6\u00e4mme 25 toukokuuta 2018 l\u00e4htien. GDPR asettaa meille yrityksen\u00e4 korkeammat vaatimukset, mink\u00e4 n\u00e4emme vain hyv\u00e4n\u00e4 asiana. T\u00e4m\u00e4 ei tuo mukanaan huomattavia eroja sinulle kun olet yhteydess\u00e4 Partner in Pet Food Nordics AB:n. Suojelemme yksityisyytt\u00e4si ja uskomme, ett\u00e4 henkil\u00f6kohtaisten tietojesi suojeleminen on ensisijaisen t\u00e4rke\u00e4\u00e4. Ota mielell\u00e4\u00e4n meihin yhteytt\u00e4 jos sinulla on t\u00e4st\u00e4 kysytt\u00e4v\u00e4\u00e4 tai olet tyytym\u00e4t\u00f6n siihen kuinka k\u00e4sittelemme henkil\u00f6kohtaisia tietojasi.<\/strong><\/p>\n<h2>Tietosuojak\u00e4yt\u00e4nt\u00f6mme<\/h2>\n<ol>\n<li><strong>Tietoa henkil\u00f6kohtaisten tietojen k\u00e4sittelyst\u00e4<\/strong><br \/>\nPartner in Pet Food Nordics AB suojelee henkil\u00f6kohtaisia tietojasi ja haluamme tuntevasi olosi turvalliseksi kun j\u00e4t\u00e4t meille yhteystietosi. L\u00e4pin\u00e4kyvyys tavassamme k\u00e4sitell\u00e4 henkil\u00f6kohtaista dataa on Partner in Pet Food Nordics AB:lle t\u00e4rke\u00e4 ja kerromme siksi selke\u00e4sti miten k\u00e4sittelemme henkil\u00f6kohtaisia tietoja. Selvit\u00e4mme t\u00e4ss\u00e4 tietosuojak\u00e4yt\u00e4nn\u00f6ss\u00e4 kuinka k\u00e4sittelemme henkil\u00f6kohtaista dataa. L\u00f6yd\u00e4t aina tuoreimman version tietosuojak\u00e4yt\u00e4nn\u00f6st\u00e4mme osoitteessa www.doggyab.se. Olet aina tervetullut ottamaan meihin yhteytt\u00e4 jos sinulla on kysymyksi\u00e4 tai mielipiteit\u00e4.<\/li>\n<li><strong>Kuka on vastuussa henkil\u00f6kohtaisista tiedoistasi?<\/strong><br \/>\nPartner in Pet Food Nordics AB, C.I.N. 556055-5129, on henkil\u00f6kohtaisten tietojen rekisterinpit\u00e4j\u00e4. Meill\u00e4 ei ole velvollisuutta pit\u00e4\u00e4 tietosuojavastaavaa, joten kaikki yhteydenotot liittyen henkil\u00f6kohtaisen tiedon k\u00e4sittelyyn pit\u00e4\u00e4 l\u00e4hett\u00e4\u00e4 alla olevia yhteystietoja k\u00e4ytt\u00e4en. S\u00e4hk\u00f6posti: dataprotection@doggy.se Vaihde: +46 (0)322-61 78 00Tavoitteenanmme on antaa sinulle yksinkertaista ja ajantasaista tietoa siit\u00e4 kuinka k\u00e4sittelemme henkil\u00f6kohtaisia tietojasi.<\/li>\n<li><strong>Mit\u00e4 henkil\u00f6kohtaisia tietoja Partner in Pet Food Nordics AB saattaa ker\u00e4t\u00e4?<br \/>\n<\/strong>K\u00e4sittelemme henkil\u00f6kohtaisia tietoja vain kun kun siihen on lailliset perusteet, emmek\u00e4 k\u00e4sittele henkil\u00f6kohtaisia tietoja muuten kuin laillisten velvoitteiden tai sopimusten t\u00e4ytt\u00e4misen edellytt\u00e4vien vaatimusten t\u00e4ytt\u00e4miseksi. Partner in Pet Food Nordics AB:lle l\u00e4hetetty henkil\u00f6kohtainen data voi \u2013 tapauksesta riippuen \u2013 olla:<br \/>\n\u2013 Nimi<br \/>\n\u2013 Osoite<br \/>\n\u2013 S\u00e4hk\u00f6postiosoite<br \/>\n\u2013 Puhelinnumero<br \/>\n\u2013 Henkil\u00f6tunnus<br \/>\n\u2013 Asiaan liittyv\u00e4\u00e4 tietoa<br \/>\n\u2013 Tietoja asiakaspalvelulle<br \/>\n\u2013 Tietoja, jotka olet vapaaehtoisesti ja vapaasti antanut<br \/>\n\u2013 Sis\u00e4lt\u00f6\u00e4&#8217;\/kuvia, jotka olet itse julkaissut sosiaalisen median tileill\u00e4mme, ns. k\u00e4ytt\u00e4jien luomaa sis\u00e4lt\u00f6\u00e4.Yksityiskohtaisempaa tietoa henkil\u00f6kohtaisten tietojen k\u00e4sittelyst\u00e4 on kohdassa 4.<\/li>\n<li><strong>Miksi Partner in Pet Food Nordics AB k\u00e4sittelee henkil\u00f6kohtaista data?<br \/>\n<\/strong>Kun luovutat Partner in Pet Food Nordics AB:lle henkl\u00f6kohtaisia tietoja, k\u00e4yt\u00e4mme n\u00e4it\u00e4 tietoja alla mainittuihin tarkoituksiin ja laillisten perusteiden ja s\u00e4ilytysajan mukaisesti:<\/li>\n<li><strong><strong>a) Lain mukaiset velvollisuudet:<\/strong><\/strong>Tietojesi k\u00e4ytt\u00e4misen syy:Pysty\u00e4ksemme t\u00e4ytt\u00e4m\u00e4\u00e4n yrityksen laissa m\u00e4\u00e4ritellyt velvoitteet liittyen tuoteturvallisuuteen, viranomaisp\u00e4\u00e4t\u00f6ksiin, kirjanpitovaatimuksiin tai verolains\u00e4\u00e4d\u00e4nt\u00f6\u00f6n.<strong>Oikeusperustamme t\u00e4lle on:<\/strong>\u00a0Oikeusperustana on pysty\u00e4 t\u00e4ytt\u00e4m\u00e4\u00e4n lailliset velvoitteemme lain mukaisesti.<strong>Varastointi ja s\u00e4ilytysaika:\u00a0<\/strong>Tietoja s\u00e4ilytet\u00e4\u00e4n voimassa olevan lain edellytt\u00e4m\u00e4n ajan.\n<p><strong>b) J\u00e4senyys: Tietojesi k\u00e4ytt\u00f6tarkoitus:<\/strong>J\u00e4senyytesi hallinnoiminen kasvattajaklubissamme ja j\u00e4senkerhoissamme.<\/p>\n<p><strong>Oikeusperustamme t\u00e4lle on:<br \/>\n<\/strong>Kanssasi tekem\u00e4mme sopimus muodostaa laillisen perustan j\u00e4sensopimuksesi hoitamiseen ja mahdollisten j\u00e4senetujen hallinnointiin.<\/p>\n<p><strong>Varastointi ja s\u00e4ilytysaika:<br \/>\n<\/strong>Ollessasi j\u00e4sen yritys tallentaa olennaiset ja ajankohtaiset j\u00e4senyytesi tiedot j\u00e4senenyytesi keston ajan. Jos et en\u00e4\u00e4 halua olla j\u00e4sen, poistamme tietosi viipym\u00e4tt\u00e4, mutta viimeist\u00e4\u00e4n 1 kuukauden kuluttua irtisanomista koskevan viestisi vastaanottamisesta. Mik\u00e4li et ole lainaan aktiivinen 3 vuotta per\u00e4kk\u00e4in, poistamme j\u00e4senyytesi ja siten my\u00f6s sinua koskevat henkil\u00f6tiedot. Jos et en\u00e4\u00e4 halua vastaanottaa suoramarkkinointia Doggylta, voit aina peruuttaa rekister\u00f6itymisen postitusj\u00e4rjestelm\u00e4st\u00e4.<\/p>\n<p><strong>c) Asiakaspalvelutapaukset: Tietojesi k\u00e4ytt\u00f6tarkoitus:<br \/>\n<\/strong>Asiakaspalvelutapausten k\u00e4sittely\u00e4 varten ker\u00e4t\u00e4\u00e4n henkil\u00f6tietoja, kuten tapaukseen liittyvi\u00e4 tietoja, jotka luovutat ottaessasi yhteytt\u00e4 asiakaspalveluumme.<\/p>\n<p><strong>Oikeusperustamme t\u00e4lle on:<br \/>\n<\/strong>Oikeusperustana on yrityksen oikeutettu etu ja k\u00e4sittely on tarpeen, jotta voimme auttaa sinua tuotteisiin liittyviss\u00e4 kysymyksiss\u00e4 tai tuotteisiimme liittyviss\u00e4 valituksissa sek\u00e4 mahdollisissa jatkokysymyksiss\u00e4. Jos kyselysi koskee reklamaatiota, k\u00e4sittelemme tietojasi t\u00e4ytt\u00e4\u00e4ksemme voimassa olevan kuluttajalains\u00e4\u00e4d\u00e4nn\u00f6n mukaiset velvoitteemme.<\/p>\n<p><strong>Varastointi ja s\u00e4ilytysaika:<br \/>\n<\/strong>Asiakaspalvelutapaukseen\/korvaukseen liittyv\u00e4t tiedot s\u00e4ilytet\u00e4\u00e4n asian k\u00e4sittelyn loppuun asti.<\/p>\n<p>Asiakaspalvelutapaukseen\/korvaukseen liittyv\u00e4t tiedot s\u00e4ilytet\u00e4\u00e4n asian k\u00e4sittelyn loppuun asti.<\/p>\n<p><strong>d)Kilpailut\/tapahtumat: Tietojesi k\u00e4ytt\u00f6tarkoitus:<br \/>\n<\/strong> Osallistumisesi mahdollistaminen kilpailuihin ja tapahtumiin<\/p>\n<p><strong>Oikeusperustamme t\u00e4lle on:<br \/>\n<\/strong>Oikeusperustana on oikeutettu etumme hallinnoida ja seurata kilpailuja ja tapahtumia, kuten hakemusten vahvistusta tai voittajia koskevia kysymyksi\u00e4 tai tietoja.<\/p>\n<p><strong>Varastointi ja s\u00e4ilytysaika:<br \/>\n<\/strong>Data that is collected and stored until the competition\/event is finished.<\/p>\n<p><strong>e). Yleinen markkinointi: Tietojesi k\u00e4ytt\u00f6tarkoitus:<br \/>\n<\/strong> Mahdollisuus l\u00e4hett\u00e4\u00e4 yleist\u00e4 markkinointimateriaalia (kuten esitteiden tai tarjousten l\u00e4hett\u00e4minen) ja henkil\u00f6kohtaista suoramarkkinointia s\u00e4hk\u00f6postitse, tekstiviestin\u00e4, postissa tai sosiaalisessa mediassa.<\/p>\n<p><strong>Oikeusperustamme t\u00e4lle on:<br \/>\n<\/strong>Doggy voi k\u00e4sitell\u00e4 henkil\u00f6tietojasi, jotka on ker\u00e4tty ottaessasi meihin yhteytt\u00e4, l\u00e4hett\u00e4\u00e4ksemme markkinointimateriaalia, joka perustuu oikeutettuun etuamme tuotteitamme ja palveluitamme mainostamiseen. T\u00e4m\u00e4 tarkoittaa, ett\u00e4 pid\u00e4mme henkil\u00f6tietojesi k\u00e4sittelyss\u00e4 etujamme yll\u00e4 lueteltuihin tarkoituksiin t\u00e4rke\u00e4mpin\u00e4 kuin tietosuojaloukkaukset, joille k\u00e4sittelyn seurauksena olet alttiina. T\u00e4ss\u00e4 arvioinnissa on otettu erityisesti huomioon se tosiasia, ett\u00e4 uskomme k\u00e4sittelyn hy\u00f6dytt\u00e4v\u00e4n sinua.<\/p>\n<p><strong>Varastointi ja s\u00e4ilytysaika:<br \/>\n<\/strong>Ker\u00e4tyt tiedot s\u00e4ilytet\u00e4\u00e4n 36 kuukauden s\u00e4ilytysjakson ajan. Voit aina peruuttaa rekister\u00f6innin t\u00e4m\u00e4nkaltaisista postituksista.<\/li>\n<li><strong>Varastointi ja s\u00e4ilytysaika:<\/strong><br \/>\nPartner in Pet Food Nordics AB s\u00e4ilytt\u00e4\u00e4 tietojasi niin kauan kuin tiedot ovat tarpeen (katso kohta 4) niiden tarkoitusten toteuttamiseksi, joihin tiedonkeruu alun perin oli tarkoitettu. Tietoja s\u00e4ilytet\u00e4\u00e4n voimassa olevan lain edellytt\u00e4m\u00e4n ajan. Meill\u00e4 on rutiinit, jotka varmistavat, ett\u00e4 emme tallenna tarpeettomia sinua koskevia tietoja ja lyhenn\u00e4mme tallennusajan mahdollisimman lyhyeksi.<strong>Suostumuksen j\u00e4lkeen ker\u00e4tyt tiedot:<br \/>\n<\/strong>Jos et ole asiakas etk\u00e4 klubimme j\u00e4sen, mutta vierailet Doggyn verkkosivuilla tai muissa sit\u00e4 vaativissa tilanteissa, Partner in Pet Food Nordics AB pyyt\u00e4\u00e4 sinulta suostumuksen ennen kuin jatkamme henkil\u00f6tietojesi rekister\u00f6inti\u00e4. S\u00e4ilyt\u00e4mme suostumuksellasi ker\u00e4tyt tiedot niin kauan kuin tiedot ovat olennaisia, mutta poistamme historialliset tiedot s\u00e4\u00e4nn\u00f6llisesti tietojen ker\u00e4\u00e4misest\u00e4 alkaen. Voit aina peruuttaa suostumuksesi jolloin tiedot poistetaan mahdollisimman pian.<\/li>\n<li><strong>Tilanteita, joissa saatamme jakaa tietojasi<\/strong><br \/>\nDoggy jakaa henkil\u00f6tietojasi vain lain vaatiessa tai muissa tapauksissa, joissa se on lain mukaan sallittua. Saatamme tietyiss\u00e4 tapauksissa k\u00e4ytt\u00e4\u00e4 tietojenk\u00e4sittelij\u00e4\u00e4, joka auttaa meit\u00e4 markkinoinnissamme tai sopimusten ja tilausten hallinnoinnissa. N\u00e4iss\u00e4 tapauksissa meit\u00e4 avustaviin yrityksiin voi kuulua kuljetus- ja logistiikkayrityksi\u00e4, pankkeja ja luottokorttiyhti\u00f6it\u00e4 tai markkinoinnin toimittajia. T\u00e4llaisissa tapauksissa teemme k\u00e4sittelij\u00e4n kanssa sopimuksen, joka varmistaa, ett\u00e4 tietojesi suojaamiseksi on k\u00e4yt\u00f6ss\u00e4 turvatoimenpiteet. Kun jaamme tietojasi, niit\u00e4 k\u00e4ytet\u00e4\u00e4n vain samoihin tarkoituksiin, joihin tiedonkeruu alun perin oli tarkoitettu. Doggy ei luovuta henkil\u00f6tietojasi EU:n\/ETA:n ulkopuolelle, mutta tapauksissa, joissa t\u00e4m\u00e4 tietojen k\u00e4sittelij\u00f6iden kautta, sovelletaan tiukkoja vaatimuksia ja sopimuksia sek\u00e4 soveltuvaa lains\u00e4\u00e4d\u00e4nt\u00f6\u00e4.<\/li>\n<li><strong>Henkil\u00f6tietojesi turvallisuus<br \/>\n<\/strong>Partner in Pet Food Nordics AB:lla varmistamme, ett\u00e4 henkil\u00f6tietojasi k\u00e4sitell\u00e4\u00e4n erityisten turvatoimien mukaisesti henkil\u00f6tietojesi suojaamiseksi laittomalta tai luvattomalta p\u00e4\u00e4sylt\u00e4 tietoihin. Partner in Pet Food Nordics AB:lla k\u00e4sitell\u00e4\u00e4n vain vaadittavia tietoja ja vain niit\u00e4 k\u00e4sittelev\u00e4t vain ne ihmiset, jotka tarvitsevat tietoja voidakseen tarjota parasta palvelua asiakkaillemme, j\u00e4senillemme ja kilpailuihin osallistuville.Oikeutesi tietojasi koskien<br \/>\nPartner in Pet Food Nordics AB takaa, ett\u00e4 se noudattaa henkil\u00f6tietojesi k\u00e4sittely\u00e4 koskevaa voimassa olevaa lains\u00e4\u00e4d\u00e4nt\u00f6\u00e4 rekisterinpit\u00e4j\u00e4n\u00e4. GDPR:n kohdan 15 mukaan sinulla on oikeus saada maksutta ja kerran kalenterivuodessa tieto siit\u00e4, mit\u00e4 sinua koskevia henkil\u00f6tietoja k\u00e4sittelemme ja mill\u00e4 tavalla. Sinulla on my\u00f6s oikeus GDPR:n kohdan 17 mukaisesti pyyt\u00e4\u00e4 suostumuksesi peruuttamista ja\/tai k\u00e4sittelemiemme henkil\u00f6tietojesi poistamista. Lain mukaan voit kysy\u00e4 meilt\u00e4, mit\u00e4 tietoja meill\u00e4 on sinusta ja voit pyyt\u00e4\u00e4 korjaamaan mahdolliset virheet. Voit my\u00f6s pyyt\u00e4\u00e4 tietojen poistamista sek\u00e4 vaatia meit\u00e4 toimittamaan sinulle kopion tiedoista.Voit pyyt\u00e4\u00e4 meit\u00e4 lopettamaan tietojesi k\u00e4ytt\u00e4minen. Yksinkertaisin tapa tehd\u00e4 t\u00e4m\u00e4 on ottaa meihin yhteytt\u00e4 kohdassa 2 ilmoitetuilla tavoilla.<\/li>\n<li><strong>Valitukset ja valvontaviranomainen<br \/>\n<\/strong>Jos sinulla on valitettavaa tietojesi k\u00e4yt\u00f6st\u00e4, voit ottaa yhteytt\u00e4 Partner in Pet Food Nordics AB:hen k\u00e4ytt\u00e4m\u00e4ll\u00e4 yll\u00e4 olevia yhteystietoja. Ruotsin tietosuojaviranomainen vastaa tietosuojalains\u00e4\u00e4d\u00e4nn\u00f6n mukaisesta viranomaisvalvonnasta ja ne, jotka katsovat kyseess\u00e4 olevan henkil\u00f6tietojen virheellinen k\u00e4sittely, voivat tehd\u00e4 valituksen Ruotsin tietosuojaviranomaiselle.<\/li>\n<\/ol>\n\t\t\t<\/div>\n\t\t<\/div>\n\t<\/div>\n","protected":false},"excerpt":{"rendered":"","protected":false},"author":4,"featured_media":0,"parent":0,"menu_order":0,"comment_status":"closed","ping_status":"closed","template":"guternberg.php","meta":{"footnotes":""},"acf":[],"yoast_head":"<!-- This site is optimized with the Yoast SEO plugin v21.3 - https:\/\/yoast.com\/wordpress\/plugins\/seo\/ -->\n<title>Tietosuojak\u00e4yt\u00e4nt\u00f6mme - Bozita Finland<\/title>\n<meta name=\"description\" content=\"J\u00e4senen\u00e4 \/ kilpailuun osallistuvana \/ Doggyn kassa yhteyksiss\u00e4 olevana sinun pit\u00e4\u00e4 aina tuntea olosi turvalliseksi sen suhteen kuinka k\u00e4sittelemme henkil\u00f6kohtaisia tietojasi. EU:n tietosuoja-asetuksen (GDPR) johdosta sovellamme ja selvenn\u00e4mme tietosuojak\u00e4yt\u00e4nt\u00f6\u00e4mme 25 toukokuuta 2018 l\u00e4htien. GDPR asettaa meille yrityksen\u00e4 korkeammat vaatimukset, mink\u00e4 n\u00e4emme vain hyv\u00e4n\u00e4 asiana. T\u00e4m\u00e4 ei tuo mukanaan huomattavia eroja sinulle kun olet yhteydess\u00e4 Partner in Pet Food Nordics AB:n. Suojelemme yksityisyytt\u00e4si ja uskomme, ett\u00e4 henkil\u00f6kohtaisten tietojesi suojeleminen on ensisijaisen t\u00e4rke\u00e4\u00e4. Tutustu mielell\u00e4\u00e4n alla oleviin ehtoihin.\" \/>\n<meta name=\"robots\" content=\"index, follow, max-snippet:-1, max-image-preview:large, max-video-preview:-1\" \/>\n<link rel=\"canonical\" href=\"https:\/\/bozita.com\/fi\/tietosuojakaytantomme\/\" \/>\n<meta property=\"og:locale\" content=\"fi_FI\" \/>\n<meta property=\"og:type\" content=\"article\" \/>\n<meta property=\"og:title\" content=\"Tietosuojak\u00e4yt\u00e4nt\u00f6mme - Bozita Finland\" \/>\n<meta property=\"og:description\" content=\"J\u00e4senen\u00e4 \/ kilpailuun osallistuvana \/ Doggyn kassa yhteyksiss\u00e4 olevana sinun pit\u00e4\u00e4 aina tuntea olosi turvalliseksi sen suhteen kuinka k\u00e4sittelemme henkil\u00f6kohtaisia tietojasi. EU:n tietosuoja-asetuksen (GDPR) johdosta sovellamme ja selvenn\u00e4mme tietosuojak\u00e4yt\u00e4nt\u00f6\u00e4mme 25 toukokuuta 2018 l\u00e4htien. GDPR asettaa meille yrityksen\u00e4 korkeammat vaatimukset, mink\u00e4 n\u00e4emme vain hyv\u00e4n\u00e4 asiana. T\u00e4m\u00e4 ei tuo mukanaan huomattavia eroja sinulle kun olet yhteydess\u00e4 Partner in Pet Food Nordics AB:n. Suojelemme yksityisyytt\u00e4si ja uskomme, ett\u00e4 henkil\u00f6kohtaisten tietojesi suojeleminen on ensisijaisen t\u00e4rke\u00e4\u00e4. Tutustu mielell\u00e4\u00e4n alla oleviin ehtoihin.\" \/>\n<meta property=\"og:url\" content=\"https:\/\/bozita.com\/fi\/tietosuojakaytantomme\/\" \/>\n<meta property=\"og:site_name\" content=\"Bozita Finland\" \/>\n<meta property=\"article:modified_time\" content=\"2026-03-09T08:25:15+00:00\" \/>\n<meta name=\"twitter:card\" content=\"summary_large_image\" \/>\n<!-- \/ Yoast SEO plugin. -->","yoast_head_json":{"title":"Tietosuojak\u00e4yt\u00e4nt\u00f6mme - Bozita Finland","description":"J\u00e4senen\u00e4 \/ kilpailuun osallistuvana \/ Doggyn kassa yhteyksiss\u00e4 olevana sinun pit\u00e4\u00e4 aina tuntea olosi turvalliseksi sen suhteen kuinka k\u00e4sittelemme henkil\u00f6kohtaisia tietojasi. EU:n tietosuoja-asetuksen (GDPR) johdosta sovellamme ja selvenn\u00e4mme tietosuojak\u00e4yt\u00e4nt\u00f6\u00e4mme 25 toukokuuta 2018 l\u00e4htien. GDPR asettaa meille yrityksen\u00e4 korkeammat vaatimukset, mink\u00e4 n\u00e4emme vain hyv\u00e4n\u00e4 asiana. T\u00e4m\u00e4 ei tuo mukanaan huomattavia eroja sinulle kun olet yhteydess\u00e4 Partner in Pet Food Nordics AB:n. Suojelemme yksityisyytt\u00e4si ja uskomme, ett\u00e4 henkil\u00f6kohtaisten tietojesi suojeleminen on ensisijaisen t\u00e4rke\u00e4\u00e4. Tutustu mielell\u00e4\u00e4n alla oleviin ehtoihin.","robots":{"index":"index","follow":"follow","max-snippet":"max-snippet:-1","max-image-preview":"max-image-preview:large","max-video-preview":"max-video-preview:-1"},"canonical":"https:\/\/bozita.com\/fi\/tietosuojakaytantomme\/","og_locale":"fi_FI","og_type":"article","og_title":"Tietosuojak\u00e4yt\u00e4nt\u00f6mme - Bozita Finland","og_description":"J\u00e4senen\u00e4 \/ kilpailuun osallistuvana \/ Doggyn kassa yhteyksiss\u00e4 olevana sinun pit\u00e4\u00e4 aina tuntea olosi turvalliseksi sen suhteen kuinka k\u00e4sittelemme henkil\u00f6kohtaisia tietojasi. EU:n tietosuoja-asetuksen (GDPR) johdosta sovellamme ja selvenn\u00e4mme tietosuojak\u00e4yt\u00e4nt\u00f6\u00e4mme 25 toukokuuta 2018 l\u00e4htien. GDPR asettaa meille yrityksen\u00e4 korkeammat vaatimukset, mink\u00e4 n\u00e4emme vain hyv\u00e4n\u00e4 asiana. T\u00e4m\u00e4 ei tuo mukanaan huomattavia eroja sinulle kun olet yhteydess\u00e4 Partner in Pet Food Nordics AB:n. Suojelemme yksityisyytt\u00e4si ja uskomme, ett\u00e4 henkil\u00f6kohtaisten tietojesi suojeleminen on ensisijaisen t\u00e4rke\u00e4\u00e4. Tutustu mielell\u00e4\u00e4n alla oleviin ehtoihin.","og_url":"https:\/\/bozita.com\/fi\/tietosuojakaytantomme\/","og_site_name":"Bozita Finland","article_modified_time":"2026-03-09T08:25:15+00:00","twitter_card":"summary_large_image","schema":{"@context":"https:\/\/schema.org","@graph":[{"@type":"WebPage","@id":"https:\/\/bozita.com\/fi\/tietosuojakaytantomme\/","url":"https:\/\/bozita.com\/fi\/tietosuojakaytantomme\/","name":"Tietosuojak\u00e4yt\u00e4nt\u00f6mme - Bozita Finland","isPartOf":{"@id":"https:\/\/bozita.com\/fi\/#website"},"datePublished":"2022-08-31T07:41:47+00:00","dateModified":"2026-03-09T08:25:15+00:00","description":"J\u00e4senen\u00e4 \/ kilpailuun osallistuvana \/ Doggyn kassa yhteyksiss\u00e4 olevana sinun pit\u00e4\u00e4 aina tuntea olosi turvalliseksi sen suhteen kuinka k\u00e4sittelemme henkil\u00f6kohtaisia tietojasi. EU:n tietosuoja-asetuksen (GDPR) johdosta sovellamme ja selvenn\u00e4mme tietosuojak\u00e4yt\u00e4nt\u00f6\u00e4mme 25 toukokuuta 2018 l\u00e4htien. GDPR asettaa meille yrityksen\u00e4 korkeammat vaatimukset, mink\u00e4 n\u00e4emme vain hyv\u00e4n\u00e4 asiana. T\u00e4m\u00e4 ei tuo mukanaan huomattavia eroja sinulle kun olet yhteydess\u00e4 Partner in Pet Food Nordics AB:n. Suojelemme yksityisyytt\u00e4si ja uskomme, ett\u00e4 henkil\u00f6kohtaisten tietojesi suojeleminen on ensisijaisen t\u00e4rke\u00e4\u00e4. Tutustu mielell\u00e4\u00e4n alla oleviin ehtoihin.","breadcrumb":{"@id":"https:\/\/bozita.com\/fi\/tietosuojakaytantomme\/#breadcrumb"},"inLanguage":"fi","potentialAction":[{"@type":"ReadAction","target":["https:\/\/bozita.com\/fi\/tietosuojakaytantomme\/"]}]},{"@type":"BreadcrumbList","@id":"https:\/\/bozita.com\/fi\/tietosuojakaytantomme\/#breadcrumb","itemListElement":[{"@type":"ListItem","position":1,"name":"Koti","item":"https:\/\/bozita.com\/fi\/"},{"@type":"ListItem","position":2,"name":"Tietosuojak\u00e4yt\u00e4nt\u00f6mme"}]},{"@type":"WebSite","@id":"https:\/\/bozita.com\/fi\/#website","url":"https:\/\/bozita.com\/fi\/","name":"Bozita Finland","description":"","potentialAction":[{"@type":"SearchAction","target":{"@type":"EntryPoint","urlTemplate":"https:\/\/bozita.com\/fi\/?s={search_term_string}"},"query-input":"required name=search_term_string"}],"inLanguage":"fi"}]}},"_links":{"self":[{"href":"https:\/\/bozita.com\/fi\/wp-json\/wp\/v2\/pages\/7022"}],"collection":[{"href":"https:\/\/bozita.com\/fi\/wp-json\/wp\/v2\/pages"}],"about":[{"href":"https:\/\/bozita.com\/fi\/wp-json\/wp\/v2\/types\/page"}],"author":[{"embeddable":true,"href":"https:\/\/bozita.com\/fi\/wp-json\/wp\/v2\/users\/4"}],"replies":[{"embeddable":true,"href":"https:\/\/bozita.com\/fi\/wp-json\/wp\/v2\/comments?post=7022"}],"version-history":[{"count":7,"href":"https:\/\/bozita.com\/fi\/wp-json\/wp\/v2\/pages\/7022\/revisions"}],"predecessor-version":[{"id":12021,"href":"https:\/\/bozita.com\/fi\/wp-json\/wp\/v2\/pages\/7022\/revisions\/12021"}],"wp:attachment":[{"href":"https:\/\/bozita.com\/fi\/wp-json\/wp\/v2\/media?parent=7022"}],"curies":[{"name":"wp","href":"https:\/\/api.w.org\/{rel}","templated":true}]}}