{"id":7224,"date":"2022-08-31T09:18:15","date_gmt":"2022-08-31T09:18:15","guid":{"rendered":"https:\/\/bozita.com\/fi\/404-sivu\/"},"modified":"2023-10-03T13:15:02","modified_gmt":"2023-10-03T13:15:02","slug":"404-sivu","status":"publish","type":"page","link":"https:\/\/bozita.com\/fi\/404-sivu\/","title":{"rendered":"404-Sivu"},"content":{"rendered":"\n<section class=\"notfound-page\">\n\t<div class=\"notfound-header\">\n\t\t<div class=\"container\">\n\t\t\t<div class=\"row\">\n\t\t\t\t<div class=\"col-md-6\">\n\t\t\t\t\t<div class=\"notfound-heading\">\n\t\t\t\t\t\t<h3>404 &#8211; Oletko eksyksiss\u00e4? <\/h3>\n\t\t\t\t\t\t<h6>Emme l\u00f6yt\u00e4neet etsim\u00e4\u00e4si sivua. Olet ehk\u00e4 kirjoittanut v\u00e4\u00e4r\u00e4n URL:n tai l\u00f6yt\u00e4nyt rikkin\u00e4isen linkin.<\/h6>\n\t\t\t\t\t\t<p>K\u00e4yt\u00e4 sivun yl\u00e4osan navigaatiota tai hakutoimintoa l\u00f6yt\u00e4\u00e4ksesi etsim\u00e4si tieto tai palaa etusivulle <a href=\"https:\/\/bozita.com\/fi\/?lang=fi\">t\u00e4st\u00e4<\/a>. Jos vain selailet sivustoamme sinua saattaa kiinnostaa alla olevat artikkelit.<\/p>\n\t\t\t\t\t<\/div>\n\t\t\t\t<\/div>\n\t\t\t\t<div class=\"col-md-6\">\n\t\t\t\t\t<div class=\"notfound-image\">\n\t\t\t\t\t\t<img decoding=\"async\" src=\"https:\/\/bozita.com\/fi\/wp-content\/uploads\/sites\/11\/2021\/08\/Bozita_404-Page-Image-v1@2x_optimised-new.png\" alt=\"\">\n\t\t\t\t\t<\/div>\n\t\t\t\t<\/div>\n\t\t\t<\/div>\n\t\t<\/div>\n\t<\/div>\n<\/section>\n\n\n<div class=\"text-box section-heading\">\n\t<div class=\"container\">\n\t\t<h2 class=\"section-heading-title\">Kiinnostavia artikkeleita Bozitalla<\/h2>\n\t<\/div>\n<\/div>\n<\/div>\n\n\n\t<section class=\"block section-promos\">\n\t\t<div class=\"container\">\n\t\t\t<div class=\"row\">\n\t\t\t\t\t\t\t\t\t\t<div class=\" col-md-6 condensed_V1\">\n\t\t\t\t\t\t\t<div class=\"card\">\n\t\t\t\t\t\t\t\t\t\t\t\t\t\t\t\t\t<img decoding=\"async\" class=\"card-img-top\" src=\"https:\/\/bozita.com\/fi\/wp-content\/uploads\/sites\/11\/2021\/07\/maria-chernetskaya-gfcIwMXxHiM-unsplash-300x192-1.png\" alt=\"\">\n\t\t\t\t\t\t\t\t\t\t\t\t\t\t\t\t<div class=\"card-body\">\n\t\t\t\t\t\t\t\t\t<h5 class=\"card-title\">Kissan totuttaminen<\/h5>\n\t\t\t\t\t\t\t\t\t<p class=\"card-text\">Elin Hirsch, kissojen k\u00e4ytt\u00e4ytymiseen erikoistunut etiologian tohtori kertoo kuinka onnistut uuden kissan totuttamisessa.<\/p>\n\t\t\t\t\t\t\t\t\t\t\t\t\t\t\t\t\t\t\t<a target=\"\" href=\"https:\/\/bozita.com\/fi\/kissan-totuttaminen-uuteen-kotiin\/\" class=\"btn btn-white\">Lue lis\u00e4\u00e4<\/a>\n\t\t\t\t\t\t\t\t\t\t\t\t\t\t\t\t\t\t<\/div>\n\t\t\t\t\t\t\t<\/div>\n\t\t\t\t\t\t<\/div>\n\t\t\t\t\t\t\t\t\t\t\t\t<div class=\" col-md-6 condensed_V1\">\n\t\t\t\t\t\t\t<div class=\"card\">\n\t\t\t\t\t\t\t\t\t\t\t\t\t\t\t\t\t<img decoding=\"async\" class=\"card-img-top\" src=\"https:\/\/bozita.com\/fi\/wp-content\/uploads\/sites\/11\/2021\/07\/sheep-300x192-1.jpg\" alt=\"\">\n\t\t\t\t\t\t\t\t\t\t\t\t\t\t\t\t<div class=\"card-body\">\n\t\t\t\t\t\t\t\t\t<h5 class=\"card-title\">Kest\u00e4vyys<\/h5>\n\t\t\t\t\t\t\t\t\t<p class=\"card-text\">Olemme sitoutuneet tekem\u00e4\u00e4n koko yritystoiminnastamme kest\u00e4v\u00e4\u00e4, aina energiasta, joka py\u00f6ritt\u00e4\u00e4 keitti\u00f6it\u00e4mme pakkauksiin, jossa ruoan saat.<\/p>\n\t\t\t\t\t\t\t\t\t\t\t\t\t\t\t\t\t\t\t<a target=\"\" href=\"https:\/\/bozita.com\/fi\/kestavaa-elaimille-ja-luonnolle\/\" class=\"btn btn-white\">Lue lis\u00e4\u00e4<\/a>\n\t\t\t\t\t\t\t\t\t\t\t\t\t\t\t\t\t\t<\/div>\n\t\t\t\t\t\t\t<\/div>\n\t\t\t\t\t\t<\/div>\n\t\t\t\t\t\t\t\t\t<\/div>\n\t\t<\/div>\n\t<\/section>\n","protected":false},"excerpt":{"rendered":"","protected":false},"author":1,"featured_media":0,"parent":0,"menu_order":0,"comment_status":"closed","ping_status":"closed","template":"guternberg.php","meta":{"footnotes":""},"acf":[],"yoast_head":"<!-- This site is optimized with the Yoast SEO plugin v21.3 - https:\/\/yoast.com\/wordpress\/plugins\/seo\/ -->\n<title>404-Sivu - Bozita Finland<\/title>\n<meta name=\"robots\" content=\"index, follow, max-snippet:-1, max-image-preview:large, max-video-preview:-1\" \/>\n<link rel=\"canonical\" href=\"https:\/\/bozita.com\/fi\/404-sivu\/\" \/>\n<meta property=\"og:locale\" content=\"fi_FI\" \/>\n<meta property=\"og:type\" content=\"article\" \/>\n<meta property=\"og:title\" content=\"404-Sivu - Bozita Finland\" \/>\n<meta property=\"og:url\" content=\"https:\/\/bozita.com\/fi\/404-sivu\/\" \/>\n<meta property=\"og:site_name\" content=\"Bozita Finland\" \/>\n<meta property=\"article:modified_time\" content=\"2023-10-03T13:15:02+00:00\" \/>\n<meta name=\"twitter:card\" content=\"summary_large_image\" \/>\n<!-- \/ Yoast SEO plugin. -->","yoast_head_json":{"title":"404-Sivu - Bozita Finland","robots":{"index":"index","follow":"follow","max-snippet":"max-snippet:-1","max-image-preview":"max-image-preview:large","max-video-preview":"max-video-preview:-1"},"canonical":"https:\/\/bozita.com\/fi\/404-sivu\/","og_locale":"fi_FI","og_type":"article","og_title":"404-Sivu - Bozita Finland","og_url":"https:\/\/bozita.com\/fi\/404-sivu\/","og_site_name":"Bozita Finland","article_modified_time":"2023-10-03T13:15:02+00:00","twitter_card":"summary_large_image","schema":{"@context":"https:\/\/schema.org","@graph":[{"@type":"WebPage","@id":"https:\/\/bozita.com\/fi\/404-sivu\/","url":"https:\/\/bozita.com\/fi\/404-sivu\/","name":"404-Sivu - Bozita Finland","isPartOf":{"@id":"https:\/\/bozita.com\/fi\/#website"},"datePublished":"2022-08-31T09:18:15+00:00","dateModified":"2023-10-03T13:15:02+00:00","breadcrumb":{"@id":"https:\/\/bozita.com\/fi\/404-sivu\/#breadcrumb"},"inLanguage":"fi","potentialAction":[{"@type":"ReadAction","target":["https:\/\/bozita.com\/fi\/404-sivu\/"]}]},{"@type":"BreadcrumbList","@id":"https:\/\/bozita.com\/fi\/404-sivu\/#breadcrumb","itemListElement":[{"@type":"ListItem","position":1,"name":"Koti","item":"https:\/\/bozita.com\/fi\/"},{"@type":"ListItem","position":2,"name":"404-Sivu"}]},{"@type":"WebSite","@id":"https:\/\/bozita.com\/fi\/#website","url":"https:\/\/bozita.com\/fi\/","name":"Bozita Finland","description":"","potentialAction":[{"@type":"SearchAction","target":{"@type":"EntryPoint","urlTemplate":"https:\/\/bozita.com\/fi\/?s={search_term_string}"},"query-input":"required name=search_term_string"}],"inLanguage":"fi"}]}},"_links":{"self":[{"href":"https:\/\/bozita.com\/fi\/wp-json\/wp\/v2\/pages\/7224"}],"collection":[{"href":"https:\/\/bozita.com\/fi\/wp-json\/wp\/v2\/pages"}],"about":[{"href":"https:\/\/bozita.com\/fi\/wp-json\/wp\/v2\/types\/page"}],"author":[{"embeddable":true,"href":"https:\/\/bozita.com\/fi\/wp-json\/wp\/v2\/users\/1"}],"replies":[{"embeddable":true,"href":"https:\/\/bozita.com\/fi\/wp-json\/wp\/v2\/comments?post=7224"}],"version-history":[{"count":5,"href":"https:\/\/bozita.com\/fi\/wp-json\/wp\/v2\/pages\/7224\/revisions"}],"predecessor-version":[{"id":9067,"href":"https:\/\/bozita.com\/fi\/wp-json\/wp\/v2\/pages\/7224\/revisions\/9067"}],"wp:attachment":[{"href":"https:\/\/bozita.com\/fi\/wp-json\/wp\/v2\/media?parent=7224"}],"curies":[{"name":"wp","href":"https:\/\/api.w.org\/{rel}","templated":true}]}}