{"id":7239,"date":"2022-08-31T09:24:13","date_gmt":"2022-08-31T09:24:13","guid":{"rendered":"https:\/\/bozita.com\/fi\/kissan-kehitys\/"},"modified":"2025-03-05T09:22:01","modified_gmt":"2025-03-05T09:22:01","slug":"kissan-kehitys","status":"publish","type":"page","link":"https:\/\/bozita.com\/fi\/kissan-kehitys\/","title":{"rendered":"Kissan kehitys"},"content":{"rendered":"\n\t\t<section class=\"small-hero-with-image\">\n\t\t\t\t\t\t\t<img decoding=\"async\" class=\"background-image\" src=\"https:\/\/bozita.com\/fi\/wp-content\/uploads\/sites\/11\/2021\/06\/bozita-katt-utveckling-2.jpg\" alt=\"\">\n\t\t\t\t\t\t\t<div class=\"overlay-v1 \">\n\t\t\t\t<div class=\"container\">\n\t\t\t\t\t<div class=\"row\">\n\t\t\t\t\t\t<div class=\"col-md-6 col-lg-5\">\n\t\t\t\t\t\t\t<h5>Tietoa<\/h5><h1>Kissan kehitys<\/h1><p><p>Kissan omistaminen on mahtava, viihdytt\u00e4v\u00e4 ja joskus hieman hullu kokemus. Saatat kissanomistajana kysy\u00e4 itselt\u00e4si mit\u00e4 kissasi k\u00e4yt\u00f6s merkitsee, voitko tuoda kotiin toisenkin kissan ja kuinka parhaiten saat kissanpennun tuntemaan olosi kotoisaksi sinun ja perheesi kanssa. <\/p>\n<\/p>\t\t\t\t\t\t<\/div>\n\t\t\t\t\t<\/div>\n\t\t\t\t<\/div>\n\t\t\t<\/div>\n\t\t<\/section>\n\t\t\n\n\t<div class=\"text-box-warp\">\n\t\t<div class=\"container\">\n\t\t\t<div class=\"text-content\">\n\t\t\t\t<p>T\u00e4\u00e4lt\u00e4 l\u00f6yd\u00e4t vastauksia kysymyksiin, opit lis\u00e4\u00e4 kissasi kehityksest\u00e4, kissojen historiasta ja ymm\u00e4rr\u00e4t kissasi k\u00e4yt\u00f6st\u00e4 paremmin. Bozitan asiantuntijat neuvovat kuinka saat kissasi tuntemaan olonsa kotoisaksi sinun, muiden kissojen ja koirien seurassa &#8211; ja paljon muuta.<\/p>\n<h2><a href=\"https:\/\/bozita.com\/fi\/kissanpennut-kehitys-ja-sosiaalistaminen\/?lang=fi\">Kissanpennut &#8211; kehitys ja sosiaalistaminen<\/a><\/h2>\n<p>On paljon huomioitavaa kun hankit kissan. Sinun t\u00e4ytyy ajatella kissanpentua ja sen kehityst\u00e4. Kissanpennun ensikokemukset ovat t\u00e4rke\u00e4ss\u00e4 osassa kissan kehityksess\u00e4, kuinka se k\u00e4ytt\u00e4ytyy aikuisena, sen stressinsietokyvylle ja kuinka se k\u00e4sittelee uusia tilanteita.<br \/>\nEnnen kaikkea kokemukset, joita kissanpentu saa niin sanotun sosiaalistamisvaiheen aikana vaikuttavat vahvasti sen k\u00e4yt\u00f6kseen my\u00f6h\u00e4isemm\u00e4n el\u00e4m\u00e4n aikana.<br \/>\nKissanpennun kehityksen kannalta on t\u00e4rke\u00e4\u00e4, ett\u00e4 t\u00e4ss\u00e4 vaiheessa on mahdollisimman paljon positiivisia kokemuksia, vaikka kissanpennun suhde ihmisiin kehittyy sen nelj\u00e4nteen elinkuukauteen asti.<\/p>\n<h2><a href=\"https:\/\/bozita.com\/fi\/kissasi-toiseen-kissaan-tutustuttaminen\/?lang=fi\">Tutustuta kissa muihin kissoihin<\/a><\/h2>\n<p>Bozita&#8217;s kissaasiantuntija Elin Hirsch on kissojen k\u00e4ytt\u00e4ytymiseen erikoistunut etiologian tohtori. Haluatko kotiisi toisenkin kissan. T\u00e4st\u00e4 artikkelista saat vinkkej\u00e4 ja neuvoja kuinka onnistut kissan tutustuttamisessa.<\/p>\n<h2><a href=\"https:\/\/bozita.com\/fi\/kolme-yksinkertaista-askelta-lemmikkiesi-toisiinsa-tutustuttamiseksi\/?lang=fi\">Tutustuta kissasi koirallesi kolmivaiheisesti<\/a><\/h2>\n<p>Kissojen ja koirien toisiinsa totuttaminen, jotta ne voivat el\u00e4\u00e4 onnellisesti yhdess\u00e4, menee yleens\u00e4 hyvin mutta saattaa vaatia suunnittelua ja k\u00e4rsiv\u00e4llisyytt\u00e4. Turvallisuus on kaikkein t\u00e4rkein asia. Luo el\u00e4imille hyv\u00e4t olosuhteet, jotta tapaaminen on mahdollisimman positiivinen kokemus ja ne lopulta hyv\u00e4ksyv\u00e4t toisensa. T\u00e4ss\u00e4 on kolme askelta seurattavaksi jos sinulla on koira ja suunnittelet kissan hankintaa.<\/p>\n<h2><a href=\"https:\/\/bozita.com\/fi\/kissan-kaytos-ja-kehonkieli\/?lang=fi\">Kissan k\u00e4ytt\u00e4ytyminen ja kehonkieli<\/a><\/h2>\n<p>Kissanomistajan on aina hauska oppia tulkitsemaan kissasi k\u00e4yt\u00f6st\u00e4 ja kehonkielt\u00e4. Kissan kehonkieli sanoo enemm\u00e4n kuin tuhat sanaa ja sill\u00e4 on paljon erilaisia tunnetiloja. Olet sitten kokenut tai uusi kissanomistaja, voi toisinaan olla vaikeaa tulkita kissasi ajatuksia ja tunteita. Tietyt viestit ovat selkeit\u00e4, toiset taas hienovaraisempia.<br \/>\nKatso kissasi h\u00e4nt\u00e4\u00e4, korvia ja kasvoja ymm\u00e4rt\u00e4\u00e4ksesi sen viestej\u00e4 ja reaktioita erilaisiin tilanteisiin.<\/p>\n<h2><a href=\"https:\/\/bozita.com\/fi\/kissojen-historiaa\/?lang=fi\">Kissojen historia<\/a><\/h2>\n<p>Kissa on kesytetty tuhansia vuosia sitten ja on kehittynyt tuholaistorjujasta arvostetuksi perheenj\u00e4seneksi.<\/p>\n<h2><a href=\"https:\/\/bozita.com\/fi\/kissan-anatomia-ja-fysiologia\/?lang=fi\">Kissan anatomia ja fysiologia<\/a><\/h2>\n<p>Kissoja on monenlaisia ja monen rotuisia, mutta niiden vartalot toimivat melko samankaltaisesti. Niill\u00e4 on mets\u00e4st\u00e4jien rakenne nopeine reflekseineen ja joustavine vartaloineen, jotka tekev\u00e4t vaarojen pakenemisesta ja saaliin vangitsemisesta helppoa. Ymm\u00e4rt\u00e4\u00e4ksesi kissan k\u00e4yt\u00f6st\u00e4 ja kuinka niiden kehot toimivat on hyv\u00e4 ymm\u00e4rt\u00e4\u00e4 kissan anatomiaa (kuinka se on rakennettu) ja fysiologiaa (kuinka se toimii).<\/p>\n<h2><a href=\"https:\/\/bozita.com\/fi\/onko-kissan-tai-kissanpennun-kouluttaminen-mahdollista\/?lang=fi\">Voiko kissaa tai kissanpentua kouluttaa?<\/a><\/h2>\n<p>Aika l\u00e4hte\u00e4 el\u00e4inl\u00e4\u00e4k\u00e4riin tai kes\u00e4m\u00f6kille? Monille kissoille, ja kissanomistajille, t\u00e4m\u00e4 tarkoittaa stressaavaa tilannetta, sill\u00e4 kissat ovat rutiineista pit\u00e4vi\u00e4 el\u00e4imi\u00e4 ja tuntevat olonsa turvallisimmaksi tutussa ymp\u00e4rist\u00f6ss\u00e4.<br \/>\nMatkustamisen ja el\u00e4inl\u00e4\u00e4k\u00e4rik\u00e4ynnin ei tarvitse tarkoittaa huolta ja stressi\u00e4. Voit saada apua kissasi ja kissanpentusi kouluttamiseen uusiin tilanteisiin tottumiseen. N\u00e4in pienenn\u00e4t riski\u00e4, ett\u00e4 kissasi kokee tilanteet negatiivisina.<\/p>\n<h2><a href=\"https:\/\/bozita.com\/fi\/kissan-matka-aikuisuuteen\/?lang=fi\">Kissan matka pennusta aikuiseksi<\/a><\/h2>\n<p>Kun kissanpennut kasvavat ja kehittyv\u00e4t aikuisiksi kissoiksi niiden tarpeet ja k\u00e4yt\u00f6s muuttuvat. Niiden eri vaiheista oppiminen voi olla hy\u00f6dyksi sek\u00e4 sinulle, ett\u00e4 kissallesi. Muutoksen ymm\u00e4rt\u00e4minen ja niiden ymp\u00e4rist\u00f6n ja elintapojen muokkaaminen vastaamaan tarpeita luo hyv\u00e4n pohjan kissan ja sinun v\u00e4liselle suhteelle.<\/p>\n<h2><a href=\"https:\/\/bozita.com\/fi\/mika-on-paras-tapa-matkustaa-kissan-kanssa\/?lang=fi\">Matkustaminen kissan kanssa<\/a><\/h2>\n<p>Matkustaminen kissan kanssa vaatii valmisteluja riippumatta matkan pituudesta ja siit\u00e4 matkustatteko autolla, junalla, linja-autolla vai junalla. Jos olet matkustamassa ulkomaille kissasi kanssa sinun t\u00e4ytyy lis\u00e4ksi tiet\u00e4\u00e4 mitk\u00e4 s\u00e4\u00e4nn\u00f6t p\u00e4tev\u00e4t kohdemaassa, kuten vaatimukset rokotusten suhteen.<\/p>\n<h2><a href=\"https:\/\/bozita.com\/fi\/kuinka-paljon-kissa-nukkuu\/?lang=fi\">Kuinka paljon kissa nukkuu?<\/a><\/h2>\n<p>Kissan p\u00e4ivitt\u00e4isen unen m\u00e4\u00e4r\u00e4\u00e4n vaikuttaa moni tekij\u00e4, kuten ik\u00e4, aktiivisuustaso ja persoonallisuus. Esimerkiksi vanhemmat kissat ja kissanpennut saattavat tarvita enemm\u00e4n unta kuin rauhalliset sis\u00e4kissat. Monet kissanomistajat huolehtivat kissan nukkuvan liikaa, mutta on itse asiassa hyvin harvinaista, ett\u00e4 kissa nukkuu liian paljon.<\/p>\n\t\t\t<\/div>\n\t\t<\/div>\n\t<\/div>\n\n\n\n\t<section class=\"block explore-other-topics\">\n\t<div class=\"container\">\n\t\t<h2>Tutustu muihin aiheisiin<\/h2>\n\t\t<div class=\"row\">\n\t\t\t\t\t\t\t\t<div class=\"col-md-6 col-lg-3\">\n\t\t\t\t\t\t\t\t\t\t\t\t\t<h6>Ravinto ja ruokavalio<\/h6>\n\t\t\t\t\t\t\t\t\t\t\t\t\t<div class=\"card \">\n\t\t\t\t\t\t\t<img loading=\"lazy\" decoding=\"async\" width=\"800\" height=\"533\" src=\"https:\/\/bozita.com\/fi\/wp-content\/uploads\/sites\/11\/2021\/06\/bozita-nutrition-kost-katt.jpg\" class=\"attachment-post-thumbnail size-post-thumbnail wp-post-image\" alt=\"Ravinto ja ruokavalio\" srcset=\"https:\/\/bozita.com\/fi\/wp-content\/uploads\/sites\/11\/2021\/06\/bozita-nutrition-kost-katt.jpg 800w, https:\/\/bozita.com\/fi\/wp-content\/uploads\/sites\/11\/2021\/06\/bozita-nutrition-kost-katt-300x200.jpg 300w, https:\/\/bozita.com\/fi\/wp-content\/uploads\/sites\/11\/2021\/06\/bozita-nutrition-kost-katt-768x512.jpg 768w\" sizes=\"(max-width: 800px) 100vw, 800px\" \/>\n\t\t\t\t\t\t\t\t\t\t\t\t\t\t<div class=\"card-body\">\n\t\t\t\t\t\t\t\t\n\t\t\t\t\t\t\t\t\t\t\t\t\t\t\t\t\t<ul>\n\t\t\t\t\t\t\t\t\t\t\t\t\t\t\t\t\t\t\t\t\t<li><a href=\"https:\/\/bozita.com\/fi\/ravinto-ja-ruokavalio\/hyva-ruoka-kissanpennuille-kissanpennun-ruoka\/\">Hyv\u00e4 ruoka kissanpennuille = kissanpennun ruoka<\/a><\/li>\n\t\t\t\t\t\t\t\t\t\t\t\t\t\t\t\t\t\t\t\t\t\t<li><a href=\"https:\/\/bozita.com\/fi\/ravinto-ja-ruokavalio\/edut-kissasi-paivittaiselle-markaruoalla-ruokkimiselle\/\">Edut kissasi p\u00e4ivitt\u00e4iselle m\u00e4rk\u00e4ruoalla ruokkimiselle<\/a><\/li>\n\t\t\t\t\t\t\t\t\t\t\t\t\t\t\t\t\t\t\t\t\t\t<li><a href=\"https:\/\/bozita.com\/fi\/ravinto-ja-ruokavalio\/miten-vaihdat-kissasi-ruoan\/\">Miten vaihdat kissasi ruoan<\/a><\/li>\n\t\t\t\t\t\t\t\t\t\t\t\t\t\t\t\t\t\t\t\t<\/ul>\n\t\t\t\t\t\t\t\t\t\t\t\t\t\t\t\t<a target=\"\" href=\"https:\/\/bozita.com\/fi\/ravinto-ja-ruokavalio\/\" class=\"btn btn-primary\">Lis\u00e4\u00e4 Artikkeleita<\/a>\n\t\t\t\t\t\t\t<\/div>\n\t\t\t\t\t\t<\/div>\n\t\t\t\t\t<\/div>\n\t\t\t\t\t\t\t\t\t\t<div class=\"col-md-6 col-lg-3\">\n\t\t\t\t\t\t\t\t\t\t\t\t\t<h6>Kissan aktivoiminen<\/h6>\n\t\t\t\t\t\t\t\t\t\t\t\t\t<div class=\"card \">\n\t\t\t\t\t\t\t<img loading=\"lazy\" decoding=\"async\" width=\"1600\" height=\"578\" src=\"https:\/\/bozita.com\/fi\/wp-content\/uploads\/sites\/11\/2021\/06\/bozita-aktivera-katt.jpg\" class=\"attachment-post-thumbnail size-post-thumbnail wp-post-image\" alt=\"Kissan aktivoiminen\" srcset=\"https:\/\/bozita.com\/fi\/wp-content\/uploads\/sites\/11\/2021\/06\/bozita-aktivera-katt.jpg 1600w, https:\/\/bozita.com\/fi\/wp-content\/uploads\/sites\/11\/2021\/06\/bozita-aktivera-katt-300x108.jpg 300w, https:\/\/bozita.com\/fi\/wp-content\/uploads\/sites\/11\/2021\/06\/bozita-aktivera-katt-1024x370.jpg 1024w, https:\/\/bozita.com\/fi\/wp-content\/uploads\/sites\/11\/2021\/06\/bozita-aktivera-katt-768x277.jpg 768w, https:\/\/bozita.com\/fi\/wp-content\/uploads\/sites\/11\/2021\/06\/bozita-aktivera-katt-1536x555.jpg 1536w\" sizes=\"(max-width: 1600px) 100vw, 1600px\" \/>\n\t\t\t\t\t\t\t\t\t\t\t\t\t\t<div class=\"card-body\">\n\t\t\t\t\t\t\t\t\n\t\t\t\t\t\t\t\t\t\t\t\t\t\t\t\t\t<ul>\n\t\t\t\t\t\t\t\t\t\t\t\t\t\t\t\t\t\t\t\t\t<li><a href=\"https:\/\/bozita.com\/fi\/kissan-aktivoiminen\/aktivoi-kissasi\/\">Aktivoi kissaasi<\/a><\/li>\n\t\t\t\t\t\t\t\t\t\t\t\t\t\t\t\t\t\t\t\t<\/ul>\n\t\t\t\t\t\t\t\t\t\t\t\t\t\t\t\t<a target=\"\" href=\"https:\/\/bozita.com\/fi\/kissan-aktivoiminen\/\" class=\"btn btn-primary\">Lis\u00e4\u00e4 Artikkeleita<\/a>\n\t\t\t\t\t\t\t<\/div>\n\t\t\t\t\t\t<\/div>\n\t\t\t\t\t<\/div>\n\t\t\t\t\t\t\t\t\t\t<div class=\"col-md-6 col-lg-3\">\n\t\t\t\t\t\t\t\t\t\t\t\t\t<h6>Kissan hankinta<\/h6>\n\t\t\t\t\t\t\t\t\t\t\t\t\t<div class=\"card \">\n\t\t\t\t\t\t\t<img loading=\"lazy\" decoding=\"async\" width=\"600\" height=\"401\" src=\"https:\/\/bozita.com\/fi\/wp-content\/uploads\/sites\/11\/2021\/08\/Bozita_Kitten_lax_optimized-new.png\" class=\"attachment-post-thumbnail size-post-thumbnail wp-post-image\" alt=\"Kissan hankinta\" srcset=\"https:\/\/bozita.com\/fi\/wp-content\/uploads\/sites\/11\/2021\/08\/Bozita_Kitten_lax_optimized-new.png 600w, https:\/\/bozita.com\/fi\/wp-content\/uploads\/sites\/11\/2021\/08\/Bozita_Kitten_lax_optimized-new-300x201.png 300w\" sizes=\"(max-width: 600px) 100vw, 600px\" \/>\n\t\t\t\t\t\t\t\t\t\t\t\t\t\t<div class=\"card-body\">\n\t\t\t\t\t\t\t\t\n\t\t\t\t\t\t\t\t\t\t\t\t\t\t\t\t\t<ul>\n\t\t\t\t\t\t\t\t\t\t\t\t\t\t\t\t\t\t\t\t\t<li><a href=\"https:\/\/bozita.com\/fi\/kissan-hankinta\/kissan-laatikkoharjoittelu\/\">Kissan laatikkoharjoittelu<\/a><\/li>\n\t\t\t\t\t\t\t\t\t\t\t\t\t\t\t\t\t\t\t\t\t\t<li><a href=\"https:\/\/bozita.com\/fi\/kissan-hankinta\/kissan-totuttaminen-uuteen-kotiin\/\">Kissan totuttaminen uuteen kotiin<\/a><\/li>\n\t\t\t\t\t\t\t\t\t\t\t\t\t\t\t\t\t\t\t\t\t\t<li><a href=\"https:\/\/bozita.com\/fi\/kissan-hankinta\/koska-voit-paastaa-kissanpennun-ulos-ensimmaista-kertaa\/\">Koska voit p\u00e4\u00e4st\u00e4\u00e4 kissanpennun ulos ensimm\u00e4ist\u00e4 kertaa?<\/a><\/li>\n\t\t\t\t\t\t\t\t\t\t\t\t\t\t\t\t\t\t\t\t<\/ul>\n\t\t\t\t\t\t\t\t\t\t\t\t\t\t\t\t<a target=\"\" href=\"https:\/\/bozita.com\/fi\/kissan-hankinta\/\" class=\"btn btn-primary\">Lis\u00e4\u00e4 Artikkeleita<\/a>\n\t\t\t\t\t\t\t<\/div>\n\t\t\t\t\t\t<\/div>\n\t\t\t\t\t<\/div>\n\t\t\t\t\t\t\t\t\t\t<div class=\"col-md-6 col-lg-3\">\n\t\t\t\t\t\t\t\t\t\t\t\t\t<h6>Pid\u00e4 kissasi terveen\u00e4<\/h6>\n\t\t\t\t\t\t\t\t\t\t\t\t\t<div class=\"card \">\n\t\t\t\t\t\t\t<img loading=\"lazy\" decoding=\"async\" width=\"800\" height=\"533\" src=\"https:\/\/bozita.com\/fi\/wp-content\/uploads\/sites\/11\/2021\/06\/bozita-katt-halsa.jpg\" class=\"attachment-post-thumbnail size-post-thumbnail wp-post-image\" alt=\"Pid\u00e4 kissasi terveen\u00e4\" srcset=\"https:\/\/bozita.com\/fi\/wp-content\/uploads\/sites\/11\/2021\/06\/bozita-katt-halsa.jpg 800w, https:\/\/bozita.com\/fi\/wp-content\/uploads\/sites\/11\/2021\/06\/bozita-katt-halsa-300x200.jpg 300w, https:\/\/bozita.com\/fi\/wp-content\/uploads\/sites\/11\/2021\/06\/bozita-katt-halsa-768x512.jpg 768w\" sizes=\"(max-width: 800px) 100vw, 800px\" \/>\n\t\t\t\t\t\t\t\t\t\t\t\t\t\t<div class=\"card-body\">\n\t\t\t\t\t\t\t\t\n\t\t\t\t\t\t\t\t\t\t\t\t\t\t\t\t\t<ul>\n\t\t\t\t\t\t\t\t\t\t\t\t\t\t\t\t\t\t\t\t\t<li><a href=\"https:\/\/bozita.com\/fi\/pida-kissasi-terveena\/kissan-steriloiminen-ja-sen-vaikutukset-kissan-terveyteen\/\">Kissan steriloiminen ja sen vaikutukset kissan terveyteen<\/a><\/li>\n\t\t\t\t\t\t\t\t\t\t\t\t\t\t\t\t\t\t\t\t\t\t<li><a href=\"https:\/\/bozita.com\/fi\/pida-kissasi-terveena\/kissan-steriloimisella-on-monia-etuja\/\">Kissan steriloimisella on monia etuja<\/a><\/li>\n\t\t\t\t\t\t\t\t\t\t\t\t\t\t\t\t\t\t\t\t\t\t<li><a href=\"https:\/\/bozita.com\/fi\/pida-kissasi-terveena\/kissan-ja-kissanpennun-madottaminen\/\">Kissan ja kissanpennun madottaminen<\/a><\/li>\n\t\t\t\t\t\t\t\t\t\t\t\t\t\t\t\t\t\t\t\t<\/ul>\n\t\t\t\t\t\t\t\t\t\t\t\t\t\t\t\t<a target=\"\" href=\"https:\/\/bozita.com\/fi\/pida-kissasi-terveena\/\" class=\"btn btn-primary\">Lis\u00e4\u00e4 Artikkeleita<\/a>\n\t\t\t\t\t\t\t<\/div>\n\t\t\t\t\t\t<\/div>\n\t\t\t\t\t<\/div>\n\t\t\t\t\t\t\t<\/div>\n\t<\/div>\n<\/section>\n","protected":false},"excerpt":{"rendered":"","protected":false},"author":4,"featured_media":7240,"parent":0,"menu_order":0,"comment_status":"closed","ping_status":"closed","template":"guternberg.php","meta":{"footnotes":""},"acf":[],"yoast_head":"<!-- This site is optimized with the Yoast SEO plugin v21.3 - https:\/\/yoast.com\/wordpress\/plugins\/seo\/ -->\n<title>Kissan kehitys - Bozita Finland<\/title>\n<meta name=\"description\" content=\"Opi lis\u00e4\u00e4 kissojen historiasta, miksi ne toimivat niin kuin toimivat, kuinka autat kissaasi tulemaan toimeen ihmisten, kissojen, koirien ja muiden el\u00e4inten kanssa - ja paljon lis\u00e4\u00e4.\" \/>\n<meta name=\"robots\" content=\"index, follow, max-snippet:-1, max-image-preview:large, max-video-preview:-1\" \/>\n<link rel=\"canonical\" href=\"https:\/\/bozita.com\/fi\/kissan-kehitys\/\" \/>\n<meta property=\"og:locale\" content=\"fi_FI\" \/>\n<meta property=\"og:type\" content=\"article\" \/>\n<meta property=\"og:title\" content=\"Kissan kehitys - Bozita Finland\" \/>\n<meta property=\"og:description\" content=\"Opi lis\u00e4\u00e4 kissojen historiasta, miksi ne toimivat niin kuin toimivat, kuinka autat kissaasi tulemaan toimeen ihmisten, kissojen, koirien ja muiden el\u00e4inten kanssa - ja paljon lis\u00e4\u00e4.\" \/>\n<meta property=\"og:url\" content=\"https:\/\/bozita.com\/fi\/kissan-kehitys\/\" \/>\n<meta property=\"og:site_name\" content=\"Bozita Finland\" \/>\n<meta property=\"article:modified_time\" content=\"2025-03-05T09:22:01+00:00\" \/>\n<meta property=\"og:image\" content=\"https:\/\/bozita.com\/fi\/wp-content\/uploads\/sites\/11\/2021\/06\/bozita-katt-utveckling-2.jpg\" \/>\n\t<meta property=\"og:image:width\" content=\"1600\" \/>\n\t<meta property=\"og:image:height\" content=\"578\" \/>\n\t<meta property=\"og:image:type\" content=\"image\/jpeg\" \/>\n<meta name=\"twitter:card\" content=\"summary_large_image\" \/>\n<!-- \/ Yoast SEO plugin. -->","yoast_head_json":{"title":"Kissan kehitys - Bozita Finland","description":"Opi lis\u00e4\u00e4 kissojen historiasta, miksi ne toimivat niin kuin toimivat, kuinka autat kissaasi tulemaan toimeen ihmisten, kissojen, koirien ja muiden el\u00e4inten kanssa - ja paljon lis\u00e4\u00e4.","robots":{"index":"index","follow":"follow","max-snippet":"max-snippet:-1","max-image-preview":"max-image-preview:large","max-video-preview":"max-video-preview:-1"},"canonical":"https:\/\/bozita.com\/fi\/kissan-kehitys\/","og_locale":"fi_FI","og_type":"article","og_title":"Kissan kehitys - Bozita Finland","og_description":"Opi lis\u00e4\u00e4 kissojen historiasta, miksi ne toimivat niin kuin toimivat, kuinka autat kissaasi tulemaan toimeen ihmisten, kissojen, koirien ja muiden el\u00e4inten kanssa - ja paljon lis\u00e4\u00e4.","og_url":"https:\/\/bozita.com\/fi\/kissan-kehitys\/","og_site_name":"Bozita Finland","article_modified_time":"2025-03-05T09:22:01+00:00","og_image":[{"width":1600,"height":578,"url":"https:\/\/bozita.com\/fi\/wp-content\/uploads\/sites\/11\/2021\/06\/bozita-katt-utveckling-2.jpg","type":"image\/jpeg"}],"twitter_card":"summary_large_image","schema":{"@context":"https:\/\/schema.org","@graph":[{"@type":"WebPage","@id":"https:\/\/bozita.com\/fi\/kissan-kehitys\/","url":"https:\/\/bozita.com\/fi\/kissan-kehitys\/","name":"Kissan kehitys - Bozita Finland","isPartOf":{"@id":"https:\/\/bozita.com\/fi\/#website"},"datePublished":"2022-08-31T09:24:13+00:00","dateModified":"2025-03-05T09:22:01+00:00","description":"Opi lis\u00e4\u00e4 kissojen historiasta, miksi ne toimivat niin kuin toimivat, kuinka autat kissaasi tulemaan toimeen ihmisten, kissojen, koirien ja muiden el\u00e4inten kanssa - ja paljon lis\u00e4\u00e4.","breadcrumb":{"@id":"https:\/\/bozita.com\/fi\/kissan-kehitys\/#breadcrumb"},"inLanguage":"fi","potentialAction":[{"@type":"ReadAction","target":["https:\/\/bozita.com\/fi\/kissan-kehitys\/"]}]},{"@type":"BreadcrumbList","@id":"https:\/\/bozita.com\/fi\/kissan-kehitys\/#breadcrumb","itemListElement":[{"@type":"ListItem","position":1,"name":"Koti","item":"https:\/\/bozita.com\/fi\/"},{"@type":"ListItem","position":2,"name":"Kissan kehitys"}]},{"@type":"WebSite","@id":"https:\/\/bozita.com\/fi\/#website","url":"https:\/\/bozita.com\/fi\/","name":"Bozita Finland","description":"","potentialAction":[{"@type":"SearchAction","target":{"@type":"EntryPoint","urlTemplate":"https:\/\/bozita.com\/fi\/?s={search_term_string}"},"query-input":"required name=search_term_string"}],"inLanguage":"fi"}]}},"_links":{"self":[{"href":"https:\/\/bozita.com\/fi\/wp-json\/wp\/v2\/pages\/7239"}],"collection":[{"href":"https:\/\/bozita.com\/fi\/wp-json\/wp\/v2\/pages"}],"about":[{"href":"https:\/\/bozita.com\/fi\/wp-json\/wp\/v2\/types\/page"}],"author":[{"embeddable":true,"href":"https:\/\/bozita.com\/fi\/wp-json\/wp\/v2\/users\/4"}],"replies":[{"embeddable":true,"href":"https:\/\/bozita.com\/fi\/wp-json\/wp\/v2\/comments?post=7239"}],"version-history":[{"count":13,"href":"https:\/\/bozita.com\/fi\/wp-json\/wp\/v2\/pages\/7239\/revisions"}],"predecessor-version":[{"id":11231,"href":"https:\/\/bozita.com\/fi\/wp-json\/wp\/v2\/pages\/7239\/revisions\/11231"}],"wp:featuredmedia":[{"embeddable":true,"href":"https:\/\/bozita.com\/fi\/wp-json\/wp\/v2\/media\/7240"}],"wp:attachment":[{"href":"https:\/\/bozita.com\/fi\/wp-json\/wp\/v2\/media?parent=7239"}],"curies":[{"name":"wp","href":"https:\/\/api.w.org\/{rel}","templated":true}]}}