{"id":7368,"date":"2021-05-25T23:47:55","date_gmt":"2021-05-25T23:47:55","guid":{"rendered":"https:\/\/bozita.com\/fi\/varfor-bozita\/"},"modified":"2024-02-27T14:29:57","modified_gmt":"2024-02-27T14:29:57","slug":"miksi-bozita","status":"publish","type":"page","link":"https:\/\/bozita.com\/fi\/miksi-bozita\/","title":{"rendered":"Miksi Bozita"},"content":{"rendered":"\n<section class=\"block video\">\n\t<img decoding=\"async\" id=\"videoImg\" src=\"https:\/\/bozita.com\/fi\/wp-content\/uploads\/sites\/11\/2022\/09\/anette-andersson_100320_5628_h_optimized-2.png\" alt=\"\">\t\n\t<div class=\"overlay\">\n\t\t<div class=\"container\">\n\t\t\t<div class=\"row\">\n\t\t\t\t<div class=\"col-md-7 col-lg-6\">\n\t\t\t\t\t<h4>RUOTSALAISTA LUONNOLLISTA LAATUA<\/h4>\n\t\t\t\t\t<h1>Miksi Bozita?<\/h1>\n\t\t\t\t\t<p>Meill\u00e4 Bozitalla tavoitteena on valmistaa kaikkein parasta koiran- ja kissanruokaa. On olennaista, ett\u00e4 kaikki tuotteemme ovat korkealaatuisia, sis\u00e4lt\u00e4v\u00e4t kaiken mit\u00e4 koirasi tai kissasi tarvitsee ja ovat kest\u00e4v\u00e4sti tuotettuja.<\/p>\n\t\t\t\t\t<!-- <a class=\"btn btn-default\" href=\"#\"><i class=\"fas fa-play\"><\/i> WATCH THE VIDEO<\/a> -->\n\t\t\t\t\t<button type=\"button\" class=\"btn btn-default video-btn\" data-toggle=\"modal\" data-src=\"https:\/\/www.youtube.com\/embed\/O4jvVbFY51w\"  data-target=\"#myModal\">\n\t\t\t\t\t\t<i class=\"fas fa-play\"><\/i> KATSO ELOKUVA\t\t\t\t\t<\/button>\n\n\t\t\t\t\t<div class=\"modal fade\" id=\"myModal\" tabindex=\"-1\" role=\"dialog\" aria-labelledby=\"exampleModalLabel\" aria-hidden=\"true\">\n\t\t\t\t\t\t<div class=\"modal-dialog modal-dialog-centered\" role=\"document\">\n\t\t\t\t\t\t\t<div class=\"modal-content\">\n\t\t\t\t\t\t\t\t<div class=\"modal-body\">\n\t\t\t\t\t\t\t\t\t<button type=\"button\" class=\"close\" data-dismiss=\"modal\" aria-label=\"Close\">\n\t\t\t\t\t\t\t\t\t\t<span aria-hidden=\"true\">Close X<\/span>\n\t\t\t\t\t\t\t\t\t<\/button>\n\t\t\t\t\t\t\t\t\t<!-- 16:9 aspect ratio -->\n\t\t\t\t\t\t\t\t\t<div class=\"embed-responsive embed-responsive-16by9\">\n\t\t\t\t\t\t\t\t\t\t<iframe class=\"embed-responsive-item\" src=\"\" id=\"video\" allowscriptaccess=\"always\" allow=\"autoplay\"><\/iframe>\n\t\t\t\t\t\t\t\t\t<\/div>\n\t\t\t\t\t\t\t\t<\/div>\n\t\t\t\t\t\t\t<\/div>\n\t\t\t\t\t\t<\/div>\n\t\t\t\t\t<\/div>\n\t\t\t\t<\/div>\n\t\t\t<\/div>\n\n\t\t<\/div>\n\t<\/div>\n<\/section>\n<script>\n\tvar videoImg    = 1;   \n\tvar videoSource = 'https:\/\/www.youtube.com\/embed\/O4jvVbFY51w'; \n<\/script>\n\n\n\t<section class=\"block two-column-text \">\n\t\t<div class=\"container\">\n\t\t\t<div class=\"row\">\n\t\t\t\t\t\t\t\t\t<div class=\"col-md-6\">\n\t\t\t\t\t\t<h2>LUONNOLLISET AINESOSAT<\/h2>\n<p>Valitsemme ainesosamme huolella ja k\u00e4yt\u00e4mme tuoreita, ruotsalaisia ainesosia aina kuin mahdollista. Se perustuu maailmanluokan karjataulouteen, tiukkaan el\u00e4insuojelulains\u00e4\u00e4d\u00e4nt\u00f6\u00f6n ja muun muassa antibioottien k\u00e4yt\u00f6n s\u00e4\u00e4ntelyyn. Luonnollinen on parasta, sen tiet\u00e4 joka koira ja kissa.<\/p>\n\t\t\t\t\t<\/div>\n\t\t\t\t\t<div class=\"col-md-6\">\n\t\t\t\t\t\t<h2><img loading=\"lazy\" decoding=\"async\" class=\"alignnone wp-image-6108\" src=\"https:\/\/bozita.com\/se\/wp-content\/uploads\/sites\/5\/2021\/08\/Check-Icon_Blue_L.svg\" alt=\"\" width=\"26\" height=\"26\" \/> \u00a0 Luonnolliset ruotsalaiset ainesosat<\/h2>\n<h2><img loading=\"lazy\" decoding=\"async\" class=\"alignnone wp-image-6108\" src=\"https:\/\/bozita.com\/se\/wp-content\/uploads\/sites\/5\/2021\/08\/Check-Icon_Blue_L.svg\" alt=\"\" width=\"26\" height=\"26\" \/> \u00a0 Ei tarpeettomia lis\u00e4aineita<\/h2>\n<h2><img loading=\"lazy\" decoding=\"async\" class=\"alignnone wp-image-6108\" src=\"https:\/\/bozita.com\/se\/wp-content\/uploads\/sites\/5\/2021\/08\/Check-Icon_Blue_L.svg\" alt=\"\" width=\"26\" height=\"26\" \/>\u00a0 \u00a0Raaka-aineiden korkea laatu<\/h2>\n<h2><\/h2>\n\t\t\t\t\t<\/div>\n\n\t\t\t\t\t\t\t<\/div>\n\t\t\t\t\t<\/div>\n\t<\/section>\n\t\t\t<div class=\"container\">\n\t\t\t<hr class=\"block-divider\">\n\t\t<\/div>\n\t\n\n\t<section class=\"block two-column-text \">\n\t\t<div class=\"container\">\n\t\t\t<div class=\"row\">\n\t\t\t\t\t\t\t\t\t<div class=\"col-md-6\">\n\t\t\t\t\t\t<h2>RUOTSALAINEN TUOTANTO<\/h2>\n<p>Keitti\u00f6mme toimii harmoniassa luonnon kanssa ja valmistusprosessimme on jo pitk\u00e4\u00e4n ollut elintarvikesertifioitu. T\u00e4m\u00e4 tarkoittaa, ett\u00e4 voit lemmikinomistajana luottaa siihen, etteiv\u00e4t tuotteemme sis\u00e4ll\u00e4 mit\u00e4\u00e4n lemmikillesi haitallista ja ett\u00e4 tuotteet valmistetaan hyviss\u00e4 olosuhteissa.<\/p>\n\t\t\t\t\t<\/div>\n\t\t\t\t\t<div class=\"col-md-6\">\n\t\t\t\t\t\t<h2><img loading=\"lazy\" decoding=\"async\" class=\"alignnone wp-image-6108\" src=\"https:\/\/bozita.com\/se\/wp-content\/uploads\/sites\/5\/2021\/08\/Check-Icon_Blue_L.svg\" alt=\"\" width=\"26\" height=\"26\" \/> \u00a0 Ruotsalainen tuotanto<\/h2>\n<h2><img loading=\"lazy\" decoding=\"async\" class=\"alignnone wp-image-6108\" src=\"https:\/\/bozita.com\/se\/wp-content\/uploads\/sites\/5\/2021\/08\/Check-Icon_Blue_L.svg\" alt=\"\" width=\"26\" height=\"26\" \/> \u00a0 Oma keitti\u00f6 V\u00e5rg\u00e5rdassa<\/h2>\n<h2><img loading=\"lazy\" decoding=\"async\" class=\"alignnone wp-image-6108\" src=\"https:\/\/bozita.com\/se\/wp-content\/uploads\/sites\/5\/2021\/08\/Check-Icon_Blue_L.svg\" alt=\"\" width=\"26\" height=\"26\" \/> \u00a0 Harmoniassa luonnon kanssa<\/h2>\n<h2><img loading=\"lazy\" decoding=\"async\" class=\"alignnone wp-image-6108\" src=\"https:\/\/bozita.com\/se\/wp-content\/uploads\/sites\/5\/2021\/08\/Check-Icon_Blue_L.svg\" alt=\"\" width=\"26\" height=\"26\" \/> \u00a0 Elintarvikesertifioitu<\/h2>\n\t\t\t\t\t<\/div>\n\n\t\t\t\t\t\t\t<\/div>\n\t\t\t\t\t<\/div>\n\t<\/section>\n\t\t\t<div class=\"container\">\n\t\t\t<hr class=\"block-divider\">\n\t\t<\/div>\n\t\n\n\t<section class=\"block two-column-text \">\n\t\t<div class=\"container\">\n\t\t\t<div class=\"row\">\n\t\t\t\t\t\t\t\t\t<div class=\"col-md-6\">\n\t\t\t\t\t\t<h2>KEST\u00c4V\u00c4\u00c4 EL\u00c4IMILLE JA LUONNOLLE<\/h2>\n<p>Koiran- ja kissanruokamme tulee olla mahdollisimman kest\u00e4v\u00e4sti tuotettua. T\u00e4st\u00e4 syyst\u00e4 keitti\u00f6mme toimii 100 prosenttisesti uusitutuvalla energialla. Kaikesta j\u00e4tteest\u00e4 tulee biokaasua ja k\u00e4yt\u00e4mme ymp\u00e4rist\u00f6sertifioituja kuljetuksia.<\/p>\n\t\t\t\t\t<\/div>\n\t\t\t\t\t<div class=\"col-md-6\">\n\t\t\t\t\t\t<h2><img loading=\"lazy\" decoding=\"async\" class=\"alignnone wp-image-6108\" src=\"https:\/\/bozita.com\/se\/wp-content\/uploads\/sites\/5\/2021\/08\/Check-Icon_Blue_L.svg\" alt=\"\" width=\"26\" height=\"26\" \/>\u00a0 Uusiutuva energia<\/h2>\n<h2><img loading=\"lazy\" decoding=\"async\" class=\"alignnone wp-image-6108\" src=\"https:\/\/bozita.com\/se\/wp-content\/uploads\/sites\/5\/2021\/08\/Check-Icon_Blue_L.svg\" alt=\"\" width=\"26\" height=\"26\" \/>\u00a0 Ymp\u00e4rist\u00f6yst\u00e4v\u00e4lliset pakkaukset<\/h2>\n<h2><img loading=\"lazy\" decoding=\"async\" class=\"alignnone wp-image-6108\" src=\"https:\/\/bozita.com\/se\/wp-content\/uploads\/sites\/5\/2021\/08\/Check-Icon_Blue_L.svg\" alt=\"\" width=\"26\" height=\"26\" \/>\u00a0 J\u00e4tteest\u00e4 biokaasua<\/h2>\n<h2><img loading=\"lazy\" decoding=\"async\" class=\"alignnone wp-image-6108\" src=\"https:\/\/bozita.com\/se\/wp-content\/uploads\/sites\/5\/2021\/08\/Check-Icon_Blue_L.svg\" alt=\"\" width=\"26\" height=\"26\" \/>\u00a0 Ymp\u00e4rist\u00f6sertifioidut kuljetukset<\/h2>\n\t\t\t\t\t<\/div>\n\n\t\t\t\t\t\t\t<\/div>\n\t\t\t\t\t<\/div>\n\t<\/section>\n\t\t\t<div class=\"container\">\n\t\t\t<hr class=\"block-divider\">\n\t\t<\/div>\n\t\n\n\t<section class=\"block two-column-text \">\n\t\t<div class=\"container\">\n\t\t\t<div class=\"row\">\n\t\t\t\t\t\t\t\t\t<div class=\"col-md-6\">\n\t\t\t\t\t\t<h2>TUOTEKEHITTELY<\/h2>\n<p>Meill\u00e4 on niin kissojen kuin koirien ravitsemusasiantuntijat edist\u00e4m\u00e4ss\u00e4 tuotteidemme jatkuvaa kehityst\u00e4 ja uusien tuotteiden luomista. T\u00e4m\u00e4n lis\u00e4ksi teemme tiivist\u00e4 yhteisty\u00f6t\u00e4 Bozita-l\u00e4hettil\u00e4iden kanssa. Teemme kaiken t\u00e4m\u00e4n voidaksemme jatkossakin olla osana johtamassa alan kehityst\u00e4.<\/p>\n\t\t\t\t\t<\/div>\n\t\t\t\t\t<div class=\"col-md-6\">\n\t\t\t\t\t\t<h2><img loading=\"lazy\" decoding=\"async\" class=\"alignnone wp-image-6108\" src=\"https:\/\/bozita.com\/se\/wp-content\/uploads\/sites\/5\/2021\/08\/Check-Icon_Blue_L.svg\" alt=\"\" width=\"26\" height=\"26\" \/>\u00a0 Omat ravitsemusasiantuntijat<\/h2>\n<h2><img loading=\"lazy\" decoding=\"async\" class=\"alignnone wp-image-6108\" src=\"https:\/\/bozita.com\/se\/wp-content\/uploads\/sites\/5\/2021\/08\/Check-Icon_Blue_L.svg\" alt=\"\" width=\"26\" height=\"26\" \/>\u00a0 Yhteisty\u00f6 l\u00e4hettil\u00e4iden kanssa<\/h2>\n<h2><img loading=\"lazy\" decoding=\"async\" class=\"alignnone wp-image-6108\" src=\"https:\/\/bozita.com\/se\/wp-content\/uploads\/sites\/5\/2021\/08\/Check-Icon_Blue_L.svg\" alt=\"\" width=\"26\" height=\"26\" \/>\u00a0 Tassalyckanin testausryhm\u00e4<\/h2>\n<h2><img loading=\"lazy\" decoding=\"async\" class=\"alignnone wp-image-6108\" src=\"https:\/\/bozita.com\/se\/wp-content\/uploads\/sites\/5\/2021\/08\/Check-Icon_Blue_L.svg\" alt=\"\" width=\"26\" height=\"26\" \/>\u00a0 Tuotteissamme on makutakuu<\/h2>\n\t\t\t\t\t<\/div>\n\n\t\t\t\t\t\t\t<\/div>\n\t\t\t\t\t<\/div>\n\t<\/section>\n\t\t\t<div class=\"container\">\n\t\t\t<hr class=\"block-divider\">\n\t\t<\/div>\n\t\n\n\t<section class=\"block section-promos\">\n\t\t<div class=\"container\">\n\t\t\t<div class=\"row\">\n\t\t\t\t\t\t\t\t\t\t<div class=\"col-md-6 col-lg-4 condensed_V2\">\n\t\t\t\t\t\t\t<div class=\"card\">\n\t\t\t\t\t\t\t\t\t\t\t\t\t\t\t\t\t<img decoding=\"async\" class=\"card-img-top\" src=\"https:\/\/bozita.com\/fi\/wp-content\/uploads\/sites\/11\/2021\/06\/bozita-about-us.jpeg\" alt=\"\">\n\t\t\t\t\t\t\t\t\t\t\t\t\t\t\t\t<div class=\"card-body\">\n\t\t\t\t\t\t\t\t\t<h5 class=\"card-title\">Om Bozita<\/h5>\n\t\t\t\t\t\t\t\t\t<p class=\"card-text\">Vi har lagat hund- och kattmat i \u00f6ver 100 \u00e5r! Allt foder tillverkas i V\u00e5rg\u00e5rda, med r\u00e5varor av h\u00f6gsta kvalitet.<\/p>\n\t\t\t\t\t\t\t\t\t\t\t\t\t\t\t\t\t\t\t<a target=\"\" href=\"https:\/\/bozita.com\/se\/varfor-bozita\/om-oss\/\" class=\"btn btn-white\">Hur vi g\u00f6r det<\/a>\n\t\t\t\t\t\t\t\t\t\t\t\t\t\t\t\t\t\t<\/div>\n\t\t\t\t\t\t\t<\/div>\n\t\t\t\t\t\t<\/div>\n\t\t\t\t\t\t\t\t\t\t\t\t<div class=\"col-md-6 col-lg-4 condensed_V2\">\n\t\t\t\t\t\t\t<div class=\"card\">\n\t\t\t\t\t\t\t\t\t\t\t\t\t\t\t\t\t<img decoding=\"async\" class=\"card-img-top\" src=\"https:\/\/bozita.com\/fi\/wp-content\/uploads\/sites\/11\/2021\/06\/bozita-breeders-club-dog-cat.jpeg\" alt=\"\">\n\t\t\t\t\t\t\t\t\t\t\t\t\t\t\t\t<div class=\"card-body\">\n\t\t\t\t\t\t\t\t\t<h5 class=\"card-title\">F\u00f6r uppf\u00f6dare<\/h5>\n\t\t\t\t\t\t\t\t\t<p class=\"card-text\">Om du \u00e4r hund- eller kattuppf\u00f6dare med minst en valp-\/kattungekull vart tredje \u00e5r kan du bli medlem i v\u00e5r klubb f\u00f6r uppf\u00f6dare, Bozita Breeders Club.<\/p>\n\t\t\t\t\t\t\t\t\t\t\t\t\t\t\t\t\t\t\t<a target=\"\" href=\"https:\/\/bozita.com\/se\/bozita-breeders-club\/\" class=\"btn btn-white\">Bozita Breeders Club<\/a>\n\t\t\t\t\t\t\t\t\t\t\t\t\t\t\t\t\t\t<\/div>\n\t\t\t\t\t\t\t<\/div>\n\t\t\t\t\t\t<\/div>\n\t\t\t\t\t\t\t\t\t\t\t\t<div class=\"col-md-6 col-lg-4 condensed_V2\">\n\t\t\t\t\t\t\t<div class=\"card\">\n\t\t\t\t\t\t\t\t\t\t\t\t\t\t\t\t\t<img decoding=\"async\" class=\"card-img-top\" src=\"https:\/\/bozita.com\/fi\/wp-content\/uploads\/sites\/11\/2021\/06\/bozita-hallbarhet.jpeg\" alt=\"\">\n\t\t\t\t\t\t\t\t\t\t\t\t\t\t\t\t<div class=\"card-body\">\n\t\t\t\t\t\t\t\t\t<h5 class=\"card-title\">H\u00e5llbart<\/h5>\n\t\t\t\t\t\t\t\t\t<p class=\"card-text\">V\u00e5rt m\u00e5l \u00e4r att producera den allra b\u00e4sta hund- och kattmaten p\u00e5 b\u00e4sta t\u00e4nkbara s\u00e4tt med h\u00e5llbarhet, milj\u00f6 och v\u00e5r gemensamma framtid i fokus.<\/p>\n\t\t\t\t\t\t\t\t\t\t\t\t\t\t\t\t\t\t\t<a target=\"\" href=\"https:\/\/bozita.com\/se\/varfor-bozita\/hallbarhet\/\" class=\"btn btn-white\">H\u00e5llbarhet<\/a>\n\t\t\t\t\t\t\t\t\t\t\t\t\t\t\t\t\t\t<\/div>\n\t\t\t\t\t\t\t<\/div>\n\t\t\t\t\t\t<\/div>\n\t\t\t\t\t\t\t\t\t\t\t\t<div class=\"col-md-6 col-lg-4 condensed_V2\">\n\t\t\t\t\t\t\t<div class=\"card\">\n\t\t\t\t\t\t\t\t\t\t\t\t\t\t\t\t\t<img decoding=\"async\" class=\"card-img-top\" src=\"https:\/\/bozita.com\/fi\/wp-content\/uploads\/sites\/11\/2021\/06\/bozita-smakgaranti-hundmat-kattmat.jpeg\" alt=\"\">\n\t\t\t\t\t\t\t\t\t\t\t\t\t\t\t\t<div class=\"card-body\">\n\t\t\t\t\t\t\t\t\t<h5 class=\"card-title\">Smakgaranti<\/h5>\n\t\t\t\t\t\t\t\t\t<p class=\"card-text\">Med v\u00e5r smakgaranti f\u00e5r du pengarna tillbaka om din hund eller katt inte skulle gilla maten fr\u00e5n oss.<\/p>\n\t\t\t\t\t\t\t\t\t\t\t\t\t\t\t\t\t\t\t<a target=\"\" href=\"https:\/\/bozita.com\/se\/smakgaranti\/\" class=\"btn btn-white\">L\u00e4s mer<\/a>\n\t\t\t\t\t\t\t\t\t\t\t\t\t\t\t\t\t\t<\/div>\n\t\t\t\t\t\t\t<\/div>\n\t\t\t\t\t\t<\/div>\n\t\t\t\t\t\t\t\t\t\t\t\t<div class=\"col-md-6 col-lg-4 condensed_V2\">\n\t\t\t\t\t\t\t<div class=\"card\">\n\t\t\t\t\t\t\t\t\t\t\t\t\t\t\t\t\t<img decoding=\"async\" class=\"card-img-top\" src=\"https:\/\/bozita.com\/fi\/wp-content\/uploads\/sites\/11\/2021\/06\/bozita-miljovanlig-forpackning-tetra-recart.jpeg\" alt=\"\">\n\t\t\t\t\t\t\t\t\t\t\t\t\t\t\t\t<div class=\"card-body\">\n\t\t\t\t\t\t\t\t\t<h5 class=\"card-title\">F\u00f6rpackningar<\/h5>\n\t\t\t\t\t\t\t\t\t<p class=\"card-text\">M\u00e5nga av v\u00e5ra v\u00e5tfoder kommer i en Tetra Recart\u00ae \u2013 en klimatsmart f\u00f6rpackning som du kan \u00e5tervinna med dina andra pappersf\u00f6rpackningar.<\/p>\n\t\t\t\t\t\t\t\t\t\t\t\t\t\t\t\t\t\t\t<a target=\"\" href=\"https:\/\/bozita.com\/se\/varfor-bozita\/klimatsmart-forpackning\/\" class=\"btn btn-white\">Klimatsmart f\u00f6rpackning<\/a>\n\t\t\t\t\t\t\t\t\t\t\t\t\t\t\t\t\t\t<\/div>\n\t\t\t\t\t\t\t<\/div>\n\t\t\t\t\t\t<\/div>\n\t\t\t\t\t\t\t\t\t\t\t\t<div class=\"col-md-6 col-lg-4 condensed_V2\">\n\t\t\t\t\t\t\t<div class=\"card\">\n\t\t\t\t\t\t\t\t\t\t\t\t\t\t\t\t\t<img decoding=\"async\" class=\"card-img-top\" src=\"https:\/\/bozita.com\/fi\/wp-content\/uploads\/sites\/11\/2021\/06\/bozita-tassalyckan-katthem-provsmakare-produktutveckling.jpeg\" alt=\"\">\n\t\t\t\t\t\t\t\t\t\t\t\t\t\t\t\t<div class=\"card-body\">\n\t\t\t\t\t\t\t\t\t<h5 class=\"card-title\">V\u00e5r testpanel<\/h5>\n\t\t\t\t\t\t\t\t\t<p class=\"card-text\">P\u00e5 Tassalyckans katthem bor ett trettiotal katter som hj\u00e4lper oss att provsmaka och utveckla v\u00e5ra torr- och v\u00e5tfoder f\u00f6r katter.<\/p>\n\t\t\t\t\t\t\t\t\t\t\t\t\t\t\t\t\t\t\t<a target=\"\" href=\"https:\/\/bozita.com\/se\/varfor-bozita\/tassalyckan\/\" class=\"btn btn-white\">Tassalyckans katthem<\/a>\n\t\t\t\t\t\t\t\t\t\t\t\t\t\t\t\t\t\t<\/div>\n\t\t\t\t\t\t\t<\/div>\n\t\t\t\t\t\t<\/div>\n\t\t\t\t\t\t\t\t\t<\/div>\n\t\t<\/div>\n\t<\/section>\n","protected":false},"excerpt":{"rendered":"","protected":false},"author":4,"featured_media":7350,"parent":0,"menu_order":0,"comment_status":"open","ping_status":"closed","template":"guternberg.php","meta":{"footnotes":""},"acf":[],"yoast_head":"<!-- This site is optimized with the Yoast SEO plugin v21.3 - https:\/\/yoast.com\/wordpress\/plugins\/seo\/ -->\n<title>Svensk naturlig kvalitet - den naturliga v\u00e4gen till v\u00e4lbefinnande | Bozita<\/title>\n<meta name=\"description\" content=\"Vi ser hundar och katter som f\u00f6ljeslagare genom livet och vet att deras v\u00e4lm\u00e5ende kommer fr\u00e5n en naturligt h\u00e4lsosam kost och aktiv livsstil.\" \/>\n<meta name=\"robots\" content=\"index, follow, max-snippet:-1, max-image-preview:large, max-video-preview:-1\" \/>\n<link rel=\"canonical\" href=\"https:\/\/bozita.com\/fi\/miksi-bozita\/\" \/>\n<meta property=\"og:locale\" content=\"fi_FI\" \/>\n<meta property=\"og:type\" content=\"article\" \/>\n<meta property=\"og:title\" content=\"Svensk naturlig kvalitet - den naturliga v\u00e4gen till v\u00e4lbefinnande | Bozita\" \/>\n<meta property=\"og:description\" content=\"Vi ser hundar och katter som f\u00f6ljeslagare genom livet och vet att deras v\u00e4lm\u00e5ende kommer fr\u00e5n en naturligt h\u00e4lsosam kost och aktiv livsstil.\" \/>\n<meta property=\"og:url\" content=\"https:\/\/bozita.com\/fi\/miksi-bozita\/\" \/>\n<meta property=\"og:site_name\" content=\"Bozita Finland\" \/>\n<meta property=\"article:modified_time\" content=\"2024-02-27T14:29:57+00:00\" \/>\n<meta name=\"twitter:card\" content=\"summary_large_image\" \/>\n<meta name=\"twitter:image\" content=\"https:\/\/bozita.com\/fi\/wp-content\/uploads\/sites\/11\/2022\/09\/anette-andersson_100320_5628_h_optimized.png\" \/>\n<!-- \/ Yoast SEO plugin. -->","yoast_head_json":{"title":"Svensk naturlig kvalitet - den naturliga v\u00e4gen till v\u00e4lbefinnande | Bozita","description":"Vi ser hundar och katter som f\u00f6ljeslagare genom livet och vet att deras v\u00e4lm\u00e5ende kommer fr\u00e5n en naturligt h\u00e4lsosam kost och aktiv livsstil.","robots":{"index":"index","follow":"follow","max-snippet":"max-snippet:-1","max-image-preview":"max-image-preview:large","max-video-preview":"max-video-preview:-1"},"canonical":"https:\/\/bozita.com\/fi\/miksi-bozita\/","og_locale":"fi_FI","og_type":"article","og_title":"Svensk naturlig kvalitet - den naturliga v\u00e4gen till v\u00e4lbefinnande | Bozita","og_description":"Vi ser hundar och katter som f\u00f6ljeslagare genom livet och vet att deras v\u00e4lm\u00e5ende kommer fr\u00e5n en naturligt h\u00e4lsosam kost och aktiv livsstil.","og_url":"https:\/\/bozita.com\/fi\/miksi-bozita\/","og_site_name":"Bozita Finland","article_modified_time":"2024-02-27T14:29:57+00:00","twitter_card":"summary_large_image","twitter_image":"https:\/\/bozita.com\/fi\/wp-content\/uploads\/sites\/11\/2022\/09\/anette-andersson_100320_5628_h_optimized.png","schema":{"@context":"https:\/\/schema.org","@graph":[{"@type":"WebPage","@id":"https:\/\/bozita.com\/fi\/miksi-bozita\/","url":"https:\/\/bozita.com\/fi\/miksi-bozita\/","name":"Svensk naturlig kvalitet - den naturliga v\u00e4gen till v\u00e4lbefinnande | Bozita","isPartOf":{"@id":"https:\/\/bozita.com\/fi\/#website"},"datePublished":"2021-05-25T23:47:55+00:00","dateModified":"2024-02-27T14:29:57+00:00","description":"Vi ser hundar och katter som f\u00f6ljeslagare genom livet och vet att deras v\u00e4lm\u00e5ende kommer fr\u00e5n en naturligt h\u00e4lsosam kost och aktiv livsstil.","breadcrumb":{"@id":"https:\/\/bozita.com\/fi\/miksi-bozita\/#breadcrumb"},"inLanguage":"fi","potentialAction":[{"@type":"ReadAction","target":["https:\/\/bozita.com\/fi\/miksi-bozita\/"]}]},{"@type":"BreadcrumbList","@id":"https:\/\/bozita.com\/fi\/miksi-bozita\/#breadcrumb","itemListElement":[{"@type":"ListItem","position":1,"name":"Koti","item":"https:\/\/bozita.com\/fi\/"},{"@type":"ListItem","position":2,"name":"Miksi Bozita"}]},{"@type":"WebSite","@id":"https:\/\/bozita.com\/fi\/#website","url":"https:\/\/bozita.com\/fi\/","name":"Bozita Finland","description":"","potentialAction":[{"@type":"SearchAction","target":{"@type":"EntryPoint","urlTemplate":"https:\/\/bozita.com\/fi\/?s={search_term_string}"},"query-input":"required name=search_term_string"}],"inLanguage":"fi"}]}},"_links":{"self":[{"href":"https:\/\/bozita.com\/fi\/wp-json\/wp\/v2\/pages\/7368"}],"collection":[{"href":"https:\/\/bozita.com\/fi\/wp-json\/wp\/v2\/pages"}],"about":[{"href":"https:\/\/bozita.com\/fi\/wp-json\/wp\/v2\/types\/page"}],"author":[{"embeddable":true,"href":"https:\/\/bozita.com\/fi\/wp-json\/wp\/v2\/users\/4"}],"replies":[{"embeddable":true,"href":"https:\/\/bozita.com\/fi\/wp-json\/wp\/v2\/comments?post=7368"}],"version-history":[{"count":14,"href":"https:\/\/bozita.com\/fi\/wp-json\/wp\/v2\/pages\/7368\/revisions"}],"predecessor-version":[{"id":9436,"href":"https:\/\/bozita.com\/fi\/wp-json\/wp\/v2\/pages\/7368\/revisions\/9436"}],"wp:featuredmedia":[{"embeddable":true,"href":"https:\/\/bozita.com\/fi\/wp-json\/wp\/v2\/media\/7350"}],"wp:attachment":[{"href":"https:\/\/bozita.com\/fi\/wp-json\/wp\/v2\/media?parent=7368"}],"curies":[{"name":"wp","href":"https:\/\/api.w.org\/{rel}","templated":true}]}}