{"id":9076,"date":"2023-10-04T09:05:52","date_gmt":"2023-10-04T09:05:52","guid":{"rendered":"https:\/\/bozita.com\/fi\/?page_id=9076"},"modified":"2025-11-20T10:36:18","modified_gmt":"2025-11-20T10:36:18","slug":"our-philosophy","status":"publish","type":"page","link":"https:\/\/bozita.com\/fi\/our-philosophy\/","title":{"rendered":"Filosofiamme"},"content":{"rendered":"<section class=\"small-hero-with-gradient-overlay version-1\">\n\t\t\t\t\t\t\t\t<img decoding=\"async\" class=\"background-image\" src=\"https:\/\/bozita.com\/fi\/wp-content\/uploads\/sites\/11\/2023\/10\/bozita-our-philosophy-hero.jpg\" alt=\"\">\n\t\t\t\t\t\t\t\n\t\t<div class=\"overlay\">\n\t\t\t<div class=\"container\">\n\t\t\t\t<div class=\"row\">\n\t\t\t\t<div class=\"col-md-6 col-lg-4 text-center\">\n\t\t\t\t\t\t\t\t\t\t\t\t\t<img decoding=\"async\" class=\"image\" src=\"https:\/\/bozita.com\/fi\/wp-content\/uploads\/sites\/11\/2023\/10\/Our-Philosophy-Compass_Complete.svg\" alt=\"\">\n\t\t\t\t\t\t\t\t\t\t\t\t<\/div>\n\t\t\t\t\t<div class=\"col-md-6 col-lg-8\">\n\t\t\t\t\t\t<h5>BOZITA KOMPASSI<\/h5><h1>Filosofiamme<\/h1><p><h4>Olemme ker\u00e4nneet filosofiamme Bozita kompassiin<\/h4>\n<p>Tavoitteemme on olla yht\u00e4 hyvi\u00e4 lemmikeille kuin ymp\u00e4rist\u00f6llemme. Kompassi ohjaa meit\u00e4 kohti viitt\u00e4 arvoa ja periaatetta, jotka tekev\u00e4t Bozita ruoista ensiluokkaisia; korkealaatuisia ja ravitsevia, Ruotsissa laadukkaista raaka-aineista ilman tarpeettomia lis\u00e4aineita valmistettua ruokaa. Yht\u00e4 hyvi\u00e4 lemmikeille kuin ymp\u00e4rist\u00f6lle.<\/p>\n<p>LET\u00a0 BOZITA LEAD THE WAY<\/p>\n<\/p>\t\t\t\t\t<\/div>               \n\t\t\t\t<\/div>\n\t\t\t<\/div>\n\t\t<\/div>\n\t<\/section>\n\t\t\n\n\n\t<section class=\"block two-column-image-with-textbox \">\n\t\t<div class=\"container\">\n\t\t\t\t\t\t\t\t<div class=\"mb-5 no-gutters row align-items-center \n\t\t\t\t\t\t\t\t\t\t\t\t\t\t\t\t\t\t\t\t\t\t\t\">\n\t\t\t\t\t\t<div class=\"col-md-6\">\n\t\t\t\t\t\t\t\t\t\t\t\t\t\t\t\t<figure>\n\t\t\t\t\t\t\t\t\t\t\t\t\t\t\t\t\t\t\t\t\t<img decoding=\"async\" class=\"\" src=\"https:\/\/bozita.com\/fi\/wp-content\/uploads\/sites\/11\/2023\/10\/bozita-our-philosophy-made-in-sweden.jpg\" alt=\"\">\n\t\t\t\t\t\t\t\t\t\t\t\t\t\t\t\t\t\t\t\t\t\t\t\t\t\t\t\t\t\t\t<img decoding=\"async\" class=\"logo\" src=\"https:\/\/bozita.com\/fi\/wp-content\/uploads\/sites\/11\/2023\/10\/Our-Philosophy-Compass_Made-In-Sweden.svg\" alt=\"\">\n\t\t\t\t\t\t\t\t\t\t\t\t\t\t\t\t\t\t\t<\/figure>\n\t\t\t\t\t\t\t\t\t\t\t\t\t\t\t<\/div>\n\t\t\t\t\t\t<div class=\"col-md-6\">\n\t\t\t\t\t\t\t<div class=\"content-wrap\">\n\t\t\t\t\t\t\t\t<h2>Made in Sweden <\/h2><p><p><strong>V\u00e5rg\u00e5rdan keitti\u00f6mme Ruotsissa toimii harmoniassa luonnon kanssa ja tuotantomme on ollut elintarvikesertifioitu jo pitk\u00e4\u00e4n. <\/strong><\/p>\n<p>Lemmikinomistajana voit luottaa siihen, ett\u00e4 ruokamme ovat turvallisia lemmikeilleen. Ruoat on valmistettu hyviss\u00e4 olosuhteissa ja k\u00e4yt\u00e4mme ruotsalaisia raaka-aineita aina kun se vain on mahdollista, koska niiss\u00e4 mm. ei k\u00e4ytet\u00e4 kasvuhormoneja. Ruokamme eiv\u00e4t sis\u00e4ll\u00e4 tarpeettomia lis\u00e4aineita.<\/p>\n <\/p>\t\t\t\t\t\t\t\t\t<a target=\"\" href=\"https:\/\/bozita.com\/fi\/our-philosophy\/made-in-sweden\/\" class=\"btn btn-white\">LUE LIS\u00c4\u00c4<\/a>\n\t\t\t\t\t\t\t\t\t\t\t\t\t\t\t\t<\/div>\n\t\t\t\t\t\t<\/div>\n\t\t\t\t\t<\/div>\n\t\t\t\t\t\t\t\t\t\t<div class=\"mb-5 no-gutters row align-items-center \n\t\t\t\t\tflex-row-reverse\t\t\t\t\t\t\t\t\t\t\t\t\t\t\t\t\t\t\">\n\t\t\t\t\t\t<div class=\"col-md-6\">\n\t\t\t\t\t\t\t\t\t\t\t\t\t\t\t\t<figure>\n\t\t\t\t\t\t\t\t\t\t\t\t\t\t\t\t\t\t\t\t\t<img decoding=\"async\" class=\"\" src=\"https:\/\/bozita.com\/fi\/wp-content\/uploads\/sites\/11\/2023\/10\/bozita-our-philosophy-pure-ingredients.jpg\" alt=\"\">\n\t\t\t\t\t\t\t\t\t\t\t\t\t\t\t\t\t\t\t\t\t\t\t\t\t\t\t\t\t\t\t<img decoding=\"async\" class=\"logo\" src=\"https:\/\/bozita.com\/fi\/wp-content\/uploads\/sites\/11\/2023\/10\/Our-Philosophy-Compass_Pure-Ingredients.svg\" alt=\"\">\n\t\t\t\t\t\t\t\t\t\t\t\t\t\t\t\t\t\t\t<\/figure>\n\t\t\t\t\t\t\t\t\t\t\t\t\t\t\t<\/div>\n\t\t\t\t\t\t<div class=\"col-md-6\">\n\t\t\t\t\t\t\t<div class=\"content-wrap\">\n\t\t\t\t\t\t\t\t<h2>Pure ingredients <\/h2><p><p><strong>Jokainen lemmikinomistaja tiet\u00e4\u00e4, ett\u00e4 luonnollinen on parasta.<\/strong><\/p>\n<p>Siksi valitsemme huolella parhaat raaka-aineet, tuoreina luotettavista l\u00e4hteist\u00e4. Se takaa korkean laadun, ja ett\u00e4 noudatamme tiukkoja el\u00e4insuojelulakeja ja -s\u00e4\u00e4nn\u00f6ksi\u00e4.<\/p>\n <\/p>\t\t\t\t\t\t\t\t\t<a target=\"\" href=\"https:\/\/bozita.com\/fi\/our-philosophy\/pure-ingredients\/\" class=\"btn btn-white\">LUE LIS\u00c4\u00c4<\/a>\n\t\t\t\t\t\t\t\t\t\t\t\t\t\t\t\t<\/div>\n\t\t\t\t\t\t<\/div>\n\t\t\t\t\t<\/div>\n\t\t\t\t\t\t\t\t\t\t<div class=\"mb-5 no-gutters row align-items-center \n\t\t\t\t\t\t\t\t\t\t\t\t\t\t\t\t\t\t\t\t\t\t\t\">\n\t\t\t\t\t\t<div class=\"col-md-6\">\n\t\t\t\t\t\t\t\t\t\t\t\t\t\t\t\t<figure>\n\t\t\t\t\t\t\t\t\t\t\t\t\t\t\t\t\t\t\t\t\t<img decoding=\"async\" class=\"\" src=\"https:\/\/bozita.com\/fi\/wp-content\/uploads\/sites\/11\/2023\/10\/bozita-our-philosophy-sustainable-at-heart.jpg\" alt=\"\">\n\t\t\t\t\t\t\t\t\t\t\t\t\t\t\t\t\t\t\t\t\t\t\t\t\t\t\t\t\t\t\t<img decoding=\"async\" class=\"logo\" src=\"https:\/\/bozita.com\/fi\/wp-content\/uploads\/sites\/11\/2023\/10\/Our-Philosophy-Compass_Sustainable-At-Heart.svg\" alt=\"\">\n\t\t\t\t\t\t\t\t\t\t\t\t\t\t\t\t\t\t\t<\/figure>\n\t\t\t\t\t\t\t\t\t\t\t\t\t\t\t<\/div>\n\t\t\t\t\t\t<div class=\"col-md-6\">\n\t\t\t\t\t\t\t<div class=\"content-wrap\">\n\t\t\t\t\t\t\t\t<h2>Sustainable at heart <\/h2><p><p><strong>Emme tavoittele pikavoittoja.\u00a0<\/strong><\/p>\n<p>Liiketoimintamme on rakennetty kest\u00e4ville suhteille &#8211; ja n\u00e4ihin kuuluu my\u00f6s suhteemme luontoon. Keitti\u00f6mme toimii 100 % uusiutuvalla energialla, ja kaikki ylij\u00e4\u00e4m\u00e4 kierr\u00e4tet\u00e4\u00e4n biokaasuksi sek\u00e4 k\u00e4yt\u00e4mme ymp\u00e4rist\u00f6sertifioituja kuljetuksia.<\/p>\n <\/p>\t\t\t\t\t\t\t\t\t<a target=\"\" href=\"https:\/\/bozita.com\/fi\/our-philosophy\/sustainable-at-heart\/\" class=\"btn btn-white\">LUE LIS\u00c4\u00c4<\/a>\n\t\t\t\t\t\t\t\t\t\t\t\t\t\t\t\t<\/div>\n\t\t\t\t\t\t<\/div>\n\t\t\t\t\t<\/div>\n\t\t\t\t\t\t\t\t\t\t<div class=\"mb-5 no-gutters row align-items-center \n\t\t\t\t\tflex-row-reverse\t\t\t\t\t\t\t\t\t\t\t\t\t\t\t\t\t\t\">\n\t\t\t\t\t\t<div class=\"col-md-6\">\n\t\t\t\t\t\t\t\t\t\t\t\t\t\t\t\t<figure>\n\t\t\t\t\t\t\t\t\t\t\t\t\t\t\t\t\t\t\t\t\t<img decoding=\"async\" class=\"\" src=\"https:\/\/bozita.com\/fi\/wp-content\/uploads\/sites\/11\/2024\/02\/bozita-sheltie-forest-sweden-our-philosophy-v1.jpg\" alt=\"\">\n\t\t\t\t\t\t\t\t\t\t\t\t\t\t\t\t\t\t\t\t\t\t\t\t\t\t\t\t\t\t\t<img decoding=\"async\" class=\"logo\" src=\"https:\/\/bozita.com\/fi\/wp-content\/uploads\/sites\/11\/2023\/10\/Our-Philosophy-Compass_Wholesome-Nutrition.svg\" alt=\"\">\n\t\t\t\t\t\t\t\t\t\t\t\t\t\t\t\t\t\t\t<\/figure>\n\t\t\t\t\t\t\t\t\t\t\t\t\t\t\t<\/div>\n\t\t\t\t\t\t<div class=\"col-md-6\">\n\t\t\t\t\t\t\t<div class=\"content-wrap\">\n\t\t\t\t\t\t\t\t<h2>Wholesome nutrition <\/h2><p><p><strong>Hyv\u00e4 ravinto on elint\u00e4rke\u00e4\u00e4 hyvinvoinnillemme, ja sama koskee my\u00f6s el\u00e4imi\u00e4.\u00a0<\/strong><\/p>\n<p>Ruokiemme reseptit kehitt\u00e4v\u00e4t koirien ja kissojen ruokintaan erikoistuneet ravintoasiantuntijat. Voit siis olla varma, ett\u00e4 karvakaverisi saa oikeat valkuaiset, rasvat, kivenn\u00e4iset ja vitamiinit &#8211; kaikki oikeassa suhteessa.<\/p>\n <\/p>\t\t\t\t\t\t\t\t\t<a target=\"\" href=\"https:\/\/bozita.com\/fi\/our-philosophy\/wholesome-nutrition\/\" class=\"btn btn-white\">LUE LIS\u00c4\u00c4<\/a>\n\t\t\t\t\t\t\t\t\t\t\t\t\t\t\t\t<\/div>\n\t\t\t\t\t\t<\/div>\n\t\t\t\t\t<\/div>\n\t\t\t\t\t\t\t\t\t\t<div class=\"mb-5 no-gutters row align-items-center \n\t\t\t\t\t\t\t\t\t\t\t\t\t\t\t\t\t\t\t\t\t\t\t\">\n\t\t\t\t\t\t<div class=\"col-md-6\">\n\t\t\t\t\t\t\t\t\t\t\t\t\t\t\t\t<figure>\n\t\t\t\t\t\t\t\t\t\t\t\t\t\t\t\t\t\t\t\t\t<img decoding=\"async\" class=\"\" src=\"https:\/\/bozita.com\/fi\/wp-content\/uploads\/sites\/11\/2023\/10\/bozita-our-philosophy-respect-for-animals.jpg\" alt=\"\">\n\t\t\t\t\t\t\t\t\t\t\t\t\t\t\t\t\t\t\t\t\t\t\t\t\t\t\t\t\t\t\t<img decoding=\"async\" class=\"logo\" src=\"https:\/\/bozita.com\/fi\/wp-content\/uploads\/sites\/11\/2023\/10\/Our-Philosophy-Compass_Respect-For-Animals.svg\" alt=\"\">\n\t\t\t\t\t\t\t\t\t\t\t\t\t\t\t\t\t\t\t<\/figure>\n\t\t\t\t\t\t\t\t\t\t\t\t\t\t\t<\/div>\n\t\t\t\t\t\t<div class=\"col-md-6\">\n\t\t\t\t\t\t\t<div class=\"content-wrap\">\n\t\t\t\t\t\t\t\t<h2>Respect for animals <\/h2><p><p><strong>Ymm\u00e4rr\u00e4mme, kuinka t\u00e4rkeit\u00e4 ja arvokkaita el\u00e4imet ovat. Ilman niit\u00e4 meid\u00e4nk\u00e4\u00e4n toimintamme ei olisi mahdollista.\u00a0<\/strong><\/p>\n<p>Siksi k\u00e4yt\u00e4mme Ruotsin er\u00e4mailta per\u00e4isin olevia raaka-aineita tuotteissamme. Teemme yhteisty\u00f6t\u00e4 tuottajien kanssa, jotka jakavat samat arvot kanssamme, varmistaaksemme, ett\u00e4 kaikki mit\u00e4 teemme kunnioittaa el\u00e4imi\u00e4 ja ne saavat tarvitsemansa ravinnon.<\/p>\n <\/p>\t\t\t\t\t\t\t\t\t<a target=\"\" href=\"https:\/\/bozita.com\/fi\/our-philosophy\/respect-for-animals\/\" class=\"btn btn-white\">LUE LIS\u00c4\u00c4<\/a>\n\t\t\t\t\t\t\t\t\t\t\t\t\t\t\t\t<\/div>\n\t\t\t\t\t\t<\/div>\n\t\t\t\t\t<\/div>\n\t\t\t\t\t\t\t<\/div>\n\t<\/section>\n\n\n\t<section class=\"block discover-our-product\">\n\t\t<div class=\"container\">\n\t\t\t\t\t\t\t<h5>\n\t\t\t\t\tSWEDISH NATURAL QUALITY\t\t\t\t<\/h5>\n\t\t\t\t\t\t\t\t\t\t\t<h2>\n\t\t\t\t\tTutustu tuotteisiimme\t\t\t\t<\/h2>\n\n\t\t\t\t\t\t\t\n\t\t\t<div class=\"row align-items-center\">\n\t\t\t\t<div class=\"col-md-6\">\n\t\t\t\t\t<div class=\"\">\n\t\t\t\t\t\t\t\t\t\t\t\t<img decoding=\"async\" src=\"https:\/\/bozita.com\/fi\/wp-content\/uploads\/sites\/11\/2025\/11\/CatDogCompass.png\" alt=\"\">\n\t\t\t\t\t\t\t\t\t\t\t<\/div>\n\t\t\t\t<\/div>\n\t\t\t\t<div class=\"col-md-6\">\n\t\t\t\t\t<p><strong>Swedish Natural Quality on muutakin kuin vain ruokaa kupissa.\u00a0<\/strong><\/p>\n<p>Yli vuosisadan kokemuksella olemme oppineet, ett\u00e4 tapa miten lemmikkien ruokaa valmistetaan, on aivan yht\u00e4 t\u00e4rke\u00e4\u00e4 kuin milt\u00e4 se maistuu. K\u00e4ytt\u00e4m\u00e4ll\u00e4 mahdollisimman luonnollisia raaka-aineita ja vuosikymmenten hiomia valmistusmenetelmi\u00e4, olemme vakuuttuneita siit\u00e4, ett\u00e4 valmistamamme koirien ja kissojen ruoat todella peilaavat ruotsalaista rakkautta luontoa kohtaa &#8211; t\u00e4t\u00e4 tarkoittaa Swedish Natural Quality.<\/p>\n\t\t\t\t\t<div class=\"cta-button\">\n\t\t\t\t\t\t\t\t\t\t\t\t\t<a target=\"\" href=\"https:\/\/bozita.com\/fi\/koiranruoka\/\" class=\"btn btn-primary\">\n\t\t\t\t\t\t\t\tKOIRANRUOKA\t\t\t\t\t\t\t<\/a>\n\t\t\t\t\t\t\t\t\t\t\t\t\t\t\t\t\t\t\t\t<a target=\"\" href=\"https:\/\/bozita.com\/fi\/kissanruoka\/\" class=\"btn btn-primary\">\n\t\t\t\t\t\t\t\tKISSANRUOKA\t\t\t\t\t\t\t<\/a>\n\t\t\t\t\t\t\t\t\t\t\t\t<\/div>\n\t\t\t\t<\/div>\n\t\t\t<\/div>\n\t\t<\/div>\n\t<\/section>\n","protected":false},"excerpt":{"rendered":"","protected":false},"author":1,"featured_media":0,"parent":0,"menu_order":0,"comment_status":"closed","ping_status":"closed","template":"guternberg.php","meta":{"footnotes":""},"acf":[],"yoast_head":"<!-- This site is optimized with the Yoast SEO plugin v21.3 - https:\/\/yoast.com\/wordpress\/plugins\/seo\/ -->\n<title>Filosofiamme - Bozita Finland<\/title>\n<meta name=\"description\" content=\"Kompassi ohjaa meit\u00e4 kohti arvoja ja periaatteita, jotka tekev\u00e4t Bozita ruoista ensiluokkaisia. Let Bozita lead the way!\" \/>\n<meta name=\"robots\" content=\"index, follow, max-snippet:-1, max-image-preview:large, max-video-preview:-1\" \/>\n<link rel=\"canonical\" href=\"https:\/\/bozita.com\/fi\/our-philosophy\/\" \/>\n<meta property=\"og:locale\" content=\"fi_FI\" \/>\n<meta property=\"og:type\" content=\"article\" \/>\n<meta property=\"og:title\" content=\"Filosofiamme - Bozita Finland\" \/>\n<meta property=\"og:description\" content=\"Kompassi ohjaa meit\u00e4 kohti arvoja ja periaatteita, jotka tekev\u00e4t Bozita ruoista ensiluokkaisia. Let Bozita lead the way!\" \/>\n<meta property=\"og:url\" content=\"https:\/\/bozita.com\/fi\/our-philosophy\/\" \/>\n<meta property=\"og:site_name\" content=\"Bozita Finland\" \/>\n<meta property=\"article:modified_time\" content=\"2025-11-20T10:36:18+00:00\" \/>\n<meta name=\"twitter:card\" content=\"summary_large_image\" \/>\n<!-- \/ Yoast SEO plugin. -->","yoast_head_json":{"title":"Filosofiamme - Bozita Finland","description":"Kompassi ohjaa meit\u00e4 kohti arvoja ja periaatteita, jotka tekev\u00e4t Bozita ruoista ensiluokkaisia. Let Bozita lead the way!","robots":{"index":"index","follow":"follow","max-snippet":"max-snippet:-1","max-image-preview":"max-image-preview:large","max-video-preview":"max-video-preview:-1"},"canonical":"https:\/\/bozita.com\/fi\/our-philosophy\/","og_locale":"fi_FI","og_type":"article","og_title":"Filosofiamme - Bozita Finland","og_description":"Kompassi ohjaa meit\u00e4 kohti arvoja ja periaatteita, jotka tekev\u00e4t Bozita ruoista ensiluokkaisia. Let Bozita lead the way!","og_url":"https:\/\/bozita.com\/fi\/our-philosophy\/","og_site_name":"Bozita Finland","article_modified_time":"2025-11-20T10:36:18+00:00","twitter_card":"summary_large_image","schema":{"@context":"https:\/\/schema.org","@graph":[{"@type":"WebPage","@id":"https:\/\/bozita.com\/fi\/our-philosophy\/","url":"https:\/\/bozita.com\/fi\/our-philosophy\/","name":"Filosofiamme - Bozita Finland","isPartOf":{"@id":"https:\/\/bozita.com\/fi\/#website"},"datePublished":"2023-10-04T09:05:52+00:00","dateModified":"2025-11-20T10:36:18+00:00","description":"Kompassi ohjaa meit\u00e4 kohti arvoja ja periaatteita, jotka tekev\u00e4t Bozita ruoista ensiluokkaisia. Let Bozita lead the way!","breadcrumb":{"@id":"https:\/\/bozita.com\/fi\/our-philosophy\/#breadcrumb"},"inLanguage":"fi","potentialAction":[{"@type":"ReadAction","target":["https:\/\/bozita.com\/fi\/our-philosophy\/"]}]},{"@type":"BreadcrumbList","@id":"https:\/\/bozita.com\/fi\/our-philosophy\/#breadcrumb","itemListElement":[{"@type":"ListItem","position":1,"name":"Koti","item":"https:\/\/bozita.com\/fi\/"},{"@type":"ListItem","position":2,"name":"Filosofiamme"}]},{"@type":"WebSite","@id":"https:\/\/bozita.com\/fi\/#website","url":"https:\/\/bozita.com\/fi\/","name":"Bozita Finland","description":"","potentialAction":[{"@type":"SearchAction","target":{"@type":"EntryPoint","urlTemplate":"https:\/\/bozita.com\/fi\/?s={search_term_string}"},"query-input":"required name=search_term_string"}],"inLanguage":"fi"}]}},"_links":{"self":[{"href":"https:\/\/bozita.com\/fi\/wp-json\/wp\/v2\/pages\/9076"}],"collection":[{"href":"https:\/\/bozita.com\/fi\/wp-json\/wp\/v2\/pages"}],"about":[{"href":"https:\/\/bozita.com\/fi\/wp-json\/wp\/v2\/types\/page"}],"author":[{"embeddable":true,"href":"https:\/\/bozita.com\/fi\/wp-json\/wp\/v2\/users\/1"}],"replies":[{"embeddable":true,"href":"https:\/\/bozita.com\/fi\/wp-json\/wp\/v2\/comments?post=9076"}],"version-history":[{"count":34,"href":"https:\/\/bozita.com\/fi\/wp-json\/wp\/v2\/pages\/9076\/revisions"}],"predecessor-version":[{"id":11928,"href":"https:\/\/bozita.com\/fi\/wp-json\/wp\/v2\/pages\/9076\/revisions\/11928"}],"wp:attachment":[{"href":"https:\/\/bozita.com\/fi\/wp-json\/wp\/v2\/media?parent=9076"}],"curies":[{"name":"wp","href":"https:\/\/api.w.org\/{rel}","templated":true}]}}