{"id":9099,"date":"2023-10-04T09:25:28","date_gmt":"2023-10-04T09:25:28","guid":{"rendered":"https:\/\/bozita.com\/fi\/?page_id=9099"},"modified":"2025-11-11T08:50:27","modified_gmt":"2025-11-11T08:50:27","slug":"made-in-sweden","status":"publish","type":"page","link":"https:\/\/bozita.com\/fi\/our-philosophy\/made-in-sweden\/","title":{"rendered":"Made in Sweden"},"content":{"rendered":"\t<section class=\"small-hero-with-gradient-overlay\">\n\t\t\t\t\t\t\t\t<img decoding=\"async\" class=\"background-image\" src=\"https:\/\/bozita.com\/fi\/wp-content\/uploads\/sites\/11\/2023\/10\/bozita-our-philosophy-made-in-sweden-hero.jpg\" alt=\"\">\n\t\t\t\t\t\t\t\n\t\t<div class=\"overlay\">\n\t\t\t<div class=\"container\">\n\t\t\t\t<div class=\"row flex-column-reverse flex-md-row\">\n\t\t\t\t\t<div class=\"col-md-6 col-lg-6\">\n\t\t\t\t\t\t<h5>BOZITA KOMPASSI<\/h5><h1>Made in Sweden<\/h1><p><p><strong>V\u00e5rg\u00e5rdan keitti\u00f6mme toimii harmoniassa luonnon kanssa ja tuotantomme on ollut elintarvikesertifioitu jo pitk\u00e4\u00e4n. <\/strong><\/p>\n<p>Se tarkoittaa sit\u00e4, ett\u00e4 lemmikinomistajana voit olla varma, ett\u00e4 ruokamme eiv\u00e4t sis\u00e4ll\u00e4 mit\u00e4\u00e4n haitallista kissoille ja koirille, ja ett\u00e4 ne on valmistettu hyviss\u00e4 olosuhteissa. Rakastamme el\u00e4imi\u00e4 ja p\u00e4ivitt\u00e4in toimistoillamme on ty\u00f6skentelee my\u00f6s nelijalkaisia, jossa niiden ensisijainen teht\u00e4v\u00e4 on inspiroida meit\u00e4 tekem\u00e4\u00e4n parhaamme valmistaaksemme niille hyv\u00e4\u00e4 ja maukasta ruokaa.<\/p>\n<\/p>\t\t\t\t\t<\/div>\n\t\t\t\t\t<div class=\"d-none d-lg-block col-lg-1\"><\/div>\n\t\t\t\t\t<div class=\"col-md-6 col-lg-5 text-center\">\n\t\t\t\t\t\t\t\t\t\t\t\t\t<img decoding=\"async\" class=\"image\" src=\"https:\/\/bozita.com\/fi\/wp-content\/uploads\/sites\/11\/2023\/10\/Our-Philosophy-Compass_Made-In-Sweden.svg\" alt=\"\">\n\t\t\t\t\t\t\t\t\t\t\t\t<\/div>\n\t\t\t\t<\/div>\n\t\t\t<\/div>\n\t\t<\/div>\n\t<\/section>\n\t\t\n\n\n\t<section class=\"block two-column-image-with-textbox overflow-disable\">\n\t\t<div class=\"container\">\n\t\t\t\t\t\t\t\t<div class=\"mb-5 no-gutters row align-items-center \n\t\t\t\t\t\t\t\t\t\t\t\t\t\t\t\t\t\t\t\t\t\t\t\">\n\t\t\t\t\t\t<div class=\"col-md-6\">\n\t\t\t\t\t\t\t\t\t\t\t\t\t\t\t\t<figure>\n\t\t\t\t\t\t\t\t\t\t\t\t\t\t\t\t\t\t\t\t\t<img decoding=\"async\" class=\"\" src=\"https:\/\/bozita.com\/fi\/wp-content\/uploads\/sites\/11\/2024\/02\/23-doggyab-fabriken-vargarda-sommar.jpg\" alt=\"\">\n\t\t\t\t\t\t\t\t\t\t\t\t\t\t\t\t\t\t\t\t\t\t\t\t\t\t\t\t\t<\/figure>\n\t\t\t\t\t\t\t\t\t\t\t\t\t\t\t<\/div>\n\t\t\t\t\t\t<div class=\"col-md-6\">\n\t\t\t\t\t\t\t<div class=\"content-wrap\">\n\t\t\t\t\t\t\t\t<p><h3>V\u00e5rg\u00e5rdassa vuodesta 1903 l\u00e4htien<\/h3>\n<p>Meid\u00e4n kaikkien mielest\u00e4 lemmikkimme ansaitsevat parasta. Siksi olemme omistautuneet valmistamaan lemmikkiruokaa joka ei ole vain ravitsevaa, vaan vastaa my\u00f6s kest\u00e4vyysarvojamme. L\u00e4hes kaikki tuotteemme valmistetaan V\u00e5rg\u00e5dassa, yhdess\u00e4 Euroopan vanhimmista ja arvostetuimmista lemmikkiruokien tuotantolaitoksista, jonka historia ulottuu aina vuoteen 1903 asti. Pitk\u00e4 sitoutuminen laatuun varmistaa, ett\u00e4 kaikki valmistamamme tuotteet ovat korkealaatuisia.<\/p>\n<p>Olemme ylpeit\u00e4 voidessamme tukea ruotsalaisia maanviljelij\u00f6it\u00e4 ja toimittajia aina kun vain mahdollista. Se ei hy\u00f6dyt\u00e4 pelk\u00e4st\u00e4\u00e4n yhteis\u00f6\u00e4, vaan lis\u00e4ksi v\u00e4hent\u00e4\u00e4 my\u00f6s huomattavasti kuljetustarpeita.<\/p>\n <\/p>\t\t\t\t\t\t\t<\/div>\n\t\t\t\t\t\t<\/div>\n\t\t\t\t\t<\/div>\n\t\t\t\t\t\t\t\t\t\t<div class=\"mb-5 no-gutters row align-items-center \n\t\t\t\t\tflex-row-reverse\t\t\t\t\t\t\t\t\t\t\t\t\t\t\t\t\t\t\">\n\t\t\t\t\t\t<div class=\"col-md-6\">\n\t\t\t\t\t\t\t\t\t\t\t\t\t\t\t\t<figure>\n\t\t\t\t\t\t\t\t\t\t\t\t\t\t\t\t\t\t\t\t\t<img decoding=\"async\" class=\"\" src=\"https:\/\/bozita.com\/fi\/wp-content\/uploads\/sites\/11\/2023\/10\/bozita-our-philosophy-made-in-sweden-why-sweden.jpg\" alt=\"\">\n\t\t\t\t\t\t\t\t\t\t\t\t\t\t\t\t\t\t\t\t\t\t\t\t\t\t\t\t\t<\/figure>\n\t\t\t\t\t\t\t\t\t\t\t\t\t\t\t<\/div>\n\t\t\t\t\t\t<div class=\"col-md-6\">\n\t\t\t\t\t\t\t<div class=\"content-wrap\">\n\t\t\t\t\t\t\t\t<p><h3>Miksi Ruotsi?<\/h3>\n<p>Koska Ruotsi on omanlaisensa. Ruotsissa on runsaasti riistaa ja ainutlaatuinen el\u00e4inlajisto sek\u00e4 eritt\u00e4in puhdas ilma ja vesist\u00f6. Valmistamalla ruokamme Ruotsissa, voimme tuoda osan ainutlaatuisuudesta niihin. Uskomme, ett\u00e4 jopa lemmikkisi voi maistaa sen.<\/p>\n<p>Noudatamme EU:n el\u00e4insuojelulakeja, ja el\u00e4inten hyvinvointi on t\u00e4rkein pririteettimme. Vuodesta 1986 Ruotsi on ollut edell\u00e4kulkija kielt\u00e4ess\u00e4\u00e4n antibioottien ennaltaehk\u00e4isev\u00e4n k\u00e4yt\u00f6n el\u00e4inten kasvatuksessa. Tied\u00e4mme, ett\u00e4 el\u00e4imet on luotu liikkumaan. Siksi Ruotsissa el\u00e4imill\u00e4 on oltava peruslains\u00e4\u00e4d\u00e4nt\u00f6\u00e4 suurempi elintila ja jatkuva p\u00e4\u00e4sy pehkulle, eik\u00e4 el\u00e4imi\u00e4 saa koskaan kuljettaa 8 tuntia pidemp\u00e4\u00e4n.<\/p>\n <\/p>\t\t\t\t\t\t\t<\/div>\n\t\t\t\t\t\t<\/div>\n\t\t\t\t\t<\/div>\n\t\t\t\t\t\t\t<\/div>\n\t<\/section>\n\n\n\t<section class=\"block discover-our-product\">\n\t\t<div class=\"container\">\n\t\t\t\t\t\t\t<h5>\n\t\t\t\t\tSWEDISH NATURAL QUALITY\t\t\t\t<\/h5>\n\t\t\t\t\t\t\t\t\t\t\t<h2>\n\t\t\t\t\tTutustu tuotteisiimme\t\t\t\t<\/h2>\n\n\t\t\t\t\t\t\t\n\t\t\t<div class=\"row align-items-center\">\n\t\t\t\t<div class=\"col-md-6\">\n\t\t\t\t\t<div class=\"\">\n\t\t\t\t\t\t\t\t\t\t\t\t<img decoding=\"async\" src=\"https:\/\/bozita.com\/fi\/wp-content\/uploads\/sites\/11\/2023\/10\/2308-bozita-hund-kattmat-robur-original-compass-900x793px.png\" alt=\"\">\n\t\t\t\t\t\t\t\t\t\t\t<\/div>\n\t\t\t\t<\/div>\n\t\t\t\t<div class=\"col-md-6\">\n\t\t\t\t\t<p><strong>Swedish Natural Quality on muutakin kuin vain ruokaa kupissa.\u00a0<\/strong><\/p>\n<p>Yli vuosisadan kokemuksella olemme oppineet, ett\u00e4 tapa miten lemmikkien ruokaa valmistetaan, on aivan yht\u00e4 t\u00e4rke\u00e4\u00e4 kuin milt\u00e4 se maistuu. K\u00e4ytt\u00e4m\u00e4ll\u00e4 mahdollisimman luonnollisia raaka-aineita ja vuosikymmenten hiomia valmistusmenetelmi\u00e4, olemme vakuuttuneita siit\u00e4, ett\u00e4 valmistamamme koirien ja kissojen ruoat todella peilaavat ruotsalaista rakkautta luontoa kohtaa &#8211; t\u00e4t\u00e4 tarkoittaa Swedish Natural Quality.<\/p>\n\t\t\t\t\t<div class=\"cta-button\">\n\t\t\t\t\t\t\t\t\t\t\t\t\t<a target=\"\" href=\"https:\/\/bozita.com\/fi\/koiranruoka\/\" class=\"btn btn-primary\">\n\t\t\t\t\t\t\t\tKOIRANRUOKA\t\t\t\t\t\t\t<\/a>\n\t\t\t\t\t\t\t\t\t\t\t\t\t\t\t\t\t\t\t\t<a target=\"\" href=\"https:\/\/bozita.com\/fi\/kissanruoka\/\" class=\"btn btn-primary\">\n\t\t\t\t\t\t\t\tKISSANRUOKA\t\t\t\t\t\t\t<\/a>\n\t\t\t\t\t\t\t\t\t\t\t\t<\/div>\n\t\t\t\t<\/div>\n\t\t\t<\/div>\n\t\t<\/div>\n\t<\/section>\n","protected":false},"excerpt":{"rendered":"","protected":false},"author":1,"featured_media":0,"parent":9076,"menu_order":0,"comment_status":"closed","ping_status":"closed","template":"guternberg.php","meta":{"footnotes":""},"acf":[],"yoast_head":"<!-- This site is optimized with the Yoast SEO plugin v21.3 - https:\/\/yoast.com\/wordpress\/plugins\/seo\/ -->\n<title>Made in Sweden - Bozita Finland<\/title>\n<meta name=\"robots\" content=\"index, follow, max-snippet:-1, max-image-preview:large, max-video-preview:-1\" \/>\n<link rel=\"canonical\" href=\"https:\/\/bozita.com\/fi\/our-philosophy\/made-in-sweden\/\" \/>\n<meta property=\"og:locale\" content=\"fi_FI\" \/>\n<meta property=\"og:type\" content=\"article\" \/>\n<meta property=\"og:title\" content=\"Made in Sweden - Bozita Finland\" \/>\n<meta property=\"og:url\" content=\"https:\/\/bozita.com\/fi\/our-philosophy\/made-in-sweden\/\" \/>\n<meta property=\"og:site_name\" content=\"Bozita Finland\" \/>\n<meta property=\"article:modified_time\" content=\"2025-11-11T08:50:27+00:00\" \/>\n<meta name=\"twitter:card\" content=\"summary_large_image\" \/>\n<!-- \/ Yoast SEO plugin. -->","yoast_head_json":{"title":"Made in Sweden - Bozita Finland","robots":{"index":"index","follow":"follow","max-snippet":"max-snippet:-1","max-image-preview":"max-image-preview:large","max-video-preview":"max-video-preview:-1"},"canonical":"https:\/\/bozita.com\/fi\/our-philosophy\/made-in-sweden\/","og_locale":"fi_FI","og_type":"article","og_title":"Made in Sweden - Bozita Finland","og_url":"https:\/\/bozita.com\/fi\/our-philosophy\/made-in-sweden\/","og_site_name":"Bozita Finland","article_modified_time":"2025-11-11T08:50:27+00:00","twitter_card":"summary_large_image","schema":{"@context":"https:\/\/schema.org","@graph":[{"@type":"WebPage","@id":"https:\/\/bozita.com\/fi\/our-philosophy\/made-in-sweden\/","url":"https:\/\/bozita.com\/fi\/our-philosophy\/made-in-sweden\/","name":"Made in Sweden - Bozita Finland","isPartOf":{"@id":"https:\/\/bozita.com\/fi\/#website"},"datePublished":"2023-10-04T09:25:28+00:00","dateModified":"2025-11-11T08:50:27+00:00","breadcrumb":{"@id":"https:\/\/bozita.com\/fi\/our-philosophy\/made-in-sweden\/#breadcrumb"},"inLanguage":"fi","potentialAction":[{"@type":"ReadAction","target":["https:\/\/bozita.com\/fi\/our-philosophy\/made-in-sweden\/"]}]},{"@type":"BreadcrumbList","@id":"https:\/\/bozita.com\/fi\/our-philosophy\/made-in-sweden\/#breadcrumb","itemListElement":[{"@type":"ListItem","position":1,"name":"Koti","item":"https:\/\/bozita.com\/fi\/"},{"@type":"ListItem","position":2,"name":"Filosofiamme","item":"https:\/\/bozita.com\/fi\/our-philosophy\/"},{"@type":"ListItem","position":3,"name":"Made in Sweden"}]},{"@type":"WebSite","@id":"https:\/\/bozita.com\/fi\/#website","url":"https:\/\/bozita.com\/fi\/","name":"Bozita Finland","description":"","potentialAction":[{"@type":"SearchAction","target":{"@type":"EntryPoint","urlTemplate":"https:\/\/bozita.com\/fi\/?s={search_term_string}"},"query-input":"required name=search_term_string"}],"inLanguage":"fi"}]}},"_links":{"self":[{"href":"https:\/\/bozita.com\/fi\/wp-json\/wp\/v2\/pages\/9099"}],"collection":[{"href":"https:\/\/bozita.com\/fi\/wp-json\/wp\/v2\/pages"}],"about":[{"href":"https:\/\/bozita.com\/fi\/wp-json\/wp\/v2\/types\/page"}],"author":[{"embeddable":true,"href":"https:\/\/bozita.com\/fi\/wp-json\/wp\/v2\/users\/1"}],"replies":[{"embeddable":true,"href":"https:\/\/bozita.com\/fi\/wp-json\/wp\/v2\/comments?post=9099"}],"version-history":[{"count":36,"href":"https:\/\/bozita.com\/fi\/wp-json\/wp\/v2\/pages\/9099\/revisions"}],"predecessor-version":[{"id":11908,"href":"https:\/\/bozita.com\/fi\/wp-json\/wp\/v2\/pages\/9099\/revisions\/11908"}],"up":[{"embeddable":true,"href":"https:\/\/bozita.com\/fi\/wp-json\/wp\/v2\/pages\/9076"}],"wp:attachment":[{"href":"https:\/\/bozita.com\/fi\/wp-json\/wp\/v2\/media?parent=9099"}],"curies":[{"name":"wp","href":"https:\/\/api.w.org\/{rel}","templated":true}]}}