{"id":9110,"date":"2023-10-04T09:46:47","date_gmt":"2023-10-04T09:46:47","guid":{"rendered":"https:\/\/bozita.com\/fi\/?page_id=9110"},"modified":"2024-05-21T09:29:13","modified_gmt":"2024-05-21T09:29:13","slug":"pure-ingredients","status":"publish","type":"page","link":"https:\/\/bozita.com\/fi\/our-philosophy\/pure-ingredients\/","title":{"rendered":"Puhtaat raaka-aineet"},"content":{"rendered":"\t<section class=\"small-hero-with-gradient-overlay\">\n\t\t\t\t\t\t\t\t<img decoding=\"async\" class=\"background-image\" src=\"https:\/\/bozita.com\/fi\/wp-content\/uploads\/sites\/11\/2023\/10\/bozita-our-philosophy-pure-ingredients-hero.jpg\" alt=\"\">\n\t\t\t\t\t\t\t\n\t\t<div class=\"overlay\">\n\t\t\t<div class=\"container\">\n\t\t\t\t<div class=\"row flex-column-reverse flex-md-row\">\n\t\t\t\t\t<div class=\"col-md-6 col-lg-6\">\n\t\t\t\t\t\t<h5>BOZITA KOMPASSI<\/h5><h1>Puhtaat raaka-aineet<\/h1><p><p><strong>K\u00e4yt\u00e4mme 100 % korkealuokkaisia ja luonnollisia raaka-aineita, jotka valitsemme eritt\u00e4in huolellisesti. Ei lis\u00e4tty\u00e4 sokeria eik\u00e4 tarpeettomia keinotekoisia lis\u00e4aineita.\u00a0<\/strong><\/p>\n<\/p>\t\t\t\t\t<\/div>\n\t\t\t\t\t<div class=\"d-none d-lg-block col-lg-1\"><\/div>\n\t\t\t\t\t<div class=\"col-md-6 col-lg-5 text-center\">\n\t\t\t\t\t\t\t\t\t\t\t\t\t<img decoding=\"async\" class=\"image\" src=\"https:\/\/bozita.com\/fi\/wp-content\/uploads\/sites\/11\/2023\/10\/Our-Philosophy-Compass_Pure-Ingredients.svg\" alt=\"\">\n\t\t\t\t\t\t\t\t\t\t\t\t<\/div>\n\t\t\t\t<\/div>\n\t\t\t<\/div>\n\t\t<\/div>\n\t<\/section>\n\t\t\n\n\n\t<section class=\"block two-column-image-with-textbox overflow-disable\">\n\t\t<div class=\"container\">\n\t\t\t\t\t\t\t\t<div class=\"mb-5 no-gutters row align-items-center \n\t\t\t\t\t\t\t\t\t\t\t\t\t\t\t\t\t\t\t\t\t\t\t\">\n\t\t\t\t\t\t<div class=\"col-md-6\">\n\t\t\t\t\t\t\t\t\t\t\t\t\t\t\t\t\t\t\t\t\t\t\t\t<video id=\"my-player\" class=\"video-js vjs-default-skin vjs-4-3\" playsinline muted loop controls autoplay  data-setup='{}'>\n\t\t\t\t\t\t\t\t\t\t<source src=\"https:\/\/bozita.com\/fi\/wp-content\/uploads\/sites\/11\/2024\/05\/BOZITA_HUND_10s_16x9_CLEAN.mp4\" type=\"video\/mp4\">\n\t\t\t\t\t\t\t\t\t\t<\/source>\n\t\t\t\t\t\t\t\t\t<\/video>\n\t\t\t\t\t\t\t\t\t\t\t\t\t\t\t<\/div>\n\t\t\t\t\t\t<div class=\"col-md-6\">\n\t\t\t\t\t\t\t<div class=\"content-wrap\">\n\t\t\t\t\t\t\t\t<p><h3>Jouduimme piksel\u00f6im\u00e4\u00e4n koiran silm\u00e4t\u2026<\/h3>\n<p><strong>&#8230; jotta sin\u00e4 voisit keskitty\u00e4 siihen, mik\u00e4 on t\u00e4rke\u00e4\u00e4. Kuten esimerkiksi luonnollisiin raaka-aineisiin.<\/strong><\/p>\n<p>Raaka-aineet ovat t\u00e4rkeit\u00e4. Siksi el\u00e4inper\u00e4iset raaka-aineemme tulevat humaanikulutukseen hyv\u00e4ksytyist\u00e4 el\u00e4imist\u00e4. Se takaa, ett\u00e4 lemmikkisi ravinnossa on samat laatuvaatimukset kuin omassa ruoassasi. Ja reseptimme on huolella kehitetty, eiv\u00e4tk\u00e4 sis\u00e4ll\u00e4 lainkaan lis\u00e4tty\u00e4 sokeria.<\/p>\n <\/p>\t\t\t\t\t\t\t<\/div>\n\t\t\t\t\t\t<\/div>\n\t\t\t\t\t<\/div>\n\t\t\t\t\t\t\t\t\t\t<div class=\"mb-5 no-gutters row align-items-center \n\t\t\t\t\tflex-row-reverse\t\t\t\t\t\t\t\t\t\t\t\t\t\t\t\t\t\t\">\n\t\t\t\t\t\t<div class=\"col-md-6\">\n\t\t\t\t\t\t\t\t\t\t\t\t\t\t\t\t<figure>\n\t\t\t\t\t\t\t\t\t\t\t\t\t\t\t\t\t\t\t\t\t<img decoding=\"async\" class=\"\" src=\"https:\/\/bozita.com\/fi\/wp-content\/uploads\/sites\/11\/2024\/02\/23-bozita-pure-ingredients-rosehips.jpg\" alt=\"\">\n\t\t\t\t\t\t\t\t\t\t\t\t\t\t\t\t\t\t\t\t\t\t\t\t\t\t\t\t\t<\/figure>\n\t\t\t\t\t\t\t\t\t\t\t\t\t\t\t<\/div>\n\t\t\t\t\t\t<div class=\"col-md-6\">\n\t\t\t\t\t\t\t<div class=\"content-wrap\">\n\t\t\t\t\t\t\t\t<p><h3>Tuoretta ja maukasta<\/h3>\n<p>Tuoreus on ratkaiseva tekij\u00e4. Siksi k\u00e4yt\u00e4mme my\u00f6s tuoreita raaka-aineita resepteiss\u00e4mme. Se ei lis\u00e4\u00e4 vain ruoan sulavuutta, vaan ruoka my\u00f6s maistuu paremmalta.<\/p>\n <\/p>\t\t\t\t\t\t\t<\/div>\n\t\t\t\t\t\t<\/div>\n\t\t\t\t\t<\/div>\n\t\t\t\t\t\t\t<\/div>\n\t<\/section>\n\n\n<section class=\"block how-we-make-it-matters\">\n\t<div class=\"container\">\n\t\t<h5>\n\t\t\tBOZITA KOMPASSI\t\t<\/h5>\n\t\t<h2> \n\t\t\tLuonnolliset raaka-aineet\t\t<\/h2>\n\n\t\t\n\t\t<div class=\"d-md-none d-lg-block\">\n\t\t\t<div class=\"row\">\n\t\t\t\t<div class=\"col-md-6\">\n\t\t\t\t\t<div class=\"how_we_make_it_matters-img\">\n\t\t\t\t\t\t\t\t\t\t\t\t<img decoding=\"async\" src=\"https:\/\/bozita.com\/fi\/wp-content\/uploads\/sites\/11\/2023\/10\/bozita-our-philosophy-pure-ingredients-carefully-selected.jpg\" alt=\"\">\n\t\t\t\t\t\t\t\t\t\t\t<\/div>\n\t\t\t\t<\/div>\n\t\t\t\t<div class=\"col-md-6\">\n\t\t\t\t\t\t\t\t\t\t\t\t<div class=\"media\">\n\t\t\t\t\t\t\t\t<div class=\"icon-warp\">\n\t\t\t\t\t\t\t\t\t\t\t\t\t\t\t\t\t\t\t<img decoding=\"async\" class=\"mr-3\" src=\"https:\/\/bozita.com\/fi\/wp-content\/uploads\/sites\/11\/2023\/10\/FeatureIcon-Dark-RenewableEnergy.svg\" alt=\"\">\n\t\t\t\t\t\t\t\t\t\t\t\t\t\t\t\t\t<\/div>\n\t\t\t\t\t\t\t\t<div class=\"media-body\">\n\t\t\t\t\t\t\t\t\t<h6 class=\"mt-0\">\n\t\t\t\t\t\t\t\t\t\t100% KORKEA LAATU\t\t\t\t\t\t\t\t\t<\/h6>\n\t\t\t\t\t\t\t\t\t<p>\n\t\t\t\t\t\t\t\t\t\t100% korkea laatu ja luonnolliset raaka-aineet\t\t\t\t\t\t\t\t\t<\/p>\n\t\t\t\t\t\t\t\t<\/div>\n\t\t\t\t\t\t\t<\/div>\n\t\t\t\t\t\t\t\t\t\t\t\t\t\t<div class=\"media\">\n\t\t\t\t\t\t\t\t<div class=\"icon-warp\">\n\t\t\t\t\t\t\t\t\t\t\t\t\t\t\t\t\t\t\t<img decoding=\"async\" class=\"mr-3\" src=\"https:\/\/bozita.com\/fi\/wp-content\/uploads\/sites\/11\/2023\/10\/FeatureIcon-Dark-RenewableEnergy.svg\" alt=\"\">\n\t\t\t\t\t\t\t\t\t\t\t\t\t\t\t\t\t<\/div>\n\t\t\t\t\t\t\t\t<div class=\"media-body\">\n\t\t\t\t\t\t\t\t\t<h6 class=\"mt-0\">\n\t\t\t\t\t\t\t\t\t\tEI LIS\u00c4TTY\u00c4 SOKERIA\t\t\t\t\t\t\t\t\t<\/h6>\n\t\t\t\t\t\t\t\t\t<p>\n\t\t\t\t\t\t\t\t\t\tEmme tietenk\u00e4\u00e4n lis\u00e4\u00e4 sokeria ruokiin.\t\t\t\t\t\t\t\t\t<\/p>\n\t\t\t\t\t\t\t\t<\/div>\n\t\t\t\t\t\t\t<\/div>\n\t\t\t\t\t\t\t\t\t\t\t\t\t\t<div class=\"media\">\n\t\t\t\t\t\t\t\t<div class=\"icon-warp\">\n\t\t\t\t\t\t\t\t\t\t\t\t\t\t\t\t\t\t\t<img decoding=\"async\" class=\"mr-3\" src=\"https:\/\/bozita.com\/fi\/wp-content\/uploads\/sites\/11\/2023\/10\/FeatureIcon-Dark-RenewableEnergy.svg\" alt=\"\">\n\t\t\t\t\t\t\t\t\t\t\t\t\t\t\t\t\t<\/div>\n\t\t\t\t\t\t\t\t<div class=\"media-body\">\n\t\t\t\t\t\t\t\t\t<h6 class=\"mt-0\">\n\t\t\t\t\t\t\t\t\t\tTUOREVALMISTETTUA JA HYV\u00c4\u00c4\t\t\t\t\t\t\t\t\t<\/h6>\n\t\t\t\t\t\t\t\t\t<p>\n\t\t\t\t\t\t\t\t\t\tK\u00e4yt\u00e4mme tuorevalmistettuja raaka-aineita.\t\t\t\t\t\t\t\t\t<\/p>\n\t\t\t\t\t\t\t\t<\/div>\n\t\t\t\t\t\t\t<\/div>\n\t\t\t\t\t\t\t\t\t\t\t<\/div>\n\t\t\t<\/div>\n\t\t<\/div>\n\n\t\t<div class=\"d-none d-md-block d-lg-none\">\n\t\t\t<div class=\"row\">\n\t\t\t\t<div class=\"col-md-12 d-flex justify-content-center\">\n\t\t\t\t\t<div class=\"how_we_make_it_matters-img-md\">\n\t\t\t\t\t\t\t\t\t\t\t\t\t<img decoding=\"async\" src=\"https:\/\/bozita.com\/fi\/wp-content\/uploads\/sites\/11\/2023\/10\/bozita-our-philosophy-pure-ingredients-carefully-selected.jpg\" alt=\"\">\n\t\t\t\t\t\t\t\t\t\t\t<\/div>\n\t\t\t\t<\/div>\n\t\t\t\t<div class=\"col-md-12\">\n\t\t\t\t\t\t\t\t\t\t\t\t<div class=\"media\">\n\t\t\t\t\t\t\t\t<div class=\"icon-warp\">\n\t\t\t\t\t\t\t\t\t\t\t\t\t\t\t\t\t\t\t<img decoding=\"async\" class=\"mr-3\" src=\"https:\/\/bozita.com\/fi\/wp-content\/uploads\/sites\/11\/2023\/10\/FeatureIcon-Dark-RenewableEnergy.svg\" alt=\"\">\n\t\t\t\t\t\t\t\t\t\t\t\t\t\t\t\t\t<\/div>\n\t\t\t\t\t\t\t\t<div class=\"media-body\">\n\t\t\t\t\t\t\t\t\t<h6 class=\"mt-0\">\n\t\t\t\t\t\t\t\t\t\t100% KORKEA LAATU\t\t\t\t\t\t\t\t\t<\/h6>\n\t\t\t\t\t\t\t\t\t<p>\n\t\t\t\t\t\t\t\t\t\t100% korkea laatu ja luonnolliset raaka-aineet\t\t\t\t\t\t\t\t\t<\/p>\n\t\t\t\t\t\t\t\t<\/div>\n\t\t\t\t\t\t\t<\/div>\n\t\t\t\t\t\t\t\t\t\t\t\t\t\t<div class=\"media\">\n\t\t\t\t\t\t\t\t<div class=\"icon-warp\">\n\t\t\t\t\t\t\t\t\t\t\t\t\t\t\t\t\t\t\t<img decoding=\"async\" class=\"mr-3\" src=\"https:\/\/bozita.com\/fi\/wp-content\/uploads\/sites\/11\/2023\/10\/FeatureIcon-Dark-RenewableEnergy.svg\" alt=\"\">\n\t\t\t\t\t\t\t\t\t\t\t\t\t\t\t\t\t<\/div>\n\t\t\t\t\t\t\t\t<div class=\"media-body\">\n\t\t\t\t\t\t\t\t\t<h6 class=\"mt-0\">\n\t\t\t\t\t\t\t\t\t\tEI LIS\u00c4TTY\u00c4 SOKERIA\t\t\t\t\t\t\t\t\t<\/h6>\n\t\t\t\t\t\t\t\t\t<p>\n\t\t\t\t\t\t\t\t\t\tEmme tietenk\u00e4\u00e4n lis\u00e4\u00e4 sokeria ruokiin.\t\t\t\t\t\t\t\t\t<\/p>\n\t\t\t\t\t\t\t\t<\/div>\n\t\t\t\t\t\t\t<\/div>\n\t\t\t\t\t\t\t\t\t\t\t\t\t\t<div class=\"media\">\n\t\t\t\t\t\t\t\t<div class=\"icon-warp\">\n\t\t\t\t\t\t\t\t\t\t\t\t\t\t\t\t\t\t\t<img decoding=\"async\" class=\"mr-3\" src=\"https:\/\/bozita.com\/fi\/wp-content\/uploads\/sites\/11\/2023\/10\/FeatureIcon-Dark-RenewableEnergy.svg\" alt=\"\">\n\t\t\t\t\t\t\t\t\t\t\t\t\t\t\t\t\t<\/div>\n\t\t\t\t\t\t\t\t<div class=\"media-body\">\n\t\t\t\t\t\t\t\t\t<h6 class=\"mt-0\">\n\t\t\t\t\t\t\t\t\t\tTUOREVALMISTETTUA JA HYV\u00c4\u00c4\t\t\t\t\t\t\t\t\t<\/h6>\n\t\t\t\t\t\t\t\t\t<p>\n\t\t\t\t\t\t\t\t\t\tK\u00e4yt\u00e4mme tuorevalmistettuja raaka-aineita.\t\t\t\t\t\t\t\t\t<\/p>\n\t\t\t\t\t\t\t\t<\/div>\n\t\t\t\t\t\t\t<\/div>\n\t\t\t\t\t\t\t\t\t\t\t<\/div>\n\t\t\t<\/div>\n\t\t<\/div>\n\t\t\n\t\t<div class=\"text-center cta-button\">\n\t\t\t\t\t<\/div>\n\t<\/div>\n<\/section>\n\n\n\t<section class=\"block discover-our-product\">\n\t\t<div class=\"container\">\n\t\t\t\t\t\t\t<h5>\n\t\t\t\t\tSWEDISH NATURAL QUALITY\t\t\t\t<\/h5>\n\t\t\t\t\t\t\t\t\t\t\t<h2>\n\t\t\t\t\tTutustu tuotteisiimme\t\t\t\t<\/h2>\n\n\t\t\t\t\t\t\t\n\t\t\t<div class=\"row align-items-center\">\n\t\t\t\t<div class=\"col-md-6\">\n\t\t\t\t\t<div class=\"\">\n\t\t\t\t\t\t\t\t\t\t\t\t<img decoding=\"async\" src=\"https:\/\/bozita.com\/fi\/wp-content\/uploads\/sites\/11\/2023\/10\/2308-bozita-hund-kattmat-robur-original-compass-900x793px.png\" alt=\"\">\n\t\t\t\t\t\t\t\t\t\t\t<\/div>\n\t\t\t\t<\/div>\n\t\t\t\t<div class=\"col-md-6\">\n\t\t\t\t\t<p><strong>Swedish Natural Quality on muutakin kuin vain ruokaa kupissa.\u00a0<\/strong><\/p>\n<p>Yli vuosisadan kokemuksella olemme oppineet, ett\u00e4 tapa miten lemmikkien ruokaa valmistetaan, on aivan yht\u00e4 t\u00e4rke\u00e4\u00e4 kuin milt\u00e4 se maistuu. K\u00e4ytt\u00e4m\u00e4ll\u00e4 mahdollisimman luonnollisia raaka-aineita ja vuosikymmenten hiomia valmistusmenetelmi\u00e4, olemme vakuuttuneita siit\u00e4, ett\u00e4 valmistamamme koirien ja kissojen ruoat todella peilaavat ruotsalaista rakkautta luontoa kohtaa &#8211; t\u00e4t\u00e4 tarkoittaa Swedish Natural Quality.<\/p>\n\t\t\t\t\t<div class=\"cta-button\">\n\t\t\t\t\t\t\t\t\t\t\t\t\t<a target=\"\" href=\"https:\/\/bozita.com\/fi\/koiranruoka\/\" class=\"btn btn-primary\">\n\t\t\t\t\t\t\t\tKOIRANRUOKA\t\t\t\t\t\t\t<\/a>\n\t\t\t\t\t\t\t\t\t\t\t\t\t\t\t\t\t\t\t\t<a target=\"\" href=\"https:\/\/bozita.com\/fi\/kissanruoka\/\" class=\"btn btn-primary\">\n\t\t\t\t\t\t\t\tKISSANRUOKA\t\t\t\t\t\t\t<\/a>\n\t\t\t\t\t\t\t\t\t\t\t\t<\/div>\n\t\t\t\t<\/div>\n\t\t\t<\/div>\n\t\t<\/div>\n\t<\/section>\n","protected":false},"excerpt":{"rendered":"","protected":false},"author":1,"featured_media":0,"parent":9076,"menu_order":0,"comment_status":"closed","ping_status":"closed","template":"guternberg.php","meta":{"footnotes":""},"acf":[],"yoast_head":"<!-- This site is optimized with the Yoast SEO plugin v21.3 - https:\/\/yoast.com\/wordpress\/plugins\/seo\/ -->\n<title>Puhtaat raaka-aineet - Bozita Finland<\/title>\n<meta name=\"robots\" content=\"index, follow, max-snippet:-1, max-image-preview:large, max-video-preview:-1\" \/>\n<link rel=\"canonical\" href=\"https:\/\/bozita.com\/fi\/our-philosophy\/pure-ingredients\/\" \/>\n<meta property=\"og:locale\" content=\"fi_FI\" \/>\n<meta property=\"og:type\" content=\"article\" \/>\n<meta property=\"og:title\" content=\"Puhtaat raaka-aineet - Bozita Finland\" \/>\n<meta property=\"og:url\" content=\"https:\/\/bozita.com\/fi\/our-philosophy\/pure-ingredients\/\" \/>\n<meta property=\"og:site_name\" content=\"Bozita Finland\" \/>\n<meta property=\"article:modified_time\" content=\"2024-05-21T09:29:13+00:00\" \/>\n<meta name=\"twitter:card\" content=\"summary_large_image\" \/>\n<!-- \/ Yoast SEO plugin. -->","yoast_head_json":{"title":"Puhtaat raaka-aineet - Bozita Finland","robots":{"index":"index","follow":"follow","max-snippet":"max-snippet:-1","max-image-preview":"max-image-preview:large","max-video-preview":"max-video-preview:-1"},"canonical":"https:\/\/bozita.com\/fi\/our-philosophy\/pure-ingredients\/","og_locale":"fi_FI","og_type":"article","og_title":"Puhtaat raaka-aineet - Bozita Finland","og_url":"https:\/\/bozita.com\/fi\/our-philosophy\/pure-ingredients\/","og_site_name":"Bozita Finland","article_modified_time":"2024-05-21T09:29:13+00:00","twitter_card":"summary_large_image","schema":{"@context":"https:\/\/schema.org","@graph":[{"@type":"WebPage","@id":"https:\/\/bozita.com\/fi\/our-philosophy\/pure-ingredients\/","url":"https:\/\/bozita.com\/fi\/our-philosophy\/pure-ingredients\/","name":"Puhtaat raaka-aineet - Bozita Finland","isPartOf":{"@id":"https:\/\/bozita.com\/fi\/#website"},"datePublished":"2023-10-04T09:46:47+00:00","dateModified":"2024-05-21T09:29:13+00:00","breadcrumb":{"@id":"https:\/\/bozita.com\/fi\/our-philosophy\/pure-ingredients\/#breadcrumb"},"inLanguage":"fi","potentialAction":[{"@type":"ReadAction","target":["https:\/\/bozita.com\/fi\/our-philosophy\/pure-ingredients\/"]}]},{"@type":"BreadcrumbList","@id":"https:\/\/bozita.com\/fi\/our-philosophy\/pure-ingredients\/#breadcrumb","itemListElement":[{"@type":"ListItem","position":1,"name":"Koti","item":"https:\/\/bozita.com\/fi\/"},{"@type":"ListItem","position":2,"name":"Filosofiamme","item":"https:\/\/bozita.com\/fi\/our-philosophy\/"},{"@type":"ListItem","position":3,"name":"Puhtaat raaka-aineet"}]},{"@type":"WebSite","@id":"https:\/\/bozita.com\/fi\/#website","url":"https:\/\/bozita.com\/fi\/","name":"Bozita Finland","description":"","potentialAction":[{"@type":"SearchAction","target":{"@type":"EntryPoint","urlTemplate":"https:\/\/bozita.com\/fi\/?s={search_term_string}"},"query-input":"required name=search_term_string"}],"inLanguage":"fi"}]}},"_links":{"self":[{"href":"https:\/\/bozita.com\/fi\/wp-json\/wp\/v2\/pages\/9110"}],"collection":[{"href":"https:\/\/bozita.com\/fi\/wp-json\/wp\/v2\/pages"}],"about":[{"href":"https:\/\/bozita.com\/fi\/wp-json\/wp\/v2\/types\/page"}],"author":[{"embeddable":true,"href":"https:\/\/bozita.com\/fi\/wp-json\/wp\/v2\/users\/1"}],"replies":[{"embeddable":true,"href":"https:\/\/bozita.com\/fi\/wp-json\/wp\/v2\/comments?post=9110"}],"version-history":[{"count":40,"href":"https:\/\/bozita.com\/fi\/wp-json\/wp\/v2\/pages\/9110\/revisions"}],"predecessor-version":[{"id":10012,"href":"https:\/\/bozita.com\/fi\/wp-json\/wp\/v2\/pages\/9110\/revisions\/10012"}],"up":[{"embeddable":true,"href":"https:\/\/bozita.com\/fi\/wp-json\/wp\/v2\/pages\/9076"}],"wp:attachment":[{"href":"https:\/\/bozita.com\/fi\/wp-json\/wp\/v2\/media?parent=9110"}],"curies":[{"name":"wp","href":"https:\/\/api.w.org\/{rel}","templated":true}]}}