{"id":9119,"date":"2023-10-04T10:06:32","date_gmt":"2023-10-04T10:06:32","guid":{"rendered":"https:\/\/bozita.com\/fi\/?page_id=9119"},"modified":"2024-03-27T15:00:15","modified_gmt":"2024-03-27T15:00:15","slug":"sustainable-at-heart","status":"publish","type":"page","link":"https:\/\/bozita.com\/fi\/our-philosophy\/sustainable-at-heart\/","title":{"rendered":"Kest\u00e4vyys syd\u00e4menasiana"},"content":{"rendered":"<section class=\"small-hero-with-gradient-overlay version-1\">\n\t\t\t\t\t\t\t\t<img decoding=\"async\" class=\"background-image\" src=\"https:\/\/bozita.com\/fi\/wp-content\/uploads\/sites\/11\/2023\/10\/bozita-our-philosophy-sustainable-at-heart-hero.jpg\" alt=\"\">\n\t\t\t\t\t\t\t\n\t\t<div class=\"overlay\">\n\t\t\t<div class=\"container\">\n\t\t\t\t<div class=\"row\">\n\t\t\t\t<div class=\"col-md-6 col-lg-4 text-center\">\n\t\t\t\t\t\t\t\t\t\t\t\t\t<img decoding=\"async\" class=\"image\" src=\"https:\/\/bozita.com\/fi\/wp-content\/uploads\/sites\/11\/2023\/10\/Our-Philosophy-Compass_Sustainable-At-Heart.svg\" alt=\"\">\n\t\t\t\t\t\t\t\t\t\t\t\t<\/div>\n\t\t\t\t\t<div class=\"col-md-6 col-lg-8\">\n\t\t\t\t\t\t<h5>BOZITA KOMPASSI<\/h5><h1>Kest\u00e4vyys el\u00e4inten ja luonnon hyv\u00e4ksi<\/h1><p><p><strong>Emme tavoittele pikavoittoja. Liiketoimintamme on rakennetty kest\u00e4viin suhteisiin &#8211; n\u00e4ihin kuuluu my\u00f6s suhteemme luontoon.\u00a0<\/strong><\/p>\n<p>Tavoitteemme on olla j\u00e4tt\u00e4m\u00e4tt\u00e4 j\u00e4lkipolville mit\u00e4\u00e4n muuta kuin positiivinen vaikutus maailmaan. Lemmikkiruokien valmistamisen lis\u00e4ksi olemme sitoutuneet my\u00f6s tekem\u00e4\u00e4n parhaamme kest\u00e4v\u00e4n kehityksen hyv\u00e4ksi. Tuotantomme V\u00e5rg\u00e5rdassa toimii 100% uusiutuvalla enrgialla. Se tarkoittaa, ett\u00e4 jokainen muru valmistamaamme lemmikkiruokaa tuotetaan luonnonvoimalla, joka v\u00e4hent\u00e4\u00e4 hiilidioksidip\u00e4\u00e4st\u00f6j\u00e4 ja edist\u00e4\u00e4 tavoitettamme puhtaammasta luonnosta.<\/p>\n<\/p>\t\t\t\t\t<\/div>               \n\t\t\t\t<\/div>\n\t\t\t<\/div>\n\t\t<\/div>\n\t<\/section>\n\t\t\n\n\n\t<section class=\"block two-column-image-with-textbox overflow-disable\">\n\t\t<div class=\"container\">\n\t\t\t\t\t\t\t\t<div class=\"mb-5 no-gutters row align-items-center \n\t\t\t\t\t\t\t\t\t\t\t\t\t\t\t\t\t\t\t\t\t\t\t\">\n\t\t\t\t\t\t<div class=\"col-md-6\">\n\t\t\t\t\t\t\t\t\t\t\t\t\t\t\t\t\t\t\t\t\t\t\t\t<video id=\"my-player\" class=\"video-js vjs-default-skin vjs-4-3\" playsinline muted loop controls autoplay  data-setup='{}'>\n\t\t\t\t\t\t\t\t\t\t<source src=\"https:\/\/bozita.com\/fi\/wp-content\/uploads\/sites\/11\/2024\/03\/BOZITA_KATT_10s_16x9_CLEAN.mp4\" type=\"video\/mp4\">\n\t\t\t\t\t\t\t\t\t\t<\/source>\n\t\t\t\t\t\t\t\t\t<\/video>\n\t\t\t\t\t\t\t\t\t\t\t\t\t\t\t<\/div>\n\t\t\t\t\t\t<div class=\"col-md-6\">\n\t\t\t\t\t\t\t<div class=\"content-wrap\">\n\t\t\t\t\t\t\t\t<p><h3>Jouduimme piksel\u00f6im\u00e4\u00e4n kissan silm\u00e4t\u2026<\/h3>\n<p><strong>&#8230; jotta sin\u00e4 voisit keskitty\u00e4 siihen, mik\u00e4 on t\u00e4rke\u00e4\u00e4. Kuten esimerkiksi kest\u00e4vyyteen.<\/strong><\/p>\n<p>Mit\u00e4\u00e4n ruokaa ei heitet\u00e4 pois, vaan se kierr\u00e4tet\u00e4\u00e4n biokaasuksi, jotta kaikki resurssit voidaan hy\u00f6dynt\u00e4\u00e4 tehokkaasti ja kest\u00e4v\u00e4sti. Tavoitteemme on tehd\u00e4 tuotepakkauksistamme yht\u00e4 ilmastoyst\u00e4v\u00e4llisi\u00e4, kuin valmistamamme ruoat ovat. Tavoitteena onkin, ett\u00e4 pakkauksemme ovat 100% kierr\u00e4tett\u00e4vi\u00e4.<\/p>\n <\/p>\t\t\t\t\t\t\t<\/div>\n\t\t\t\t\t\t<\/div>\n\t\t\t\t\t<\/div>\n\t\t\t\t\t\t\t\t\t\t<div class=\"mb-5 no-gutters row align-items-center \n\t\t\t\t\tflex-row-reverse\t\t\t\t\t\t\t\t\t\t\t\t\t\t\t\t\t\t\">\n\t\t\t\t\t\t<div class=\"col-md-6\">\n\t\t\t\t\t\t\t\t\t\t\t\t\t\t\t\t<figure>\n\t\t\t\t\t\t\t\t\t\t\t\t\t\t\t\t\t\t\t\t\t<img decoding=\"async\" class=\"\" src=\"https:\/\/bozita.com\/fi\/wp-content\/uploads\/sites\/11\/2024\/02\/231016-bozita-cat-tetra-recart-forest-1200x800px.jpg\" alt=\"\">\n\t\t\t\t\t\t\t\t\t\t\t\t\t\t\t\t\t\t\t\t\t\t\t\t\t\t\t\t\t<\/figure>\n\t\t\t\t\t\t\t\t\t\t\t\t\t\t\t<\/div>\n\t\t\t\t\t\t<div class=\"col-md-6\">\n\t\t\t\t\t\t\t<div class=\"content-wrap\">\n\t\t\t\t\t\t\t\t<p><h3>Ymp\u00e4rist\u00f6yst\u00e4v\u00e4lliset pakkaukset<\/h3>\n<p>Jokainen tuotepakkauksemme on ymp\u00e4rist\u00f6yst\u00e4v\u00e4llinen. Koskee kartonkia, muovia ja my\u00f6s Tetra Recart\u00ae &#8211; pakkausta, joka on kartonkipohjainen, ymp\u00e4rist\u00f6yst\u00e4v\u00e4llinen pakkaus, joka on helppo avata ja sulkea, ja joka voidaan pakata mahdollisimman tilaas\u00e4\u00e4st\u00e4v\u00e4sti, mik\u00e4 puolestaan v\u00e4hent\u00e4\u00e4 kuljetustarpeita. Tetra Recart\u00ae -pakkauksiin k\u00e4ytett\u00e4v\u00e4 materiaali on FSC-merkitty\u00e4.<\/p>\n <\/p>\t\t\t\t\t\t\t<\/div>\n\t\t\t\t\t\t<\/div>\n\t\t\t\t\t<\/div>\n\t\t\t\t\t\t\t<\/div>\n\t<\/section>\n\n\n<section class=\"block how-we-make-it-matters\">\n\t<div class=\"container\">\n\t\t<h5>\n\t\t\tBOZITA KOMPASSI\t\t<\/h5>\n\t\t<h2> \n\t\t\tKest\u00e4vyys el\u00e4inten ja luonnon hyv\u00e4ksi\t\t<\/h2>\n\n\t\t\n\t\t<div class=\"d-md-none d-lg-block\">\n\t\t\t<div class=\"row\">\n\t\t\t\t<div class=\"col-md-6\">\n\t\t\t\t\t<div class=\"how_we_make_it_matters-img\">\n\t\t\t\t\t\t\t\t\t\t\t\t<img decoding=\"async\" src=\"https:\/\/bozita.com\/fi\/wp-content\/uploads\/sites\/11\/2023\/10\/bozita-our-philosophy-sustainable-at-heart.jpg\" alt=\"\">\n\t\t\t\t\t\t\t\t\t\t\t<\/div>\n\t\t\t\t<\/div>\n\t\t\t\t<div class=\"col-md-6\">\n\t\t\t\t\t\t\t\t\t\t\t\t<div class=\"media\">\n\t\t\t\t\t\t\t\t<div class=\"icon-warp\">\n\t\t\t\t\t\t\t\t\t\t\t\t\t\t\t\t\t\t\t<img decoding=\"async\" class=\"mr-3\" src=\"https:\/\/bozita.com\/fi\/wp-content\/uploads\/sites\/11\/2023\/10\/FeatureIcon-Dark-RenewableEnergy.svg\" alt=\"\">\n\t\t\t\t\t\t\t\t\t\t\t\t\t\t\t\t\t<\/div>\n\t\t\t\t\t\t\t\t<div class=\"media-body\">\n\t\t\t\t\t\t\t\t\t<h6 class=\"mt-0\">\n\t\t\t\t\t\t\t\t\t\t100% UUSIUTUVAA ENERGIAA\t\t\t\t\t\t\t\t\t<\/h6>\n\t\t\t\t\t\t\t\t\t<p>\n\t\t\t\t\t\t\t\t\t\tTehtaamme V\u00e5rg\u00e5rdassa toimii 100 % uusiutuvalla energialla.\t\t\t\t\t\t\t\t\t<\/p>\n\t\t\t\t\t\t\t\t<\/div>\n\t\t\t\t\t\t\t<\/div>\n\t\t\t\t\t\t\t\t\t\t\t\t\t\t<div class=\"media\">\n\t\t\t\t\t\t\t\t<div class=\"icon-warp\">\n\t\t\t\t\t\t\t\t\t\t\t\t\t\t\t\t\t\t\t<img decoding=\"async\" class=\"mr-3\" src=\"https:\/\/bozita.com\/fi\/wp-content\/uploads\/sites\/11\/2023\/10\/FeatureIcon-Dark-RenewableEnergy.svg\" alt=\"\">\n\t\t\t\t\t\t\t\t\t\t\t\t\t\t\t\t\t<\/div>\n\t\t\t\t\t\t\t\t<div class=\"media-body\">\n\t\t\t\t\t\t\t\t\t<h6 class=\"mt-0\">\n\t\t\t\t\t\t\t\t\t\tJ\u00c4TTEEST\u00c4 BIOKAASUKSI\t\t\t\t\t\t\t\t\t<\/h6>\n\t\t\t\t\t\t\t\t\t<p>\n\t\t\t\t\t\t\t\t\t\tMit\u00e4\u00e4n ruokaa ei heitet\u00e4 pois, ja my\u00f6s mahdollinen ylij\u00e4\u00e4m\u00e4 kierr\u00e4tet\u00e4\u00e4n biokaasuksi.\t\t\t\t\t\t\t\t\t<\/p>\n\t\t\t\t\t\t\t\t<\/div>\n\t\t\t\t\t\t\t<\/div>\n\t\t\t\t\t\t\t\t\t\t\t\t\t\t<div class=\"media\">\n\t\t\t\t\t\t\t\t<div class=\"icon-warp\">\n\t\t\t\t\t\t\t\t\t\t\t\t\t\t\t\t\t\t\t<img decoding=\"async\" class=\"mr-3\" src=\"https:\/\/bozita.com\/fi\/wp-content\/uploads\/sites\/11\/2023\/10\/FeatureIcon-Dark-RenewableEnergy.svg\" alt=\"\">\n\t\t\t\t\t\t\t\t\t\t\t\t\t\t\t\t\t<\/div>\n\t\t\t\t\t\t\t\t<div class=\"media-body\">\n\t\t\t\t\t\t\t\t\t<h6 class=\"mt-0\">\n\t\t\t\t\t\t\t\t\t\tKIERR\u00c4TETT\u00c4V\u00c4T PAKKAUKSET\t\t\t\t\t\t\t\t\t<\/h6>\n\t\t\t\t\t\t\t\t\t<p>\n\t\t\t\t\t\t\t\t\t\tTavoitteenamme on 100% kierr\u00e4tett\u00e4v\u00e4t tuotepakkaukset.\t\t\t\t\t\t\t\t\t<\/p>\n\t\t\t\t\t\t\t\t<\/div>\n\t\t\t\t\t\t\t<\/div>\n\t\t\t\t\t\t\t\t\t\t\t<\/div>\n\t\t\t<\/div>\n\t\t<\/div>\n\n\t\t<div class=\"d-none d-md-block d-lg-none\">\n\t\t\t<div class=\"row\">\n\t\t\t\t<div class=\"col-md-12 d-flex justify-content-center\">\n\t\t\t\t\t<div class=\"how_we_make_it_matters-img-md\">\n\t\t\t\t\t\t\t\t\t\t\t\t\t<img decoding=\"async\" src=\"https:\/\/bozita.com\/fi\/wp-content\/uploads\/sites\/11\/2023\/10\/bozita-our-philosophy-sustainable-at-heart.jpg\" alt=\"\">\n\t\t\t\t\t\t\t\t\t\t\t<\/div>\n\t\t\t\t<\/div>\n\t\t\t\t<div class=\"col-md-12\">\n\t\t\t\t\t\t\t\t\t\t\t\t<div class=\"media\">\n\t\t\t\t\t\t\t\t<div class=\"icon-warp\">\n\t\t\t\t\t\t\t\t\t\t\t\t\t\t\t\t\t\t\t<img decoding=\"async\" class=\"mr-3\" src=\"https:\/\/bozita.com\/fi\/wp-content\/uploads\/sites\/11\/2023\/10\/FeatureIcon-Dark-RenewableEnergy.svg\" alt=\"\">\n\t\t\t\t\t\t\t\t\t\t\t\t\t\t\t\t\t<\/div>\n\t\t\t\t\t\t\t\t<div class=\"media-body\">\n\t\t\t\t\t\t\t\t\t<h6 class=\"mt-0\">\n\t\t\t\t\t\t\t\t\t\t100% UUSIUTUVAA ENERGIAA\t\t\t\t\t\t\t\t\t<\/h6>\n\t\t\t\t\t\t\t\t\t<p>\n\t\t\t\t\t\t\t\t\t\tTehtaamme V\u00e5rg\u00e5rdassa toimii 100 % uusiutuvalla energialla.\t\t\t\t\t\t\t\t\t<\/p>\n\t\t\t\t\t\t\t\t<\/div>\n\t\t\t\t\t\t\t<\/div>\n\t\t\t\t\t\t\t\t\t\t\t\t\t\t<div class=\"media\">\n\t\t\t\t\t\t\t\t<div class=\"icon-warp\">\n\t\t\t\t\t\t\t\t\t\t\t\t\t\t\t\t\t\t\t<img decoding=\"async\" class=\"mr-3\" src=\"https:\/\/bozita.com\/fi\/wp-content\/uploads\/sites\/11\/2023\/10\/FeatureIcon-Dark-RenewableEnergy.svg\" alt=\"\">\n\t\t\t\t\t\t\t\t\t\t\t\t\t\t\t\t\t<\/div>\n\t\t\t\t\t\t\t\t<div class=\"media-body\">\n\t\t\t\t\t\t\t\t\t<h6 class=\"mt-0\">\n\t\t\t\t\t\t\t\t\t\tJ\u00c4TTEEST\u00c4 BIOKAASUKSI\t\t\t\t\t\t\t\t\t<\/h6>\n\t\t\t\t\t\t\t\t\t<p>\n\t\t\t\t\t\t\t\t\t\tMit\u00e4\u00e4n ruokaa ei heitet\u00e4 pois, ja my\u00f6s mahdollinen ylij\u00e4\u00e4m\u00e4 kierr\u00e4tet\u00e4\u00e4n biokaasuksi.\t\t\t\t\t\t\t\t\t<\/p>\n\t\t\t\t\t\t\t\t<\/div>\n\t\t\t\t\t\t\t<\/div>\n\t\t\t\t\t\t\t\t\t\t\t\t\t\t<div class=\"media\">\n\t\t\t\t\t\t\t\t<div class=\"icon-warp\">\n\t\t\t\t\t\t\t\t\t\t\t\t\t\t\t\t\t\t\t<img decoding=\"async\" class=\"mr-3\" src=\"https:\/\/bozita.com\/fi\/wp-content\/uploads\/sites\/11\/2023\/10\/FeatureIcon-Dark-RenewableEnergy.svg\" alt=\"\">\n\t\t\t\t\t\t\t\t\t\t\t\t\t\t\t\t\t<\/div>\n\t\t\t\t\t\t\t\t<div class=\"media-body\">\n\t\t\t\t\t\t\t\t\t<h6 class=\"mt-0\">\n\t\t\t\t\t\t\t\t\t\tKIERR\u00c4TETT\u00c4V\u00c4T PAKKAUKSET\t\t\t\t\t\t\t\t\t<\/h6>\n\t\t\t\t\t\t\t\t\t<p>\n\t\t\t\t\t\t\t\t\t\tTavoitteenamme on 100% kierr\u00e4tett\u00e4v\u00e4t tuotepakkaukset.\t\t\t\t\t\t\t\t\t<\/p>\n\t\t\t\t\t\t\t\t<\/div>\n\t\t\t\t\t\t\t<\/div>\n\t\t\t\t\t\t\t\t\t\t\t<\/div>\n\t\t\t<\/div>\n\t\t<\/div>\n\t\t\n\t\t<div class=\"text-center cta-button\">\n\t\t\t\t\t<\/div>\n\t<\/div>\n<\/section>\n\n\n\t<section class=\"block discover-our-product\">\n\t\t<div class=\"container\">\n\t\t\t\t\t\t\t<h5>\n\t\t\t\t\tSWEDISH NATURAL QUALITY\t\t\t\t<\/h5>\n\t\t\t\t\t\t\t\t\t\t\t<h2>\n\t\t\t\t\tTutustu tuotteisiimme\t\t\t\t<\/h2>\n\n\t\t\t\t\t\t\t\n\t\t\t<div class=\"row align-items-center\">\n\t\t\t\t<div class=\"col-md-6\">\n\t\t\t\t\t<div class=\"\">\n\t\t\t\t\t\t\t\t\t\t\t\t<img decoding=\"async\" src=\"https:\/\/bozita.com\/fi\/wp-content\/uploads\/sites\/11\/2023\/10\/2308-bozita-hund-kattmat-robur-original-compass-900x793px.png\" alt=\"\">\n\t\t\t\t\t\t\t\t\t\t\t<\/div>\n\t\t\t\t<\/div>\n\t\t\t\t<div class=\"col-md-6\">\n\t\t\t\t\t<p><strong>Swedish Natural Quality on muutakin kuin vain ruokaa kupissa.\u00a0<\/strong><\/p>\n<p>Yli vuosisadan kokemuksella olemme oppineet, ett\u00e4 tapa miten lemmikkien ruokaa valmistetaan, on aivan yht\u00e4 t\u00e4rke\u00e4\u00e4 kuin milt\u00e4 se maistuu. K\u00e4ytt\u00e4m\u00e4ll\u00e4 mahdollisimman luonnollisia raaka-aineita ja vuosikymmenten hiomia valmistusmenetelmi\u00e4, olemme vakuuttuneita siit\u00e4, ett\u00e4 valmistamamme koirien ja kissojen ruoat todella peilaavat ruotsalaista rakkautta luontoa kohtaa &#8211; t\u00e4t\u00e4 tarkoittaa Swedish Natural Quality.<\/p>\n\t\t\t\t\t<div class=\"cta-button\">\n\t\t\t\t\t\t\t\t\t\t\t\t\t<a target=\"\" href=\"https:\/\/bozita.com\/fi\/koiranruoka\/\" class=\"btn btn-primary\">\n\t\t\t\t\t\t\t\tKOIRANRUOKA\t\t\t\t\t\t\t<\/a>\n\t\t\t\t\t\t\t\t\t\t\t\t\t\t\t\t\t\t\t\t<a target=\"\" href=\"https:\/\/bozita.com\/fi\/kissanruoka\/\" class=\"btn btn-primary\">\n\t\t\t\t\t\t\t\tKISSANRUOKA\t\t\t\t\t\t\t<\/a>\n\t\t\t\t\t\t\t\t\t\t\t\t<\/div>\n\t\t\t\t<\/div>\n\t\t\t<\/div>\n\t\t<\/div>\n\t<\/section>\n","protected":false},"excerpt":{"rendered":"","protected":false},"author":1,"featured_media":0,"parent":9076,"menu_order":0,"comment_status":"closed","ping_status":"closed","template":"guternberg.php","meta":{"footnotes":""},"acf":[],"yoast_head":"<!-- This site is optimized with the Yoast SEO plugin v21.3 - https:\/\/yoast.com\/wordpress\/plugins\/seo\/ -->\n<title>Kest\u00e4vyys syd\u00e4menasiana - Bozita Finland<\/title>\n<meta name=\"robots\" content=\"index, follow, max-snippet:-1, max-image-preview:large, max-video-preview:-1\" \/>\n<link rel=\"canonical\" href=\"https:\/\/bozita.com\/fi\/our-philosophy\/sustainable-at-heart\/\" \/>\n<meta property=\"og:locale\" content=\"fi_FI\" \/>\n<meta property=\"og:type\" content=\"article\" \/>\n<meta property=\"og:title\" content=\"Kest\u00e4vyys syd\u00e4menasiana - Bozita Finland\" \/>\n<meta property=\"og:url\" content=\"https:\/\/bozita.com\/fi\/our-philosophy\/sustainable-at-heart\/\" \/>\n<meta property=\"og:site_name\" content=\"Bozita Finland\" \/>\n<meta property=\"article:modified_time\" content=\"2024-03-27T15:00:15+00:00\" \/>\n<meta name=\"twitter:card\" content=\"summary_large_image\" \/>\n<!-- \/ Yoast SEO plugin. -->","yoast_head_json":{"title":"Kest\u00e4vyys syd\u00e4menasiana - Bozita Finland","robots":{"index":"index","follow":"follow","max-snippet":"max-snippet:-1","max-image-preview":"max-image-preview:large","max-video-preview":"max-video-preview:-1"},"canonical":"https:\/\/bozita.com\/fi\/our-philosophy\/sustainable-at-heart\/","og_locale":"fi_FI","og_type":"article","og_title":"Kest\u00e4vyys syd\u00e4menasiana - Bozita Finland","og_url":"https:\/\/bozita.com\/fi\/our-philosophy\/sustainable-at-heart\/","og_site_name":"Bozita Finland","article_modified_time":"2024-03-27T15:00:15+00:00","twitter_card":"summary_large_image","schema":{"@context":"https:\/\/schema.org","@graph":[{"@type":"WebPage","@id":"https:\/\/bozita.com\/fi\/our-philosophy\/sustainable-at-heart\/","url":"https:\/\/bozita.com\/fi\/our-philosophy\/sustainable-at-heart\/","name":"Kest\u00e4vyys syd\u00e4menasiana - Bozita Finland","isPartOf":{"@id":"https:\/\/bozita.com\/fi\/#website"},"datePublished":"2023-10-04T10:06:32+00:00","dateModified":"2024-03-27T15:00:15+00:00","breadcrumb":{"@id":"https:\/\/bozita.com\/fi\/our-philosophy\/sustainable-at-heart\/#breadcrumb"},"inLanguage":"fi","potentialAction":[{"@type":"ReadAction","target":["https:\/\/bozita.com\/fi\/our-philosophy\/sustainable-at-heart\/"]}]},{"@type":"BreadcrumbList","@id":"https:\/\/bozita.com\/fi\/our-philosophy\/sustainable-at-heart\/#breadcrumb","itemListElement":[{"@type":"ListItem","position":1,"name":"Koti","item":"https:\/\/bozita.com\/fi\/"},{"@type":"ListItem","position":2,"name":"Filosofiamme","item":"https:\/\/bozita.com\/fi\/our-philosophy\/"},{"@type":"ListItem","position":3,"name":"Kest\u00e4vyys syd\u00e4menasiana"}]},{"@type":"WebSite","@id":"https:\/\/bozita.com\/fi\/#website","url":"https:\/\/bozita.com\/fi\/","name":"Bozita Finland","description":"","potentialAction":[{"@type":"SearchAction","target":{"@type":"EntryPoint","urlTemplate":"https:\/\/bozita.com\/fi\/?s={search_term_string}"},"query-input":"required name=search_term_string"}],"inLanguage":"fi"}]}},"_links":{"self":[{"href":"https:\/\/bozita.com\/fi\/wp-json\/wp\/v2\/pages\/9119"}],"collection":[{"href":"https:\/\/bozita.com\/fi\/wp-json\/wp\/v2\/pages"}],"about":[{"href":"https:\/\/bozita.com\/fi\/wp-json\/wp\/v2\/types\/page"}],"author":[{"embeddable":true,"href":"https:\/\/bozita.com\/fi\/wp-json\/wp\/v2\/users\/1"}],"replies":[{"embeddable":true,"href":"https:\/\/bozita.com\/fi\/wp-json\/wp\/v2\/comments?post=9119"}],"version-history":[{"count":67,"href":"https:\/\/bozita.com\/fi\/wp-json\/wp\/v2\/pages\/9119\/revisions"}],"predecessor-version":[{"id":9799,"href":"https:\/\/bozita.com\/fi\/wp-json\/wp\/v2\/pages\/9119\/revisions\/9799"}],"up":[{"embeddable":true,"href":"https:\/\/bozita.com\/fi\/wp-json\/wp\/v2\/pages\/9076"}],"wp:attachment":[{"href":"https:\/\/bozita.com\/fi\/wp-json\/wp\/v2\/media?parent=9119"}],"curies":[{"name":"wp","href":"https:\/\/api.w.org\/{rel}","templated":true}]}}