{"id":9127,"date":"2023-10-04T10:15:03","date_gmt":"2023-10-04T10:15:03","guid":{"rendered":"https:\/\/bozita.com\/fi\/?page_id=9127"},"modified":"2025-06-12T07:00:00","modified_gmt":"2025-06-12T07:00:00","slug":"wholesome-nutrition","status":"publish","type":"page","link":"https:\/\/bozita.com\/fi\/our-philosophy\/wholesome-nutrition\/","title":{"rendered":"Kokonaisvaltainen ravinto"},"content":{"rendered":"<section class=\"small-hero-with-gradient-overlay version-1\">\n\t\t\t\t\t\t\t\t<img decoding=\"async\" class=\"background-image\" src=\"https:\/\/bozita.com\/fi\/wp-content\/uploads\/sites\/11\/2024\/02\/bozita-sheltie-forest-sweden-our-philosophy-v1.jpg\" alt=\"\">\n\t\t\t\t\t\t\t\n\t\t<div class=\"overlay\">\n\t\t\t<div class=\"container\">\n\t\t\t\t<div class=\"row\">\n\t\t\t\t<div class=\"col-md-6 col-lg-4 text-right\">\n\t\t\t\t\t\t\t\t\t\t\t\t\t<img decoding=\"async\" class=\"image\" src=\"https:\/\/bozita.com\/fi\/wp-content\/uploads\/sites\/11\/2023\/10\/Our-Philosophy-Compass_Wholesome-Nutrition.svg\" alt=\"\">\n\t\t\t\t\t\t\t\t\t\t\t\t<\/div>\n\t\t\t\t\t<div class=\"col-md-6 col-lg-8\">\n\t\t\t\t\t\t<h5>BOZITA KOMPASSI<\/h5><h1>Kokonaisvaltainen ravinto<\/h1><p><p><strong>Hyv\u00e4 ravinto on elint\u00e4rke\u00e4 hyvinvoinnillemme, ja sama koskee my\u00f6s el\u00e4imi\u00e4.\u00a0<\/strong><\/p>\n<p>Teemme tiivist\u00e4 yhteisty\u00f6t\u00e4 el\u00e4inrakkaiden lemmikkien omistajien kanssa, jotta voimme paremmin ymm\u00e4rt\u00e4\u00e4 el\u00e4inten tarpeita &#8211; ja voidaksemme parantaa toimintaamme. T\u00e4m\u00e4 tarkoittaa, ettei valmistamamme ruoka ole vain asiantuntijoiden kehitt\u00e4m\u00e4 tuote; se on itse asiassa yhteisty\u00f6t\u00e4 tuhansien lemmikkien omistajien kanssa.<\/p>\n<\/p>\t\t\t\t\t<\/div>               \n\t\t\t\t<\/div>\n\t\t\t<\/div>\n\t\t<\/div>\n\t<\/section>\n\t\t\n\n\n\t<section class=\"block two-column-image-with-textbox overflow-disable\">\n\t\t<div class=\"container\">\n\t\t\t\t\t\t\t\t<div class=\"mb-5 no-gutters row align-items-center \n\t\t\t\t\t\t\t\t\t\t\t\t\t\t\t\t\t\t\t\t\t\t\t\">\n\t\t\t\t\t\t<div class=\"col-md-6\">\n\t\t\t\t\t\t\t\t\t\t\t\t\t\t\t\t\t\t\t\t\t\t\t\t<video id=\"my-player\" class=\"video-js vjs-default-skin vjs-4-3\" playsinline    preload=\"auto\"  data-setup='{}'>\n\t\t\t\t\t\t\t\t\t\t<source src=\"https:\/\/bozita.com\/fi\/wp-content\/uploads\/sites\/11\/2024\/02\/240108-bozita-kitten-blurred-eyes-16x9-v2.mp4\" type=\"video\/mp4\">\n\t\t\t\t\t\t\t\t\t\t<\/source>\n\t\t\t\t\t\t\t\t\t<\/video>\n\t\t\t\t\t\t\t\t\t\t\t\t\t\t\t<\/div>\n\t\t\t\t\t\t<div class=\"col-md-6\">\n\t\t\t\t\t\t\t<div class=\"content-wrap\">\n\t\t\t\t\t\t\t\t<p><h3><strong>Meid\u00e4n t\u00e4ytyi piksel\u00f6id\u00e4 n\u00e4iden kissanpentujen silm\u00e4t..<\/strong><\/h3>\n<p>\u2026 jotta sin\u00e4 voit keskitty\u00e4 olennaiseen. Kuten terveelliseen ravintoon.<\/p>\n<p>Koirien ja kissojen ravitsemukseen erikoistuneet asiantuntijamme ja ISO 22000 ja IFS standardoitu tehtaamme takaavat, ett\u00e4 lemmikkisi saa ruokaa, joka sis\u00e4lt\u00e4\u00e4 sen tarvitseman ravinnon tasapainotettuna, ja on tietenkin my\u00f6s turvallista. Emme ole sitoutuneita valmistamaan lemmikkiruokaa, joka vain t\u00e4ytt\u00e4\u00e4 korkeat vaatimukset, vaan my\u00f6s ylitt\u00e4\u00e4 ne. Se varmistaa, ett\u00e4 kaikki tehtaaltamme l\u00e4htev\u00e4t tuotteet ovat korkealaatuisia.<\/p>\n <\/p>\t\t\t\t\t\t\t<\/div>\n\t\t\t\t\t\t<\/div>\n\t\t\t\t\t<\/div>\n\t\t\t\t\t\t\t\t\t\t<div class=\"mb-5 no-gutters row align-items-center \n\t\t\t\t\tflex-row-reverse\t\t\t\t\t\t\t\t\t\t\t\t\t\t\t\t\t\t\">\n\t\t\t\t\t\t<div class=\"col-md-6\">\n\t\t\t\t\t\t\t\t\t\t\t\t\t\t\t\t<figure>\n\t\t\t\t\t\t\t\t\t\t\t\t\t\t\t\t\t\t\t\t\t<img decoding=\"async\" class=\"\" src=\"https:\/\/bozita.com\/fi\/wp-content\/uploads\/sites\/11\/2024\/02\/240108-bozita-produktutvecklare-cecilia-therese.jpg\" alt=\"\">\n\t\t\t\t\t\t\t\t\t\t\t\t\t\t\t\t\t\t\t\t\t\t\t\t\t\t\t\t\t<\/figure>\n\t\t\t\t\t\t\t\t\t\t\t\t\t\t\t<\/div>\n\t\t\t\t\t\t<div class=\"col-md-6\">\n\t\t\t\t\t\t\t<div class=\"content-wrap\">\n\t\t\t\t\t\t\t\t<p><h3>Tasapainoista ravintoa<\/h3>\n<p>Reseptimme kehitt\u00e4v\u00e4t omat, lemmikkiravitsemukseen erikoistuneet asiantuntijamme, jotka ymm\u00e4rt\u00e4v\u00e4t lemmikkien yksil\u00f6llisi\u00e4 ravintotarpeita. He ty\u00f6skentelev\u00e4t varmistaakseen, ett\u00e4 jokainen resepti on tasapainoinen ja sovitettu edist\u00e4m\u00e4\u00e4n lemmikkisi optimaalista terveytt\u00e4 ja hyvinvointia.<\/p>\n <\/p>\t\t\t\t\t\t\t<\/div>\n\t\t\t\t\t\t<\/div>\n\t\t\t\t\t<\/div>\n\t\t\t\t\t\t\t<\/div>\n\t<\/section>\n\n\n<section class=\"block how-we-make-it-matters\">\n\t<div class=\"container\">\n\t\t<h5>\n\t\t\tBOZITA KOMPASSI\t\t<\/h5>\n\t\t<h2> \n\t\t\tRavitsevaa ruokaa\t\t<\/h2>\n\n\t\t\n\t\t<div class=\"d-md-none d-lg-block\">\n\t\t\t<div class=\"row\">\n\t\t\t\t<div class=\"col-md-6\">\n\t\t\t\t\t<div class=\"how_we_make_it_matters-img\">\n\t\t\t\t\t\t\t\t\t\t\t\t<img decoding=\"async\" src=\"https:\/\/bozita.com\/fi\/wp-content\/uploads\/sites\/11\/2024\/02\/bozita-sheltie-forest-sweden-our-philosophy.jpg\" alt=\"\">\n\t\t\t\t\t\t\t\t\t\t\t<\/div>\n\t\t\t\t<\/div>\n\t\t\t\t<div class=\"col-md-6\">\n\t\t\t\t\t\t\t\t\t\t\t\t<div class=\"media\">\n\t\t\t\t\t\t\t\t<div class=\"icon-warp\">\n\t\t\t\t\t\t\t\t\t\t\t\t\t\t\t\t\t\t\t<img decoding=\"async\" class=\"mr-3\" src=\"https:\/\/bozita.com\/fi\/wp-content\/uploads\/sites\/11\/2023\/10\/FeatureIcon-Dark-RenewableEnergy.svg\" alt=\"\">\n\t\t\t\t\t\t\t\t\t\t\t\t\t\t\t\t\t<\/div>\n\t\t\t\t\t\t\t\t<div class=\"media-body\">\n\t\t\t\t\t\t\t\t\t<h6 class=\"mt-0\">\n\t\t\t\t\t\t\t\t\t\tSTANDARDIT JA SERTIFIOINNIT\t\t\t\t\t\t\t\t\t<\/h6>\n\t\t\t\t\t\t\t\t\t<p>\n\t\t\t\t\t\t\t\t\t\tTehtaallamme on ISO 22000 IFS Food Standard sertifiointi\t\t\t\t\t\t\t\t\t<\/p>\n\t\t\t\t\t\t\t\t<\/div>\n\t\t\t\t\t\t\t<\/div>\n\t\t\t\t\t\t\t\t\t\t\t\t\t\t<div class=\"media\">\n\t\t\t\t\t\t\t\t<div class=\"icon-warp\">\n\t\t\t\t\t\t\t\t\t\t\t\t\t\t\t\t\t\t\t<img decoding=\"async\" class=\"mr-3\" src=\"https:\/\/bozita.com\/fi\/wp-content\/uploads\/sites\/11\/2023\/10\/FeatureIcon-Dark-RenewableEnergy.svg\" alt=\"\">\n\t\t\t\t\t\t\t\t\t\t\t\t\t\t\t\t\t<\/div>\n\t\t\t\t\t\t\t\t<div class=\"media-body\">\n\t\t\t\t\t\t\t\t\t<h6 class=\"mt-0\">\n\t\t\t\t\t\t\t\t\t\tRAVINTOASIANTUNTIJOIDEN KEHITT\u00c4M\u00c4\u00c4 RUOKAA\t\t\t\t\t\t\t\t\t<\/h6>\n\t\t\t\t\t\t\t\t\t<p>\n\t\t\t\t\t\t\t\t\t\tKaikki reseptimme kehitt\u00e4v\u00e4t omat erikoistuneet ravintoasiantuntijamme.\t\t\t\t\t\t\t\t\t<\/p>\n\t\t\t\t\t\t\t\t<\/div>\n\t\t\t\t\t\t\t<\/div>\n\t\t\t\t\t\t\t\t\t\t\t\t\t\t<div class=\"media\">\n\t\t\t\t\t\t\t\t<div class=\"icon-warp\">\n\t\t\t\t\t\t\t\t\t\t\t\t\t\t\t\t\t\t\t<img decoding=\"async\" class=\"mr-3\" src=\"https:\/\/bozita.com\/fi\/wp-content\/uploads\/sites\/11\/2023\/10\/FeatureIcon-Dark-RenewableEnergy.svg\" alt=\"\">\n\t\t\t\t\t\t\t\t\t\t\t\t\t\t\t\t\t<\/div>\n\t\t\t\t\t\t\t\t<div class=\"media-body\">\n\t\t\t\t\t\t\t\t\t<h6 class=\"mt-0\">\n\t\t\t\t\t\t\t\t\t\tTASAPAINOTETTUA RAVINTOA KISSOILLE JA KOIRILLE\t\t\t\t\t\t\t\t\t<\/h6>\n\t\t\t\t\t\t\t\t\t<p>\n\t\t\t\t\t\t\t\t\t\tLemmikkiruokamme ovat tasapainotettua ravintoa, jonka makua kissat ja koirat rakastavat.\t\t\t\t\t\t\t\t\t<\/p>\n\t\t\t\t\t\t\t\t<\/div>\n\t\t\t\t\t\t\t<\/div>\n\t\t\t\t\t\t\t\t\t\t\t<\/div>\n\t\t\t<\/div>\n\t\t<\/div>\n\n\t\t<div class=\"d-none d-md-block d-lg-none\">\n\t\t\t<div class=\"row\">\n\t\t\t\t<div class=\"col-md-12 d-flex justify-content-center\">\n\t\t\t\t\t<div class=\"how_we_make_it_matters-img-md\">\n\t\t\t\t\t\t\t\t\t\t\t\t\t<img decoding=\"async\" src=\"https:\/\/bozita.com\/fi\/wp-content\/uploads\/sites\/11\/2024\/02\/bozita-sheltie-forest-sweden-our-philosophy.jpg\" alt=\"\">\n\t\t\t\t\t\t\t\t\t\t\t<\/div>\n\t\t\t\t<\/div>\n\t\t\t\t<div class=\"col-md-12\">\n\t\t\t\t\t\t\t\t\t\t\t\t<div class=\"media\">\n\t\t\t\t\t\t\t\t<div class=\"icon-warp\">\n\t\t\t\t\t\t\t\t\t\t\t\t\t\t\t\t\t\t\t<img decoding=\"async\" class=\"mr-3\" src=\"https:\/\/bozita.com\/fi\/wp-content\/uploads\/sites\/11\/2023\/10\/FeatureIcon-Dark-RenewableEnergy.svg\" alt=\"\">\n\t\t\t\t\t\t\t\t\t\t\t\t\t\t\t\t\t<\/div>\n\t\t\t\t\t\t\t\t<div class=\"media-body\">\n\t\t\t\t\t\t\t\t\t<h6 class=\"mt-0\">\n\t\t\t\t\t\t\t\t\t\tSTANDARDIT JA SERTIFIOINNIT\t\t\t\t\t\t\t\t\t<\/h6>\n\t\t\t\t\t\t\t\t\t<p>\n\t\t\t\t\t\t\t\t\t\tTehtaallamme on ISO 22000 IFS Food Standard sertifiointi\t\t\t\t\t\t\t\t\t<\/p>\n\t\t\t\t\t\t\t\t<\/div>\n\t\t\t\t\t\t\t<\/div>\n\t\t\t\t\t\t\t\t\t\t\t\t\t\t<div class=\"media\">\n\t\t\t\t\t\t\t\t<div class=\"icon-warp\">\n\t\t\t\t\t\t\t\t\t\t\t\t\t\t\t\t\t\t\t<img decoding=\"async\" class=\"mr-3\" src=\"https:\/\/bozita.com\/fi\/wp-content\/uploads\/sites\/11\/2023\/10\/FeatureIcon-Dark-RenewableEnergy.svg\" alt=\"\">\n\t\t\t\t\t\t\t\t\t\t\t\t\t\t\t\t\t<\/div>\n\t\t\t\t\t\t\t\t<div class=\"media-body\">\n\t\t\t\t\t\t\t\t\t<h6 class=\"mt-0\">\n\t\t\t\t\t\t\t\t\t\tRAVINTOASIANTUNTIJOIDEN KEHITT\u00c4M\u00c4\u00c4 RUOKAA\t\t\t\t\t\t\t\t\t<\/h6>\n\t\t\t\t\t\t\t\t\t<p>\n\t\t\t\t\t\t\t\t\t\tKaikki reseptimme kehitt\u00e4v\u00e4t omat erikoistuneet ravintoasiantuntijamme.\t\t\t\t\t\t\t\t\t<\/p>\n\t\t\t\t\t\t\t\t<\/div>\n\t\t\t\t\t\t\t<\/div>\n\t\t\t\t\t\t\t\t\t\t\t\t\t\t<div class=\"media\">\n\t\t\t\t\t\t\t\t<div class=\"icon-warp\">\n\t\t\t\t\t\t\t\t\t\t\t\t\t\t\t\t\t\t\t<img decoding=\"async\" class=\"mr-3\" src=\"https:\/\/bozita.com\/fi\/wp-content\/uploads\/sites\/11\/2023\/10\/FeatureIcon-Dark-RenewableEnergy.svg\" alt=\"\">\n\t\t\t\t\t\t\t\t\t\t\t\t\t\t\t\t\t<\/div>\n\t\t\t\t\t\t\t\t<div class=\"media-body\">\n\t\t\t\t\t\t\t\t\t<h6 class=\"mt-0\">\n\t\t\t\t\t\t\t\t\t\tTASAPAINOTETTUA RAVINTOA KISSOILLE JA KOIRILLE\t\t\t\t\t\t\t\t\t<\/h6>\n\t\t\t\t\t\t\t\t\t<p>\n\t\t\t\t\t\t\t\t\t\tLemmikkiruokamme ovat tasapainotettua ravintoa, jonka makua kissat ja koirat rakastavat.\t\t\t\t\t\t\t\t\t<\/p>\n\t\t\t\t\t\t\t\t<\/div>\n\t\t\t\t\t\t\t<\/div>\n\t\t\t\t\t\t\t\t\t\t\t<\/div>\n\t\t\t<\/div>\n\t\t<\/div>\n\t\t\n\t\t<div class=\"text-center cta-button\">\n\t\t\t\t\t<\/div>\n\t<\/div>\n<\/section>\n\n\n\t<section class=\"block discover-our-product\">\n\t\t<div class=\"container\">\n\t\t\t\t\t\t\t<h5>\n\t\t\t\t\tSWEDISH NATURAL QUALITY\t\t\t\t<\/h5>\n\t\t\t\t\t\t\t\t\t\t\t<h2>\n\t\t\t\t\tTutustu tuotteisiimme\t\t\t\t<\/h2>\n\n\t\t\t\t\t\t\t\n\t\t\t<div class=\"row align-items-center\">\n\t\t\t\t<div class=\"col-md-6\">\n\t\t\t\t\t<div class=\"\">\n\t\t\t\t\t\t\t\t\t\t\t\t<img decoding=\"async\" src=\"https:\/\/bozita.com\/fi\/wp-content\/uploads\/sites\/11\/2023\/10\/2308-bozita-hund-kattmat-robur-original-compass-900x793px.png\" alt=\"\">\n\t\t\t\t\t\t\t\t\t\t\t<\/div>\n\t\t\t\t<\/div>\n\t\t\t\t<div class=\"col-md-6\">\n\t\t\t\t\t<p><strong>Swedish Natural Quality on muutakin kuin vain ruokaa kupissa.\u00a0<\/strong><\/p>\n<p>Yli vuosisadan kokemuksella olemme oppineet, ett\u00e4 tapa miten lemmikkien ruokaa valmistetaan, on aivan yht\u00e4 t\u00e4rke\u00e4\u00e4 kuin milt\u00e4 se maistuu. K\u00e4ytt\u00e4m\u00e4ll\u00e4 mahdollisimman luonnollisia raaka-aineita ja vuosikymmenten hiomia valmistusmenetelmi\u00e4, olemme vakuuttuneita siit\u00e4, ett\u00e4 valmistamamme koirien ja kissojen ruoat todella peilaavat ruotsalaista rakkautta luontoa kohtaa &#8211; t\u00e4t\u00e4 tarkoittaa Swedish Natural Quality.<\/p>\n\t\t\t\t\t<div class=\"cta-button\">\n\t\t\t\t\t\t\t\t\t\t\t\t\t<a target=\"\" href=\"https:\/\/bozita.com\/fi\/koiranruoka\/\" class=\"btn btn-primary\">\n\t\t\t\t\t\t\t\tKOIRANRUOKA\t\t\t\t\t\t\t<\/a>\n\t\t\t\t\t\t\t\t\t\t\t\t\t\t\t\t\t\t\t\t<a target=\"\" href=\"https:\/\/bozita.com\/fi\/kissanruoka\/\" class=\"btn btn-primary\">\n\t\t\t\t\t\t\t\tKISSANRUOKA\t\t\t\t\t\t\t<\/a>\n\t\t\t\t\t\t\t\t\t\t\t\t<\/div>\n\t\t\t\t<\/div>\n\t\t\t<\/div>\n\t\t<\/div>\n\t<\/section>\n","protected":false},"excerpt":{"rendered":"","protected":false},"author":1,"featured_media":0,"parent":9076,"menu_order":0,"comment_status":"closed","ping_status":"closed","template":"guternberg.php","meta":{"footnotes":""},"acf":[],"yoast_head":"<!-- This site is optimized with the Yoast SEO plugin v21.3 - https:\/\/yoast.com\/wordpress\/plugins\/seo\/ -->\n<title>Kokonaisvaltainen ravinto - Bozita Finland<\/title>\n<meta name=\"robots\" content=\"index, follow, max-snippet:-1, max-image-preview:large, max-video-preview:-1\" \/>\n<link rel=\"canonical\" href=\"https:\/\/bozita.com\/fi\/our-philosophy\/wholesome-nutrition\/\" \/>\n<meta property=\"og:locale\" content=\"fi_FI\" \/>\n<meta property=\"og:type\" content=\"article\" \/>\n<meta property=\"og:title\" content=\"Kokonaisvaltainen ravinto - Bozita Finland\" \/>\n<meta property=\"og:url\" content=\"https:\/\/bozita.com\/fi\/our-philosophy\/wholesome-nutrition\/\" \/>\n<meta property=\"og:site_name\" content=\"Bozita Finland\" \/>\n<meta property=\"article:modified_time\" content=\"2025-06-12T07:00:00+00:00\" \/>\n<meta name=\"twitter:card\" content=\"summary_large_image\" \/>\n<!-- \/ Yoast SEO plugin. -->","yoast_head_json":{"title":"Kokonaisvaltainen ravinto - Bozita Finland","robots":{"index":"index","follow":"follow","max-snippet":"max-snippet:-1","max-image-preview":"max-image-preview:large","max-video-preview":"max-video-preview:-1"},"canonical":"https:\/\/bozita.com\/fi\/our-philosophy\/wholesome-nutrition\/","og_locale":"fi_FI","og_type":"article","og_title":"Kokonaisvaltainen ravinto - Bozita Finland","og_url":"https:\/\/bozita.com\/fi\/our-philosophy\/wholesome-nutrition\/","og_site_name":"Bozita Finland","article_modified_time":"2025-06-12T07:00:00+00:00","twitter_card":"summary_large_image","schema":{"@context":"https:\/\/schema.org","@graph":[{"@type":"WebPage","@id":"https:\/\/bozita.com\/fi\/our-philosophy\/wholesome-nutrition\/","url":"https:\/\/bozita.com\/fi\/our-philosophy\/wholesome-nutrition\/","name":"Kokonaisvaltainen ravinto - Bozita Finland","isPartOf":{"@id":"https:\/\/bozita.com\/fi\/#website"},"datePublished":"2023-10-04T10:15:03+00:00","dateModified":"2025-06-12T07:00:00+00:00","breadcrumb":{"@id":"https:\/\/bozita.com\/fi\/our-philosophy\/wholesome-nutrition\/#breadcrumb"},"inLanguage":"fi","potentialAction":[{"@type":"ReadAction","target":["https:\/\/bozita.com\/fi\/our-philosophy\/wholesome-nutrition\/"]}]},{"@type":"BreadcrumbList","@id":"https:\/\/bozita.com\/fi\/our-philosophy\/wholesome-nutrition\/#breadcrumb","itemListElement":[{"@type":"ListItem","position":1,"name":"Koti","item":"https:\/\/bozita.com\/fi\/"},{"@type":"ListItem","position":2,"name":"Filosofiamme","item":"https:\/\/bozita.com\/fi\/our-philosophy\/"},{"@type":"ListItem","position":3,"name":"Kokonaisvaltainen ravinto"}]},{"@type":"WebSite","@id":"https:\/\/bozita.com\/fi\/#website","url":"https:\/\/bozita.com\/fi\/","name":"Bozita Finland","description":"","potentialAction":[{"@type":"SearchAction","target":{"@type":"EntryPoint","urlTemplate":"https:\/\/bozita.com\/fi\/?s={search_term_string}"},"query-input":"required name=search_term_string"}],"inLanguage":"fi"}]}},"_links":{"self":[{"href":"https:\/\/bozita.com\/fi\/wp-json\/wp\/v2\/pages\/9127"}],"collection":[{"href":"https:\/\/bozita.com\/fi\/wp-json\/wp\/v2\/pages"}],"about":[{"href":"https:\/\/bozita.com\/fi\/wp-json\/wp\/v2\/types\/page"}],"author":[{"embeddable":true,"href":"https:\/\/bozita.com\/fi\/wp-json\/wp\/v2\/users\/1"}],"replies":[{"embeddable":true,"href":"https:\/\/bozita.com\/fi\/wp-json\/wp\/v2\/comments?post=9127"}],"version-history":[{"count":94,"href":"https:\/\/bozita.com\/fi\/wp-json\/wp\/v2\/pages\/9127\/revisions"}],"predecessor-version":[{"id":11596,"href":"https:\/\/bozita.com\/fi\/wp-json\/wp\/v2\/pages\/9127\/revisions\/11596"}],"up":[{"embeddable":true,"href":"https:\/\/bozita.com\/fi\/wp-json\/wp\/v2\/pages\/9076"}],"wp:attachment":[{"href":"https:\/\/bozita.com\/fi\/wp-json\/wp\/v2\/media?parent=9127"}],"curies":[{"name":"wp","href":"https:\/\/api.w.org\/{rel}","templated":true}]}}