{"id":9133,"date":"2023-10-04T10:25:50","date_gmt":"2023-10-04T10:25:50","guid":{"rendered":"https:\/\/bozita.com\/fi\/?page_id=9133"},"modified":"2024-05-21T11:35:07","modified_gmt":"2024-05-21T11:35:07","slug":"respect-for-animals","status":"publish","type":"page","link":"https:\/\/bozita.com\/fi\/our-philosophy\/respect-for-animals\/","title":{"rendered":"Kunnioitus el\u00e4imi\u00e4 kohtaan"},"content":{"rendered":"\t<section class=\"small-hero-with-gradient-overlay\">\n\t\t\t\t\t\t\t\t<img decoding=\"async\" class=\"background-image\" src=\"https:\/\/bozita.com\/fi\/wp-content\/uploads\/sites\/11\/2023\/10\/bozita-our-philosophy-respect-for-animals-hero.jpg\" alt=\"\">\n\t\t\t\t\t\t\t\n\t\t<div class=\"overlay\">\n\t\t\t<div class=\"container\">\n\t\t\t\t<div class=\"row flex-column-reverse flex-md-row\">\n\t\t\t\t\t<div class=\"col-md-6 col-lg-6\">\n\t\t\t\t\t\t<h5>BOZITA KOMPASSI<\/h5><h1>Kunnioitus el\u00e4imi\u00e4 kohtaan<\/h1><p><p><strong>Ymm\u00e4rr\u00e4mme, kuinka t\u00e4rkeit\u00e4 ja arvokkaita el\u00e4imet ovat. Ilman niit\u00e4 meid\u00e4nk\u00e4\u00e4n toimintamme ei olisi mahdollista.\u00a0<\/strong><\/p>\n<p>Siksi k\u00e4yt\u00e4mme Ruotsin er\u00e4mailta per\u00e4isin olevia raaka-aineita tuotteissamme. Toisinaan joudumme s\u00e4\u00e4nn\u00f6stelem\u00e4\u00e4n jonkun tietyn raaka-aineen k\u00e4ytt\u00f6\u00e4, osoittaaksemme arvostusta luonnolle.<\/p>\n<\/p>\t\t\t\t\t<\/div>\n\t\t\t\t\t<div class=\"d-none d-lg-block col-lg-1\"><\/div>\n\t\t\t\t\t<div class=\"col-md-6 col-lg-5 text-center\">\n\t\t\t\t\t\t\t\t\t\t\t\t\t<img decoding=\"async\" class=\"image\" src=\"https:\/\/bozita.com\/fi\/wp-content\/uploads\/sites\/11\/2023\/10\/Our-Philosophy-Compass_Respect-For-Animals.svg\" alt=\"\">\n\t\t\t\t\t\t\t\t\t\t\t\t<\/div>\n\t\t\t\t<\/div>\n\t\t\t<\/div>\n\t\t<\/div>\n\t<\/section>\n\t\t\n\n\n\t<section class=\"block two-column-image-with-textbox overflow-disable\">\n\t\t<div class=\"container\">\n\t\t\t\t\t\t\t\t<div class=\"mb-5 no-gutters row align-items-center \n\t\t\t\t\t\t\t\t\t\t\t\t\t\t\t\t\t\t\t\t\t\t\t\">\n\t\t\t\t\t\t<div class=\"col-md-6\">\n\t\t\t\t\t\t\t\t\t\t\t\t\t\t\t\t<figure>\n\t\t\t\t\t\t\t\t\t\t\t\t\t\t\t\t\t\t\t\t\t<img decoding=\"async\" class=\"\" src=\"https:\/\/bozita.com\/fi\/wp-content\/uploads\/sites\/11\/2023\/10\/elk-moose-forest-695x580-1.jpg\" alt=\"\">\n\t\t\t\t\t\t\t\t\t\t\t\t\t\t\t\t\t\t\t\t\t\t\t\t\t\t\t\t\t<\/figure>\n\t\t\t\t\t\t\t\t\t\t\t\t\t\t\t<\/div>\n\t\t\t\t\t\t<div class=\"col-md-6\">\n\t\t\t\t\t\t\t<div class=\"content-wrap\">\n\t\t\t\t\t\t\t\t<p><h3>Rakkaat hirvemme<\/h3>\n<p>Hirvet vaeltavat vapaina Ruotsin er\u00e4maissa. K\u00e4ytt\u00e4m\u00e4mme hirvenliha on osa tarkasti s\u00e4\u00e4nnelty\u00e4 kannanhoitoa, jonka tavoitteena on s\u00e4ilytt\u00e4\u00e4 sopiva hirvikanta luonnossa. T\u00e4m\u00e4n vuoksi lihan saatavuus voi ajoittain vaihdella.<\/p>\n<p>T\u00e4ll\u00e4 hetkell\u00e4 joudumme v\u00e4hent\u00e4m\u00e4\u00e4n hirven m\u00e4\u00e4r\u00e4\u00e4 joissakin tuotteissamme, koska hirven saatavuus on huono. Palautamme hirven m\u00e4\u00e4r\u00e4n ennalleen niin pian kuin mahdollista &#8211; haluamme tarjota paitsi lemmikillesi maistuvan, korkealuokkaisen ravinnon, mutta my\u00f6s turvaamaan hirvien tulevaisuuden.<\/p>\n <\/p>\t\t\t\t\t\t\t<\/div>\n\t\t\t\t\t\t<\/div>\n\t\t\t\t\t<\/div>\n\t\t\t\t\t\t\t\t\t\t<div class=\"mb-5 no-gutters row align-items-center \n\t\t\t\t\tflex-row-reverse\t\t\t\t\t\t\t\t\t\t\t\t\t\t\t\t\t\t\">\n\t\t\t\t\t\t<div class=\"col-md-6\">\n\t\t\t\t\t\t\t\t\t\t\t\t\t\t\t\t\t\t\t\t\t\t\t\t<video id=\"my-player\" class=\"video-js vjs-default-skin vjs-4-3\" playsinline muted loop controls autoplay  data-setup='{}'>\n\t\t\t\t\t\t\t\t\t\t<source src=\"https:\/\/bozita.com\/fi\/wp-content\/uploads\/sites\/11\/2024\/02\/240108-bozita-dog-phoenix-covered-eyes-16x9-1.mp4\" type=\"video\/mp4\">\n\t\t\t\t\t\t\t\t\t\t<\/source>\n\t\t\t\t\t\t\t\t\t<\/video>\n\t\t\t\t\t\t\t\t\t\t\t\t\t\t\t<\/div>\n\t\t\t\t\t\t<div class=\"col-md-6\">\n\t\t\t\t\t\t\t<div class=\"content-wrap\">\n\t\t\t\t\t\t\t\t<p><h3><strong>Meid\u00e4n t\u00e4ytyi peitt\u00e4\u00e4 t\u00e4m\u00e4n koiran silm\u00e4t\u2026<\/strong><\/h3>\n<h5>\u2026 jotta sin\u00e4 voisit keskitty\u00e4 siihen, mik\u00e4 on t\u00e4rke\u00e4\u00e4. Kuten esimerkiksi kunnioitus el\u00e4imi\u00e4 kohtaan.<\/h5>\n<p>&nbsp;<\/p>\n<p>Voidaksemme tarjota koirallesi tai kissallesi korkeatasoista ruokaa, haemme siihen inspiraatiota Pohjolan luonnosta. Olemme ylpeit\u00e4 voidessamme k\u00e4ytt\u00e4\u00e4 pohjoismaisia raaka-aineita. Laajoilla er\u00e4mailla samoilevia hirvi\u00e4 ja Lapissa vapaana laiduntavia poroja, jotka takaavat uniikin ja ravitsevan kulinaarisen el\u00e4myksen lemmikillesi.<\/p>\n <\/p>\t\t\t\t\t\t\t<\/div>\n\t\t\t\t\t\t<\/div>\n\t\t\t\t\t<\/div>\n\t\t\t\t\t\t\t\t\t\t<div class=\"mb-5 no-gutters row align-items-center \n\t\t\t\t\t\t\t\t\t\t\t\t\t\t\t\t\t\t\t\t\t\t\t\">\n\t\t\t\t\t\t<div class=\"col-md-6\">\n\t\t\t\t\t\t\t\t\t\t\t\t\t\t\t\t<figure>\n\t\t\t\t\t\t\t\t\t\t\t\t\t\t\t\t\t\t\t\t\t<img decoding=\"async\" class=\"\" src=\"https:\/\/bozita.com\/fi\/wp-content\/uploads\/sites\/11\/2021\/08\/bozita-ingrid-tomas-olofsson-ambassadors.jpeg\" alt=\"\">\n\t\t\t\t\t\t\t\t\t\t\t\t\t\t\t\t\t\t\t\t\t\t\t\t\t\t\t\t\t<\/figure>\n\t\t\t\t\t\t\t\t\t\t\t\t\t\t\t<\/div>\n\t\t\t\t\t\t<div class=\"col-md-6\">\n\t\t\t\t\t\t\t<div class=\"content-wrap\">\n\t\t\t\t\t\t\t\t<p><p><strong>El\u00e4inrakkaiden verkosto<\/strong><\/p>\n<p>Me uskomme, ett\u00e4 jokaisen toimitusketjuumme kuuluvan henkil\u00f6n tulee jakaa samat arvot kanssamme. Olemme rakentaneet el\u00e4imi\u00e4 rakastavien ihmisten verkoston, joka ulottuu aina raaka-aineita toimittavista maanviljelij\u00f6ist\u00e4 br\u00e4ndi\u00e4mme tukeviin l\u00e4hettil\u00e4isiin. Me kaikki suhtaudumme tekemisiimme intohimoisesti ja vaadimme itselt\u00e4mme paljon.<\/p>\n<p>Lemmikkisi hyvinvointi on toimintamme ydin. Siksi emme ikin\u00e4 k\u00e4yt\u00e4 el\u00e4inkokeita reseptiikkaamme muodostaessa. Sen sijaan keskitymme asioihin, joilla oikeasti on merkityst\u00e4 ja varmistamme, ett\u00e4 jokainen aspekti, aina ravitsemuksesta makuun, t\u00e4ytt\u00e4\u00e4 tiukat kriteerimme.<\/p>\n <\/p>\t\t\t\t\t\t\t<\/div>\n\t\t\t\t\t\t<\/div>\n\t\t\t\t\t<\/div>\n\t\t\t\t\t\t\t\t\t\t<div class=\"mb-5 no-gutters row align-items-center \n\t\t\t\t\tflex-row-reverse\t\t\t\t\t\t\t\t\t\t\t\t\t\t\t\t\t\t\">\n\t\t\t\t\t\t<div class=\"col-md-6\">\n\t\t\t\t\t\t\t\t\t\t\t\t\t\t\t\t<figure>\n\t\t\t\t\t\t\t\t\t\t\t\t\t\t\t\t\t\t\t\t\t<img decoding=\"async\" class=\"\" src=\"https:\/\/bozita.com\/fi\/wp-content\/uploads\/sites\/11\/2023\/10\/bozita-our-philosophy-made-in-sweden-why-sweden.jpg\" alt=\"\">\n\t\t\t\t\t\t\t\t\t\t\t\t\t\t\t\t\t\t\t\t\t\t\t\t\t\t\t\t\t<\/figure>\n\t\t\t\t\t\t\t\t\t\t\t\t\t\t\t<\/div>\n\t\t\t\t\t\t<div class=\"col-md-6\">\n\t\t\t\t\t\t\t<div class=\"content-wrap\">\n\t\t\t\t\t\t\t\t<p><h3>El\u00e4inten ymm\u00e4rt\u00e4minen<\/h3>\n<p>Ruotsissa noudatetaan maailman tiukimpiin kuuluvaa el\u00e4insuojelulakia. Olemme ylpeit\u00e4 voidessamme noudattaa n\u00e4it\u00e4 maailmanluoka standardeja, jotka takaavat ett\u00e4 jokaista osaa tuotannossamme leimaa my\u00f6t\u00e4tunto, kunnioitus ja huolenpito.<\/p>\n<p>Arvostaminen ei ole vain v\u00e4litt\u00e4mist\u00e4 &#8211; se on my\u00f6s oppimista. Siksi olemme ker\u00e4nneet yksityiskohtaista tietoa koiran ja kissan omistajille, jotta he voisivat paremmin ymm\u00e4rt\u00e4\u00e4 lemmikkej\u00e4ns\u00e4, esimerkkej\u00e4 el\u00e4imen terveydentilan tarkkailusta aina virikkeiden tarjoamiseen. Jotta voit k\u00e4sitell\u00e4 ja hoitaa karvakaveriasi paremmin ja varmistaa niiden terveen kasvun ja kehityksen.<\/p>\n<ul>\n<li style=\"list-style-type: none\">\n<ul>\n<li><a href=\"https:\/\/bozita.com\/fi\/elamasi-koiran-kanssa\/\">El\u00e4m\u00e4 koiran kanssa<\/a><\/li>\n<li><a href=\"https:\/\/bozita.com\/fi\/elama-kissan-kanssa\/\">El\u00e4m\u00e4 kissan kanssa<\/a><\/li>\n<\/ul>\n<\/li>\n<\/ul>\n <\/p>\t\t\t\t\t\t\t<\/div>\n\t\t\t\t\t\t<\/div>\n\t\t\t\t\t<\/div>\n\t\t\t\t\t\t\t<\/div>\n\t<\/section>\n\n\n<section class=\"block how-we-make-it-matters\">\n\t<div class=\"container\">\n\t\t<h5>\n\t\t\tBOZITA KOMPASSI\t\t<\/h5>\n\t\t<h2> \n\t\t\tKunnioitus el\u00e4imi\u00e4 kohtaan\t\t<\/h2>\n\n\t\t\n\t\t<div class=\"d-md-none d-lg-block\">\n\t\t\t<div class=\"row\">\n\t\t\t\t<div class=\"col-md-6\">\n\t\t\t\t\t<div class=\"how_we_make_it_matters-img\">\n\t\t\t\t\t\t\t\t\t\t\t\t<img decoding=\"async\" src=\"https:\/\/bozita.com\/fi\/wp-content\/uploads\/sites\/11\/2023\/10\/bozita-our-philosophy-respect-for-animals-hero.jpg\" alt=\"\">\n\t\t\t\t\t\t\t\t\t\t\t<\/div>\n\t\t\t\t<\/div>\n\t\t\t\t<div class=\"col-md-6\">\n\t\t\t\t\t\t\t\t\t\t\t\t<div class=\"media\">\n\t\t\t\t\t\t\t\t<div class=\"icon-warp\">\n\t\t\t\t\t\t\t\t\t\t\t\t\t\t\t\t\t\t\t<img decoding=\"async\" class=\"mr-3\" src=\"https:\/\/bozita.com\/fi\/wp-content\/uploads\/sites\/11\/2023\/10\/FeatureIcon-Dark-RenewableEnergy.svg\" alt=\"\">\n\t\t\t\t\t\t\t\t\t\t\t\t\t\t\t\t\t<\/div>\n\t\t\t\t\t\t\t\t<div class=\"media-body\">\n\t\t\t\t\t\t\t\t\t<h6 class=\"mt-0\">\n\t\t\t\t\t\t\t\t\t\tPOHJOISMAISET RAAKA-AINEET\t\t\t\t\t\t\t\t\t<\/h6>\n\t\t\t\t\t\t\t\t\t<p>\n\t\t\t\t\t\t\t\t\t\tK\u00e4yt\u00e4mme paljon pohjoimaista saatavia raaka-aineita, kuten vapaana vaeltavia ja laiduntavia hirvi\u00e4 ja poroja.\t\t\t\t\t\t\t\t\t<\/p>\n\t\t\t\t\t\t\t\t<\/div>\n\t\t\t\t\t\t\t<\/div>\n\t\t\t\t\t\t\t\t\t\t\t\t\t\t<div class=\"media\">\n\t\t\t\t\t\t\t\t<div class=\"icon-warp\">\n\t\t\t\t\t\t\t\t\t\t\t\t\t\t\t\t\t\t\t<img decoding=\"async\" class=\"mr-3\" src=\"https:\/\/bozita.com\/fi\/wp-content\/uploads\/sites\/11\/2023\/10\/FeatureIcon-Dark-RenewableEnergy.svg\" alt=\"\">\n\t\t\t\t\t\t\t\t\t\t\t\t\t\t\t\t\t<\/div>\n\t\t\t\t\t\t\t\t<div class=\"media-body\">\n\t\t\t\t\t\t\t\t\t<h6 class=\"mt-0\">\n\t\t\t\t\t\t\t\t\t\tEI EL\u00c4INKOKEITA\t\t\t\t\t\t\t\t\t<\/h6>\n\t\t\t\t\t\t\t\t\t<p>\n\t\t\t\t\t\t\t\t\t\tEmme k\u00e4yt\u00e4 el\u00e4inkokeita reseptej\u00e4 kehitelless\u00e4mme &#8211; me hyv\u00e4ksyt\u00e4mme nelijalkaisilla koemaistajilla vain ruokien maut.\t\t\t\t\t\t\t\t\t<\/p>\n\t\t\t\t\t\t\t\t<\/div>\n\t\t\t\t\t\t\t<\/div>\n\t\t\t\t\t\t\t\t\t\t\t\t\t\t<div class=\"media\">\n\t\t\t\t\t\t\t\t<div class=\"icon-warp\">\n\t\t\t\t\t\t\t\t\t\t\t\t\t\t\t\t\t\t\t<img decoding=\"async\" class=\"mr-3\" src=\"https:\/\/bozita.com\/fi\/wp-content\/uploads\/sites\/11\/2023\/10\/FeatureIcon-Dark-RenewableEnergy.svg\" alt=\"\">\n\t\t\t\t\t\t\t\t\t\t\t\t\t\t\t\t\t<\/div>\n\t\t\t\t\t\t\t\t<div class=\"media-body\">\n\t\t\t\t\t\t\t\t\t<h6 class=\"mt-0\">\n\t\t\t\t\t\t\t\t\t\tMAAILMANLUOKAN EL\u00c4INSUOJELULAKI\t\t\t\t\t\t\t\t\t<\/h6>\n\t\t\t\t\t\t\t\t\t<p>\n\t\t\t\t\t\t\t\t\t\t Ruotsissa noudatetaan eritt\u00e4in korkeatasoista el\u00e4insuojelulains\u00e4\u00e4d\u00e4nt\u00f6\u00e4.\t\t\t\t\t\t\t\t\t<\/p>\n\t\t\t\t\t\t\t\t<\/div>\n\t\t\t\t\t\t\t<\/div>\n\t\t\t\t\t\t\t\t\t\t\t<\/div>\n\t\t\t<\/div>\n\t\t<\/div>\n\n\t\t<div class=\"d-none d-md-block d-lg-none\">\n\t\t\t<div class=\"row\">\n\t\t\t\t<div class=\"col-md-12 d-flex justify-content-center\">\n\t\t\t\t\t<div class=\"how_we_make_it_matters-img-md\">\n\t\t\t\t\t\t\t\t\t\t\t\t\t<img decoding=\"async\" src=\"https:\/\/bozita.com\/fi\/wp-content\/uploads\/sites\/11\/2023\/10\/bozita-our-philosophy-respect-for-animals-hero.jpg\" alt=\"\">\n\t\t\t\t\t\t\t\t\t\t\t<\/div>\n\t\t\t\t<\/div>\n\t\t\t\t<div class=\"col-md-12\">\n\t\t\t\t\t\t\t\t\t\t\t\t<div class=\"media\">\n\t\t\t\t\t\t\t\t<div class=\"icon-warp\">\n\t\t\t\t\t\t\t\t\t\t\t\t\t\t\t\t\t\t\t<img decoding=\"async\" class=\"mr-3\" src=\"https:\/\/bozita.com\/fi\/wp-content\/uploads\/sites\/11\/2023\/10\/FeatureIcon-Dark-RenewableEnergy.svg\" alt=\"\">\n\t\t\t\t\t\t\t\t\t\t\t\t\t\t\t\t\t<\/div>\n\t\t\t\t\t\t\t\t<div class=\"media-body\">\n\t\t\t\t\t\t\t\t\t<h6 class=\"mt-0\">\n\t\t\t\t\t\t\t\t\t\tPOHJOISMAISET RAAKA-AINEET\t\t\t\t\t\t\t\t\t<\/h6>\n\t\t\t\t\t\t\t\t\t<p>\n\t\t\t\t\t\t\t\t\t\tK\u00e4yt\u00e4mme paljon pohjoimaista saatavia raaka-aineita, kuten vapaana vaeltavia ja laiduntavia hirvi\u00e4 ja poroja.\t\t\t\t\t\t\t\t\t<\/p>\n\t\t\t\t\t\t\t\t<\/div>\n\t\t\t\t\t\t\t<\/div>\n\t\t\t\t\t\t\t\t\t\t\t\t\t\t<div class=\"media\">\n\t\t\t\t\t\t\t\t<div class=\"icon-warp\">\n\t\t\t\t\t\t\t\t\t\t\t\t\t\t\t\t\t\t\t<img decoding=\"async\" class=\"mr-3\" src=\"https:\/\/bozita.com\/fi\/wp-content\/uploads\/sites\/11\/2023\/10\/FeatureIcon-Dark-RenewableEnergy.svg\" alt=\"\">\n\t\t\t\t\t\t\t\t\t\t\t\t\t\t\t\t\t<\/div>\n\t\t\t\t\t\t\t\t<div class=\"media-body\">\n\t\t\t\t\t\t\t\t\t<h6 class=\"mt-0\">\n\t\t\t\t\t\t\t\t\t\tEI EL\u00c4INKOKEITA\t\t\t\t\t\t\t\t\t<\/h6>\n\t\t\t\t\t\t\t\t\t<p>\n\t\t\t\t\t\t\t\t\t\tEmme k\u00e4yt\u00e4 el\u00e4inkokeita reseptej\u00e4 kehitelless\u00e4mme &#8211; me hyv\u00e4ksyt\u00e4mme nelijalkaisilla koemaistajilla vain ruokien maut.\t\t\t\t\t\t\t\t\t<\/p>\n\t\t\t\t\t\t\t\t<\/div>\n\t\t\t\t\t\t\t<\/div>\n\t\t\t\t\t\t\t\t\t\t\t\t\t\t<div class=\"media\">\n\t\t\t\t\t\t\t\t<div class=\"icon-warp\">\n\t\t\t\t\t\t\t\t\t\t\t\t\t\t\t\t\t\t\t<img decoding=\"async\" class=\"mr-3\" src=\"https:\/\/bozita.com\/fi\/wp-content\/uploads\/sites\/11\/2023\/10\/FeatureIcon-Dark-RenewableEnergy.svg\" alt=\"\">\n\t\t\t\t\t\t\t\t\t\t\t\t\t\t\t\t\t<\/div>\n\t\t\t\t\t\t\t\t<div class=\"media-body\">\n\t\t\t\t\t\t\t\t\t<h6 class=\"mt-0\">\n\t\t\t\t\t\t\t\t\t\tMAAILMANLUOKAN EL\u00c4INSUOJELULAKI\t\t\t\t\t\t\t\t\t<\/h6>\n\t\t\t\t\t\t\t\t\t<p>\n\t\t\t\t\t\t\t\t\t\t Ruotsissa noudatetaan eritt\u00e4in korkeatasoista el\u00e4insuojelulains\u00e4\u00e4d\u00e4nt\u00f6\u00e4.\t\t\t\t\t\t\t\t\t<\/p>\n\t\t\t\t\t\t\t\t<\/div>\n\t\t\t\t\t\t\t<\/div>\n\t\t\t\t\t\t\t\t\t\t\t<\/div>\n\t\t\t<\/div>\n\t\t<\/div>\n\t\t\n\t\t<div class=\"text-center cta-button\">\n\t\t\t\t\t<\/div>\n\t<\/div>\n<\/section>\n\n\n\t<section class=\"block discover-our-product\">\n\t\t<div class=\"container\">\n\t\t\t\t\t\t\t<h5>\n\t\t\t\t\tSWEDISH NATURAL QUALITY\t\t\t\t<\/h5>\n\t\t\t\t\t\t\t\t\t\t\t<h2>\n\t\t\t\t\tTutustu tuotteisiimme\t\t\t\t<\/h2>\n\n\t\t\t\t\t\t\t\n\t\t\t<div class=\"row align-items-center\">\n\t\t\t\t<div class=\"col-md-6\">\n\t\t\t\t\t<div class=\"\">\n\t\t\t\t\t\t\t\t\t\t\t\t<img decoding=\"async\" src=\"https:\/\/bozita.com\/fi\/wp-content\/uploads\/sites\/11\/2023\/10\/2308-bozita-hund-kattmat-robur-original-compass-900x793px.png\" alt=\"\">\n\t\t\t\t\t\t\t\t\t\t\t<\/div>\n\t\t\t\t<\/div>\n\t\t\t\t<div class=\"col-md-6\">\n\t\t\t\t\t<p><strong>Swedish Natural Quality on muutakin kuin vain ruokaa kupissa.\u00a0<\/strong><\/p>\n<p>Yli vuosisadan kokemuksella olemme oppineet, ett\u00e4 tapa miten lemmikkien ruokaa valmistetaan, on aivan yht\u00e4 t\u00e4rke\u00e4\u00e4 kuin milt\u00e4 se maistuu. K\u00e4ytt\u00e4m\u00e4ll\u00e4 mahdollisimman luonnollisia raaka-aineita ja vuosikymmenten hiomia valmistusmenetelmi\u00e4, olemme vakuuttuneita siit\u00e4, ett\u00e4 valmistamamme koirien ja kissojen ruoat todella peilaavat ruotsalaista rakkautta luontoa kohtaa &#8211; t\u00e4t\u00e4 tarkoittaa Swedish Natural Quality.<\/p>\n\t\t\t\t\t<div class=\"cta-button\">\n\t\t\t\t\t\t\t\t\t\t\t\t\t<a target=\"\" href=\"https:\/\/bozita.com\/fi\/koiranruoka\/\" class=\"btn btn-primary\">\n\t\t\t\t\t\t\t\tKOIRANRUOKA\t\t\t\t\t\t\t<\/a>\n\t\t\t\t\t\t\t\t\t\t\t\t\t\t\t\t\t\t\t\t<a target=\"\" href=\"https:\/\/bozita.com\/fi\/kissanruoka\/\" class=\"btn btn-primary\">\n\t\t\t\t\t\t\t\tKISSANRUOKA\t\t\t\t\t\t\t<\/a>\n\t\t\t\t\t\t\t\t\t\t\t\t<\/div>\n\t\t\t\t<\/div>\n\t\t\t<\/div>\n\t\t<\/div>\n\t<\/section>\n\n\n\n\t<section class=\"block two-column-image-with-textbox \">\n\t\t<div class=\"container\">\n\t\t\t\t\t<\/div>\n\t<\/section>\n","protected":false},"excerpt":{"rendered":"","protected":false},"author":1,"featured_media":0,"parent":9076,"menu_order":0,"comment_status":"closed","ping_status":"closed","template":"guternberg.php","meta":{"footnotes":""},"acf":[],"yoast_head":"<!-- This site is optimized with the Yoast SEO plugin v21.3 - https:\/\/yoast.com\/wordpress\/plugins\/seo\/ -->\n<title>Kunnioitus el\u00e4imi\u00e4 kohtaan - Bozita Finland<\/title>\n<meta name=\"robots\" content=\"index, follow, max-snippet:-1, max-image-preview:large, max-video-preview:-1\" \/>\n<link rel=\"canonical\" href=\"https:\/\/bozita.com\/fi\/our-philosophy\/respect-for-animals\/\" \/>\n<meta property=\"og:locale\" content=\"fi_FI\" \/>\n<meta property=\"og:type\" content=\"article\" \/>\n<meta property=\"og:title\" content=\"Kunnioitus el\u00e4imi\u00e4 kohtaan - Bozita Finland\" \/>\n<meta property=\"og:url\" content=\"https:\/\/bozita.com\/fi\/our-philosophy\/respect-for-animals\/\" \/>\n<meta property=\"og:site_name\" content=\"Bozita Finland\" \/>\n<meta property=\"article:modified_time\" content=\"2024-05-21T11:35:07+00:00\" \/>\n<meta name=\"twitter:card\" content=\"summary_large_image\" \/>\n<!-- \/ Yoast SEO plugin. -->","yoast_head_json":{"title":"Kunnioitus el\u00e4imi\u00e4 kohtaan - Bozita Finland","robots":{"index":"index","follow":"follow","max-snippet":"max-snippet:-1","max-image-preview":"max-image-preview:large","max-video-preview":"max-video-preview:-1"},"canonical":"https:\/\/bozita.com\/fi\/our-philosophy\/respect-for-animals\/","og_locale":"fi_FI","og_type":"article","og_title":"Kunnioitus el\u00e4imi\u00e4 kohtaan - Bozita Finland","og_url":"https:\/\/bozita.com\/fi\/our-philosophy\/respect-for-animals\/","og_site_name":"Bozita Finland","article_modified_time":"2024-05-21T11:35:07+00:00","twitter_card":"summary_large_image","schema":{"@context":"https:\/\/schema.org","@graph":[{"@type":"WebPage","@id":"https:\/\/bozita.com\/fi\/our-philosophy\/respect-for-animals\/","url":"https:\/\/bozita.com\/fi\/our-philosophy\/respect-for-animals\/","name":"Kunnioitus el\u00e4imi\u00e4 kohtaan - Bozita Finland","isPartOf":{"@id":"https:\/\/bozita.com\/fi\/#website"},"datePublished":"2023-10-04T10:25:50+00:00","dateModified":"2024-05-21T11:35:07+00:00","breadcrumb":{"@id":"https:\/\/bozita.com\/fi\/our-philosophy\/respect-for-animals\/#breadcrumb"},"inLanguage":"fi","potentialAction":[{"@type":"ReadAction","target":["https:\/\/bozita.com\/fi\/our-philosophy\/respect-for-animals\/"]}]},{"@type":"BreadcrumbList","@id":"https:\/\/bozita.com\/fi\/our-philosophy\/respect-for-animals\/#breadcrumb","itemListElement":[{"@type":"ListItem","position":1,"name":"Koti","item":"https:\/\/bozita.com\/fi\/"},{"@type":"ListItem","position":2,"name":"Filosofiamme","item":"https:\/\/bozita.com\/fi\/our-philosophy\/"},{"@type":"ListItem","position":3,"name":"Kunnioitus el\u00e4imi\u00e4 kohtaan"}]},{"@type":"WebSite","@id":"https:\/\/bozita.com\/fi\/#website","url":"https:\/\/bozita.com\/fi\/","name":"Bozita Finland","description":"","potentialAction":[{"@type":"SearchAction","target":{"@type":"EntryPoint","urlTemplate":"https:\/\/bozita.com\/fi\/?s={search_term_string}"},"query-input":"required name=search_term_string"}],"inLanguage":"fi"}]}},"_links":{"self":[{"href":"https:\/\/bozita.com\/fi\/wp-json\/wp\/v2\/pages\/9133"}],"collection":[{"href":"https:\/\/bozita.com\/fi\/wp-json\/wp\/v2\/pages"}],"about":[{"href":"https:\/\/bozita.com\/fi\/wp-json\/wp\/v2\/types\/page"}],"author":[{"embeddable":true,"href":"https:\/\/bozita.com\/fi\/wp-json\/wp\/v2\/users\/1"}],"replies":[{"embeddable":true,"href":"https:\/\/bozita.com\/fi\/wp-json\/wp\/v2\/comments?post=9133"}],"version-history":[{"count":72,"href":"https:\/\/bozita.com\/fi\/wp-json\/wp\/v2\/pages\/9133\/revisions"}],"predecessor-version":[{"id":10020,"href":"https:\/\/bozita.com\/fi\/wp-json\/wp\/v2\/pages\/9133\/revisions\/10020"}],"up":[{"embeddable":true,"href":"https:\/\/bozita.com\/fi\/wp-json\/wp\/v2\/pages\/9076"}],"wp:attachment":[{"href":"https:\/\/bozita.com\/fi\/wp-json\/wp\/v2\/media?parent=9133"}],"curies":[{"name":"wp","href":"https:\/\/api.w.org\/{rel}","templated":true}]}}