{"id":10003,"date":"2023-07-26T04:24:21","date_gmt":"2023-07-26T04:24:21","guid":{"rendered":"https:\/\/bozita.com\/pl\/?page_id=10003"},"modified":"2025-05-20T11:09:38","modified_gmt":"2025-05-20T11:09:38","slug":"zdrowe-odzywianie","status":"publish","type":"page","link":"https:\/\/bozita.com\/pl\/nasza-filozofia\/zdrowe-odzywianie\/","title":{"rendered":"ZDROWE OD\u017bYWIANIE"},"content":{"rendered":"\t<section class=\"small-hero-with-gradient-overlay\">\n\t\t\t\t\t\t\t\t<img decoding=\"async\" class=\"background-image\" src=\"https:\/\/bozita.com\/pl\/wp-content\/uploads\/sites\/9\/2023\/07\/bozita-our-philosophy-wholesome-nutrition-hero.jpg\" alt=\"\">\n\t\t\t\t\t\t\t\n\t\t<div class=\"overlay\">\n\t\t\t<div class=\"container\">\n\t\t\t\t<div class=\"row flex-column-reverse flex-md-row\">\n\t\t\t\t\t<div class=\"col-md-6 col-lg-6\">\n\t\t\t\t\t\t<h5>KOMPAS BOZITA <\/h5><h1>Wholesome Nutrition<\/h1><p><p><strong><span class=\"HwtZe\" lang=\"pl\"><span class=\"jCAhz ChMk0b\"><span class=\"ryNqvb\">W\u0142a\u015bciwe od\u017cywianie ma kluczowe znaczenie dla naszego dobrego samopoczucia, to samo dotyczy zwierz\u0105t.<\/span><\/span><\/span><\/strong><\/p>\n<p>RECEPTURY PRODUKT\u00d3W BOZITA zosta\u0142y skrupulatnie opracowane przez technolog\u00f3w \u017cywienia zwierz\u0105t, aby\u015bmy mieli pewno\u015b\u0107, \u017ce nasze karmy s\u0105 niezaprzeczalnie dobre, posiadaj\u0105 wszystkie niezb\u0119dne sk\u0142adniki od\u017cywcze, bia\u0142ko, t\u0142uszcz, minera\u0142y i witaminy, kt\u00f3rych potrzebuje Tw\u00f3j pies i kot.<\/p>\n<\/p>\t\t\t\t\t<\/div>\n\t\t\t\t\t<div class=\"d-none d-lg-block col-lg-1\"><\/div>\n\t\t\t\t\t<div class=\"col-md-6 col-lg-5 text-center\">\n\t\t\t\t\t\t\t\t\t\t\t\t\t<img decoding=\"async\" class=\"image\" src=\"https:\/\/bozita.com\/pl\/wp-content\/uploads\/sites\/9\/2023\/07\/Our-Philosophy-Compass_Wholesome-Nutrition.svg\" alt=\"\">\n\t\t\t\t\t\t\t\t\t\t\t\t<\/div>\n\t\t\t\t<\/div>\n\t\t\t<\/div>\n\t\t<\/div>\n\t<\/section>\n\t\t\n\n\t\t\t\t<section class=\"ingredient-wrap\">\n\t\t\t\t<div class=\"container\">\n\t\t\t\t\t<div class=\"row\">\n\t\t\t\t\t\t<div class=\"col-lg-2\"><\/div>\n\t\t\t\t\t\t<div class=\"col-lg-8\">\n\t\t\t\t\t\t\t\t\t\t\t\t\t\t\t<h5>\n\t\t\t\t\t\t\t\t\tWYBRANE PRZEZ AMBASADOR\u00d3W\t\t\t\t\t\t\t\t<\/h5>\n\t\t\t\t\t\t\t\t\n\t\t\t\t\t\t\t\t\t\t\t\t\t\t\t<h2>\n\t\t\t\t\t\t\t\t\tNIEUSTANNIE OPTYMALIZOWANY SMAK\t\t\t\t\t\t\t\t<\/h2>\n\t\t\t\t\t\t\t\t\n\t\t\t\t\t\t\t<p><strong>Wwierzymy, \u017ce nasze karmy s\u0105 najlepsze na rynku. Co nie oznacza, \u017ce nie b\u0119dziemy ich ci\u0105gle ulepsza\u0107.\u00a0<\/strong><\/p>\n<p><span class=\"HwtZe\" lang=\"pl\"><span class=\"jCAhz ChMk0b\"><span class=\"ryNqvb\">\u015aci\u015ble wsp\u00f3\u0142pracujemy z prawdziwymi w\u0142a\u015bcicielami zwierz\u0105t domowych i mi\u0142o\u015bnikami zwierz\u0105t, aby zrozumie\u0107, jak reaguj\u0105 ich zwierz\u0119ta \u2014 i co mogliby\u015bmy zrobi\u0107 lepiej.<\/span><\/span> <span class=\"jCAhz ChMk0b\"><span class=\"ryNqvb\">Oznacza to, \u017ce nasz\u0119 karmy to nie tylko produkt naszych ekspert\u00f3w: to tak naprawd\u0119 efekt wsp\u00f3\u0142pracy tysi\u0119cy r\u00f3\u017cnorodnych mi\u0142o\u015bnik\u00f3w zwierz\u0105t.<\/span><\/span><\/span><\/p>\n\t\t\t\t\t\t<\/div>\n\t\t\t\t\t<\/div>\n\t\t\t\t\t<div class=\"media \">\n\t\t\t\t\t\t<img loading=\"lazy\" decoding=\"async\" width=\"800\" height=\"534\" src=\"https:\/\/bozita.com\/pl\/wp-content\/uploads\/sites\/9\/2023\/07\/bozita-breeders-club-dog-cat.jpeg\" class=\"attachment-full size-full\" alt=\"ZDROWE OD\u017bYWIANIE\" srcset=\"https:\/\/bozita.com\/pl\/wp-content\/uploads\/sites\/9\/2023\/07\/bozita-breeders-club-dog-cat.jpeg 800w, https:\/\/bozita.com\/pl\/wp-content\/uploads\/sites\/9\/2023\/07\/bozita-breeders-club-dog-cat-300x200.jpeg 300w, https:\/\/bozita.com\/pl\/wp-content\/uploads\/sites\/9\/2023\/07\/bozita-breeders-club-dog-cat-768x513.jpeg 768w\" sizes=\"(max-width: 800px) 100vw, 800px\" \/>\t\t\t\t\t\t<div class=\"media-body\">\n\t\t\t\t\t\t\t<h4><span class=\"HwtZe\" lang=\"pl\"><span class=\"jCAhz ChMk0b\"><span class=\"ryNqvb\">NAJNOWOCZE\u015aNIEJSZE BADANIA<\/span><\/span><\/span><\/h4>\n<p><span class=\"HwtZe\" lang=\"pl\"><span class=\"jCAhz ChMk0b\"><span class=\"ryNqvb\">Nasi wewn\u0119trzni eksperci ds. \u017cywienia s\u0105 na bie\u017c\u0105co z najnowszymi badaniami dotycz\u0105cymi zdrowia ps\u00f3w i kot\u00f3w.<\/span><\/span> <span class=\"jCAhz ChMk0b\"><span class=\"ryNqvb\">Dlatego za ka\u017cdym razem, gdy pojawia si\u0119 nowe wa\u017cne odkrycie, mo\u017cemy dostosowa\u0107 nasz\u0105 ofert\u0119, aby zapewni\u0107, \u017ce zawsze otrzymujesz najlepsz\u0105 karm\u0119 dla swojego futrzanego przyjaciela.<\/span><\/span><\/span><\/p>\n\t\t\t\t\t\t\t\n\t\t\t\t\t\t<\/div>\n\t\t\t\t\t<\/div>\n\t\t\t\t<\/div>\n\n\t\t\t<\/section>\n\n\t\t\t\t\n\n\t<section class=\"block discover-our-product\">\n\t\t<div class=\"container\">\n\t\t\t\t\t\t\t<h5>\n\t\t\t\t\tNATURALNA SZWEDZKA JOKO\u015a\u0106\t\t\t\t<\/h5>\n\t\t\t\t\t\t\t\t\t\t\t<h2>\n\t\t\t\t\tOdkryj Nasze Produkty\t\t\t\t<\/h2>\n\n\t\t\t\t\t\t\t\n\t\t\t<div class=\"row align-items-center\">\n\t\t\t\t<div class=\"col-md-6\">\n\t\t\t\t\t<div class=\"\">\n\t\t\t\t\t\t\t\t\t\t\t\t<img decoding=\"async\" src=\"https:\/\/bozita.com\/pl\/wp-content\/uploads\/sites\/9\/2025\/05\/Produkty-CatDog_web_800x700.jpg\" alt=\"\">\n\t\t\t\t\t\t\t\t\t\t\t<\/div>\n\t\t\t\t<\/div>\n\t\t\t\t<div class=\"col-md-6\">\n\t\t\t\t\t<h3>Naturalna szwedzka jako\u015b\u0107 to dla nas co\u015b wi\u0119cej ni\u017c tylko miska z karm\u0105. To spos\u00f3b w jaki my\u015blimy i dzia\u0142amy.<\/h3>\n<p>W ci\u0105gu ostatnich stu lat nauczyli\u015bmy si\u0119, \u017ce spos\u00f3b produkcji karmy dla ps\u00f3w i kot\u00f3w jest nie tylko tak samo wa\u017cny jak smak, ale jest r\u00f3wnie\u017c istotn\u0105 cz\u0119\u015bci\u0105 smaku. Dzi\u0119ki naturalnym sk\u0142adnikom pochodz\u0105cym ze znanych na ca\u0142ym \u015bwiecie szwedzkich gospodarstw oraz wieloletniemu procesowi produkcji, produkujemy karm\u0119 dla ps\u00f3w i kot\u00f3w, kt\u00f3ra w pe\u0142ni oddaje istot\u0119 szwedzkiej natury \u2013 to w\u0142a\u015bnie nazywamy Naturaln\u0105 Szwedzk\u0105 Jako\u015bci\u0105.<\/p>\n\t\t\t\t\t<div class=\"cta-button\">\n\t\t\t\t\t\t\t\t\t\t\t\t\t<a target=\"\" href=\"https:\/\/bozita.com\/pl\/karma-dla-psow\/\" class=\"btn btn-primary\">\n\t\t\t\t\t\t\t\tOFERTA KARM DLA PS\u00d3W\t\t\t\t\t\t\t<\/a>\n\t\t\t\t\t\t\t\t\t\t\t\t\t\t\t\t\t\t\t\t<a target=\"\" href=\"https:\/\/bozita.com\/pl\/karma-dla-kotow\/\" class=\"btn btn-primary\">\n\t\t\t\t\t\t\t\tOFERTA KARM DLA KOT\u00d3W\t\t\t\t\t\t\t<\/a>\n\t\t\t\t\t\t\t\t\t\t\t\t<\/div>\n\t\t\t\t<\/div>\n\t\t\t<\/div>\n\t\t<\/div>\n\t<\/section>\n","protected":false},"excerpt":{"rendered":"","protected":false},"author":1,"featured_media":0,"parent":9926,"menu_order":0,"comment_status":"closed","ping_status":"closed","template":"guternberg.php","meta":{"footnotes":""},"acf":[],"yoast_head":"<!-- This site is optimized with the Yoast SEO plugin v21.3 - https:\/\/yoast.com\/wordpress\/plugins\/seo\/ -->\n<title>ZDROWE OD\u017bYWIANIE | Bozita Polska<\/title>\n<meta name=\"robots\" content=\"index, follow, max-snippet:-1, max-image-preview:large, max-video-preview:-1\" \/>\n<link rel=\"canonical\" href=\"https:\/\/bozita.com\/pl\/nasza-filozofia\/zdrowe-odzywianie\/\" \/>\n<meta property=\"og:locale\" content=\"pl_PL\" \/>\n<meta property=\"og:type\" content=\"article\" \/>\n<meta property=\"og:title\" content=\"ZDROWE OD\u017bYWIANIE | Bozita Polska\" \/>\n<meta property=\"og:url\" content=\"https:\/\/bozita.com\/pl\/nasza-filozofia\/zdrowe-odzywianie\/\" \/>\n<meta property=\"og:site_name\" content=\"Bozita Polska\" \/>\n<meta property=\"article:modified_time\" content=\"2025-05-20T11:09:38+00:00\" \/>\n<meta name=\"twitter:card\" content=\"summary_large_image\" \/>\n<!-- \/ Yoast SEO plugin. -->","yoast_head_json":{"title":"ZDROWE OD\u017bYWIANIE | Bozita Polska","robots":{"index":"index","follow":"follow","max-snippet":"max-snippet:-1","max-image-preview":"max-image-preview:large","max-video-preview":"max-video-preview:-1"},"canonical":"https:\/\/bozita.com\/pl\/nasza-filozofia\/zdrowe-odzywianie\/","og_locale":"pl_PL","og_type":"article","og_title":"ZDROWE OD\u017bYWIANIE | Bozita Polska","og_url":"https:\/\/bozita.com\/pl\/nasza-filozofia\/zdrowe-odzywianie\/","og_site_name":"Bozita Polska","article_modified_time":"2025-05-20T11:09:38+00:00","twitter_card":"summary_large_image","schema":{"@context":"https:\/\/schema.org","@graph":[{"@type":"WebPage","@id":"https:\/\/bozita.com\/pl\/nasza-filozofia\/zdrowe-odzywianie\/","url":"https:\/\/bozita.com\/pl\/nasza-filozofia\/zdrowe-odzywianie\/","name":"ZDROWE OD\u017bYWIANIE | Bozita Polska","isPartOf":{"@id":"https:\/\/bozita.com\/pl\/#website"},"datePublished":"2023-07-26T04:24:21+00:00","dateModified":"2025-05-20T11:09:38+00:00","breadcrumb":{"@id":"https:\/\/bozita.com\/pl\/nasza-filozofia\/zdrowe-odzywianie\/#breadcrumb"},"inLanguage":"pl-PL","potentialAction":[{"@type":"ReadAction","target":["https:\/\/bozita.com\/pl\/nasza-filozofia\/zdrowe-odzywianie\/"]}]},{"@type":"BreadcrumbList","@id":"https:\/\/bozita.com\/pl\/nasza-filozofia\/zdrowe-odzywianie\/#breadcrumb","itemListElement":[{"@type":"ListItem","position":1,"name":"Home","item":"https:\/\/bozita.com\/pl\/"},{"@type":"ListItem","position":2,"name":"Nasza filozofia","item":"https:\/\/bozita.com\/pl\/nasza-filozofia\/"},{"@type":"ListItem","position":3,"name":"ZDROWE OD\u017bYWIANIE"}]},{"@type":"WebSite","@id":"https:\/\/bozita.com\/pl\/#website","url":"https:\/\/bozita.com\/pl\/","name":"Bozita Polska","description":"","potentialAction":[{"@type":"SearchAction","target":{"@type":"EntryPoint","urlTemplate":"https:\/\/bozita.com\/pl\/?s={search_term_string}"},"query-input":"required name=search_term_string"}],"inLanguage":"pl-PL"}]}},"_links":{"self":[{"href":"https:\/\/bozita.com\/pl\/wp-json\/wp\/v2\/pages\/10003"}],"collection":[{"href":"https:\/\/bozita.com\/pl\/wp-json\/wp\/v2\/pages"}],"about":[{"href":"https:\/\/bozita.com\/pl\/wp-json\/wp\/v2\/types\/page"}],"author":[{"embeddable":true,"href":"https:\/\/bozita.com\/pl\/wp-json\/wp\/v2\/users\/1"}],"replies":[{"embeddable":true,"href":"https:\/\/bozita.com\/pl\/wp-json\/wp\/v2\/comments?post=10003"}],"version-history":[{"count":12,"href":"https:\/\/bozita.com\/pl\/wp-json\/wp\/v2\/pages\/10003\/revisions"}],"predecessor-version":[{"id":11733,"href":"https:\/\/bozita.com\/pl\/wp-json\/wp\/v2\/pages\/10003\/revisions\/11733"}],"up":[{"embeddable":true,"href":"https:\/\/bozita.com\/pl\/wp-json\/wp\/v2\/pages\/9926"}],"wp:attachment":[{"href":"https:\/\/bozita.com\/pl\/wp-json\/wp\/v2\/media?parent=10003"}],"curies":[{"name":"wp","href":"https:\/\/api.w.org\/{rel}","templated":true}]}}