{"id":10008,"date":"2023-07-26T04:24:59","date_gmt":"2023-07-26T04:24:59","guid":{"rendered":"https:\/\/bozita.com\/pl\/?page_id=10008"},"modified":"2025-05-20T11:18:25","modified_gmt":"2025-05-20T11:18:25","slug":"szacunek-dla-zwierzat","status":"publish","type":"page","link":"https:\/\/bozita.com\/pl\/nasza-filozofia\/szacunek-dla-zwierzat\/","title":{"rendered":"SZACUNEK DLA ZWIERZ\u0104T"},"content":{"rendered":"\t<section class=\"small-hero-with-gradient-overlay\">\n\t\t\t\t\t\t\t\t<img decoding=\"async\" class=\"background-image\" src=\"https:\/\/bozita.com\/pl\/wp-content\/uploads\/sites\/9\/2023\/07\/bozita-our-philosophy-respect-for-animals-hero.jpg\" alt=\"\">\n\t\t\t\t\t\t\t\n\t\t<div class=\"overlay\">\n\t\t\t<div class=\"container\">\n\t\t\t\t<div class=\"row flex-column-reverse flex-md-row\">\n\t\t\t\t\t<div class=\"col-md-6 col-lg-6\">\n\t\t\t\t\t\t<h5>KOMPAS BOZITA <\/h5><h1>Respect For Animals<\/h1><p><p><strong>Rozumiemy, jak cenne s\u0105 wszystkie zwierz\u0119ta, i \u017ce bez nich Bozita by nie istnia\u0142a.<\/strong><\/p>\n<p><span class=\"HwtZe\" lang=\"pl\"><span class=\"jCAhz ChMk0b\"><span class=\"ryNqvb\">Dlatego w naszych produktach wykorzystujemy sk\u0142adniki ze szwedzkiej dziczy i wsp\u00f3\u0142pracujemy z producentami, kt\u00f3rzy podzielaj\u0105 nasz\u0105 filozofi\u0119.<\/span><\/span> <span class=\"jCAhz ChMk0b\"><span class=\"ryNqvb\">Dbamy o to, by wszystko, co robimy, chroni\u0142o godno\u015b\u0107 zwierz\u0105t i zapewnia\u0142o im po\u017cywienie, kt\u00f3rego potrzebuj\u0105.<\/span><\/span> <span class=\"jCAhz ChMk0b\"><span class=\"ryNqvb\">Czasami musimy dostosowa\u0107 ilo\u015b\u0107 konkretnego sk\u0142adnika, aby okaza\u0107 szacunek dla natury.<\/span><\/span> <span class=\"jCAhz ChMk0b\"><span class=\"ryNqvb\">Przeczytaj poni\u017cej o kr\u00f3lu lasu.<\/span><\/span><\/span><\/p>\n<\/p>\t\t\t\t\t<\/div>\n\t\t\t\t\t<div class=\"d-none d-lg-block col-lg-1\"><\/div>\n\t\t\t\t\t<div class=\"col-md-6 col-lg-5 text-center\">\n\t\t\t\t\t\t\t\t\t\t\t\t\t<img decoding=\"async\" class=\"image\" src=\"https:\/\/bozita.com\/pl\/wp-content\/uploads\/sites\/9\/2023\/07\/Our-Philosophy-Compass_Respect-For-Animals.svg\" alt=\"\">\n\t\t\t\t\t\t\t\t\t\t\t\t<\/div>\n\t\t\t\t<\/div>\n\t\t\t<\/div>\n\t\t<\/div>\n\t<\/section>\n\t\t\n\n\n\t<section class=\"block two-column-image-with-textbox \">\n\t\t<div class=\"container\">\n\t\t\t\t\t\t\t\t<div class=\"mb-5 no-gutters row align-items-center \n\t\t\t\t\t\t\t\t\t\t\t\t\t\t\t\t\t\t\t\t\t\t\t\">\n\t\t\t\t\t\t<div class=\"col-md-6\">\n\t\t\t\t\t\t\t\t\t\t\t\t\t\t\t\t<figure>\n\t\t\t\t\t\t\t\t\t\t\t\t\t\t\t\t\t\t\t\t\t<img decoding=\"async\" class=\"\" src=\"https:\/\/bozita.com\/pl\/wp-content\/uploads\/sites\/9\/2023\/07\/elk-moose-forest-695x580-1.jpg\" alt=\"\">\n\t\t\t\t\t\t\t\t\t\t\t\t\t\t\t\t\t\t\t\t\t\t\t\t\t\t\t\t\t<\/figure>\n\t\t\t\t\t\t\t\t\t\t\t\t\t\t\t<\/div>\n\t\t\t\t\t\t<div class=\"col-md-6\">\n\t\t\t\t\t\t\t<div class=\"content-wrap\">\n\t\t\t\t\t\t\t\t<h2>Nasze kochane \u0142osie <\/h2><p><p><span class=\"HwtZe\" lang=\"pl\"><span class=\"jCAhz ChMk0b\"><span class=\"ryNqvb\">\u0141o\u015b jest prawdziwie dzikim zwierz\u0119ciem, swobodnie w\u0119druj\u0105cym po szwedzkich terenach dzikiej przyrody.<\/span><\/span> <span class=\"jCAhz ChMk0b\"><span class=\"ryNqvb\">Mi\u0119so, kt\u00f3rego u\u017cywamy, pochodzi z \u015bci\u015ble regulowanych, selektywnych praktyk \u0142owieckich maj\u0105cych na celu utrzymanie zdrowej populacji \u0142osi.<\/span><\/span> <span class=\"jCAhz ChMk0b\"><span class=\"ryNqvb\">Dlatego dost\u0119pno\u015b\u0107 mi\u0119sa mo\u017ce si\u0119 zmienia\u0107 od czasu do czasu.<\/span><\/span><\/span><\/p>\n<p><span style=\"vertical-align: inherit\"><span style=\"vertical-align: inherit\"><span class=\"HwtZe\" lang=\"pl\"><span class=\"jCAhz ChMk0b\"><span class=\"ryNqvb\">Nasza firma zawsze by\u0142a zwi\u0105zana z natur\u0105 i w celu ratowania populacji \u0142osi, postanowili\u015bmy czasowo ograniczy\u0107, a w niekt\u00f3rych przypadkach zawiesi\u0107 produkcj\u0119 niekt\u00f3rych produkt\u00f3w z \u0142osiem.<\/span><\/span> <span class=\"jCAhz ChMk0b\"><span class=\"ryNqvb\">Przywr\u00f3cimy zawarto\u015b\u0107 \u0142osia do pierwotnego poziomu, gdy tylko pozwol\u0105 na to warunki.<\/span><\/span> <span class=\"jCAhz ChMk0b\"><span class=\"ryNqvb\">Jednocze\u015bnie dok\u0142adamy wszelkich stara\u0144, aby zapewni\u0107 Twojemu pupilowi \u200b\u200bsmaczne, wysokiej jako\u015bci po\u017cywienie i zachowa\u0107 gatunek \u0142osia dla przysz\u0142ych pokole\u0144.<\/span><\/span><\/span>.<\/span><\/span><\/p>\n <\/p>\t\t\t\t\t\t\t<\/div>\n\t\t\t\t\t\t<\/div>\n\t\t\t\t\t<\/div>\n\t\t\t\t\t\t\t<\/div>\n\t<\/section>\n\n\n\t\t\t\t<section class=\"ingredient-wrap\">\n\t\t\t\t<div class=\"container\">\n\t\t\t\t\t<div class=\"row\">\n\t\t\t\t\t\t<div class=\"col-lg-2\"><\/div>\n\t\t\t\t\t\t<div class=\"col-lg-8\">\n\t\t\t\t\t\t\t\t\t\t\t\t\t\t\t<h5>\n\t\t\t\t\t\t\t\t\tKIERUJ\u0104CA SI\u0118 WARTO\u015aCIAMI\t\t\t\t\t\t\t\t<\/h5>\n\t\t\t\t\t\t\t\t\n\t\t\t\t\t\t\t\t\t\t\t\t\t\t\t<h2>\n\t\t\t\t\t\t\t\t\tSIE\u0106 MI\u0141O\u015aNIK\u00d3W ZWIERZ\u0104T\t\t\t\t\t\t\t\t<\/h2>\n\t\t\t\t\t\t\t\t\n\t\t\t\t\t\t\t<p><strong><span class=\"HwtZe\" lang=\"pl\"><span class=\"jCAhz ChMk0b\"><span class=\"ryNqvb\">Wierzymy, \u017ce ka\u017cda osoba zaanga\u017cowana w produkcj\u0119 powinna wyznawa\u0107 te same warto\u015bci.<\/span><\/span><\/span><\/strong><\/p>\n<p><span class=\"HwtZe\" lang=\"pl\"><span class=\"jCAhz ChMk0b\"><span class=\"ryNqvb\">Od rolnik\u00f3w, od kt\u00f3rych pozyskujemy sk\u0142adniki, po ambasador\u00f3w, kt\u00f3rzy wspieraj\u0105 nasz\u0105 mark\u0119, zbudowali\u015bmy \u0142a\u0144cuch warto\u015bci, kt\u00f3ry odzwierciedla nasz\u0105 mi\u0142o\u015b\u0107 do zwierz\u0105t.<\/span><\/span> <span class=\"jCAhz ChMk0b\"><span class=\"ryNqvb\">Oznacza to, \u017ce wszystko, co robimy, jest nap\u0119dzane pasj\u0105 &#8211; i trzymamy si\u0119 bardzo wysokich standard\u00f3w.<\/span><\/span><\/span><\/p>\n\t\t\t\t\t\t<\/div>\n\t\t\t\t\t<\/div>\n\t\t\t\t\t<div class=\"media \">\n\t\t\t\t\t\t<img loading=\"lazy\" decoding=\"async\" width=\"808\" height=\"540\" src=\"https:\/\/bozita.com\/pl\/wp-content\/uploads\/sites\/9\/2023\/07\/bozita-our-philosophy-made-in-sweden-why-sweden.jpg\" class=\"attachment-full size-full\" alt=\"Made in Sweden\" srcset=\"https:\/\/bozita.com\/pl\/wp-content\/uploads\/sites\/9\/2023\/07\/bozita-our-philosophy-made-in-sweden-why-sweden.jpg 808w, https:\/\/bozita.com\/pl\/wp-content\/uploads\/sites\/9\/2023\/07\/bozita-our-philosophy-made-in-sweden-why-sweden-300x200.jpg 300w, https:\/\/bozita.com\/pl\/wp-content\/uploads\/sites\/9\/2023\/07\/bozita-our-philosophy-made-in-sweden-why-sweden-768x513.jpg 768w\" sizes=\"(max-width: 808px) 100vw, 808px\" \/>\t\t\t\t\t\t<div class=\"media-body\">\n\t\t\t\t\t\t\t<h4><span class=\"HwtZe\" lang=\"pl\"><span class=\"jCAhz ChMk0b\"><span class=\"ryNqvb\">ZROZUMIENIE ZWIERZ\u0104T<\/span><\/span><\/span><\/h4>\n<p><span class=\"HwtZe\" lang=\"pl\"><span class=\"jCAhz ChMk0b\"><span class=\"ryNqvb\">Szacunek to nie tylko troska \u2013 to nauka.<\/span><\/span> <span class=\"jCAhz ChMk0b\"><span class=\"ryNqvb\">Dlatego zebrali\u015bmy szczeg\u00f3\u0142owe zasoby, aby pom\u00f3c w\u0142a\u015bcicielom ps\u00f3w i kot\u00f3w zrozumie\u0107 ich zwierz\u0119ta.<\/span><\/span> <span class=\"jCAhz ChMk0b\"><span class=\"ryNqvb\">Od tego, jak upewni\u0107 si\u0119, \u017ce s\u0105 zdrowe, po sposoby ich stymulacji.<\/span><\/span> <span class=\"jCAhz ChMk0b\"><span class=\"ryNqvb\">Dzi\u0119ki temu mo\u017cesz lepiej pozna\u0107 potrzeby Twojego czworono\u017cnego przyjaciela i zapewni\u0107 mu prawid\u0142owy rozw\u00f3j.<\/span><\/span><\/span><\/p>\n<ul>\n<li><a href=\"https:\/\/bozita.com\/pl\/zycie-z-psem\/\">\u017bycie z psem<\/a><\/li>\n<li><a href=\"https:\/\/bozita.com\/pl\/zycie-z-kotem\/\">\u017bycie z kotem<\/a><\/li>\n<\/ul>\n\t\t\t\t\t\t\t\n\t\t\t\t\t\t<\/div>\n\t\t\t\t\t<\/div>\n\t\t\t\t<\/div>\n\n\t\t\t<\/section>\n\n\t\t\t\t","protected":false},"excerpt":{"rendered":"","protected":false},"author":1,"featured_media":0,"parent":9926,"menu_order":0,"comment_status":"closed","ping_status":"closed","template":"guternberg.php","meta":{"footnotes":""},"acf":[],"yoast_head":"<!-- This site is optimized with the Yoast SEO plugin v21.3 - https:\/\/yoast.com\/wordpress\/plugins\/seo\/ -->\n<title>SZACUNEK DLA ZWIERZ\u0104T | Bozita Polska<\/title>\n<meta name=\"robots\" content=\"index, follow, max-snippet:-1, max-image-preview:large, max-video-preview:-1\" \/>\n<link rel=\"canonical\" href=\"https:\/\/bozita.com\/pl\/nasza-filozofia\/szacunek-dla-zwierzat\/\" \/>\n<meta property=\"og:locale\" content=\"pl_PL\" \/>\n<meta property=\"og:type\" content=\"article\" \/>\n<meta property=\"og:title\" content=\"SZACUNEK DLA ZWIERZ\u0104T | Bozita Polska\" \/>\n<meta property=\"og:url\" content=\"https:\/\/bozita.com\/pl\/nasza-filozofia\/szacunek-dla-zwierzat\/\" \/>\n<meta property=\"og:site_name\" content=\"Bozita Polska\" \/>\n<meta property=\"article:modified_time\" content=\"2025-05-20T11:18:25+00:00\" \/>\n<meta name=\"twitter:card\" content=\"summary_large_image\" \/>\n<!-- \/ Yoast SEO plugin. -->","yoast_head_json":{"title":"SZACUNEK DLA ZWIERZ\u0104T | Bozita Polska","robots":{"index":"index","follow":"follow","max-snippet":"max-snippet:-1","max-image-preview":"max-image-preview:large","max-video-preview":"max-video-preview:-1"},"canonical":"https:\/\/bozita.com\/pl\/nasza-filozofia\/szacunek-dla-zwierzat\/","og_locale":"pl_PL","og_type":"article","og_title":"SZACUNEK DLA ZWIERZ\u0104T | Bozita Polska","og_url":"https:\/\/bozita.com\/pl\/nasza-filozofia\/szacunek-dla-zwierzat\/","og_site_name":"Bozita Polska","article_modified_time":"2025-05-20T11:18:25+00:00","twitter_card":"summary_large_image","schema":{"@context":"https:\/\/schema.org","@graph":[{"@type":"WebPage","@id":"https:\/\/bozita.com\/pl\/nasza-filozofia\/szacunek-dla-zwierzat\/","url":"https:\/\/bozita.com\/pl\/nasza-filozofia\/szacunek-dla-zwierzat\/","name":"SZACUNEK DLA ZWIERZ\u0104T | Bozita Polska","isPartOf":{"@id":"https:\/\/bozita.com\/pl\/#website"},"datePublished":"2023-07-26T04:24:59+00:00","dateModified":"2025-05-20T11:18:25+00:00","breadcrumb":{"@id":"https:\/\/bozita.com\/pl\/nasza-filozofia\/szacunek-dla-zwierzat\/#breadcrumb"},"inLanguage":"pl-PL","potentialAction":[{"@type":"ReadAction","target":["https:\/\/bozita.com\/pl\/nasza-filozofia\/szacunek-dla-zwierzat\/"]}]},{"@type":"BreadcrumbList","@id":"https:\/\/bozita.com\/pl\/nasza-filozofia\/szacunek-dla-zwierzat\/#breadcrumb","itemListElement":[{"@type":"ListItem","position":1,"name":"Home","item":"https:\/\/bozita.com\/pl\/"},{"@type":"ListItem","position":2,"name":"Nasza filozofia","item":"https:\/\/bozita.com\/pl\/nasza-filozofia\/"},{"@type":"ListItem","position":3,"name":"SZACUNEK DLA ZWIERZ\u0104T"}]},{"@type":"WebSite","@id":"https:\/\/bozita.com\/pl\/#website","url":"https:\/\/bozita.com\/pl\/","name":"Bozita Polska","description":"","potentialAction":[{"@type":"SearchAction","target":{"@type":"EntryPoint","urlTemplate":"https:\/\/bozita.com\/pl\/?s={search_term_string}"},"query-input":"required name=search_term_string"}],"inLanguage":"pl-PL"}]}},"_links":{"self":[{"href":"https:\/\/bozita.com\/pl\/wp-json\/wp\/v2\/pages\/10008"}],"collection":[{"href":"https:\/\/bozita.com\/pl\/wp-json\/wp\/v2\/pages"}],"about":[{"href":"https:\/\/bozita.com\/pl\/wp-json\/wp\/v2\/types\/page"}],"author":[{"embeddable":true,"href":"https:\/\/bozita.com\/pl\/wp-json\/wp\/v2\/users\/1"}],"replies":[{"embeddable":true,"href":"https:\/\/bozita.com\/pl\/wp-json\/wp\/v2\/comments?post=10008"}],"version-history":[{"count":33,"href":"https:\/\/bozita.com\/pl\/wp-json\/wp\/v2\/pages\/10008\/revisions"}],"predecessor-version":[{"id":11736,"href":"https:\/\/bozita.com\/pl\/wp-json\/wp\/v2\/pages\/10008\/revisions\/11736"}],"up":[{"embeddable":true,"href":"https:\/\/bozita.com\/pl\/wp-json\/wp\/v2\/pages\/9926"}],"wp:attachment":[{"href":"https:\/\/bozita.com\/pl\/wp-json\/wp\/v2\/media?parent=10008"}],"curies":[{"name":"wp","href":"https:\/\/api.w.org\/{rel}","templated":true}]}}