{"id":11365,"date":"2025-03-21T13:38:48","date_gmt":"2025-03-21T13:38:48","guid":{"rendered":"https:\/\/bozita.com\/pl\/?page_id=11365"},"modified":"2025-07-02T12:43:14","modified_gmt":"2025-07-02T12:43:14","slug":"klub-hodowcow","status":"publish","type":"page","link":"https:\/\/bozita.com\/pl\/klub-hodowcow\/","title":{"rendered":"Klub Hodowc\u00f3w"},"content":{"rendered":"\t\t<section class=\"block full-width-promo \">\n\t\t<div class=\"overlay-v2\">\n\t\t\t\t\t\t\t\t<img decoding=\"async\" class=\"background-image-v2\" src=\"https:\/\/bozita.com\/pl\/wp-content\/uploads\/sites\/9\/2025\/03\/bozita-breeders-club.png\" alt=\"\">\n\t\t\t\t\t\t\t\t<div class=\"container\">\n\t\t\t\t<div class=\"row\">\n\t\t\t\t\t<div class=\"col-md-6 col-lg-5\">\n\t\t\t\t\t\t<h5>Klub Hodowc\u00f3w Bozita<\/h5><h1>Jeste\u015b hodowc\u0105 kot\u00f3w lub ps\u00f3w?<\/h1><p>Witamy w naszym klubie hodowc\u00f3w, gdzie pasja do zwierz\u0105t spotyka si\u0119 z wiedz\u0105 i do\u015bwiadczeniem, a mi\u0142o\u015b\u0107 do czworonog\u00f3w \u0142\u0105czy nas w jedn\u0105, zgran\u0105 spo\u0142eczno\u015b\u0107. \r\nRazem zmieniamy \u015bwiat na lepsze i tworzymy przysz\u0142o\u015b\u0107, w kt\u00f3rej ka\u017cda ma\u0142a \u0142apka i ogonek s\u0105 otoczone mi\u0142o\u015bci\u0105 i trosk\u0105.<\/p>\t\t\t\t\t\t\t\t\t\t\t<\/div>\n\t\t\t\t<\/div>\n\t\t\t<\/div>\n\t\t<\/div>\n\t<\/section>\n\n\n<section class=\"block card-block\">\n\t<div class=\"overlay\">\n\t\t<div class=\"container\">\n\t\t\t<div class=\"row\">\n\t\t\t\t\t\t\t\t\t\t<div class=\"col-md-6\">\n\t\t\t\t\t\t\t<div class=\"card\">\n\t\t\t\t\t\t\t\t\t\t\t\t\t\t\t\t\t<img decoding=\"async\" class=\"card-img-top\" src=\"https:\/\/bozita.com\/pl\/wp-content\/uploads\/sites\/9\/2021\/08\/bozita-cat-looking-up-promo-optimised-new.png\" alt=\"\">\n\t\t\t\t\t\t\t\t\t\t\t\t\t\t\t\t<div class=\"card-body\">\n\t\t\t\t\t\t\t\t\t<h5 class=\"sub-headline\">Klub Hodowc\u00f3w Bozita <\/h5>\n\t\t\t\t\t\t\t\t\t<h3 class=\"headline\">Hodowcy kot\u00f3w<\/h3>\n\t\t\t\t\t\t\t\t\t<p class=\"card-text\"><p><strong><span class=\"HwtZe\" lang=\"pl\"><span class=\"jCAhz ChMk0b\"><span class=\"ryNqvb\">Aby do\u0142\u0105czy\u0107 do Klubu Hodowc\u00f3w Bozita jako hodowca kot\u00f3w, zobowi\u0105zany jeste\u015b\u00a0 spe\u0142ni\u0107 nast\u0119puj\u0105ce warunki:<\/span><\/span><\/span><\/strong><\/p>\n<ul>\n<li>Posiada\u0107 w\u0142asny, zarejestrowany przydomek hodowlany.<\/li>\n<li>Posiada\u0107 po\u015bwiadczenie uczestnictwa prowadz\u0105cego hodowl\u0119 kot\u00f3w zarejestrowan\u0105 w jedenej z organizacji, o kt\u00f3rej jest mowa w Regulaminie.<\/li>\n<li>Prowadzi\u0107 hodowl\u0119 kot\u00f3w rasowych (rodowodowych) w spos\u00f3b humanitarny, dbaj\u0105c o dobro zwierz\u0105t, z zachowaniem zasad bezpiecze\u0144stwa i nale\u017cytej opieki weterynaryjnej.<\/li>\n<li>Prowadzi\u0107 hodowl\u0119 kot\u00f3w rasowych (rodowodowych) stosownie do przepis\u00f3w obowi\u0105zuj\u0105cych w odpowiedniej organizacji (kynologicznej lub innej) do kt\u00f3rej przynale\u017cysz.<\/li>\n<\/ul>\n<h3><span class=\"HwtZe\" lang=\"pl\"><span class=\"jCAhz ChMk0b\"><span class=\"ryNqvb\">KORZY\u015aCI CZ\u0141ONKA KLUBU<\/span><\/span><\/span><\/h3>\n<ul>\n<li>Atrakcyjne sta\u0142e rabaty na produkty znajduj\u0105ce si\u0119 w ofercie marki BOZITA<\/li>\n<li>Dedykowane promocje pakietowe wy\u0142\u0105cznie dla cz\u0142onk\u00f3w Klubu Hodowc\u00f3w BOZITA<\/li>\n<li>Darmow\u0105 dostaw\u0119 dla Zam\u00f3wie\u0144 powy\u017cej 200,00 z\u0142 netto<\/li>\n<li>Darmowe wyprawki dla koci\u0105t urodzonych w hodowli Cz\u0142onka Klubu Hodowcy BOZITA<\/li>\n<\/ul>\n<h3><span class=\"HwtZe\" lang=\"pl\"><span class=\"jCAhz ChMk0b\"><span class=\"ryNqvb\">ZOBOWI\u0104ZANIA CZ\u0141ONKA KLUBU<\/span><\/span><\/span><\/h3>\n<p>Ka\u017cdy z cz\u0142onk\u00f3w Klubu Hodowc\u00f3w BOZITA zobowi\u0105zany jest do:<\/p>\n<ul>\n<li>Stosowania w procesie hodowli produkt\u00f3w marki BOZITA.<\/li>\n<li>Rekomendowania nabywcom koci\u0105t produkt\u00f3w marki BOZITA oraz udzielania nabywcom niezb\u0119dnych informacji o w\u0142a\u015bciwo\u015bciach produkt\u00f3w marki BOZITA.<\/li>\n<li>Respektowania praw zwierz\u0105t wraz z zachowaniem zasad humanitaryzmu.<\/li>\n<li>Zapewnienie zwierz\u0119tom zbilansowanej diety gwarantuj\u0105cej w\u0142a\u015bciwy spos\u00f3b od\u017cywiania.<\/li>\n<li>Stosowania w\u0142a\u015bciwych zasad sanitarnych oraz nale\u017cytej opieki nad zwierz\u0119tami gwarantuj\u0105cych zachowanie dobrostanu zwierz\u0105t z zapewnieniem zasad bezpiecze\u0144stwa i opieki weterynaryjnej.<\/li>\n<li>Bezp\u0142atnego wydawania ka\u017cdemu z nabywc\u00f3w koci\u0105t kompletnych wyprawek otrzymanych od Organizatora.<\/li>\n<li>Przestrzegania zasad <a href=\"https:\/\/bozita.com\/pl\/wp-content\/uploads\/sites\/9\/2025\/07\/2025.07.02_BOZITA_Regulamin_Klubu_Hodowcow.pdf\" target=\"_blank\" rel=\"noopener\">Regulaminu.<\/a><\/li>\n<\/ul>\n<p>&nbsp;<\/p>\n<\/p>\n\t\t\t\t\t\t\t\t\t<a target=\"_self\" href=\"https:\/\/bozita.com\/pl\/zapisy-do-klubu-hodowcow-kot\/\" class=\"btn btn-primary\">Z\u0141\u00d3\u017b WNIOSEK O CZ\u0141ONKOSTWO<\/a>\n\t\t\t\t\t\t\t\t<\/div>\n\t\t\t\t\t\t\t<\/div>\n\t\t\t\t\t\t<\/div>\n\t\t\t\t\t\t\t\t\t\t\t\t<div class=\"col-md-6\">\n\t\t\t\t\t\t\t<div class=\"card\">\n\t\t\t\t\t\t\t\t\t\t\t\t\t\t\t\t\t<img decoding=\"async\" class=\"card-img-top\" src=\"https:\/\/bozita.com\/pl\/wp-content\/uploads\/sites\/9\/2025\/03\/Breeders-Club-Dog-Breeders-Image.png\" alt=\"\">\n\t\t\t\t\t\t\t\t\t\t\t\t\t\t\t\t<div class=\"card-body\">\n\t\t\t\t\t\t\t\t\t<h5 class=\"sub-headline\">Klub Hodowc\u00f3w Bozita <\/h5>\n\t\t\t\t\t\t\t\t\t<h3 class=\"headline\">Hodowcy ps\u00f3w<\/h3>\n\t\t\t\t\t\t\t\t\t<p class=\"card-text\"><p><strong><span class=\"HwtZe\" lang=\"pl\"><span class=\"jCAhz ChMk0b\"><span class=\"ryNqvb\">Aby do\u0142\u0105czy\u0107 do Klubu Hodowc\u00f3w Bozita jako hodowca ps\u00f3w, zobowi\u0105zany jeste\u015b\u00a0 spe\u0142ni\u0107 nast\u0119puj\u0105ce warunki:<\/span><\/span><\/span><\/strong><\/p>\n<ul>\n<li>Posiada\u0107 w\u0142asny, zarejestrowany przydomek hodowlany.<\/li>\n<li>Posiada\u0107 po\u015bwiadczenie uczestnictwa prowadz\u0105cego hodowl\u0119 ps\u00f3w zarejestrowan\u0105 w jedenej z organizacji, o kt\u00f3rej jest mowa w Regulaminie.<\/li>\n<li>Prowadzi\u0107 hodowl\u0119 ps\u00f3w rasowych (rodowodowych) w spos\u00f3b humanitarny, dbaj\u0105c o dobro zwierz\u0105t, z zachowaniem zasad bezpiecze\u0144stwa i nale\u017cytej opieki weterynaryjnej.<\/li>\n<li>Prowadzi\u0107 hodowl\u0119 ps\u00f3w rasowych (rodowodowych) stosownie do przepis\u00f3w obowi\u0105zuj\u0105cych w odpowiedniej organizacji (kynologicznej lub innej) do kt\u00f3rej przynale\u017cysz.<\/li>\n<\/ul>\n<h3><span class=\"HwtZe\" lang=\"pl\"><span class=\"jCAhz ChMk0b\"><span class=\"ryNqvb\">KORZY\u015aCI CZ\u0141ONKA KLUBU<\/span><\/span><\/span><\/h3>\n<ul>\n<li>Atrakcyjne sta\u0142e rabaty na produkty znajduj\u0105ce si\u0119 w ofercie marki BOZITA<\/li>\n<li>Dedykowane promocje pakietowe wy\u0142\u0105cznie dla cz\u0142onk\u00f3w Klubu Hodowc\u00f3w BOZITA<\/li>\n<li>Darmow\u0105 dostaw\u0119 dla Zam\u00f3wie\u0144 powy\u017cej 200,00 z\u0142 netto<\/li>\n<li>Darmowe wyprawki dla szczeni\u0105t urodzonych w hodowli Cz\u0142onka Klubu Hodowcy BOZITA<\/li>\n<\/ul>\n<h3><span class=\"HwtZe\" lang=\"pl\"><span class=\"jCAhz ChMk0b\"><span class=\"ryNqvb\">ZOBOWI\u0104ZANIA CZ\u0141ONKA KLUBU<\/span><\/span><\/span><\/h3>\n<p>Ka\u017cdy z cz\u0142onk\u00f3w Klubu Hodowc\u00f3w BOZITA zobowi\u0105zany jest do:<\/p>\n<ul>\n<li>Stosowania w procesie hodowli produkt\u00f3w marki BOZITA.<\/li>\n<li>Rekomendowania nabywcom szczeni\u0105t produkt\u00f3w marki BOZITA oraz udzielania niezb\u0119dnych informacji o w\u0142a\u015bciwo\u015bciach produkt\u00f3w marki BOZITA.<\/li>\n<li>Respektowania praw zwierz\u0105t wraz z zachowaniem zasad humanitaryzmu.<\/li>\n<li>Zapewnienie zwierz\u0119tom zbilansowanej diety gwarantuj\u0105cej w\u0142a\u015bciwy spos\u00f3b od\u017cywiania.<\/li>\n<li>Stosowania w\u0142a\u015bciwych zasad sanitarnych oraz nale\u017cytej opieki nad zwierz\u0119tami gwarantuj\u0105cych zachowanie dobrostanu zwierz\u0105t z zapewnieniem zasad bezpiecze\u0144stwa i opieki weterynaryjnej.<\/li>\n<li>Bezp\u0142atnego wydawania ka\u017cdemu z nabywc\u00f3w szczeni\u0105t kompletnych wyprawek otrzymanych od Organizatora.<\/li>\n<li>Przestrzegania zasad <a href=\"https:\/\/bozita.com\/pl\/wp-content\/uploads\/sites\/9\/2025\/07\/2025.07.02_BOZITA_Regulamin_Klubu_Hodowcow.pdf\" target=\"_blank\" rel=\"noopener\">Regulaminu.<\/a><\/li>\n<\/ul>\n<p>&nbsp;<\/p>\n<\/p>\n\t\t\t\t\t\t\t\t\t<a target=\"_self\" href=\"https:\/\/bozita.com\/pl\/zapisy-do-klubu-hodowcow-pies\/\" class=\"btn btn-primary\">Z\u0141\u00d3\u017b WNIOSEK O CZ\u0141ONKOSTWO<\/a>\n\t\t\t\t\t\t\t\t<\/div>\n\t\t\t\t\t\t\t<\/div>\n\t\t\t\t\t\t<\/div>\n\t\t\t\t\t\t\t\t\t<\/div>\n\t\t<\/div>\n\t<\/div>\n<\/section>\n\n\n\n\t<section class=\"block two-column-image-with-textbox overflow-disable\">\n\t\t<div class=\"container\">\n\t\t\t\t\t\t\t\t<div class=\"mb-5 no-gutters row align-items-center \n\t\t\t\t\t\t\t\t\t\t\t\t\t\t\t\t\t\t\t\t\t\t\t\">\n\t\t\t\t\t\t<div class=\"col-md-6\">\n\t\t\t\t\t\t\t\t\t\t\t\t\t\t\t\t<figure>\n\t\t\t\t\t\t\t\t\t\t\t\t\t\t\t\t\t\t\t\t\t<img decoding=\"async\" class=\"clear-opacity\" src=\"https:\/\/bozita.com\/pl\/wp-content\/uploads\/sites\/9\/2025\/04\/zamow-wyprawki-dla-szczeniat-lub-kociat.jpg\" alt=\"\">\n\t\t\t\t\t\t\t\t\t\t\t\t\t\t\t\t\t\t\t\t\t\t\t\t\t\t\t\t\t<\/figure>\n\t\t\t\t\t\t\t\t\t\t\t\t\t\t\t<\/div>\n\t\t\t\t\t\t<div class=\"col-md-6\">\n\t\t\t\t\t\t\t<div class=\"content-wrap\">\n\t\t\t\t\t\t\t\t<h2>Zam\u00f3w wyprawki dla szczeni\u0105t lub koci\u0105t <\/h2><p><p>Je\u015bli jeste\u015b cz\u0142onkiem klubu hodowc\u00f3w Bozita, mo\u017cesz zam\u00f3wi\u0107 pakiety dla szczeni\u0105t lub koci\u0105t.<\/p>\n <\/p>\t\t\t\t\t\t\t\t\t<a target=\"\" href=\"https:\/\/bozita.com\/pl\/wyprawki-dla-szczeniat-i-kociat\/\" class=\"btn btn-white\">Zam\u00f3w tutaj<\/a>\n\t\t\t\t\t\t\t\t\t\t\t\t\t\t\t\t<\/div>\n\t\t\t\t\t\t<\/div>\n\t\t\t\t\t<\/div>\n\t\t\t\t\t\t\t<\/div>\n\t<\/section>\n","protected":false},"excerpt":{"rendered":"","protected":false},"author":1,"featured_media":0,"parent":0,"menu_order":0,"comment_status":"closed","ping_status":"closed","template":"guternberg.php","meta":{"footnotes":""},"acf":[],"yoast_head":"<!-- This site is optimized with the Yoast SEO plugin v21.3 - https:\/\/yoast.com\/wordpress\/plugins\/seo\/ -->\n<title>Klub Hodowc\u00f3w | Bozita Polska<\/title>\n<meta name=\"robots\" content=\"index, follow, max-snippet:-1, max-image-preview:large, max-video-preview:-1\" \/>\n<link rel=\"canonical\" href=\"https:\/\/bozita.com\/pl\/klub-hodowcow\/\" \/>\n<meta property=\"og:locale\" content=\"pl_PL\" \/>\n<meta property=\"og:type\" content=\"article\" \/>\n<meta property=\"og:title\" content=\"Klub Hodowc\u00f3w | Bozita Polska\" \/>\n<meta property=\"og:url\" content=\"https:\/\/bozita.com\/pl\/klub-hodowcow\/\" \/>\n<meta property=\"og:site_name\" content=\"Bozita Polska\" \/>\n<meta property=\"article:modified_time\" content=\"2025-07-02T12:43:14+00:00\" \/>\n<meta name=\"twitter:card\" content=\"summary_large_image\" \/>\n<!-- \/ Yoast SEO plugin. -->","yoast_head_json":{"title":"Klub Hodowc\u00f3w | Bozita Polska","robots":{"index":"index","follow":"follow","max-snippet":"max-snippet:-1","max-image-preview":"max-image-preview:large","max-video-preview":"max-video-preview:-1"},"canonical":"https:\/\/bozita.com\/pl\/klub-hodowcow\/","og_locale":"pl_PL","og_type":"article","og_title":"Klub Hodowc\u00f3w | Bozita Polska","og_url":"https:\/\/bozita.com\/pl\/klub-hodowcow\/","og_site_name":"Bozita Polska","article_modified_time":"2025-07-02T12:43:14+00:00","twitter_card":"summary_large_image","schema":{"@context":"https:\/\/schema.org","@graph":[{"@type":"WebPage","@id":"https:\/\/bozita.com\/pl\/klub-hodowcow\/","url":"https:\/\/bozita.com\/pl\/klub-hodowcow\/","name":"Klub Hodowc\u00f3w | Bozita Polska","isPartOf":{"@id":"https:\/\/bozita.com\/pl\/#website"},"datePublished":"2025-03-21T13:38:48+00:00","dateModified":"2025-07-02T12:43:14+00:00","breadcrumb":{"@id":"https:\/\/bozita.com\/pl\/klub-hodowcow\/#breadcrumb"},"inLanguage":"pl-PL","potentialAction":[{"@type":"ReadAction","target":["https:\/\/bozita.com\/pl\/klub-hodowcow\/"]}]},{"@type":"BreadcrumbList","@id":"https:\/\/bozita.com\/pl\/klub-hodowcow\/#breadcrumb","itemListElement":[{"@type":"ListItem","position":1,"name":"Home","item":"https:\/\/bozita.com\/pl\/"},{"@type":"ListItem","position":2,"name":"Klub Hodowc\u00f3w"}]},{"@type":"WebSite","@id":"https:\/\/bozita.com\/pl\/#website","url":"https:\/\/bozita.com\/pl\/","name":"Bozita Polska","description":"","potentialAction":[{"@type":"SearchAction","target":{"@type":"EntryPoint","urlTemplate":"https:\/\/bozita.com\/pl\/?s={search_term_string}"},"query-input":"required name=search_term_string"}],"inLanguage":"pl-PL"}]}},"_links":{"self":[{"href":"https:\/\/bozita.com\/pl\/wp-json\/wp\/v2\/pages\/11365"}],"collection":[{"href":"https:\/\/bozita.com\/pl\/wp-json\/wp\/v2\/pages"}],"about":[{"href":"https:\/\/bozita.com\/pl\/wp-json\/wp\/v2\/types\/page"}],"author":[{"embeddable":true,"href":"https:\/\/bozita.com\/pl\/wp-json\/wp\/v2\/users\/1"}],"replies":[{"embeddable":true,"href":"https:\/\/bozita.com\/pl\/wp-json\/wp\/v2\/comments?post=11365"}],"version-history":[{"count":48,"href":"https:\/\/bozita.com\/pl\/wp-json\/wp\/v2\/pages\/11365\/revisions"}],"predecessor-version":[{"id":11754,"href":"https:\/\/bozita.com\/pl\/wp-json\/wp\/v2\/pages\/11365\/revisions\/11754"}],"wp:attachment":[{"href":"https:\/\/bozita.com\/pl\/wp-json\/wp\/v2\/media?parent=11365"}],"curies":[{"name":"wp","href":"https:\/\/api.w.org\/{rel}","templated":true}]}}