{"id":11371,"date":"2025-03-21T13:51:40","date_gmt":"2025-03-21T13:51:40","guid":{"rendered":"https:\/\/bozita.com\/pl\/?page_id=11371"},"modified":"2026-01-12T09:07:26","modified_gmt":"2026-01-12T09:07:26","slug":"przedstawiciele-handlowi-bozita","status":"publish","type":"page","link":"https:\/\/bozita.com\/pl\/przedstawiciele-handlowi-bozita\/","title":{"rendered":"Doradcy handlowi Bozita"},"content":{"rendered":"\t\t<section class=\"small-hero\">\n\t\t\t<div class=\"container\">\n\t\t\t\t<h5>W czym mo\u017cemy pom\u00f3c?<\/h5><h1 class=\"small-hero-title\">Zesp\u00f3\u0142 handlowy<\/h1><p><p>Nurtuj\u0105 Ciebie pytania dotycz\u0105ce naszych produkt\u00f3w oraz mo\u017cliwo\u015bci wsp\u00f3\u0142pracy? Ch\u0119tnie na nie odpowiemy. Skontaktuj si\u0119 z doradc\u0105 handlowym odpowiedzialnym za Tw\u00f3j region.<\/p>\n<\/p>\t\t\t<\/div>\n\t\t\t<\/div>\n\t\t<\/section>\n\t\n\n<section class=\"block salesrep-locator\">\n\t<div class=\"container\">\n\t\t<div class=\"row\">\n\t\t\t<div class=\"col-lg-6 text-center\">\n                <div class=\"sticky-map\">\n\t\t\t\t\t\t\t\t\t<img decoding=\"async\" src=\"https:\/\/bozita.com\/pl\/wp-content\/uploads\/sites\/9\/2025\/03\/Bozita_Poland_AreaMap.png\" alt=\"\" data-toggle=\"modal\" data-target=\"#imageModal\">\n\t\t\t\t\tKliknij map\u0119, aby zobaczy\u0107 j\u0105 w wi\u0119kszej skali.\t\t\t\t<\/div>\n\n\t\t\t<\/div>\n\t\t\t<div class=\"col-lg-6\">\n\t\t\t\t\t\t\t\t\t\t<div class=\"sales-rep\">\n                            <div class=\"info\">\n\t\t\t\t\t\t\t\t\t\t\t\t\t\t\t\t\t<img decoding=\"async\" src=\"https:\/\/bozita.com\/pl\/wp-content\/uploads\/sites\/9\/2025\/03\/SalesRep-Michal-Wanarski.png\" alt=\"\" class=\"img-fluid\">\n\t\t\t\t\t\t\t\t\t\t\t\t\t\t\t\t\t<div class=\"description\">\n\t\t\t\t\t\t\t\t\t<h5>Area 1<\/h5>\n                                \t<h3>MICHA\u0141 WANARSKI<\/h3>\n                                \t<p>Doradca Handlowy<\/p>\n<p>Mazowieckie, Lubelskie, Podlaskie<\/p>\n                                <\/div>\n\t\t\t\t\t\t\t\t<\/div>\n\t\t\t\t\t\t\t\t<div class=\"contact-details\">\n                                    <div class=\"row gx-5\">\n                                    <div class=\"col\">\n                                        <h6>E-mail<\/h6>\n\t\t\t\t\t\t\t\t\t    <span>mwanarski@ppfeurope.com<\/span>\n                                    <\/div>\n                                    <div class=\"col\">\n                                        <h6>Telefon<\/h6>\n                                        <span>511 966 075<\/span>\n                                    <\/div>\n                                    <\/div>\n\n\t\t\t\t\t\t\t\t<\/div>\n\t\t\t\t\t\t\t<\/div>\n\t\t\t\t\t\t\t\t\t\t\t\t<div class=\"sales-rep\">\n                            <div class=\"info\">\n\t\t\t\t\t\t\t\t\t\t\t\t\t\t\t\t\t<img decoding=\"async\" src=\"https:\/\/bozita.com\/pl\/wp-content\/uploads\/sites\/9\/2025\/03\/SalesRep-Marta-Gierlowska.png\" alt=\"\" class=\"img-fluid\">\n\t\t\t\t\t\t\t\t\t\t\t\t\t\t\t\t\t<div class=\"description\">\n\t\t\t\t\t\t\t\t\t<h5>Area 2<\/h5>\n                                \t<h3>MARTA GIER\u0141OWSKA<\/h3>\n                                \t<p>Doradca Handlowy<\/p>\n<p>Warmi\u0144sko-Mazurskie, Kujawsko-Pomorskie, Pomorskie<\/p>\n                                <\/div>\n\t\t\t\t\t\t\t\t<\/div>\n\t\t\t\t\t\t\t\t<div class=\"contact-details\">\n                                    <div class=\"row gx-5\">\n                                    <div class=\"col\">\n                                        <h6>E-mail<\/h6>\n\t\t\t\t\t\t\t\t\t    <span>mgierlowska@ppfeurope.com<\/span>\n                                    <\/div>\n                                    <div class=\"col\">\n                                        <h6>Telefon<\/h6>\n                                        <span>511 966 660<\/span>\n                                    <\/div>\n                                    <\/div>\n\n\t\t\t\t\t\t\t\t<\/div>\n\t\t\t\t\t\t\t<\/div>\n\t\t\t\t\t\t\t\t\t\t\t\t<div class=\"sales-rep\">\n                            <div class=\"info\">\n\t\t\t\t\t\t\t\t\t\t\t\t\t\t\t\t<div class=\"description\">\n\t\t\t\t\t\t\t\t\t<h5>Area 3<\/h5>\n                                \t<h3><\/h3>\n                                \t<p>Doradca Handlowy<\/p>\n<p>Zachodniopomorskie, Wielkopolskie, Lubuskie<\/p>\n                                <\/div>\n\t\t\t\t\t\t\t\t<\/div>\n\t\t\t\t\t\t\t\t<div class=\"contact-details\">\n                                    <div class=\"row gx-5\">\n                                    <div class=\"col\">\n                                        <h6>E-mail<\/h6>\n\t\t\t\t\t\t\t\t\t    <span><\/span>\n                                    <\/div>\n                                    <div class=\"col\">\n                                        <h6>Telefon<\/h6>\n                                        <span>511 966 660<\/span>\n                                    <\/div>\n                                    <\/div>\n\n\t\t\t\t\t\t\t\t<\/div>\n\t\t\t\t\t\t\t<\/div>\n\t\t\t\t\t\t\t\t\t\t\t\t<div class=\"sales-rep\">\n                            <div class=\"info\">\n\t\t\t\t\t\t\t\t\t\t\t\t\t\t\t\t\t<img decoding=\"async\" src=\"https:\/\/bozita.com\/pl\/wp-content\/uploads\/sites\/9\/2025\/03\/SalesRep-Izabela-Bigda.jpg\" alt=\"\" class=\"img-fluid\">\n\t\t\t\t\t\t\t\t\t\t\t\t\t\t\t\t\t<div class=\"description\">\n\t\t\t\t\t\t\t\t\t<h5>Area 5<\/h5>\n                                \t<h3>IZABELA BIGDA<\/h3>\n                                \t<p>Doradca Handlowy<\/p>\n<p>\u015al\u0105skie, Dolno\u015bl\u0105skie, Opolskie<\/p>\n                                <\/div>\n\t\t\t\t\t\t\t\t<\/div>\n\t\t\t\t\t\t\t\t<div class=\"contact-details\">\n                                    <div class=\"row gx-5\">\n                                    <div class=\"col\">\n                                        <h6>E-mail<\/h6>\n\t\t\t\t\t\t\t\t\t    <span>ibigda@ppfeurope.com<\/span>\n                                    <\/div>\n                                    <div class=\"col\">\n                                        <h6>Telefon<\/h6>\n                                        <span>511 966 997<\/span>\n                                    <\/div>\n                                    <\/div>\n\n\t\t\t\t\t\t\t\t<\/div>\n\t\t\t\t\t\t\t<\/div>\n\t\t\t\t\t\t\t\t\t\t\t\t<div class=\"sales-rep\">\n                            <div class=\"info\">\n\t\t\t\t\t\t\t\t\t\t\t\t\t\t\t\t\t<img decoding=\"async\" src=\"https:\/\/bozita.com\/pl\/wp-content\/uploads\/sites\/9\/2025\/03\/SalesRep-Nina-Plewa.png\" alt=\"\" class=\"img-fluid\">\n\t\t\t\t\t\t\t\t\t\t\t\t\t\t\t\t\t<div class=\"description\">\n\t\t\t\t\t\t\t\t\t<h5>Area 6<\/h5>\n                                \t<h3>NINA PLEWA<\/h3>\n                                \t<p>Doradca Handlowy<\/p>\n<p>\u0141\u00f3dzkie, \u015awi\u0119tokrzyskie, Mazowieckie<\/p>\n                                <\/div>\n\t\t\t\t\t\t\t\t<\/div>\n\t\t\t\t\t\t\t\t<div class=\"contact-details\">\n                                    <div class=\"row gx-5\">\n                                    <div class=\"col\">\n                                        <h6>E-mail<\/h6>\n\t\t\t\t\t\t\t\t\t    <span>nplewa@ppfeurope.com<\/span>\n                                    <\/div>\n                                    <div class=\"col\">\n                                        <h6>Telefon<\/h6>\n                                        <span>501 248 593<\/span>\n                                    <\/div>\n                                    <\/div>\n\n\t\t\t\t\t\t\t\t<\/div>\n\t\t\t\t\t\t\t<\/div>\n\t\t\t\t\t\t\t\t\t\t\t\t<div class=\"sales-rep\">\n                            <div class=\"info\">\n\t\t\t\t\t\t\t\t\t\t\t\t\t\t\t\t<div class=\"description\">\n\t\t\t\t\t\t\t\t\t<h5>Area 7<\/h5>\n                                \t<h3><\/h3>\n                                \t<p>Doradca\u00a0Handlowy<\/p>\n<p>Ma\u0142opolskie, Podkarpackie<\/p>\n                                <\/div>\n\t\t\t\t\t\t\t\t<\/div>\n\t\t\t\t\t\t\t\t<div class=\"contact-details\">\n                                    <div class=\"row gx-5\">\n                                    <div class=\"col\">\n                                        <h6>E-mail<\/h6>\n\t\t\t\t\t\t\t\t\t    <span><\/span>\n                                    <\/div>\n                                    <div class=\"col\">\n                                        <h6>Telefon<\/h6>\n                                        <span>511 966 075 \/ 511 966 997<\/span>\n                                    <\/div>\n                                    <\/div>\n\n\t\t\t\t\t\t\t\t<\/div>\n\t\t\t\t\t\t\t<\/div>\n\t\t\t\t\t\t\t\t\t<\/div>\n\n\t\t<\/div>\n\t<\/div>\n<\/section>\n<section class=\"additional-contact-wrap\">\n    <div class=\"container\">\n\n\t\t\t\t\t\t\t<h2>DODTKOWE KONTAKTY<\/h2>\n\t\t\t\t\t\t\t\t<div class=\"row\">\n\t\t\t\t\t\t\t\t\t\t<div class=\"col-lg-6\">\n\t\t\t\t\t\t\t<div class=\"sales-rep\">\n                                <div class=\"info\">\n                        \t\t\t                        \t\t\t\t\t\t\t\t<div class=\"description\">\n                        \t\t\t\t\t\t\t\t\t<h5>Channel Manager Pet Specialist Poland and Baltics<\/h5>\n                                                        \t<h3>MIKO\u0141AJ KOSEK<\/h3>\n                                                        <\/div>\n                        \t\t\t\t\t\t\t\t<\/div>\n                        \t\t\t\t\t\t\t\t<div class=\"contact-details\">\n                                                            <div class=\"row gx-5\">\n                                                            <div class=\"col\">\n                                                                <h6>E-mail<\/h6>\n                        \t\t\t\t\t\t\t\t\t    <span>mkosek@ppfeurope.com<\/span>\n                                                            <\/div>\n                                                            <div class=\"col\">\n                                                                <h6>Telefon<\/h6>\n                                                                <span>511 966 207<\/span>\n                                                            <\/div>\n                                                            <\/div>\n\n                        \t\t\t\t\t\t\t\t<\/div>\n                        \t\t\t\t\t\t\t<\/div>\n                                                <\/div>\n\n\t\t\t\t\t\t\t\t\t\t\t\t<div class=\"col-lg-6\">\n\t\t\t\t\t\t\t<div class=\"sales-rep\">\n                                <div class=\"info\">\n                        \t\t\t                                         <img decoding=\"async\" src=\"https:\/\/bozita.com\/pl\/wp-content\/uploads\/sites\/9\/2025\/03\/SalesRep-Dorota-Nawrot.png\" alt=\"\" class=\"img-fluid\">\n                                                                 \t\t\t\t\t\t\t\t<div class=\"description\">\n                        \t\t\t\t\t\t\t\t\t<h5>BOZITA COORDINATOR<\/h5>\n                                                        \t<h3>DOROTA NAWROT<\/h3>\n                                                        <\/div>\n                        \t\t\t\t\t\t\t\t<\/div>\n                        \t\t\t\t\t\t\t\t<div class=\"contact-details\">\n                                                            <div class=\"row gx-5\">\n                                                            <div class=\"col\">\n                                                                <h6>E-mail<\/h6>\n                        \t\t\t\t\t\t\t\t\t    <span>dnawrot@ppfeurope.com<\/span>\n                                                            <\/div>\n                                                            <div class=\"col\">\n                                                                <h6>Telefon<\/h6>\n                                                                <span>504 818 406<\/span>\n                                                            <\/div>\n                                                            <\/div>\n\n                        \t\t\t\t\t\t\t\t<\/div>\n                        \t\t\t\t\t\t\t<\/div>\n                                                <\/div>\n\n\t\t\t\t\t\t                <\/div>\n\t\t\t\t\t\n\t\t\t        <\/div>\n    <\/section>\n\n<div class=\"modal fade\" id=\"imageModal\" tabindex=\"-1\" role=\"dialog\" aria-labelledby=\"imageModalLabel\" aria-hidden=\"true\">\n    <div class=\"modal-dialog\">\n        <div class=\"modal-content\">\n            <div class=\"modal-body\">\n                <div class=\"position-relative\">\n                 <button type=\"button\" class=\"close\" data-dismiss=\"modal\" aria-label=\"Close\">\n                                    <span aria-hidden=\"true\">&times;<\/span>\n                                <\/button>\n                <img decoding=\"async\" src=\"https:\/\/bozita.com\/pl\/wp-content\/uploads\/sites\/9\/2025\/03\/bozita-poland-area-large-map.png\" alt=\"\" class=\"img-fluid\" id=\"popupImage\">\n         <\/div>\n            <\/div>\n        <\/div>\n    <\/div>\n<\/div>\n\n\n\n\n\t\t<section class=\"cta-image-wrap\">\n\t\t\t\t\t\t<img decoding=\"async\" class=\"background-image\" src=\"https:\/\/bozita.com\/pl\/wp-content\/uploads\/sites\/9\/2025\/03\/Bozita-Home-Breeders-Club-Image.png\" alt=\"\">\n\t\t\t\t\t\t\t<div class=\"overlay\">\n\t\t\t\t<div class=\"container text-center\">\n\t\t\t\t\t<div class=\"row\">\n\n\n\t\t\t\t\t\t<div class=\"col-sm-1\"><\/div>\n\t\t\t\t\t\t<div class=\"col-sm-10\">\n\t\t\t\t\t\t<h5>KLUB HODOWC\u00d3W BOZITA <\/h5><h3>Jeste\u015b hodowc\u0105 kot\u00f3w lub ps\u00f3w?<\/h3><p><span class=\"HwtZe\" lang=\"pl\"><span class=\"jCAhz ChMk0b\"><span class=\"ryNqvb\">Do\u0142\u0105cz do klubu hodowc\u00f3w Bozita!<\/span><\/span> <span class=\"jCAhz ChMk0b\"><span class=\"ryNqvb\">Kliknij poni\u017cszy przycisk, aby dowiedzie\u0107 si\u0119 wi\u0119cej i do\u0142\u0105czy\u0107.<\/span><\/span><\/span><\/p>\n\t\t\t\t\t\t\t\t<a target=\"\" href=\"https:\/\/bozita.com\/pl\/klub-hodowcow\/\" class=\"btn btn-white\">\n\t\t\t\t\t\t\t\tDOWIEDZ SI\u0118 WI\u0118CEJ\t\t\t\t\t\t\t\t<\/a>\n\t\t\t\t\t\t\t\t\t\t\t\t\t\t<\/div>\n\t\t\t\t\t<\/div>\n\t\t\t\t<\/div>\n\t\t\t<\/div>\n\t\t<\/section>\n\n\t\t","protected":false},"excerpt":{"rendered":"","protected":false},"author":1,"featured_media":0,"parent":0,"menu_order":0,"comment_status":"closed","ping_status":"closed","template":"guternberg.php","meta":{"footnotes":""},"acf":[],"yoast_head":"<!-- This site is optimized with the Yoast SEO plugin v21.3 - https:\/\/yoast.com\/wordpress\/plugins\/seo\/ -->\n<title>Doradcy handlowi Bozita | Bozita Polska<\/title>\n<meta name=\"robots\" content=\"index, follow, max-snippet:-1, max-image-preview:large, max-video-preview:-1\" \/>\n<link rel=\"canonical\" href=\"https:\/\/bozita.com\/pl\/przedstawiciele-handlowi-bozita\/\" \/>\n<meta property=\"og:locale\" content=\"pl_PL\" \/>\n<meta property=\"og:type\" content=\"article\" \/>\n<meta property=\"og:title\" content=\"Doradcy handlowi Bozita | Bozita Polska\" \/>\n<meta property=\"og:url\" content=\"https:\/\/bozita.com\/pl\/przedstawiciele-handlowi-bozita\/\" \/>\n<meta property=\"og:site_name\" content=\"Bozita Polska\" \/>\n<meta property=\"article:modified_time\" content=\"2026-01-12T09:07:26+00:00\" \/>\n<meta name=\"twitter:card\" content=\"summary_large_image\" \/>\n<!-- \/ Yoast SEO plugin. -->","yoast_head_json":{"title":"Doradcy handlowi Bozita | Bozita Polska","robots":{"index":"index","follow":"follow","max-snippet":"max-snippet:-1","max-image-preview":"max-image-preview:large","max-video-preview":"max-video-preview:-1"},"canonical":"https:\/\/bozita.com\/pl\/przedstawiciele-handlowi-bozita\/","og_locale":"pl_PL","og_type":"article","og_title":"Doradcy handlowi Bozita | Bozita Polska","og_url":"https:\/\/bozita.com\/pl\/przedstawiciele-handlowi-bozita\/","og_site_name":"Bozita Polska","article_modified_time":"2026-01-12T09:07:26+00:00","twitter_card":"summary_large_image","schema":{"@context":"https:\/\/schema.org","@graph":[{"@type":"WebPage","@id":"https:\/\/bozita.com\/pl\/przedstawiciele-handlowi-bozita\/","url":"https:\/\/bozita.com\/pl\/przedstawiciele-handlowi-bozita\/","name":"Doradcy handlowi Bozita | Bozita Polska","isPartOf":{"@id":"https:\/\/bozita.com\/pl\/#website"},"datePublished":"2025-03-21T13:51:40+00:00","dateModified":"2026-01-12T09:07:26+00:00","breadcrumb":{"@id":"https:\/\/bozita.com\/pl\/przedstawiciele-handlowi-bozita\/#breadcrumb"},"inLanguage":"pl-PL","potentialAction":[{"@type":"ReadAction","target":["https:\/\/bozita.com\/pl\/przedstawiciele-handlowi-bozita\/"]}]},{"@type":"BreadcrumbList","@id":"https:\/\/bozita.com\/pl\/przedstawiciele-handlowi-bozita\/#breadcrumb","itemListElement":[{"@type":"ListItem","position":1,"name":"Home","item":"https:\/\/bozita.com\/pl\/"},{"@type":"ListItem","position":2,"name":"Doradcy handlowi Bozita"}]},{"@type":"WebSite","@id":"https:\/\/bozita.com\/pl\/#website","url":"https:\/\/bozita.com\/pl\/","name":"Bozita Polska","description":"","potentialAction":[{"@type":"SearchAction","target":{"@type":"EntryPoint","urlTemplate":"https:\/\/bozita.com\/pl\/?s={search_term_string}"},"query-input":"required name=search_term_string"}],"inLanguage":"pl-PL"}]}},"_links":{"self":[{"href":"https:\/\/bozita.com\/pl\/wp-json\/wp\/v2\/pages\/11371"}],"collection":[{"href":"https:\/\/bozita.com\/pl\/wp-json\/wp\/v2\/pages"}],"about":[{"href":"https:\/\/bozita.com\/pl\/wp-json\/wp\/v2\/types\/page"}],"author":[{"embeddable":true,"href":"https:\/\/bozita.com\/pl\/wp-json\/wp\/v2\/users\/1"}],"replies":[{"embeddable":true,"href":"https:\/\/bozita.com\/pl\/wp-json\/wp\/v2\/comments?post=11371"}],"version-history":[{"count":63,"href":"https:\/\/bozita.com\/pl\/wp-json\/wp\/v2\/pages\/11371\/revisions"}],"predecessor-version":[{"id":12026,"href":"https:\/\/bozita.com\/pl\/wp-json\/wp\/v2\/pages\/11371\/revisions\/12026"}],"wp:attachment":[{"href":"https:\/\/bozita.com\/pl\/wp-json\/wp\/v2\/media?parent=11371"}],"curies":[{"name":"wp","href":"https:\/\/api.w.org\/{rel}","templated":true}]}}