{"id":11609,"date":"2025-04-30T11:16:12","date_gmt":"2025-04-30T11:16:12","guid":{"rendered":"https:\/\/bozita.com\/pl\/?page_id=11609"},"modified":"2025-04-30T11:16:13","modified_gmt":"2025-04-30T11:16:13","slug":"postbiotics-go","status":"publish","type":"page","link":"https:\/\/bozita.com\/pl\/postbiotics-go\/","title":{"rendered":"Postbiotics"},"content":{"rendered":"\n\t\t<section class=\"small-hero-with-image\">\n\t\t\t\t\t\t\t<img decoding=\"async\" class=\"background-image\" src=\"https:\/\/bozita.com\/pl\/wp-content\/uploads\/sites\/9\/2025\/04\/Postbiotics-heroimage-scaled.jpg\" alt=\"\">\n\t\t\t\t\t\t\t<div class=\"overlay-v1 overlay-bg\">\n\t\t\t\t<div class=\"container\">\n\t\t\t\t\t<div class=\"row\">\n\t\t\t\t\t\t<div class=\"col-md-6 col-lg-5\">\n\t\t\t\t\t\t\t<h1>Pierwsza i jedyna marka w Europie z postbiotykami w karmie dla ps\u00f3w i kot\u00f3w!<\/h1><p><p>Nowa Bozita z postbiotykami \u2013 dla zapewnienia Twojemu psu i kotu jeszcze lepszego wsparcia zdrowia i dobrego samopoczucia.<\/p>\n<\/p>\t\t\t\t\t\t<\/div>\n\t\t\t\t\t<\/div>\n\t\t\t\t<\/div>\n\t\t\t<\/div>\n\t\t<\/section>\n\t\t\n\n\t<div class=\"text-box-warp\">\n\t\t<div class=\"container\">\n\t\t\t<div class=\"text-content\">\n\t\t\t\t<h5>Czym w\u0142a\u015bciwie s\u0105 postbiotyki i dlaczego s\u0105 tak korzystne?<\/h5>\n<p>Badania pokazuj\u0105, \u017ce postbiotyki maj\u0105 wiele pozytywnych efekt\u00f3w zar\u00f3wno dla zdrowia, jak i samopoczucia.\u00a0Oto kilka przyk\u0142ad\u00f3w:<\/p>\n<h2>Optymalizuj\u0105 uk\u0142ad odporno\u015bciowy<\/h2>\n<p>Postbiotyki mog\u0105 pom\u00f3c uk\u0142adowi odporno\u015bciowemu reagowa\u0107 szybciej i skuteczniej, poprawiaj\u0105c zdolno\u015b\u0107 kom\u00f3rek odporno\u015bciowych do wykrywania bakterii i wirus\u00f3w.<\/p>\n<h2>Wspieraj\u0105 zdrow\u0105 flor\u0119 jelitow\u0105<\/h2>\n<p>Zr\u00f3wnowa\u017cona flora jelitowa jest niezb\u0119dna do trawienia, wch\u0142aniania sk\u0142adnik\u00f3w od\u017cywczych i og\u00f3lnego dobrego samopoczucia. Postbiotyki pomagaj\u0105 stworzy\u0107 zdrow\u0105 r\u00f3wnowag\u0119 w jelitach \u2013 co mo\u017ce r\u00f3wnie\u017c przyczyni\u0107 si\u0119 do zmniejszenia zapachu stolca.<\/p>\n<h2>Dodaj\u0105 energii i witalno\u015bci<\/h2>\n<p>Badania pokazuj\u0105, \u017ce psy otrzymuj\u0105ce postbiotyki w diecie s\u0105 bardziej aktywne, czujne i maj\u0105 lepsz\u0105 sprawno\u015b\u0107 ruchow\u0105 \u2013 nawet szybciej biegaj\u0105!<\/p>\n<h2>Jak to wszystko si\u0119 ze sob\u0105 \u0142\u0105czy \u2013 pre-, pro- i postbiotyki:<\/h2>\n<ul>\n<li><strong>Prebiotyki<\/strong>\u00a0\u2013 b\u0142onnik, kt\u00f3ry stanowi pokarm dla po\u017cytecznych bakterii w jelitach. (Od dawna znajduj\u0105 si\u0119 w suchej karmie dla ps\u00f3w Bozita Robur!)<\/li>\n<li><strong>Probiotyki<\/strong>\u00a0\u2013 \u017cywe, korzystne bakterie wspomagaj\u0105ce zdrowe trawienie i flor\u0119 jelitow\u0105. (Naturalnie wyst\u0119puj\u0105 w jelitach!)<\/li>\n<li><strong>Postbiotyki<\/strong>\u00a0\u2013 korzystne zwi\u0105zki wytwarzane, gdy bakterie probiotyczne rozk\u0142adaj\u0105 prebiotyki i inne sk\u0142adniki od\u017cywcze w jelitach.<\/li>\n<\/ul>\n<p>&nbsp;<\/p>\n<p><strong>NOWO\u015a\u0106!<\/strong>\u00a0Teraz dodali\u015bmy postbiotyki do wybranych produkt\u00f3w Bozita!<\/p>\n<h2>Innymi s\u0142owy:<\/h2>\n<p>Postbiotyki s\u0105 wynikiem interakcji mi\u0119dzy probiotykami a prebiotykami \u2013 i to w\u0142a\u015bnie te wielokierunkowo korzystne zwi\u0105zki dodali\u015bmy, by zapewni\u0107 Twojemu psu i kotu dodatkowe wsparcie w aktywnym i zdrowym \u017cyciu!<\/p>\n\t\t\t<\/div>\n\t\t<\/div>\n\t<\/div>\n\n\n<section class=\"block product-promos\">\n\t<div class=\"container\">\n\t\t<div class=\"row align-items-center\">\n\t\t\t<div class=\"col-md-5\">\n\t\t\t\t<div class=\"prdt__promos-heading\">\n\t\t\t\t\t<h3>\n\t\t\t\t\t\tDobra karma przez ca\u0142e \u017cycie\t\t\t\t\t<\/h3>\n\t\t\t\t\t\t\t\t\t<\/div>\n\t\t\t<\/div>\n\t\t\t<div class=\"col-md-7\">\n\t\t\t\t\t\t\t\t\t<div class=\"owl-carousel owl-theme product-promo-carousel\">\n\t\t\t\t\t\t\t\t\t\t\t\t\t<a href=\"https:\/\/bozita.com\/pl\/karma-dla-ps\u00f3w\/bozita-robur-mother-puppy\/\">\n\t\t\t\t\t\t\t\t<div class=\"blk__prdt-item\">\n\t\t\t\t\t\t\t\t\t<figure>\n\t\t\t\t\t\t\t\t\t\t<img loading=\"lazy\" decoding=\"async\" width=\"400\" height=\"457\" src=\"https:\/\/bozita.com\/pl\/wp-content\/uploads\/sites\/9\/2021\/06\/2035-bozita-robur-mother-puppy.png\" class=\"attachment-post-thumbnail size-post-thumbnail wp-post-image\" alt=\"Prywatne: BOZITA ROBUR MOTHER &amp; PUPPY\" srcset=\"https:\/\/bozita.com\/pl\/wp-content\/uploads\/sites\/9\/2021\/06\/2035-bozita-robur-mother-puppy.png 400w, https:\/\/bozita.com\/pl\/wp-content\/uploads\/sites\/9\/2021\/06\/2035-bozita-robur-mother-puppy-263x300.png 263w\" sizes=\"(max-width: 400px) 100vw, 400px\" \/>\t\t\t\t\t\t\t\t\t\t\t\t\t\t\t\t\t\t\t<\/figure>\n\t\t\t\t\t\t\t\t\t<h4 class=\"carousel-title\"><\/h4>\n\t\t\t\t\t\t\t\t\t<span class=\"carousel-category\">Prywatne: BOZITA ROBUR MOTHER &amp; PUPPY<\/span>\n\t\t\t\t\t\t\t\t\t  \n\t\t\t\t\t\t\t\t\t<ul class=\"category-list\">\n\t\t\t\t\t\t\t\t\t\t\t\t\t\t\t\t\t\t\t\t\t\t\t<li class=\"svg-image\">\n\t\t\t\t\t\t\t\t\t\t\t\t\t\t<img decoding=\"async\" src=\"https:\/\/bozita.com\/pl\/wp-content\/uploads\/sites\/9\/2021\/06\/icon-wheat-free.svg\" \/>\n\t\t\t\t\t\t\t\t\t\t\t\t\t<\/li>\n\t\t\t\t\t\t\t\t\t\t\t\t\t\t\t\t\t\t\t\t\t\t\t\t\t\t\t\t\t\t\t\t\t\t\t\t<li class=\"svg-image\">\n\t\t\t\t\t\t\t\t\t\t\t\t\t\t<img decoding=\"async\" src=\"https:\/\/bozita.com\/pl\/wp-content\/uploads\/sites\/9\/2021\/06\/icon-flavour-chicken.svg\" \/>\n\t\t\t\t\t\t\t\t\t\t\t\t\t<\/li>\n\t\t\t\t\t\t\t\t\t\t\t\t\t\t\t\t\t\t\t\t\t\t<\/ul>       \n\n\t\t\t\t\t\t\t\t<\/div>\n\t\t\t\t\t\t\t<\/a>\n\t\t\t\t\t\t\t\t\t\t\t\t\t\t\t\t\t\t\t\t<a href=\"https:\/\/bozita.com\/pl\/karma-dla-ps\u00f3w\/bozita-robur-adult-maintenance\/\">\n\t\t\t\t\t\t\t\t<div class=\"blk__prdt-item\">\n\t\t\t\t\t\t\t\t\t<figure>\n\t\t\t\t\t\t\t\t\t\t<img loading=\"lazy\" decoding=\"async\" width=\"1000\" height=\"1000\" src=\"https:\/\/bozita.com\/pl\/wp-content\/uploads\/sites\/9\/2021\/05\/adult-maintenance.jpg\" class=\"attachment-post-thumbnail size-post-thumbnail wp-post-image\" alt=\"Prywatne: Bozita Robur Adult Maintenance\" srcset=\"https:\/\/bozita.com\/pl\/wp-content\/uploads\/sites\/9\/2021\/05\/adult-maintenance.jpg 1000w, https:\/\/bozita.com\/pl\/wp-content\/uploads\/sites\/9\/2021\/05\/adult-maintenance-300x300.jpg 300w, https:\/\/bozita.com\/pl\/wp-content\/uploads\/sites\/9\/2021\/05\/adult-maintenance-150x150.jpg 150w, https:\/\/bozita.com\/pl\/wp-content\/uploads\/sites\/9\/2021\/05\/adult-maintenance-768x768.jpg 768w\" sizes=\"(max-width: 1000px) 100vw, 1000px\" \/>\t\t\t\t\t\t\t\t\t\t\t\t\t\t\t\t\t\t\t<\/figure>\n\t\t\t\t\t\t\t\t\t<h4 class=\"carousel-title\"><\/h4>\n\t\t\t\t\t\t\t\t\t<span class=\"carousel-category\">Prywatne: Bozita Robur Adult Maintenance<\/span>\n\t\t\t\t\t\t\t\t\t  \n\t\t\t\t\t\t\t\t\t<ul class=\"category-list\">\n\t\t\t\t\t\t\t\t\t\t\t\t\t\t\t\t\t\t\t\t\t\t\t<li class=\"svg-image\">\n\t\t\t\t\t\t\t\t\t\t\t\t\t\t<img decoding=\"async\" src=\"https:\/\/bozita.com\/pl\/wp-content\/uploads\/sites\/9\/2021\/06\/icon-wheat-free.svg\" \/>\n\t\t\t\t\t\t\t\t\t\t\t\t\t<\/li>\n\t\t\t\t\t\t\t\t\t\t\t\t\t\t\t\t\t\t\t\t\t\t\t\t\t\t\t\t\t\t\t\t\t\t\t\t<li class=\"svg-image\">\n\t\t\t\t\t\t\t\t\t\t\t\t\t\t<img decoding=\"async\" src=\"https:\/\/bozita.com\/pl\/wp-content\/uploads\/sites\/9\/2021\/06\/icon-flavour-chicken.svg\" \/>\n\t\t\t\t\t\t\t\t\t\t\t\t\t<\/li>\n\t\t\t\t\t\t\t\t\t\t\t\t\t\t\t\t\t\t\t\t\t\t<\/ul>       \n\n\t\t\t\t\t\t\t\t<\/div>\n\t\t\t\t\t\t\t<\/a>\n\t\t\t\t\t\t\t\t\t\t\t\t\t\t\t\t\t\t\t\t\t\t\t\t\t\t\t<a href=\"https:\/\/bozita.com\/pl\/karma-dla-ps\u00f3w\/bozita-robur-senior\/\">\n\t\t\t\t\t\t\t\t<div class=\"blk__prdt-item\">\n\t\t\t\t\t\t\t\t\t<figure>\n\t\t\t\t\t\t\t\t\t\t<img loading=\"lazy\" decoding=\"async\" width=\"400\" height=\"457\" src=\"https:\/\/bozita.com\/pl\/wp-content\/uploads\/sites\/9\/2021\/06\/2041-bozita-robur-senior.png\" class=\"attachment-post-thumbnail size-post-thumbnail wp-post-image\" alt=\"Prywatne: Bozita Robur Senior\" srcset=\"https:\/\/bozita.com\/pl\/wp-content\/uploads\/sites\/9\/2021\/06\/2041-bozita-robur-senior.png 400w, https:\/\/bozita.com\/pl\/wp-content\/uploads\/sites\/9\/2021\/06\/2041-bozita-robur-senior-263x300.png 263w\" sizes=\"(max-width: 400px) 100vw, 400px\" \/>\t\t\t\t\t\t\t\t\t\t\t\t\t\t\t\t\t\t\t<\/figure>\n\t\t\t\t\t\t\t\t\t<h4 class=\"carousel-title\"><\/h4>\n\t\t\t\t\t\t\t\t\t<span class=\"carousel-category\">Prywatne: Bozita Robur Senior<\/span>\n\t\t\t\t\t\t\t\t\t  \n\t\t\t\t\t\t\t\t\t<ul class=\"category-list\">\n\t\t\t\t\t\t\t\t\t\t\t\t\t\t\t\t\t\t\t\t\t\t\t<li class=\"svg-image\">\n\t\t\t\t\t\t\t\t\t\t\t\t\t\t<img decoding=\"async\" src=\"https:\/\/bozita.com\/pl\/wp-content\/uploads\/sites\/9\/2021\/06\/icon-wheat-free.svg\" \/>\n\t\t\t\t\t\t\t\t\t\t\t\t\t<\/li>\n\t\t\t\t\t\t\t\t\t\t\t\t\t\t\t\t\t\t\t\t\t\t\t\t\t\t\t\t\t\t\t\t\t\t\t\t<li class=\"svg-image\">\n\t\t\t\t\t\t\t\t\t\t\t\t\t\t<img decoding=\"async\" src=\"https:\/\/bozita.com\/pl\/wp-content\/uploads\/sites\/9\/2021\/06\/icon-flavour-chicken.svg\" \/>\n\t\t\t\t\t\t\t\t\t\t\t\t\t<\/li>\n\t\t\t\t\t\t\t\t\t\t\t\t\t\t\t\t\t\t\t\t\t\t<\/ul>       \n\n\t\t\t\t\t\t\t\t<\/div>\n\t\t\t\t\t\t\t<\/a>\n\t\t\t\t\t\t\t\t\t\t\t\t\t\t\t\t\t\t\t\t<a href=\"https:\/\/bozita.com\/pl\/karma-dla-ps\u00f3w\/bozita-robur-active-performance-old\/\">\n\t\t\t\t\t\t\t\t<div class=\"blk__prdt-item\">\n\t\t\t\t\t\t\t\t\t<figure>\n\t\t\t\t\t\t\t\t\t\t<img loading=\"lazy\" decoding=\"async\" width=\"400\" height=\"366\" src=\"https:\/\/bozita.com\/pl\/wp-content\/uploads\/sites\/9\/2021\/06\/2039-bozita-robur-active-performance-elk.png\" class=\"attachment-post-thumbnail size-post-thumbnail wp-post-image\" alt=\"Bozita Robur Active Performance\" srcset=\"https:\/\/bozita.com\/pl\/wp-content\/uploads\/sites\/9\/2021\/06\/2039-bozita-robur-active-performance-elk.png 400w, https:\/\/bozita.com\/pl\/wp-content\/uploads\/sites\/9\/2021\/06\/2039-bozita-robur-active-performance-elk-300x275.png 300w\" sizes=\"(max-width: 400px) 100vw, 400px\" \/>\t\t\t\t\t\t\t\t\t\t\t\t\t\t\t\t\t\t\t<\/figure>\n\t\t\t\t\t\t\t\t\t<h4 class=\"carousel-title\"><\/h4>\n\t\t\t\t\t\t\t\t\t<span class=\"carousel-category\">Bozita Robur Active Performance<\/span>\n\t\t\t\t\t\t\t\t\t  \n\t\t\t\t\t\t\t\t\t<ul class=\"category-list\">\n\t\t\t\t\t\t\t\t\t\t\t\t\t\t\t\t\t\t\t\t\t\t\t<li class=\"svg-image\">\n\t\t\t\t\t\t\t\t\t\t\t\t\t\t<img decoding=\"async\" src=\"https:\/\/bozita.com\/pl\/wp-content\/uploads\/sites\/9\/2021\/06\/icon-wheat-free.svg\" \/>\n\t\t\t\t\t\t\t\t\t\t\t\t\t<\/li>\n\t\t\t\t\t\t\t\t\t\t\t\t\t\t\t\t\t\t\t\t\t\t\t\t\t\t\t\t\t\t\t\t\t\t\t\t<li class=\"svg-image\">\n\t\t\t\t\t\t\t\t\t\t\t\t\t\t<img decoding=\"async\" src=\"https:\/\/bozita.com\/pl\/wp-content\/uploads\/sites\/9\/2021\/06\/icon-flavour-elk.svg\" \/>\n\t\t\t\t\t\t\t\t\t\t\t\t\t<\/li>\n\t\t\t\t\t\t\t\t\t\t\t\t\t\t\t\t\t\t\t\t\t\t<\/ul>       \n\n\t\t\t\t\t\t\t\t<\/div>\n\t\t\t\t\t\t\t<\/a>\n\t\t\t\t\t\t\t\t\t\t\t\t\t\t\t\t\t\t<\/div>\n\t\t\t\t\t\t\t<\/div>\n\t\t<\/div>\n\t<\/div>\n<\/section>\n<script>\njQuery(document).ready(function($) {\n\tjQuery('.product-promo-carousel').owlCarousel({\n\tloop: true,\n\tmargin: 10,\n\tresponsiveClass: true,\n\tresponsive: {\n\t\t0: {\n\t\titems: 1,\n\t\tnav: true\n\t\t},\n\t\t600: {\n\t\titems: 1,\n\t\tnav: true\n\t\t},\n\t\t1000: {\n\t\titems: 2,\n\t\tnav: true,\n\t\t}\n\t}\n\t})\n\tjQuery(\".owl-prev\").html('<span><<\/span>');\n\tjQuery(\".owl-next\").html('<span>><\/span>');\n\n\tvar slider = jQuery('.promo-slider-list');\n\tslider.owlCarousel();\n\tjQuery('.nextbtn-a').click(function() {\n\tslider.trigger('next.owl.carousel');\n\t})\n\t\/\/ Go to the previous item\n\tjQuery('.prebtn-a').click(function() {\n\tslider.trigger('prev.owl.carousel', [300]);\n\t})\n});\n<\/script>\n\n\n\n\t<section class=\"block explore-other-topics\">\n\t<div class=\"container\">\n\t\t<h2>Zapoznaj si\u0119 z innymi tematami<\/h2>\n\t\t<div class=\"row\">\n\t\t\t\t\t\t\t\t<div class=\"col-md-6 col-lg-3\">\n\t\t\t\t\t\t\t\t\t\t\t\t\t<h6>\u017bywienie i dieta<\/h6>\n\t\t\t\t\t\t\t\t\t\t\t\t\t<div class=\"card \">\n\t\t\t\t\t\t\t<img loading=\"lazy\" decoding=\"async\" width=\"800\" height=\"537\" src=\"https:\/\/bozita.com\/pl\/wp-content\/uploads\/sites\/9\/2021\/06\/bozita-nutrition-kost.jpg\" class=\"attachment-post-thumbnail size-post-thumbnail wp-post-image\" alt=\"\u017bycie z psem\" srcset=\"https:\/\/bozita.com\/pl\/wp-content\/uploads\/sites\/9\/2021\/06\/bozita-nutrition-kost.jpg 800w, https:\/\/bozita.com\/pl\/wp-content\/uploads\/sites\/9\/2021\/06\/bozita-nutrition-kost-300x201.jpg 300w, https:\/\/bozita.com\/pl\/wp-content\/uploads\/sites\/9\/2021\/06\/bozita-nutrition-kost-768x516.jpg 768w\" sizes=\"(max-width: 800px) 100vw, 800px\" \/>\n\t\t\t\t\t\t\t\t\t\t\t\t\t\t<div class=\"card-body\">\n\t\t\t\t\t\t\t\t\n\t\t\t\t\t\t\t\t\t\t\t\t\t\t\t\t\t<ul>\n\t\t\t\t\t\t\t\t\t\t\t\t\t\t\t\t\t\t\t\t\t<li><a href=\"https:\/\/bozita.com\/pl\/karma-dla-psow\/zywienie-i-dieta\/co-i-ile-powienien-jesc-pies\/\">Co jedz\u0105 psy? Ile powinien je\u015b\u0107 pies?<\/a><\/li>\n\t\t\t\t\t\t\t\t\t\t\t\t\t\t\t\t\t\t\t\t\t\t<li><a href=\"https:\/\/bozita.com\/pl\/karma-dla-psow\/zywienie-i-dieta\/czego-nie-moga-jesc-psy\/\">Czego nie mog\u0105 je\u015b\u0107 psy \u2013 niebezpieczne produkty<\/a><\/li>\n\t\t\t\t\t\t\t\t\t\t\t\t\t\t\t\t\t\t\t\t\t\t<li><a href=\"https:\/\/bozita.com\/pl\/karma-dla-psow\/zywienie-i-dieta\/pozbawiona-zboz-karma-dla-psa-wszystko-co-musisz-wiedziec\/\">Pozbawiona zb\u00f3\u017c karma dla psa<\/a><\/li>\n\t\t\t\t\t\t\t\t\t\t\t\t\t\t\t\t\t\t\t\t<\/ul>\n\t\t\t\t\t\t\t\t\t\t\t\t\t\t\t\t<a target=\"\" href=\"https:\/\/bozita.com\/pl\/karma-dla-psow\/zywienie-i-dieta\/\" class=\"btn btn-primary\">More Articles<\/a>\n\t\t\t\t\t\t\t<\/div>\n\t\t\t\t\t\t<\/div>\n\t\t\t\t\t<\/div>\n\t\t\t\t\t\t\t\t\t\t<div class=\"col-md-6 col-lg-3\">\n\t\t\t\t\t\t\t\t\t\t\t\t\t<h6>Aktywno\u015b\u0107 fizyczna<\/h6>\n\t\t\t\t\t\t\t\t\t\t\t\t\t<div class=\"card \">\n\t\t\t\t\t\t\t<img loading=\"lazy\" decoding=\"async\" width=\"800\" height=\"531\" src=\"https:\/\/bozita.com\/pl\/wp-content\/uploads\/sites\/9\/2021\/06\/bozita-aktivera-hund.jpg\" class=\"attachment-post-thumbnail size-post-thumbnail wp-post-image\" alt=\"Aktywno\u015b\u0107 fizyczna\" srcset=\"https:\/\/bozita.com\/pl\/wp-content\/uploads\/sites\/9\/2021\/06\/bozita-aktivera-hund.jpg 800w, https:\/\/bozita.com\/pl\/wp-content\/uploads\/sites\/9\/2021\/06\/bozita-aktivera-hund-300x199.jpg 300w, https:\/\/bozita.com\/pl\/wp-content\/uploads\/sites\/9\/2021\/06\/bozita-aktivera-hund-768x510.jpg 768w\" sizes=\"(max-width: 800px) 100vw, 800px\" \/>\n\t\t\t\t\t\t\t\t\t\t\t\t\t\t<div class=\"card-body\">\n\t\t\t\t\t\t\t\t\n\t\t\t\t\t\t\t\t\t\t\t\t\t\t\t\t\t<ul>\n\t\t\t\t\t\t\t\t\t\t\t\t\t\t\t\t\t\t\t\t\t<li><a href=\"https:\/\/bozita.com\/pl\/zycie-z-psem\/aktywnosc-fizyczna\/zachec-psa-do-aktywnosci-aby-poprawic-wspolne-relacje\/\">Aktywno\u015bci na umocnienie wi\u0119zi z Twoim psem<\/a><\/li>\n\t\t\t\t\t\t\t\t\t\t\t\t\t\t\t\t\t\t\t\t\t\t<li><a href=\"https:\/\/bozita.com\/pl\/zycie-z-psem\/aktywnosc-fizyczna\/szkolenie-rownowagi-z-astrid\/\">Szkolenie r\u00f3wnowagi z Astrid<\/a><\/li>\n\t\t\t\t\t\t\t\t\t\t\t\t\t\t\t\t\t\t\t\t<\/ul>\n\t\t\t\t\t\t\t\t\t\t\t\t\t\t\t\t<a target=\"\" href=\"https:\/\/bozita.com\/pl\/zycie-z-psem\/aktywnosc-fizyczna\/\" class=\"btn btn-primary\">More Articles<\/a>\n\t\t\t\t\t\t\t<\/div>\n\t\t\t\t\t\t<\/div>\n\t\t\t\t\t<\/div>\n\t\t\t\t\t\t\t\t\t\t<div class=\"col-md-6 col-lg-3\">\n\t\t\t\t\t\t\t\t\t\t\t\t\t<h6>Rozw\u00f3j psa<\/h6>\n\t\t\t\t\t\t\t\t\t\t\t\t\t<div class=\"card \">\n\t\t\t\t\t\t\t<img loading=\"lazy\" decoding=\"async\" width=\"800\" height=\"536\" src=\"https:\/\/bozita.com\/pl\/wp-content\/uploads\/sites\/9\/2021\/06\/bozita-hundens-utveckling.jpg\" class=\"attachment-post-thumbnail size-post-thumbnail wp-post-image\" alt=\"Rozw\u00f3j psa\" srcset=\"https:\/\/bozita.com\/pl\/wp-content\/uploads\/sites\/9\/2021\/06\/bozita-hundens-utveckling.jpg 800w, https:\/\/bozita.com\/pl\/wp-content\/uploads\/sites\/9\/2021\/06\/bozita-hundens-utveckling-300x201.jpg 300w, https:\/\/bozita.com\/pl\/wp-content\/uploads\/sites\/9\/2021\/06\/bozita-hundens-utveckling-768x515.jpg 768w\" sizes=\"(max-width: 800px) 100vw, 800px\" \/>\n\t\t\t\t\t\t\t\t\t\t\t\t\t\t<div class=\"card-body\">\n\t\t\t\t\t\t\t\t\n\t\t\t\t\t\t\t\t\t\t\t\t\t\t\t\t\t<ul>\n\t\t\t\t\t\t\t\t\t\t\t\t\t\t\t\t\t\t\t\t\t<li><a href=\"https:\/\/bozita.com\/pl\/zycie-z-psem\/rozwoj-psa\/rozwoj-psa-od-okresu-szczeniecego-do-doroslosci\/\">Rozw\u00f3j psa od okresu szczeni\u0119cego do doros\u0142o\u015bci<\/a><\/li>\n\t\t\t\t\t\t\t\t\t\t\t\t\t\t\t\t\t\t\t\t\t\t<li><a href=\"https:\/\/bozita.com\/pl\/zycie-z-psem\/rozwoj-psa\/nagly-strach-psa\/\">Czy tw\u00f3j pies nagle reaguje strachem?<\/a><\/li>\n\t\t\t\t\t\t\t\t\t\t\t\t\t\t\t\t\t\t\t\t\t\t<li><a href=\"https:\/\/bozita.com\/pl\/zycie-z-psem\/rozwoj-psa\/zostawianie-psa-samego-w-domu-jak-przyzwyczaic-do-tego-czworonoga\/\">Trening samotno\u015bci &#8211; zostawianie psa samego w domu<\/a><\/li>\n\t\t\t\t\t\t\t\t\t\t\t\t\t\t\t\t\t\t\t\t<\/ul>\n\t\t\t\t\t\t\t\t\t\t\t\t\t\t\t\t<a target=\"\" href=\"https:\/\/bozita.com\/pl\/zycie-z-psem\/rozwoj-psa\/\" class=\"btn btn-primary\">More Articles<\/a>\n\t\t\t\t\t\t\t<\/div>\n\t\t\t\t\t\t<\/div>\n\t\t\t\t\t<\/div>\n\t\t\t\t\t\t\t\t\t\t<div class=\"col-md-6 col-lg-3\">\n\t\t\t\t\t\t\t\t\t\t\t\t\t<h6>Przygotowywanie si\u0119 do kupna psa<\/h6>\n\t\t\t\t\t\t\t\t\t\t\t\t\t<div class=\"card \">\n\t\t\t\t\t\t\t<img loading=\"lazy\" decoding=\"async\" width=\"800\" height=\"532\" src=\"https:\/\/bozita.com\/pl\/wp-content\/uploads\/sites\/9\/2021\/06\/bozita-kopa-hund.jpg\" class=\"attachment-post-thumbnail size-post-thumbnail wp-post-image\" alt=\"\u017bycie z psem\" srcset=\"https:\/\/bozita.com\/pl\/wp-content\/uploads\/sites\/9\/2021\/06\/bozita-kopa-hund.jpg 800w, https:\/\/bozita.com\/pl\/wp-content\/uploads\/sites\/9\/2021\/06\/bozita-kopa-hund-300x200.jpg 300w, https:\/\/bozita.com\/pl\/wp-content\/uploads\/sites\/9\/2021\/06\/bozita-kopa-hund-768x511.jpg 768w\" sizes=\"(max-width: 800px) 100vw, 800px\" \/>\n\t\t\t\t\t\t\t\t\t\t\t\t\t\t<div class=\"card-body\">\n\t\t\t\t\t\t\t\t\n\t\t\t\t\t\t\t\t\t\t\t\t\t\t\t\t<a target=\"\" href=\"https:\/\/bozita.com\/pl\/zycie-z-psem\/buying-a-dog\/\" class=\"btn btn-primary\">More Articles<\/a>\n\t\t\t\t\t\t\t<\/div>\n\t\t\t\t\t\t<\/div>\n\t\t\t\t\t<\/div>\n\t\t\t\t\t\t\t<\/div>\n\t<\/div>\n<\/section>\n","protected":false},"excerpt":{"rendered":"","protected":false},"author":1,"featured_media":0,"parent":0,"menu_order":0,"comment_status":"closed","ping_status":"closed","template":"guternberg.php","meta":{"footnotes":""},"acf":[],"yoast_head":"<!-- This site is optimized with the Yoast SEO plugin v21.3 - https:\/\/yoast.com\/wordpress\/plugins\/seo\/ -->\n<title>Postbiotics | Bozita Polska<\/title>\n<meta name=\"robots\" content=\"index, follow, max-snippet:-1, max-image-preview:large, max-video-preview:-1\" \/>\n<link rel=\"canonical\" href=\"https:\/\/bozita.com\/pl\/postbiotics-go\/\" \/>\n<meta property=\"og:locale\" content=\"pl_PL\" \/>\n<meta property=\"og:type\" content=\"article\" \/>\n<meta property=\"og:title\" content=\"Postbiotics | Bozita Polska\" \/>\n<meta property=\"og:url\" content=\"https:\/\/bozita.com\/pl\/postbiotics-go\/\" \/>\n<meta property=\"og:site_name\" content=\"Bozita Polska\" \/>\n<meta property=\"article:modified_time\" content=\"2025-04-30T11:16:13+00:00\" \/>\n<meta name=\"twitter:card\" content=\"summary_large_image\" \/>\n<!-- \/ Yoast SEO plugin. -->","yoast_head_json":{"title":"Postbiotics | Bozita Polska","robots":{"index":"index","follow":"follow","max-snippet":"max-snippet:-1","max-image-preview":"max-image-preview:large","max-video-preview":"max-video-preview:-1"},"canonical":"https:\/\/bozita.com\/pl\/postbiotics-go\/","og_locale":"pl_PL","og_type":"article","og_title":"Postbiotics | Bozita Polska","og_url":"https:\/\/bozita.com\/pl\/postbiotics-go\/","og_site_name":"Bozita Polska","article_modified_time":"2025-04-30T11:16:13+00:00","twitter_card":"summary_large_image","schema":{"@context":"https:\/\/schema.org","@graph":[{"@type":"WebPage","@id":"https:\/\/bozita.com\/pl\/postbiotics-go\/","url":"https:\/\/bozita.com\/pl\/postbiotics-go\/","name":"Postbiotics | Bozita Polska","isPartOf":{"@id":"https:\/\/bozita.com\/pl\/#website"},"datePublished":"2025-04-30T11:16:12+00:00","dateModified":"2025-04-30T11:16:13+00:00","breadcrumb":{"@id":"https:\/\/bozita.com\/pl\/postbiotics-go\/#breadcrumb"},"inLanguage":"pl-PL","potentialAction":[{"@type":"ReadAction","target":["https:\/\/bozita.com\/pl\/postbiotics-go\/"]}]},{"@type":"BreadcrumbList","@id":"https:\/\/bozita.com\/pl\/postbiotics-go\/#breadcrumb","itemListElement":[{"@type":"ListItem","position":1,"name":"Home","item":"https:\/\/bozita.com\/pl\/"},{"@type":"ListItem","position":2,"name":"Postbiotics"}]},{"@type":"WebSite","@id":"https:\/\/bozita.com\/pl\/#website","url":"https:\/\/bozita.com\/pl\/","name":"Bozita Polska","description":"","potentialAction":[{"@type":"SearchAction","target":{"@type":"EntryPoint","urlTemplate":"https:\/\/bozita.com\/pl\/?s={search_term_string}"},"query-input":"required name=search_term_string"}],"inLanguage":"pl-PL"}]}},"_links":{"self":[{"href":"https:\/\/bozita.com\/pl\/wp-json\/wp\/v2\/pages\/11609"}],"collection":[{"href":"https:\/\/bozita.com\/pl\/wp-json\/wp\/v2\/pages"}],"about":[{"href":"https:\/\/bozita.com\/pl\/wp-json\/wp\/v2\/types\/page"}],"author":[{"embeddable":true,"href":"https:\/\/bozita.com\/pl\/wp-json\/wp\/v2\/users\/1"}],"replies":[{"embeddable":true,"href":"https:\/\/bozita.com\/pl\/wp-json\/wp\/v2\/comments?post=11609"}],"version-history":[{"count":7,"href":"https:\/\/bozita.com\/pl\/wp-json\/wp\/v2\/pages\/11609\/revisions"}],"predecessor-version":[{"id":11618,"href":"https:\/\/bozita.com\/pl\/wp-json\/wp\/v2\/pages\/11609\/revisions\/11618"}],"wp:attachment":[{"href":"https:\/\/bozita.com\/pl\/wp-json\/wp\/v2\/media?parent=11609"}],"curies":[{"name":"wp","href":"https:\/\/api.w.org\/{rel}","templated":true}]}}