{"id":6687,"date":"2021-09-23T10:40:10","date_gmt":"2021-09-23T10:40:10","guid":{"rendered":"https:\/\/bozita.com\/pl\/opiniaprobki\/"},"modified":"2021-09-29T07:32:55","modified_gmt":"2021-09-29T07:32:55","slug":"opiniaprobki","status":"publish","type":"page","link":"https:\/\/bozita.com\/pl\/opiniaprobki\/","title":{"rendered":"Opiniaprobki"},"content":{"rendered":"\t\t<section class=\"small-hero\">\n\t\t\t<div class=\"container\">\n\t\t\t\t<h1 class=\"small-hero-title\">DZI\u0118KUJEMY ZA WYPR\u00d3BOWANIE KARM BOZITA!<\/h1>\t\t\t<\/div>\n\t\t\t<\/div>\n\t\t<\/section>\n\t\n\n\t<div class=\"text-box-warp\">\n\t\t<div class=\"container\">\n\t\t\t<div class=\"text-content\">\n\t\t\t\t<p>Nieustannie pracujemy nad tym, aby coraz wi\u0119cej kot\u00f3w wypr\u00f3bowa\u0142o nasz\u0105 fantastyczn\u0105, szwedzk\u0105 karm\u0119!<\/p>\n<p>Chcia\u0142by\u015b nam pom\u00f3c rozwija\u0107 dalej wspania\u0142ej jako\u015bci produkty? Odpowiedz na kilka kr\u00f3tkich pyta\u0144, kt\u00f3re znajduj\u0105 si\u0119 na tej stronie.<\/p>\n<p>Dzi\u0119kujemy za po\u015bwi\u0119cenie Twojego czasu!<\/p>\n<p>Pozdrawiamy serdecznie,<\/p>\n<p>Bozita Polska<\/p>\n\t\t\t<\/div>\n\t\t<\/div>\n\t<\/div>\n\n\n<section class=\"block form-box\">\n<div class=\"container\">\n<h2><\/h2>\n\t<iframe style=\"height:585px; width:3802px\" src=\"https:\/\/www.surveymonkey.com\/r\/VJ2CRWF?embedded=1\"  title=\"\"><\/iframe>\n<\/div>\n<\/section>\n","protected":false},"excerpt":{"rendered":"","protected":false},"author":1,"featured_media":0,"parent":0,"menu_order":0,"comment_status":"closed","ping_status":"closed","template":"guternberg.php","meta":{"footnotes":""},"acf":[],"yoast_head":"<!-- This site is optimized with the Yoast SEO plugin v21.3 - https:\/\/yoast.com\/wordpress\/plugins\/seo\/ -->\n<title>Opiniaprobki | Bozita Polska<\/title>\n<meta name=\"robots\" content=\"index, follow, max-snippet:-1, max-image-preview:large, max-video-preview:-1\" \/>\n<link rel=\"canonical\" href=\"https:\/\/bozita.com\/pl\/opiniaprobki\/\" \/>\n<meta property=\"og:locale\" content=\"pl_PL\" \/>\n<meta property=\"og:type\" content=\"article\" \/>\n<meta property=\"og:title\" content=\"Opiniaprobki | Bozita Polska\" \/>\n<meta property=\"og:url\" content=\"https:\/\/bozita.com\/pl\/opiniaprobki\/\" \/>\n<meta property=\"og:site_name\" content=\"Bozita Polska\" \/>\n<meta property=\"article:modified_time\" content=\"2021-09-29T07:32:55+00:00\" \/>\n<meta name=\"twitter:card\" content=\"summary_large_image\" \/>\n<!-- \/ Yoast SEO plugin. -->","yoast_head_json":{"title":"Opiniaprobki | Bozita Polska","robots":{"index":"index","follow":"follow","max-snippet":"max-snippet:-1","max-image-preview":"max-image-preview:large","max-video-preview":"max-video-preview:-1"},"canonical":"https:\/\/bozita.com\/pl\/opiniaprobki\/","og_locale":"pl_PL","og_type":"article","og_title":"Opiniaprobki | Bozita Polska","og_url":"https:\/\/bozita.com\/pl\/opiniaprobki\/","og_site_name":"Bozita Polska","article_modified_time":"2021-09-29T07:32:55+00:00","twitter_card":"summary_large_image","schema":{"@context":"https:\/\/schema.org","@graph":[{"@type":"WebPage","@id":"https:\/\/bozita.com\/pl\/opiniaprobki\/","url":"https:\/\/bozita.com\/pl\/opiniaprobki\/","name":"Opiniaprobki | Bozita Polska","isPartOf":{"@id":"https:\/\/bozita.com\/pl\/#website"},"datePublished":"2021-09-23T10:40:10+00:00","dateModified":"2021-09-29T07:32:55+00:00","breadcrumb":{"@id":"https:\/\/bozita.com\/pl\/opiniaprobki\/#breadcrumb"},"inLanguage":"pl-PL","potentialAction":[{"@type":"ReadAction","target":["https:\/\/bozita.com\/pl\/opiniaprobki\/"]}]},{"@type":"BreadcrumbList","@id":"https:\/\/bozita.com\/pl\/opiniaprobki\/#breadcrumb","itemListElement":[{"@type":"ListItem","position":1,"name":"Home","item":"https:\/\/bozita.com\/pl\/"},{"@type":"ListItem","position":2,"name":"Opiniaprobki"}]},{"@type":"WebSite","@id":"https:\/\/bozita.com\/pl\/#website","url":"https:\/\/bozita.com\/pl\/","name":"Bozita Polska","description":"","potentialAction":[{"@type":"SearchAction","target":{"@type":"EntryPoint","urlTemplate":"https:\/\/bozita.com\/pl\/?s={search_term_string}"},"query-input":"required name=search_term_string"}],"inLanguage":"pl-PL"}]}},"_links":{"self":[{"href":"https:\/\/bozita.com\/pl\/wp-json\/wp\/v2\/pages\/6687"}],"collection":[{"href":"https:\/\/bozita.com\/pl\/wp-json\/wp\/v2\/pages"}],"about":[{"href":"https:\/\/bozita.com\/pl\/wp-json\/wp\/v2\/types\/page"}],"author":[{"embeddable":true,"href":"https:\/\/bozita.com\/pl\/wp-json\/wp\/v2\/users\/1"}],"replies":[{"embeddable":true,"href":"https:\/\/bozita.com\/pl\/wp-json\/wp\/v2\/comments?post=6687"}],"version-history":[{"count":5,"href":"https:\/\/bozita.com\/pl\/wp-json\/wp\/v2\/pages\/6687\/revisions"}],"predecessor-version":[{"id":8568,"href":"https:\/\/bozita.com\/pl\/wp-json\/wp\/v2\/pages\/6687\/revisions\/8568"}],"wp:attachment":[{"href":"https:\/\/bozita.com\/pl\/wp-json\/wp\/v2\/media?parent=6687"}],"curies":[{"name":"wp","href":"https:\/\/api.w.org\/{rel}","templated":true}]}}