{"id":6689,"date":"2021-08-16T08:10:32","date_gmt":"2021-08-16T08:10:32","guid":{"rendered":"https:\/\/bozita.com\/pl\/rozwoj-kotow\/"},"modified":"2022-09-29T06:55:18","modified_gmt":"2022-09-29T06:55:18","slug":"rozwoj-kotow","status":"publish","type":"page","link":"https:\/\/bozita.com\/pl\/zycie-z-kotem\/rozwoj-kotow\/","title":{"rendered":"Poznaj etapy rozwoju kota i zosta\u0144 dobrym opiekunem"},"content":{"rendered":"\n\t\t<section class=\"small-hero-with-image\">\n\t\t\t\t\t\t\t<img decoding=\"async\" class=\"background-image\" src=\"https:\/\/bozita.com\/pl\/wp-content\/uploads\/sites\/9\/2021\/06\/bozita-katt-utveckling-2.jpg\" alt=\"\">\n\t\t\t\t\t\t\t<div class=\"overlay-v1 overlay-bg\">\n\t\t\t\t<div class=\"container\">\n\t\t\t\t\t<div class=\"row\">\n\t\t\t\t\t\t<div class=\"col-md-6 col-lg-5\">\n\t\t\t\t\t\t\t<h5>Wiedza<\/h5><h1>ROZW\u00d3J KOT\u00d3W<\/h1><p><p>\u017bycie w\u0142a\u015bciciela kota mo\u017ce by\u0107 pi\u0119kne, zabawne, a czasami \u2013 nieco skomplikowane. Na pewno zdarzy si\u0119, \u017ce b\u0119dziesz zastanawia\u0107 si\u0119, co oznacza zachowanie Twojego pupila, czy jeste\u015b w\u00a0stanie przygarn\u0105\u0107 jeszcze jednego lub jak najlepiej zadba\u0107 o kociaka, aby bez problemu zadomowi\u0142 si\u0119 w nowym domu.<\/p>\n<\/p>\t\t\t\t\t\t<\/div>\n\t\t\t\t\t<\/div>\n\t\t\t\t<\/div>\n\t\t\t<\/div>\n\t\t<\/section>\n\t\t\n\n\t<div class=\"text-box-warp\">\n\t\t<div class=\"container\">\n\t\t\t<div class=\"text-content\">\n\t\t\t\t<p>W tym miejscu znajdziesz odpowiedzi na wiele z tych pyta\u0144, poznasz etapy rozwoju kota oraz jego histori\u0119. Dzi\u0119ki temu lepiej zrozumiesz kocie zwyczaje, kt\u00f3re z pocz\u0105tku mog\u0105 wydawa\u0107 si\u0119 dziwaczne. Nasi eksperci w Bozita poradz\u0105 Ci, jak pom\u00f3c swojemu kotu w budowaniu relacji z lud\u017ami, innymi kotami, psami oraz reszt\u0105 zwierz\u0105t \u2013 i nie tylko.<\/p>\n<h2><a href=\"https:\/\/bozita.com\/pl\/zycie-z-kotem\/rozwoj-kotow\/jak-wprowadzic-nowego-kota-do-domu-w-ktorym-mieszkaja-inne-koty\/\">Jak wprowadzi\u0107 nowego kota do domu, w kt\u00f3rym mieszkaj\u0105 inne koty?<\/a><\/h2>\n<p>Koci ekspert w Bozita, Elin Hirsch, jest doktorem w dziedzinie etologii specjalizuj\u0105cym si\u0119 w zachowaniu kot\u00f3w. Czy w Twoim domu wkr\u00f3tce pojawi si\u0119 nowy kot? W poni\u017cszym artykule znajdziesz porady i wskaz\u00f3wki, kt\u00f3re pomog\u0105 Ci z powodzeniem przedstawi\u0107 go domownikom.<\/p>\n<h2><a href=\"https:\/\/bozita.com\/pl\/zycie-z-kotem\/rozwoj-kotow\/fazy-rozwoju-kociaka-kiedy-kot-dorasta\/\">Fazy rozwoju kociaka &#8211; kiedy kot dorasta?<\/a><\/h2>\n<p>Dzi\u0119ki wiedzy dotycz\u0105cej tego jak wygl\u0105daj\u0105 fazy rozwoju kociaka mo\u017cesz przygotowa\u0107 si\u0119 na r\u00f3\u017cne zmiany i dopasowa\u0107 otoczenie kota do danego momentu rozwoju. Przygotowanie otoczenia i dopasowanie go do aktualnych potrzeb kota zapewni Ci mo\u017cliwo\u015b\u0107 utrzymania dobrej relacji ze zwierz\u0119ciem.<\/p>\n<h2><a href=\"https:\/\/bozita.com\/pl\/zycie-z-kotem\/rozwoj-kotow\/jak-powinno-wygladac-tresowanie-kota-lub-kociaka\/\">Jak powinno wygl\u0105da\u0107 tresowanie kota lub kociaka?<\/a><\/h2>\n<p>Czas wizyt\u0119 u weterynarza albo wyjazd na dzia\u0142k\u0119? Te sytuacje mog\u0105 sta\u0107 si\u0119 \u017ar\u00f3d\u0142em stresu zar\u00f3wno dla kota, jak i jego w\u0142a\u015bciciela. Koty maj\u0105 swoje nawyki i czuj\u0105 si\u0119 bezpiecznie w znanym otoczeniu. Podr\u00f3\u017ce lub wizyty u weterynarza nie musz\u0105 jednak by\u0107 zwi\u0105zane z niepokojem i stresem. Istniej\u0105 metody, kt\u00f3rych mo\u017cesz u\u017cy\u0107, aby przyzwyczai\u0107 swojego kota lub kociaka do nowych rzeczy. Dzi\u0119ki temu zmniejszysz ryzyko pojawienia si\u0119 negatywnych emocji u kota.<\/p>\n<h2><a href=\"https:\/\/bozita.com\/pl\/zycie-z-kotem\/rozwoj-kotow\/podrozowanie-z-kotem-to-musisz-wiedziec\/\">Podr\u00f3\u017cowanie z kotem \u2013 to musisz wiedzie\u0107<\/a><\/h2>\n<p>Podr\u00f3\u017c z kotem wymaga przygotowa\u0144 niezale\u017cnie od odleg\u0142o\u015bci, czasu podr\u00f3\u017cy i \u015brodka transportu. Je\u015bli podr\u00f3\u017cujesz z kotem za granic\u0119 musisz upewni\u0107 si\u0119, jakie regu\u0142y obowi\u0105zuj\u0105 w kraju, do kt\u00f3rego si\u0119 wybieracie np. obowi\u0105zkowe szczepionki dla kota.<\/p>\n<h2><a href=\"https:\/\/bozita.com\/pl\/zycie-z-kotem\/rozwoj-kotow\/koty-i-sen-ile-snu-potrzebuje-kot\/\">Koty i sen. Ile snu potrzebuje kot?<\/a><\/h2>\n<p>Ilo\u015b\u0107 snu na dob\u0119 jest r\u00f3\u017cna dla ka\u017cdego kota oraz zale\u017cy od czynnik\u00f3w takich, jak wiek, poziom aktywno\u015bci i osobowo\u015b\u0107. Starszy kot lub energiczny kociak mo\u017ce potrzebowa\u0107 wi\u0119cej snu ni\u017c spokojny kot domowy. Wiele os\u00f3b martwi si\u0119, \u017ce ich kot \u015bpi zbyt d\u0142ugo lub zbyt cz\u0119sto jednak rzadko zdarza si\u0119, \u017ceby tak by\u0142o. Zapoznaj\u0105c si\u0119 z poni\u017cszym artyku\u0142em dowiesz si\u0119 ile snu potrzebuje kot.<\/p>\n<h2><a href=\"https:\/\/bozita.com\/pl\/zycie-z-kotem\/rozwoj-kotow\/anatomia-kota-i-jego-fizjologia\/\">Anatomia kota i jego fizjologia<\/a><\/h2>\n<p>Cho\u0107 istnieje wiele r\u00f3\u017cnych ras i rodzaj\u00f3w kot\u00f3w, organizm ka\u017cdego z nich funkcjonuje mniej wi\u0119cej ten sam spos\u00f3b. Koty przypominaj\u0105 budow\u0105 cia\u0142a inne drapie\u017cniki obdarzone szybkim refleksem i smuk\u0142\u0105 sylwetk\u0105. Dzi\u0119ki temu mog\u0105 \u0142atwo wymkn\u0105\u0107 si\u0119 bardziej niebezpiecznym zwierz\u0119tom lub z\u0142apa\u0107 zdobycz podczas polowania. Je\u015bli chcesz zrozumie\u0107 zachowanie i potrzeby swojego kota, zapoznaj si\u0119 z jego anatomi\u0105 (budow\u0105) i\u00a0fizjologi\u0105 (sposobem funkcjonowania).<\/p>\n<h2><a href=\"https:\/\/bozita.com\/pl\/zycie-z-kotem\/rozwoj-kotow\/historia-kotow\/\">Historia kot\u00f3w<\/a><\/h2>\n<p>Koty zosta\u0142y udomowione przez ludzi tysi\u0105ce lat temu. Cho\u0107 z pocz\u0105tku ich g\u0142\u00f3wn\u0105 rol\u0105 by\u0142o zwalczanie szkodnik\u00f3w, z up\u0142ywem czasu zwierz\u0119ta te sta\u0142y si\u0119 pe\u0142noprawnymi cz\u0142onkami rodziny.<\/p>\n<h2><a href=\"https:\/\/bozita.com\/pl\/zycie-z-kotem\/rozwoj-kotow\/zachowanie-kota-i-koci-jezyk\/\">Zachowanie kota i koci j\u0119zyk<\/a><\/h2>\n<p>Interpretacja zachowa\u0144 i mowy cia\u0142a kot\u00f3w to zawsze \u015bwietna zabawa dla w\u0142a\u015bcicieli. Koci j\u0119zyk wyra\u017ca wi\u0119cej ni\u017c tysi\u0105c s\u0142\u00f3w, a ka\u017cdy kot posiada w\u0142asny wachlarz nastroj\u00f3w. Niezale\u017cnie od tego, czy nale\u017cysz do prawdziwych weteran\u00f3w w\u00a0opiece nad kotami, czy dopiero zaczynasz swoj\u0105 przygod\u0119 w kocim kr\u00f3lestwie \u2013 odszyfrowanie uczu\u0107 i my\u015bli pupila mo\u017ce okaza\u0107 si\u0119 nie lada wyzwaniem. Niekt\u00f3re sygna\u0142y s\u0105 jasne, podczas gdy inne pozostawiaj\u0105 szerokie pole do interpretacji. Obserwuj\u0105c ogon, uszy i pyszczek swojego kota, mo\u017cesz nauczy\u0107 si\u0119 je odczytywa\u0107 i zrozumie\u0107, jak Tw\u00f3j podopieczny odbiera niekt\u00f3re sytuacje.<\/p>\n<h2><a href=\"https:\/\/bozita.com\/pl\/zycie-z-kotem\/rozwoj-kotow\/jak-zapoznac-kota-z-psem-w-trzech-prostych-krokach\/\">Jak zapozna\u0107 kota z psem w trzech prostych krokach?<\/a><\/h2>\n<p>Zapoznanie kota z psem \u2013 i odwrotnie \u2013 tak, aby zwierz\u0119ta \u017cy\u0142y ze sob\u0105 w\u00a0zgodzie, cz\u0119sto si\u0119 udaje, cho\u0107 wymaga treningu i cierpliwo\u015bci. Najwa\u017cniejsze, aby zadba\u0107 o bezpiecze\u0144stwo i dogodne warunki, aby pierwsze spotkanie przebieg\u0142o jak najbardziej pozytywnie i\u00a0zako\u0144czy\u0142o si\u0119 akceptacj\u0105 drugiego zwierzaka. Poni\u017cej znajdziesz trzy proste kroki, kt\u00f3re mog\u0105 okaza\u0107 si\u0119 pomocne, je\u015bli my\u015blisz o wprowadzeniu kota do domu z\u00a0psem.<\/p>\n<h2><a href=\"https:\/\/bozita.com\/pl\/zycie-z-kotem\/rozwoj-kotow\/kocieta-rozwoj-i-socjalizacja\/\">Koci\u0119ta &#8211; rozw\u00f3j i socjalizacja<\/a><\/h2>\n<p>Pocz\u0105tkuj\u0105cy w\u0142a\u015bciciele kot\u00f3w maj\u0105 do przemy\u015blenia wiele kwestii \u2013 przede wszystkim je\u015bli chodzi o rozw\u00f3j koci\u0105t. Pierwsze do\u015bwiadczenia odgrywaj\u0105 w tym przypadku istotn\u0105 rol\u0119, wp\u0142ywaj\u0105c na zachowanie mruczk\u00f3w w okresie doros\u0142o\u015bci, odporno\u015b\u0107 na stres oraz umiej\u0119tno\u015b\u0107 radzenia sobie w nowych sytuacjach. Du\u017ce znaczenie dla zachowa\u0144 spo\u0142ecznych kota w p\u00f3\u017aniejszym okresie \u017cycia maj\u0105 przede wszystkim do\u015bwiadczenia w tak zwanym okresie socjalizacji. Dla prawid\u0142owego rozwoju kociaka jest wi\u0119c wa\u017cne, aby prze\u017cy\u0142 w tym okresie jak najwi\u0119cej pozytywnych chwil, nawet je\u015bli budowa jego relacji z cz\u0142owiekiem trwa do uko\u0144czenia czwartego miesi\u0105ca \u017cycia.<\/p>\n\t\t\t<\/div>\n\t\t<\/div>\n\t<\/div>\n\n\n\n\t<section class=\"block explore-other-topics\">\n\t<div class=\"container\">\n\t\t<h2>Zapoznaj si\u0119 z innymi tematami<\/h2>\n\t\t<div class=\"row\">\n\t\t\t\t\t\t\t\t<div class=\"col-md-6 col-lg-3\">\n\t\t\t\t\t\t\t\t\t\t\t\t\t<h6>\u017bywienie kota i Dieta dla kota<\/h6>\n\t\t\t\t\t\t\t\t\t\t\t\t\t<div class=\"card \">\n\t\t\t\t\t\t\t<img loading=\"lazy\" decoding=\"async\" width=\"800\" height=\"533\" src=\"https:\/\/bozita.com\/pl\/wp-content\/uploads\/sites\/9\/2021\/06\/bozita-nutrition-kost-katt.jpg\" class=\"attachment-post-thumbnail size-post-thumbnail wp-post-image\" alt=\"\u017bywienie kota i Dieta dla kota\" srcset=\"https:\/\/bozita.com\/pl\/wp-content\/uploads\/sites\/9\/2021\/06\/bozita-nutrition-kost-katt.jpg 800w, https:\/\/bozita.com\/pl\/wp-content\/uploads\/sites\/9\/2021\/06\/bozita-nutrition-kost-katt-300x200.jpg 300w, https:\/\/bozita.com\/pl\/wp-content\/uploads\/sites\/9\/2021\/06\/bozita-nutrition-kost-katt-768x512.jpg 768w\" sizes=\"(max-width: 800px) 100vw, 800px\" \/>\n\t\t\t\t\t\t\t\t\t\t\t\t\t\t<div class=\"card-body\">\n\t\t\t\t\t\t\t\t\n\t\t\t\t\t\t\t\t\t\t\t\t\t\t\t\t\t<ul>\n\t\t\t\t\t\t\t\t\t\t\t\t\t\t\t\t\t\t\t\t\t<li><a href=\"https:\/\/bozita.com\/pl\/karma-dla-kotow\/zywienie-i-dieta\/co-robic-gdy-kot-nie-chce-jesc-lub-pic\/\">Co robi\u0107, gdy kot nie chce je\u015b\u0107 lub pi\u0107?<\/a><\/li>\n\t\t\t\t\t\t\t\t\t\t\t\t\t\t\t\t\t\t\t\t\t\t<li><a href=\"https:\/\/bozita.com\/pl\/karma-dla-kotow\/zywienie-i-dieta\/co-jedza-koty-i-czym-karmic-kota\/\">Co jedz\u0105 koty i ile karmy powinny otrzymywa\u0107?<\/a><\/li>\n\t\t\t\t\t\t\t\t\t\t\t\t\t\t\t\t\t\t\t\t\t\t<li><a href=\"https:\/\/bozita.com\/pl\/karma-dla-kotow\/zywienie-i-dieta\/zmiana-karmy-u-kota-jak-ja-przeprowadzic\/\">Zmiana karmy u kota &#8211; jak j\u0105 przeprowadzi\u0107?<\/a><\/li>\n\t\t\t\t\t\t\t\t\t\t\t\t\t\t\t\t\t\t\t\t<\/ul>\n\t\t\t\t\t\t\t\t\t\t\t\t\t\t\t\t<a target=\"\" href=\"https:\/\/bozita.com\/pl\/karma-dla-kotow\/zywienie-i-dieta\/\" class=\"btn btn-primary\">Wi\u0119cej artyku\u0142\u00f3w<\/a>\n\t\t\t\t\t\t\t<\/div>\n\t\t\t\t\t\t<\/div>\n\t\t\t\t\t<\/div>\n\t\t\t\t\t\t\t\t\t\t<div class=\"col-md-6 col-lg-3\">\n\t\t\t\t\t\t\t\t\t\t\t\t\t<h6>Zdrowie kota i jego piel\u0119gnacja<\/h6>\n\t\t\t\t\t\t\t\t\t\t\t\t\t<div class=\"card \">\n\t\t\t\t\t\t\t<img loading=\"lazy\" decoding=\"async\" width=\"800\" height=\"533\" src=\"https:\/\/bozita.com\/pl\/wp-content\/uploads\/sites\/9\/2021\/06\/bozita-katt-halsa.jpg\" class=\"attachment-post-thumbnail size-post-thumbnail wp-post-image\" alt=\"Zdrowie kota i jego piel\u0119gnacja\" srcset=\"https:\/\/bozita.com\/pl\/wp-content\/uploads\/sites\/9\/2021\/06\/bozita-katt-halsa.jpg 800w, https:\/\/bozita.com\/pl\/wp-content\/uploads\/sites\/9\/2021\/06\/bozita-katt-halsa-300x200.jpg 300w, https:\/\/bozita.com\/pl\/wp-content\/uploads\/sites\/9\/2021\/06\/bozita-katt-halsa-768x512.jpg 768w\" sizes=\"(max-width: 800px) 100vw, 800px\" \/>\n\t\t\t\t\t\t\t\t\t\t\t\t\t\t<div class=\"card-body\">\n\t\t\t\t\t\t\t\t\n\t\t\t\t\t\t\t\t\t\t\t\t\t\t\t\t\t<ul>\n\t\t\t\t\t\t\t\t\t\t\t\t\t\t\t\t\t\t\t\t\t<li><a href=\"https:\/\/bozita.com\/pl\/zycie-z-kotem\/zdrowie-kota\/szczepienie-kota\/\">Kiedy i jak cz\u0119sto przeprowadza\u0107 szczepienie kota?<\/a><\/li>\n\t\t\t\t\t\t\t\t\t\t\t\t\t\t\t\t\t\t\t\t\t\t<li><a href=\"https:\/\/bozita.com\/pl\/zycie-z-kotem\/zdrowie-kota\/bezpieczne-swieta-dla-kota\/\">Bezpieczne \u015bwi\u0119ta dla kota<\/a><\/li>\n\t\t\t\t\t\t\t\t\t\t\t\t\t\t\t\t\t\t\t\t\t\t<li><a href=\"https:\/\/bozita.com\/pl\/zycie-z-kotem\/zdrowie-kota\/obcinanie-pazurow-u-kota-jak-czesto-nalezy-to-robic\/\">Obcinanie pazur\u00f3w u kota &#8211; cenne wskaz\u00f3wki i porady<\/a><\/li>\n\t\t\t\t\t\t\t\t\t\t\t\t\t\t\t\t\t\t\t\t<\/ul>\n\t\t\t\t\t\t\t\t\t\t\t\t\t\t\t\t<a target=\"\" href=\"https:\/\/bozita.com\/pl\/zycie-z-kotem\/zdrowie-kota\/\" class=\"btn btn-primary\">Wi\u0119cej artyku\u0142\u00f3w<\/a>\n\t\t\t\t\t\t\t<\/div>\n\t\t\t\t\t\t<\/div>\n\t\t\t\t\t<\/div>\n\t\t\t\t\t\t\t\t\t\t<div class=\"col-md-6 col-lg-3\">\n\t\t\t\t\t\t\t\t\t\t\t\t\t<h6>Zabawy dla kota<\/h6>\n\t\t\t\t\t\t\t\t\t\t\t\t\t<div class=\"card \">\n\t\t\t\t\t\t\t<img loading=\"lazy\" decoding=\"async\" width=\"1600\" height=\"578\" src=\"https:\/\/bozita.com\/pl\/wp-content\/uploads\/sites\/9\/2021\/06\/bozita-aktivera-katt.jpg\" class=\"attachment-post-thumbnail size-post-thumbnail wp-post-image\" alt=\"Kupno kota i \u017cycie z nim. Porady dla pocz\u0105tkuj\u0105cych\" srcset=\"https:\/\/bozita.com\/pl\/wp-content\/uploads\/sites\/9\/2021\/06\/bozita-aktivera-katt.jpg 1600w, https:\/\/bozita.com\/pl\/wp-content\/uploads\/sites\/9\/2021\/06\/bozita-aktivera-katt-300x108.jpg 300w, https:\/\/bozita.com\/pl\/wp-content\/uploads\/sites\/9\/2021\/06\/bozita-aktivera-katt-1024x370.jpg 1024w, https:\/\/bozita.com\/pl\/wp-content\/uploads\/sites\/9\/2021\/06\/bozita-aktivera-katt-768x277.jpg 768w, https:\/\/bozita.com\/pl\/wp-content\/uploads\/sites\/9\/2021\/06\/bozita-aktivera-katt-1536x555.jpg 1536w\" sizes=\"(max-width: 1600px) 100vw, 1600px\" \/>\n\t\t\t\t\t\t\t\t\t\t\t\t\t\t<div class=\"card-body\">\n\t\t\t\t\t\t\t\t\n\t\t\t\t\t\t\t\t\t\t\t\t\t\t\t\t\t<ul>\n\t\t\t\t\t\t\t\t\t\t\t\t\t\t\t\t\t\t\t\t\t<li><a href=\"https:\/\/bozita.com\/pl\/zycie-z-kotem\/zabawy-dla-kota\/zabawy-dla-kota\/\">Zabawy dla kota idealnym sposobem jego aktywizacji<\/a><\/li>\n\t\t\t\t\t\t\t\t\t\t\t\t\t\t\t\t\t\t\t\t<\/ul>\n\t\t\t\t\t\t\t\t\t\t\t\t\t\t\t\t<a target=\"\" href=\"https:\/\/bozita.com\/pl\/zycie-z-kotem\/zabawy-dla-kota\/\" class=\"btn btn-primary\">Wi\u0119cej artyku\u0142\u00f3w<\/a>\n\t\t\t\t\t\t\t<\/div>\n\t\t\t\t\t\t<\/div>\n\t\t\t\t\t<\/div>\n\t\t\t\t\t\t\t\t\t\t<div class=\"col-md-6 col-lg-3\">\n\t\t\t\t\t\t\t\t\t\t\t\t\t<h6>Adopcja lub kupno kota &#8211; co wzi\u0105\u0107 pod uwag\u0119<\/h6>\n\t\t\t\t\t\t\t\t\t\t\t\t\t<div class=\"card \">\n\t\t\t\t\t\t\t<img loading=\"lazy\" decoding=\"async\" width=\"600\" height=\"401\" src=\"https:\/\/bozita.com\/pl\/wp-content\/uploads\/sites\/9\/2021\/08\/Bozita_Kitten_lax_optimized-new.png\" class=\"attachment-post-thumbnail size-post-thumbnail wp-post-image\" alt=\"Adopcja lub kupno kota &#8211; co wzi\u0105\u0107 pod uwag\u0119\" srcset=\"https:\/\/bozita.com\/pl\/wp-content\/uploads\/sites\/9\/2021\/08\/Bozita_Kitten_lax_optimized-new.png 600w, https:\/\/bozita.com\/pl\/wp-content\/uploads\/sites\/9\/2021\/08\/Bozita_Kitten_lax_optimized-new-300x201.png 300w\" sizes=\"(max-width: 600px) 100vw, 600px\" \/>\n\t\t\t\t\t\t\t\t\t\t\t\t\t\t<div class=\"card-body\">\n\t\t\t\t\t\t\t\t\n\t\t\t\t\t\t\t\t\t\t\t\t\t\t\t\t\t<ul>\n\t\t\t\t\t\t\t\t\t\t\t\t\t\t\t\t\t\t\t\t\t<li><a href=\"https:\/\/bozita.com\/pl\/zycie-z-kotem\/kupno-kota\/czipowanie-kota-i-rejestracja-czipa\/\">Czipowanie kota i rejestracja czipa<\/a><\/li>\n\t\t\t\t\t\t\t\t\t\t\t\t\t\t\t\t\t\t\t\t\t\t<li><a href=\"https:\/\/bozita.com\/pl\/zycie-z-kotem\/kupno-kota\/na-jak-dlugo-mozna-zostawic-kota-samego-w-domu\/\">Na jak d\u0142ugo mo\u017cna zostawi\u0107 kota samego w domu?<\/a><\/li>\n\t\t\t\t\t\t\t\t\t\t\t\t\t\t\t\t\t\t\t\t\t\t<li><a href=\"https:\/\/bozita.com\/pl\/zycie-z-kotem\/kupno-kota\/kot-wychodzacy-kiedy-mozna-zaczac-wypuszczanie-kota-na-dwor\/\">Kot wychodz\u0105cy, naucz kota wychodzi\u0107 z domu<\/a><\/li>\n\t\t\t\t\t\t\t\t\t\t\t\t\t\t\t\t\t\t\t\t<\/ul>\n\t\t\t\t\t\t\t\t\t\t\t\t\t\t\t\t<a target=\"\" href=\"https:\/\/bozita.com\/pl\/zycie-z-kotem\/kupno-kota\/\" class=\"btn btn-primary\">Wi\u0119cej artyku\u0142\u00f3w<\/a>\n\t\t\t\t\t\t\t<\/div>\n\t\t\t\t\t\t<\/div>\n\t\t\t\t\t<\/div>\n\t\t\t\t\t\t\t<\/div>\n\t<\/div>\n<\/section>\n","protected":false},"excerpt":{"rendered":"","protected":false},"author":4,"featured_media":6690,"parent":6728,"menu_order":0,"comment_status":"closed","ping_status":"closed","template":"guternberg.php","meta":{"footnotes":""},"acf":[],"yoast_head":"<!-- This site is optimized with the Yoast SEO plugin v21.3 - https:\/\/yoast.com\/wordpress\/plugins\/seo\/ -->\n<title>Poznaj etapy rozwoju kota i zosta\u0144 dobrym opiekunem | Bozita Polska<\/title>\n<meta name=\"description\" content=\"Dowiedz si\u0119 wi\u0119cej na temat rozwoju kota oraz jego zachowa\u0144 i pom\u00f3\u017c mu dogada\u0107 si\u0119 z lud\u017ami, a tak\u017ce innymi zwierz\u0119tami.\" \/>\n<meta name=\"robots\" content=\"index, follow, max-snippet:-1, max-image-preview:large, max-video-preview:-1\" \/>\n<link rel=\"canonical\" href=\"https:\/\/bozita.com\/pl\/zycie-z-kotem\/rozwoj-kotow\/\" \/>\n<meta property=\"og:locale\" content=\"pl_PL\" \/>\n<meta property=\"og:type\" content=\"article\" \/>\n<meta property=\"og:title\" content=\"Poznaj etapy rozwoju kota i zosta\u0144 dobrym opiekunem | Bozita Polska\" \/>\n<meta property=\"og:description\" content=\"Dowiedz si\u0119 wi\u0119cej na temat rozwoju kota oraz jego zachowa\u0144 i pom\u00f3\u017c mu dogada\u0107 si\u0119 z lud\u017ami, a tak\u017ce innymi zwierz\u0119tami.\" \/>\n<meta property=\"og:url\" content=\"https:\/\/bozita.com\/pl\/zycie-z-kotem\/rozwoj-kotow\/\" \/>\n<meta property=\"og:site_name\" content=\"Bozita Polska\" \/>\n<meta property=\"article:modified_time\" content=\"2022-09-29T06:55:18+00:00\" \/>\n<meta property=\"og:image\" content=\"https:\/\/bozita.com\/pl\/wp-content\/uploads\/sites\/9\/2021\/06\/bozita-katt-utveckling-2.jpg\" \/>\n\t<meta property=\"og:image:width\" content=\"1600\" \/>\n\t<meta property=\"og:image:height\" content=\"578\" \/>\n\t<meta property=\"og:image:type\" content=\"image\/jpeg\" \/>\n<meta name=\"twitter:card\" content=\"summary_large_image\" \/>\n<!-- \/ Yoast SEO plugin. -->","yoast_head_json":{"title":"Poznaj etapy rozwoju kota i zosta\u0144 dobrym opiekunem | Bozita Polska","description":"Dowiedz si\u0119 wi\u0119cej na temat rozwoju kota oraz jego zachowa\u0144 i pom\u00f3\u017c mu dogada\u0107 si\u0119 z lud\u017ami, a tak\u017ce innymi zwierz\u0119tami.","robots":{"index":"index","follow":"follow","max-snippet":"max-snippet:-1","max-image-preview":"max-image-preview:large","max-video-preview":"max-video-preview:-1"},"canonical":"https:\/\/bozita.com\/pl\/zycie-z-kotem\/rozwoj-kotow\/","og_locale":"pl_PL","og_type":"article","og_title":"Poznaj etapy rozwoju kota i zosta\u0144 dobrym opiekunem | Bozita Polska","og_description":"Dowiedz si\u0119 wi\u0119cej na temat rozwoju kota oraz jego zachowa\u0144 i pom\u00f3\u017c mu dogada\u0107 si\u0119 z lud\u017ami, a tak\u017ce innymi zwierz\u0119tami.","og_url":"https:\/\/bozita.com\/pl\/zycie-z-kotem\/rozwoj-kotow\/","og_site_name":"Bozita Polska","article_modified_time":"2022-09-29T06:55:18+00:00","og_image":[{"width":1600,"height":578,"url":"https:\/\/bozita.com\/pl\/wp-content\/uploads\/sites\/9\/2021\/06\/bozita-katt-utveckling-2.jpg","type":"image\/jpeg"}],"twitter_card":"summary_large_image","schema":{"@context":"https:\/\/schema.org","@graph":[{"@type":"WebPage","@id":"https:\/\/bozita.com\/pl\/zycie-z-kotem\/rozwoj-kotow\/","url":"https:\/\/bozita.com\/pl\/zycie-z-kotem\/rozwoj-kotow\/","name":"Poznaj etapy rozwoju kota i zosta\u0144 dobrym opiekunem | Bozita Polska","isPartOf":{"@id":"https:\/\/bozita.com\/pl\/#website"},"datePublished":"2021-08-16T08:10:32+00:00","dateModified":"2022-09-29T06:55:18+00:00","description":"Dowiedz si\u0119 wi\u0119cej na temat rozwoju kota oraz jego zachowa\u0144 i pom\u00f3\u017c mu dogada\u0107 si\u0119 z lud\u017ami, a tak\u017ce innymi zwierz\u0119tami.","breadcrumb":{"@id":"https:\/\/bozita.com\/pl\/zycie-z-kotem\/rozwoj-kotow\/#breadcrumb"},"inLanguage":"pl-PL","potentialAction":[{"@type":"ReadAction","target":["https:\/\/bozita.com\/pl\/zycie-z-kotem\/rozwoj-kotow\/"]}]},{"@type":"BreadcrumbList","@id":"https:\/\/bozita.com\/pl\/zycie-z-kotem\/rozwoj-kotow\/#breadcrumb","itemListElement":[{"@type":"ListItem","position":1,"name":"Home","item":"https:\/\/bozita.com\/pl\/"},{"@type":"ListItem","position":2,"name":"Kupno kota i \u017cycie z nim. Porady dla pocz\u0105tkuj\u0105cych","item":"https:\/\/bozita.com\/pl\/zycie-z-kotem\/"},{"@type":"ListItem","position":3,"name":"Poznaj etapy rozwoju kota i zosta\u0144 dobrym opiekunem"}]},{"@type":"WebSite","@id":"https:\/\/bozita.com\/pl\/#website","url":"https:\/\/bozita.com\/pl\/","name":"Bozita Polska","description":"","potentialAction":[{"@type":"SearchAction","target":{"@type":"EntryPoint","urlTemplate":"https:\/\/bozita.com\/pl\/?s={search_term_string}"},"query-input":"required name=search_term_string"}],"inLanguage":"pl-PL"}]}},"_links":{"self":[{"href":"https:\/\/bozita.com\/pl\/wp-json\/wp\/v2\/pages\/6689"}],"collection":[{"href":"https:\/\/bozita.com\/pl\/wp-json\/wp\/v2\/pages"}],"about":[{"href":"https:\/\/bozita.com\/pl\/wp-json\/wp\/v2\/types\/page"}],"author":[{"embeddable":true,"href":"https:\/\/bozita.com\/pl\/wp-json\/wp\/v2\/users\/4"}],"replies":[{"embeddable":true,"href":"https:\/\/bozita.com\/pl\/wp-json\/wp\/v2\/comments?post=6689"}],"version-history":[{"count":11,"href":"https:\/\/bozita.com\/pl\/wp-json\/wp\/v2\/pages\/6689\/revisions"}],"predecessor-version":[{"id":9500,"href":"https:\/\/bozita.com\/pl\/wp-json\/wp\/v2\/pages\/6689\/revisions\/9500"}],"up":[{"embeddable":true,"href":"https:\/\/bozita.com\/pl\/wp-json\/wp\/v2\/pages\/6728"}],"wp:featuredmedia":[{"embeddable":true,"href":"https:\/\/bozita.com\/pl\/wp-json\/wp\/v2\/media\/6690"}],"wp:attachment":[{"href":"https:\/\/bozita.com\/pl\/wp-json\/wp\/v2\/media?parent=6689"}],"curies":[{"name":"wp","href":"https:\/\/api.w.org\/{rel}","templated":true}]}}