{"id":6697,"date":"2021-08-12T17:58:28","date_gmt":"2021-08-12T17:58:28","guid":{"rendered":"https:\/\/bozita.com\/pl\/polityka-prywatnosci\/"},"modified":"2025-01-16T12:14:58","modified_gmt":"2025-01-16T12:14:58","slug":"polityka-prywatnosci","status":"publish","type":"page","link":"https:\/\/bozita.com\/pl\/polityka-prywatnosci\/","title":{"rendered":"Polityka Prywatno\u015b"},"content":{"rendered":"\t\t<section class=\"small-hero\">\n\t\t\t<div class=\"container\">\n\t\t\t\t<h5>Bozita<\/h5><h1 class=\"small-hero-title\">POLITYKA PRYWATNO\u015aCI<\/h1>\t\t\t<\/div>\n\t\t\t<\/div>\n\t\t<\/section>\n\t\n\n\t<div class=\"text-box-warp\">\n\t\t<div class=\"container\">\n\t\t\t<div class=\"text-content\">\n\t\t\t\t<p><strong>Kontaktuj\u0105c si\u0119 z Partner in Pet Food Nordics AB \u2013 jako cz\u0142onek\/uczestnik konkursu\/przy kontaktach z Doggy \u2013 powinni Pa\u0144stwo mie\u0107 zawsze poczucie bezpiecze\u0144stwa w kwestii sposobu, w jaki post\u0119pujemy z Pa\u0144stwa danymi. Z powodu nowego rozporz\u0105dzenia UE w zakresie ochrony danych osobowych (Rozporz\u0105dzenie Og\u00f3lne o Ochronie Danych Osobowych, RODO) dostosowujemy i precyzujemy nasz\u0105 polityk\u0119 prywatno\u015bci od 25 maja 2018 r. RODO stawia wy\u017csze wymagania wobec nas jako przedsi\u0119biorstwa, co naszym zdaniem jest pozytywn\u0105 zmian\u0105, ale nie b\u0119dzie si\u0119 to wi\u0105za\u0142o z \u017cadnymi widocznymi zmianami dla os\u00f3b, kt\u00f3re kontaktuj\u0105 si\u0119 z Partner in Pet Food Nordics AB z r\u00f3\u017cnych powod\u00f3w. Ju\u017c teraz chronimy Pa\u0144stwa prywatno\u015b\u0107 i uwa\u017camy, \u017ce dalsze utrzymanie wysokiego poziomu ochrony Pa\u0144stwa danych osobowych jest wa\u017cne. Zach\u0119camy do kontaktu z nami, je\u017celi maj\u0105 Pa\u0144stwo jakie\u015b pytania w tej kwestii lub zastrze\u017cenia dotycz\u0105ce przetwarzania przez nas Pa\u0144stwa danych osobowych.<\/strong><\/p>\n<ol>\n<li><strong>Informacje o przetwarzaniu Pa\u0144stwa danych osobowych<\/strong><br \/>\nPartner in Pet Food Nordics AB chroni Pa\u0144stwa prywatno\u015b\u0107 i chcemy, \u017ceby czuli si\u0119 Pa\u0144stwo bezpiecznie, przekazuj\u0105c nam swoje dane. Jako Partner in Pet Food Nordics AB uwa\u017camy, \u017ce wa\u017cna jest otwarto\u015b\u0107 w kwestii sposobu przetwarzania Pa\u0144stwa danych osobowych oraz zapewnienie Pa\u0144stwu informacji w spos\u00f3b, kt\u00f3ry zapewni, \u017ce b\u0119d\u0105 Pa\u0144stwo mieli jasno\u015b\u0107, jak b\u0119dziemy przetwarzali Pa\u0144stwa dane osobowe.<\/li>\n<\/ol>\n<p>Niniejsza polityka prywatno\u015bci dostarczy Pa\u0144stwu informacji o tym, jak przetwarzamy Pa\u0144stwa dane osobowe. Aktualna wersja polityki prywatno\u015bci dost\u0119pna jest pod adresem\u00a0<a href=\"http:\/\/www.doggyab.se\/\">www.doggyab.se<\/a>.<\/p>\n<p>Prosimy o kontakt, je\u017celi maj\u0105 Pa\u0144stwo jakie\u015b pytania lub uwagi.<\/p>\n<ol start=\"2\">\n<li><strong>Odpowiedzialno\u015b\u0107 za Pa\u0144stwa dane osobowe<\/strong><br \/>\nZa Pa\u0144stwa dane osobowe odpowiada Partner in Pet Food Nordics AB o numerze rejestrowym 556055-5129. Nie mamy obowi\u0105zku posiada\u0107 przedstawiciela do spraw ochrony danych osobowych, zatem wszystkie pytania dotycz\u0105ce wykorzystywania przez nas Pa\u0144stwa danych osobowych nale\u017cy kierowa\u0107 pod ni\u017cej podane dane kontaktowe.<\/li>\n<\/ol>\n<p>E-mail:\u00a0<a href=\"mailto:dataprotection@doggy.se\">dataprotection@doggy.se<\/a><\/p>\n<p>Centrala: 0322-61 78 00<\/p>\n<p>Naszym celem jest zapewnienie Pa\u0144stwu zrozumia\u0142ych i prawid\u0142owych informacji o wykorzystaniu Pa\u0144stwa danych osobowych. Prywatno\u015b\u0107 jest dla nas istotna i ca\u0142y czas wprowadzamy ulepszenia, \u017ceby osoby, kt\u00f3re si\u0119 z nami kontaktuj\u0105, mog\u0142y zawsze czu\u0107 si\u0119 bezpiecznie, przekazuj\u0105c nam swoje dane osobowe.<\/p>\n<ol start=\"3\">\n<li><strong>Jakie dane osobowe zbiera Partner in Pet Food Nordics AB?<\/strong><br \/>\nPrzetwarzamy dane osobowe wy\u0142\u0105cznie wtedy, kiedy mamy do tego podstawy prawne. Nie przetwarzamy danych osobowych<\/li>\n<\/ol>\n<p>w przypadkach, w kt\u00f3rych nie jest to niezb\u0119dne do wype\u0142nienia zobowi\u0105za\u0144 wynikaj\u0105cych z prawa lub<\/p>\n<p>innego rodzaju przepis\u00f3w czy um\u00f3w.<\/p>\n<p>Przekazywane do Doggy dane osobowe w zale\u017cno\u015bci od sprawy mog\u0105 stanowi\u0107:<\/p>\n<ul>\n<li>Imi\u0119 i nazwisko<\/li>\n<li>Adres<\/li>\n<li>Adres e-mail<\/li>\n<li>Numer telefonu<\/li>\n<li>Numer ewidencyjny<\/li>\n<li>Informacje zwi\u0105zane ze spraw\u0105<\/li>\n<li>Informacje dla obs\u0142ugi klienta<\/li>\n<li>Dane, kt\u00f3re przeka\u017c\u0105 Pa\u0144stwo dobrowolnie i z w\u0142asnej woli<\/li>\n<li>Tre\u015bci\/zdj\u0119cia, kt\u00f3re Pa\u0144stwo sami opublikuj\u0105 na naszych profilach w mediach spo\u0142eczno\u015bciowych, tak zwane tre\u015bci generowane przez u\u017cytkownik\u00f3w<\/li>\n<\/ul>\n<p>Bardziej szczeg\u00f3\u0142owe informacje o zarz\u0105dzaniu danymi osobowymi znajduj\u0105 si\u0119 w punkcie 4.<\/p>\n<ol start=\"4\">\n<li><strong>Dlaczego Partner in Pet Food Nordics AB przetwarza Pa\u0144stwa dane osobowe?<\/strong><br \/>\nKiedy przekazuj\u0105 Pa\u0144stwo swoje dane osobowe Partner in Pet Food Nordics AB, wykorzystujemy je do ni\u017cej wymienionych cel\u00f3w, w oparciu o poni\u017csze podstawy prawne i przechowujemy je przez wskazany poni\u017cej okres:<\/li>\n<li><strong>a)<\/strong><strong>\u00a0Obowi\u0105zki prawne:\u00a0Cele wykorzystania Pa\u0144stwa danych osobowych:<\/strong><br \/>\nW celu wype\u0142nienia obowi\u0105zk\u00f3w prawnych firmy w zakresie bezpiecze\u0144stwa produkt\u00f3w, decyzji urz\u0119dowych, wymog\u00f3w dotycz\u0105cych ksi\u0119gowo\u015bci lub prawa podatkowego.<\/li>\n<\/ol>\n<p><strong><u>Nasza podstawa prawna dla tego celu to:<\/u><\/strong><br \/>\nPodstaw\u0105 prawn\u0105 jest mo\u017cliwo\u015b\u0107 wype\u0142nienia naszych obowi\u0105zk\u00f3w prawnych wynikaj\u0105cych z obowi\u0105zuj\u0105cego ustawodawstwa.<\/p>\n<p><strong><u>Przechowywanie i okres przechowywania danych:<br \/>\n<\/u><\/strong>Dane s\u0105 przechowywane przez okres wymagany zgodnie z maj\u0105cymi zastosowanie przepisami prawa.<\/p>\n<ol>\n<li><strong>b)\u00a0<\/strong><strong>Cz\u0142onkostwo<\/strong>:\u00a0<strong>Cele wykorzystania Pa\u0144stwa danych osobowych:<\/strong><br \/>\nZarz\u0105dzanie Pa\u0144stwa cz\u0142onkostwem w naszych klubach hodowc\u00f3w lub klubach cz\u0142onkowskich.<\/li>\n<\/ol>\n<p><strong><u>Nasza podstawa prawna dla tego celu to:<\/u><\/strong><br \/>\nZawarta przez nas z Pa\u0144stwem umowa stanowi podstaw\u0119 prawn\u0105 zarz\u0105dzania Pa\u0144stwa umow\u0105 dotycz\u0105c\u0105 cz\u0142onkostwa i zarz\u0105dzania Pa\u0144stwa korzy\u015bciami cz\u0142onkowskimi.<\/p>\n<p><strong><u>Przechowywanie i okres przechowywania danych:<\/u><\/strong><br \/>\nFirma przechowuje istotne i aktualne dane zwi\u0105zane z Pa\u0144stwa cz\u0142onkostwem tak d\u0142ugo, jak pozostaj\u0105 Pa\u0144stwo naszymi cz\u0142onkami. Je\u017celi zrezygnuj\u0105 Pa\u0144stwo z cz\u0142onkostwa, niezw\u0142ocznie usuniemy Pa\u0144stwa dane osobowe, najp\u00f3\u017aniej 1 miesi\u0105c po otrzymaniu od Pa\u0144stwa wiadomo\u015bci o rezygnacji. Je\u017celi pozostawali Pa\u0144stwo nieaktywni przez 3 lata z rz\u0119du, zako\u0144czymy Pa\u0144stwa cz\u0142onkostwo i tym samym usuniemy wszystkie Pa\u0144stwa dane osobowe. Je\u017celi nie chc\u0105 ju\u017c Pa\u0144stwo otrzymywa\u0107 wiadomo\u015bci marketingowych od Doggy, mog\u0105 Pa\u0144stwo w ka\u017cdej chwili zrezygnowa\u0107 z ich otrzymywania.<\/p>\n<ol>\n<li><strong>c)\u00a0<\/strong><strong>Obs\u0142uga klienta: Cele wykorzystania Pa\u0144stwa danych osobowych:<\/strong><br \/>\nAby umo\u017cliwi\u0107 za\u0142atwianie spraw zwi\u0105zanych z obs\u0142ug\u0105 klienta, zbieramy takie dane osobowe jak przekazane podczas kontaktu z nasz\u0105 obs\u0142ug\u0105 klienta informacje dotycz\u0105ce sprawy.<\/li>\n<\/ol>\n<p><strong><u>Nasza podstawa prawna dla tego celu to:<\/u><\/strong><br \/>\nPodstaw\u0119 prawn\u0105 stanowi uzasadniony interes firmy, a przetwarzanie danych jest konieczne, aby\u015bmy mogli udzieli\u0107 Pa\u0144stwu pomocy w razie pyta\u0144 dotycz\u0105cych produkt\u00f3w lub skarg zwi\u0105zanych z naszymi produktami, a tak\u017ce w przypadku dodatkowych pyta\u0144 dotycz\u0105cych sprawy. Je\u015bli Pa\u0144stwa pytanie dotyczy reklamacji, Pa\u0144stwa dane s\u0105 przetwarzane w celu wype\u0142nienia naszych obowi\u0105zk\u00f3w wynikaj\u0105cych z przepis\u00f3w o ochronie praw konsument\u00f3w.<\/p>\n<p><strong><u>Przechowywanie i okres przechowywania danych:<br \/>\n<\/u><\/strong>Dane zwi\u0105zane z obs\u0142ug\u0105 klienta\/reklamacj\u0105 przechowywane s\u0105 do zako\u0144czenia sprawy.<\/p>\n<ol>\n<li><strong>d)\u00a0<\/strong><strong>Konkursy\/wydarzenia:\u00a0Cele wykorzystania Pa\u0144stwa danych osobowych:<\/strong><br \/>\nUmo\u017cliwienie obs\u0142ugi Pa\u0144stwa uczestnictwa w konkursach i wydarzeniach.<\/li>\n<\/ol>\n<p><strong><u>Nasza podstawa prawna dla tego celu to:<\/u><\/strong><br \/>\nPodstaw\u0105 prawn\u0105 jest nasz uzasadniony interes polegaj\u0105cy na mo\u017cliwo\u015bci zarz\u0105dzania lub kontroli konkurs\u00f3w i wydarze\u0144, np. potwierdzanie zg\u0142osze\u0144 czy pytania lub informacje dotycz\u0105ce zwyci\u0119zc\u00f3w.<\/p>\n<p><strong><u>Przechowywanie i okres przechowywania danych:<br \/>\n<\/u><\/strong>Zebrane dane przechowywane s\u0105 do momentu zako\u0144czenia konkursu\/wydarzenia.<\/p>\n<ol>\n<li><strong>e)<\/strong><strong>\u00a0Og\u00f3lne cele marketingowe:\u00a0Cele wykorzystania Pa\u0144stwa danych osobowych:<\/strong><br \/>\nWysy\u0142anie og\u00f3lnych wiadomo\u015bci marketingowych (takich jak broszury czy oferty) oraz marketing bezpo\u015bredni poprzez e-mail, SMS, poczt\u0105 lub za po\u015brednictwem medi\u00f3w spo\u0142eczno\u015bciowych.<\/li>\n<\/ol>\n<p><strong><u>Nasza podstawa prawna dla tego celu to:<\/u><\/strong><br \/>\nDoggy mo\u017ce przetwarza\u0107 Pa\u0144stwa dane osobowe zebrane w wyniku kontakt\u00f3w z nami w celu wysy\u0142ania informacji marketingowych na podstawie naszego uzasadnionego interesu polegaj\u0105cego na mo\u017cliwo\u015bci promowania naszych produkt\u00f3w i us\u0142ug. Oznacza to, \u017ce wed\u0142ug nas nasz interes zwi\u0105zany z przetwarzaniem Pa\u0144stwa danych osobowych do wy\u017cej wymienionych cel\u00f3w jest nadrz\u0119dny wobec naruszenia prywatno\u015bci zwi\u0105zanej z przetwarzaniem przez nas danych. Oceny tej dokonali\u015bmy, maj\u0105c przede wszystkim na wzgl\u0119dzie fakt, \u017ce uwa\u017camy, i\u017c przetwarzanie danych osobowych b\u0119dzie dla Pa\u0144stwa korzystne.<\/p>\n<p><strong><u>Przechowywanie i okres przechowywania danych:<br \/>\n<\/u><\/strong>Zebrane dane osobowe przechowywane s\u0105 przez okres 36 miesi\u0119cy. W ka\u017cdej chwili mog\u0105 Pa\u0144stwo zrezygnowa\u0107 z otrzymywania takich wiadomo\u015bci.<\/p>\n<ol start=\"5\">\n<li><strong>Przechowywanie i okres przechowywania danych<\/strong><br \/>\nDoggy przechowuje Pa\u0144stwa dane osobowe tak d\u0142ugo, jak s\u0105 one potrzebne (patrz punkt 4) do realizacji cel\u00f3w, do kt\u00f3rych dane te zosta\u0142y pierwotnie zebrane. Dane osobowe mog\u0105 by\u0107 r\u00f3wnie\u017c przechowywane przez okres wymagany maj\u0105cymi zastosowanie przepisami prawa. Posiadamy bie\u017c\u0105ce procedury, kt\u00f3rych celem jest zapewnienie, \u017ce nie b\u0119dziemy przechowywa\u0107 niepotrzebnych danych osobowych i zminimalizowanie okresu przechowywania danych osobowych na tyle, na ile to mo\u017cliwe.<\/li>\n<\/ol>\n<p><strong>Dane zbierane po wyra\u017ceniu zgody:<br \/>\n<\/strong>Je\u017celi nie s\u0105 Pa\u0144stwo naszymi klientami czy cz\u0142onkami kt\u00f3rego\u015b z naszych klub\u00f3w, ale na przyk\u0142ad odwiedzaj\u0105 Pa\u0144stwo stron\u0119 internetow\u0105 Doggy lub w innych stosownych przypadkach, Partner in Pet Food Nordics AB poprosi o Pa\u0144stwa zgod\u0119, zanim zarejestrujemy kt\u00f3re\u015b z Pa\u0144stwa danych osobowych. Dane uzyskiwane od Pa\u0144stwa za Pa\u0144stwa zgod\u0105 przechowujemy tak d\u0142ugo, jak maj\u0105 one znaczenie, ale na bie\u017c\u0105co usuwamy stare informacje od momentu, w kt\u00f3rym zosta\u0142y one zebrane. Mog\u0105 Pa\u0144stwo w ka\u017cdej chwili wycofa\u0107 swoj\u0105 zgod\u0119, a dane zostan\u0105 niezw\u0142ocznie usuni\u0119te.<\/p>\n<ol start=\"6\">\n<li><strong>Kiedy mo\u017cemy przekazywa\u0107 Pa\u0144stwa dane osobowe<\/strong><br \/>\nDoggy przekazuje Pa\u0144stwa dane osobowe wy\u0142\u0105cznie wtedy, kiedy wymaga tego prawo lub je\u017celi jest to prawnie dozwolone. W niekt\u00f3rych przypadkach mo\u017cemy korzysta\u0107 z us\u0142ug asystenta danych osobowych, kt\u00f3ry pomaga nam w kwestiach marketingowych czy te\u017c przy zarz\u0105dzaniu umowami lub zam\u00f3wieniami. Przedsi\u0119biorstwami, z kt\u00f3rych pomocy korzystamy w takich przypadkach, mog\u0105 by\u0107 firmy spedycyjne i logistyczne, banki i firmy obs\u0142uguj\u0105ce karty kredytowe lub firmy z bran\u017cy marketingu. W takich przypadkach zawieramy umow\u0119 z asystentem danych osobowych, kt\u00f3ra gwarantuje funkcjonowanie \u015brodk\u00f3w bezpiecze\u0144stwa dla ochrony Pa\u0144stwa danych osobowych. Kiedy przekazujemy Pa\u0144stwa dane osobowe, s\u0105 one wykorzystywane do tych samych cel\u00f3w, do kt\u00f3rych je pierwotnie zebrali\u015bmy.<\/li>\n<\/ol>\n<p>Sama firma Doggy nie przekazuje danych osobowych do pa\u0144stw, kt\u00f3re nie nale\u017c\u0105 do UE\/EOG, a w przypadkach, w kt\u00f3rych ma to miejsce za po\u015brednictwem asystent\u00f3w danych osobowych, odbywa si\u0119 to zgodnie ze szczeg\u00f3lnie wysokimi wymaganiami oraz na mocy um\u00f3w i obowi\u0105zuj\u0105cego prawa.<\/p>\n<ol start=\"7\">\n<li><strong>Bezpiecze\u0144stwo Pa\u0144stwa danych osobowych<\/strong><br \/>\nW Partner in Pet Food Nordics AB gwarantujemy zarz\u0105dzanie Pa\u0144stwa danymi osobowymi zgodnie ze szczeg\u00f3lnymi wymogami w zakresie bezpiecze\u0144stwa dla ochrony danych osobowych przed nielegalnym lub nieuprawnionym dost\u0119pem do informacji. Partner in Pet Food Nordics AB przetwarza jedynie te dane, kt\u00f3re s\u0105 niezb\u0119dne, a zajmuj\u0105 si\u0119 tym wy\u0142\u0105cznie osoby, kt\u00f3re potrzebuj\u0105 tych danych, \u017ceby m\u00f3c zapewni\u0107 jak najlepsz\u0105 obs\u0142ug\u0119 naszym klientom, cz\u0142onkom i uczestnikom konkurs\u00f3w.<\/li>\n<li><strong>Pa\u0144stwa prawa zwi\u0105zane z Pa\u0144stwa danymi osobowymi<\/strong><br \/>\nPartner in Pet Food Nordics AB gwarantuje, \u017ce b\u0119dzie przestrzega\u0107 obowi\u0105zuj\u0105cego prawa w zakresie przetwarzania Pa\u0144stwa danych osobowych w charakterze administratora danych osobowych. Zgodnie z \u00a7 15 RODO maj\u0105 Pa\u0144stwo prawo bezp\u0142atnie, jeden raz na rok kalendarzowy, uzyska\u0107 informacj\u0119 o tym, jakie dotycz\u0105ce Pa\u0144stwa dane osobowe przetwarzamy oraz w jaki spos\u00f3b. Zgodnie z \u00a7 17 RODO maj\u0105 Pa\u0144stwo r\u00f3wnie\u017c prawo za\u017c\u0105da\u0107 wycofania zgody i\/lub usuni\u0119cia Pa\u0144stwa danych osobowych, kt\u00f3re przetwarzamy.<\/li>\n<\/ol>\n<p>Na mocy prawa mog\u0105 Pa\u0144stwo r\u00f3wnie\u017c zwr\u00f3ci\u0107 si\u0119 do nas o informacje na temat tego, jakie dane o Pa\u0144stwie posiadamy, a tak\u017ce mog\u0105 Pa\u0144stwo poprosi\u0107 o ich poprawienie, je\u017celi dane te s\u0105 b\u0142\u0119dne. Mog\u0105 tak\u017ce Pa\u0144stwo za\u017c\u0105da\u0107 ich usuni\u0119cia lub poprosi\u0107 nas o przekazanie Pa\u0144stwu kopii danych.<\/p>\n<p>Mog\u0105 Pa\u0144stwo r\u00f3wnie\u017c za\u017c\u0105da\u0107, \u017ceby\u015bmy przestali wykorzystywa\u0107 Pa\u0144stwa dane osobowe. Naj\u0142atwiej zrobi\u0107 to, kontaktuj\u0105c si\u0119 z nami w spos\u00f3b podany powy\u017cej w punkcie 2.<\/p>\n<p><strong>9. Skargi i organ nadzorczy<\/strong><br \/>\nJe\u017celi maj\u0105 Pa\u0144stwo jak\u0105\u015b skarg\u0119 dotycz\u0105c\u0105 wykorzystania przez nas Pa\u0144stwa danych, mog\u0105 Pa\u0144stwo skontaktowa\u0107 si\u0119 z Partner in Pet Food Nordics AB poprzez podane powy\u017cej dane kontaktowe.<\/p>\n<p>Za nadz\u00f3r na mocy ustawodawstwa o ochronie danych osobowych odpowiada szwedzki Inspektor Ochrony Danych Osobowych [Datainspektionen]. Ka\u017cdy, kto uwa\u017ca, \u017ce ma miejsce niew\u0142a\u015bciwe przetwarzanie danych osobowych, ma prawo z\u0142o\u017cy\u0107 skarg\u0119 do Inspektora Ochrony Danych Osobowych.<\/p>\n\t\t\t<\/div>\n\t\t<\/div>\n\t<\/div>\n","protected":false},"excerpt":{"rendered":"","protected":false},"author":4,"featured_media":6698,"parent":0,"menu_order":0,"comment_status":"closed","ping_status":"closed","template":"guternberg.php","meta":{"footnotes":""},"acf":[],"yoast_head":"<!-- This site is optimized with the Yoast SEO plugin v21.3 - https:\/\/yoast.com\/wordpress\/plugins\/seo\/ -->\n<title>Polityka Prywatno\u015b | Bozita Polska<\/title>\n<meta name=\"description\" content=\"Kontaktuj\u0105c si\u0119 z Doggy AB \u2013 powinni Pa\u0144stwo mie\u0107 zawsze poczucie bezpiecze\u0144stwa w kwestii sposobu, w jaki post\u0119pujemy z Pa\u0144stwa danymi.\" \/>\n<meta name=\"robots\" content=\"index, follow, max-snippet:-1, max-image-preview:large, max-video-preview:-1\" \/>\n<link rel=\"canonical\" href=\"https:\/\/bozita.com\/pl\/polityka-prywatnosci\/\" \/>\n<meta property=\"og:locale\" content=\"pl_PL\" \/>\n<meta property=\"og:type\" content=\"article\" \/>\n<meta property=\"og:title\" content=\"Polityka Prywatno\u015b | Bozita Polska\" \/>\n<meta property=\"og:description\" content=\"Kontaktuj\u0105c si\u0119 z Doggy AB \u2013 powinni Pa\u0144stwo mie\u0107 zawsze poczucie bezpiecze\u0144stwa w kwestii sposobu, w jaki post\u0119pujemy z Pa\u0144stwa danymi.\" \/>\n<meta property=\"og:url\" content=\"https:\/\/bozita.com\/pl\/polityka-prywatnosci\/\" \/>\n<meta property=\"og:site_name\" content=\"Bozita Polska\" \/>\n<meta property=\"article:modified_time\" content=\"2025-01-16T12:14:58+00:00\" \/>\n<meta property=\"og:image\" content=\"https:\/\/bozita.com\/pl\/wp-content\/uploads\/sites\/9\/2021\/08\/bozita_swedish-natural-quality.jpg\" \/>\n\t<meta property=\"og:image:width\" content=\"800\" \/>\n\t<meta property=\"og:image:height\" content=\"533\" \/>\n\t<meta property=\"og:image:type\" content=\"image\/jpeg\" \/>\n<meta name=\"twitter:card\" content=\"summary_large_image\" \/>\n<!-- \/ Yoast SEO plugin. -->","yoast_head_json":{"title":"Polityka Prywatno\u015b | Bozita Polska","description":"Kontaktuj\u0105c si\u0119 z Doggy AB \u2013 powinni Pa\u0144stwo mie\u0107 zawsze poczucie bezpiecze\u0144stwa w kwestii sposobu, w jaki post\u0119pujemy z Pa\u0144stwa danymi.","robots":{"index":"index","follow":"follow","max-snippet":"max-snippet:-1","max-image-preview":"max-image-preview:large","max-video-preview":"max-video-preview:-1"},"canonical":"https:\/\/bozita.com\/pl\/polityka-prywatnosci\/","og_locale":"pl_PL","og_type":"article","og_title":"Polityka Prywatno\u015b | Bozita Polska","og_description":"Kontaktuj\u0105c si\u0119 z Doggy AB \u2013 powinni Pa\u0144stwo mie\u0107 zawsze poczucie bezpiecze\u0144stwa w kwestii sposobu, w jaki post\u0119pujemy z Pa\u0144stwa danymi.","og_url":"https:\/\/bozita.com\/pl\/polityka-prywatnosci\/","og_site_name":"Bozita Polska","article_modified_time":"2025-01-16T12:14:58+00:00","og_image":[{"width":800,"height":533,"url":"https:\/\/bozita.com\/pl\/wp-content\/uploads\/sites\/9\/2021\/08\/bozita_swedish-natural-quality.jpg","type":"image\/jpeg"}],"twitter_card":"summary_large_image","schema":{"@context":"https:\/\/schema.org","@graph":[{"@type":"WebPage","@id":"https:\/\/bozita.com\/pl\/polityka-prywatnosci\/","url":"https:\/\/bozita.com\/pl\/polityka-prywatnosci\/","name":"Polityka Prywatno\u015b | Bozita Polska","isPartOf":{"@id":"https:\/\/bozita.com\/pl\/#website"},"datePublished":"2021-08-12T17:58:28+00:00","dateModified":"2025-01-16T12:14:58+00:00","description":"Kontaktuj\u0105c si\u0119 z Doggy AB \u2013 powinni Pa\u0144stwo mie\u0107 zawsze poczucie bezpiecze\u0144stwa w kwestii sposobu, w jaki post\u0119pujemy z Pa\u0144stwa danymi.","breadcrumb":{"@id":"https:\/\/bozita.com\/pl\/polityka-prywatnosci\/#breadcrumb"},"inLanguage":"pl-PL","potentialAction":[{"@type":"ReadAction","target":["https:\/\/bozita.com\/pl\/polityka-prywatnosci\/"]}]},{"@type":"BreadcrumbList","@id":"https:\/\/bozita.com\/pl\/polityka-prywatnosci\/#breadcrumb","itemListElement":[{"@type":"ListItem","position":1,"name":"Home","item":"https:\/\/bozita.com\/pl\/"},{"@type":"ListItem","position":2,"name":"Polityka Prywatno\u015b"}]},{"@type":"WebSite","@id":"https:\/\/bozita.com\/pl\/#website","url":"https:\/\/bozita.com\/pl\/","name":"Bozita Polska","description":"","potentialAction":[{"@type":"SearchAction","target":{"@type":"EntryPoint","urlTemplate":"https:\/\/bozita.com\/pl\/?s={search_term_string}"},"query-input":"required name=search_term_string"}],"inLanguage":"pl-PL"}]}},"_links":{"self":[{"href":"https:\/\/bozita.com\/pl\/wp-json\/wp\/v2\/pages\/6697"}],"collection":[{"href":"https:\/\/bozita.com\/pl\/wp-json\/wp\/v2\/pages"}],"about":[{"href":"https:\/\/bozita.com\/pl\/wp-json\/wp\/v2\/types\/page"}],"author":[{"embeddable":true,"href":"https:\/\/bozita.com\/pl\/wp-json\/wp\/v2\/users\/4"}],"replies":[{"embeddable":true,"href":"https:\/\/bozita.com\/pl\/wp-json\/wp\/v2\/comments?post=6697"}],"version-history":[{"count":3,"href":"https:\/\/bozita.com\/pl\/wp-json\/wp\/v2\/pages\/6697\/revisions"}],"predecessor-version":[{"id":11334,"href":"https:\/\/bozita.com\/pl\/wp-json\/wp\/v2\/pages\/6697\/revisions\/11334"}],"wp:featuredmedia":[{"embeddable":true,"href":"https:\/\/bozita.com\/pl\/wp-json\/wp\/v2\/media\/6698"}],"wp:attachment":[{"href":"https:\/\/bozita.com\/pl\/wp-json\/wp\/v2\/media?parent=6697"}],"curies":[{"name":"wp","href":"https:\/\/api.w.org\/{rel}","templated":true}]}}