{"id":6701,"date":"2021-08-12T17:57:52","date_gmt":"2021-08-12T17:57:52","guid":{"rendered":"https:\/\/bozita.com\/pl\/kontakt\/"},"modified":"2025-01-17T06:01:28","modified_gmt":"2025-01-17T06:01:28","slug":"kontakt","status":"publish","type":"page","link":"https:\/\/bozita.com\/pl\/kontakt\/","title":{"rendered":"Zawsze mo\u017cesz si\u0119 z nami skontaktowa\u0107"},"content":{"rendered":"\t\t<section class=\"small-hero\">\n\t\t\t<div class=\"container\">\n\t\t\t\t<h1 class=\"small-hero-title\">Zawsze mo\u017cesz si\u0119 z nami skontaktowa\u0107<\/h1>\t\t\t<\/div>\n\t\t\t<\/div>\n\t\t<\/section>\n\t\n\n\t<div class=\"text-box-warp\">\n\t\t<div class=\"container\">\n\t\t\t<div class=\"text-content\">\n\t\t\t\t<p style=\"text-align: left;\">Partner in Pet Food Nordics AB<\/p>\n<p>Doggyv\u00e4gen 1<br \/>\n447 84 V\u00e5rg\u00e5rda<\/p>\n<p>Tel: <a href=\"tel:+46771646400\">0771-64 64 00<\/a><br \/>\nMail: <a href=\"mailto:info.pl@bozita.se\">info.pl@bozita.se<\/a><\/p>\n\t\t\t<\/div>\n\t\t<\/div>\n\t<\/div>\n\n\n\t<section class=\"block section-promos\">\n\t\t<div class=\"container\">\n\t\t\t<div class=\"row\">\n\t\t\t\t\t\t\t\t\t\t<div class=\"col-md-6 col-lg-4 condensed_V2\">\n\t\t\t\t\t\t\t<div class=\"card\">\n\t\t\t\t\t\t\t\t\t\t\t\t\t\t\t\t\t<img decoding=\"async\" class=\"card-img-top\" src=\"https:\/\/bozita.com\/pl\/wp-content\/uploads\/sites\/9\/2021\/06\/bozita-about-us.jpeg\" alt=\"\">\n\t\t\t\t\t\t\t\t\t\t\t\t\t\t\t\t<div class=\"card-body\">\n\t\t\t\t\t\t\t\t\t<h5 class=\"card-title\">O nas<\/h5>\n\t\t\t\t\t\t\t\t\t<p class=\"card-text\">Produkujemy karm\u0119 dla kot\u00f3w i ps\u00f3w od ponad 100 lat! Nasze karmy przyrz\u0105dzamy w naszej kuchni w V\u00e5rg\u00e5rda, u\u017cywaj\u0105c jedynie najlepszej jako\u015bci produkt\u00f3w bez sztucznych dodatk\u00f3w!<\/p>\n\t\t\t\t\t\t\t\t\t\t\t\t\t\t\t\t\t\t\t<a target=\"\" href=\"https:\/\/bozita.com\/pl\/naturalne-skladniki-oraz-szwedzka-jakosc\/o-nas\/\" class=\"btn btn-white\">O nas<\/a>\n\t\t\t\t\t\t\t\t\t\t\t\t\t\t\t\t\t\t<\/div>\n\t\t\t\t\t\t\t<\/div>\n\t\t\t\t\t\t<\/div>\n\t\t\t\t\t\t\t\t\t\t\t\t<div class=\"col-md-6 col-lg-4 condensed_V2\">\n\t\t\t\t\t\t\t<div class=\"card\">\n\t\t\t\t\t\t\t\t\t\t\t\t\t\t\t\t\t<img decoding=\"async\" class=\"card-img-top\" src=\"https:\/\/bozita.com\/pl\/wp-content\/uploads\/sites\/9\/2021\/06\/bozita-hallbarhet.jpeg\" alt=\"\">\n\t\t\t\t\t\t\t\t\t\t\t\t\t\t\t\t<div class=\"card-body\">\n\t\t\t\t\t\t\t\t\t<h5 class=\"card-title\">Zr\u00f3wnowa\u017cony rozw\u00f3j<\/h5>\n\t\t\t\t\t\t\t\t\t<p class=\"card-text\">Naszym celem jest produkcja najlepszej karmy dla ps\u00f3w i kot\u00f3w, z naciskiem na zr\u00f3wnowa\u017cony rozw\u00f3j, \u015brodowisko i nasz\u0105 wsp\u00f3ln\u0105 przysz\u0142o\u015b\u0107.<\/p>\n\t\t\t\t\t\t\t\t\t\t\t\t\t\t\t\t\t\t\t<a target=\"\" href=\"https:\/\/bozita.com\/pl\/naturalne-skladniki-oraz-szwedzka-jakosc\/zrownowazony-dla-zwierzat-i-natury\/\" class=\"btn btn-white\">Zr\u00f3wnowa\u017cony rozw\u00f3j<\/a>\n\t\t\t\t\t\t\t\t\t\t\t\t\t\t\t\t\t\t<\/div>\n\t\t\t\t\t\t\t<\/div>\n\t\t\t\t\t\t<\/div>\n\t\t\t\t\t\t\t\t\t\t\t\t<div class=\"col-md-6 col-lg-4 condensed_V2\">\n\t\t\t\t\t\t\t<div class=\"card\">\n\t\t\t\t\t\t\t\t\t\t\t\t\t\t\t\t\t<img decoding=\"async\" class=\"card-img-top\" src=\"https:\/\/bozita.com\/pl\/wp-content\/uploads\/sites\/9\/2021\/06\/bozita-smakgaranti-hundmat-kattmat.jpeg\" alt=\"\">\n\t\t\t\t\t\t\t\t\t\t\t\t\t\t\t\t<div class=\"card-body\">\n\t\t\t\t\t\t\t\t\t<h5 class=\"card-title\">Gwarancja smaku<\/h5>\n\t\t\t\t\t\t\t\t\t<p class=\"card-text\">Dzi\u0119ki naszej gwarancji smaku otrzymasz zwrot pieni\u0119dzy, je\u015bli Tw\u00f3j pies lub kot nie polubi naszych karm.<\/p>\n\t\t\t\t\t\t\t\t\t\t\t\t\t\t\t\t\t\t\t<a target=\"\" href=\"https:\/\/bozita.com\/pl\/gwarancja-smaku\/\" class=\"btn btn-white\">Gwarancja smaku<\/a>\n\t\t\t\t\t\t\t\t\t\t\t\t\t\t\t\t\t\t<\/div>\n\t\t\t\t\t\t\t<\/div>\n\t\t\t\t\t\t<\/div>\n\t\t\t\t\t\t\t\t\t\t\t\t<div class=\"col-md-6 col-lg-4 condensed_V2\">\n\t\t\t\t\t\t\t<div class=\"card\">\n\t\t\t\t\t\t\t\t\t\t\t\t\t\t\t\t\t<img decoding=\"async\" class=\"card-img-top\" src=\"https:\/\/bozita.com\/pl\/wp-content\/uploads\/sites\/9\/2021\/06\/bozita-miljovanlig-forpackning-tetra-recart.jpeg\" alt=\"\">\n\t\t\t\t\t\t\t\t\t\t\t\t\t\t\t\t<div class=\"card-body\">\n\t\t\t\t\t\t\t\t\t<h5 class=\"card-title\">Ekologiczne opakowanie<\/h5>\n\t\t\t\t\t\t\t\t\t<p class=\"card-text\">Niekt\u00f3re nasze mokre karmy s\u0105 pakowane w kartoniki Tetra Recart \u2013 przyjazne dla klimatu opakowaniu, kt\u00f3re mo\u017cna podda\u0107 recyklingowi wraz z papierem i tektur\u0105.<\/p>\n\t\t\t\t\t\t\t\t\t\t\t\t\t\t\t\t\t\t\t<a target=\"\" href=\"https:\/\/bozita.com\/pl\/naturalne-skladniki-oraz-szwedzka-jakosc\/ekologiczne-opakowanie\/\" class=\"btn btn-white\">Ekologiczne opakowanie<\/a>\n\t\t\t\t\t\t\t\t\t\t\t\t\t\t\t\t\t\t<\/div>\n\t\t\t\t\t\t\t<\/div>\n\t\t\t\t\t\t<\/div>\n\t\t\t\t\t\t\t\t\t\t\t\t<div class=\"col-md-6 col-lg-4 condensed_V2\">\n\t\t\t\t\t\t\t<div class=\"card\">\n\t\t\t\t\t\t\t\t\t\t\t\t\t\t\t\t\t<img decoding=\"async\" class=\"card-img-top\" src=\"\" alt=\"\">\n\t\t\t\t\t\t\t\t\t\t\t\t\t\t\t\t<div class=\"card-body\">\n\t\t\t\t\t\t\t\t\t<h5 class=\"card-title\">Ambasadorzy<\/h5>\n\t\t\t\t\t\t\t\t\t<p class=\"card-text\">Dlatego nasi ambasadorowie wybieraj\u0105 Bozita<\/p>\n\t\t\t\t\t\t\t\t\t\t\t\t\t\t\t\t\t\t\t<a target=\"\" href=\"https:\/\/bozita.com\/pl\/naturalne-skladniki-oraz-szwedzka-jakosc\/ambasadorzy\/\" class=\"btn btn-white\">Ambasadorzy<\/a>\n\t\t\t\t\t\t\t\t\t\t\t\t\t\t\t\t\t\t<\/div>\n\t\t\t\t\t\t\t<\/div>\n\t\t\t\t\t\t<\/div>\n\t\t\t\t\t\t\t\t\t\t\t\t<div class=\"col-md-6 col-lg-4 condensed_V2\">\n\t\t\t\t\t\t\t<div class=\"card\">\n\t\t\t\t\t\t\t\t\t\t\t\t\t\t\t\t\t<img decoding=\"async\" class=\"card-img-top\" src=\"https:\/\/bozita.com\/pl\/wp-content\/uploads\/sites\/9\/2021\/06\/bozita-tassalyckan-katthem-provsmakare-produktutveckling.jpeg\" alt=\"\">\n\t\t\t\t\t\t\t\t\t\t\t\t\t\t\t\t<div class=\"card-body\">\n\t\t\t\t\t\t\t\t\t<h5 class=\"card-title\">Hodowla kot\u00f3w w Tassalyckan<\/h5>\n\t\t\t\t\t\t\t\t\t<p class=\"card-text\">Hodowla kot\u00f3w w Tassalyckan zosta\u0142a za\u0142o\u017cona w 1992 roku przez Doggy AB. Znajduje si\u0119 tam oko\u0142o 30 kot\u00f3w, kt\u00f3rych zadaniem jest pomoc w rozwijaniu produkt\u00f3w. <\/p>\n\t\t\t\t\t\t\t\t\t\t\t\t\t\t\t\t\t\t\t<a target=\"\" href=\"https:\/\/bozita.com\/pl\/naturalne-skladniki-oraz-szwedzka-jakosc\/hodowla-kotow-w-tassalyckan\/\" class=\"btn btn-white\">Hodowla kot\u00f3w w Tassalyckan<\/a>\n\t\t\t\t\t\t\t\t\t\t\t\t\t\t\t\t\t\t<\/div>\n\t\t\t\t\t\t\t<\/div>\n\t\t\t\t\t\t<\/div>\n\t\t\t\t\t\t\t\t\t<\/div>\n\t\t<\/div>\n\t<\/section>\n","protected":false},"excerpt":{"rendered":"","protected":false},"author":4,"featured_media":6698,"parent":0,"menu_order":0,"comment_status":"closed","ping_status":"closed","template":"guternberg.php","meta":{"footnotes":""},"acf":[],"yoast_head":"<!-- This site is optimized with the Yoast SEO plugin v21.3 - https:\/\/yoast.com\/wordpress\/plugins\/seo\/ -->\n<title>Zawsze mo\u017cesz si\u0119 z nami skontaktowa\u0107 | Bozita Polska<\/title>\n<meta name=\"description\" content=\"Zawsze mo\u017cesz si\u0119 z nami skontaktowa\u0107\" \/>\n<meta name=\"robots\" content=\"index, follow, max-snippet:-1, max-image-preview:large, max-video-preview:-1\" \/>\n<link rel=\"canonical\" href=\"https:\/\/bozita.com\/pl\/kontakt\/\" \/>\n<meta property=\"og:locale\" content=\"pl_PL\" \/>\n<meta property=\"og:type\" content=\"article\" \/>\n<meta property=\"og:title\" content=\"Zawsze mo\u017cesz si\u0119 z nami skontaktowa\u0107 | Bozita Polska\" \/>\n<meta property=\"og:description\" content=\"Zawsze mo\u017cesz si\u0119 z nami skontaktowa\u0107\" \/>\n<meta property=\"og:url\" content=\"https:\/\/bozita.com\/pl\/kontakt\/\" \/>\n<meta property=\"og:site_name\" content=\"Bozita Polska\" \/>\n<meta property=\"article:modified_time\" content=\"2025-01-17T06:01:28+00:00\" \/>\n<meta property=\"og:image\" content=\"https:\/\/bozita.com\/pl\/wp-content\/uploads\/sites\/9\/2021\/08\/bozita_swedish-natural-quality.jpg\" \/>\n\t<meta property=\"og:image:width\" content=\"800\" \/>\n\t<meta property=\"og:image:height\" content=\"533\" \/>\n\t<meta property=\"og:image:type\" content=\"image\/jpeg\" \/>\n<meta name=\"twitter:card\" content=\"summary_large_image\" \/>\n<!-- \/ Yoast SEO plugin. -->","yoast_head_json":{"title":"Zawsze mo\u017cesz si\u0119 z nami skontaktowa\u0107 | Bozita Polska","description":"Zawsze mo\u017cesz si\u0119 z nami skontaktowa\u0107","robots":{"index":"index","follow":"follow","max-snippet":"max-snippet:-1","max-image-preview":"max-image-preview:large","max-video-preview":"max-video-preview:-1"},"canonical":"https:\/\/bozita.com\/pl\/kontakt\/","og_locale":"pl_PL","og_type":"article","og_title":"Zawsze mo\u017cesz si\u0119 z nami skontaktowa\u0107 | Bozita Polska","og_description":"Zawsze mo\u017cesz si\u0119 z nami skontaktowa\u0107","og_url":"https:\/\/bozita.com\/pl\/kontakt\/","og_site_name":"Bozita Polska","article_modified_time":"2025-01-17T06:01:28+00:00","og_image":[{"width":800,"height":533,"url":"https:\/\/bozita.com\/pl\/wp-content\/uploads\/sites\/9\/2021\/08\/bozita_swedish-natural-quality.jpg","type":"image\/jpeg"}],"twitter_card":"summary_large_image","schema":{"@context":"https:\/\/schema.org","@graph":[{"@type":"WebPage","@id":"https:\/\/bozita.com\/pl\/kontakt\/","url":"https:\/\/bozita.com\/pl\/kontakt\/","name":"Zawsze mo\u017cesz si\u0119 z nami skontaktowa\u0107 | Bozita Polska","isPartOf":{"@id":"https:\/\/bozita.com\/pl\/#website"},"datePublished":"2021-08-12T17:57:52+00:00","dateModified":"2025-01-17T06:01:28+00:00","description":"Zawsze mo\u017cesz si\u0119 z nami skontaktowa\u0107","breadcrumb":{"@id":"https:\/\/bozita.com\/pl\/kontakt\/#breadcrumb"},"inLanguage":"pl-PL","potentialAction":[{"@type":"ReadAction","target":["https:\/\/bozita.com\/pl\/kontakt\/"]}]},{"@type":"BreadcrumbList","@id":"https:\/\/bozita.com\/pl\/kontakt\/#breadcrumb","itemListElement":[{"@type":"ListItem","position":1,"name":"Home","item":"https:\/\/bozita.com\/pl\/"},{"@type":"ListItem","position":2,"name":"Zawsze mo\u017cesz si\u0119 z nami skontaktowa\u0107"}]},{"@type":"WebSite","@id":"https:\/\/bozita.com\/pl\/#website","url":"https:\/\/bozita.com\/pl\/","name":"Bozita Polska","description":"","potentialAction":[{"@type":"SearchAction","target":{"@type":"EntryPoint","urlTemplate":"https:\/\/bozita.com\/pl\/?s={search_term_string}"},"query-input":"required name=search_term_string"}],"inLanguage":"pl-PL"}]}},"_links":{"self":[{"href":"https:\/\/bozita.com\/pl\/wp-json\/wp\/v2\/pages\/6701"}],"collection":[{"href":"https:\/\/bozita.com\/pl\/wp-json\/wp\/v2\/pages"}],"about":[{"href":"https:\/\/bozita.com\/pl\/wp-json\/wp\/v2\/types\/page"}],"author":[{"embeddable":true,"href":"https:\/\/bozita.com\/pl\/wp-json\/wp\/v2\/users\/4"}],"replies":[{"embeddable":true,"href":"https:\/\/bozita.com\/pl\/wp-json\/wp\/v2\/comments?post=6701"}],"version-history":[{"count":14,"href":"https:\/\/bozita.com\/pl\/wp-json\/wp\/v2\/pages\/6701\/revisions"}],"predecessor-version":[{"id":11339,"href":"https:\/\/bozita.com\/pl\/wp-json\/wp\/v2\/pages\/6701\/revisions\/11339"}],"wp:featuredmedia":[{"embeddable":true,"href":"https:\/\/bozita.com\/pl\/wp-json\/wp\/v2\/media\/6698"}],"wp:attachment":[{"href":"https:\/\/bozita.com\/pl\/wp-json\/wp\/v2\/media?parent=6701"}],"curies":[{"name":"wp","href":"https:\/\/api.w.org\/{rel}","templated":true}]}}