{"id":6707,"date":"2021-08-12T17:57:27","date_gmt":"2021-08-12T17:57:27","guid":{"rendered":"https:\/\/bozita.com\/pl\/co-i-ile-powienien-jesc-pies\/"},"modified":"2022-09-29T06:06:37","modified_gmt":"2022-09-29T06:06:37","slug":"co-i-ile-powienien-jesc-pies","status":"publish","type":"page","link":"https:\/\/bozita.com\/pl\/karma-dla-psow\/zywienie-i-dieta\/co-i-ile-powienien-jesc-pies\/","title":{"rendered":"Co jedz\u0105 psy? Ile powinien je\u015b\u0107 pies?"},"content":{"rendered":"\t\t<section class=\"small-hero\">\n\t\t\t<div class=\"container\">\n\t\t\t\t<h1 class=\"small-hero-title\">CO I ILE POWIENIEN JE\u015a\u0106 PIES?<\/h1>\t\t\t<\/div>\n\t\t\t<\/div>\n\t\t<\/section>\n\t\n\n\t<div class=\"text-box-warp\">\n\t\t<div class=\"container\">\n\t\t\t<div class=\"text-content\">\n\t\t\t\t<p><strong>Dobrze dobrana i odpowiednio zbilansowana karma jest wa\u017cna dla dobrego samopoczucia psa. Podobnie jak ludzie, psy potrzebuj\u0105 odpowiednio dopasowanej i zbilansowanej diety. Dlatego wa\u017cne jest aby pies otrzymywa\u0142 wszystkie sk\u0142adniki od\u017cywcze, kt\u00f3rych potrzebuje, na r\u00f3\u017cnych etapach \u017cycia.<\/strong><\/p>\n<p>Artyku\u0142 napisany przez specjalistk\u0119 w zakresie \u017cywienia Cecili\u0119 Hjelm<\/p>\n<p>Wykszta\u0142cona w zakresie agronomii i opieki nad zwierz\u0119tami domowymi specjalistka, zajmuj\u0105ca si\u0119 r\u00f3wnie\u017c rozwojem produkt\u00f3w oraz posiadaj\u0105ca specjalne kompetencje w zakresie \u017cywienia.<\/p>\n<h2>CO JEDZ\u0104 PSY<\/h2>\n<p>Pies to potomek wilka, kt\u00f3ry jest mi\u0119so\u017cerc\u0105 i kt\u00f3rego dieta sk\u0142ada si\u0119 z mi\u0119sa. Mniej wi\u0119cej 15 000 \u2013 30 000 lat temu pierwsze wilki zosta\u0142y udomowione i sta\u0142y si\u0119 psami. Od tamtych czas\u00f3w wiele si\u0119 wydarzy\u0142o, dlatego wi\u0119kszo\u015b\u0107 ps\u00f3w r\u00f3\u017cni si\u0119 wygl\u0105dem od wilk\u00f3w. Tym co r\u00f3\u017cni oba gatunki jest r\u00f3wnie\u017c to, \u017ce psy lepiej trawi\u0105 skrobi\u0119 ni\u017c wilki. Doprowadzi\u0142o to do dyskusji na temat tego, czy psy powinny by\u0107 klasyfikowane jako mi\u0119so\u017cercy i czy w rzeczywisto\u015bci nie s\u0105 one wszystko\u017cercami. Bez wzgl\u0119du na to jak klasyfikowany jest pies, potrzebuje on odpowiednio skomponowanej karmy, aby czu\u0107 si\u0119 dobrze i zachowa\u0107 aktywno\u015b\u0107.<\/p>\n<p>Wszystkie\u00a0<a title=\"Karma dla ps\u00f3w\" href=\"https:\/\/bozita.com\/pl\/karma-dla-psow\/\">karmy dla ps\u00f3w marki Bozita<\/a>\u00a0to kompletne karmy produkowane w Szwecji zgodnie z recepturami dietetyk\u00f3w, specjalizuj\u0105cych si\u0119 w \u017cywieniu czworonog\u00f3w. Okre\u015blenie kompletna karma oznacza, \u017ce karma zawiera wszystkie niezb\u0119dne dla psa sk\u0142adniki od\u017cywcze w odpowiednich ilo\u015bciach. W zak\u0142adzie produkcyjnym w V\u00e5rg\u00e5rda wytwarzana jest zar\u00f3wno sucha karma, jak i mokra karma. Aby dowiedzie\u0107 si\u0119, kt\u00f3r\u0105 najlepiej wybra\u0107, zapoznaj si\u0119 z poni\u017cszymi rozdzia\u0142ami.<\/p>\n<h3>SUCHA KARMA<\/h3>\n<p>Sucha karma to najcz\u0119\u015bciej stosowana karma dla ps\u00f3w. Wszystkie jej sk\u0142adniki zagniata si\u0119 w ciasto, z kt\u00f3rego nast\u0119pnie formowana jest kulka. Such\u0105 karm\u0119 \u0142atwo si\u0119 przechowuje, mo\u017cna j\u0105 w wygodny spos\u00f3b podawa\u0107, a dodatkowo wyst\u0119puje w r\u00f3\u017cnych wariantach, odpowiednich dla wszystkich potrzeb Twojego psa. Mo\u017cesz wybra\u0107 karm\u0119 kieruj\u0105c si\u0119 wiekiem psa, jego wielko\u015bci\u0105 oraz poziomem aktywno\u015bci czworonoga. Poza tym dost\u0119pna jest karma dla ps\u00f3w o specjalnych potrzebach, bezzbo\u017cowa karma pozbawiona pszenicy i ziaren zb\u00f3\u017c, karma dla ps\u00f3w z wra\u017cliw\u0105 sk\u00f3r\u0105 lub \u017co\u0142\u0105dkiem, karma zawieraj\u0105ca tylko jedno \u017ar\u00f3d\u0142o bia\u0142ka (tzw. karma jednobia\u0142kowa) oraz karma przeznaczona dla ps\u00f3w, kt\u00f3re maj\u0105 tendencj\u0119 do tycia lub zmagaj\u0105 si\u0119 z nadwag\u0105. Zapoznaj si\u0119 z wariantami suchej karmy marki Bozita i znajd\u017a odpowiedni\u0105 karm\u0119 dla swojego psa.<\/p>\n<h3>MOKRA KARMA<\/h3>\n<p>Mokra karma stanowi dobre \u017ar\u00f3d\u0142o dodatkowych p\u0142yn\u00f3w oraz energii dla Twojego psa i mo\u017cna stosowa\u0107 j\u0105 jako pe\u0142noporcjow\u0105 karm\u0119 lub jako dodatek do suchej karmy. Nale\u017cy mie\u0107 \u015bwiadomo\u015b\u0107, \u017ce po otwarciu opakowania, okres przydatno\u015bci karmy do spo\u017cycia jest kr\u00f3tszy. Tutaj znajdziesz mokre karmy dla ps\u00f3w oferowane przez Bozita.<\/p>\n<p><strong>Zapoznaj si\u0119 tak\u017ce z innymi artyku\u0142ami<\/strong><\/p>\n<ul>\n<li><a title=\"Czego nie mog\u0105 je\u015b\u0107 psy\" href=\"https:\/\/bozita.com\/pl\/karma-dla-psow\/zywienie-i-dieta\/co-i-jak-czesto-powinien-jesc-szczeniak\/\">Czego nie mog\u0105 je\u015b\u0107 psy<\/a><\/li>\n<\/ul>\n<h2>CO JEDZ\u0104 PSY &#8211; BIA\u0141KO I T\u0141USZCZ<\/h2>\n<p>Pies potrzebuje okre\u015blonej ilo\u015bci bia\u0142ka i odpowiedniej ilo\u015bci niezb\u0119dnych aminokwas\u00f3w w swoim po\u017cywieniu, aby prawid\u0142owo funkcjonowa\u0107 i czu\u0107 si\u0119 dobrze. Bia\u0142ko to sk\u0142adnik od\u017cywczy sk\u0142adaj\u0105cy si\u0119 z aminokwas\u00f3w. Istnieje 20 aminokwas\u00f3w, a 10 z nich jest niezb\u0119dnych do prawid\u0142owego funkcjonowania psa co oznacza, \u017ce musisz dostarczy\u0107 mu je poprzez diet\u0119, gdy\u017c jego organizm nie jest w stanie ich samodzielnie wytworzy\u0107.<\/p>\n<p>W organizmie bia\u0142ko pe\u0142ni wa\u017cn\u0105 rol\u0119 budulca mi\u0119\u015bni i tkanek, a jego okre\u015blona ilo\u015b\u0107 jest potrzebna do utrzymania masy mi\u0119\u015bniowej, prawid\u0142owego wygl\u0105du sk\u00f3ry, sier\u015bci i pazur\u00f3w. Je\u015bli pies otrzymuje wi\u0119cej bia\u0142ka ni\u017c potrzebuje, jego nadmiar zamieniany jest w energi\u0119. Bia\u0142ko znajduje si\u0119 zar\u00f3wno w sk\u0142adnikach pochodzenia zwierz\u0119cego, jak i ro\u015blinnego, jednak sk\u0142adniki pochodzenia zwierz\u0119cego charakteryzuj\u0105 si\u0119 wy\u017csz\u0105 zawarto\u015bci\u0105 bia\u0142ka ni\u017c sk\u0142adniki pochodzenia ro\u015blinnego.<\/p>\n<p>T\u0142uszcz jest wysokoenergetycznym sk\u0142adnikiem od\u017cywczym, dostarczaj\u0105cym dwukrotnie wi\u0119cej energii ni\u017c bia\u0142ko i w\u0119glowodany. Dlatego te\u017c zawarto\u015b\u0107 t\u0142uszczu jest wy\u017csza w produktach dla aktywnych ps\u00f3w i szczeni\u0105t, gdy\u017c ich zapotrzebowanie energetyczne jest wi\u0119ksze. T\u0142uszcz nie tylko dostarcza psu energii, ale stanowi tak\u017ce budulec b\u0142on kom\u00f3rkowych, transportuje sk\u0142adniki od\u017cywcze oraz posiada w\u0142a\u015bciwo\u015bci izolacyjne. Dla ps\u00f3w niezb\u0119dne s\u0105 dwa nienasycone kwasy t\u0142uszczowe: omega 3 i omega 6. Pies musi mie\u0107 je dostarczane w po\u017cywieniu. Kwasy omega 3 i omega 6 s\u0105 wa\u017cne mi\u0119dzy innymi dla sier\u015bci i sk\u00f3ry.<\/p>\n<h2>CO JEDZ\u0104 PSY &#8211; SKROBIA<\/h2>\n<p>Wraz z b\u0142onnikiem oraz r\u00f3\u017cnymi cukrami, skrobia zaliczana jest do grupy w\u0119glowodan\u00f3w. Psy dobrze radz\u0105 sobie z rozk\u0142adaniem skrobi, a ponadto zaobserwowano u nich wi\u0119ksz\u0105 ni\u017c w przypadku wilk\u00f3w aktywno\u015b\u0107 rozk\u0142adaj\u0105cego skrobi\u0119 enzymu amylazy. Pomimo tego, \u017ce pies posiada zdolno\u015b\u0107 do rozk\u0142adania skrobi wa\u017cne jest, aby zosta\u0142a ona podana w ugotowanej postaci w pokarmie, dzi\u0119ki czemu jest \u0142atwostrawna. Opr\u00f3cz dostarczania sk\u0142adnik\u00f3w od\u017cywczych, skrobia przyczynia si\u0119 do wielu funkcji oraz pe\u0142ni istotn\u0105 rol\u0119 w produkcji suchej karmy. Gdy skrobia jest podgrzewana, staje si\u0119 lepka niczym klej, pomagaj\u0105c wi\u0105za\u0107 ze sob\u0105 r\u00f3\u017cne sk\u0142adniki oraz umo\u017cliwia uformowanie kulek karmy. Produkty takie jak ry\u017c czy ziemniaki stanowi\u0105 naturalne \u017ar\u00f3d\u0142o skrobi.<\/p>\n<h2>CO JEDZ\u0104 PSY &#8211; WITAMINY I MINERA\u0141Y<\/h2>\n<p>Witaminy i minera\u0142y to du\u017ca grupa sk\u0142adnik\u00f3w od\u017cywczych, pe\u0142ni\u0105cych r\u00f3\u017cnorodne funkcje w organizmie. Przyk\u0142adowo witamina D jest wa\u017cna dla ko\u015bci i kr\u0119gos\u0142upa, a witamina A dla wzroku i uk\u0142adu odporno\u015bciowego. Du\u017ca cz\u0119\u015b\u0107 witamin i minera\u0142\u00f3w wyst\u0119puje w sk\u0142adnikach pochodzenia ro\u015blinnego i zwierz\u0119cego. Aby zapewni\u0107 psu wszystkie niezb\u0119dne witaminy i minera\u0142y, Bozita dostarcza ich w karmie, dzi\u0119ki czemu pies jest silny i zdrowy.<\/p>\n<h2>ILE POWINIEN JE\u015a\u0106 PIES KA\u017bDEGO DNIA?<\/h2>\n<p>Ile powinien je\u015b\u0107 pies ka\u017cdego dnia zale\u017cy mi\u0119dzy innymi od jego wielko\u015bci, rasy, etapu \u017cycia oraz poziomu aktywno\u015bci. Upewnij si\u0119, \u017ce wybra\u0142e\u015b\/a\u015b odpowiedni\u0105 karm\u0119 dla swojego psa oraz post\u0119puj zgodnie z poradnikiem \u017cywieniowym. Musisz pami\u0119ta\u0107, \u017ce ilo\u015bci podane w poradniku \u017cywieniowym maj\u0105 orientacyjny charakter, a smako\u0142yki i inne przek\u0105ski podawane psu mi\u0119dzy posi\u0142kami, dodaj\u0105 mu energii. Potrzeby ka\u017cdego czworonoga maj\u0105 indywidualny charakter i zale\u017c\u0105 od poziomu aktywno\u015bci psa. Najlepsze co mo\u017cesz zrobi\u0107 to dostosowa\u0107 ilo\u015b\u0107 podawanej karmy do kondycji i stanu zdrowia psa.<\/p>\n<p>Gdy wybierzesz\u00a0<a title=\"Karma dla ps\u00f3w\" href=\"https:\/\/bozita.com\/pl\/karma-dla-psow\/\">karm\u0119 marki Bozita dla ps\u00f3w\u00a0<\/a>mo\u017cesz skorzysta\u0107 z filtr\u00f3w wybieraj\u0105c etap \u017cycia psa, jego wag\u0119, rodzaj karmy i poziom aktywno\u015bci. U\u0142atwi to znalezienie karmy odpowiadaj\u0105cej potrzebom Twojego czworonoga. Mo\u017cliwe jest tak\u017ce filtrowanie karmy\u00a0 wed\u0142ug preferencji smakowych psa.<\/p>\n<h2>JAK CZ\u0118STO KARMI\u0106 PSA?<\/h2>\n<p>Zazwyczaj pies spo\u017cywa posi\u0142ek dwa razy w ci\u0105gu dnia, ale w przypadku czworonog\u00f3w, kt\u00f3re maj\u0105 trudno\u015bci ze zdobyciem posi\u0142ku, mo\u017cna podawa\u0107 im karm\u0119 kilka razy dziennie. Nale\u017cy mie\u0107 \u015bwiadomo\u015b\u0107, \u017ce pies potrzebuje regularnych posi\u0142k\u00f3w oraz sta\u0142ego dost\u0119pu do czystej i \u015bwie\u017cej wody. W przypadku ciesz\u0105cego si\u0119 dobrym stanem zdrowia psa, kt\u00f3rego waga jest prawid\u0142owa trzeba pami\u0119ta\u0107, aby nie zast\u0119powa\u0107 g\u0142\u00f3wnego posi\u0142ku czworonoga smako\u0142ykami.<\/p>\n<p>Szczeniaki jedz\u0105 cz\u0119\u015bciej. Aby nie przeci\u0105\u017ca\u0107 ich ma\u0142ych \u017co\u0142\u0105dk\u00f3w, mo\u017cna podawa\u0107 im posi\u0142ki w mniejszych porcjach 3-4 razy dziennie. Pierwszy posi\u0142ek powinien opiera\u0107 si\u0119 na namoczonej karmie.<\/p>\n<p><strong>Zapoznaj si\u0119 tak\u017ce z innymi artyku\u0142ami<\/strong><\/p>\n<ul>\n<li><a title=\"Co i jak cz\u0119sto powinien je\u015b\u0107 szczeniak\" href=\"https:\/\/bozita.com\/pl\/karma-dla-psow\/zywienie-i-dieta\/co-i-jak-czesto-powinien-jesc-szczeniak\/\">Co, jak cz\u0119sto i w jakich ilo\u015bciach powinny je\u015b\u0107 szczeniaki<\/a><\/li>\n<\/ul>\n<h2>CZYM KARMI\u0106 PSY \u2013 REKOMENDACJE MARKI BOZITA<\/h2>\n<ul>\n<li>Karm swojego czworonoga pe\u0142nowarto\u015bciow\u0105 karm\u0105 dostosowan\u0105 do wielko\u015bci, rasy, etapu \u017cycia oraz poziomu aktywno\u015bci psa.<\/li>\n<li>Podawaj czworonogom karm\u0119 przeznaczon\u0105 dla ps\u00f3w, a nie innych zwierz\u0105t domowych.<\/li>\n<li>Utrzymuj w czysto\u015bci i \u015bwie\u017co\u015bci miski oraz miejsce, w kt\u00f3rym karmisz psa oraz usuwaj jedzenie, kt\u00f3rych pies nie zjad\u0142.<\/li>\n<li>Upewnij si\u0119, \u017ce pies ma zawsze swobodny dost\u0119p do \u015bwie\u017cej wody. Mo\u017cesz podawa\u0107 mu mokr\u0105 karm\u0119 jako uzupe\u0142nienie suchej karmy.<\/li>\n<li>Dbaj o prawid\u0142ow\u0105 wag\u0119 psa, aby unikn\u0105\u0107 chor\u00f3b zwi\u0105zanych z nadwag\u0105.<\/li>\n<li>B\u0105d\u017a na bie\u017c\u0105co zorientowany\/a, kt\u00f3re produkty s\u0105 truj\u0105ce i szkodliwe dla Twojego psa.<\/li>\n<li>Stosuj specjaln\u0105 karm\u0119 dla ps\u00f3w z wra\u017cliwym \u017co\u0142\u0105dkiem.<\/li>\n<\/ul>\n<p><strong>Zapoznaj si\u0119 tak\u017ce z innymi artyku\u0142ami<\/strong><\/p>\n<ul>\n<li><a title=\"Czego nie mog\u0105 je\u015b\u0107 psy\" href=\"https:\/\/bozita.com\/pl\/karma-dla-psow\/zywienie-i-dieta\/czego-nie-moga-jesc-psy\/\">Czego nie mog\u0105 je\u015b\u0107 psy<\/a><\/li>\n<li><a title=\"Czym powinna by\u0107 karmiona suka w ci\u0105\u017cy\" href=\"https:\/\/bozita.com\/pl\/karma-dla-psow\/zywienie-i-dieta\/czym-powinna-byc-karmiona-suka-w-ciazy\/\">\u017bywienie ci\u0119\u017carnych i karmi\u0105cych suk<\/a><\/li>\n<li><a title=\"Zmiana \u017cywienia psa: od karmy dla szczeniaka do karmy dla ps\u00f3w\" href=\"https:\/\/bozita.com\/pl\/karma-dla-psow\/zywienie-i-dieta\/zmiana-zywienia-psa-od-karmy-dla-szczeniaka-do-karmy-dla-psow\/\">Zmiana karmy dla szczeniak\u00f3w na karm\u0119 dla doros\u0142ych ps\u00f3w<\/a><\/li>\n<li><a title=\"Czym karmi\u0107 psa z wra\u017cliwym \u017co\u0142\u0105dkiem\" href=\"https:\/\/bozita.com\/pl\/karma-dla-psow\/zywienie-i-dieta\/czym-karmic-psa-z-wrazliwym-zoladkiem\/\">Czym karmi\u0107 psa z wra\u017cliwym \u017co\u0142\u0105dkiem<\/a><\/li>\n<li><a title=\"Pozbawiona zb\u00f3\u017c karma dla psa \u2013 wszystko co musisz wiedzie\u0107\" href=\"https:\/\/bozita.com\/pl\/karma-dla-psow\/zywienie-i-dieta\/pozbawiona-zboz-karma-dla-psa-wszystko-co-musisz-wiedziec\/\">Pozbawiona zb\u00f3\u017c karma dla ps\u00f3w \u2013 wszystko co musisz wiedzie\u0107<\/a><\/li>\n<li><a title=\"Karma dla ps\u00f3w\" href=\"https:\/\/bozita.com\/pl\/karma-dla-psow\/\">Karma marki Bozita dla ps\u00f3w \u2013 sucha karma i mokra karma<\/a><\/li>\n<\/ul>\n\t\t\t<\/div>\n\t\t<\/div>\n\t<\/div>\n","protected":false},"excerpt":{"rendered":"","protected":false},"author":1,"featured_media":6698,"parent":6777,"menu_order":0,"comment_status":"closed","ping_status":"closed","template":"guternberg.php","meta":{"footnotes":""},"acf":[],"yoast_head":"<!-- This site is optimized with the Yoast SEO plugin v21.3 - https:\/\/yoast.com\/wordpress\/plugins\/seo\/ -->\n<title>Co jedz\u0105 psy? Ile powinien je\u015b\u0107 pies? | Bozita Polska<\/title>\n<meta name=\"description\" content=\"Dobrze dobrana i odpowiednio zbilansowana karma jest wa\u017cna dla dobrego samopoczucia psa. Bozita s\u0142u\u017cy rad\u0105 dotycz\u0105c\u0105 tego ile powinien je\u015b\u0107 pies?\" \/>\n<meta name=\"robots\" content=\"index, follow, max-snippet:-1, max-image-preview:large, max-video-preview:-1\" \/>\n<link rel=\"canonical\" href=\"https:\/\/bozita.com\/pl\/karma-dla-psow\/zywienie-i-dieta\/co-i-ile-powienien-jesc-pies\/\" \/>\n<meta property=\"og:locale\" content=\"pl_PL\" \/>\n<meta property=\"og:type\" content=\"article\" \/>\n<meta property=\"og:title\" content=\"Co jedz\u0105 psy? Ile powinien je\u015b\u0107 pies? | Bozita Polska\" \/>\n<meta property=\"og:description\" content=\"Dobrze dobrana i odpowiednio zbilansowana karma jest wa\u017cna dla dobrego samopoczucia psa. Bozita s\u0142u\u017cy rad\u0105 dotycz\u0105c\u0105 tego ile powinien je\u015b\u0107 pies?\" \/>\n<meta property=\"og:url\" content=\"https:\/\/bozita.com\/pl\/karma-dla-psow\/zywienie-i-dieta\/co-i-ile-powienien-jesc-pies\/\" \/>\n<meta property=\"og:site_name\" content=\"Bozita Polska\" \/>\n<meta property=\"article:modified_time\" content=\"2022-09-29T06:06:37+00:00\" \/>\n<meta property=\"og:image\" content=\"https:\/\/bozita.com\/pl\/wp-content\/uploads\/sites\/9\/2021\/08\/bozita_swedish-natural-quality.jpg\" \/>\n\t<meta property=\"og:image:width\" content=\"800\" \/>\n\t<meta property=\"og:image:height\" content=\"533\" \/>\n\t<meta property=\"og:image:type\" content=\"image\/jpeg\" \/>\n<meta name=\"twitter:card\" content=\"summary_large_image\" \/>\n<!-- \/ Yoast SEO plugin. -->","yoast_head_json":{"title":"Co jedz\u0105 psy? Ile powinien je\u015b\u0107 pies? | Bozita Polska","description":"Dobrze dobrana i odpowiednio zbilansowana karma jest wa\u017cna dla dobrego samopoczucia psa. Bozita s\u0142u\u017cy rad\u0105 dotycz\u0105c\u0105 tego ile powinien je\u015b\u0107 pies?","robots":{"index":"index","follow":"follow","max-snippet":"max-snippet:-1","max-image-preview":"max-image-preview:large","max-video-preview":"max-video-preview:-1"},"canonical":"https:\/\/bozita.com\/pl\/karma-dla-psow\/zywienie-i-dieta\/co-i-ile-powienien-jesc-pies\/","og_locale":"pl_PL","og_type":"article","og_title":"Co jedz\u0105 psy? Ile powinien je\u015b\u0107 pies? | Bozita Polska","og_description":"Dobrze dobrana i odpowiednio zbilansowana karma jest wa\u017cna dla dobrego samopoczucia psa. Bozita s\u0142u\u017cy rad\u0105 dotycz\u0105c\u0105 tego ile powinien je\u015b\u0107 pies?","og_url":"https:\/\/bozita.com\/pl\/karma-dla-psow\/zywienie-i-dieta\/co-i-ile-powienien-jesc-pies\/","og_site_name":"Bozita Polska","article_modified_time":"2022-09-29T06:06:37+00:00","og_image":[{"width":800,"height":533,"url":"https:\/\/bozita.com\/pl\/wp-content\/uploads\/sites\/9\/2021\/08\/bozita_swedish-natural-quality.jpg","type":"image\/jpeg"}],"twitter_card":"summary_large_image","schema":{"@context":"https:\/\/schema.org","@graph":[{"@type":"WebPage","@id":"https:\/\/bozita.com\/pl\/karma-dla-psow\/zywienie-i-dieta\/co-i-ile-powienien-jesc-pies\/","url":"https:\/\/bozita.com\/pl\/karma-dla-psow\/zywienie-i-dieta\/co-i-ile-powienien-jesc-pies\/","name":"Co jedz\u0105 psy? Ile powinien je\u015b\u0107 pies? | Bozita Polska","isPartOf":{"@id":"https:\/\/bozita.com\/pl\/#website"},"datePublished":"2021-08-12T17:57:27+00:00","dateModified":"2022-09-29T06:06:37+00:00","description":"Dobrze dobrana i odpowiednio zbilansowana karma jest wa\u017cna dla dobrego samopoczucia psa. Bozita s\u0142u\u017cy rad\u0105 dotycz\u0105c\u0105 tego ile powinien je\u015b\u0107 pies?","breadcrumb":{"@id":"https:\/\/bozita.com\/pl\/karma-dla-psow\/zywienie-i-dieta\/co-i-ile-powienien-jesc-pies\/#breadcrumb"},"inLanguage":"pl-PL","potentialAction":[{"@type":"ReadAction","target":["https:\/\/bozita.com\/pl\/karma-dla-psow\/zywienie-i-dieta\/co-i-ile-powienien-jesc-pies\/"]}]},{"@type":"BreadcrumbList","@id":"https:\/\/bozita.com\/pl\/karma-dla-psow\/zywienie-i-dieta\/co-i-ile-powienien-jesc-pies\/#breadcrumb","itemListElement":[{"@type":"ListItem","position":1,"name":"Home","item":"https:\/\/bozita.com\/pl\/"},{"@type":"ListItem","position":2,"name":"Karma dla ps\u00f3w","item":"https:\/\/bozita.com\/pl\/karma-dla-psow\/"},{"@type":"ListItem","position":3,"name":"\u017bywienie i dieta","item":"https:\/\/bozita.com\/pl\/karma-dla-psow\/zywienie-i-dieta\/"},{"@type":"ListItem","position":4,"name":"Co jedz\u0105 psy? Ile powinien je\u015b\u0107 pies?"}]},{"@type":"WebSite","@id":"https:\/\/bozita.com\/pl\/#website","url":"https:\/\/bozita.com\/pl\/","name":"Bozita Polska","description":"","potentialAction":[{"@type":"SearchAction","target":{"@type":"EntryPoint","urlTemplate":"https:\/\/bozita.com\/pl\/?s={search_term_string}"},"query-input":"required name=search_term_string"}],"inLanguage":"pl-PL"}]}},"_links":{"self":[{"href":"https:\/\/bozita.com\/pl\/wp-json\/wp\/v2\/pages\/6707"}],"collection":[{"href":"https:\/\/bozita.com\/pl\/wp-json\/wp\/v2\/pages"}],"about":[{"href":"https:\/\/bozita.com\/pl\/wp-json\/wp\/v2\/types\/page"}],"author":[{"embeddable":true,"href":"https:\/\/bozita.com\/pl\/wp-json\/wp\/v2\/users\/1"}],"replies":[{"embeddable":true,"href":"https:\/\/bozita.com\/pl\/wp-json\/wp\/v2\/comments?post=6707"}],"version-history":[{"count":1,"href":"https:\/\/bozita.com\/pl\/wp-json\/wp\/v2\/pages\/6707\/revisions"}],"predecessor-version":[{"id":9476,"href":"https:\/\/bozita.com\/pl\/wp-json\/wp\/v2\/pages\/6707\/revisions\/9476"}],"up":[{"embeddable":true,"href":"https:\/\/bozita.com\/pl\/wp-json\/wp\/v2\/pages\/6777"}],"wp:featuredmedia":[{"embeddable":true,"href":"https:\/\/bozita.com\/pl\/wp-json\/wp\/v2\/media\/6698"}],"wp:attachment":[{"href":"https:\/\/bozita.com\/pl\/wp-json\/wp\/v2\/media?parent=6707"}],"curies":[{"name":"wp","href":"https:\/\/api.w.org\/{rel}","templated":true}]}}