{"id":6709,"date":"2021-08-12T17:57:20","date_gmt":"2021-08-12T17:57:20","guid":{"rendered":"https:\/\/bozita.com\/pl\/czego-nie-moga-jesc-psy\/"},"modified":"2022-09-29T06:09:06","modified_gmt":"2022-09-29T06:09:06","slug":"czego-nie-moga-jesc-psy","status":"publish","type":"page","link":"https:\/\/bozita.com\/pl\/karma-dla-psow\/zywienie-i-dieta\/czego-nie-moga-jesc-psy\/","title":{"rendered":"Czego nie mog\u0105 je\u015b\u0107 psy \u2013 niebezpieczne produkty"},"content":{"rendered":"\t\t<section class=\"small-hero\">\n\t\t\t<div class=\"container\">\n\t\t\t\t<h1 class=\"small-hero-title\">CZEGO NIE MOG\u0104 JE\u015a\u0106 PSY?<\/h1>\t\t\t<\/div>\n\t\t\t<\/div>\n\t\t<\/section>\n\t\n\n\t<div class=\"text-box-warp\">\n\t\t<div class=\"container\">\n\t\t\t<div class=\"text-content\">\n\t\t\t\t<p><strong>Psy powinny otrzymywa\u0107 wy\u0142\u0105cznie karm\u0119 dopasowan\u0105 do ich potrzeb oraz stylu \u017cycia. Jednak czasami mo\u017ce si\u0119 zdarzy\u0107 tak, \u017ce Tw\u00f3j pupil b\u0119dzie mia\u0142 ochot\u0119 spr\u00f3bowa\u0107 tego samego co Ty, zw\u0142aszcza gdy poczuje zapach gotowanego czy \u015bwie\u017co przyrz\u0105dzonego dania w kuchni. Musisz zdawa\u0107 sobie spraw\u0119 z tego, \u017ce niekt\u00f3re popularne produkty mog\u0105 wywo\u0142a\u0107 chorob\u0119 u psa i s\u0105 dla niego szkodliwe. Dlatego wa\u017cne jest, aby mie\u0107 \u015bwiadomo\u015b\u0107 czego nie mog\u0105 je\u015b\u0107 psy oraz co mo\u017ce by\u0107 dla nich szkodliwe i niebezpieczne. Pracuj\u0105ca dla marki Bozita specjalistka ds. \u017cywienia Cecilia Hjelm posiada wykszta\u0142cenie w zakresie opieki nad zwierz\u0119tami domowymi, a tak\u017ce zajmuje si\u0119 rozwojem produkt\u00f3w. Dzi\u0119ki specjalistycznej wiedzy na temat \u017cywienia, pomo\u017ce Ci zg\u0142\u0119bi\u0107 wszelkie aspekty zwi\u0105zane z karmieniem Twojego czworonoga.<\/strong><\/p>\n<h2>CZEGO NIE POWINIEN JE\u015a\u0106 PIES?<\/h2>\n<p>Niestety na li\u015bcie szkodliwych czy nawet truj\u0105cych produkt\u00f3w dla ps\u00f3w znajduje si\u0119 wiele rodzaj\u00f3w pokarmu i substancji. Wiele os\u00f3b wie, \u017ce czekolady i cebuli absolutnie nie wolno podawa\u0107 swojemu psu. W wielu przypadkach spo\u017cywane przez ludzi posi\u0142ki zawieraj\u0105 zbyt du\u017co soli czy t\u0142uszczu, dlatego mog\u0105 by\u0107 szkodliwe dla Twojego psa. Ale czy znasz te\u017c pozosta\u0142e produkty i substancje niebezpieczne dla czworonoga?<\/p>\n<h2>CZY PIES MO\u017bE JE\u015a\u0106 CZEKOLAD\u0118 \u2013 CZEGO NIE MOG\u0104 JE\u015a\u0106 PSY?<\/h2>\n<p>Czekolada, a w\u0142a\u015bciwie kakao jest truj\u0105ce dla psa, gdy\u017c zawiera teobromin\u0119. To jak na zjedzenie czekolady zareaguje dany pies zale\u017cy od jego masy, tego ile spo\u017cy\u0142 czekolady oraz czy by\u0142a to jasna czy ciemna czekolada. Podstawowa zasada brzmi \u2013 upewnij si\u0119, \u017ce Tw\u00f3j pies w og\u00f3le nie spo\u017cywa czekolady. Objawy zatrucia to ko\u0142atanie serca, dr\u017cenie mi\u0119\u015bni, biegunka oraz cz\u0119ste oddawanie moczu przez psa.<\/p>\n<h2>CZY PIES MO\u017bE JE\u015a\u0106 WINOGRONA?<\/h2>\n<p>Zjedzenie pojedynczego winogrona nie jest niebezpieczne dla psa, ale spo\u017cycie wi\u0119kszej ilo\u015bci winogron mo\u017ce okaza\u0107 si\u0119 szkodliwe i doprowadzi\u0107 do niewydolno\u015bci nerek. Wra\u017cliwo\u015b\u0107 czworonog\u00f3w na dzia\u0142anie winogron jest kwesti\u0105 indywidualn\u0105, ale ze wzgl\u0119d\u00f3w bezpiecze\u0144stwa, najlepiej unika\u0107 podawania psu winogron. Dotyczy to zar\u00f3wno winogron bia\u0142ych, zielonych i czerwonych bez wzgl\u0119du na to czy maj\u0105 one pestki czy nie.<\/p>\n<h2>CZY JEDZENIE ZIEMNIAK\u00d3W JEST NIEBEZPIECZNE DLA PS\u00d3W?<\/h2>\n<p>Jedzenie gotowanych ziemniak\u00f3w nie jest niebezpieczne dla ps\u00f3w. Jednak nigdy nie nale\u017cy karmi\u0107 czworonoga surowymi ziemniakami, poniewa\u017c psy podobnie, jak ludzie maj\u0105 problemy z ich trawieniem. Ponadto zielone ziemniaki mog\u0105 zawiera\u0107 zwi\u0119kszone ilo\u015bci solaniny, kt\u00f3ra niekorzystnie oddzia\u0142uje na psy. Zatrucie u psa wynikaj\u0105ce ze spo\u017cycia surowych ziemniak\u00f3w objawia si\u0119 wymiotami, biegunk\u0105, zawrotami g\u0142owy i skurczami.<\/p>\n<h2>CZY AWOKADO JEST SZKODLIWE DLA PS\u00d3W?<\/h2>\n<p>W przypadku awokado nale\u017cy zachowa\u0107 ostro\u017cno\u015b\u0107, gdy\u017c zawiera ono persyn\u0119, substancj\u0119 kt\u00f3re mo\u017ce wp\u0142ywa\u0107 na gruczo\u0142y sutkowe i serce psa. Dlatego te\u017c awokado jest szkodliwe dla ps\u00f3w. Persyna jest bezpieczna dla ludzi, ale truj\u0105ca prawie dla wszystkich zwierz\u0105t. Objawy zatrucia to duszno\u015b\u0107, biegunka, wymioty i kaszel.<\/p>\n<h2>LISTA ZAWIERAJ\u0104CA TRUJ\u0104CE I NIEBEZPIECZNE PRODUKTY DLA PS\u00d3W<\/h2>\n<p>Poni\u017csza lista zawiera szkodliwe substancje oraz truj\u0105ce produkty dla ps\u00f3w. Skorzystaj z niej, aby dowiedzie\u0107 si\u0119 czego psy nie mog\u0105 je\u015b\u0107. Je\u015bli podejrzewasz, \u017ce Tw\u00f3j pies po\u0142kn\u0105\u0142 co\u015b truj\u0105cego lub wykazuje niepokoj\u0105ce objawy, natychmiast skontaktuj si\u0119 z weterynarzem. Pami\u0119taj tak\u017ce o tym, \u017ce istnieje spora grupa produkt\u00f3w, kt\u00f3rymi nie nale\u017cy karmi\u0107 psa chocia\u017c nie ma ich na poni\u017cszej li\u015bcie, jak na przyk\u0142ad chipsy, orzeszki ziemne, ciasta i inne s\u0142odycze, s\u0142odkie potrawy, ostro przyprawione potrawy z du\u017c\u0105 ilo\u015bci chili lub jalapeno, sma\u017cone potrawy oraz wszystkie s\u0142one i t\u0142uste potrawy. Je\u015bli nie masz pewno\u015bci czy dana karma jest odpowiednia dla Twojego czworonoga, zrezygnuj z jej podawania psu.<\/p>\n<ul>\n<li><strong>Morele\u00a0<\/strong>\u2013 patrz owoce pestkowe.<\/li>\n<li><strong>Awokado<\/strong>\u00a0\u2013 zawiera persyn\u0119, kt\u00f3ra mo\u017ce wp\u0142ywa\u0107 na gruczo\u0142y sutkowe i serce psa.<\/li>\n<li><strong>Soda oczyszczona<\/strong>\u00a0\u2013 zawiera wodorow\u0119glan sodu, kt\u00f3ry w du\u017cych ilo\u015bciach mo\u017ce powodowa\u0107 skurcze mi\u0119\u015bni i niewydolno\u015b\u0107 serca.<\/li>\n<li><strong>Surowe broku\u0142y<\/strong>\u00a0\u2013 gotowane broku\u0142y s\u0105 smaczne i bezpieczne, ale surowe broku\u0142y mog\u0105 zaburza\u0107 dzia\u0142anie tarczycy psa.<\/li>\n<li><strong>Czekolada i kakao<\/strong>\u00a0&#8211; zawieraj\u0105 teobromin\u0119 kt\u00f3ra jest truj\u0105ca dla Twojego psa.<\/li>\n<li><strong>Owoce cytrusowe<\/strong>\u00a0\u2013 ich spo\u017cywanie mo\u017ce prowadzi\u0107 do pojawienia si\u0119 alergii czy wyst\u0105pienia zaburze\u0144 \u017co\u0142\u0105dkowo-jelitowych, spo\u017cycie niewielkich ilo\u015bci takich owoc\u00f3w jest bezpieczne.<\/li>\n<li><strong>Ciasto<\/strong>\u00a0\u2013 ciasto, kt\u00f3re fermentuje jest szkodliwe dla Twojego psa.<\/li>\n<li><strong>\u017bo\u0142\u0119dzie<\/strong>\u00a0\u2013 zawieraj\u0105 taniny, kt\u00f3re mog\u0105 okaza\u0107 si\u0119 \u015bmiertelne, je\u015bli zostan\u0105 spo\u017cyte w du\u017cych ilo\u015bciach. Nawet mniejsze ilo\u015bci mog\u0105 powodowa\u0107 objawy zatrucia.<\/li>\n<li><strong>Glikol<\/strong>\u00a0\u2013 chocia\u017c mo\u017ce wydawa\u0107 si\u0119 to dziwne, z racji tego, \u017ce glikol jest s\u0142odki, w przypadku rozlania, pies mo\u017ce go zlizywa\u0107. Jest niezwykle truj\u0105cy nawet w niewielkich ilo\u015bciach.<\/li>\n<li><strong>Szczypiorek<\/strong>\u00a0\u2013 patrz cebul\u0119.<\/li>\n<li><strong>Zielony ser ple\u015bniowy\u00a0<\/strong>&#8211; zawiera roquefortin\u0119, kt\u00f3ra jest truj\u0105c\u0105 ple\u015bni\u0105.<\/li>\n<li><strong>Kakao<\/strong>\u00a0&#8211; patrz czekolada.<\/li>\n<li><strong>Cynamon<\/strong>\u00a0\u2013 nie jest truj\u0105cy, ale mo\u017ce powodowa\u0107 podra\u017cnienie ust i przewodu pokarmowego.<\/li>\n<li><strong>Kofeina<\/strong>\u00a0i kawa<\/li>\n<li><strong>Wi\u015bnie<\/strong>\u00a0\u2013 patrz owoce pestkowe.<\/li>\n<li><strong>Ro\u015bliny cebulowe<\/strong>\u00a0takie jak cebula, czosnek i szczypiorek s\u0105 truj\u0105ce dla Twojego psa. W przypadku cebuli dotyczy to zar\u00f3wno postaci surowej, jak i gotowanej. Zawiera alicyn\u0119, kt\u00f3ra jest truj\u0105ca dla ps\u00f3w.<\/li>\n<li><strong>Kolby kukurydzy<\/strong>\u00a0\u2013 sama kolba jest truj\u0105ca, ale ziarna kukurydzy s\u0105 bezpiecznym po\u017cywieniem. Nie pozwalaj psu \u017cu\u0107 kolby, gdy\u017c mo\u017ce ona utkn\u0105\u0107 w jelitach i konieczna b\u0119dzie natychmiastowa operacja.<\/li>\n<li><strong>Orzechy<\/strong>\u00a0\u2013 unikaj wszelkiego rodzaju orzech\u00f3w, takich jak orzechy ziemne, orzechy makadamia czy orzechy w\u0142oskie.<\/li>\n<li><strong>\u015aliwki<\/strong>\u00a0\u2013 patrz owoce pestkowe.<\/li>\n<li><strong>Surowe ziemniaki\u00a0<\/strong>\u2013 zawieraj\u0105 solanin\u0119, na kt\u00f3r\u0105 psy mog\u0105 \u017ale reagowa\u0107. Dotyczy surowych ziemniak\u00f3w.<\/li>\n<li><strong>Rabarbar<\/strong>\u00a0\u2013 zawiera kilka substancji, kt\u00f3re s\u0105 szkodliwe dla Twojego psa.<\/li>\n<li><strong>Rodzynki<\/strong>\u00a0\u2013 mog\u0105 powodowa\u0107 ostr\u0105 niewydolno\u015b\u0107 nerek u ps\u00f3w.<\/li>\n<li><strong>Szafran<\/strong>\u00a0\u2013 mo\u017ce powodowa\u0107 \u0142agodne objawy zatrucia.<\/li>\n<li><strong>S\u00f3l<\/strong>\u00a0\u2013 szkodliwa jest tak\u017ce s\u0142ona woda i potrawy z du\u017c\u0105 ilo\u015bci\u0105 soli, jak na przyk\u0142ad bekon.<\/li>\n<li><strong>Owoce pestkowe<\/strong>\u00a0\u2013 na przyk\u0142ad, morela, wi\u015bnia i \u015bliwka. Pestki zawieraj\u0105 amigdalin\u0119.<\/li>\n<li><strong>Szpinak<\/strong>\u00a0\u2013 nie jest truj\u0105cy, ale nale\u017cy ogranicza\u0107 jego spo\u017cycie.<\/li>\n<li><strong>Grzyby<\/strong>\u00a0\u2013 truj\u0105ce grzyby s\u0105 niebezpieczne zar\u00f3wno dla Ciebie, jak i dla Twojego psa.<\/li>\n<li><strong>Pomidory\u00a0<\/strong>\u2013 unikaj podawania psu zielonych pomidor\u00f3w, gdy\u017c mog\u0105 one zawiera\u0107 niewielkie ilo\u015bci tomatyny, kt\u00f3re mog\u0105 by\u0107 szkodliwe dla ps\u00f3w.<\/li>\n<li><strong>Winogrona<\/strong>\u00a0\u2013 mog\u0105 powodowa\u0107 niewydolno\u015b\u0107 nerek. Spo\u017cycie pojedynczego winogrona, nie jest niebezpieczne, ale winogrona s\u0105 szkodliwe w wi\u0119kszych ilo\u015bciach.<\/li>\n<li><strong>Czosnek<\/strong>\u00a0\u2013 patrz cebula.<\/li>\n<li><strong>\u015arodki przeciwb\u00f3lowe<\/strong>\u00a0zawieraj\u0105ce paracetamol lub kwas acetylosalicylowy lub inne leki.<\/li>\n<li><strong>Ksylitol<\/strong>\u00a0\u2013 s\u0142odzik znajduj\u0105cy si\u0119 w pa\u015bcie do z\u0119b\u00f3w, gumie do \u017cucia i s\u0142odyczach pozbawionych cukru.<\/li>\n<li><strong>Surowe bia\u0142ko jajka<\/strong>\u00a0\u2013 zawiera awidyn\u0119. Gotowane lub sma\u017cone bia\u0142ka jajek s\u0105 bezpieczne dla psa.<\/li>\n<\/ul>\n<p><strong>Je\u015bli podejrzewasz, \u017ce tw\u00f3j pies uleg\u0142 zatruciu, natychmiast skontaktuj si\u0119 z weterynarzem<\/strong><\/p>\n<p><strong>Wi\u0119cej informacji o niebezpiecze\u0144stwach i zagro\u017ceniach dla ps\u00f3w<\/strong><\/p>\n<ul>\n<li><a title=\"Uwa\u017caj na zatrucia grzybami w lasach\" href=\"https:\/\/bozita.com\/pl\/zycie-z-psem\/zdrowie-psa\/uwazaj-na-zatrucia-grzybami-w-lasach\/\">Zatrucie grzybami u psa \u2013 zachowaj czujno\u015b\u0107 podczas spaceru w pe\u0142nym grzyb\u00f3w lesie<\/a><\/li>\n<\/ul>\n\t\t\t<\/div>\n\t\t<\/div>\n\t<\/div>\n","protected":false},"excerpt":{"rendered":"","protected":false},"author":1,"featured_media":6698,"parent":6777,"menu_order":0,"comment_status":"closed","ping_status":"closed","template":"guternberg.php","meta":{"footnotes":""},"acf":[],"yoast_head":"<!-- This site is optimized with the Yoast SEO plugin v21.3 - https:\/\/yoast.com\/wordpress\/plugins\/seo\/ -->\n<title>Czego nie mog\u0105 je\u015b\u0107 psy \u2013 niebezpieczne produkty | Bozita Polska<\/title>\n<meta name=\"description\" content=\"Czy czekolada jest bezpieczna dla czworonog\u00f3w? Czy psy mog\u0105 je\u015b\u0107 winogrona? Czego nie mog\u0105 je\u015b\u0107 psy i jakie produkty s\u0105 dla nich niebezpieczne?\" \/>\n<meta name=\"robots\" content=\"index, follow, max-snippet:-1, max-image-preview:large, max-video-preview:-1\" \/>\n<link rel=\"canonical\" href=\"https:\/\/bozita.com\/pl\/karma-dla-psow\/zywienie-i-dieta\/czego-nie-moga-jesc-psy\/\" \/>\n<meta property=\"og:locale\" content=\"pl_PL\" \/>\n<meta property=\"og:type\" content=\"article\" \/>\n<meta property=\"og:title\" content=\"Czego nie mog\u0105 je\u015b\u0107 psy \u2013 niebezpieczne produkty | Bozita Polska\" \/>\n<meta property=\"og:description\" content=\"Czy czekolada jest bezpieczna dla czworonog\u00f3w? Czy psy mog\u0105 je\u015b\u0107 winogrona? Czego nie mog\u0105 je\u015b\u0107 psy i jakie produkty s\u0105 dla nich niebezpieczne?\" \/>\n<meta property=\"og:url\" content=\"https:\/\/bozita.com\/pl\/karma-dla-psow\/zywienie-i-dieta\/czego-nie-moga-jesc-psy\/\" \/>\n<meta property=\"og:site_name\" content=\"Bozita Polska\" \/>\n<meta property=\"article:modified_time\" content=\"2022-09-29T06:09:06+00:00\" \/>\n<meta property=\"og:image\" content=\"https:\/\/bozita.com\/pl\/wp-content\/uploads\/sites\/9\/2021\/08\/bozita_swedish-natural-quality.jpg\" \/>\n\t<meta property=\"og:image:width\" content=\"800\" \/>\n\t<meta property=\"og:image:height\" content=\"533\" \/>\n\t<meta property=\"og:image:type\" content=\"image\/jpeg\" \/>\n<meta name=\"twitter:card\" content=\"summary_large_image\" \/>\n<!-- \/ Yoast SEO plugin. -->","yoast_head_json":{"title":"Czego nie mog\u0105 je\u015b\u0107 psy \u2013 niebezpieczne produkty | Bozita Polska","description":"Czy czekolada jest bezpieczna dla czworonog\u00f3w? Czy psy mog\u0105 je\u015b\u0107 winogrona? Czego nie mog\u0105 je\u015b\u0107 psy i jakie produkty s\u0105 dla nich niebezpieczne?","robots":{"index":"index","follow":"follow","max-snippet":"max-snippet:-1","max-image-preview":"max-image-preview:large","max-video-preview":"max-video-preview:-1"},"canonical":"https:\/\/bozita.com\/pl\/karma-dla-psow\/zywienie-i-dieta\/czego-nie-moga-jesc-psy\/","og_locale":"pl_PL","og_type":"article","og_title":"Czego nie mog\u0105 je\u015b\u0107 psy \u2013 niebezpieczne produkty | Bozita Polska","og_description":"Czy czekolada jest bezpieczna dla czworonog\u00f3w? Czy psy mog\u0105 je\u015b\u0107 winogrona? Czego nie mog\u0105 je\u015b\u0107 psy i jakie produkty s\u0105 dla nich niebezpieczne?","og_url":"https:\/\/bozita.com\/pl\/karma-dla-psow\/zywienie-i-dieta\/czego-nie-moga-jesc-psy\/","og_site_name":"Bozita Polska","article_modified_time":"2022-09-29T06:09:06+00:00","og_image":[{"width":800,"height":533,"url":"https:\/\/bozita.com\/pl\/wp-content\/uploads\/sites\/9\/2021\/08\/bozita_swedish-natural-quality.jpg","type":"image\/jpeg"}],"twitter_card":"summary_large_image","schema":{"@context":"https:\/\/schema.org","@graph":[{"@type":"WebPage","@id":"https:\/\/bozita.com\/pl\/karma-dla-psow\/zywienie-i-dieta\/czego-nie-moga-jesc-psy\/","url":"https:\/\/bozita.com\/pl\/karma-dla-psow\/zywienie-i-dieta\/czego-nie-moga-jesc-psy\/","name":"Czego nie mog\u0105 je\u015b\u0107 psy \u2013 niebezpieczne produkty | Bozita Polska","isPartOf":{"@id":"https:\/\/bozita.com\/pl\/#website"},"datePublished":"2021-08-12T17:57:20+00:00","dateModified":"2022-09-29T06:09:06+00:00","description":"Czy czekolada jest bezpieczna dla czworonog\u00f3w? Czy psy mog\u0105 je\u015b\u0107 winogrona? Czego nie mog\u0105 je\u015b\u0107 psy i jakie produkty s\u0105 dla nich niebezpieczne?","breadcrumb":{"@id":"https:\/\/bozita.com\/pl\/karma-dla-psow\/zywienie-i-dieta\/czego-nie-moga-jesc-psy\/#breadcrumb"},"inLanguage":"pl-PL","potentialAction":[{"@type":"ReadAction","target":["https:\/\/bozita.com\/pl\/karma-dla-psow\/zywienie-i-dieta\/czego-nie-moga-jesc-psy\/"]}]},{"@type":"BreadcrumbList","@id":"https:\/\/bozita.com\/pl\/karma-dla-psow\/zywienie-i-dieta\/czego-nie-moga-jesc-psy\/#breadcrumb","itemListElement":[{"@type":"ListItem","position":1,"name":"Home","item":"https:\/\/bozita.com\/pl\/"},{"@type":"ListItem","position":2,"name":"Karma dla ps\u00f3w","item":"https:\/\/bozita.com\/pl\/karma-dla-psow\/"},{"@type":"ListItem","position":3,"name":"\u017bywienie i dieta","item":"https:\/\/bozita.com\/pl\/karma-dla-psow\/zywienie-i-dieta\/"},{"@type":"ListItem","position":4,"name":"Czego nie mog\u0105 je\u015b\u0107 psy \u2013 niebezpieczne produkty"}]},{"@type":"WebSite","@id":"https:\/\/bozita.com\/pl\/#website","url":"https:\/\/bozita.com\/pl\/","name":"Bozita Polska","description":"","potentialAction":[{"@type":"SearchAction","target":{"@type":"EntryPoint","urlTemplate":"https:\/\/bozita.com\/pl\/?s={search_term_string}"},"query-input":"required name=search_term_string"}],"inLanguage":"pl-PL"}]}},"_links":{"self":[{"href":"https:\/\/bozita.com\/pl\/wp-json\/wp\/v2\/pages\/6709"}],"collection":[{"href":"https:\/\/bozita.com\/pl\/wp-json\/wp\/v2\/pages"}],"about":[{"href":"https:\/\/bozita.com\/pl\/wp-json\/wp\/v2\/types\/page"}],"author":[{"embeddable":true,"href":"https:\/\/bozita.com\/pl\/wp-json\/wp\/v2\/users\/1"}],"replies":[{"embeddable":true,"href":"https:\/\/bozita.com\/pl\/wp-json\/wp\/v2\/comments?post=6709"}],"version-history":[{"count":1,"href":"https:\/\/bozita.com\/pl\/wp-json\/wp\/v2\/pages\/6709\/revisions"}],"predecessor-version":[{"id":9478,"href":"https:\/\/bozita.com\/pl\/wp-json\/wp\/v2\/pages\/6709\/revisions\/9478"}],"up":[{"embeddable":true,"href":"https:\/\/bozita.com\/pl\/wp-json\/wp\/v2\/pages\/6777"}],"wp:featuredmedia":[{"embeddable":true,"href":"https:\/\/bozita.com\/pl\/wp-json\/wp\/v2\/media\/6698"}],"wp:attachment":[{"href":"https:\/\/bozita.com\/pl\/wp-json\/wp\/v2\/media?parent=6709"}],"curies":[{"name":"wp","href":"https:\/\/api.w.org\/{rel}","templated":true}]}}