{"id":6710,"date":"2021-08-12T17:57:12","date_gmt":"2021-08-12T17:57:12","guid":{"rendered":"https:\/\/bozita.com\/pl\/szczepienie-kota\/"},"modified":"2022-09-29T07:07:15","modified_gmt":"2022-09-29T07:07:15","slug":"szczepienie-kota","status":"publish","type":"page","link":"https:\/\/bozita.com\/pl\/zycie-z-kotem\/zdrowie-kota\/szczepienie-kota\/","title":{"rendered":"Kiedy i jak cz\u0119sto przeprowadza\u0107 szczepienie kota?"},"content":{"rendered":"\t\t<section class=\"small-hero\">\n\t\t\t<div class=\"container\">\n\t\t\t\t<h1 class=\"small-hero-title\">SZCZEPIENIE KOTA<\/h1>\t\t\t<\/div>\n\t\t\t<\/div>\n\t\t<\/section>\n\t\n\n\t<div class=\"text-box-warp\">\n\t\t<div class=\"container\">\n\t\t\t<div class=\"text-content\">\n\t\t\t\t<p><strong>Szczepienie jest wa\u017cne zar\u00f3wno dla dobra Twojego zwierzaka, jak i\u00a0innych kot\u00f3w. Szczepi\u0105c kota zmniejszasz ryzyko rozprzestrzenienia si\u0119 pospolitych chor\u00f3b takich jak panleukopenia czy kocia grypa.<\/strong><\/p>\n<h2>SZCZEPIENIE KOTA ZAPOBIEGA CHOROBOM<\/h2>\n<p>Panleukopenia jest powszechn\u0105, a zarazem bardzo powa\u017cn\u0105 chorob\u0105 przewodu pokarmowego, wywo\u0142ywan\u0105 przez kociego parwowirusa. Choroba ta jest wysoce zaka\u017ana i charakteryzuje si\u0119 r\u00f3wnie wysok\u0105 \u015bmiertelno\u015bci\u0105. Dlatego niezwykle wa\u017cne jest, aby zaszczepi\u0107 na ni\u0105 kota. Zwierz\u0119 mo\u017ce zarazi\u0107 si\u0119 wirusem przez kontakt z odchodami chorych kot\u00f3w \u2013\u00a0to w\u0142a\u015bnie dlatego panleukopenia jest tak powszechna.<\/p>\n<p>Kocia grypa przypomina ludzkie przezi\u0119bienie i mo\u017ce powodowa\u0107 mi\u0119dzy innymi kaszel, gor\u0105czk\u0119, b\u00f3le mi\u0119\u015bni i staw\u00f3w, rany w jamie ustnej oraz duszno\u015bci. Choroba ta wyst\u0119puje jeszcze cz\u0119\u015bciej od panleukopenii i najcz\u0119\u015bciej wywo\u0142uje j\u0105 koci herpeswirus lub kaliciwirus. Kocia grypa r\u00f3wnie\u017c nale\u017cy do chor\u00f3b zaka\u017anych, dlatego niezwykle wa\u017cne jest, aby zaszczepi\u0107 na ni\u0105 kota. Infekcja rozprzestrzenia si\u0119 przede wszystkim przez nos, oczy i \u015blin\u0119. W\u00a0sprzyjaj\u0105cych warunkach cz\u0105steczki mog\u0105 prze\u017cy\u0107 nawet przez kilka tygodni, wi\u0119c kot mo\u017ce si\u0119 zarazi\u0107 (lub zarazi\u0107 inne koty), nawet je\u015bli nie dojdzie do osobistego spotkania.<\/p>\n<h2>PIERWSZE SZCZEPIENIE KOTA<\/h2>\n<p>Pierwsze szczepienie koci\u0105t powinno si\u0119 odby\u0107 w 7\u20138. tygodniu, a nast\u0119pnie po uko\u0144czeniu przez nie 12. tygodnia \u017cycia. Wa\u017cne, aby przed przygarni\u0119ciem kota do domu dowiedzie\u0107 si\u0119 od hodowcy, czy faktycznie zosta\u0142 on zaszczepiony (i na co). Nie zak\u0142adaj z g\u00f3ry, \u017ce zwierz\u0119 otrzyma\u0142o niezb\u0119dne szczepienia, a je\u015bli nie masz pewno\u015bci, popro\u015b o wype\u0142nion\u0105 przez lekarza ksi\u0105\u017ceczk\u0119 szczepie\u0144.<\/p>\n<h2>JAK CZ\u0118STO SZCZEPI\u0106 KOTA?<\/h2>\n<p>To, jak cz\u0119sto nale\u017cy nast\u0119pnie szczepi\u0107 kota, zale\u017cy od tego, jakiego rodzaju szczepionki stosuje dany gabinet weterynaryjny. Dlatego warto zawsze zapyta\u0107 o to weterynarza. Niekt\u00f3rzy producenci szczepionek zalecaj\u0105 coroczne szczepienie, podczas gdy inne szczepionki mo\u017cna odnawia\u0107 nawet co trzy lata.<\/p>\n<p>Ewentualne skutki uboczne mog\u0105 pojawi\u0107 si\u0119 1\u20132 dni p\u00f3\u017aniej w postaci obrz\u0119ku w\u00a0miejscu szczepienia, a czasem tak\u017ce gor\u0105czki. To powszechne zjawisko, kt\u00f3rym nie nale\u017cy si\u0119 martwi\u0107.<\/p>\n<h2>SZCZEPIENIE KOTA PRZED WYJAZDEM ZA GRANIC\u0118<\/h2>\n<p>Przeprowad\u017a dodatkowe szczepienia kota, je\u015bli planujesz z nim podr\u00f3\u017c za granic\u0119. Podstawowe szczepienia w Polsce obejmuj\u0105 panleukopeni\u0119 oraz koci\u0105 gryp\u0119. Niekt\u00f3re pa\u0144stwa UE wymagaj\u0105 r\u00f3wnie\u017c przeprowadzenia bada\u0144 krwi na co najmniej 120 dni po wykonaniu szczepie\u0144 podstawowych, dla dodatkowego zabezpieczenia. Je\u015bli zamierzasz podr\u00f3\u017cowa\u0107 z kotem na terenie UE, Tw\u00f3j kot musi posiada\u0107 wa\u017cne szczepienia, a tak\u017ce podstawow\u0105 szczepionk\u0119 przeciw w\u015bciekli\u017anie.<\/p>\n<p>Skontaktuj si\u0119 ze swoim weterynarzem, aby dowiedzie\u0107 si\u0119, jakie szczepionki s\u0105 wymagane w\u00a0kraju, do kt\u00f3rego zamierzasz wyjecha\u0107 i\u00a0przeprowad\u017a szczepienia z du\u017cym wyprzedzeniem.<\/p>\n<h2>KOTY DOMOWE TAK\u017bE POTRZEBUJ\u0104 SZCZEPIE\u0143<\/h2>\n<p>Wa\u017cne, aby szczepi\u0107 zar\u00f3wno koty \u017cyj\u0105ce na zewn\u0105trz, jak i koty domowe. Nawet je\u015bli Tw\u00f3j kot rzadko przebywa na zewn\u0105trz, wci\u0105\u017c mo\u017ce zarazi\u0107 si\u0119 pewnymi chorobami. Nieszczepiony kot domowy mo\u017ce zachorowa\u0107, je\u015bli wniesiesz do domu cz\u0105steczki zaka\u017ane na butach lub ubraniach, na przyk\u0142ad z odchod\u00f3w innych zwierz\u0105t.<\/p>\n\t\t\t<\/div>\n\t\t<\/div>\n\t<\/div>\n\n\n\n\t<section class=\"block related-articles\">\n\t\t<div class=\"container\">\n\t\t\t<h2>Artyku\u0142y powi\u0105zane<\/h2>\n\t\t\t<div class=\"row justify-content-center\">\n\t\t\t\t\t\t\t\t\t\t<div class=\"col-sm-6 col-md-6 col-lg-3\">\n\t\t\t\t\t\t\t\t\t\t\t\t\t\t<div class=\"card \">\n\t\t\t\t\t\t\t\t\t\t\t\t\t\t\t\t\t<img decoding=\"async\"  src=\"https:\/\/bozita.com\/pl\/wp-content\/uploads\/sites\/9\/2021\/08\/bozita-kastrera-katt.jpeg\" alt=\"\">\n\t\t\t\t\t\t\t\t\t\t\t\t\t\t\t\t\t<!-- <img decoding=\"async\" src=\"\n\t\t\t\t\t\t\t\t\t\t\t\t\t\t\t\t\t\t\t\t\" alt=\"\n\t\t\t\t\t\t\t\t\t\t\t\t\t\t\t\t\t\t\t\t\t\t\t\t\t\t\t\"> -->\n\t\t\t\t\t\t\t\t<div class=\"card-body\">\n\t\t\t\t\t\t\t\t\t\t\t\t\t\t\t\t\t\t\t<h6>Kastracja kota &#8211; dlaczego jest tak istotna?<\/h6>\n\t\t\t\t\t\t\t\t\t\t\t\t\t\t\t\t\t\t\t<a href=\"https:\/\/bozita.com\/pl\/zycie-z-kotem\/zdrowie-kota\/kastracja-kota-dlaczego-jest-tak-istotna\/\">Czytaj wi\u0119cej &nbsp; ><\/a>\n\t\t\t\t\t\t\t\t<\/div>\n\t\t\t\t\t\t\t<\/div>\n\t\t\t\t\t\t<\/div>\n\n\t\t\t\t\t\t\t\t\t\t\t<div class=\"col-sm-6 col-md-6 col-lg-3\">\n\t\t\t\t\t\t\t\t\t\t\t\t\t\t<div class=\"card \">\n\t\t\t\t\t\t\t\t\t\t\t\t\t\t\t\t\t<img decoding=\"async\"  src=\"https:\/\/bozita.com\/pl\/wp-content\/uploads\/sites\/9\/2021\/08\/bozita-katt-ratt-hull-guide.jpeg\" alt=\"\">\n\t\t\t\t\t\t\t\t\t\t\t\t\t\t\t\t\t<!-- <img decoding=\"async\" src=\"\n\t\t\t\t\t\t\t\t\t\t\t\t\t\t\t\t\t\t\t\t\" alt=\"\n\t\t\t\t\t\t\t\t\t\t\t\t\t\t\t\t\t\t\t\t\t\t\t\t\t\t\t\"> -->\n\t\t\t\t\t\t\t\t<div class=\"card-body\">\n\t\t\t\t\t\t\t\t\t\t\t\t\t\t\t\t\t\t\t<h6>Ile powinien wa\u017cy\u0107 kot?<\/h6>\n\t\t\t\t\t\t\t\t\t\t\t\t\t\t\t\t\t\t\t<a href=\"https:\/\/bozita.com\/pl\/zycie-z-kotem\/zdrowie-kota\/ile-powinien-wazyc-kot\/\">Czytaj wi\u0119cej &nbsp; ><\/a>\n\t\t\t\t\t\t\t\t<\/div>\n\t\t\t\t\t\t\t<\/div>\n\t\t\t\t\t\t<\/div>\n\n\t\t\t\t\t\t\t\t\t\t\t<div class=\"col-sm-6 col-md-6 col-lg-3\">\n\t\t\t\t\t\t\t\t\t\t\t\t\t\t<div class=\"card \">\n\t\t\t\t\t\t\t\t\t\t\t\t\t\t\t\t\t<img decoding=\"async\"  src=\"https:\/\/bozita.com\/pl\/wp-content\/uploads\/sites\/9\/2021\/08\/bozita_swedish-natural-quality.jpg\" alt=\"\">\n\t\t\t\t\t\t\t\t\t\t\t\t\t\t\t\t\t<!-- <img decoding=\"async\" src=\"\n\t\t\t\t\t\t\t\t\t\t\t\t\t\t\t\t\t\t\t\t\" alt=\"\n\t\t\t\t\t\t\t\t\t\t\t\t\t\t\t\t\t\t\t\t\t\t\t\t\t\t\t\"> -->\n\t\t\t\t\t\t\t\t<div class=\"card-body\">\n\t\t\t\t\t\t\t\t\t\t\t\t\t\t\t\t\t\t\t<h6>Odrobaczanie kota &#8211; wszystko, co musisz wiedzie\u0107<\/h6>\n\t\t\t\t\t\t\t\t\t\t\t\t\t\t\t\t\t\t\t<a href=\"https:\/\/bozita.com\/pl\/zycie-z-kotem\/zdrowie-kota\/odrobaczanie-kota-wszystko-co-musisz-wiedziec\/\">Czytaj wi\u0119cej &nbsp; ><\/a>\n\t\t\t\t\t\t\t\t<\/div>\n\t\t\t\t\t\t\t<\/div>\n\t\t\t\t\t\t<\/div>\n\n\t\t\t\t\t\t\t\t\t\t\t\t<\/div>\n\t\t<\/div>\n\t<\/section>\n","protected":false},"excerpt":{"rendered":"","protected":false},"author":1,"featured_media":6711,"parent":6814,"menu_order":0,"comment_status":"closed","ping_status":"closed","template":"guternberg.php","meta":{"footnotes":""},"acf":[],"yoast_head":"<!-- This site is optimized with the Yoast SEO plugin v21.3 - https:\/\/yoast.com\/wordpress\/plugins\/seo\/ -->\n<title>Kiedy i jak cz\u0119sto przeprowadza\u0107 szczepienie kota? | Bozita Polska<\/title>\n<meta name=\"description\" content=\"Dowiedz si\u0119, kiedy i jak cz\u0119sto nale\u017cy przeprowadza\u0107 szczepienie kota oraz jakie zasady dotycz\u0105ce szczepie\u0144 obowi\u0105zuj\u0105, gdy wyje\u017cd\u017casz z kotem za granic\u0119.\" \/>\n<meta name=\"robots\" content=\"index, follow, max-snippet:-1, max-image-preview:large, max-video-preview:-1\" \/>\n<link rel=\"canonical\" href=\"https:\/\/bozita.com\/pl\/zycie-z-kotem\/zdrowie-kota\/szczepienie-kota\/\" \/>\n<meta property=\"og:locale\" content=\"pl_PL\" \/>\n<meta property=\"og:type\" content=\"article\" \/>\n<meta property=\"og:title\" content=\"Kiedy i jak cz\u0119sto przeprowadza\u0107 szczepienie kota? | Bozita Polska\" \/>\n<meta property=\"og:description\" content=\"Dowiedz si\u0119, kiedy i jak cz\u0119sto nale\u017cy przeprowadza\u0107 szczepienie kota oraz jakie zasady dotycz\u0105ce szczepie\u0144 obowi\u0105zuj\u0105, gdy wyje\u017cd\u017casz z kotem za granic\u0119.\" \/>\n<meta property=\"og:url\" content=\"https:\/\/bozita.com\/pl\/zycie-z-kotem\/zdrowie-kota\/szczepienie-kota\/\" \/>\n<meta property=\"og:site_name\" content=\"Bozita Polska\" \/>\n<meta property=\"article:modified_time\" content=\"2022-09-29T07:07:15+00:00\" \/>\n<meta property=\"og:image\" content=\"https:\/\/bozita.com\/pl\/wp-content\/uploads\/sites\/9\/2021\/08\/bozita-vaccinera-katt.jpg\" \/>\n\t<meta property=\"og:image:width\" content=\"800\" \/>\n\t<meta property=\"og:image:height\" content=\"535\" \/>\n\t<meta property=\"og:image:type\" content=\"image\/jpeg\" \/>\n<meta name=\"twitter:card\" content=\"summary_large_image\" \/>\n<!-- \/ Yoast SEO plugin. -->","yoast_head_json":{"title":"Kiedy i jak cz\u0119sto przeprowadza\u0107 szczepienie kota? | Bozita Polska","description":"Dowiedz si\u0119, kiedy i jak cz\u0119sto nale\u017cy przeprowadza\u0107 szczepienie kota oraz jakie zasady dotycz\u0105ce szczepie\u0144 obowi\u0105zuj\u0105, gdy wyje\u017cd\u017casz z kotem za granic\u0119.","robots":{"index":"index","follow":"follow","max-snippet":"max-snippet:-1","max-image-preview":"max-image-preview:large","max-video-preview":"max-video-preview:-1"},"canonical":"https:\/\/bozita.com\/pl\/zycie-z-kotem\/zdrowie-kota\/szczepienie-kota\/","og_locale":"pl_PL","og_type":"article","og_title":"Kiedy i jak cz\u0119sto przeprowadza\u0107 szczepienie kota? | Bozita Polska","og_description":"Dowiedz si\u0119, kiedy i jak cz\u0119sto nale\u017cy przeprowadza\u0107 szczepienie kota oraz jakie zasady dotycz\u0105ce szczepie\u0144 obowi\u0105zuj\u0105, gdy wyje\u017cd\u017casz z kotem za granic\u0119.","og_url":"https:\/\/bozita.com\/pl\/zycie-z-kotem\/zdrowie-kota\/szczepienie-kota\/","og_site_name":"Bozita Polska","article_modified_time":"2022-09-29T07:07:15+00:00","og_image":[{"width":800,"height":535,"url":"https:\/\/bozita.com\/pl\/wp-content\/uploads\/sites\/9\/2021\/08\/bozita-vaccinera-katt.jpg","type":"image\/jpeg"}],"twitter_card":"summary_large_image","schema":{"@context":"https:\/\/schema.org","@graph":[{"@type":"WebPage","@id":"https:\/\/bozita.com\/pl\/zycie-z-kotem\/zdrowie-kota\/szczepienie-kota\/","url":"https:\/\/bozita.com\/pl\/zycie-z-kotem\/zdrowie-kota\/szczepienie-kota\/","name":"Kiedy i jak cz\u0119sto przeprowadza\u0107 szczepienie kota? | Bozita Polska","isPartOf":{"@id":"https:\/\/bozita.com\/pl\/#website"},"datePublished":"2021-08-12T17:57:12+00:00","dateModified":"2022-09-29T07:07:15+00:00","description":"Dowiedz si\u0119, kiedy i jak cz\u0119sto nale\u017cy przeprowadza\u0107 szczepienie kota oraz jakie zasady dotycz\u0105ce szczepie\u0144 obowi\u0105zuj\u0105, gdy wyje\u017cd\u017casz z kotem za granic\u0119.","breadcrumb":{"@id":"https:\/\/bozita.com\/pl\/zycie-z-kotem\/zdrowie-kota\/szczepienie-kota\/#breadcrumb"},"inLanguage":"pl-PL","potentialAction":[{"@type":"ReadAction","target":["https:\/\/bozita.com\/pl\/zycie-z-kotem\/zdrowie-kota\/szczepienie-kota\/"]}]},{"@type":"BreadcrumbList","@id":"https:\/\/bozita.com\/pl\/zycie-z-kotem\/zdrowie-kota\/szczepienie-kota\/#breadcrumb","itemListElement":[{"@type":"ListItem","position":1,"name":"Home","item":"https:\/\/bozita.com\/pl\/"},{"@type":"ListItem","position":2,"name":"Kupno kota i \u017cycie z nim. Porady dla pocz\u0105tkuj\u0105cych","item":"https:\/\/bozita.com\/pl\/zycie-z-kotem\/"},{"@type":"ListItem","position":3,"name":"Zdrowie kota i jego piel\u0119gnacja","item":"https:\/\/bozita.com\/pl\/zycie-z-kotem\/zdrowie-kota\/"},{"@type":"ListItem","position":4,"name":"Kiedy i jak cz\u0119sto przeprowadza\u0107 szczepienie kota?"}]},{"@type":"WebSite","@id":"https:\/\/bozita.com\/pl\/#website","url":"https:\/\/bozita.com\/pl\/","name":"Bozita Polska","description":"","potentialAction":[{"@type":"SearchAction","target":{"@type":"EntryPoint","urlTemplate":"https:\/\/bozita.com\/pl\/?s={search_term_string}"},"query-input":"required name=search_term_string"}],"inLanguage":"pl-PL"}]}},"_links":{"self":[{"href":"https:\/\/bozita.com\/pl\/wp-json\/wp\/v2\/pages\/6710"}],"collection":[{"href":"https:\/\/bozita.com\/pl\/wp-json\/wp\/v2\/pages"}],"about":[{"href":"https:\/\/bozita.com\/pl\/wp-json\/wp\/v2\/types\/page"}],"author":[{"embeddable":true,"href":"https:\/\/bozita.com\/pl\/wp-json\/wp\/v2\/users\/1"}],"replies":[{"embeddable":true,"href":"https:\/\/bozita.com\/pl\/wp-json\/wp\/v2\/comments?post=6710"}],"version-history":[{"count":7,"href":"https:\/\/bozita.com\/pl\/wp-json\/wp\/v2\/pages\/6710\/revisions"}],"predecessor-version":[{"id":9522,"href":"https:\/\/bozita.com\/pl\/wp-json\/wp\/v2\/pages\/6710\/revisions\/9522"}],"up":[{"embeddable":true,"href":"https:\/\/bozita.com\/pl\/wp-json\/wp\/v2\/pages\/6814"}],"wp:featuredmedia":[{"embeddable":true,"href":"https:\/\/bozita.com\/pl\/wp-json\/wp\/v2\/media\/6711"}],"wp:attachment":[{"href":"https:\/\/bozita.com\/pl\/wp-json\/wp\/v2\/media?parent=6710"}],"curies":[{"name":"wp","href":"https:\/\/api.w.org\/{rel}","templated":true}]}}