{"id":6712,"date":"2021-08-12T17:57:05","date_gmt":"2021-08-12T17:57:05","guid":{"rendered":"https:\/\/bozita.com\/pl\/szczepienie-psa\/"},"modified":"2022-09-29T07:16:02","modified_gmt":"2022-09-29T07:16:02","slug":"szczepienie-psa","status":"publish","type":"page","link":"https:\/\/bozita.com\/pl\/zycie-z-psem\/zdrowie-psa\/szczepienie-psa\/","title":{"rendered":"Szczepienia ps\u00f3w i szczeni\u0105t"},"content":{"rendered":"\t\t<section class=\"small-hero\">\n\t\t\t<div class=\"container\">\n\t\t\t\t<h1 class=\"small-hero-title\">Szczepienie Psa oraz Szczeni\u0119ta <\/h1>\t\t\t<\/div>\n\t\t\t<\/div>\n\t\t<\/section>\n\t\n\n\t<div class=\"text-box-warp\">\n\t\t<div class=\"container\">\n\t\t\t<div class=\"text-content\">\n\t\t\t\t<p><strong>Szczepienie psa pozwala unikn\u0105\u0107 niepotrzebnego cierpienia oraz przenoszenia chor\u00f3b. Szczeni\u0119ta s\u0105 zwykle szczepione na podstawowe choroby w hodowli, ale p\u00f3\u017aniej odpowiedzialno\u015b\u0107 za ich szczepienia przechodzi na nowego w\u0142a\u015bciciela. Dla ps\u00f3w wystawowych i bior\u0105cych udzia\u0142 w zawodach istniej\u0105 oddzielne regu\u0142y dotycz\u0105ce szczepie\u0144. R\u00f3wnie\u017c przed wyjazdem za granic\u0119 z psem musisz upewni\u0107 si\u0119, \u017ce posiada on wszystkie wymagane szczepienia.<\/strong><\/p>\n<h2>SZCZEPIENIE PSA PRZECIWKO PARWOWIROZIE, NOS\u00d3WCE I ZAPALENIU W\u0104TROBY<\/h2>\n<p>Pierwsza dawka szczepionki przeciwko parwowirozie, nos\u00f3wce i zapaleniu w\u0105troby podawana jest oko\u0142o 7-8 tygodnia \u017cycia szczeniaka. W tym wieku nie opuszcza on jeszcze matki, wi\u0119c szczepieniem zajmuje si\u0119 zazwyczaj hodowca. Informacja o szczepieniu szczeni\u0119cia powinna znajdowa\u0107 si\u0119 w umowie kupna zwierz\u0119cia. Powiniene\u015b te\u017c wtedy otrzyma\u0107 za\u015bwiadczenie o szczepieniu wystawione przez weterynarza. Nowy w\u0142a\u015bciciel psa musi zaszczepi\u0107 go najszybciej, jak mo\u017cliwe je\u015bli, z jakiego\u015b powodu, hodowca nie zaszczepi\u0142 szczeni\u0119cia przed 8 tygodniem \u017cycia.<\/p>\n<p>Szczepienie szczeniaka powtarza si\u0119, gdy pies sko\u0144czy 12 tygodni, a nast\u0119pnie po uko\u0144czeniu 1 roku \u017cycia. W celu zapewnienia skutecznej ochrony pies powinien by\u0107 p\u00f3\u017aniej szczepiony w r\u00f3wnych odst\u0119pach czasowych np. co 3 lata.<\/p>\n<p>Szczepionki przeciwko parwowirozie, nos\u00f3wce i zapaleniu w\u0105troby s\u0105 szczeg\u00f3lnie wa\u017cne, je\u015bli Tw\u00f3j pies przebywa cz\u0119sto w miejscach, gdzie spotyka inne psy np. w parkach, na psich zawodach lub wystawach.<\/p>\n<h3>PARWOWIROZA U PS\u00d3W<\/h3>\n<p>Parwowiroza (nazywana te\u017c psim tyfusem) atakuje psy i jest wysoce zara\u017aliwa. Wyj\u0105tkowo nara\u017cone s\u0105 na ni\u0105 szczeni\u0119ta. Objawia si\u0119 wysok\u0105 gor\u0105czk\u0105, wymiotami i biegunk\u0105. Parwowiroza wyst\u0119puje w odchodach ps\u00f3w, a jej zarazki mog\u0105 przetrwa\u0107 przez d\u0142ugi czas zar\u00f3wno na zewn\u0105trz jak i w pomieszczeniach.<\/p>\n<h3>NOS\u00d3WKA U PS\u00d3W<\/h3>\n<p>Nos\u00f3wka atakuje g\u0142\u00f3wnie szczeni\u0119ta pomi\u0119dzy 2 a 18 miesi\u0105cem \u017cycia. Wirus znajduje si\u0119 w wydzielinie wydostaj\u0105cej si\u0119 z nosa i oczu oraz przenosi si\u0119 bezpo\u015brednio z psa na psa lub po\u015brednio przez kontakt z cz\u0142owiekiem lub przedmiotami. Choroba rozpoczyna si\u0119 wysok\u0105 gor\u0105czk\u0105, zm\u0119czeniem i zmniejszonym apetytem. P\u00f3\u017aniejsze objawy to wymioty, biegunka, wycieki wydzieliny z oczu, ostry kaszel oraz pojawienie si\u0119 p\u0119cherzyk\u00f3w ropnych na sk\u00f3rze. Zdarza si\u0119, \u017ce choroba atakuje nawet uk\u0142ad nerwowy psa.<\/p>\n<h3>ZAPALENIE W\u0104TROBY U PS\u00d3W<\/h3>\n<p>Zaka\u017ane psie zapalenie w\u0105troby powoduje wirus przenosz\u0105cy si\u0119 przez p\u0142yny ustrojowe. Typowe symptomy do biegunka, z\u0142e samopoczucie i b\u00f3le brzucha zniech\u0119caj\u0105ce psa do poruszania si\u0119. B\u0142ony \u015bluzowe jamy ustnej i oczu mog\u0105 sta\u0107 si\u0119 blade i\/lub \u017c\u00f3\u0142te. Innymi objawami s\u0105 wewn\u0119trzne krwawienia i opuchlizna karku, g\u0142owy oraz cia\u0142a. Cz\u0119sto pojawia si\u0119 te\u017c zapalenie spoj\u00f3wek. Cz\u0119\u015b\u0107 ps\u00f3w zapada jednak na chorob\u0119 nie wykazuj\u0105c \u017cadnych objaw\u00f3w.<\/p>\n<h2>SZCZEPIENIE PSA PRZECIWKO KASZLOWI HODOWLANEMU \/ KENELOWEMU<\/h2>\n<p>Kaszel hodowlany lub kenelowy to zbi\u00f3r objaw\u00f3w przypominaj\u0105cych krztusiec. Cz\u0119ste s\u0105 nag\u0142e ataki ostrego kaszlu, odruch wymiotny i wykrztuszanie bia\u0142ej wydzieliny. Mog\u0105 r\u00f3wnie\u017c pojawi\u0107 si\u0119 kr\u00f3tkie gor\u0105czki.<\/p>\n<p>Psy przebywaj\u0105ce regularnie z innymi psami powinny by\u0107 szczepione przeciwko kaszlowi hodowlanemu raz do roku. Choroba nie zagra\u017ca \u017cyciu psa, ale jest dla niego wysoce nieprzyjemna i niezwykle zara\u017aliwa. Szczepionka nie chroni przed wszystkimi \u017ar\u00f3d\u0142ami kaszlu hodowlanego, ale obni\u017ca ryzyko zaatakowania przez ni\u0105 psa i zmniejsza si\u0142\u0119 objaw\u00f3w choroby.<\/p>\n<h2>SZCZEPIENIE PSA BIOR\u0104CEGO UDZIA\u0141 W ZAWODACH<\/h2>\n<p>Psy bior\u0105ce udzia\u0142 w wystawach, zawodach i pokazach obowi\u0105zuj\u0105 specjalne regu\u0142y szczepie\u0144. Wi\u0119cej informacji znajdziesz na stronie Polskiego Zwi\u0105zku Kynologicznego w zak\u0142adce Zasady zg\u0142aszania ps\u00f3w na wystawy oraz w Regulaminie wystaw ps\u00f3w rasowych.<\/p>\n<h2>SZCZEPIENIE PSA PRZY WYJE\u0179DZIE ZA GRANIC\u0118<\/h2>\n<p>Gdy wyje\u017cd\u017casz z psem za granic\u0119 niezmiernie wa\u017cne jest upewni\u0107 si\u0119, jakie zasady dotycz\u0105ce szczepie\u0144 obowi\u0105zuj\u0105 przy wje\u017adzie i wyje\u017adzie z danego kraju. W celu uzyskania informacji mo\u017cesz zg\u0142osi\u0107 si\u0119 do ambasady danego pa\u0144stwa lub zapyta\u0107 swojego weterynarza. Dowiedz si\u0119 o tym na d\u0142ugo przed planowanych wyjazdem, poniewa\u017c niekt\u00f3re szczepionki nale\u017cy poda\u0107 psu znacznie wcze\u015bniej. Pami\u0119taj r\u00f3wnie\u017c, \u017ce niekt\u00f3re choroby wyst\u0119puj\u0105ce za granic\u0105 nie pojawiaj\u0105 si\u0119 w Polsce i mog\u0105 by\u0107 niebezpieczne r\u00f3wnie\u017c dla ludzi. Wi\u0119cej informacji znajdziesz na stronie internetowej Krajowej Administracji Skarbowej pod adresem:<\/p>\n<ul>\n<li><a href=\"https:\/\/granica.gov.pl\/j\/index.php\/24-glowna\/536-zwierzeta-w-podrozy\">Zwierz\u0119ta w podr\u00f3\u017cy<\/a><\/li>\n<\/ul>\n<\/div>\n<ul>\n<li><a title=\"Travel abroad with a dog, Swedish Kennel Club\" href=\"https:\/\/www.skk.se\/sv\/hundagande\/tips-och-rad\/att-resa-med-hund\/resa-utomlands\/\">Read more on the Swedish Kennel Club&#8217;s website, Travel abroad with a dog<\/a><\/li>\n<\/ul>\n\t\t\t<\/div>\n\t\t<\/div>\n\t<\/div>\n\n\n\n\t<section class=\"block related-articles\">\n\t\t<div class=\"container\">\n\t\t\t<h2>Artyku\u0142y powi\u0105zane<\/h2>\n\t\t\t<div class=\"row justify-content-center\">\n\t\t\t\t\t\t\t\t\t\t<div class=\"col-sm-6 col-md-6 col-lg-3\">\n\t\t\t\t\t\t\t\t\t\t\t\t\t\t<div class=\"card \">\n\t\t\t\t\t\t\t\t\t\t\t\t\t\t\t\t\t<img decoding=\"async\"  src=\"https:\/\/bozita.com\/pl\/wp-content\/uploads\/sites\/9\/2021\/06\/bozita-avmaska-hundvalp-hund.jpg\" alt=\"\">\n\t\t\t\t\t\t\t\t\t\t\t\t\t\t\t\t\t<!-- <img decoding=\"async\" src=\"\n\t\t\t\t\t\t\t\t\t\t\t\t\t\t\t\t\t\t\t\t\" alt=\"\n\t\t\t\t\t\t\t\t\t\t\t\t\t\t\t\t\t\t\t\t\t\t\t\t\t\t\t\"> -->\n\t\t\t\t\t\t\t\t<div class=\"card-body\">\n\t\t\t\t\t\t\t\t\t\t\t\t\t\t\t\t\t\t\t<h6>Odrobaczanie szczeniak\u00f3w i doros\u0142ych ps\u00f3w<\/h6>\n\t\t\t\t\t\t\t\t\t\t\t\t\t\t\t\t\t\t\t<a href=\"https:\/\/bozita.com\/pl\/zycie-z-psem\/zdrowie-psa\/odrobaczanie-szczeniakow-i-doroslych-psow\/\">Czytaj wi\u0119cej &nbsp; ><\/a>\n\t\t\t\t\t\t\t\t<\/div>\n\t\t\t\t\t\t\t<\/div>\n\t\t\t\t\t\t<\/div>\n\n\t\t\t\t\t\t\t\t\t\t\t<div class=\"col-sm-6 col-md-6 col-lg-3\">\n\t\t\t\t\t\t\t\t\t\t\t\t\t\t<div class=\"card \">\n\t\t\t\t\t\t\t\t\t\t\t\t\t\t\t\t\t<img decoding=\"async\"  src=\"https:\/\/bozita.com\/pl\/wp-content\/uploads\/sites\/9\/2021\/08\/bozita-forgiftning-svamp-hund.jpeg\" alt=\"\">\n\t\t\t\t\t\t\t\t\t\t\t\t\t\t\t\t\t<!-- <img decoding=\"async\" src=\"\n\t\t\t\t\t\t\t\t\t\t\t\t\t\t\t\t\t\t\t\t\" alt=\"\n\t\t\t\t\t\t\t\t\t\t\t\t\t\t\t\t\t\t\t\t\t\t\t\t\t\t\t\"> -->\n\t\t\t\t\t\t\t\t<div class=\"card-body\">\n\t\t\t\t\t\t\t\t\t\t\t\t\t\t\t\t\t\t\t<h6>Uwa\u017caj na zatrucia grzybami<\/h6>\n\t\t\t\t\t\t\t\t\t\t\t\t\t\t\t\t\t\t\t<a href=\"https:\/\/bozita.com\/pl\/zycie-z-psem\/zdrowie-psa\/uwazaj-na-zatrucia-grzybami-w-lasach\/\">Czytaj wi\u0119cej &nbsp; ><\/a>\n\t\t\t\t\t\t\t\t<\/div>\n\t\t\t\t\t\t\t<\/div>\n\t\t\t\t\t\t<\/div>\n\n\t\t\t\t\t\t\t\t\t\t\t\t<\/div>\n\t\t<\/div>\n\t<\/section>\n","protected":false},"excerpt":{"rendered":"","protected":false},"author":1,"featured_media":6713,"parent":6808,"menu_order":0,"comment_status":"closed","ping_status":"closed","template":"guternberg.php","meta":{"footnotes":""},"acf":[],"yoast_head":"<!-- This site is optimized with the Yoast SEO plugin v21.3 - https:\/\/yoast.com\/wordpress\/plugins\/seo\/ -->\n<title>Szczepienia ps\u00f3w i szczeni\u0105t | Bozita Polska<\/title>\n<meta name=\"description\" content=\"Zaszczep psa przeciwko nos\u00f3wce, parwowirozie i zapaleniu w\u0105troby. Szczepienia zapobiegaj\u0105 zb\u0119dnemu b\u00f3lowi i przenoszeniu np. nos\u00f3wki. Wi\u0119cej informacji.\" \/>\n<meta name=\"robots\" content=\"index, follow, max-snippet:-1, max-image-preview:large, max-video-preview:-1\" \/>\n<link rel=\"canonical\" href=\"https:\/\/bozita.com\/pl\/zycie-z-psem\/zdrowie-psa\/szczepienie-psa\/\" \/>\n<meta property=\"og:locale\" content=\"pl_PL\" \/>\n<meta property=\"og:type\" content=\"article\" \/>\n<meta property=\"og:title\" content=\"Szczepienia ps\u00f3w i szczeni\u0105t | Bozita Polska\" \/>\n<meta property=\"og:description\" content=\"Zaszczep psa przeciwko nos\u00f3wce, parwowirozie i zapaleniu w\u0105troby. Szczepienia zapobiegaj\u0105 zb\u0119dnemu b\u00f3lowi i przenoszeniu np. nos\u00f3wki. Wi\u0119cej informacji.\" \/>\n<meta property=\"og:url\" content=\"https:\/\/bozita.com\/pl\/zycie-z-psem\/zdrowie-psa\/szczepienie-psa\/\" \/>\n<meta property=\"og:site_name\" content=\"Bozita Polska\" \/>\n<meta property=\"article:modified_time\" content=\"2022-09-29T07:16:02+00:00\" \/>\n<meta property=\"og:image\" content=\"https:\/\/bozita.com\/pl\/wp-content\/uploads\/sites\/9\/2021\/08\/bozita-hund-vaccinera.jpeg\" \/>\n\t<meta property=\"og:image:width\" content=\"800\" \/>\n\t<meta property=\"og:image:height\" content=\"532\" \/>\n\t<meta property=\"og:image:type\" content=\"image\/jpeg\" \/>\n<meta name=\"twitter:card\" content=\"summary_large_image\" \/>\n<!-- \/ Yoast SEO plugin. -->","yoast_head_json":{"title":"Szczepienia ps\u00f3w i szczeni\u0105t | Bozita Polska","description":"Zaszczep psa przeciwko nos\u00f3wce, parwowirozie i zapaleniu w\u0105troby. Szczepienia zapobiegaj\u0105 zb\u0119dnemu b\u00f3lowi i przenoszeniu np. nos\u00f3wki. Wi\u0119cej informacji.","robots":{"index":"index","follow":"follow","max-snippet":"max-snippet:-1","max-image-preview":"max-image-preview:large","max-video-preview":"max-video-preview:-1"},"canonical":"https:\/\/bozita.com\/pl\/zycie-z-psem\/zdrowie-psa\/szczepienie-psa\/","og_locale":"pl_PL","og_type":"article","og_title":"Szczepienia ps\u00f3w i szczeni\u0105t | Bozita Polska","og_description":"Zaszczep psa przeciwko nos\u00f3wce, parwowirozie i zapaleniu w\u0105troby. Szczepienia zapobiegaj\u0105 zb\u0119dnemu b\u00f3lowi i przenoszeniu np. nos\u00f3wki. Wi\u0119cej informacji.","og_url":"https:\/\/bozita.com\/pl\/zycie-z-psem\/zdrowie-psa\/szczepienie-psa\/","og_site_name":"Bozita Polska","article_modified_time":"2022-09-29T07:16:02+00:00","og_image":[{"width":800,"height":532,"url":"https:\/\/bozita.com\/pl\/wp-content\/uploads\/sites\/9\/2021\/08\/bozita-hund-vaccinera.jpeg","type":"image\/jpeg"}],"twitter_card":"summary_large_image","schema":{"@context":"https:\/\/schema.org","@graph":[{"@type":"WebPage","@id":"https:\/\/bozita.com\/pl\/zycie-z-psem\/zdrowie-psa\/szczepienie-psa\/","url":"https:\/\/bozita.com\/pl\/zycie-z-psem\/zdrowie-psa\/szczepienie-psa\/","name":"Szczepienia ps\u00f3w i szczeni\u0105t | Bozita Polska","isPartOf":{"@id":"https:\/\/bozita.com\/pl\/#website"},"datePublished":"2021-08-12T17:57:05+00:00","dateModified":"2022-09-29T07:16:02+00:00","description":"Zaszczep psa przeciwko nos\u00f3wce, parwowirozie i zapaleniu w\u0105troby. Szczepienia zapobiegaj\u0105 zb\u0119dnemu b\u00f3lowi i przenoszeniu np. nos\u00f3wki. Wi\u0119cej informacji.","breadcrumb":{"@id":"https:\/\/bozita.com\/pl\/zycie-z-psem\/zdrowie-psa\/szczepienie-psa\/#breadcrumb"},"inLanguage":"pl-PL","potentialAction":[{"@type":"ReadAction","target":["https:\/\/bozita.com\/pl\/zycie-z-psem\/zdrowie-psa\/szczepienie-psa\/"]}]},{"@type":"BreadcrumbList","@id":"https:\/\/bozita.com\/pl\/zycie-z-psem\/zdrowie-psa\/szczepienie-psa\/#breadcrumb","itemListElement":[{"@type":"ListItem","position":1,"name":"Home","item":"https:\/\/bozita.com\/pl\/"},{"@type":"ListItem","position":2,"name":"\u017bycie z psem","item":"https:\/\/bozita.com\/pl\/zycie-z-psem\/"},{"@type":"ListItem","position":3,"name":"Zdrowie psa","item":"https:\/\/bozita.com\/pl\/zycie-z-psem\/zdrowie-psa\/"},{"@type":"ListItem","position":4,"name":"Szczepienia ps\u00f3w i szczeni\u0105t"}]},{"@type":"WebSite","@id":"https:\/\/bozita.com\/pl\/#website","url":"https:\/\/bozita.com\/pl\/","name":"Bozita Polska","description":"","potentialAction":[{"@type":"SearchAction","target":{"@type":"EntryPoint","urlTemplate":"https:\/\/bozita.com\/pl\/?s={search_term_string}"},"query-input":"required name=search_term_string"}],"inLanguage":"pl-PL"}]}},"_links":{"self":[{"href":"https:\/\/bozita.com\/pl\/wp-json\/wp\/v2\/pages\/6712"}],"collection":[{"href":"https:\/\/bozita.com\/pl\/wp-json\/wp\/v2\/pages"}],"about":[{"href":"https:\/\/bozita.com\/pl\/wp-json\/wp\/v2\/types\/page"}],"author":[{"embeddable":true,"href":"https:\/\/bozita.com\/pl\/wp-json\/wp\/v2\/users\/1"}],"replies":[{"embeddable":true,"href":"https:\/\/bozita.com\/pl\/wp-json\/wp\/v2\/comments?post=6712"}],"version-history":[{"count":7,"href":"https:\/\/bozita.com\/pl\/wp-json\/wp\/v2\/pages\/6712\/revisions"}],"predecessor-version":[{"id":9537,"href":"https:\/\/bozita.com\/pl\/wp-json\/wp\/v2\/pages\/6712\/revisions\/9537"}],"up":[{"embeddable":true,"href":"https:\/\/bozita.com\/pl\/wp-json\/wp\/v2\/pages\/6808"}],"wp:featuredmedia":[{"embeddable":true,"href":"https:\/\/bozita.com\/pl\/wp-json\/wp\/v2\/media\/6713"}],"wp:attachment":[{"href":"https:\/\/bozita.com\/pl\/wp-json\/wp\/v2\/media?parent=6712"}],"curies":[{"name":"wp","href":"https:\/\/api.w.org\/{rel}","templated":true}]}}