{"id":6716,"date":"2021-08-12T17:56:53","date_gmt":"2021-08-12T17:56:53","guid":{"rendered":"https:\/\/bozita.com\/pl\/kupno-kota\/"},"modified":"2022-09-29T06:50:30","modified_gmt":"2022-09-29T06:50:30","slug":"kupno-kota","status":"publish","type":"page","link":"https:\/\/bozita.com\/pl\/zycie-z-kotem\/kupno-kota\/","title":{"rendered":"Adopcja lub kupno kota &#8211; co wzi\u0105\u0107 pod uwag\u0119"},"content":{"rendered":"\n\t\t<section class=\"small-hero-with-image\">\n\t\t\t\t\t\t\t<img decoding=\"async\" class=\"background-image\" src=\"https:\/\/bozita.com\/pl\/wp-content\/uploads\/sites\/9\/2021\/08\/Bozita_Kitten_lax_optimized-new-a.png\" alt=\"\">\n\t\t\t\t\t\t\t<div class=\"overlay-v1 overlay-bg\">\n\t\t\t\t<div class=\"container\">\n\t\t\t\t\t<div class=\"row\">\n\t\t\t\t\t\t<div class=\"col-md-6 col-lg-5\">\n\t\t\t\t\t\t\t<h5>Wiedza<\/h5><h1>KUPNO KOTA <\/h1>\t\t\t\t\t\t<\/div>\n\t\t\t\t\t<\/div>\n\t\t\t\t<\/div>\n\t\t\t<\/div>\n\t\t<\/section>\n\t\t\n\n\t<div class=\"text-box-warp\">\n\t\t<div class=\"container\">\n\t\t\t<div class=\"text-content\">\n\t\t\t\t<p>Zastanawiasz si\u0119 nad kupnem lub adopcj\u0105 kota? Dobrze przemy\u015bl t\u0119 decyzj\u0119 i\u00a0dowiedz si\u0119, jak najlepiej\u00a0<a title=\"Kattens h\u00e4lsa (!)\" href=\"https:\/\/bozita.com\/pl\/zycie-z-kotem\/zdrowie-kota\/\" data-udi=\"umb:\/\/document\/5246d42e9df14bf4acb1be8d3cfd4017\">opiekowa\u0107 si\u0119 kotem<\/a>.<\/p>\n<p>Czy jeste\u015b gotowy(-a) przej\u0105\u0107 odpowiedzialno\u015b\u0107 za swojego kota przez wiele lat? S\u0142odki kociak szybko doro\u015bnie i mo\u017ce \u2013 je\u015bli jest zdrowy \u2013 do\u017cy\u0107 nawet 15 lat. Czy masz czas i posiadasz wystarczaj\u0105ce \u015brodki, aby zaj\u0105\u0107 si\u0119 kotem? Zwierz\u0119 powinno by\u0107 dogl\u0105dane co najmniej dwa razy dziennie, a\u00a0do jedzenia i \u017cwirku dochodz\u0105 tak\u017ce koszty ubezpieczenia, us\u0142ug weterynaryjnych i nie tylko. Gdy ju\u017c wszystko przemy\u015blisz i zdecydujesz si\u0119 na kota, zadaj sobie nast\u0119puj\u0105ce pytania: jak\u0105 hodowl\u0119 wybierzesz, czy chcesz przygarn\u0105\u0107 samca, samic\u0119, m\u0142ode czy doros\u0142e zwierz\u0119.<\/p>\n<p>Czy jeste\u015b gotowy(-a), aby rozpocz\u0105\u0107 swoj\u0105 przygod\u0119 z kotem? Pami\u0119taj, aby dobrze si\u0119 przygotowa\u0107 i\u00a0zapewni\u0107 kotu optymalne warunki do \u017cycia i budowania zdrowych relacji.<\/p>\n<h2><a href=\"https:\/\/bozita.com\/pl\/zycie-z-kotem\/kupno-kota\/kot-wychodzacy-kiedy-mozna-zaczac-wypuszczanie-kota-na-dwor\/\">Kot wychodz\u0105cy &#8211; kiedy mo\u017cna zacz\u0105\u0107 wypuszczanie kota na dw\u00f3r?<\/a><\/h2>\n<p>Je\u015bli Tw\u00f3j kot ma by\u0107 kotem wychodz\u0105cym wa\u017cne jest, aby nie wypuszcza\u0107 go samego z domu zanim nie doro\u015bnie. Najpierw nale\u017cy upewni\u0107 si\u0119, czy otoczenie zewn\u0119trzne jest bezpieczne dla kota. Wypuszczanie kota na dw\u00f3r powinien poprzedzi\u0107 trening, kt\u00f3ry najlepiej rozpocz\u0105\u0107 od ma\u0142ego.<\/p>\n<h2><a href=\"https:\/\/bozita.com\/pl\/zycie-z-kotem\/kupno-kota\/czipowanie-kota-i-rejestracja-czipa\/\">Czipowanie kota i rejestracja czipa<\/a><\/h2>\n<p>Czipowanie kota lub oznaczenie go tatua\u017cem pomo\u017ce Ci go odnale\u017a\u0107, je\u015bli ucieknie. Ka\u017cda z tych metod ma plusy i minusy. Je\u015bli wyje\u017cd\u017casz za granic\u0119 z kotem jeste\u015b zobowi\u0105zany prawem do jego zaczipowania.<\/p>\n<h2><a href=\"https:\/\/bozita.com\/pl\/zycie-z-kotem\/kupno-kota\/na-jak-dlugo-mozna-zostawic-kota-samego-w-domu\/\">Na jak d\u0142ugo mo\u017cna zostawi\u0107 kota samego w domu?<\/a><\/h2>\n<p>Mo\u017ce si\u0119 zdarzy\u0107, \u017ce Tw\u00f3j kot b\u0119dzie musia\u0142 zosta\u0107 sam w domu przez d\u0142u\u017cszy czas. Kot nie poradzi sobie jednak sam Jak temu zaradzi\u0107? Zapoznaj si\u0119 z poni\u017cszymi informacjami.<\/p>\n<h2><a href=\"https:\/\/bozita.com\/pl\/zycie-z-kotem\/kupno-kota\/jak-nauczyc-kota-czystosci\/\">Jak nauczy\u0107 kota czysto\u015bci?<\/a><\/h2>\n<p>Koty s\u0105 znane z czysto\u015bci, wi\u0119c wpojenie kotu lub kociakowi, jak korzysta\u0107 z\u00a0kuwety jest zwykle dosy\u0107 \u0142atwe. Istnieje jednak kilka rzeczy, kt\u00f3re warto wzi\u0105\u0107 pod uwag\u0119 podczas treningu czysto\u015bci, nauki korzystania z kuwety lub za\u0142atwiania si\u0119 we w\u0142a\u015bciwym miejscu w nowym domu.<\/p>\n<h2><a href=\"https:\/\/bozita.com\/pl\/zycie-z-kotem\/kupno-kota\/powitanie-kota-w-domu\/\">Powitanie kota w domu<\/a><\/h2>\n<p>Przed przygarni\u0119ciem do domu m\u0142odego lub doros\u0142ego kota, warto jest przemy\u015ble\u0107 par\u0119 kwestii. Obowi\u0105zkiem w\u0142a\u015bciciela jest posiadanie niezb\u0119dnej wiedzy na temat naturalnych zachowa\u0144 i potrzeb swojego nowego podopiecznego. Aby u\u0142atwi\u0107 Ci to zadanie, sporz\u0105dzili\u015bmy dwie listy kontrolne, z kt\u00f3rych mo\u017cesz skorzysta\u0107. Pierwsza z nich pomo\u017ce Ci przygotowa\u0107 dom na powitanie kota, a z drugiej dowiesz si\u0119, jak najlepiej powita\u0107 nowego lokatora, aby od razu poczu\u0142 si\u0119 jak u siebie w domu.<\/p>\n\t\t\t<\/div>\n\t\t<\/div>\n\t<\/div>\n","protected":false},"excerpt":{"rendered":"","protected":false},"author":1,"featured_media":6717,"parent":6728,"menu_order":1,"comment_status":"closed","ping_status":"closed","template":"guternberg.php","meta":{"footnotes":""},"acf":[],"yoast_head":"<!-- This site is optimized with the Yoast SEO plugin v21.3 - https:\/\/yoast.com\/wordpress\/plugins\/seo\/ -->\n<title>Adopcja lub kupno kota - co wzi\u0105\u0107 pod uwag\u0119 | Bozita Polska<\/title>\n<meta name=\"description\" content=\"Dowiedz si\u0119, co nale\u017cy wzi\u0105\u0107 pod uwag\u0119 przed podj\u0119ciem decyzji o adopcji lub kupnie kota.\" \/>\n<meta name=\"robots\" content=\"index, follow, max-snippet:-1, max-image-preview:large, max-video-preview:-1\" \/>\n<link rel=\"canonical\" href=\"https:\/\/bozita.com\/pl\/zycie-z-kotem\/kupno-kota\/\" \/>\n<meta property=\"og:locale\" content=\"pl_PL\" \/>\n<meta property=\"og:type\" content=\"article\" \/>\n<meta property=\"og:title\" content=\"Adopcja lub kupno kota - co wzi\u0105\u0107 pod uwag\u0119 | Bozita Polska\" \/>\n<meta property=\"og:description\" content=\"Dowiedz si\u0119, co nale\u017cy wzi\u0105\u0107 pod uwag\u0119 przed podj\u0119ciem decyzji o adopcji lub kupnie kota.\" \/>\n<meta property=\"og:url\" content=\"https:\/\/bozita.com\/pl\/zycie-z-kotem\/kupno-kota\/\" \/>\n<meta property=\"og:site_name\" content=\"Bozita Polska\" \/>\n<meta property=\"article:modified_time\" content=\"2022-09-29T06:50:30+00:00\" \/>\n<meta property=\"og:image\" content=\"https:\/\/bozita.com\/pl\/wp-content\/uploads\/sites\/9\/2021\/08\/Bozita_Kitten_lax_optimized-new.png\" \/>\n\t<meta property=\"og:image:width\" content=\"600\" \/>\n\t<meta property=\"og:image:height\" content=\"401\" \/>\n\t<meta property=\"og:image:type\" content=\"image\/png\" \/>\n<meta name=\"twitter:card\" content=\"summary_large_image\" \/>\n<!-- \/ Yoast SEO plugin. -->","yoast_head_json":{"title":"Adopcja lub kupno kota - co wzi\u0105\u0107 pod uwag\u0119 | Bozita Polska","description":"Dowiedz si\u0119, co nale\u017cy wzi\u0105\u0107 pod uwag\u0119 przed podj\u0119ciem decyzji o adopcji lub kupnie kota.","robots":{"index":"index","follow":"follow","max-snippet":"max-snippet:-1","max-image-preview":"max-image-preview:large","max-video-preview":"max-video-preview:-1"},"canonical":"https:\/\/bozita.com\/pl\/zycie-z-kotem\/kupno-kota\/","og_locale":"pl_PL","og_type":"article","og_title":"Adopcja lub kupno kota - co wzi\u0105\u0107 pod uwag\u0119 | Bozita Polska","og_description":"Dowiedz si\u0119, co nale\u017cy wzi\u0105\u0107 pod uwag\u0119 przed podj\u0119ciem decyzji o adopcji lub kupnie kota.","og_url":"https:\/\/bozita.com\/pl\/zycie-z-kotem\/kupno-kota\/","og_site_name":"Bozita Polska","article_modified_time":"2022-09-29T06:50:30+00:00","og_image":[{"width":600,"height":401,"url":"https:\/\/bozita.com\/pl\/wp-content\/uploads\/sites\/9\/2021\/08\/Bozita_Kitten_lax_optimized-new.png","type":"image\/png"}],"twitter_card":"summary_large_image","schema":{"@context":"https:\/\/schema.org","@graph":[{"@type":"WebPage","@id":"https:\/\/bozita.com\/pl\/zycie-z-kotem\/kupno-kota\/","url":"https:\/\/bozita.com\/pl\/zycie-z-kotem\/kupno-kota\/","name":"Adopcja lub kupno kota - co wzi\u0105\u0107 pod uwag\u0119 | Bozita Polska","isPartOf":{"@id":"https:\/\/bozita.com\/pl\/#website"},"datePublished":"2021-08-12T17:56:53+00:00","dateModified":"2022-09-29T06:50:30+00:00","description":"Dowiedz si\u0119, co nale\u017cy wzi\u0105\u0107 pod uwag\u0119 przed podj\u0119ciem decyzji o adopcji lub kupnie kota.","breadcrumb":{"@id":"https:\/\/bozita.com\/pl\/zycie-z-kotem\/kupno-kota\/#breadcrumb"},"inLanguage":"pl-PL","potentialAction":[{"@type":"ReadAction","target":["https:\/\/bozita.com\/pl\/zycie-z-kotem\/kupno-kota\/"]}]},{"@type":"BreadcrumbList","@id":"https:\/\/bozita.com\/pl\/zycie-z-kotem\/kupno-kota\/#breadcrumb","itemListElement":[{"@type":"ListItem","position":1,"name":"Home","item":"https:\/\/bozita.com\/pl\/"},{"@type":"ListItem","position":2,"name":"Kupno kota i \u017cycie z nim. Porady dla pocz\u0105tkuj\u0105cych","item":"https:\/\/bozita.com\/pl\/zycie-z-kotem\/"},{"@type":"ListItem","position":3,"name":"Adopcja lub kupno kota &#8211; co wzi\u0105\u0107 pod uwag\u0119"}]},{"@type":"WebSite","@id":"https:\/\/bozita.com\/pl\/#website","url":"https:\/\/bozita.com\/pl\/","name":"Bozita Polska","description":"","potentialAction":[{"@type":"SearchAction","target":{"@type":"EntryPoint","urlTemplate":"https:\/\/bozita.com\/pl\/?s={search_term_string}"},"query-input":"required name=search_term_string"}],"inLanguage":"pl-PL"}]}},"_links":{"self":[{"href":"https:\/\/bozita.com\/pl\/wp-json\/wp\/v2\/pages\/6716"}],"collection":[{"href":"https:\/\/bozita.com\/pl\/wp-json\/wp\/v2\/pages"}],"about":[{"href":"https:\/\/bozita.com\/pl\/wp-json\/wp\/v2\/types\/page"}],"author":[{"embeddable":true,"href":"https:\/\/bozita.com\/pl\/wp-json\/wp\/v2\/users\/1"}],"replies":[{"embeddable":true,"href":"https:\/\/bozita.com\/pl\/wp-json\/wp\/v2\/comments?post=6716"}],"version-history":[{"count":7,"href":"https:\/\/bozita.com\/pl\/wp-json\/wp\/v2\/pages\/6716\/revisions"}],"predecessor-version":[{"id":9494,"href":"https:\/\/bozita.com\/pl\/wp-json\/wp\/v2\/pages\/6716\/revisions\/9494"}],"up":[{"embeddable":true,"href":"https:\/\/bozita.com\/pl\/wp-json\/wp\/v2\/pages\/6728"}],"wp:featuredmedia":[{"embeddable":true,"href":"https:\/\/bozita.com\/pl\/wp-json\/wp\/v2\/media\/6717"}],"wp:attachment":[{"href":"https:\/\/bozita.com\/pl\/wp-json\/wp\/v2\/media?parent=6716"}],"curies":[{"name":"wp","href":"https:\/\/api.w.org\/{rel}","templated":true}]}}