{"id":6718,"date":"2021-08-12T17:56:47","date_gmt":"2021-08-12T17:56:47","guid":{"rendered":"https:\/\/bozita.com\/pl\/higiena-jamy-ustnej-i-szczotkowanie-zebow-psa\/"},"modified":"2022-09-29T07:15:06","modified_gmt":"2022-09-29T07:15:06","slug":"higiena-jamy-ustnej-i-szczotkowanie-zebow-psa","status":"publish","type":"page","link":"https:\/\/bozita.com\/pl\/zycie-z-psem\/zdrowie-psa\/higiena-jamy-ustnej-i-szczotkowanie-zebow-psa\/","title":{"rendered":"Szczotkowanie z\u0119b\u00f3w | Psie z\u0119by i ich higiena"},"content":{"rendered":"\t\t<section class=\"small-hero\">\n\t\t\t<div class=\"container\">\n\t\t\t\t<h1 class=\"small-hero-title\">HIGIENA JAMY USTNEJ I SZCZOTKOWANIE Z\u0118B\u00d3W PSA<\/h1>\t\t\t<\/div>\n\t\t\t<\/div>\n\t\t<\/section>\n\t\n\n\t<div class=\"text-box-warp\">\n\t\t<div class=\"container\">\n\t\t\t<div class=\"text-content\">\n\t\t\t\t<p><strong>Z\u0119by sta\u0142e psa rosn\u0105 oko\u0142o 4 miesi\u0105ca jego \u017cycia i b\u0119d\u0105 s\u0142u\u017cy\u0142y mu przez ca\u0142e \u017cycie. Najlepsz\u0105 metod\u0105 utrzymania dobrej higieny jamy ustnej czworonoga jest codzienne szczotkowanie z\u0119b\u00f3w psa i regularne kontrole uz\u0119bienia. Problemy z z\u0119bami s\u0105 cz\u0119sto ci\u0119\u017ckie do zauwa\u017cenia, poniewa\u017c symptomy bywaj\u0105 niewidoczne.<\/strong><\/p>\n<h2>ZADBAJ O HIGIEN\u0118 JAMY USTNEJ POPRZEZ SZCZOTKOWANIE Z\u0118B\u00d3W PSA<\/h2>\n<p>Z\u0119by sta\u0142e psa b\u0119d\u0105 mu s\u0142u\u017cy\u0107 przez ca\u0142e \u017cycie, co wymaga od nas nale\u017cytej uwagi i opieki.<\/p>\n<p>Wprowad\u017a nawyk szczotkowania z\u0119b\u00f3w psa codziennie i w regularnych odst\u0119pach czasu kontroluj stan jego uz\u0119bienia. Rozpocznij kontrole zagl\u0105daj\u0105c do pyska psa ju\u017c w okresie szczeni\u0119cym. Podawanie psu gryzak\u00f3w chroni\u0105cych przed kamieniem naz\u0119bnym to dobry pomys\u0142, kt\u00f3ry nie zast\u0119puje jednak szczotkowania z\u0119b\u00f3w. Nie dawaj psu twardych ko\u015bci szpikowych, gdy\u017c mog\u0105 one uszkodzi\u0107 z\u0119by.<\/p>\n<p>Wiele ps\u00f3w nie wykazuje objaw\u00f3w chor\u00f3b jamy ustnej, wi\u0119c s\u0105 one cz\u0119sto trudne do zauwa\u017cenia. Oznakami choroby mog\u0105 by\u0107 np. nieprzyjemny zapach z pyska, niech\u0119\u0107 do twardej karmy, gryzienie tylko jedn\u0105 stron\u0105 z\u0119b\u00f3w, nadmierna produkcja \u015bliny, zgrzytanie z\u0119bami i utrata apetytu. Zwr\u00f3\u0107 si\u0119 do weterynarza, je\u015bli podejrzewasz chorob\u0119 jamy ustnej u swojego psa.<\/p>\n<h2>CODZIENNE SZCZOTKOWANIE Z\u0118B\u00d3W PSA ZAPOBIEGA POWSTAWANIU KAMIENIA NAZ\u0118BNEGO<\/h2>\n<p>Zalegaj\u0105ce resztki jedzenia i \u015blina przyczyniaj\u0105 si\u0119 do odk\u0142adania p\u0142ytki naz\u0119bnej u ps\u00f3w. Je\u015bli p\u0142ytka nie odejdzie od z\u0119ba lub nie zostanie usuni\u0119ta, zmieni si\u0119 w kamie\u0144 naz\u0119bny, co czasami mo\u017ce nawet prowadzi\u0107 do zapalenia dzi\u0105se\u0142 lub chor\u00f3b przyz\u0119bia. Sk\u0142onno\u015b\u0107 do odk\u0142adania si\u0119 kamienia naz\u0119bnego jest r\u00f3\u017cna w zale\u017cno\u015bci od psa. Rasy ps\u00f3w o z\u0119bach ustawionych ciasno i blisko siebie oraz starsze psy maj\u0105 wi\u0119ksz\u0105 szans\u0119 na odk\u0142adanie si\u0119 kamienia. Lekki kamie\u0144 naz\u0119bny mo\u017cna usun\u0105\u0107 szczotkowaniem z\u0119b\u00f3w, ale grubszy i twardszy usuwa jedynie weterynarz po podaniu psu narkozy.<\/p>\n<p>Najlepszym sposobem unikni\u0119cia odk\u0142adania si\u0119 kamienia jest codzienne szczotkowanie z\u0119b\u00f3w psa i usuwanie p\u0142ytki naz\u0119bnej. Niech szczotkowanie stanie si\u0119 Waszym dobrym nawykiem ju\u017c w okresie szczeni\u0119cym. Na pocz\u0105tku wystarczy 10-sekundowe szczotkowanie, kt\u00f3re z czasem mo\u017cesz przed\u0142u\u017ca\u0107 a\u017c b\u0119dziesz w stanie wyczy\u015bci\u0107 ca\u0142e uz\u0119bienie swojego psa.<\/p>\n<p>Istniej\u0105 specjalne psie pasty do z\u0119b\u00f3w o lubianych przez psy smakach, jednak najwa\u017cniejszy w szczotkowaniu jest tak naprawd\u0119 ruch. Nie u\u017cywaj pasty do z\u0119b\u00f3w przeznaczonej dla ludzi, poniewa\u017c mo\u017ce ona zawiera\u0107 szkodliwy dla ps\u00f3w fluor i inne sk\u0142adniki.<\/p>\n<p>Z\u0119by psa powinny by\u0107 bia\u0142e, a dzi\u0105s\u0142a jasnor\u00f3\u017cowe. W jamie ustnej psa mo\u017ce wyst\u0119powa\u0107 miejscowa ciemniejsza pigmentacja tak, jak na ich sk\u00f3rze i sier\u015bci.<\/p>\n<h2>SZCZENI\u0118CE Z\u0118BY MLECZNE<\/h2>\n<p>Z\u0119by mleczne zaczynaj\u0105 pojawia\u0107 si\u0119, gdy szczeni\u0119ta maj\u0105 oko\u0142o 3 tygodni. Przypada do zazwyczaj na okres, gdy suka zaczyna przestawa\u0107 produkowa\u0107 mleko. Szczeni\u0119ta maj\u0105 ju\u017c wszystkie z\u0119by oko\u0142o 6. tygodnia \u017cycia. Jest to 14 z\u0119b\u00f3w g\u00f3rnych i 14 dolnych. Pierwszymi z\u0119bami s\u0105 zazwyczaj g\u00f3rne k\u0142y, p\u00f3\u017aniej 6 g\u00f3rnych siekaczy. Pierwsze trzonowce pojawiaj\u0105 si\u0119 najpierw w \u017cuchwie.<\/p>\n<h2>Z\u0118BY STA\u0141E PSA<\/h2>\n<p>Oko\u0142o 4 miesi\u0105ca \u017cycia nast\u0119puje czas, kiedy z\u0119by mleczne szczeni\u0119cia s\u0105 zast\u0119powane przez z\u0119by sta\u0142e. Wszystkie 42 z\u0119by sta\u0142e powinny pojawi\u0107 si\u0119 do 6 miesi\u0105ca \u017cycia psa.<\/p>\n<p>Upewnij si\u0119, \u017ce z\u0119by sta\u0142e rosn\u0105 tak, jak powinny. Czasami zdarza si\u0119, \u017ce z\u0105b sta\u0142y ro\u015bnie obok pozosta\u0142ego jeszcze z\u0119ba mlecznego. Jest to zdarzenie wyst\u0119puj\u0105ce cz\u0119\u015bciej u ras ma\u0142ych. W takim przypadku zawsze skontaktuj si\u0119 z weterynarzem, poniewa\u017c \u015bci\u015bni\u0119cie z\u0119b\u00f3w mo\u017ce prowadzi\u0107 do powstania stan\u00f3w zapalnych i tworzenia si\u0119 kamienia naz\u0119bnego. Weterynarz mo\u017ce te\u017c sprawdzi\u0107, czy psu nie brakuje \u017cadnego z\u0119ba lub zauwa\u017cy\u0107 ewentualne wady zgryzu.<\/p>\n<p>Potrzeba gryzienia u szczeni\u0105t jest cz\u0119sto szczeg\u00f3lnie silna przed momentem wymiany z\u0119b\u00f3w mlecznych na sta\u0142e. Zdarza si\u0119, \u017ce towarzysz\u0105ca temu obola\u0142o\u015b\u0107 sprawia, \u017ce pies nie ma ochoty je\u015b\u0107. Aby u\u0142atwi\u0107 mu gryzienie mo\u017cesz rozmi\u0119kczy\u0107 jego such\u0105 karm\u0119 lub tymczasowo podawa\u0107 mu mi\u0119kk\u0105 karm\u0119.<\/p>\n<ul>\n<li><a title=\"Bozita karma dla ps\u00f3w\" href=\"https:\/\/bozita.com\/pl\/karma-dla-psow\/bozita-sucha-karma-dla-psow\/\">Karma mi\u0119kka dla ps\u00f3w<\/a><\/li>\n<\/ul>\n<p>Kana\u0142y z\u0119bowe psa zamykaj\u0105 si\u0119 oko\u0142o 1,5-2. roku \u017cycia, co sprawia, \u017ce do tego czasu z\u0119by mog\u0105 by\u0107 delikatne. Nie dawaj psu zbyt twardych ko\u015bci do gryzienia lub ci\u0119\u017ckich przedmiot\u00f3w do aportowania, aby nie uszkodzi\u0107 jego z\u0119b\u00f3w.<\/p>\n<h2>WA\u017bNA ROLA ZDROWEGO ZGRYZU PSA<\/h2>\n<p>Odpowiedni zgryz u psa jest wa\u017cny dla unikni\u0119cia problem\u00f3w z b\u00f3lem z\u0119b\u00f3w, ich przedwczesnym \u015bcieraniem si\u0119 lub trudno\u015bci w jedzeniu.<\/p>\n<p>Przy zagryzaniu z\u0119b\u00f3w zwr\u00f3\u0107 uwag\u0119 na to, \u017ce g\u00f3rne z\u0119by psa powinny dotyka\u0107 dolnych, a przednie siekacze powinny znajdowa\u0107 si\u0119 przed dolnymi.<\/p>\n<h2>FUNKCJE POSZCZEG\u00d3LNYCH Z\u0118B\u00d3W<\/h2>\n<p>Doros\u0142y pies ma 42 z\u0119by- 12 siekaczy, 4 k\u0142y, 16 przedtrzonowc\u00f3w i 10 trzonowc\u00f3w.<\/p>\n<p>12 z\u0119b\u00f3w przednich (6 g\u00f3rnych i 6 dolnych) s\u0142u\u017cy psu do odrywania mi\u0119sa z ko\u015bci oraz gryzienia samego siebie.<\/p>\n<p>K\u0142y (2 g\u00f3rne i 2 dolne) to najd\u0142u\u017csze z\u0119by psa s\u0142u\u017c\u0105ce do nadgryzania i trzymania przedmiot\u00f3w. Psy u\u017cywaj\u0105 tych z\u0119b\u00f3w, gdy walcz\u0105 ze sob\u0105, bo to one potrafi\u0105 wyrz\u0105dzi\u0107 najwi\u0119ksz\u0105 szkod\u0119. Dodatkowo posiadaj\u0105 r\u00f3wnie\u017c bardzo d\u0142ugie korzenie i mocno trzymaj\u0105 si\u0119 w pysku psa.<\/p>\n<p>16 z\u0119b\u00f3w przedtrzonowych (8 g\u00f3rnych i 8 dolnych) s\u0142u\u017cy przede wszystkim do \u0142apania przedmiot\u00f3w, podczas gdy trzonowce maj\u0105 wi\u0119ksz\u0105 powierzchni\u0119 i s\u0142u\u017c\u0105 do g\u0142\u00f3wnie do gryzienia.<\/p>\n<p>10 z\u0119b\u00f3w trzonowych (6 dolnych i 4 g\u00f3rne) ma du\u017c\u0105 powierzchni\u0119 dobr\u0105 do rozgryzania i \u017cucia pokarmu. Dwa najwi\u0119ksze trzonowce u do\u0142u i dwa u g\u00f3ry to tzw. \u0142amacze &#8211; s\u0105 one bardzo silne.<\/p>\n\t\t\t<\/div>\n\t\t<\/div>\n\t<\/div>\n\n\n\n\t<section class=\"block related-articles\">\n\t\t<div class=\"container\">\n\t\t\t<h2>Artyku\u0142y powi\u0105zane<\/h2>\n\t\t\t<div class=\"row justify-content-center\">\n\t\t\t\t\t\t\t\t\t\t<div class=\"col-sm-6 col-md-6 col-lg-3\">\n\t\t\t\t\t\t\t\t\t\t\t\t\t\t<div class=\"card \">\n\t\t\t\t\t\t\t\t\t\t\t\t\t\t\t\t\t<img decoding=\"async\"  src=\"https:\/\/bozita.com\/pl\/wp-content\/uploads\/sites\/9\/2021\/06\/bozita-avmaska-hundvalp-hund.jpg\" alt=\"\">\n\t\t\t\t\t\t\t\t\t\t\t\t\t\t\t\t\t<!-- <img decoding=\"async\" src=\"\n\t\t\t\t\t\t\t\t\t\t\t\t\t\t\t\t\t\t\t\t\" alt=\"\n\t\t\t\t\t\t\t\t\t\t\t\t\t\t\t\t\t\t\t\t\t\t\t\t\t\t\t\"> -->\n\t\t\t\t\t\t\t\t<div class=\"card-body\">\n\t\t\t\t\t\t\t\t\t\t\t\t\t\t\t\t\t\t\t<h6>Odrobaczanie szczeniak\u00f3w i doros\u0142ych ps\u00f3w<\/h6>\n\t\t\t\t\t\t\t\t\t\t\t\t\t\t\t\t\t\t\t<a href=\"https:\/\/bozita.com\/pl\/zycie-z-psem\/zdrowie-psa\/odrobaczanie-szczeniakow-i-doroslych-psow\/\">Czytaj wi\u0119cej &nbsp; ><\/a>\n\t\t\t\t\t\t\t\t<\/div>\n\t\t\t\t\t\t\t<\/div>\n\t\t\t\t\t\t<\/div>\n\n\t\t\t\t\t\t\t\t\t\t\t<div class=\"col-sm-6 col-md-6 col-lg-3\">\n\t\t\t\t\t\t\t\t\t\t\t\t\t\t<div class=\"card \">\n\t\t\t\t\t\t\t\t\t\t\t\t\t\t\t\t\t<img decoding=\"async\"  src=\"https:\/\/bozita.com\/pl\/wp-content\/uploads\/sites\/9\/2021\/08\/bozita-hund-vaccinera.jpeg\" alt=\"\">\n\t\t\t\t\t\t\t\t\t\t\t\t\t\t\t\t\t<!-- <img decoding=\"async\" src=\"\n\t\t\t\t\t\t\t\t\t\t\t\t\t\t\t\t\t\t\t\t\" alt=\"\n\t\t\t\t\t\t\t\t\t\t\t\t\t\t\t\t\t\t\t\t\t\t\t\t\t\t\t\"> -->\n\t\t\t\t\t\t\t\t<div class=\"card-body\">\n\t\t\t\t\t\t\t\t\t\t\t\t\t\t\t\t\t\t\t<h6>Szczepienia ps\u00f3w i szczeni\u0105t<\/h6>\n\t\t\t\t\t\t\t\t\t\t\t\t\t\t\t\t\t\t\t<a href=\"https:\/\/bozita.com\/pl\/zycie-z-psem\/zdrowie-psa\/szczepienie-psa\/\">Czytaj wi\u0119cej &nbsp; ><\/a>\n\t\t\t\t\t\t\t\t<\/div>\n\t\t\t\t\t\t\t<\/div>\n\t\t\t\t\t\t<\/div>\n\n\t\t\t\t\t\t\t\t\t\t\t<div class=\"col-sm-6 col-md-6 col-lg-3\">\n\t\t\t\t\t\t\t\t\t\t\t\t\t\t<div class=\"card \">\n\t\t\t\t\t\t\t\t\t\t\t\t\t\t\t\t\t<img decoding=\"async\"  src=\"https:\/\/bozita.com\/pl\/wp-content\/uploads\/sites\/9\/2021\/08\/bozita-new-wet-food-range-for-dogs.jpeg\" alt=\"\">\n\t\t\t\t\t\t\t\t\t\t\t\t\t\t\t\t\t<!-- <img decoding=\"async\" src=\"\n\t\t\t\t\t\t\t\t\t\t\t\t\t\t\t\t\t\t\t\t\" alt=\"\n\t\t\t\t\t\t\t\t\t\t\t\t\t\t\t\t\t\t\t\t\t\t\t\t\t\t\t\"> -->\n\t\t\t\t\t\t\t\t<div class=\"card-body\">\n\t\t\t\t\t\t\t\t\t\t\t\t\t\t\t\t\t\t\t<h6>Mokra karma dla ps\u00f3w<\/h6>\n\t\t\t\t\t\t\t\t\t\t\t\t\t\t\t\t\t\t\t<a href=\"https:\/\/bozita.com\/pl\/karma-dla-psow\/bozita-mokre-karmy-dla-psow\/\">Czytaj wi\u0119cej &nbsp; ><\/a>\n\t\t\t\t\t\t\t\t<\/div>\n\t\t\t\t\t\t\t<\/div>\n\t\t\t\t\t\t<\/div>\n\n\t\t\t\t\t\t\t\t\t\t\t\t<\/div>\n\t\t<\/div>\n\t<\/section>\n","protected":false},"excerpt":{"rendered":"","protected":false},"author":1,"featured_media":6719,"parent":6808,"menu_order":0,"comment_status":"closed","ping_status":"closed","template":"guternberg.php","meta":{"footnotes":""},"acf":[],"yoast_head":"<!-- This site is optimized with the Yoast SEO plugin v21.3 - https:\/\/yoast.com\/wordpress\/plugins\/seo\/ -->\n<title>Szczotkowanie z\u0119b\u00f3w | Psie z\u0119by i ich higiena | Bozita Polska<\/title>\n<meta name=\"description\" content=\"Kamie\u0144 naz\u0119bny? Nie\u015bwie\u017cy oddech u psa? Codzienne szczotkowanie jego z\u0119b\u00f3w zapobiega tworzeniu si\u0119 kamienia i p\u0142ytki naz\u0119bnej.\" \/>\n<meta name=\"robots\" content=\"index, follow, max-snippet:-1, max-image-preview:large, max-video-preview:-1\" \/>\n<link rel=\"canonical\" href=\"https:\/\/bozita.com\/pl\/zycie-z-psem\/zdrowie-psa\/higiena-jamy-ustnej-i-szczotkowanie-zebow-psa\/\" \/>\n<meta property=\"og:locale\" content=\"pl_PL\" \/>\n<meta property=\"og:type\" content=\"article\" \/>\n<meta property=\"og:title\" content=\"Szczotkowanie z\u0119b\u00f3w | Psie z\u0119by i ich higiena | Bozita Polska\" \/>\n<meta property=\"og:description\" content=\"Kamie\u0144 naz\u0119bny? Nie\u015bwie\u017cy oddech u psa? Codzienne szczotkowanie jego z\u0119b\u00f3w zapobiega tworzeniu si\u0119 kamienia i p\u0142ytki naz\u0119bnej.\" \/>\n<meta property=\"og:url\" content=\"https:\/\/bozita.com\/pl\/zycie-z-psem\/zdrowie-psa\/higiena-jamy-ustnej-i-szczotkowanie-zebow-psa\/\" \/>\n<meta property=\"og:site_name\" content=\"Bozita Polska\" \/>\n<meta property=\"article:modified_time\" content=\"2022-09-29T07:15:06+00:00\" \/>\n<meta property=\"og:image\" content=\"https:\/\/bozita.com\/pl\/wp-content\/uploads\/sites\/9\/2021\/08\/bozita-hund-borsta-tander-hygien.jpeg\" \/>\n\t<meta property=\"og:image:width\" content=\"800\" \/>\n\t<meta property=\"og:image:height\" content=\"533\" \/>\n\t<meta property=\"og:image:type\" content=\"image\/jpeg\" \/>\n<meta name=\"twitter:card\" content=\"summary_large_image\" \/>\n<!-- \/ Yoast SEO plugin. -->","yoast_head_json":{"title":"Szczotkowanie z\u0119b\u00f3w | Psie z\u0119by i ich higiena | Bozita Polska","description":"Kamie\u0144 naz\u0119bny? Nie\u015bwie\u017cy oddech u psa? Codzienne szczotkowanie jego z\u0119b\u00f3w zapobiega tworzeniu si\u0119 kamienia i p\u0142ytki naz\u0119bnej.","robots":{"index":"index","follow":"follow","max-snippet":"max-snippet:-1","max-image-preview":"max-image-preview:large","max-video-preview":"max-video-preview:-1"},"canonical":"https:\/\/bozita.com\/pl\/zycie-z-psem\/zdrowie-psa\/higiena-jamy-ustnej-i-szczotkowanie-zebow-psa\/","og_locale":"pl_PL","og_type":"article","og_title":"Szczotkowanie z\u0119b\u00f3w | Psie z\u0119by i ich higiena | Bozita Polska","og_description":"Kamie\u0144 naz\u0119bny? Nie\u015bwie\u017cy oddech u psa? Codzienne szczotkowanie jego z\u0119b\u00f3w zapobiega tworzeniu si\u0119 kamienia i p\u0142ytki naz\u0119bnej.","og_url":"https:\/\/bozita.com\/pl\/zycie-z-psem\/zdrowie-psa\/higiena-jamy-ustnej-i-szczotkowanie-zebow-psa\/","og_site_name":"Bozita Polska","article_modified_time":"2022-09-29T07:15:06+00:00","og_image":[{"width":800,"height":533,"url":"https:\/\/bozita.com\/pl\/wp-content\/uploads\/sites\/9\/2021\/08\/bozita-hund-borsta-tander-hygien.jpeg","type":"image\/jpeg"}],"twitter_card":"summary_large_image","schema":{"@context":"https:\/\/schema.org","@graph":[{"@type":"WebPage","@id":"https:\/\/bozita.com\/pl\/zycie-z-psem\/zdrowie-psa\/higiena-jamy-ustnej-i-szczotkowanie-zebow-psa\/","url":"https:\/\/bozita.com\/pl\/zycie-z-psem\/zdrowie-psa\/higiena-jamy-ustnej-i-szczotkowanie-zebow-psa\/","name":"Szczotkowanie z\u0119b\u00f3w | Psie z\u0119by i ich higiena | Bozita Polska","isPartOf":{"@id":"https:\/\/bozita.com\/pl\/#website"},"datePublished":"2021-08-12T17:56:47+00:00","dateModified":"2022-09-29T07:15:06+00:00","description":"Kamie\u0144 naz\u0119bny? Nie\u015bwie\u017cy oddech u psa? Codzienne szczotkowanie jego z\u0119b\u00f3w zapobiega tworzeniu si\u0119 kamienia i p\u0142ytki naz\u0119bnej.","breadcrumb":{"@id":"https:\/\/bozita.com\/pl\/zycie-z-psem\/zdrowie-psa\/higiena-jamy-ustnej-i-szczotkowanie-zebow-psa\/#breadcrumb"},"inLanguage":"pl-PL","potentialAction":[{"@type":"ReadAction","target":["https:\/\/bozita.com\/pl\/zycie-z-psem\/zdrowie-psa\/higiena-jamy-ustnej-i-szczotkowanie-zebow-psa\/"]}]},{"@type":"BreadcrumbList","@id":"https:\/\/bozita.com\/pl\/zycie-z-psem\/zdrowie-psa\/higiena-jamy-ustnej-i-szczotkowanie-zebow-psa\/#breadcrumb","itemListElement":[{"@type":"ListItem","position":1,"name":"Home","item":"https:\/\/bozita.com\/pl\/"},{"@type":"ListItem","position":2,"name":"\u017bycie z psem","item":"https:\/\/bozita.com\/pl\/zycie-z-psem\/"},{"@type":"ListItem","position":3,"name":"Zdrowie psa","item":"https:\/\/bozita.com\/pl\/zycie-z-psem\/zdrowie-psa\/"},{"@type":"ListItem","position":4,"name":"Szczotkowanie z\u0119b\u00f3w | Psie z\u0119by i ich higiena"}]},{"@type":"WebSite","@id":"https:\/\/bozita.com\/pl\/#website","url":"https:\/\/bozita.com\/pl\/","name":"Bozita Polska","description":"","potentialAction":[{"@type":"SearchAction","target":{"@type":"EntryPoint","urlTemplate":"https:\/\/bozita.com\/pl\/?s={search_term_string}"},"query-input":"required name=search_term_string"}],"inLanguage":"pl-PL"}]}},"_links":{"self":[{"href":"https:\/\/bozita.com\/pl\/wp-json\/wp\/v2\/pages\/6718"}],"collection":[{"href":"https:\/\/bozita.com\/pl\/wp-json\/wp\/v2\/pages"}],"about":[{"href":"https:\/\/bozita.com\/pl\/wp-json\/wp\/v2\/types\/page"}],"author":[{"embeddable":true,"href":"https:\/\/bozita.com\/pl\/wp-json\/wp\/v2\/users\/1"}],"replies":[{"embeddable":true,"href":"https:\/\/bozita.com\/pl\/wp-json\/wp\/v2\/comments?post=6718"}],"version-history":[{"count":8,"href":"https:\/\/bozita.com\/pl\/wp-json\/wp\/v2\/pages\/6718\/revisions"}],"predecessor-version":[{"id":9535,"href":"https:\/\/bozita.com\/pl\/wp-json\/wp\/v2\/pages\/6718\/revisions\/9535"}],"up":[{"embeddable":true,"href":"https:\/\/bozita.com\/pl\/wp-json\/wp\/v2\/pages\/6808"}],"wp:featuredmedia":[{"embeddable":true,"href":"https:\/\/bozita.com\/pl\/wp-json\/wp\/v2\/media\/6719"}],"wp:attachment":[{"href":"https:\/\/bozita.com\/pl\/wp-json\/wp\/v2\/media?parent=6718"}],"curies":[{"name":"wp","href":"https:\/\/api.w.org\/{rel}","templated":true}]}}