{"id":6721,"date":"2021-08-12T17:56:33","date_gmt":"2021-08-12T17:56:33","guid":{"rendered":"https:\/\/bozita.com\/pl\/uwazaj-na-zatrucia-grzybami-w-lasach\/"},"modified":"2022-09-29T07:16:31","modified_gmt":"2022-09-29T07:16:31","slug":"uwazaj-na-zatrucia-grzybami-w-lasach","status":"publish","type":"page","link":"https:\/\/bozita.com\/pl\/zycie-z-psem\/zdrowie-psa\/uwazaj-na-zatrucia-grzybami-w-lasach\/","title":{"rendered":"Uwa\u017caj na zatrucia grzybami"},"content":{"rendered":"\t\t<section class=\"small-hero\">\n\t\t\t<div class=\"container\">\n\t\t\t\t<h1 class=\"small-hero-title\">UWA\u017bAJ NA ZATRUCIA GRZYBAMI<\/h1>\t\t\t<\/div>\n\t\t\t<\/div>\n\t\t<\/section>\n\t\n\n\t<div class=\"text-box-warp\">\n\t\t<div class=\"container\">\n\t\t\t<div class=\"text-content\">\n\t\t\t\t<div class=\"article__introduction\">\n<p><strong>Wed\u0142ug szwedzkiego towarzystwa ubezpieczeniowego zwierz\u0105t Agria ka\u017cdego roku co najmniej 50 ps\u00f3w jest dotkni\u0119tych zatruciem grzybami. Objawy s\u0105 zazwyczaj \u0142agodne i kr\u00f3tkotrwa\u0142e, ale w niekt\u00f3rych przypadkach zatrucie mo\u017ce spowodowa\u0107 \u015bmier\u0107.<\/strong><\/p>\n<\/div>\n<div class=\"article__body\">\n<p>Nadchodzi jesie\u0144, opadaj\u0105ce li\u015bcie, cz\u0119sto ulewne deszcze oraz spadaj\u0105ca temperatura. Dni staj\u0105 si\u0119 kr\u00f3tsze i ch\u0142odniejsze, niekt\u00f3rzy zaszywaj\u0105 si\u0119 w domu, a inni wyruszaj\u0105 na poszukiwanie skarb\u00f3w w lesie. Zbieranie grzyb\u00f3w to okazja do wyj\u015bcia z domu, a jednocze\u015bnie do wyprowadzenia psa, kt\u00f3ry uwielbia bieganie pomi\u0119dzy drzewami. Nale\u017cy jednak zwraca\u0107 uwag\u0119 na psa przynajmniej tak samo, jak na grzyby.<\/p>\n<h2>PSY \u0141AKOMCZUCHY W STREFIE ZAGRO\u017bENIA<\/h2>\n<p>Co roku oko\u0142o 50 ps\u00f3w choruje z powodu zatrucia grzybami. Je\u017celi ma si\u0119 pecha, zatrucie mo\u017ce okaza\u0107 si\u0119 \u015bmiertelne. Je\u015bli jeste\u015b w\u0142a\u015bcicielem psa, kt\u00f3ry zjada wszystko po drodze, musisz by\u0107 szczeg\u00f3lnie uwa\u017cny. Czasami wystarczy, aby pies pow\u0105cha\u0142 lub poliza\u0142 grzyby, aby si\u0119 nimi zatru\u0107.<\/p>\n<h2>NIEKT\u00d3RE OBJAWY NIE S\u0104 NATYCHMIAST ZAUWA\u017bALNE<\/h2>\n<p>Najcz\u0119stsze objawy to zazwyczaj wymioty i biegunka. W niekt\u00f3rych przypadkach trudno jest w\u0142a\u015bciwie ustali\u0107, czy rzeczywi\u015bcie nast\u0105pi\u0142o zatrucie, poniewa\u017c pies mo\u017ce si\u0119 poczu\u0107 \u017ale dopiero po jakim\u015b czasie. Zas\u0142onak rudy &#8211;\u00a0<span class=\"st\">jest \u015bmiertelnie truj\u0105cym gatunkiem grzyb\u00f3w,\u00a0wyst\u0119puje<\/span>\u00a0nie tylko w Szwecji, po\u00a0zjedzeniu tego grzyba\u00a0objawy zatrucia mo\u017cna zauwa\u017cy\u0107 dopiero po kilku dniach. Grzyb ten zawiera \u015bmiertelnie nebezpieczn\u0105 toksyn\u0119 \u2013 kortynaryn\u0119 \u2013 kt\u00f3ra po przedostaniu si\u0119 do organizmu uszkadza nerki.<\/p>\n<h2>JAK NAJSZYBCIEJ DO WETERYNARZA<\/h2>\n<p>Je\u017celi podejrzewasz, \u017ce tw\u00f3j pies zjad\u0142 truj\u0105cego grzyba, powiniene\u015b natychmiast zabra\u0107 go do weterynarza. Je\u015bli wiesz, jaki to by\u0142 grzyb, dobrze jest zabra\u0107 ze sob\u0105 przyk\u0142adowy egzemplarz. Grzyby, kt\u00f3re s\u0105 truj\u0105ce dla ludzi, zazwyczaj s\u0105 r\u00f3wnie\u017c niebezpieczne dla ps\u00f3w.<\/p>\n<h2>NAJBARDZIEJ NIEBEZPIECZNE GRZYBY W POLSCE<\/h2>\n<p>Grzyby toksyczne dla w\u0105troby<strong><br \/>\n<\/strong><\/p>\n<ul>\n<li>Muchomor sromotnikowy<br \/>\nMuchomor wiosenny<\/li>\n<li>Muchomor zielonawy<\/li>\n<li>Grzyby z rodzaju Lepiota, np. sinoblaszek truj\u0105cy<\/li>\n<li>Grzyby z rodzaju Galerina, np. he\u0142m\u00f3wka<\/li>\n<li>Czubajeczka (Agaricaceae)<\/li>\n<\/ul>\n<p>Grzyby zawieraj\u0105ce hydrazyn\u0119 i jej pochodne<\/p>\n<ul>\n<li>Grzyby z rodziny kr\u0105\u017ckownicowych (Gyromitra)<\/li>\n<li>Grzyby z rodziny smardzowatych (Verpa)<\/li>\n<li>Grzyby z rodzaju piestrzycowatych (Helvella)<\/li>\n<\/ul>\n<p>Grzyby zawieraj\u0105ce muskaryny<\/p>\n<ul>\n<li>Grzyby z rodzaju strz\u0119piakowatych (Inocybe)<\/li>\n<li>Grzyby z rodzaju lej\u00f3wkowatych (Clitocybe)<\/li>\n<\/ul>\n<p>Muchomory<\/p>\n<ul>\n<li>Muchomor czerwony (Amanita muscaria)<\/li>\n<li>Muchomor plamisty (Amanita pantherina)<\/li>\n<\/ul>\n<\/div>\n\t\t\t<\/div>\n\t\t<\/div>\n\t<\/div>\n\n\n\n\t<section class=\"block related-articles\">\n\t\t<div class=\"container\">\n\t\t\t<h2>Artyku\u0142y powi\u0105zane<\/h2>\n\t\t\t<div class=\"row justify-content-center\">\n\t\t\t\t\t\t\t\t\t\t<div class=\"col-sm-6 col-md-6 col-lg-3\">\n\t\t\t\t\t\t\t\t\t\t\t\t\t\t<div class=\"card \">\n\t\t\t\t\t\t\t\t\t\t\t\t\t\t\t\t\t<img decoding=\"async\"  src=\"https:\/\/bozita.com\/pl\/wp-content\/uploads\/sites\/9\/2021\/08\/bozita-hund-vaccinera.jpeg\" alt=\"\">\n\t\t\t\t\t\t\t\t\t\t\t\t\t\t\t\t\t<!-- <img decoding=\"async\" src=\"\n\t\t\t\t\t\t\t\t\t\t\t\t\t\t\t\t\t\t\t\t\" alt=\"\n\t\t\t\t\t\t\t\t\t\t\t\t\t\t\t\t\t\t\t\t\t\t\t\t\t\t\t\"> -->\n\t\t\t\t\t\t\t\t<div class=\"card-body\">\n\t\t\t\t\t\t\t\t\t\t\t\t\t\t\t\t\t\t\t<h6>Szczepienia ps\u00f3w i szczeni\u0105t<\/h6>\n\t\t\t\t\t\t\t\t\t\t\t\t\t\t\t\t\t\t\t<a href=\"https:\/\/bozita.com\/pl\/zycie-z-psem\/zdrowie-psa\/szczepienie-psa\/\">Czytaj wi\u0119cej &nbsp; ><\/a>\n\t\t\t\t\t\t\t\t<\/div>\n\t\t\t\t\t\t\t<\/div>\n\t\t\t\t\t\t<\/div>\n\n\t\t\t\t\t\t\t\t\t\t\t\t<\/div>\n\t\t<\/div>\n\t<\/section>\n","protected":false},"excerpt":{"rendered":"","protected":false},"author":1,"featured_media":6722,"parent":6808,"menu_order":0,"comment_status":"closed","ping_status":"closed","template":"guternberg.php","meta":{"footnotes":""},"acf":[],"yoast_head":"<!-- This site is optimized with the Yoast SEO plugin v21.3 - https:\/\/yoast.com\/wordpress\/plugins\/seo\/ -->\n<title>Uwa\u017caj na zatrucia grzybami | Bozita Polska<\/title>\n<meta name=\"description\" content=\"Zbieranie grzyb\u00f3w to okazja do wyj\u015bcia z domu. Nale\u017cy jednak zwraca\u0107 uwag\u0119 na psa przynajmniej tak samo, jak na grzyby.\" \/>\n<meta name=\"robots\" content=\"index, follow, max-snippet:-1, max-image-preview:large, max-video-preview:-1\" \/>\n<link rel=\"canonical\" href=\"https:\/\/bozita.com\/pl\/zycie-z-psem\/zdrowie-psa\/uwazaj-na-zatrucia-grzybami-w-lasach\/\" \/>\n<meta property=\"og:locale\" content=\"pl_PL\" \/>\n<meta property=\"og:type\" content=\"article\" \/>\n<meta property=\"og:title\" content=\"Uwa\u017caj na zatrucia grzybami | Bozita Polska\" \/>\n<meta property=\"og:description\" content=\"Zbieranie grzyb\u00f3w to okazja do wyj\u015bcia z domu. Nale\u017cy jednak zwraca\u0107 uwag\u0119 na psa przynajmniej tak samo, jak na grzyby.\" \/>\n<meta property=\"og:url\" content=\"https:\/\/bozita.com\/pl\/zycie-z-psem\/zdrowie-psa\/uwazaj-na-zatrucia-grzybami-w-lasach\/\" \/>\n<meta property=\"og:site_name\" content=\"Bozita Polska\" \/>\n<meta property=\"article:modified_time\" content=\"2022-09-29T07:16:31+00:00\" \/>\n<meta property=\"og:image\" content=\"https:\/\/bozita.com\/pl\/wp-content\/uploads\/sites\/9\/2021\/08\/bozita-forgiftning-svamp-hund.jpeg\" \/>\n\t<meta property=\"og:image:width\" content=\"800\" \/>\n\t<meta property=\"og:image:height\" content=\"534\" \/>\n\t<meta property=\"og:image:type\" content=\"image\/jpeg\" \/>\n<meta name=\"twitter:card\" content=\"summary_large_image\" \/>\n<!-- \/ Yoast SEO plugin. -->","yoast_head_json":{"title":"Uwa\u017caj na zatrucia grzybami | Bozita Polska","description":"Zbieranie grzyb\u00f3w to okazja do wyj\u015bcia z domu. Nale\u017cy jednak zwraca\u0107 uwag\u0119 na psa przynajmniej tak samo, jak na grzyby.","robots":{"index":"index","follow":"follow","max-snippet":"max-snippet:-1","max-image-preview":"max-image-preview:large","max-video-preview":"max-video-preview:-1"},"canonical":"https:\/\/bozita.com\/pl\/zycie-z-psem\/zdrowie-psa\/uwazaj-na-zatrucia-grzybami-w-lasach\/","og_locale":"pl_PL","og_type":"article","og_title":"Uwa\u017caj na zatrucia grzybami | Bozita Polska","og_description":"Zbieranie grzyb\u00f3w to okazja do wyj\u015bcia z domu. Nale\u017cy jednak zwraca\u0107 uwag\u0119 na psa przynajmniej tak samo, jak na grzyby.","og_url":"https:\/\/bozita.com\/pl\/zycie-z-psem\/zdrowie-psa\/uwazaj-na-zatrucia-grzybami-w-lasach\/","og_site_name":"Bozita Polska","article_modified_time":"2022-09-29T07:16:31+00:00","og_image":[{"width":800,"height":534,"url":"https:\/\/bozita.com\/pl\/wp-content\/uploads\/sites\/9\/2021\/08\/bozita-forgiftning-svamp-hund.jpeg","type":"image\/jpeg"}],"twitter_card":"summary_large_image","schema":{"@context":"https:\/\/schema.org","@graph":[{"@type":"WebPage","@id":"https:\/\/bozita.com\/pl\/zycie-z-psem\/zdrowie-psa\/uwazaj-na-zatrucia-grzybami-w-lasach\/","url":"https:\/\/bozita.com\/pl\/zycie-z-psem\/zdrowie-psa\/uwazaj-na-zatrucia-grzybami-w-lasach\/","name":"Uwa\u017caj na zatrucia grzybami | Bozita Polska","isPartOf":{"@id":"https:\/\/bozita.com\/pl\/#website"},"datePublished":"2021-08-12T17:56:33+00:00","dateModified":"2022-09-29T07:16:31+00:00","description":"Zbieranie grzyb\u00f3w to okazja do wyj\u015bcia z domu. Nale\u017cy jednak zwraca\u0107 uwag\u0119 na psa przynajmniej tak samo, jak na grzyby.","breadcrumb":{"@id":"https:\/\/bozita.com\/pl\/zycie-z-psem\/zdrowie-psa\/uwazaj-na-zatrucia-grzybami-w-lasach\/#breadcrumb"},"inLanguage":"pl-PL","potentialAction":[{"@type":"ReadAction","target":["https:\/\/bozita.com\/pl\/zycie-z-psem\/zdrowie-psa\/uwazaj-na-zatrucia-grzybami-w-lasach\/"]}]},{"@type":"BreadcrumbList","@id":"https:\/\/bozita.com\/pl\/zycie-z-psem\/zdrowie-psa\/uwazaj-na-zatrucia-grzybami-w-lasach\/#breadcrumb","itemListElement":[{"@type":"ListItem","position":1,"name":"Home","item":"https:\/\/bozita.com\/pl\/"},{"@type":"ListItem","position":2,"name":"\u017bycie z psem","item":"https:\/\/bozita.com\/pl\/zycie-z-psem\/"},{"@type":"ListItem","position":3,"name":"Zdrowie psa","item":"https:\/\/bozita.com\/pl\/zycie-z-psem\/zdrowie-psa\/"},{"@type":"ListItem","position":4,"name":"Uwa\u017caj na zatrucia grzybami"}]},{"@type":"WebSite","@id":"https:\/\/bozita.com\/pl\/#website","url":"https:\/\/bozita.com\/pl\/","name":"Bozita Polska","description":"","potentialAction":[{"@type":"SearchAction","target":{"@type":"EntryPoint","urlTemplate":"https:\/\/bozita.com\/pl\/?s={search_term_string}"},"query-input":"required name=search_term_string"}],"inLanguage":"pl-PL"}]}},"_links":{"self":[{"href":"https:\/\/bozita.com\/pl\/wp-json\/wp\/v2\/pages\/6721"}],"collection":[{"href":"https:\/\/bozita.com\/pl\/wp-json\/wp\/v2\/pages"}],"about":[{"href":"https:\/\/bozita.com\/pl\/wp-json\/wp\/v2\/types\/page"}],"author":[{"embeddable":true,"href":"https:\/\/bozita.com\/pl\/wp-json\/wp\/v2\/users\/1"}],"replies":[{"embeddable":true,"href":"https:\/\/bozita.com\/pl\/wp-json\/wp\/v2\/comments?post=6721"}],"version-history":[{"count":7,"href":"https:\/\/bozita.com\/pl\/wp-json\/wp\/v2\/pages\/6721\/revisions"}],"predecessor-version":[{"id":9539,"href":"https:\/\/bozita.com\/pl\/wp-json\/wp\/v2\/pages\/6721\/revisions\/9539"}],"up":[{"embeddable":true,"href":"https:\/\/bozita.com\/pl\/wp-json\/wp\/v2\/pages\/6808"}],"wp:featuredmedia":[{"embeddable":true,"href":"https:\/\/bozita.com\/pl\/wp-json\/wp\/v2\/media\/6722"}],"wp:attachment":[{"href":"https:\/\/bozita.com\/pl\/wp-json\/wp\/v2\/media?parent=6721"}],"curies":[{"name":"wp","href":"https:\/\/api.w.org\/{rel}","templated":true}]}}